

{"id":10123,"date":"2022-05-28T15:06:18","date_gmt":"2022-05-28T15:06:18","guid":{"rendered":"https:\/\/sanremoguide.it\/markt-von-san-remo\/"},"modified":"2022-06-22T00:46:21","modified_gmt":"2022-06-22T00:46:21","slug":"markt-von-san-remo","status":"publish","type":"page","link":"https:\/\/sanremoguide.it\/de\/markt-von-san-remo\/","title":{"rendered":"Markt von San Remo"},"content":{"rendered":"<p>[et_pb_section fb_built=&#8221;1&#8243; fullwidth=&#8221;on&#8221; _builder_version=&#8221;4.17.4&#8243; _module_preset=&#8221;default&#8221; global_colors_info=&#8221;{}&#8221;][et_pb_fullwidth_slider _builder_version=&#8221;4.17.4&#8243; _module_preset=&#8221;default&#8221; background_image=&#8221;http:\/\/sanremoguide.it\/wp-content\/uploads\/2018\/09\/Luca_Lombardi_Sanremo_La_Primavera.jpg&#8221; global_colors_info=&#8221;{}&#8221;][et_pb_slide heading=&#8221;Markt von San Remo:&#8221; _builder_version=&#8221;4.17.4&#8243; _module_preset=&#8221;default&#8221; custom_button=&#8221;on&#8221; button_text_color=&#8221;#256b00&#8243; button_bg_color=&#8221;#f2b500&#8243; button_border_color=&#8221;#FFFFFF&#8221; button_icon=&#8221;&#x41;||divi||400&#8243; background_layout=&#8221;light&#8221; box_shadow_style_button=&#8221;preset1&#8243; global_colors_info=&#8221;{}&#8221; sticky_transition=&#8221;on&#8221;][\/et_pb_slide][\/et_pb_fullwidth_slider][\/et_pb_section][et_pb_section fb_built=&#8221;1&#8243; admin_label=&#8221;section&#8221; _builder_version=&#8221;4.16&#8243; global_colors_info=&#8221;{}&#8221;][et_pb_row admin_label=&#8221;row&#8221; _builder_version=&#8221;4.16&#8243; background_size=&#8221;initial&#8221; background_position=&#8221;top_left&#8221; background_repeat=&#8221;repeat&#8221; global_colors_info=&#8221;{}&#8221;][et_pb_column type=&#8221;4_4&#8243; _builder_version=&#8221;4.16&#8243; custom_padding=&#8221;|||&#8221; global_colors_info=&#8221;{}&#8221; custom_padding__hover=&#8221;|||&#8221;][et_pb_text _builder_version=&#8221;4.17.4&#8243; _module_preset=&#8221;default&#8221; global_colors_info=&#8221;{}&#8221;]<\/p>\n<h2>Markt von San Remo:<br \/>\nKleidung, Lederwaren, Haushaltsartikel<\/h2>\n<p>\u00d6FFNUNGSZEITEN<br \/>\nDienstag von 8.30 Uhr bis 13.30 Uhr.<br \/>\nSamstag von 6.00 bis 13.30 Uhr.<\/p>\n<h2>J\u00e4hrlicher Markt<br \/>\nObst, Gem\u00fcse, Lebensmittel, Fleisch und Fisch<\/h2>\n<p>\u00d6FFNUNGSZEITEN<br \/>\nMontags von 6.00 bis 13.30 Uhr.<br \/>\nDienstag von 6.00 bis 13.30 Uhr.<br \/>\nMittwoch von 6.00 bis 13.30 Uhr.<br \/>\nDonnerstag von 6.00 bis 13.30 Uhr.<br \/>\nFreitag von 6.00 bis 13.30 Uhr.<br \/>\nSamstag von 6.00 bis 13.30 Uhr.<br \/>\nSonntag und Feiertage(*) Geschlossen<\/p>\n<p>(*) Die wichtigsten italienischen Feiertage sind:<\/p>\n<p>1. Januar<br \/>\n6. Januar: Dreik\u00f6nigstag<br \/>\nOstern und Ostermontag<br \/>\n25. April: Tag der Befreiung<br \/>\n2. Juni: Tag der Republik<br \/>\n15. August: Himmelfahrt der Heiligen Jungfrau (Ferragosto)<br \/>\n1. November: Allerheiligen<br \/>\n8. Dezember: Unbefleckte Empf\u00e4ngnis<br \/>\n25. Dezember: Weihnachten<br \/>\n26. Dezember: Boxing Day[\/et_pb_text][et_pb_text _builder_version=&#8221;4.17.4&#8243; _module_preset=&#8221;default&#8221; hover_enabled=&#8221;0&#8243; global_colors_info=&#8221;{}&#8221; sticky_enabled=&#8221;0&#8243;]\n\n\t\t\t\t<div id=\"map_ol3js_1\" class=\"map undefined\" data-map_name=\"undefined\" data-map=\"map_ol3js_1\" style=\"width:100%; max-width:100%; height:450px; display:block; overflow:hidden;border:2px solid grey;\" >\n\t\t\t\t  <div id=\"map_ol3js_1_popup\" class=\"ol-popup\" >\n\t\t\t\t\t<a href=\"#\" id=\"map_ol3js_1_popup-closer\" class=\"ol-popup-closer\"><\/a>\n\t\t\t\t\t<div id=\"map_ol3js_1_popup-content\" ><\/div>\n\t\t\t\t  <\/div>\n\t\t\t\t<\/div>\n\t\t\t\n\n\t\t\t\t<script type=\"text\/javascript\">\n\t\t\t\t\ttranslations['openlayer'] = \"open layer\";\n\t\t\t\t\ttranslations['openlayerAtStartup'] = \"open layer at startup\";\n\t\t\t\t\ttranslations['generateLink'] = \"Der Link zur Karte mit ausgew\u00e4hlten Overlays und angezeigtem Ausschnitt\";\n\t\t\t\t\ttranslations['shortDescription'] = \"Kurzbeschreibung\";\n\t\t\t\t\ttranslations['generatedShortCode'] = \"to get a text control link paste this code in your wordpress editor\";\n\t\t\t\t\ttranslations['closeLayer'] = \"close layer\";\n\t\t\t\t\ttranslations['cantGenerateLink'] = \"put this string in the existing map short code to control this map\";\n\t\t\t  <\/script>\n\n\n\t\t\t  <script type=\"text\/javascript\">\n\t\t\t  vectorM['map_ol3js_1'] = [];\n\t        \n        var raster = getTileLayer(\"osm\",\"NoKey\");\t\t\t\n\n\t\t\t  var map_ol3js_1 = new ol.Map({\n\t\t\t\tinteractions: ol.interaction.defaults.defaults({mouseWheelZoom:false}),\n\t\t\t\tlayers: [raster],\n\t\t\t\ttarget: \"map_ol3js_1\",\n\t\t\t\tview: new ol.View({\n\t\t\t\t  center: ol.proj.transform([6.378,58.213], \"EPSG:4326\", \"EPSG:3857\"),\n\t\t\t\t  zoom: 16\n\t\t\t\t})\n\t\t\t  });\n\t\t\t  \n    var style0 = {\n      \"Point\": [new ol.style.Style({\n\n          image: new ol.style.Icon({\n            anchor: [0.5, 41],\n            anchorXUnits: \"fraction\",\n            anchorYUnits: \"pixels\",\n            opacity: 0.75,\n            src: \"https:\/\/sanremoguide.it\/wp-content\/plugins\/osm\/icons\/mic_blue_pinother_02.png\"\n          })\n      })],\n\n      \"LineString\": [new ol.style.Style({\n        stroke: new ol.style.Stroke({\n          color: \"none\",\n          width: 8\n        })\n      })],\n      \"MultiLineString\": [new ol.style.Style({\n        stroke: new ol.style.Stroke({\n          color: \"none\",\n          width: 4\n        })\n      })]\n    };\n\t\t  vectorL0 = new ol.layer.Vector({\n\n\t\t\tsource: new ol.source.Vector({\n\t\t  url:\"https:\/\/sanremoguide.it\/uploads\/kml\/maps-mercato-di-sanremo.kml\",\n\t\t\t  format: new ol.format.KML({ showPointNames: false})\n\t\t\t}),\n         zIndex: 92\n\t\t  });map_ol3js_1.addLayer(vectorL0);\n      var extension1 = ol.extent.createEmpty();\n      var curZoom1 = map_ol3js_1.getView().getZoom();\n\n      map_ol3js_1.getLayers().forEach(function(layer){\n         if(!layer.get(\"id\")) {     \n            layer.once(\"change\", function(e){\n               ol.extent.extend(extension1, (layer.getSource().getExtent()));\n               map_ol3js_1.getView().fit(extension1, {padding: [50, 50, 50, 50],maxZoom: 16});\n            });\n         }\n      });\n\n    \naddControls2Map(map_ol3js_1,0,0,3,0,5,6,7,0,1);\nosm_addPopupClickhandler(map_ol3js_1,  \"map_ol3js_1\"); \nosm_addMouseHover(map_ol3js_1); <\/script>[\/et_pb_text][\/et_pb_column][\/et_pb_row][\/et_pb_section][et_pb_section fb_built=&#8221;1&#8243; fullwidth=&#8221;on&#8221; _builder_version=&#8221;4.17.4&#8243; _module_preset=&#8221;default&#8221; global_module=&#8221;12524&#8243; saved_tabs=&#8221;all&#8221; locked=&#8221;off&#8221; collapsed=&#8221;off&#8221; global_colors_info=&#8221;{}&#8221;][et_pb_fullwidth_slider _builder_version=&#8221;4.17.4&#8243; _module_preset=&#8221;default&#8221; global_colors_info=&#8221;{}&#8221;][et_pb_slide heading=&#8221;TAGESAUSFL\u00dcGE UND ERFAHRUNGEN IN SANREMO UND RIVIERA&#8221; button_text=&#8221;PROSPEKT ANFRAGE&#8221; button_link=&#8221;https:\/\/sanremoguide.it\/de\/kon\/&#8221; image=&#8221;http:\/\/sanremoguide.it\/wp-content\/uploads\/2022\/06\/itouriviera.png&#8221; _builder_version=&#8221;4.17.4&#8243; _module_preset=&#8221;default&#8221; background_image=&#8221;http:\/\/sanremoguide.it\/wp-content\/uploads\/2018\/07\/luca-lombardi-sanremo_bn.jpg&#8221; background_enable_image=&#8221;on&#8221; custom_button=&#8221;on&#8221; button_bg_color=&#8221;#E09900&#8243; button_border_width=&#8221;1px&#8221; button_border_color=&#8221;#FFFFFF&#8221; global_colors_info=&#8221;{}&#8221; sticky_transition=&#8221;on&#8221;][\/et_pb_slide][\/et_pb_fullwidth_slider][\/et_pb_section]<\/p>\n","protected":false},"excerpt":{"rendered":"<p>Markt von San Remo: Kleidung, Lederwaren, Haushaltsartikel \u00d6FFNUNGSZEITEN Dienstag von 8.30 Uhr bis 13.30 Uhr. Samstag von 6.00 bis 13.30 Uhr. J\u00e4hrlicher Markt Obst, Gem\u00fcse, Lebensmittel, Fleisch und Fisch \u00d6FFNUNGSZEITEN Montags von 6.00 bis 13.30 Uhr. Dienstag von 6.00 bis 13.30 Uhr. Mittwoch von 6.00 bis 13.30 Uhr. Donnerstag von 6.00 bis 13.30 Uhr. Freitag [&hellip;]<\/p>\n","protected":false},"author":1,"featured_media":0,"parent":0,"menu_order":0,"comment_status":"closed","ping_status":"open","template":"","meta":{"_et_pb_use_builder":"on","_et_pb_old_content":"","_et_gb_content_width":""},"yoast_head":"<!-- This site is optimized with the Yoast SEO plugin v21.8.1 - https:\/\/yoast.com\/wordpress\/plugins\/seo\/ -->\n<title>Markt von San Remo - SANREMO GUIDE | la guida turistica di Sanremo<\/title>\n<meta name=\"robots\" content=\"index, follow, max-snippet:-1, max-image-preview:large, max-video-preview:-1\" \/>\n<link rel=\"canonical\" href=\"https:\/\/sanremoguide.it\/de\/markt-von-san-remo\/\" \/>\n<meta property=\"og:locale\" content=\"de_DE\" \/>\n<meta property=\"og:type\" content=\"article\" \/>\n<meta property=\"og:title\" content=\"Markt von San Remo - SANREMO GUIDE | la guida turistica di Sanremo\" \/>\n<meta property=\"og:description\" content=\"Markt von San Remo: Kleidung, Lederwaren, Haushaltsartikel \u00d6FFNUNGSZEITEN Dienstag von 8.30 Uhr bis 13.30 Uhr. Samstag von 6.00 bis 13.30 Uhr. J\u00e4hrlicher Markt Obst, Gem\u00fcse, Lebensmittel, Fleisch und Fisch \u00d6FFNUNGSZEITEN Montags von 6.00 bis 13.30 Uhr. Dienstag von 6.00 bis 13.30 Uhr. Mittwoch von 6.00 bis 13.30 Uhr. Donnerstag von 6.00 bis 13.30 Uhr. Freitag [&hellip;]\" \/>\n<meta property=\"og:url\" content=\"https:\/\/sanremoguide.it\/de\/markt-von-san-remo\/\" \/>\n<meta property=\"og:site_name\" content=\"SANREMO GUIDE | la guida turistica di Sanremo\" \/>\n<meta property=\"article:modified_time\" content=\"2022-06-22T00:46:21+00:00\" \/>\n<meta name=\"twitter:label1\" content=\"Gesch\u00e4tzte Lesezeit\" \/>\n\t<meta name=\"twitter:data1\" content=\"2\u00a0Minuten\" \/>\n<script type=\"application\/ld+json\" class=\"yoast-schema-graph\">{\"@context\":\"https:\/\/schema.org\",\"@graph\":[{\"@type\":\"WebPage\",\"@id\":\"https:\/\/sanremoguide.it\/de\/markt-von-san-remo\/\",\"url\":\"https:\/\/sanremoguide.it\/de\/markt-von-san-remo\/\",\"name\":\"Markt von San Remo - SANREMO GUIDE | la guida turistica di Sanremo\",\"isPartOf\":{\"@id\":\"https:\/\/sanremoguide.it\/#website\"},\"datePublished\":\"2022-05-28T15:06:18+00:00\",\"dateModified\":\"2022-06-22T00:46:21+00:00\",\"breadcrumb\":{\"@id\":\"https:\/\/sanremoguide.it\/de\/markt-von-san-remo\/#breadcrumb\"},\"inLanguage\":\"de\",\"potentialAction\":[{\"@type\":\"ReadAction\",\"target\":[\"https:\/\/sanremoguide.it\/de\/markt-von-san-remo\/\"]}]},{\"@type\":\"BreadcrumbList\",\"@id\":\"https:\/\/sanremoguide.it\/de\/markt-von-san-remo\/#breadcrumb\",\"itemListElement\":[{\"@type\":\"ListItem\",\"position\":1,\"name\":\"Home\",\"item\":\"https:\/\/sanremoguide.it\/\"},{\"@type\":\"ListItem\",\"position\":2,\"name\":\"Markt von San Remo\"}]},{\"@type\":\"WebSite\",\"@id\":\"https:\/\/sanremoguide.it\/#website\",\"url\":\"https:\/\/sanremoguide.it\/\",\"name\":\"SANREMO GUIDE | la guida turistica di Sanremo\",\"description\":\"la guida turistica della citt\u00e0 di Sanremo\",\"potentialAction\":[{\"@type\":\"SearchAction\",\"target\":{\"@type\":\"EntryPoint\",\"urlTemplate\":\"https:\/\/sanremoguide.it\/?s={search_term_string}\"},\"query-input\":\"required name=search_term_string\"}],\"inLanguage\":\"de\"}]}<\/script>\n<!-- \/ Yoast SEO plugin. -->","yoast_head_json":{"title":"Markt von San Remo - SANREMO GUIDE | la guida turistica di Sanremo","robots":{"index":"index","follow":"follow","max-snippet":"max-snippet:-1","max-image-preview":"max-image-preview:large","max-video-preview":"max-video-preview:-1"},"canonical":"https:\/\/sanremoguide.it\/de\/markt-von-san-remo\/","og_locale":"de_DE","og_type":"article","og_title":"Markt von San Remo - SANREMO GUIDE | la guida turistica di Sanremo","og_description":"Markt von San Remo: Kleidung, Lederwaren, Haushaltsartikel \u00d6FFNUNGSZEITEN Dienstag von 8.30 Uhr bis 13.30 Uhr. Samstag von 6.00 bis 13.30 Uhr. J\u00e4hrlicher Markt Obst, Gem\u00fcse, Lebensmittel, Fleisch und Fisch \u00d6FFNUNGSZEITEN Montags von 6.00 bis 13.30 Uhr. Dienstag von 6.00 bis 13.30 Uhr. Mittwoch von 6.00 bis 13.30 Uhr. Donnerstag von 6.00 bis 13.30 Uhr. Freitag [&hellip;]","og_url":"https:\/\/sanremoguide.it\/de\/markt-von-san-remo\/","og_site_name":"SANREMO GUIDE | la guida turistica di Sanremo","article_modified_time":"2022-06-22T00:46:21+00:00","twitter_misc":{"Gesch\u00e4tzte Lesezeit":"2\u00a0Minuten"},"schema":{"@context":"https:\/\/schema.org","@graph":[{"@type":"WebPage","@id":"https:\/\/sanremoguide.it\/de\/markt-von-san-remo\/","url":"https:\/\/sanremoguide.it\/de\/markt-von-san-remo\/","name":"Markt von San Remo - SANREMO GUIDE | la guida turistica di Sanremo","isPartOf":{"@id":"https:\/\/sanremoguide.it\/#website"},"datePublished":"2022-05-28T15:06:18+00:00","dateModified":"2022-06-22T00:46:21+00:00","breadcrumb":{"@id":"https:\/\/sanremoguide.it\/de\/markt-von-san-remo\/#breadcrumb"},"inLanguage":"de","potentialAction":[{"@type":"ReadAction","target":["https:\/\/sanremoguide.it\/de\/markt-von-san-remo\/"]}]},{"@type":"BreadcrumbList","@id":"https:\/\/sanremoguide.it\/de\/markt-von-san-remo\/#breadcrumb","itemListElement":[{"@type":"ListItem","position":1,"name":"Home","item":"https:\/\/sanremoguide.it\/"},{"@type":"ListItem","position":2,"name":"Markt von San Remo"}]},{"@type":"WebSite","@id":"https:\/\/sanremoguide.it\/#website","url":"https:\/\/sanremoguide.it\/","name":"SANREMO GUIDE | la guida turistica di Sanremo","description":"la guida turistica della citt\u00e0 di Sanremo","potentialAction":[{"@type":"SearchAction","target":{"@type":"EntryPoint","urlTemplate":"https:\/\/sanremoguide.it\/?s={search_term_string}"},"query-input":"required name=search_term_string"}],"inLanguage":"de"}]}},"_links":{"self":[{"href":"https:\/\/sanremoguide.it\/de\/wp-json\/wp\/v2\/pages\/10123"}],"collection":[{"href":"https:\/\/sanremoguide.it\/de\/wp-json\/wp\/v2\/pages"}],"about":[{"href":"https:\/\/sanremoguide.it\/de\/wp-json\/wp\/v2\/types\/page"}],"author":[{"embeddable":true,"href":"https:\/\/sanremoguide.it\/de\/wp-json\/wp\/v2\/users\/1"}],"replies":[{"embeddable":true,"href":"https:\/\/sanremoguide.it\/de\/wp-json\/wp\/v2\/comments?post=10123"}],"version-history":[{"count":5,"href":"https:\/\/sanremoguide.it\/de\/wp-json\/wp\/v2\/pages\/10123\/revisions"}],"predecessor-version":[{"id":13714,"href":"https:\/\/sanremoguide.it\/de\/wp-json\/wp\/v2\/pages\/10123\/revisions\/13714"}],"wp:attachment":[{"href":"https:\/\/sanremoguide.it\/de\/wp-json\/wp\/v2\/media?parent=10123"}],"curies":[{"name":"wp","href":"https:\/\/api.w.org\/{rel}","templated":true}]}}