{"id":108,"date":"2012-02-07T14:44:01","date_gmt":"2012-02-07T14:44:01","guid":{"rendered":"http:\/\/sanremoguide.conteadinizza.it\/wordpress\/?page_id=108"},"modified":"2022-06-17T17:20:18","modified_gmt":"2022-06-17T17:20:18","slug":"barock-san-remo","status":"publish","type":"page","link":"https:\/\/sanremoguide.it\/de\/die-stadt-san-remo\/kunst-und-kultur\/barock-san-remo\/","title":{"rendered":"Barock San Remo"},"content":{"rendered":"<p>[et_pb_section fb_built=&#8220;1&#8243; fullwidth=&#8220;on&#8220; _builder_version=&#8220;4.17.4&#8243; _module_preset=&#8220;default&#8220; locked=&#8220;off&#8220; global_colors_info=&#8220;{}&#8220;][et_pb_fullwidth_slider _builder_version=&#8220;4.17.4&#8243; _module_preset=&#8220;default&#8220; background_image=&#8220;https:\/\/sanremoguide.it\/wp-content\/uploads\/2018\/09\/Luca_Lombardi_Sanremo_La_Primavera.jpg&#8220; global_colors_info=&#8220;{}&#8220;][et_pb_slide heading=&#8220;Barock San Remo&#8220; _builder_version=&#8220;4.17.4&#8243; _module_preset=&#8220;default&#8220; custom_button=&#8220;on&#8220; button_text_color=&#8220;#256b00&#8243; button_bg_color=&#8220;#f2b500&#8243; button_border_color=&#8220;#FFFFFF&#8220; button_icon=&#8220;&#x41;||divi||400&#8243; text_orientation=&#8220;center&#8220; background_layout=&#8220;light&#8220; box_shadow_style_button=&#8220;preset1&#8243; text_shadow_style=&#8220;preset3&#8243; global_colors_info=&#8220;{}&#8220; sticky_transition=&#8220;on&#8220;][\/et_pb_slide][\/et_pb_fullwidth_slider][\/et_pb_section][et_pb_section fb_built=&#8220;1&#8243; admin_label=&#8220;section&#8220; _builder_version=&#8220;4.16&#8243; global_colors_info=&#8220;{}&#8220;][et_pb_row admin_label=&#8220;row&#8220; _builder_version=&#8220;4.16&#8243; background_size=&#8220;initial&#8220; background_position=&#8220;top_left&#8220; background_repeat=&#8220;repeat&#8220; global_colors_info=&#8220;{}&#8220;][et_pb_column type=&#8220;4_4&#8243; _builder_version=&#8220;4.16&#8243; custom_padding=&#8220;|||&#8220; global_colors_info=&#8220;{}&#8220; custom_padding__hover=&#8220;|||&#8220;][et_pb_text admin_label=&#8220;Text&#8220; _builder_version=&#8220;4.16&#8243; background_size=&#8220;initial&#8220; background_position=&#8220;top_left&#8220; background_repeat=&#8220;repeat&#8220; global_colors_info=&#8220;{}&#8220;]<img decoding=\"async\" class=\"aligncenter\" src=\"https:\/\/www.sanremoguide.it\/uploads\/SanRemo_MadonnadellaCosta_350x200.jpg\" alt=\"&lt;b&gt;Il Santuario della Madonna della Costa a Sanremo&lt;\/b&gt; - Foto APT RdF\" \/><\/p>\n<p>San Remo, Blumenstadt und Heimat m\u00e4rchenhafter barocker Zeugnisse: meisterhafte Bauwerke repr\u00e4sentieren den reichsten und extravagantesten Stil der europ\u00e4ischen Architektur.<\/p>\n<p>Werfen wir einen Blick auf die barocken Juwele San Remo, wie die Kirche Santo Stefano, die Kirche Santa Maria degli Angeli, das Heiligtum der Madonna della Costa, Palazzo Borea, die Kirche San Giuseppe, das Oratorium Santa Brigida und das Oratorium San Sebastiano.<\/p>\n<p>Die\u00a0<strong>Kirche Santo Stefano\u00a0<\/strong>erhebt sich auf der piazza Cassini. Im Mittelalter erbaut wurde sie im 17. Jahrhundert grundlegend renoviert; das Bauwerk hat einen rechteckigen Grundriss und besteht im Innern aus Kapellen und einem Chorraum. 1624 wurde die Kirche Besitz der Jesuiten, die nach San Remo gekommen waren um hier ein Kollegium zu gr\u00fcnden.<\/p>\n<p>Geht man die via Palazzo in Richtung piazza Colombo lang, kommt man zu der Kirche Santa Maria degli Angeli. Das Geb\u00e4ude ist mit H\u00e4usern aus dem 19. Jahrhundert und der Nachkriegszeit umgeben. Die Kirche steht im Kontrast zu den ansonsten modernen Bauten. Ihre Fassade ist reich mit Stuck verziert, w\u00e4hrend die drei T\u00fcren durch Pilaster voneinander getrennt sind. An dem Hauptteil der Fassade kann man ein gro\u00dfes Rosenfenster bewundern. Im Innern finden sich drei Kirchenschiffe, an deren Seiten viele private Kapellen eingerichtet sind. Unter den hier zu sehenden Werken sind besonders die Kapellen Santi Nicola di Bari und Antonia da Padova sehenswert. Das Altarbild stellt diese beiden Heiligen in Gesellschaft der Heiligen Maria mit dem Jesuskind dar und den Heiligen Franziskus von Assisi, der ein Kruzifix bewundert.<\/p>\n<p>San Remo wird von dem\u00a0<strong>Heiligtum der Madonna della Costa<\/strong>\u00a0\u00fcberragt. Man erreicht das Heiligtum nach einem kurzen Aufstieg auf die Spitze des H\u00fcgels. Die Fassade des Geb\u00e4udes wird durch zwei Glockent\u00fcrme gepr\u00e4gt. In der Mitte zwischen den T\u00fcrmen findet sich ein gro\u00dfes, mit Stuck eingerahmtes Fenster.<\/p>\n<p>Tritt man durch das marmorne Portal in die Kirche ein, er\u00f6ffnet sich einem ein gro\u00dfes Kirchenschiff, von dem zahlreiche Seitenkapellen abgehen. \u00dcber einem erstreckt sich eine enorme Kuppel, mit weiten Fenstern, Fresken und reicher Stuckdekoration. Vergoldeter Stuck, Fresken aus warmen Farben, wertvolle Gem\u00e4lde und bunter Marmor bilden den Rahmen zu dem, was den wirklichen Schatz des Heiligtums darstellt: ein \u00d6lgem\u00e4lde der Madonna mit Kind, das aus dem 14. Jahrhundert stammt.<\/p>\n<p><strong>Palazzo Borea\u00a0<\/strong>liegt im Herzen San Remos. Eine Seite der Fassade geht zu der Einkaufsmeile corso Matteotti raus, die andere wendet sich via Cavour zu. Einer der interessantesten Abschnitte des Geb\u00e4udes ist ohne Zweifel die Eingangshalle mit ihren marmornen S\u00e4ulen und Fresken im Dachgew\u00f6lbe.<\/p>\n<p>Man sollte sich nicht von der Schlichtheit des Erdgeschosses t\u00e4uschen lassen. Dieses ist absichtlich nicht mit Ornamenten dekoriert. In den oberen Teilen des Hauses st\u00f6\u00dft man wieder auf eine reiche Dekoration und Gem\u00e4lde. Eben hier im oberen Stockwerk befindet sich auch das Stadtmuseum und eine Gem\u00e4ldegalerie. In der kleinen Kapelle, die in der zweiten Etage liegt, kann man einen Marmoraltar mit einer Statue der Jungfrau Maria bewundern, vermutlich das Werk Ponsonellis.<\/p>\n<p>In der Empfangshalle \u2013 mit azurblau gestalteter Decke \u2013 \u00f6ffnen sich einige Zimmer, die alle durch kleine T\u00fcren miteinander verbunden sind. Hier sticht jenes hervor, das als Quartier f\u00fcr Papst Pius VII diente, als er sich auf dem Weg von Frankreich zur\u00fcck nach Rom befand. Die Decke ist mit dem Bildnis des Flugs von Putten (Knaben mit Fl\u00fcgeln) gestaltet, die im Himmel Fangen zu spielen scheinen. Letztendlich ist noch der gro\u00dfe Saal mit einer Serie von Familienportr\u00e4ts einen Besuch wert.[\/et_pb_text][\/et_pb_column][\/et_pb_row][\/et_pb_section][et_pb_section fb_built=&#8220;1&#8243; fullwidth=&#8220;on&#8220; _builder_version=&#8220;4.17.4&#8243; _module_preset=&#8220;default&#8220; global_module=&#8220;12524&#8243; saved_tabs=&#8220;all&#8220; locked=&#8220;off&#8220; collapsed=&#8220;off&#8220; global_colors_info=&#8220;{}&#8220;][et_pb_fullwidth_slider _builder_version=&#8220;4.17.4&#8243; _module_preset=&#8220;default&#8220; global_colors_info=&#8220;{}&#8220;][et_pb_slide heading=&#8220;ESCURSIONI ED EXPERIENCE A SANREMO E IN RIVIERA&#8220; button_text=&#8220;RICHIEDI IL CATALOGO&#8220; button_link=&#8220;https:\/\/sanremoguide.it\/contatti&#8220; image=&#8220;https:\/\/sanremoguide.it\/wp-content\/uploads\/2022\/06\/itouriviera.png&#8220; _builder_version=&#8220;4.17.4&#8243; _module_preset=&#8220;default&#8220; background_image=&#8220;https:\/\/sanremoguide.it\/wp-content\/uploads\/2018\/07\/luca-lombardi-sanremo_bn.jpg&#8220; background_enable_image=&#8220;on&#8220; custom_button=&#8220;on&#8220; button_bg_color=&#8220;#E09900&#8243; button_border_width=&#8220;1px&#8220; button_border_color=&#8220;#FFFFFF&#8220; global_colors_info=&#8220;{}&#8220; sticky_transition=&#8220;on&#8220;][\/et_pb_slide][\/et_pb_fullwidth_slider][\/et_pb_section]<\/p>\n","protected":false},"excerpt":{"rendered":"<p>San Remo, Blumenstadt und Heimat m\u00e4rchenhafter barocker Zeugnisse: meisterhafte Bauwerke repr\u00e4sentieren den reichsten und extravagantesten Stil der europ\u00e4ischen Architektur. Werfen wir einen Blick auf die barocken Juwele San Remo, wie die Kirche Santo Stefano, die Kirche Santa Maria degli Angeli, das Heiligtum der Madonna della Costa, Palazzo Borea, die Kirche San Giuseppe, das Oratorium Santa [&hellip;]<\/p>\n","protected":false},"author":1,"featured_media":0,"parent":68,"menu_order":0,"comment_status":"closed","ping_status":"closed","template":"","meta":{"_et_pb_use_builder":"on","_et_pb_old_content":"<img class=\"aligncenter\" src=\"https:\/\/www.sanremoguide.it\/uploads\/SanRemo_MadonnadellaCosta_350x200.jpg\" alt=\"<b>Il Santuario della Madonna della Costa a Sanremo<\/b> - Foto APT RdF\" \/>\r\n\r\nSan Remo, Blumenstadt und Heimat m\u00e4rchenhafter barocker Zeugnisse: meisterhafte Bauwerke repr\u00e4sentieren den reichsten und extravagantesten Stil der europ\u00e4ischen Architektur.\r\n\r\nWerfen wir einen Blick auf die barocken Juwele San Remo, wie die Kirche Santo Stefano, die Kirche Santa Maria degli Angeli, das Heiligtum der Madonna della Costa, Palazzo Borea, die Kirche San Giuseppe, das Oratorium Santa Brigida und das Oratorium San Sebastiano.\r\n\r\nDie\u00a0<strong>Kirche Santo Stefano\u00a0<\/strong>erhebt sich auf der piazza Cassini. Im Mittelalter erbaut wurde sie im 17. Jahrhundert grundlegend renoviert; das Bauwerk hat einen rechteckigen Grundriss und besteht im Innern aus Kapellen und einem Chorraum. 1624 wurde die Kirche Besitz der Jesuiten, die nach San Remo gekommen waren um hier ein Kollegium zu gr\u00fcnden.\r\n\r\nGeht man die via Palazzo in Richtung piazza Colombo lang, kommt man zu der Kirche Santa Maria degli Angeli. Das Geb\u00e4ude ist mit H\u00e4usern aus dem 19. Jahrhundert und der Nachkriegszeit umgeben. Die Kirche steht im Kontrast zu den ansonsten modernen Bauten. Ihre Fassade ist reich mit Stuck verziert, w\u00e4hrend die drei T\u00fcren durch Pilaster voneinander getrennt sind. An dem Hauptteil der Fassade kann man ein gro\u00dfes Rosenfenster bewundern. Im Innern finden sich drei Kirchenschiffe, an deren Seiten viele private Kapellen eingerichtet sind. Unter den hier zu sehenden Werken sind besonders die Kapellen Santi Nicola di Bari und Antonia da Padova sehenswert. Das Altarbild stellt diese beiden Heiligen in Gesellschaft der Heiligen Maria mit dem Jesuskind dar und den Heiligen Franziskus von Assisi, der ein Kruzifix bewundert.\r\n\r\nSan Remo wird von dem\u00a0<strong>Heiligtum der Madonna della Costa<\/strong>\u00a0\u00fcberragt. Man erreicht das Heiligtum nach einem kurzen Aufstieg auf die Spitze des H\u00fcgels. Die Fassade des Geb\u00e4udes wird durch zwei Glockent\u00fcrme gepr\u00e4gt. In der Mitte zwischen den T\u00fcrmen findet sich ein gro\u00dfes, mit Stuck eingerahmtes Fenster.\r\n\r\nTritt man durch das marmorne Portal in die Kirche ein, er\u00f6ffnet sich einem ein gro\u00dfes Kirchenschiff, von dem zahlreiche Seitenkapellen abgehen. \u00dcber einem erstreckt sich eine enorme Kuppel, mit weiten Fenstern, Fresken und reicher Stuckdekoration. Vergoldeter Stuck, Fresken aus warmen Farben, wertvolle Gem\u00e4lde und bunter Marmor bilden den Rahmen zu dem, was den wirklichen Schatz des Heiligtums darstellt: ein \u00d6lgem\u00e4lde der Madonna mit Kind, das aus dem 14. Jahrhundert stammt.\r\n\r\n<strong>Palazzo Borea\u00a0<\/strong>liegt im Herzen San Remos. Eine Seite der Fassade geht zu der Einkaufsmeile corso Matteotti raus, die andere wendet sich via Cavour zu. Einer der interessantesten Abschnitte des Geb\u00e4udes ist ohne Zweifel die Eingangshalle mit ihren marmornen S\u00e4ulen und Fresken im Dachgew\u00f6lbe.\r\n\r\nMan sollte sich nicht von der Schlichtheit des Erdgeschosses t\u00e4uschen lassen. Dieses ist absichtlich nicht mit Ornamenten dekoriert. In den oberen Teilen des Hauses st\u00f6\u00dft man wieder auf eine reiche Dekoration und Gem\u00e4lde. Eben hier im oberen Stockwerk befindet sich auch das Stadtmuseum und eine Gem\u00e4ldegalerie. In der kleinen Kapelle, die in der zweiten Etage liegt, kann man einen Marmoraltar mit einer Statue der Jungfrau Maria bewundern, vermutlich das Werk Ponsonellis.\r\n\r\nIn der Empfangshalle \u2013 mit azurblau gestalteter Decke \u2013 \u00f6ffnen sich einige Zimmer, die alle durch kleine T\u00fcren miteinander verbunden sind. Hier sticht jenes hervor, das als Quartier f\u00fcr Papst Pius VII diente, als er sich auf dem Weg von Frankreich zur\u00fcck nach Rom befand. Die Decke ist mit dem Bildnis des Flugs von Putten (Knaben mit Fl\u00fcgeln) gestaltet, die im Himmel Fangen zu spielen scheinen. Letztendlich ist noch der gro\u00dfe Saal mit einer Serie von Familienportr\u00e4ts einen Besuch wert.","_et_gb_content_width":"","footnotes":""},"class_list":["post-108","page","type-page","status-publish","hentry"],"yoast_head":"<!-- This site is optimized with the Yoast SEO plugin v27.5 - https:\/\/yoast.com\/product\/yoast-seo-wordpress\/ -->\n<title>San Remo Guide :: der F\u00fchrer durch die Stadt San Remo Italien und Blumenriviera<\/title>\n<meta name=\"description\" content=\"&quot;Das F\u00fchrer der Stadt San Remo, Italien. Online buchung f\u00fcr Hotels, Residence, Tour-Packet in San Remo und Blumenriviera.&quot;\" \/>\n<meta name=\"robots\" content=\"index, follow, max-snippet:-1, max-image-preview:large, max-video-preview:-1\" \/>\n<link rel=\"canonical\" href=\"https:\/\/sanremoguide.it\/de\/die-stadt-san-remo\/kunst-und-kultur\/barock-san-remo\/\" \/>\n<meta property=\"og:locale\" content=\"de_DE\" \/>\n<meta property=\"og:type\" content=\"article\" \/>\n<meta property=\"og:title\" content=\"San Remo Guide :: der F\u00fchrer durch die Stadt San Remo Italien und Blumenriviera\" \/>\n<meta property=\"og:description\" content=\"&quot;Das F\u00fchrer der Stadt San Remo, Italien. Online buchung f\u00fcr Hotels, Residence, Tour-Packet in San Remo und Blumenriviera.&quot;\" \/>\n<meta property=\"og:url\" content=\"https:\/\/sanremoguide.it\/de\/die-stadt-san-remo\/kunst-und-kultur\/barock-san-remo\/\" \/>\n<meta property=\"og:site_name\" content=\"SANREMO GUIDE | la guida turistica di Sanremo\" \/>\n<meta property=\"article:modified_time\" content=\"2022-06-17T17:20:18+00:00\" \/>\n<meta property=\"og:image\" content=\"https:\/\/www.sanremoguide.it\/uploads\/SanRemo_MadonnadellaCosta_350x200.jpg\" \/>\n<meta name=\"twitter:label1\" content=\"Gesch\u00e4tzte Lesezeit\" \/>\n\t<meta name=\"twitter:data1\" content=\"4\u00a0Minuten\" \/>\n<script type=\"application\/ld+json\" class=\"yoast-schema-graph\">{\"@context\":\"https:\\\/\\\/schema.org\",\"@graph\":[{\"@type\":\"WebPage\",\"@id\":\"https:\\\/\\\/sanremoguide.it\\\/de\\\/die-stadt-san-remo\\\/kunst-und-kultur\\\/barock-san-remo\\\/\",\"url\":\"https:\\\/\\\/sanremoguide.it\\\/de\\\/die-stadt-san-remo\\\/kunst-und-kultur\\\/barock-san-remo\\\/\",\"name\":\"San Remo Guide :: der F\u00fchrer durch die Stadt San Remo Italien und Blumenriviera\",\"isPartOf\":{\"@id\":\"https:\\\/\\\/sanremoguide.it\\\/#website\"},\"primaryImageOfPage\":{\"@id\":\"https:\\\/\\\/sanremoguide.it\\\/de\\\/die-stadt-san-remo\\\/kunst-und-kultur\\\/barock-san-remo\\\/#primaryimage\"},\"image\":{\"@id\":\"https:\\\/\\\/sanremoguide.it\\\/de\\\/die-stadt-san-remo\\\/kunst-und-kultur\\\/barock-san-remo\\\/#primaryimage\"},\"thumbnailUrl\":\"https:\\\/\\\/www.sanremoguide.it\\\/uploads\\\/SanRemo_MadonnadellaCosta_350x200.jpg\",\"datePublished\":\"2012-02-07T14:44:01+00:00\",\"dateModified\":\"2022-06-17T17:20:18+00:00\",\"description\":\"\\\"Das F\u00fchrer der Stadt San Remo, Italien. Online buchung f\u00fcr Hotels, Residence, Tour-Packet in San Remo und Blumenriviera.\\\"\",\"breadcrumb\":{\"@id\":\"https:\\\/\\\/sanremoguide.it\\\/de\\\/die-stadt-san-remo\\\/kunst-und-kultur\\\/barock-san-remo\\\/#breadcrumb\"},\"inLanguage\":\"de\",\"potentialAction\":[{\"@type\":\"ReadAction\",\"target\":[\"https:\\\/\\\/sanremoguide.it\\\/de\\\/die-stadt-san-remo\\\/kunst-und-kultur\\\/barock-san-remo\\\/\"]}]},{\"@type\":\"ImageObject\",\"inLanguage\":\"de\",\"@id\":\"https:\\\/\\\/sanremoguide.it\\\/de\\\/die-stadt-san-remo\\\/kunst-und-kultur\\\/barock-san-remo\\\/#primaryimage\",\"url\":\"https:\\\/\\\/www.sanremoguide.it\\\/uploads\\\/SanRemo_MadonnadellaCosta_350x200.jpg\",\"contentUrl\":\"https:\\\/\\\/www.sanremoguide.it\\\/uploads\\\/SanRemo_MadonnadellaCosta_350x200.jpg\"},{\"@type\":\"BreadcrumbList\",\"@id\":\"https:\\\/\\\/sanremoguide.it\\\/de\\\/die-stadt-san-remo\\\/kunst-und-kultur\\\/barock-san-remo\\\/#breadcrumb\",\"itemListElement\":[{\"@type\":\"ListItem\",\"position\":1,\"name\":\"Home\",\"item\":\"https:\\\/\\\/sanremoguide.it\\\/\"},{\"@type\":\"ListItem\",\"position\":2,\"name\":\"DIE STADT SAN REMO\",\"item\":\"https:\\\/\\\/sanremoguide.it\\\/de\\\/die-stadt-san-remo\\\/\"},{\"@type\":\"ListItem\",\"position\":3,\"name\":\"KUNST UND KULTUR\",\"item\":\"https:\\\/\\\/sanremoguide.it\\\/de\\\/die-stadt-san-remo\\\/kunst-und-kultur\\\/\"},{\"@type\":\"ListItem\",\"position\":4,\"name\":\"Barock San Remo\"}]},{\"@type\":\"WebSite\",\"@id\":\"https:\\\/\\\/sanremoguide.it\\\/#website\",\"url\":\"https:\\\/\\\/sanremoguide.it\\\/\",\"name\":\"SANREMO GUIDE | la guida turistica di Sanremo\",\"description\":\"la guida turistica della citt\u00e0 di Sanremo\",\"potentialAction\":[{\"@type\":\"SearchAction\",\"target\":{\"@type\":\"EntryPoint\",\"urlTemplate\":\"https:\\\/\\\/sanremoguide.it\\\/?s={search_term_string}\"},\"query-input\":{\"@type\":\"PropertyValueSpecification\",\"valueRequired\":true,\"valueName\":\"search_term_string\"}}],\"inLanguage\":\"de\"}]}<\/script>\n<!-- \/ Yoast SEO plugin. -->","yoast_head_json":{"title":"San Remo Guide :: der F\u00fchrer durch die Stadt San Remo Italien und Blumenriviera","description":"\"Das F\u00fchrer der Stadt San Remo, Italien. Online buchung f\u00fcr Hotels, Residence, Tour-Packet in San Remo und Blumenriviera.\"","robots":{"index":"index","follow":"follow","max-snippet":"max-snippet:-1","max-image-preview":"max-image-preview:large","max-video-preview":"max-video-preview:-1"},"canonical":"https:\/\/sanremoguide.it\/de\/die-stadt-san-remo\/kunst-und-kultur\/barock-san-remo\/","og_locale":"de_DE","og_type":"article","og_title":"San Remo Guide :: der F\u00fchrer durch die Stadt San Remo Italien und Blumenriviera","og_description":"\"Das F\u00fchrer der Stadt San Remo, Italien. Online buchung f\u00fcr Hotels, Residence, Tour-Packet in San Remo und Blumenriviera.\"","og_url":"https:\/\/sanremoguide.it\/de\/die-stadt-san-remo\/kunst-und-kultur\/barock-san-remo\/","og_site_name":"SANREMO GUIDE | la guida turistica di Sanremo","article_modified_time":"2022-06-17T17:20:18+00:00","og_image":[{"url":"https:\/\/www.sanremoguide.it\/uploads\/SanRemo_MadonnadellaCosta_350x200.jpg","type":"","width":"","height":""}],"twitter_misc":{"Gesch\u00e4tzte Lesezeit":"4\u00a0Minuten"},"schema":{"@context":"https:\/\/schema.org","@graph":[{"@type":"WebPage","@id":"https:\/\/sanremoguide.it\/de\/die-stadt-san-remo\/kunst-und-kultur\/barock-san-remo\/","url":"https:\/\/sanremoguide.it\/de\/die-stadt-san-remo\/kunst-und-kultur\/barock-san-remo\/","name":"San Remo Guide :: der F\u00fchrer durch die Stadt San Remo Italien und Blumenriviera","isPartOf":{"@id":"https:\/\/sanremoguide.it\/#website"},"primaryImageOfPage":{"@id":"https:\/\/sanremoguide.it\/de\/die-stadt-san-remo\/kunst-und-kultur\/barock-san-remo\/#primaryimage"},"image":{"@id":"https:\/\/sanremoguide.it\/de\/die-stadt-san-remo\/kunst-und-kultur\/barock-san-remo\/#primaryimage"},"thumbnailUrl":"https:\/\/www.sanremoguide.it\/uploads\/SanRemo_MadonnadellaCosta_350x200.jpg","datePublished":"2012-02-07T14:44:01+00:00","dateModified":"2022-06-17T17:20:18+00:00","description":"\"Das F\u00fchrer der Stadt San Remo, Italien. Online buchung f\u00fcr Hotels, Residence, Tour-Packet in San Remo und Blumenriviera.\"","breadcrumb":{"@id":"https:\/\/sanremoguide.it\/de\/die-stadt-san-remo\/kunst-und-kultur\/barock-san-remo\/#breadcrumb"},"inLanguage":"de","potentialAction":[{"@type":"ReadAction","target":["https:\/\/sanremoguide.it\/de\/die-stadt-san-remo\/kunst-und-kultur\/barock-san-remo\/"]}]},{"@type":"ImageObject","inLanguage":"de","@id":"https:\/\/sanremoguide.it\/de\/die-stadt-san-remo\/kunst-und-kultur\/barock-san-remo\/#primaryimage","url":"https:\/\/www.sanremoguide.it\/uploads\/SanRemo_MadonnadellaCosta_350x200.jpg","contentUrl":"https:\/\/www.sanremoguide.it\/uploads\/SanRemo_MadonnadellaCosta_350x200.jpg"},{"@type":"BreadcrumbList","@id":"https:\/\/sanremoguide.it\/de\/die-stadt-san-remo\/kunst-und-kultur\/barock-san-remo\/#breadcrumb","itemListElement":[{"@type":"ListItem","position":1,"name":"Home","item":"https:\/\/sanremoguide.it\/"},{"@type":"ListItem","position":2,"name":"DIE STADT SAN REMO","item":"https:\/\/sanremoguide.it\/de\/die-stadt-san-remo\/"},{"@type":"ListItem","position":3,"name":"KUNST UND KULTUR","item":"https:\/\/sanremoguide.it\/de\/die-stadt-san-remo\/kunst-und-kultur\/"},{"@type":"ListItem","position":4,"name":"Barock San Remo"}]},{"@type":"WebSite","@id":"https:\/\/sanremoguide.it\/#website","url":"https:\/\/sanremoguide.it\/","name":"SANREMO GUIDE | la guida turistica di Sanremo","description":"la guida turistica della citt\u00e0 di Sanremo","potentialAction":[{"@type":"SearchAction","target":{"@type":"EntryPoint","urlTemplate":"https:\/\/sanremoguide.it\/?s={search_term_string}"},"query-input":{"@type":"PropertyValueSpecification","valueRequired":true,"valueName":"search_term_string"}}],"inLanguage":"de"}]}},"_links":{"self":[{"href":"https:\/\/sanremoguide.it\/de\/wp-json\/wp\/v2\/pages\/108","targetHints":{"allow":["GET"]}}],"collection":[{"href":"https:\/\/sanremoguide.it\/de\/wp-json\/wp\/v2\/pages"}],"about":[{"href":"https:\/\/sanremoguide.it\/de\/wp-json\/wp\/v2\/types\/page"}],"author":[{"embeddable":true,"href":"https:\/\/sanremoguide.it\/de\/wp-json\/wp\/v2\/users\/1"}],"replies":[{"embeddable":true,"href":"https:\/\/sanremoguide.it\/de\/wp-json\/wp\/v2\/comments?post=108"}],"version-history":[{"count":5,"href":"https:\/\/sanremoguide.it\/de\/wp-json\/wp\/v2\/pages\/108\/revisions"}],"predecessor-version":[{"id":13253,"href":"https:\/\/sanremoguide.it\/de\/wp-json\/wp\/v2\/pages\/108\/revisions\/13253"}],"up":[{"embeddable":true,"href":"https:\/\/sanremoguide.it\/de\/wp-json\/wp\/v2\/pages\/68"}],"wp:attachment":[{"href":"https:\/\/sanremoguide.it\/de\/wp-json\/wp\/v2\/media?parent=108"}],"curies":[{"name":"wp","href":"https:\/\/api.w.org\/{rel}","templated":true}]}}