{"id":11962,"date":"2022-06-09T18:53:36","date_gmt":"2022-06-09T18:53:36","guid":{"rendered":"https:\/\/sanremoguide.it\/die-stadt-san-remo\/der-hafen\/whale-watching-sanremo\/"},"modified":"2022-06-17T17:20:10","modified_gmt":"2022-06-17T17:20:10","slug":"whale-watching-sanremo","status":"publish","type":"page","link":"https:\/\/sanremoguide.it\/de\/die-stadt-san-remo\/der-hafen\/whale-watching-sanremo\/","title":{"rendered":"Whale Watching Sanremo"},"content":{"rendered":"<p>[et_pb_section fb_built=&#8220;1&#8243; fullwidth=&#8220;on&#8220; _builder_version=&#8220;4.17.4&#8243; _module_preset=&#8220;default&#8220; global_colors_info=&#8220;{}&#8220;][et_pb_fullwidth_slider _builder_version=&#8220;4.17.4&#8243; _module_preset=&#8220;default&#8220; background_image=&#8220;https:\/\/sanremoguide.it\/wp-content\/uploads\/2018\/09\/Luca_Lombardi_Sanremo_La_Primavera.jpg&#8220; global_colors_info=&#8220;{}&#8220;][et_pb_slide heading=&#8220;Whale Watching Sanremo&#8220; _builder_version=&#8220;4.17.4&#8243; _module_preset=&#8220;default&#8220; background_image=&#8220;https:\/\/sanremoguide.it\/wp-content\/uploads\/2022\/06\/whale-watching-liguria-sanremo-santuario-pelagos.jpg&#8220; background_enable_image=&#8220;on&#8220; custom_button=&#8220;on&#8220; button_text_color=&#8220;#256b00&#8243; button_bg_color=&#8220;#f2b500&#8243; button_border_color=&#8220;#FFFFFF&#8220; button_icon=&#8220;&#x41;||divi||400&#8243; text_orientation=&#8220;center&#8220; box_shadow_style_button=&#8220;preset1&#8243; text_shadow_style=&#8220;preset3&#8243; global_colors_info=&#8220;{}&#8220; sticky_transition=&#8220;on&#8220;][\/et_pb_slide][\/et_pb_fullwidth_slider][\/et_pb_section][et_pb_section fb_built=&#8220;1&#8243; _builder_version=&#8220;4.16&#8243; global_colors_info=&#8220;{}&#8220;][et_pb_row _builder_version=&#8220;4.16&#8243; background_size=&#8220;initial&#8220; background_position=&#8220;top_left&#8220; background_repeat=&#8220;repeat&#8220; global_colors_info=&#8220;{}&#8220;][et_pb_column type=&#8220;4_4&#8243; _builder_version=&#8220;4.16&#8243; custom_padding=&#8220;|||&#8220; global_colors_info=&#8220;{}&#8220; custom_padding__hover=&#8220;|||&#8220;][et_pb_text _builder_version=&#8220;4.17.4&#8243; background_size=&#8220;initial&#8220; background_position=&#8220;top_left&#8220; background_repeat=&#8220;repeat&#8220; global_colors_info=&#8220;{}&#8220;]<\/p>\n<h4>Whale Watching in Sanremo bedeutet einen aufregenden Ausflug zur Beobachtung von Walen im Pelagos-Schutzgebiet.<\/h4>\n<p><img decoding=\"async\" class=\"aligncenter\" src=\"https:\/\/www.sanremoguide.it\/uploads\/Riviera_SantuariodeiCetacei_350x200.jpg\" alt=\"Whale Watching Sanremo - Foto BluWest\" \/><\/p>\n<p>Von Juni bis September k\u00f6nnen Sie an Bord des Motorschiffs Corsara ein spannendes Abenteuer im Walschutzgebiet erleben und Meeress\u00e4uger wie Delfine, Pottwale und andere Bewohner des Ligurischen Meeres aus n\u00e4chster N\u00e4he entdecken.<\/p>\n<p>Die Abfahrten erfolgen an den auf der Website angegebenen Tagen von der Piazzale Vesco (gegen\u00fcber dem Hafenmeisterb\u00fcro) in Sanremo. Erm\u00e4\u00dfigter Tarif f\u00fcr Kinder, Kinder bis zu 4 Jahren kostenlos.<\/p>\n<h3>Walbeobachtungs-Ausflug<\/h3>\n<p>Die Exkursion auf dem Meer dauert etwa vier Stunden und ist f\u00fcr alle Altersgruppen geeignet. Ein Meeresbiologe wird immer an Bord sein, der die Geschichte und die Besonderheiten des Walschutzgebiets erkl\u00e4rt und die Fragen der Passagiere beantwortet.[\/et_pb_text][et_pb_text _builder_version=&#8220;4.17.4&#8243; _module_preset=&#8220;default&#8220; global_colors_info=&#8220;{}&#8220;]<\/p>\n<h3>WALE BEOBACHTEN<br \/>\nSAISON 2022<\/h3>\n<p>ABFAHRT:<br \/>\nSANREMO<br \/>\nPIAZZALE VESCO (ALTER HAFEN)<br \/>\n12:00 UHR.<\/p>\n<p>JUNI: 28-30<br \/>\nJULI: Jeden Dienstag und Donnerstag<br \/>\nAUGUST: Jeden Dienstag und Donnerstag<br \/>\nSEPTEMBER: 1-6-8-13-15-20-22-27<br \/>\nErwachsene: \u20ac 35 | Kinder (4-12 Jahre): \u20ac 20 | Kinder (0-3 Jahre): frei[\/et_pb_text][et_pb_text _builder_version=&#8220;4.17.4&#8243; _module_preset=&#8220;default&#8220; global_colors_info=&#8220;{}&#8220;][\/et_pb_text][et_pb_button button_url=&#8220;https:\/\/www.golfoparadiso.it\/prenota-avvistamento-cetacei-imperia\/&#8220; url_new_window=&#8220;on&#8220; button_text=&#8220;WHALE WATCHING BUCHUNG&#8220; button_alignment=&#8220;center&#8220; _builder_version=&#8220;4.17.4&#8243; _module_preset=&#8220;default&#8220; custom_button=&#8220;on&#8220; button_text_color=&#8220;#FFFFFF&#8220; button_bg_color=&#8220;#E09900&#8243; global_colors_info=&#8220;{}&#8220;][\/et_pb_button][et_pb_text _builder_version=&#8220;4.17.4&#8243; _module_preset=&#8220;default&#8220; global_colors_info=&#8220;{}&#8220;]Eigent\u00fcmer des Bootes ist das Konsortium Golfo Paradiso.[\/et_pb_text][\/et_pb_column][\/et_pb_row][\/et_pb_section][et_pb_section fb_built=&#8220;1&#8243; fullwidth=&#8220;on&#8220; _builder_version=&#8220;4.17.4&#8243; _module_preset=&#8220;default&#8220; global_module=&#8220;12524&#8243; saved_tabs=&#8220;all&#8220; locked=&#8220;off&#8220; collapsed=&#8220;off&#8220; global_colors_info=&#8220;{}&#8220;][et_pb_fullwidth_slider _builder_version=&#8220;4.17.4&#8243; _module_preset=&#8220;default&#8220; global_colors_info=&#8220;{}&#8220;][et_pb_slide heading=&#8220;ESCURSIONI ED EXPERIENCE A SANREMO E IN RIVIERA&#8220; button_text=&#8220;RICHIEDI IL CATALOGO&#8220; button_link=&#8220;https:\/\/sanremoguide.it\/contatti&#8220; image=&#8220;https:\/\/sanremoguide.it\/wp-content\/uploads\/2022\/06\/itouriviera.png&#8220; _builder_version=&#8220;4.17.4&#8243; _module_preset=&#8220;default&#8220; background_image=&#8220;https:\/\/sanremoguide.it\/wp-content\/uploads\/2018\/07\/luca-lombardi-sanremo_bn.jpg&#8220; background_enable_image=&#8220;on&#8220; custom_button=&#8220;on&#8220; button_bg_color=&#8220;#E09900&#8243; button_border_width=&#8220;1px&#8220; button_border_color=&#8220;#FFFFFF&#8220; global_colors_info=&#8220;{}&#8220; sticky_transition=&#8220;on&#8220;][\/et_pb_slide][\/et_pb_fullwidth_slider][\/et_pb_section]<\/p>\n","protected":false},"excerpt":{"rendered":"<p>Whale Watching in Sanremo bedeutet einen aufregenden Ausflug zur Beobachtung von Walen im Pelagos-Schutzgebiet. Von Juni bis September k\u00f6nnen Sie an Bord des Motorschiffs Corsara ein spannendes Abenteuer im Walschutzgebiet erleben und Meeress\u00e4uger wie Delfine, Pottwale und andere Bewohner des Ligurischen Meeres aus n\u00e4chster N\u00e4he entdecken. Die Abfahrten erfolgen an den auf der Website angegebenen [&hellip;]<\/p>\n","protected":false},"author":1,"featured_media":0,"parent":133,"menu_order":0,"comment_status":"closed","ping_status":"closed","template":"","meta":{"_et_pb_use_builder":"on","_et_pb_old_content":"","_et_gb_content_width":"","footnotes":""},"class_list":["post-11962","page","type-page","status-publish","hentry"],"yoast_head":"<!-- This site is optimized with the Yoast SEO plugin v27.4 - https:\/\/yoast.com\/product\/yoast-seo-wordpress\/ -->\n<title>Walbeobachtung SANREMO | Walsichtungen<\/title>\n<meta name=\"description\" content=\"Au\u00dfergew\u00f6hnlicher Ausflug von Whale Watching Sanremo zur Sichtung von Walen im Walschutzgebiet Pelagos\" \/>\n<meta name=\"robots\" content=\"index, follow, max-snippet:-1, max-image-preview:large, max-video-preview:-1\" \/>\n<link rel=\"canonical\" href=\"https:\/\/sanremoguide.it\/de\/die-stadt-san-remo\/der-hafen\/whale-watching-sanremo\/\" \/>\n<meta property=\"og:locale\" content=\"de_DE\" \/>\n<meta property=\"og:type\" content=\"article\" \/>\n<meta property=\"og:title\" content=\"Walbeobachtung SANREMO | Walsichtungen\" \/>\n<meta property=\"og:description\" content=\"Au\u00dfergew\u00f6hnlicher Ausflug von Whale Watching Sanremo zur Sichtung von Walen im Walschutzgebiet Pelagos\" \/>\n<meta property=\"og:url\" content=\"https:\/\/sanremoguide.it\/de\/die-stadt-san-remo\/der-hafen\/whale-watching-sanremo\/\" \/>\n<meta property=\"og:site_name\" content=\"SANREMO GUIDE | la guida turistica di Sanremo\" \/>\n<meta property=\"article:modified_time\" content=\"2022-06-17T17:20:10+00:00\" \/>\n<meta property=\"og:image\" content=\"https:\/\/www.sanremoguide.it\/uploads\/Riviera_SantuariodeiCetacei_350x200.jpg\" \/>\n<meta name=\"twitter:label1\" content=\"Gesch\u00e4tzte Lesezeit\" \/>\n\t<meta name=\"twitter:data1\" content=\"3\u00a0Minuten\" \/>\n<script type=\"application\/ld+json\" class=\"yoast-schema-graph\">{\"@context\":\"https:\\\/\\\/schema.org\",\"@graph\":[{\"@type\":\"WebPage\",\"@id\":\"https:\\\/\\\/sanremoguide.it\\\/de\\\/die-stadt-san-remo\\\/der-hafen\\\/whale-watching-sanremo\\\/\",\"url\":\"https:\\\/\\\/sanremoguide.it\\\/de\\\/die-stadt-san-remo\\\/der-hafen\\\/whale-watching-sanremo\\\/\",\"name\":\"Walbeobachtung SANREMO | Walsichtungen\",\"isPartOf\":{\"@id\":\"https:\\\/\\\/sanremoguide.it\\\/#website\"},\"primaryImageOfPage\":{\"@id\":\"https:\\\/\\\/sanremoguide.it\\\/de\\\/die-stadt-san-remo\\\/der-hafen\\\/whale-watching-sanremo\\\/#primaryimage\"},\"image\":{\"@id\":\"https:\\\/\\\/sanremoguide.it\\\/de\\\/die-stadt-san-remo\\\/der-hafen\\\/whale-watching-sanremo\\\/#primaryimage\"},\"thumbnailUrl\":\"https:\\\/\\\/www.sanremoguide.it\\\/uploads\\\/Riviera_SantuariodeiCetacei_350x200.jpg\",\"datePublished\":\"2022-06-09T18:53:36+00:00\",\"dateModified\":\"2022-06-17T17:20:10+00:00\",\"description\":\"Au\u00dfergew\u00f6hnlicher Ausflug von Whale Watching Sanremo zur Sichtung von Walen im Walschutzgebiet Pelagos\",\"breadcrumb\":{\"@id\":\"https:\\\/\\\/sanremoguide.it\\\/de\\\/die-stadt-san-remo\\\/der-hafen\\\/whale-watching-sanremo\\\/#breadcrumb\"},\"inLanguage\":\"de\",\"potentialAction\":[{\"@type\":\"ReadAction\",\"target\":[\"https:\\\/\\\/sanremoguide.it\\\/de\\\/die-stadt-san-remo\\\/der-hafen\\\/whale-watching-sanremo\\\/\"]}]},{\"@type\":\"ImageObject\",\"inLanguage\":\"de\",\"@id\":\"https:\\\/\\\/sanremoguide.it\\\/de\\\/die-stadt-san-remo\\\/der-hafen\\\/whale-watching-sanremo\\\/#primaryimage\",\"url\":\"https:\\\/\\\/www.sanremoguide.it\\\/uploads\\\/Riviera_SantuariodeiCetacei_350x200.jpg\",\"contentUrl\":\"https:\\\/\\\/www.sanremoguide.it\\\/uploads\\\/Riviera_SantuariodeiCetacei_350x200.jpg\"},{\"@type\":\"BreadcrumbList\",\"@id\":\"https:\\\/\\\/sanremoguide.it\\\/de\\\/die-stadt-san-remo\\\/der-hafen\\\/whale-watching-sanremo\\\/#breadcrumb\",\"itemListElement\":[{\"@type\":\"ListItem\",\"position\":1,\"name\":\"Home\",\"item\":\"https:\\\/\\\/sanremoguide.it\\\/\"},{\"@type\":\"ListItem\",\"position\":2,\"name\":\"DIE STADT SAN REMO\",\"item\":\"https:\\\/\\\/sanremoguide.it\\\/de\\\/die-stadt-san-remo\\\/\"},{\"@type\":\"ListItem\",\"position\":3,\"name\":\"DER HAFEN\",\"item\":\"https:\\\/\\\/sanremoguide.it\\\/de\\\/die-stadt-san-remo\\\/der-hafen\\\/\"},{\"@type\":\"ListItem\",\"position\":4,\"name\":\"Whale Watching Sanremo\"}]},{\"@type\":\"WebSite\",\"@id\":\"https:\\\/\\\/sanremoguide.it\\\/#website\",\"url\":\"https:\\\/\\\/sanremoguide.it\\\/\",\"name\":\"SANREMO GUIDE | la guida turistica di Sanremo\",\"description\":\"la guida turistica della citt\u00e0 di Sanremo\",\"potentialAction\":[{\"@type\":\"SearchAction\",\"target\":{\"@type\":\"EntryPoint\",\"urlTemplate\":\"https:\\\/\\\/sanremoguide.it\\\/?s={search_term_string}\"},\"query-input\":{\"@type\":\"PropertyValueSpecification\",\"valueRequired\":true,\"valueName\":\"search_term_string\"}}],\"inLanguage\":\"de\"}]}<\/script>\n<!-- \/ Yoast SEO plugin. -->","yoast_head_json":{"title":"Walbeobachtung SANREMO | Walsichtungen","description":"Au\u00dfergew\u00f6hnlicher Ausflug von Whale Watching Sanremo zur Sichtung von Walen im Walschutzgebiet Pelagos","robots":{"index":"index","follow":"follow","max-snippet":"max-snippet:-1","max-image-preview":"max-image-preview:large","max-video-preview":"max-video-preview:-1"},"canonical":"https:\/\/sanremoguide.it\/de\/die-stadt-san-remo\/der-hafen\/whale-watching-sanremo\/","og_locale":"de_DE","og_type":"article","og_title":"Walbeobachtung SANREMO | Walsichtungen","og_description":"Au\u00dfergew\u00f6hnlicher Ausflug von Whale Watching Sanremo zur Sichtung von Walen im Walschutzgebiet Pelagos","og_url":"https:\/\/sanremoguide.it\/de\/die-stadt-san-remo\/der-hafen\/whale-watching-sanremo\/","og_site_name":"SANREMO GUIDE | la guida turistica di Sanremo","article_modified_time":"2022-06-17T17:20:10+00:00","og_image":[{"url":"https:\/\/www.sanremoguide.it\/uploads\/Riviera_SantuariodeiCetacei_350x200.jpg","type":"","width":"","height":""}],"twitter_misc":{"Gesch\u00e4tzte Lesezeit":"3\u00a0Minuten"},"schema":{"@context":"https:\/\/schema.org","@graph":[{"@type":"WebPage","@id":"https:\/\/sanremoguide.it\/de\/die-stadt-san-remo\/der-hafen\/whale-watching-sanremo\/","url":"https:\/\/sanremoguide.it\/de\/die-stadt-san-remo\/der-hafen\/whale-watching-sanremo\/","name":"Walbeobachtung SANREMO | Walsichtungen","isPartOf":{"@id":"https:\/\/sanremoguide.it\/#website"},"primaryImageOfPage":{"@id":"https:\/\/sanremoguide.it\/de\/die-stadt-san-remo\/der-hafen\/whale-watching-sanremo\/#primaryimage"},"image":{"@id":"https:\/\/sanremoguide.it\/de\/die-stadt-san-remo\/der-hafen\/whale-watching-sanremo\/#primaryimage"},"thumbnailUrl":"https:\/\/www.sanremoguide.it\/uploads\/Riviera_SantuariodeiCetacei_350x200.jpg","datePublished":"2022-06-09T18:53:36+00:00","dateModified":"2022-06-17T17:20:10+00:00","description":"Au\u00dfergew\u00f6hnlicher Ausflug von Whale Watching Sanremo zur Sichtung von Walen im Walschutzgebiet Pelagos","breadcrumb":{"@id":"https:\/\/sanremoguide.it\/de\/die-stadt-san-remo\/der-hafen\/whale-watching-sanremo\/#breadcrumb"},"inLanguage":"de","potentialAction":[{"@type":"ReadAction","target":["https:\/\/sanremoguide.it\/de\/die-stadt-san-remo\/der-hafen\/whale-watching-sanremo\/"]}]},{"@type":"ImageObject","inLanguage":"de","@id":"https:\/\/sanremoguide.it\/de\/die-stadt-san-remo\/der-hafen\/whale-watching-sanremo\/#primaryimage","url":"https:\/\/www.sanremoguide.it\/uploads\/Riviera_SantuariodeiCetacei_350x200.jpg","contentUrl":"https:\/\/www.sanremoguide.it\/uploads\/Riviera_SantuariodeiCetacei_350x200.jpg"},{"@type":"BreadcrumbList","@id":"https:\/\/sanremoguide.it\/de\/die-stadt-san-remo\/der-hafen\/whale-watching-sanremo\/#breadcrumb","itemListElement":[{"@type":"ListItem","position":1,"name":"Home","item":"https:\/\/sanremoguide.it\/"},{"@type":"ListItem","position":2,"name":"DIE STADT SAN REMO","item":"https:\/\/sanremoguide.it\/de\/die-stadt-san-remo\/"},{"@type":"ListItem","position":3,"name":"DER HAFEN","item":"https:\/\/sanremoguide.it\/de\/die-stadt-san-remo\/der-hafen\/"},{"@type":"ListItem","position":4,"name":"Whale Watching Sanremo"}]},{"@type":"WebSite","@id":"https:\/\/sanremoguide.it\/#website","url":"https:\/\/sanremoguide.it\/","name":"SANREMO GUIDE | la guida turistica di Sanremo","description":"la guida turistica della citt\u00e0 di Sanremo","potentialAction":[{"@type":"SearchAction","target":{"@type":"EntryPoint","urlTemplate":"https:\/\/sanremoguide.it\/?s={search_term_string}"},"query-input":{"@type":"PropertyValueSpecification","valueRequired":true,"valueName":"search_term_string"}}],"inLanguage":"de"}]}},"_links":{"self":[{"href":"https:\/\/sanremoguide.it\/de\/wp-json\/wp\/v2\/pages\/11962","targetHints":{"allow":["GET"]}}],"collection":[{"href":"https:\/\/sanremoguide.it\/de\/wp-json\/wp\/v2\/pages"}],"about":[{"href":"https:\/\/sanremoguide.it\/de\/wp-json\/wp\/v2\/types\/page"}],"author":[{"embeddable":true,"href":"https:\/\/sanremoguide.it\/de\/wp-json\/wp\/v2\/users\/1"}],"replies":[{"embeddable":true,"href":"https:\/\/sanremoguide.it\/de\/wp-json\/wp\/v2\/comments?post=11962"}],"version-history":[{"count":4,"href":"https:\/\/sanremoguide.it\/de\/wp-json\/wp\/v2\/pages\/11962\/revisions"}],"predecessor-version":[{"id":13251,"href":"https:\/\/sanremoguide.it\/de\/wp-json\/wp\/v2\/pages\/11962\/revisions\/13251"}],"up":[{"embeddable":true,"href":"https:\/\/sanremoguide.it\/de\/wp-json\/wp\/v2\/pages\/133"}],"wp:attachment":[{"href":"https:\/\/sanremoguide.it\/de\/wp-json\/wp\/v2\/media?parent=11962"}],"curies":[{"name":"wp","href":"https:\/\/api.w.org\/{rel}","templated":true}]}}