

{"id":171,"date":"2012-02-07T16:12:22","date_gmt":"2012-02-07T16:12:22","guid":{"rendered":"http:\/\/sanremoguide.conteadinizza.it\/wordpress\/?page_id=171"},"modified":"2022-06-21T16:27:22","modified_gmt":"2022-06-21T16:27:22","slug":"villa-nobel","status":"publish","type":"page","link":"https:\/\/sanremoguide.it\/de\/die-stadt-san-remo\/villen-und-garten\/villa-nobel\/","title":{"rendered":"Villa Nobel"},"content":{"rendered":"<p>[et_pb_section fb_built=&#8220;1&#8243; fullwidth=&#8220;on&#8220; _builder_version=&#8220;4.17.4&#8243; _module_preset=&#8220;default&#8220; locked=&#8220;off&#8220; global_colors_info=&#8220;{}&#8220;][et_pb_fullwidth_slider _builder_version=&#8220;4.17.4&#8243; _module_preset=&#8220;default&#8220; background_image=&#8220;https:\/\/sanremoguide.it\/wp-content\/uploads\/2018\/09\/Luca_Lombardi_Sanremo_La_Primavera.jpg&#8220; global_colors_info=&#8220;{}&#8220;][et_pb_slide heading=&#8220;Villa Nobel&#8220; _builder_version=&#8220;4.17.4&#8243; _module_preset=&#8220;default&#8220; custom_button=&#8220;on&#8220; button_text_color=&#8220;#256b00&#8243; button_bg_color=&#8220;#f2b500&#8243; button_border_color=&#8220;#FFFFFF&#8220; button_icon=&#8220;&#x41;||divi||400&#8243; text_orientation=&#8220;center&#8220; background_layout=&#8220;light&#8220; box_shadow_style_button=&#8220;preset1&#8243; text_shadow_style=&#8220;preset3&#8243; global_colors_info=&#8220;{}&#8220; sticky_transition=&#8220;on&#8220;][\/et_pb_slide][\/et_pb_fullwidth_slider][\/et_pb_section][et_pb_section fb_built=&#8220;1&#8243; admin_label=&#8220;section&#8220; _builder_version=&#8220;4.16&#8243; global_colors_info=&#8220;{}&#8220;][et_pb_row admin_label=&#8220;row&#8220; _builder_version=&#8220;4.16&#8243; background_size=&#8220;initial&#8220; background_position=&#8220;top_left&#8220; background_repeat=&#8220;repeat&#8220; global_colors_info=&#8220;{}&#8220;][et_pb_column type=&#8220;4_4&#8243; _builder_version=&#8220;4.16&#8243; custom_padding=&#8220;|||&#8220; global_colors_info=&#8220;{}&#8220; custom_padding__hover=&#8220;|||&#8220;][et_pb_text admin_label=&#8220;Text&#8220; _builder_version=&#8220;4.16&#8243; background_size=&#8220;initial&#8220; background_position=&#8220;top_left&#8220; background_repeat=&#8220;repeat&#8220; global_colors_info=&#8220;{}&#8220;]<img decoding=\"async\" class=\"aligncenter\" src=\"https:\/\/www.sanremoguide.it\/uploads\/SanRemo_VillaNobel_facciata_350x200.jpg\" alt=\"Una veduta della Villa Nobel a Sanremo - Foto APT RdF\" \/><\/p>\n<p>Entlang des corso Cavalotti liegt die\u00a0<strong>Villa Nobel<\/strong>, ein Geb\u00e4ude aus dem 19. Jahrhundert im Morisca-Stil, mit Verzierungen typisch f\u00fcr die florentinische Renaissance.<\/p>\n<p>Die Villa, 1874 erbaut und 1892 restauriert, ist inmitten eines wundersch\u00f6nen Parks gelegen und ist Eigentum der Provinz von Imperia, die 1993 die Kosten der momentanen Instandsetzung \u00fcbernahm. Ihren Namen verdankt die Villa dem weltber\u00fchmten schwedischen Forscher, dem Erfinder des Dynamits. Er sah die Villa als \u201esein Nest\u201c an und verbrachte dort zur\u00fcckgezogen 6 Jahre seines Lebens (1890-1896).<\/p>\n<p>In dem Haus arbeitete Nobel an vielen seiner Patente und entwarf sein ber\u00fchmtes Testament, welches bis heute j\u00e4hrlich jenen einen Preis verleiht, die sich ethisch, moralisch oder wirtschaftlich um das Wohl der Menschheit verdient gemacht haben.<\/p>\n<p>Der das Geb\u00e4ude umschlie\u00dfende Park erstreckte sich einstmals bis ans Meer und beheimatet verschiedene seltene Pflanzenarten, darunter den hohen \u201eCupressus macrocarpa\u201c, ein Baum kalifornischen Ursprungs. An seinen Wurzeln steht eine Bofors Kanone aus dem Jahre 1883, die Nobel f\u00fcr seine Experimente mit der Reichweite von Waffen verwendete. Im Inneren des Hauses befinden sich drei Stockwerke: im Kellergeschoss hatte Nobel sein Laboratorium, in dem man heute anhand von Fotografien die Geschichte und die Techniken seiner wichtigsten Experimente nachverfolgen kann. Im Erdgeschoss ist ein mit pompeischen Fresken dekorierter Konferenzsaal w\u00e4hrend sich im ersten Stock das Studio des Wissenschaftlers befindet.<\/p>\n<p>In San Remo &#8211; insbesondere in seinem Haus &#8211; fand Nobel den idealen Ort f\u00fcr seine Studien.<\/p>\n<p>Er kam 1890 in der Stadt an, schlo\u00df aber einen Kaufvertrag \u00fcber das Haus \u2013das vorher Villa Patrone hie\u00df- erst am 25. April 1891 mit dem Notar Balestrieri ab.<\/p>\n<p>Die eleganten Formen und klaren k\u00fcnstlerischen Linie des auf einem kleinen H\u00fcgel gelegenen Hauses beeindruckten den Forscher mit Sicherheit ebenso wie der sch\u00f6n strukturierte Garten mit seinen Pflanzen.<\/p>\n<p>Nobel lebte ein sehr stilles Leben, quasi unbemerkt von der ans\u00e4ssigen Bev\u00f6lkerung. Er vergrub sich in seine Studien, unterbrochen nur durch die wiederholten Krisen seiner Krankheit.[\/et_pb_text][et_pb_text admin_label=&#8220;Text&#8220; _builder_version=&#8220;4.17.4&#8243; background_size=&#8220;initial&#8220; background_position=&#8220;top_left&#8220; background_repeat=&#8220;repeat&#8220; hover_enabled=&#8220;0&#8243; global_colors_info=&#8220;{}&#8220; sticky_enabled=&#8220;0&#8243;]<link rel='stylesheet' id='osm-ol3-css-css' href='https:\/\/sanremoguide.it\/wp-content\/plugins\/osm\/js\/OL\/10.9.0\/ol.css?ver=6.9.4' type='text\/css' media='all' \/>\n<link rel='stylesheet' id='osm-ol3-ext-css-css' href='https:\/\/sanremoguide.it\/wp-content\/plugins\/osm\/css\/osm_map_v3.css?ver=6.9.4' type='text\/css' media='all' \/>\n<link rel='stylesheet' id='osm-map-css-css' href='https:\/\/sanremoguide.it\/wp-content\/plugins\/osm\/css\/osm_map.css?ver=6.9.4' type='text\/css' media='all' \/>\n<script type=\"text\/javascript\" src=\"https:\/\/sanremoguide.it\/wp-includes\/js\/dist\/vendor\/wp-polyfill.min.js?ver=3.15.0\" id=\"wp-polyfill-js\"><\/script>\n<script type=\"text\/javascript\" src=\"https:\/\/sanremoguide.it\/wp-content\/plugins\/osm\/js\/OL\/10.9.0\/ol.js?ver=10.9.0\" id=\"osm-ol3-library-js\"><\/script>\n<script type=\"text\/javascript\" src=\"https:\/\/sanremoguide.it\/wp-content\/plugins\/osm\/js\/osm-v3-plugin-lib.js?ver=1.0.0\" id=\"osm-ol3-ext-library-js\"><\/script>\n<script type=\"text\/javascript\" src=\"https:\/\/sanremoguide.it\/wp-content\/plugins\/osm\/js\/osm-metabox-events.js?ver=1.0.0\" id=\"osm-ol3-metabox-events-js\"><\/script>\n<script type=\"text\/javascript\" src=\"https:\/\/sanremoguide.it\/wp-includes\/js\/jquery\/jquery.min.js?ver=3.7.1\" id=\"jquery-core-js\"><\/script>\n<script type=\"text\/javascript\" src=\"https:\/\/sanremoguide.it\/wp-includes\/js\/jquery\/jquery-migrate.min.js?ver=3.4.1\" id=\"jquery-migrate-js\"><\/script>\n<script type=\"text\/javascript\" id=\"osm-map-startup-js-extra\">\n\/* <![CDATA[ *\/\nvar translations = {\"openlayer\":\"open layer\",\"openlayerAtStartup\":\"open layer at startup\",\"generateLink\":\"link to this map with opened layers\",\"shortDescription\":\"short description\",\"generatedShortCode\":\"to get a text control link paste this code in your wordpress editor\",\"closeLayer\":\"close layer\",\"cantGenerateLink\":\"put this string in the existing map short code to control this map\"};\n\/\/# sourceURL=osm-map-startup-js-extra\n\/* ]]> *\/\n<\/script>\n<script type=\"text\/javascript\" src=\"https:\/\/sanremoguide.it\/wp-content\/plugins\/osm\/js\/osm-startup-lib.js?ver=V6.2.5\" id=\"osm-map-startup-js\"><\/script>\n\n        <div id=\"map_ol3js_1\"\n       class=\"osm-map-container undefined\"\n             data-map_name=\"undefined\"\n             data-map=\"map_ol3js_1\"\n             data-autoshow=\"no\"\n             style=\"width:100%;\n                    max-width:100%;\n                    height:450px;\n                    display:block;\n                    overflow:hidden;\n                    border:2px solid grey;\n                    position: relative;\">\n          <div id=\"map_ol3js_1_popup\" class=\"ol-popup\">\n            <a href=\"#\" id=\"map_ol3js_1_popup-closer\" class=\"ol-popup-closer\"><\/a>\n            <div id=\"map_ol3js_1_popup-content\"><\/div>\n          <\/div>\n        <\/div>\n    <script type=\"text\/javascript\">\n\t\t\t  vectorM['map_ol3js_1'] = [];\n\t        \n        var raster = getTileLayer(\"osm\",\"NoKey\");\t\t\t\n\n\t\t\t  var map_ol3js_1 = new ol.Map({\n\t\t\t\tinteractions: ol.interaction.defaults.defaults({mouseWheelZoom:false}),\n\t\t\t\tlayers: [raster],\n\t\t\t\ttarget: \"map_ol3js_1\",\n\t\t\t\tview: new ol.View({\n\t\t\t\t  center: ol.proj.transform([6.378,58.213], \"EPSG:4326\", \"EPSG:3857\"),\n\t\t\t\t  zoom: 9\n\t\t\t\t})\n\t\t\t  });\n\t\t\t  \n    var style_map_ol3js_1_0 = {\n      \"Point\": [new ol.style.Style({\n\n          image: new ol.style.Icon({\n            anchor: [0.5, 41],\n            anchorXUnits: \"fraction\",\n            anchorYUnits: \"pixels\",\n            opacity: 0.75,\n            src: \"https:\/\/sanremoguide.it\/wp-content\/plugins\/osm\/icons\/mic_blue_pinother_02.png\"\n          })\n      })],\n\n      \"LineString\": [new ol.style.Style({\n        stroke: new ol.style.Stroke({\n          color: \"none\",\n          width: 8\n        })\n      })],\n      \"MultiLineString\": [new ol.style.Style({\n        stroke: new ol.style.Stroke({\n          color: \"none\",\n          width: 4\n        })\n      })]\n    };\n\t\t  vectorL0 = new ol.layer.Vector({\n\n\t\t\tsource: new ol.source.Vector({\n\t\t  url:\"https:\/\/www.sanremoguide.it\/uploads\/kml\/maps-villa-nobel.kml\",\n\t\t\t  format: new ol.format.KML({ showPointNames: false})\n\t\t\t}),\n         zIndex: 92\n\t\t  });map_ol3js_1.addLayer(vectorL0);\n      var extension1 = ol.extent.createEmpty();\n      var curZoom1 = map_ol3js_1.getView().getZoom();\n\n      map_ol3js_1.getLayers().forEach(function(layer){\n         if(!layer.get(\"id\")) {     \n            layer.once(\"change\", function(e){\n               ol.extent.extend(extension1, (layer.getSource().getExtent()));\n               map_ol3js_1.getView().fit(extension1, {padding: [50, 50, 50, 50]});\n            });\n         }\n      });\n\n    \naddControls2Map(map_ol3js_1,0,0,3,0,5,6,7,0,1);\nosm_addPopupClickhandler(map_ol3js_1,  \"map_ol3js_1\"); \nosm_addMouseHover(map_ol3js_1); <\/script>[\/et_pb_text][\/et_pb_column][\/et_pb_row][\/et_pb_section][et_pb_section fb_built=&#8220;1&#8243; fullwidth=&#8220;on&#8220; _builder_version=&#8220;4.17.4&#8243; _module_preset=&#8220;default&#8220; global_module=&#8220;12524&#8243; saved_tabs=&#8220;all&#8220; locked=&#8220;off&#8220; collapsed=&#8220;off&#8220; global_colors_info=&#8220;{}&#8220;][et_pb_fullwidth_slider _builder_version=&#8220;4.17.4&#8243; _module_preset=&#8220;default&#8220; global_colors_info=&#8220;{}&#8220;][et_pb_slide heading=&#8220;TAGESAUSFL\u00dcGE UND ERFAHRUNGEN IN SANREMO UND RIVIERA&#8220; button_text=&#8220;PROSPEKT ANFRAGE&#8220; button_link=&#8220;https:\/\/sanremoguide.it\/de\/kon\/&#8220; image=&#8220;https:\/\/sanremoguide.it\/wp-content\/uploads\/2022\/06\/itouriviera.png&#8220; _builder_version=&#8220;4.17.4&#8243; _module_preset=&#8220;default&#8220; background_image=&#8220;https:\/\/sanremoguide.it\/wp-content\/uploads\/2018\/07\/luca-lombardi-sanremo_bn.jpg&#8220; background_enable_image=&#8220;on&#8220; custom_button=&#8220;on&#8220; button_bg_color=&#8220;#E09900&#8243; button_border_width=&#8220;1px&#8220; button_border_color=&#8220;#FFFFFF&#8220; global_colors_info=&#8220;{}&#8220; sticky_transition=&#8220;on&#8220;][\/et_pb_slide][\/et_pb_fullwidth_slider][\/et_pb_section]<\/p>\n","protected":false},"excerpt":{"rendered":"<p>Entlang des corso Cavalotti liegt die\u00a0Villa Nobel, ein Geb\u00e4ude aus dem 19. Jahrhundert im Morisca-Stil, mit Verzierungen typisch f\u00fcr die florentinische Renaissance. Die Villa, 1874 erbaut und 1892 restauriert, ist inmitten eines wundersch\u00f6nen Parks gelegen und ist Eigentum der Provinz von Imperia, die 1993 die Kosten der momentanen Instandsetzung \u00fcbernahm. Ihren Namen verdankt die Villa [&hellip;]<\/p>\n","protected":false},"author":1,"featured_media":0,"parent":165,"menu_order":0,"comment_status":"closed","ping_status":"closed","template":"","meta":{"_et_pb_use_builder":"on","_et_pb_old_content":"<img class=\"aligncenter\" src=\"https:\/\/www.sanremoguide.it\/uploads\/SanRemo_VillaNobel_facciata_350x200.jpg\" alt=\"Una veduta della Villa Nobel a Sanremo - Foto APT RdF\" \/>\r\n\r\nEntlang des corso Cavalotti liegt die\u00a0<strong>Villa Nobel<\/strong>, ein Geb\u00e4ude aus dem 19. Jahrhundert im Morisca-Stil, mit Verzierungen typisch f\u00fcr die florentinische Renaissance.\r\n\r\nDie Villa, 1874 erbaut und 1892 restauriert, ist inmitten eines wundersch\u00f6nen Parks gelegen und ist Eigentum der Provinz von Imperia, die 1993 die Kosten der momentanen Instandsetzung \u00fcbernahm. Ihren Namen verdankt die Villa dem weltber\u00fchmten schwedischen Forscher, dem Erfinder des Dynamits. Er sah die Villa als \u201esein Nest\u201c an und verbrachte dort zur\u00fcckgezogen 6 Jahre seines Lebens (1890-1896).\r\n\r\nIn dem Haus arbeitete Nobel an vielen seiner Patente und entwarf sein ber\u00fchmtes Testament, welches bis heute j\u00e4hrlich jenen einen Preis verleiht, die sich ethisch, moralisch oder wirtschaftlich um das Wohl der Menschheit verdient gemacht haben.\r\n\r\nDer das Geb\u00e4ude umschlie\u00dfende Park erstreckte sich einstmals bis ans Meer und beheimatet verschiedene seltene Pflanzenarten, darunter den hohen \u201eCupressus macrocarpa\u201c, ein Baum kalifornischen Ursprungs. An seinen Wurzeln steht eine Bofors Kanone aus dem Jahre 1883, die Nobel f\u00fcr seine Experimente mit der Reichweite von Waffen verwendete. Im Inneren des Hauses befinden sich drei Stockwerke: im Kellergeschoss hatte Nobel sein Laboratorium, in dem man heute anhand von Fotografien die Geschichte und die Techniken seiner wichtigsten Experimente nachverfolgen kann. Im Erdgeschoss ist ein mit pompeischen Fresken dekorierter Konferenzsaal w\u00e4hrend sich im ersten Stock das Studio des Wissenschaftlers befindet.\r\n\r\nIn San Remo - insbesondere in seinem Haus - fand Nobel den idealen Ort f\u00fcr seine Studien.\r\n\r\nEr kam 1890 in der Stadt an, schlo\u00df aber einen Kaufvertrag \u00fcber das Haus \u2013das vorher Villa Patrone hie\u00df- erst am 25. April 1891 mit dem Notar Balestrieri ab.\r\n\r\nDie eleganten Formen und klaren k\u00fcnstlerischen Linie des auf einem kleinen H\u00fcgel gelegenen Hauses beeindruckten den Forscher mit Sicherheit ebenso wie der sch\u00f6n strukturierte Garten mit seinen Pflanzen.\r\n\r\nNobel lebte ein sehr stilles Leben, quasi unbemerkt von der ans\u00e4ssigen Bev\u00f6lkerung. Er vergrub sich in seine Studien, unterbrochen nur durch die wiederholten Krisen seiner Krankheit.","_et_gb_content_width":"","footnotes":""},"class_list":["post-171","page","type-page","status-publish","hentry"],"yoast_head":"<!-- This site is optimized with the Yoast SEO plugin v27.5 - https:\/\/yoast.com\/product\/yoast-seo-wordpress\/ -->\n<title>Villa Nobel San Remo - SanRemoGuide<\/title>\n<meta name=\"description\" content=\"&quot;Das F\u00fchrer der Stadt San Remo, Italien. Online buchung f\u00fcr Hotels, Residence, Tour-Packet in San Remo und Blumenriviera.&quot;\" \/>\n<meta name=\"robots\" content=\"index, follow, max-snippet:-1, max-image-preview:large, max-video-preview:-1\" \/>\n<link rel=\"canonical\" href=\"https:\/\/sanremoguide.it\/de\/die-stadt-san-remo\/villen-und-garten\/villa-nobel\/\" \/>\n<meta property=\"og:locale\" content=\"de_DE\" \/>\n<meta property=\"og:type\" content=\"article\" \/>\n<meta property=\"og:title\" content=\"Villa Nobel San Remo - SanRemoGuide\" \/>\n<meta property=\"og:description\" content=\"&quot;Das F\u00fchrer der Stadt San Remo, Italien. Online buchung f\u00fcr Hotels, Residence, Tour-Packet in San Remo und Blumenriviera.&quot;\" \/>\n<meta property=\"og:url\" content=\"https:\/\/sanremoguide.it\/de\/die-stadt-san-remo\/villen-und-garten\/villa-nobel\/\" \/>\n<meta property=\"og:site_name\" content=\"SANREMO GUIDE | la guida turistica di Sanremo\" \/>\n<meta property=\"article:modified_time\" content=\"2022-06-21T16:27:22+00:00\" \/>\n<meta property=\"og:image\" content=\"https:\/\/www.sanremoguide.it\/uploads\/SanRemo_VillaNobel_facciata_350x200.jpg\" \/>\n<meta name=\"twitter:label1\" content=\"Gesch\u00e4tzte Lesezeit\" \/>\n\t<meta name=\"twitter:data1\" content=\"3\u00a0Minuten\" \/>\n<script type=\"application\/ld+json\" class=\"yoast-schema-graph\">{\"@context\":\"https:\\\/\\\/schema.org\",\"@graph\":[{\"@type\":\"WebPage\",\"@id\":\"https:\\\/\\\/sanremoguide.it\\\/de\\\/die-stadt-san-remo\\\/villen-und-garten\\\/villa-nobel\\\/\",\"url\":\"https:\\\/\\\/sanremoguide.it\\\/de\\\/die-stadt-san-remo\\\/villen-und-garten\\\/villa-nobel\\\/\",\"name\":\"Villa Nobel San Remo - SanRemoGuide\",\"isPartOf\":{\"@id\":\"https:\\\/\\\/sanremoguide.it\\\/#website\"},\"primaryImageOfPage\":{\"@id\":\"https:\\\/\\\/sanremoguide.it\\\/de\\\/die-stadt-san-remo\\\/villen-und-garten\\\/villa-nobel\\\/#primaryimage\"},\"image\":{\"@id\":\"https:\\\/\\\/sanremoguide.it\\\/de\\\/die-stadt-san-remo\\\/villen-und-garten\\\/villa-nobel\\\/#primaryimage\"},\"thumbnailUrl\":\"https:\\\/\\\/www.sanremoguide.it\\\/uploads\\\/SanRemo_VillaNobel_facciata_350x200.jpg\",\"datePublished\":\"2012-02-07T16:12:22+00:00\",\"dateModified\":\"2022-06-21T16:27:22+00:00\",\"description\":\"\\\"Das F\u00fchrer der Stadt San Remo, Italien. Online buchung f\u00fcr Hotels, Residence, Tour-Packet in San Remo und Blumenriviera.\\\"\",\"breadcrumb\":{\"@id\":\"https:\\\/\\\/sanremoguide.it\\\/de\\\/die-stadt-san-remo\\\/villen-und-garten\\\/villa-nobel\\\/#breadcrumb\"},\"inLanguage\":\"de\",\"potentialAction\":[{\"@type\":\"ReadAction\",\"target\":[\"https:\\\/\\\/sanremoguide.it\\\/de\\\/die-stadt-san-remo\\\/villen-und-garten\\\/villa-nobel\\\/\"]}]},{\"@type\":\"ImageObject\",\"inLanguage\":\"de\",\"@id\":\"https:\\\/\\\/sanremoguide.it\\\/de\\\/die-stadt-san-remo\\\/villen-und-garten\\\/villa-nobel\\\/#primaryimage\",\"url\":\"https:\\\/\\\/www.sanremoguide.it\\\/uploads\\\/SanRemo_VillaNobel_facciata_350x200.jpg\",\"contentUrl\":\"https:\\\/\\\/www.sanremoguide.it\\\/uploads\\\/SanRemo_VillaNobel_facciata_350x200.jpg\"},{\"@type\":\"BreadcrumbList\",\"@id\":\"https:\\\/\\\/sanremoguide.it\\\/de\\\/die-stadt-san-remo\\\/villen-und-garten\\\/villa-nobel\\\/#breadcrumb\",\"itemListElement\":[{\"@type\":\"ListItem\",\"position\":1,\"name\":\"Home\",\"item\":\"https:\\\/\\\/sanremoguide.it\\\/\"},{\"@type\":\"ListItem\",\"position\":2,\"name\":\"DIE STADT SAN REMO\",\"item\":\"https:\\\/\\\/sanremoguide.it\\\/de\\\/die-stadt-san-remo\\\/\"},{\"@type\":\"ListItem\",\"position\":3,\"name\":\"VILLEN UND G\u00c4RTEN\",\"item\":\"https:\\\/\\\/sanremoguide.it\\\/de\\\/die-stadt-san-remo\\\/villen-und-garten\\\/\"},{\"@type\":\"ListItem\",\"position\":4,\"name\":\"Villa Nobel\"}]},{\"@type\":\"WebSite\",\"@id\":\"https:\\\/\\\/sanremoguide.it\\\/#website\",\"url\":\"https:\\\/\\\/sanremoguide.it\\\/\",\"name\":\"SANREMO GUIDE | la guida turistica di Sanremo\",\"description\":\"la guida turistica della citt\u00e0 di Sanremo\",\"potentialAction\":[{\"@type\":\"SearchAction\",\"target\":{\"@type\":\"EntryPoint\",\"urlTemplate\":\"https:\\\/\\\/sanremoguide.it\\\/?s={search_term_string}\"},\"query-input\":{\"@type\":\"PropertyValueSpecification\",\"valueRequired\":true,\"valueName\":\"search_term_string\"}}],\"inLanguage\":\"de\"}]}<\/script>\n<!-- \/ Yoast SEO plugin. -->","yoast_head_json":{"title":"Villa Nobel San Remo - SanRemoGuide","description":"\"Das F\u00fchrer der Stadt San Remo, Italien. Online buchung f\u00fcr Hotels, Residence, Tour-Packet in San Remo und Blumenriviera.\"","robots":{"index":"index","follow":"follow","max-snippet":"max-snippet:-1","max-image-preview":"max-image-preview:large","max-video-preview":"max-video-preview:-1"},"canonical":"https:\/\/sanremoguide.it\/de\/die-stadt-san-remo\/villen-und-garten\/villa-nobel\/","og_locale":"de_DE","og_type":"article","og_title":"Villa Nobel San Remo - SanRemoGuide","og_description":"\"Das F\u00fchrer der Stadt San Remo, Italien. Online buchung f\u00fcr Hotels, Residence, Tour-Packet in San Remo und Blumenriviera.\"","og_url":"https:\/\/sanremoguide.it\/de\/die-stadt-san-remo\/villen-und-garten\/villa-nobel\/","og_site_name":"SANREMO GUIDE | la guida turistica di Sanremo","article_modified_time":"2022-06-21T16:27:22+00:00","og_image":[{"url":"https:\/\/www.sanremoguide.it\/uploads\/SanRemo_VillaNobel_facciata_350x200.jpg","type":"","width":"","height":""}],"twitter_misc":{"Gesch\u00e4tzte Lesezeit":"3\u00a0Minuten"},"schema":{"@context":"https:\/\/schema.org","@graph":[{"@type":"WebPage","@id":"https:\/\/sanremoguide.it\/de\/die-stadt-san-remo\/villen-und-garten\/villa-nobel\/","url":"https:\/\/sanremoguide.it\/de\/die-stadt-san-remo\/villen-und-garten\/villa-nobel\/","name":"Villa Nobel San Remo - SanRemoGuide","isPartOf":{"@id":"https:\/\/sanremoguide.it\/#website"},"primaryImageOfPage":{"@id":"https:\/\/sanremoguide.it\/de\/die-stadt-san-remo\/villen-und-garten\/villa-nobel\/#primaryimage"},"image":{"@id":"https:\/\/sanremoguide.it\/de\/die-stadt-san-remo\/villen-und-garten\/villa-nobel\/#primaryimage"},"thumbnailUrl":"https:\/\/www.sanremoguide.it\/uploads\/SanRemo_VillaNobel_facciata_350x200.jpg","datePublished":"2012-02-07T16:12:22+00:00","dateModified":"2022-06-21T16:27:22+00:00","description":"\"Das F\u00fchrer der Stadt San Remo, Italien. Online buchung f\u00fcr Hotels, Residence, Tour-Packet in San Remo und Blumenriviera.\"","breadcrumb":{"@id":"https:\/\/sanremoguide.it\/de\/die-stadt-san-remo\/villen-und-garten\/villa-nobel\/#breadcrumb"},"inLanguage":"de","potentialAction":[{"@type":"ReadAction","target":["https:\/\/sanremoguide.it\/de\/die-stadt-san-remo\/villen-und-garten\/villa-nobel\/"]}]},{"@type":"ImageObject","inLanguage":"de","@id":"https:\/\/sanremoguide.it\/de\/die-stadt-san-remo\/villen-und-garten\/villa-nobel\/#primaryimage","url":"https:\/\/www.sanremoguide.it\/uploads\/SanRemo_VillaNobel_facciata_350x200.jpg","contentUrl":"https:\/\/www.sanremoguide.it\/uploads\/SanRemo_VillaNobel_facciata_350x200.jpg"},{"@type":"BreadcrumbList","@id":"https:\/\/sanremoguide.it\/de\/die-stadt-san-remo\/villen-und-garten\/villa-nobel\/#breadcrumb","itemListElement":[{"@type":"ListItem","position":1,"name":"Home","item":"https:\/\/sanremoguide.it\/"},{"@type":"ListItem","position":2,"name":"DIE STADT SAN REMO","item":"https:\/\/sanremoguide.it\/de\/die-stadt-san-remo\/"},{"@type":"ListItem","position":3,"name":"VILLEN UND G\u00c4RTEN","item":"https:\/\/sanremoguide.it\/de\/die-stadt-san-remo\/villen-und-garten\/"},{"@type":"ListItem","position":4,"name":"Villa Nobel"}]},{"@type":"WebSite","@id":"https:\/\/sanremoguide.it\/#website","url":"https:\/\/sanremoguide.it\/","name":"SANREMO GUIDE | la guida turistica di Sanremo","description":"la guida turistica della citt\u00e0 di Sanremo","potentialAction":[{"@type":"SearchAction","target":{"@type":"EntryPoint","urlTemplate":"https:\/\/sanremoguide.it\/?s={search_term_string}"},"query-input":{"@type":"PropertyValueSpecification","valueRequired":true,"valueName":"search_term_string"}}],"inLanguage":"de"}]}},"_links":{"self":[{"href":"https:\/\/sanremoguide.it\/de\/wp-json\/wp\/v2\/pages\/171","targetHints":{"allow":["GET"]}}],"collection":[{"href":"https:\/\/sanremoguide.it\/de\/wp-json\/wp\/v2\/pages"}],"about":[{"href":"https:\/\/sanremoguide.it\/de\/wp-json\/wp\/v2\/types\/page"}],"author":[{"embeddable":true,"href":"https:\/\/sanremoguide.it\/de\/wp-json\/wp\/v2\/users\/1"}],"replies":[{"embeddable":true,"href":"https:\/\/sanremoguide.it\/de\/wp-json\/wp\/v2\/comments?post=171"}],"version-history":[{"count":8,"href":"https:\/\/sanremoguide.it\/de\/wp-json\/wp\/v2\/pages\/171\/revisions"}],"predecessor-version":[{"id":13679,"href":"https:\/\/sanremoguide.it\/de\/wp-json\/wp\/v2\/pages\/171\/revisions\/13679"}],"up":[{"embeddable":true,"href":"https:\/\/sanremoguide.it\/de\/wp-json\/wp\/v2\/pages\/165"}],"wp:attachment":[{"href":"https:\/\/sanremoguide.it\/de\/wp-json\/wp\/v2\/media?parent=171"}],"curies":[{"name":"wp","href":"https:\/\/api.w.org\/{rel}","templated":true}]}}