{"id":18,"date":"2012-02-07T10:59:13","date_gmt":"2012-02-07T10:59:13","guid":{"rendered":"http:\/\/sanremoguide.conteadinizza.it\/wordpress\/?page_id=18"},"modified":"2022-06-17T12:32:55","modified_gmt":"2022-06-17T12:32:55","slug":"home-page-3","status":"publish","type":"page","link":"https:\/\/sanremoguide.it\/de\/","title":{"rendered":"Home Page"},"content":{"rendered":"<p>[et_pb_section fb_built=&#8221;1&#8243; fullwidth=&#8221;on&#8221; module_id=&#8221;one&#8221; _builder_version=&#8221;4.16&#8243; global_colors_info=&#8221;{}&#8221;][et_pb_fullwidth_slider admin_label=&#8221;Full Width Slider&#8221; module_id=&#8221;main_slider_anr&#8221; _builder_version=&#8221;4.17.4&#8243; background_image=&#8221;http:\/\/sanremoguide.it\/wp-content\/uploads\/2018\/09\/Luca_Lombardi_Sanremo_Sanremo_Spiaggia.jpg&#8221; global_colors_info=&#8221;{}&#8221; button_text_size__hover_enabled=&#8221;off&#8221; button_one_text_size__hover_enabled=&#8221;off&#8221; button_two_text_size__hover_enabled=&#8221;off&#8221; button_text_color__hover_enabled=&#8221;off&#8221; button_one_text_color__hover_enabled=&#8221;off&#8221; button_two_text_color__hover_enabled=&#8221;off&#8221; button_border_width__hover_enabled=&#8221;off&#8221; button_one_border_width__hover_enabled=&#8221;off&#8221; button_two_border_width__hover_enabled=&#8221;off&#8221; button_border_color__hover_enabled=&#8221;off&#8221; button_one_border_color__hover_enabled=&#8221;off&#8221; button_two_border_color__hover_enabled=&#8221;off&#8221; button_border_radius__hover_enabled=&#8221;off&#8221; button_one_border_radius__hover_enabled=&#8221;off&#8221; button_two_border_radius__hover_enabled=&#8221;off&#8221; button_letter_spacing__hover_enabled=&#8221;off&#8221; button_one_letter_spacing__hover_enabled=&#8221;off&#8221; button_two_letter_spacing__hover_enabled=&#8221;off&#8221; button_bg_color__hover_enabled=&#8221;off&#8221; button_one_bg_color__hover_enabled=&#8221;off&#8221; button_two_bg_color__hover_enabled=&#8221;off&#8221;][et_pb_slide heading=&#8221;WILLKOMMEN IN SANREMO&#8221; use_bg_overlay=&#8221;off&#8221; use_text_overlay=&#8221;off&#8221; _builder_version=&#8221;4.17.4&#8243; background_image=&#8221;http:\/\/sanremoguide.it\/wp-content\/uploads\/2018\/09\/Luca_Lombardi_Sanremo_piazza-bresca.jpg&#8221; background_enable_image=&#8221;on&#8221; button_on_hover=&#8221;on&#8221; global_colors_info=&#8221;{}&#8221; button_text_size__hover_enabled=&#8221;off&#8221; button_one_text_size__hover_enabled=&#8221;off&#8221; button_two_text_size__hover_enabled=&#8221;off&#8221; button_text_color__hover_enabled=&#8221;off&#8221; button_one_text_color__hover_enabled=&#8221;off&#8221; button_two_text_color__hover_enabled=&#8221;off&#8221; button_border_width__hover_enabled=&#8221;off&#8221; button_one_border_width__hover_enabled=&#8221;off&#8221; button_two_border_width__hover_enabled=&#8221;off&#8221; button_border_color__hover_enabled=&#8221;off&#8221; button_one_border_color__hover_enabled=&#8221;off&#8221; button_two_border_color__hover_enabled=&#8221;off&#8221; button_border_radius__hover_enabled=&#8221;off&#8221; button_one_border_radius__hover_enabled=&#8221;off&#8221; button_two_border_radius__hover_enabled=&#8221;off&#8221; button_letter_spacing__hover_enabled=&#8221;off&#8221; button_one_letter_spacing__hover_enabled=&#8221;off&#8221; button_two_letter_spacing__hover_enabled=&#8221;off&#8221; button_bg_color__hover_enabled=&#8221;off&#8221; button_one_bg_color__hover_enabled=&#8221;off&#8221; button_two_bg_color__hover_enabled=&#8221;off&#8221; sticky_transition=&#8221;on&#8221;]<\/p>\n<p>DIE HAUPTSTADT DER BLUMENRIVIERA<\/p>\n<p>[\/et_pb_slide][\/et_pb_fullwidth_slider][\/et_pb_section][et_pb_section fb_built=&#8221;1&#8243; _builder_version=&#8221;4.16&#8243; custom_padding=&#8221;10px||10px|&#8221; global_colors_info=&#8221;{}&#8221;][et_pb_row _builder_version=&#8221;4.16&#8243; background_size=&#8221;initial&#8221; background_position=&#8221;top_left&#8221; background_repeat=&#8221;repeat&#8221; global_colors_info=&#8221;{}&#8221;][et_pb_column type=&#8221;4_4&#8243; _builder_version=&#8221;4.16&#8243; custom_padding=&#8221;|||&#8221; global_colors_info=&#8221;{}&#8221; custom_padding__hover=&#8221;|||&#8221;][et_pb_text admin_label=&#8221;Text&#8221; _builder_version=&#8221;4.16&#8243; text_font=&#8221;Montserrat||||||||&#8221; text_font_size=&#8221;42px&#8221; text_line_height=&#8221;1.3em&#8221; header_2_font_size=&#8221;42px&#8221; custom_margin=&#8221;||20px|&#8221; global_colors_info=&#8221;{}&#8221;]<\/p>\n<h2 style=\"text-align: center;\">Seit 1800 wird sie f\u00fcr ihr gutes Klima gesch\u00e4tzt<\/h2>\n<p>[\/et_pb_text][et_pb_divider color=&#8221;#2a2a2a&#8221; divider_weight=&#8221;3px&#8221; admin_label=&#8221;Separator module&#8221; _builder_version=&#8221;4.16&#8243; max_width=&#8221;50px&#8221; module_alignment=&#8221;center&#8221; custom_margin=&#8221;||10px|&#8221; global_colors_info=&#8221;{}&#8221;][\/et_pb_divider][\/et_pb_column][\/et_pb_row][\/et_pb_section][et_pb_section fb_built=&#8221;1&#8243; fullwidth=&#8221;on&#8221; _builder_version=&#8221;4.16&#8243; background_color=&#8221;#273740&#8243; global_colors_info=&#8221;{}&#8221;][et_pb_fullwidth_slider admin_label=&#8221;Full Width Slider&#8221; _builder_version=&#8221;4.16&#8243; background_color=&#8221;rgba(0,0,0,0.66)&#8221; global_colors_info=&#8221;{}&#8221; button_text_size__hover_enabled=&#8221;off&#8221; button_one_text_size__hover_enabled=&#8221;off&#8221; button_two_text_size__hover_enabled=&#8221;off&#8221; button_text_color__hover_enabled=&#8221;off&#8221; button_one_text_color__hover_enabled=&#8221;off&#8221; button_two_text_color__hover_enabled=&#8221;off&#8221; button_border_width__hover_enabled=&#8221;off&#8221; button_one_border_width__hover_enabled=&#8221;off&#8221; button_two_border_width__hover_enabled=&#8221;off&#8221; button_border_color__hover_enabled=&#8221;off&#8221; button_one_border_color__hover_enabled=&#8221;off&#8221; button_two_border_color__hover_enabled=&#8221;off&#8221; button_border_radius__hover_enabled=&#8221;off&#8221; button_one_border_radius__hover_enabled=&#8221;off&#8221; button_two_border_radius__hover_enabled=&#8221;off&#8221; button_letter_spacing__hover_enabled=&#8221;off&#8221; button_one_letter_spacing__hover_enabled=&#8221;off&#8221; button_two_letter_spacing__hover_enabled=&#8221;off&#8221; button_bg_color__hover_enabled=&#8221;off&#8221; button_one_bg_color__hover_enabled=&#8221;off&#8221; button_two_bg_color__hover_enabled=&#8221;off&#8221;][et_pb_slide heading=&#8221;Sonderangebote f\u00fcr ein Wochenende in Sanremo&#8221; button_text=&#8221;Entdecken Sie die Angebote&#8221; button_link=&#8221;https:\/\/sanremoweekend.it\/it&#8221; image=&#8221;http:\/\/sanremoguide.it\/wp-content\/uploads\/2020\/08\/Luca_Lombardi_Sanremo_cabine-spiaggia.jpg&#8221; use_bg_overlay=&#8221;off&#8221; use_text_overlay=&#8221;off&#8221; _builder_version=&#8221;4.16&#8243; header_font=&#8221;Montserrat|700|||||||&#8221; background_color=&#8221;rgba(126,190,197,0)&#8221; custom_button=&#8221;on&#8221; button_bg_color=&#8221;#0c71c3&#8243; button_use_icon=&#8221;on&#8221; button_icon=&#8221;&#xe074;||divi||400&#8243; button_icon_color=&#8221;#ffffff&#8221; button_on_hover=&#8221;on&#8221; button_text_color_hover=&#8221;#ffffff&#8221; button_border_color_hover=&#8221;rgba(255,255,255,0.02)&#8221; button_bg_color_hover=&#8221;#0c71c3&#8243; global_colors_info=&#8221;{}&#8221; button_text_size__hover_enabled=&#8221;off&#8221; button_one_text_size__hover_enabled=&#8221;off&#8221; button_two_text_size__hover_enabled=&#8221;off&#8221; button_text_color__hover_enabled=&#8221;on&#8221; button_text_color__hover=&#8221;#ffffff&#8221; button_one_text_color__hover_enabled=&#8221;off&#8221; button_two_text_color__hover_enabled=&#8221;off&#8221; button_border_width__hover_enabled=&#8221;off&#8221; button_one_border_width__hover_enabled=&#8221;off&#8221; button_two_border_width__hover_enabled=&#8221;off&#8221; button_border_color__hover_enabled=&#8221;on&#8221; button_border_color__hover=&#8221;rgba(255,255,255,0.02)&#8221; button_one_border_color__hover_enabled=&#8221;off&#8221; button_two_border_color__hover_enabled=&#8221;off&#8221; button_border_radius__hover_enabled=&#8221;off&#8221; button_one_border_radius__hover_enabled=&#8221;off&#8221; button_two_border_radius__hover_enabled=&#8221;off&#8221; button_letter_spacing__hover_enabled=&#8221;off&#8221; button_one_letter_spacing__hover_enabled=&#8221;off&#8221; button_two_letter_spacing__hover_enabled=&#8221;off&#8221; button_bg_color__hover_enabled=&#8221;on&#8221; button_bg_color__hover=&#8221;#0c71c3&#8243; button_one_bg_color__hover_enabled=&#8221;off&#8221; button_two_bg_color__hover_enabled=&#8221;off&#8221; sticky_transition=&#8221;on&#8221;][\/et_pb_slide][\/et_pb_fullwidth_slider][\/et_pb_section][et_pb_section fb_built=&#8221;1&#8243; _builder_version=&#8221;4.16&#8243; custom_padding=&#8221;10px||10px|&#8221; global_colors_info=&#8221;{}&#8221;][et_pb_row _builder_version=&#8221;4.16&#8243; background_size=&#8221;initial&#8221; background_position=&#8221;top_left&#8221; background_repeat=&#8221;repeat&#8221; global_colors_info=&#8221;{}&#8221;][et_pb_column type=&#8221;4_4&#8243; _builder_version=&#8221;4.16&#8243; custom_padding=&#8221;|||&#8221; global_colors_info=&#8221;{}&#8221; custom_padding__hover=&#8221;|||&#8221;][et_pb_text _builder_version=&#8221;4.16&#8243; global_colors_info=&#8221;{}&#8221;]<\/p>\n<p align=\"justify\"><strong>San Remo<\/strong>\u00a0ist die Hauptstadt der Riviera dei fiori, der\u00a0<strong>Blumenriviera<\/strong>. Seit 1800 wird sie f\u00fcr ihr gutes Klima gesch\u00e4tzt, ist jedoch f\u00fcr den Besitz ihrer sch\u00f6nen K\u00fcnste mit dem typisch ligurischen Geist, der sich so scheu dem Scheinwerferlicht gegen\u00fcber pr\u00e4sentiert und sch\u00fcchtern beim ersten Kontakt ist, relativ unbekannt. Und doch hat sie wundersch\u00f6ne Abschnitte, die K\u00fcste ist landschaftlich ein wahres Juwel Italiens, ein Landstreifen mit Wurzeln, die sich bis nach Frankreich erstrecken.<\/p>\n<p>In der Antike hie\u00df San Remo Matuzia, in Erinnerung an das Patrizierhaus von Caio Matuzio, welches westlich des heutigen Stadtkerns liegt. Einem Volksglauben zufolge entsprang der Name hingegen einer Hommage an die Dea Matuzia, G\u00f6ttin des Meeres und der Morgenr\u00f6te. Der Adel der Welt, sowie Pers\u00f6nlichkeiten bekannt aus Kultur, Wissenschaft und Industrie haben sich in San Remo aufgehalten, fasziniert von dem azurblauen Meer und dem intensiven Blumenduft.<\/p>\n<p>San Remo liegt in einer gro\u00dfen Bucht, zwischen Capo Nero und Capo Verde. Eine Stadt zum Bummeln, wo sich die Extreme ber\u00fchren. In dem \u00e4lteren Teil<strong>\u201eLa Pigna\u201c<\/strong>, findet man sich im Mittelalter wieder; mit am H\u00fcgel hochgeschachtelten H\u00e4usern, mit steilen G\u00e4sschen, \u00fcberdachten Durchg\u00e4ngen und kleinen Pl\u00e4tzen.<br \/>\nDie moderne Stadt transformierte dagegen in wenigen Jahren einen kleinen Fischervorort in ein elegantes Touristenzentrum von Weltruf. San Remo ist heute eine Stadt, die Besucher zu allen Jahreszeiten anzieht und zahlreiche M\u00f6glichkeiten zu Unterhaltung und Vergn\u00fcgen bietet. San Remo ist f\u00fcr sein<strong>Spielkasino<\/strong>\u00a0ber\u00fchmt, welches 1905 erbaut wurde und ein unbestrittenes Reich der gr\u00fcnen Tische, des Roulettes und der slot-machine darstellt.<\/p>\n<p>Die Stadt beherbergt oft auch ausgew\u00e4hlte Veranstaltungen. Hiervon die bekannteste ist das\u00a0<strong>Festival des italienischen Liedes<\/strong>: il Festival della Canzone Italiana.<\/p>\n<p>San Remo ist eine Stadt der K\u00fcnste, der Kultur und auch des Sports: Angeln, Tauchen, Rudern, Windsurfen und Motorboot fahren ist genauso m\u00f6glich wie Golf oder Baseball spielen, Reiten, Schwimmen und Fitness treiben.<\/p>\n<p>Schlie\u00dflich wird San Remo auch die\u00a0<strong>Blumenstadt<\/strong>\u00a0genannt, Citt\u00e0 dei Fiori. Bekannt in allen Teile der Welt durch die reichen G\u00e4rten und Beete, die im Glanze hunderter verschiedener Farben erstrahlen, und durch die tropischen Pflanzen, die \u00fcppig im Stadtpark wachsen.<\/p>\n<p>Wie kann man diese Stadt vergessen? Sie genau zu kennen ist schwer. Unser Vorschlag ist jede Ecke langsam zu entdecken. Jedes Mal ein kleines St\u00fcckchen mehr, in Ruhe&#8230;<br \/>\n[\/et_pb_text][\/et_pb_column][\/et_pb_row][\/et_pb_section][et_pb_section fb_built=&#8221;1&#8243; fullwidth=&#8221;on&#8221; module_class=&#8221;nyala-section-bg&#8221; _builder_version=&#8221;4.16&#8243; global_module=&#8221;11193&#8243; global_colors_info=&#8221;{}&#8221;][et_pb_fullwidth_slider admin_label=&#8221;Nyala Hotel&#8221; _builder_version=&#8221;4.17.4&#8243; header_font=&#8221;Montserrat|700|||||||&#8221; body_font=&#8221;Montserrat||||||||&#8221; background_color=&#8221;rgba(0,0,0,0.66)&#8221; custom_button=&#8221;on&#8221; button_text_color=&#8221;#ffffff&#8221; button_bg_color=&#8221;#0c71c3&#8243; button_border_color=&#8221;#ffffff&#8221; button_font=&#8221;Montserrat||||||||&#8221; button_icon=&#8221;%%236%%&#8221; button_icon_color=&#8221;#ffffff&#8221; button_text_color_hover=&#8221;#ffffff&#8221; button_bg_color_hover=&#8221;#0c71c3&#8243; global_colors_info=&#8221;{}&#8221; button_text_size__hover_enabled=&#8221;off&#8221; button_one_text_size__hover_enabled=&#8221;off&#8221; button_two_text_size__hover_enabled=&#8221;off&#8221; button_text_color__hover_enabled=&#8221;on&#8221; button_text_color__hover=&#8221;#ffffff&#8221; button_one_text_color__hover_enabled=&#8221;off&#8221; button_two_text_color__hover_enabled=&#8221;off&#8221; button_border_width__hover_enabled=&#8221;off&#8221; button_one_border_width__hover_enabled=&#8221;off&#8221; button_two_border_width__hover_enabled=&#8221;off&#8221; button_border_color__hover_enabled=&#8221;off&#8221; button_one_border_color__hover_enabled=&#8221;off&#8221; button_two_border_color__hover_enabled=&#8221;off&#8221; button_border_radius__hover_enabled=&#8221;off&#8221; button_one_border_radius__hover_enabled=&#8221;off&#8221; button_two_border_radius__hover_enabled=&#8221;off&#8221; button_letter_spacing__hover_enabled=&#8221;off&#8221; button_one_letter_spacing__hover_enabled=&#8221;off&#8221; button_two_letter_spacing__hover_enabled=&#8221;off&#8221; button_bg_color__hover_enabled=&#8221;on&#8221; button_bg_color__hover=&#8221;#0c71c3&#8243; button_one_bg_color__hover_enabled=&#8221;off&#8221; button_two_bg_color__hover_enabled=&#8221;off&#8221;][et_pb_slide heading=&#8221;NYALA SUITE HOTEL&#8221; button_text=&#8221;VISITA IL SITO&#8221; button_link=&#8221;https:\/\/www.nyalahotel.com\/de\/&#8221; image=&#8221;http:\/\/sanremoguide.it\/wp-content\/uploads\/2018\/05\/nyalahotelsanremo.jpg&#8221; use_bg_overlay=&#8221;off&#8221; use_text_overlay=&#8221;off&#8221; _builder_version=&#8221;4.17.4&#8243; header_font=&#8221;||||||||&#8221; body_font=&#8221;||||||||&#8221; background_color=&#8221;rgba(126,190,197,0)&#8221; custom_button=&#8221;on&#8221; button_bg_color=&#8221;#0c71c3&#8243; button_font=&#8221;||||||||&#8221; button_use_icon=&#8221;on&#8221; button_on_hover=&#8221;on&#8221; hover_enabled=&#8221;0&#8243; button_border_color_hover=&#8221;rgba(255,255,255,0.02)&#8221; global_colors_info=&#8221;{}&#8221; button_text_size__hover_enabled=&#8221;off&#8221; button_one_text_size__hover_enabled=&#8221;off&#8221; button_two_text_size__hover_enabled=&#8221;off&#8221; button_text_color__hover_enabled=&#8221;off&#8221; button_one_text_color__hover_enabled=&#8221;off&#8221; button_two_text_color__hover_enabled=&#8221;off&#8221; button_border_width__hover_enabled=&#8221;off&#8221; button_one_border_width__hover_enabled=&#8221;off&#8221; button_two_border_width__hover_enabled=&#8221;off&#8221; button_border_color__hover_enabled=&#8221;on&#8221; button_border_color__hover=&#8221;rgba(255,255,255,0.02)&#8221; button_one_border_color__hover_enabled=&#8221;off&#8221; button_two_border_color__hover_enabled=&#8221;off&#8221; button_border_radius__hover_enabled=&#8221;off&#8221; button_one_border_radius__hover_enabled=&#8221;off&#8221; button_two_border_radius__hover_enabled=&#8221;off&#8221; button_letter_spacing__hover_enabled=&#8221;off&#8221; button_one_letter_spacing__hover_enabled=&#8221;off&#8221; button_two_letter_spacing__hover_enabled=&#8221;off&#8221; button_bg_color__hover_enabled=&#8221;off&#8221; button_one_bg_color__hover_enabled=&#8221;off&#8221; button_two_bg_color__hover_enabled=&#8221;off&#8221; sticky_transition=&#8221;on&#8221; sticky_enabled=&#8221;0&#8243;]Entdecken Sie unser modernes Hotel in ruhiger und panoramischer Lage in Sanremo.[\/et_pb_slide][\/et_pb_fullwidth_slider][\/et_pb_section]<\/p>\n","protected":false},"excerpt":{"rendered":"<p>DIE HAUPTSTADT DER BLUMENRIVIERASeit 1800 wird sie f\u00fcr ihr gutes Klima gesch\u00e4tzt San Remo\u00a0ist die Hauptstadt der Riviera dei fiori, der\u00a0Blumenriviera. Seit 1800 wird sie f\u00fcr ihr gutes Klima gesch\u00e4tzt, ist jedoch f\u00fcr den Besitz ihrer sch\u00f6nen K\u00fcnste mit dem typisch ligurischen Geist, der sich so scheu dem Scheinwerferlicht gegen\u00fcber pr\u00e4sentiert und sch\u00fcchtern beim ersten [&hellip;]<\/p>\n","protected":false},"author":1,"featured_media":0,"parent":0,"menu_order":0,"comment_status":"closed","ping_status":"closed","template":"","meta":{"_et_pb_use_builder":"on","_et_pb_old_content":"<h4><strong>Benvenuti a Sanremo!<\/strong><\/h4><p><!--more---><\/p><p align=\"justify\"><strong>Sanremo<\/strong>\u00a0\u00e8 la capitale della\u00a0<strong>Riviera dei fiori<\/strong>. Apprezzata fin dal 1800 per il fattore climatico, non \u00e8 altrettanto conosciuta per le bellezze artistiche che possiede, perch\u00e9 ha in s\u00e9 quello spirito ligure, cos\u00ec schivo ai riflettori e timido al primo contatto. Eppure la citt\u00e0 di Sanremo ha scorci stupendi e nell'insieme architettonico, paesaggistico \u00e8 un vero gioiello dell'Italia, un lembo di terra con le radici protratte fino in Francia.<\/p><p>Nell'antichit\u00e0 era chiamata Matuzia in ricordo della casa patrizia di Caio Matuzio costruita a ovest dell'odierno centro cittadino ma secondo una credenza popolare invece in omaggio alla Dea Matuzia divinit\u00e0 del mare e dell'aurora. Principi leggendari, personaggi insigni della cultura, della scienza e dell'industria mondiale hanno soggiornato a Sanremo affascinati dal mare azzurro e dal profumo intenso dei fiori.<\/p><h2>Visitare Sanremo<\/h2><p>Sanremo si trova in un'ampia insenatura della Riviera Ligure, tra Capo Nero e Capo Verde. Citt\u00e0 da sfogliare, ove gli estremi si toccano, nella parte pi\u00f9 antica \u00e8 nota come\u00a0<strong>la Pigna<\/strong>, con le case arroccate \u00e8 uno scorcio di Medioevo, con le stradine ripide, i passaggi coperti e le piccole piazze.<\/p><p>La citt\u00e0 moderna invece trasforma in pochi anni il borgo di pescatori in un elegante centro turistico di fama mondiale. Sanremo \u00e8 oggi una citt\u00e0 che accoglie visitatori e turisti in ogni periodo dell'anno e li intrattiene con manifestazioni e infinite possibilit\u00e0 di divertimento. Sanremo, famosa per il<strong> Casin\u00f2 municipale<\/strong>, costruito nel 1905, regno incontrastato degli appassionati dei tavoli verdi, delle roulettes e delle slot-machine.<\/p><h2>Eventi a Sanremo<\/h2><p>Frequenti e selezionate le manifestazioni ospitate dalla citt\u00e0.<\/p><p>La pi\u00f9 celebre il<strong> Festival della Canzone Italiana<\/strong>, specchio dei costumi italiani, che ogni anno dal 1951 nel mese di febbraio appassiona con la gara canora e stupisce per con la gran cassa mediatica che travalica i confini nazionali. I fan del <strong>Festival di Sanremo<\/strong> si possono trovare in tutto il mondo, dalle Americhe alla Russia.<\/p><p>La pi\u00f9 tradizionale delle manifestazioni \u00e8 il <strong>Corso Fiorito \"Sanremo in Fiore\"<\/strong>, una <strong>sfilata di carri fioriti<\/strong> nata nei primi del '900 e tramandatasi di generazione in generazione, costituisce un vero <strong>Carnevale dei Fiori<\/strong>, con i mille colori dei fiori di Sanremo e dei gruppi musicali di contorno.<\/p><p>La <strong>Milano-Sanremo<\/strong>, nata nel 1910 \u00e8 tradizionalmente la corsa ciclistica che apre la stagione delle Grandi Classiche: un palcoscenico dove solo i grandi campioni del pedale sanno tronfare. Nel mese di giugno, poi, si svolge la granfondo Milano - Sanremo amatoriale, che richiama appassionati da tutta Europa, mentre\u00a0 la nuova <strong>pista ciclabile<\/strong> del Parco Costiero della Riviera dei Fiori e i <strong>percorsi di mountain bike<\/strong> nell'entroterra della Alpi liguri sono a disposizione degli appassionati della bicicletta in tutte le stagioni dell'anno.<\/p><p>Rombano i motori nel mese di ottobre con il <strong>Rallye di Sanremo<\/strong>, nata nel 1928 \u00e8 una gara motoristica entrata nel mito per anni prova del Campionato del Mondo Rally ed oggi proga del circuito IRC Itercontinental Rally Challenge.<\/p><p>Sanremo citt\u00e0 d'arte, cultura e sport: pesca, immersioni, canottaggio, vela surf e motonautica, ancora efficienti impianti per svariate attivit\u00e0 quali golf, equitazione, baseball, nuoto e fitness.<\/p><p>Infine Sanremo\u00a0<strong>Citt\u00e0 dei Fiori<\/strong>, conosciuti in ogni parte del mondo, con giardini lussureggianti, aiuole dai mille colori e piante tropicali che crescono rigogliose nei parchi cittadini.<\/p><p align=\"justify\">Come si pu\u00f2 dimenticarla? Conoscendola a fondo, \u00e8 difficile.<br \/>L'invito - guidato - \u00e8 a scoprirne ogni angolo. Un pezzetto per volta, con calma..<\/p>","_et_gb_content_width":""},"yoast_head":"<!-- This site is optimized with the Yoast SEO plugin v21.8.1 - https:\/\/yoast.com\/wordpress\/plugins\/seo\/ -->\n<title>San Remo Guide :: der F\u00fchrer durch die Stadt San Remo Italien und Blumenriviera<\/title>\n<meta name=\"description\" content=\"Das F\u00fchrer der Stadt San Remo, Italien. Online buchung f\u00fcr Hotels, Residence, Tour-Packet in San Remo und Blumenriviera.\" \/>\n<meta name=\"robots\" content=\"index, follow, max-snippet:-1, max-image-preview:large, max-video-preview:-1\" \/>\n<link rel=\"canonical\" href=\"https:\/\/sanremoguide.it\/\" \/>\n<meta property=\"og:locale\" content=\"de_DE\" \/>\n<meta property=\"og:type\" content=\"article\" \/>\n<meta property=\"og:title\" content=\"San Remo Guide :: der F\u00fchrer durch die Stadt San Remo Italien und Blumenriviera\" \/>\n<meta property=\"og:description\" content=\"Das F\u00fchrer der Stadt San Remo, Italien. Online buchung f\u00fcr Hotels, Residence, Tour-Packet in San Remo und Blumenriviera.\" \/>\n<meta property=\"og:url\" content=\"https:\/\/sanremoguide.it\/\" \/>\n<meta property=\"og:site_name\" content=\"SANREMO GUIDE | la guida turistica di Sanremo\" \/>\n<meta property=\"article:modified_time\" content=\"2022-06-17T12:32:55+00:00\" \/>\n<meta name=\"twitter:label1\" content=\"Gesch\u00e4tzte Lesezeit\" \/>\n\t<meta name=\"twitter:data1\" content=\"9\u00a0Minuten\" \/>\n<script type=\"application\/ld+json\" class=\"yoast-schema-graph\">{\"@context\":\"https:\/\/schema.org\",\"@graph\":[{\"@type\":\"WebPage\",\"@id\":\"https:\/\/sanremoguide.it\/\",\"url\":\"https:\/\/sanremoguide.it\/\",\"name\":\"San Remo Guide :: der F\u00fchrer durch die Stadt San Remo Italien und Blumenriviera\",\"isPartOf\":{\"@id\":\"https:\/\/sanremoguide.it\/#website\"},\"datePublished\":\"2012-02-07T10:59:13+00:00\",\"dateModified\":\"2022-06-17T12:32:55+00:00\",\"description\":\"Das F\u00fchrer der Stadt San Remo, Italien. Online buchung f\u00fcr Hotels, Residence, Tour-Packet in San Remo und Blumenriviera.\",\"breadcrumb\":{\"@id\":\"https:\/\/sanremoguide.it\/#breadcrumb\"},\"inLanguage\":\"de\",\"potentialAction\":[{\"@type\":\"ReadAction\",\"target\":[\"https:\/\/sanremoguide.it\/\"]}]},{\"@type\":\"BreadcrumbList\",\"@id\":\"https:\/\/sanremoguide.it\/#breadcrumb\",\"itemListElement\":[{\"@type\":\"ListItem\",\"position\":1,\"name\":\"Home\",\"item\":\"https:\/\/sanremoguide.it\/\"},{\"@type\":\"ListItem\",\"position\":2,\"name\":\"Home Page\"}]},{\"@type\":\"WebSite\",\"@id\":\"https:\/\/sanremoguide.it\/#website\",\"url\":\"https:\/\/sanremoguide.it\/\",\"name\":\"SANREMO GUIDE | la guida turistica di Sanremo\",\"description\":\"la guida turistica della citt\u00e0 di Sanremo\",\"potentialAction\":[{\"@type\":\"SearchAction\",\"target\":{\"@type\":\"EntryPoint\",\"urlTemplate\":\"https:\/\/sanremoguide.it\/?s={search_term_string}\"},\"query-input\":\"required name=search_term_string\"}],\"inLanguage\":\"de\"}]}<\/script>\n<!-- \/ Yoast SEO plugin. -->","yoast_head_json":{"title":"San Remo Guide :: der F\u00fchrer durch die Stadt San Remo Italien und Blumenriviera","description":"Das F\u00fchrer der Stadt San Remo, Italien. Online buchung f\u00fcr Hotels, Residence, Tour-Packet in San Remo und Blumenriviera.","robots":{"index":"index","follow":"follow","max-snippet":"max-snippet:-1","max-image-preview":"max-image-preview:large","max-video-preview":"max-video-preview:-1"},"canonical":"https:\/\/sanremoguide.it\/","og_locale":"de_DE","og_type":"article","og_title":"San Remo Guide :: der F\u00fchrer durch die Stadt San Remo Italien und Blumenriviera","og_description":"Das F\u00fchrer der Stadt San Remo, Italien. Online buchung f\u00fcr Hotels, Residence, Tour-Packet in San Remo und Blumenriviera.","og_url":"https:\/\/sanremoguide.it\/","og_site_name":"SANREMO GUIDE | la guida turistica di Sanremo","article_modified_time":"2022-06-17T12:32:55+00:00","twitter_misc":{"Gesch\u00e4tzte Lesezeit":"9\u00a0Minuten"},"schema":{"@context":"https:\/\/schema.org","@graph":[{"@type":"WebPage","@id":"https:\/\/sanremoguide.it\/","url":"https:\/\/sanremoguide.it\/","name":"San Remo Guide :: der F\u00fchrer durch die Stadt San Remo Italien und Blumenriviera","isPartOf":{"@id":"https:\/\/sanremoguide.it\/#website"},"datePublished":"2012-02-07T10:59:13+00:00","dateModified":"2022-06-17T12:32:55+00:00","description":"Das F\u00fchrer der Stadt San Remo, Italien. Online buchung f\u00fcr Hotels, Residence, Tour-Packet in San Remo und Blumenriviera.","breadcrumb":{"@id":"https:\/\/sanremoguide.it\/#breadcrumb"},"inLanguage":"de","potentialAction":[{"@type":"ReadAction","target":["https:\/\/sanremoguide.it\/"]}]},{"@type":"BreadcrumbList","@id":"https:\/\/sanremoguide.it\/#breadcrumb","itemListElement":[{"@type":"ListItem","position":1,"name":"Home","item":"https:\/\/sanremoguide.it\/"},{"@type":"ListItem","position":2,"name":"Home Page"}]},{"@type":"WebSite","@id":"https:\/\/sanremoguide.it\/#website","url":"https:\/\/sanremoguide.it\/","name":"SANREMO GUIDE | la guida turistica di Sanremo","description":"la guida turistica della citt\u00e0 di Sanremo","potentialAction":[{"@type":"SearchAction","target":{"@type":"EntryPoint","urlTemplate":"https:\/\/sanremoguide.it\/?s={search_term_string}"},"query-input":"required name=search_term_string"}],"inLanguage":"de"}]}},"_links":{"self":[{"href":"https:\/\/sanremoguide.it\/de\/wp-json\/wp\/v2\/pages\/18"}],"collection":[{"href":"https:\/\/sanremoguide.it\/de\/wp-json\/wp\/v2\/pages"}],"about":[{"href":"https:\/\/sanremoguide.it\/de\/wp-json\/wp\/v2\/types\/page"}],"author":[{"embeddable":true,"href":"https:\/\/sanremoguide.it\/de\/wp-json\/wp\/v2\/users\/1"}],"replies":[{"embeddable":true,"href":"https:\/\/sanremoguide.it\/de\/wp-json\/wp\/v2\/comments?post=18"}],"version-history":[{"count":9,"href":"https:\/\/sanremoguide.it\/de\/wp-json\/wp\/v2\/pages\/18\/revisions"}],"predecessor-version":[{"id":12972,"href":"https:\/\/sanremoguide.it\/de\/wp-json\/wp\/v2\/pages\/18\/revisions\/12972"}],"wp:attachment":[{"href":"https:\/\/sanremoguide.it\/de\/wp-json\/wp\/v2\/media?parent=18"}],"curies":[{"name":"wp","href":"https:\/\/api.w.org\/{rel}","templated":true}]}}