{"id":190,"date":"2012-02-07T16:29:15","date_gmt":"2012-02-07T16:29:15","guid":{"rendered":"http:\/\/sanremoguide.conteadinizza.it\/wordpress\/?page_id=190"},"modified":"2022-06-17T17:51:18","modified_gmt":"2022-06-17T17:51:18","slug":"veranstaltungen","status":"publish","type":"page","link":"https:\/\/sanremoguide.it\/de\/veranstaltungen\/","title":{"rendered":"VERANSTALTUNGEN"},"content":{"rendered":"<p>[et_pb_section fb_built=&#8220;1&#8243; fullwidth=&#8220;on&#8220; _builder_version=&#8220;4.17.4&#8243; _module_preset=&#8220;default&#8220; locked=&#8220;off&#8220; global_colors_info=&#8220;{}&#8220;][et_pb_fullwidth_slider _builder_version=&#8220;4.17.4&#8243; _module_preset=&#8220;default&#8220; background_image=&#8220;https:\/\/sanremoguide.it\/wp-content\/uploads\/2018\/09\/Luca_Lombardi_Sanremo_La_Primavera.jpg&#8220; global_colors_info=&#8220;{}&#8220;][et_pb_slide heading=&#8220;VERANSTALTUNGEN&#8220; _builder_version=&#8220;4.17.4&#8243; _module_preset=&#8220;default&#8220; custom_button=&#8220;on&#8220; button_text_color=&#8220;#256b00&#8243; button_bg_color=&#8220;#f2b500&#8243; button_border_color=&#8220;#FFFFFF&#8220; button_icon=&#8220;&#x41;||divi||400&#8243; text_orientation=&#8220;center&#8220; background_layout=&#8220;light&#8220; box_shadow_style_button=&#8220;preset1&#8243; text_shadow_style=&#8220;preset3&#8243; global_colors_info=&#8220;{}&#8220; sticky_transition=&#8220;on&#8220;][\/et_pb_slide][\/et_pb_fullwidth_slider][\/et_pb_section][et_pb_section fb_built=&#8220;1&#8243; admin_label=&#8220;section&#8220; _builder_version=&#8220;4.16&#8243; global_colors_info=&#8220;{}&#8220;][et_pb_row admin_label=&#8220;row&#8220; _builder_version=&#8220;4.16&#8243; background_size=&#8220;initial&#8220; background_position=&#8220;top_left&#8220; background_repeat=&#8220;repeat&#8220; global_colors_info=&#8220;{}&#8220;][et_pb_column type=&#8220;4_4&#8243; _builder_version=&#8220;4.16&#8243; custom_padding=&#8220;|||&#8220; global_colors_info=&#8220;{}&#8220; custom_padding__hover=&#8220;|||&#8220;][et_pb_text admin_label=&#8220;Text&#8220; _builder_version=&#8220;4.16&#8243; background_size=&#8220;initial&#8220; background_position=&#8220;top_left&#8220; background_repeat=&#8220;repeat&#8220; global_colors_info=&#8220;{}&#8220;]<img decoding=\"async\" class=\"aligncenter\" src=\"https:\/\/www.sanremoguide.it\/uploads\/SanRemo_festival2004_350x200.jpg\" alt=\"&lt;b&gt;La scenografia del Festival di Sanremo 2004&lt;\/b&gt; - Immagine RAI\" \/><\/p>\n<p>Wohnen in San Remo bedeutet teilhaben an einer langen Liste von Veranstaltungen, vom\u00a0<strong>Festival della Canzone<\/strong>\u00a0zum\u00a0<strong>Corso Fiorito<\/strong>, von der<strong>Rally\u00a0<\/strong>zum\u00a0<strong>Radrennen Mailand \u2013 San Remo<\/strong>.<\/p>\n<p>Diese Events finden in der wundersch\u00f6nen Szenerie San Remos statt. F\u00fcr jedes einzelne zieht die Stadt ihr schillerndes Gewand \u00fcber: Lichter, Glanz, nat\u00fcrlich die ber\u00fchmten Blumen, die den Rahmen f\u00fcr alle Veranstaltungen bilden, bieten ein unvergleichliches Panorama: bunte Farben zart in die warmen Strahlen der Sonne getaucht, wenn sie abends langsam im Meer versinkt.<\/p>\n<p>Es bieten sich viele gute Gelegenheiten San Remo einen Besuch abzustatten: so d\u00fcrfen Liebhaber von Blumen und Festwagen beim Corso Fiorito nicht fehlen, hier gibt es ein Meer von bunten Gew\u00e4chsen zu bewundern. Liebhaber sch\u00f6ner Musik sollten den Tenco Preis in ihrem Kalender notieren, w\u00e4hrend Sportler aller Disziplinen bei verschiedenen Wettk\u00e4mpfen voll auf ihre Kosten kommen.<\/p>\n<p>Es wird eine gro\u00dfe Bandbreite von Veranstaltungen angeboten, mit Sicherheit findet ein jeder etwas Passendes f\u00fcr sich und seine Familie. Neben den Events f\u00fcr Erwachsene wird auch an die Kleinen gedacht. Ein abwechslungsreiches Kinderprogramm mit Clowns und Jongleuren bietet Kindern Ablenkung.<\/p>\n<p>Ob in den Stra\u00dfen der Stadtmitte, am Hafen oder in den H\u00fcgeln, \u00fcberall \u00fcberrascht die Blumenstadt ihre Besucher mit lebendiger Unterhaltung, die niemals langweilig wird und immer etwas Neues zu bieten hat.[\/et_pb_text][\/et_pb_column][\/et_pb_row][\/et_pb_section][et_pb_section fb_built=&#8220;1&#8243; fullwidth=&#8220;on&#8220; _builder_version=&#8220;4.17.4&#8243; _module_preset=&#8220;default&#8220; global_module=&#8220;12524&#8243; saved_tabs=&#8220;all&#8220; locked=&#8220;off&#8220; collapsed=&#8220;off&#8220; global_colors_info=&#8220;{}&#8220;][et_pb_fullwidth_slider _builder_version=&#8220;4.17.4&#8243; _module_preset=&#8220;default&#8220; global_colors_info=&#8220;{}&#8220;][et_pb_slide heading=&#8220;ESCURSIONI ED EXPERIENCE A SANREMO E IN RIVIERA&#8220; button_text=&#8220;RICHIEDI IL CATALOGO&#8220; button_link=&#8220;https:\/\/sanremoguide.it\/contatti&#8220; image=&#8220;https:\/\/sanremoguide.it\/wp-content\/uploads\/2022\/06\/itouriviera.png&#8220; _builder_version=&#8220;4.17.4&#8243; _module_preset=&#8220;default&#8220; background_image=&#8220;https:\/\/sanremoguide.it\/wp-content\/uploads\/2018\/07\/luca-lombardi-sanremo_bn.jpg&#8220; background_enable_image=&#8220;on&#8220; custom_button=&#8220;on&#8220; button_bg_color=&#8220;#E09900&#8243; button_border_width=&#8220;1px&#8220; button_border_color=&#8220;#FFFFFF&#8220; global_colors_info=&#8220;{}&#8220; sticky_transition=&#8220;on&#8220;][\/et_pb_slide][\/et_pb_fullwidth_slider][\/et_pb_section]<\/p>\n","protected":false},"excerpt":{"rendered":"<p>Wohnen in San Remo bedeutet teilhaben an einer langen Liste von Veranstaltungen, vom\u00a0Festival della Canzone\u00a0zum\u00a0Corso Fiorito, von derRally\u00a0zum\u00a0Radrennen Mailand \u2013 San Remo. Diese Events finden in der wundersch\u00f6nen Szenerie San Remos statt. F\u00fcr jedes einzelne zieht die Stadt ihr schillerndes Gewand \u00fcber: Lichter, Glanz, nat\u00fcrlich die ber\u00fchmten Blumen, die den Rahmen f\u00fcr alle Veranstaltungen bilden, [&hellip;]<\/p>\n","protected":false},"author":1,"featured_media":0,"parent":0,"menu_order":0,"comment_status":"closed","ping_status":"closed","template":"","meta":{"_et_pb_use_builder":"on","_et_pb_old_content":"<img class=\"aligncenter\" src=\"https:\/\/www.sanremoguide.it\/uploads\/SanRemo_festival2004_350x200.jpg\" alt=\"<b>La scenografia del Festival di Sanremo 2004<\/b> - Immagine RAI\" \/>\r\n\r\nWohnen in San Remo bedeutet teilhaben an einer langen Liste von Veranstaltungen, vom\u00a0<strong>Festival della Canzone<\/strong>\u00a0zum\u00a0<strong>Corso Fiorito<\/strong>, von der<strong>Rally\u00a0<\/strong>zum\u00a0<strong>Radrennen Mailand \u2013 San Remo<\/strong>.\r\n\r\nDiese Events finden in der wundersch\u00f6nen Szenerie San Remos statt. F\u00fcr jedes einzelne zieht die Stadt ihr schillerndes Gewand \u00fcber: Lichter, Glanz, nat\u00fcrlich die ber\u00fchmten Blumen, die den Rahmen f\u00fcr alle Veranstaltungen bilden, bieten ein unvergleichliches Panorama: bunte Farben zart in die warmen Strahlen der Sonne getaucht, wenn sie abends langsam im Meer versinkt.\r\n\r\nEs bieten sich viele gute Gelegenheiten San Remo einen Besuch abzustatten: so d\u00fcrfen Liebhaber von Blumen und Festwagen beim Corso Fiorito nicht fehlen, hier gibt es ein Meer von bunten Gew\u00e4chsen zu bewundern. Liebhaber sch\u00f6ner Musik sollten den Tenco Preis in ihrem Kalender notieren, w\u00e4hrend Sportler aller Disziplinen bei verschiedenen Wettk\u00e4mpfen voll auf ihre Kosten kommen.\r\n\r\nEs wird eine gro\u00dfe Bandbreite von Veranstaltungen angeboten, mit Sicherheit findet ein jeder etwas Passendes f\u00fcr sich und seine Familie. Neben den Events f\u00fcr Erwachsene wird auch an die Kleinen gedacht. Ein abwechslungsreiches Kinderprogramm mit Clowns und Jongleuren bietet Kindern Ablenkung.\r\n\r\nOb in den Stra\u00dfen der Stadtmitte, am Hafen oder in den H\u00fcgeln, \u00fcberall \u00fcberrascht die Blumenstadt ihre Besucher mit lebendiger Unterhaltung, die niemals langweilig wird und immer etwas Neues zu bieten hat.","_et_gb_content_width":"","footnotes":""},"class_list":["post-190","page","type-page","status-publish","hentry"],"yoast_head":"<!-- This site is optimized with the Yoast SEO plugin v27.5 - https:\/\/yoast.com\/product\/yoast-seo-wordpress\/ -->\n<title>Veranstaltungen San Remo - San Remo Guide<\/title>\n<meta name=\"description\" content=\"&quot;Das F\u00fchrer der Stadt San Remo, Italien. Online buchung f\u00fcr Hotels, Residence, Tour-Packet in San Remo und Blumenriviera.&quot;\" \/>\n<meta name=\"robots\" content=\"index, follow, max-snippet:-1, max-image-preview:large, max-video-preview:-1\" \/>\n<link rel=\"canonical\" href=\"https:\/\/sanremoguide.it\/de\/veranstaltungen\/\" \/>\n<meta property=\"og:locale\" content=\"de_DE\" \/>\n<meta property=\"og:type\" content=\"article\" \/>\n<meta property=\"og:title\" content=\"Veranstaltungen San Remo - San Remo Guide\" \/>\n<meta property=\"og:description\" content=\"&quot;Das F\u00fchrer der Stadt San Remo, Italien. Online buchung f\u00fcr Hotels, Residence, Tour-Packet in San Remo und Blumenriviera.&quot;\" \/>\n<meta property=\"og:url\" content=\"https:\/\/sanremoguide.it\/de\/veranstaltungen\/\" \/>\n<meta property=\"og:site_name\" content=\"SANREMO GUIDE | la guida turistica di Sanremo\" \/>\n<meta property=\"article:modified_time\" content=\"2022-06-17T17:51:18+00:00\" \/>\n<meta property=\"og:image\" content=\"https:\/\/www.sanremoguide.it\/uploads\/SanRemo_festival2004_350x200.jpg\" \/>\n<meta name=\"twitter:label1\" content=\"Gesch\u00e4tzte Lesezeit\" \/>\n\t<meta name=\"twitter:data1\" content=\"3\u00a0Minuten\" \/>\n<script type=\"application\/ld+json\" class=\"yoast-schema-graph\">{\"@context\":\"https:\\\/\\\/schema.org\",\"@graph\":[{\"@type\":\"WebPage\",\"@id\":\"https:\\\/\\\/sanremoguide.it\\\/de\\\/veranstaltungen\\\/\",\"url\":\"https:\\\/\\\/sanremoguide.it\\\/de\\\/veranstaltungen\\\/\",\"name\":\"Veranstaltungen San Remo - San Remo Guide\",\"isPartOf\":{\"@id\":\"https:\\\/\\\/sanremoguide.it\\\/#website\"},\"primaryImageOfPage\":{\"@id\":\"https:\\\/\\\/sanremoguide.it\\\/de\\\/veranstaltungen\\\/#primaryimage\"},\"image\":{\"@id\":\"https:\\\/\\\/sanremoguide.it\\\/de\\\/veranstaltungen\\\/#primaryimage\"},\"thumbnailUrl\":\"https:\\\/\\\/www.sanremoguide.it\\\/uploads\\\/SanRemo_festival2004_350x200.jpg\",\"datePublished\":\"2012-02-07T16:29:15+00:00\",\"dateModified\":\"2022-06-17T17:51:18+00:00\",\"description\":\"\\\"Das F\u00fchrer der Stadt San Remo, Italien. Online buchung f\u00fcr Hotels, Residence, Tour-Packet in San Remo und Blumenriviera.\\\"\",\"breadcrumb\":{\"@id\":\"https:\\\/\\\/sanremoguide.it\\\/de\\\/veranstaltungen\\\/#breadcrumb\"},\"inLanguage\":\"de\",\"potentialAction\":[{\"@type\":\"ReadAction\",\"target\":[\"https:\\\/\\\/sanremoguide.it\\\/de\\\/veranstaltungen\\\/\"]}]},{\"@type\":\"ImageObject\",\"inLanguage\":\"de\",\"@id\":\"https:\\\/\\\/sanremoguide.it\\\/de\\\/veranstaltungen\\\/#primaryimage\",\"url\":\"https:\\\/\\\/www.sanremoguide.it\\\/uploads\\\/SanRemo_festival2004_350x200.jpg\",\"contentUrl\":\"https:\\\/\\\/www.sanremoguide.it\\\/uploads\\\/SanRemo_festival2004_350x200.jpg\"},{\"@type\":\"BreadcrumbList\",\"@id\":\"https:\\\/\\\/sanremoguide.it\\\/de\\\/veranstaltungen\\\/#breadcrumb\",\"itemListElement\":[{\"@type\":\"ListItem\",\"position\":1,\"name\":\"Home\",\"item\":\"https:\\\/\\\/sanremoguide.it\\\/\"},{\"@type\":\"ListItem\",\"position\":2,\"name\":\"VERANSTALTUNGEN\"}]},{\"@type\":\"WebSite\",\"@id\":\"https:\\\/\\\/sanremoguide.it\\\/#website\",\"url\":\"https:\\\/\\\/sanremoguide.it\\\/\",\"name\":\"SANREMO GUIDE | la guida turistica di Sanremo\",\"description\":\"la guida turistica della citt\u00e0 di Sanremo\",\"potentialAction\":[{\"@type\":\"SearchAction\",\"target\":{\"@type\":\"EntryPoint\",\"urlTemplate\":\"https:\\\/\\\/sanremoguide.it\\\/?s={search_term_string}\"},\"query-input\":{\"@type\":\"PropertyValueSpecification\",\"valueRequired\":true,\"valueName\":\"search_term_string\"}}],\"inLanguage\":\"de\"}]}<\/script>\n<!-- \/ Yoast SEO plugin. -->","yoast_head_json":{"title":"Veranstaltungen San Remo - San Remo Guide","description":"\"Das F\u00fchrer der Stadt San Remo, Italien. Online buchung f\u00fcr Hotels, Residence, Tour-Packet in San Remo und Blumenriviera.\"","robots":{"index":"index","follow":"follow","max-snippet":"max-snippet:-1","max-image-preview":"max-image-preview:large","max-video-preview":"max-video-preview:-1"},"canonical":"https:\/\/sanremoguide.it\/de\/veranstaltungen\/","og_locale":"de_DE","og_type":"article","og_title":"Veranstaltungen San Remo - San Remo Guide","og_description":"\"Das F\u00fchrer der Stadt San Remo, Italien. Online buchung f\u00fcr Hotels, Residence, Tour-Packet in San Remo und Blumenriviera.\"","og_url":"https:\/\/sanremoguide.it\/de\/veranstaltungen\/","og_site_name":"SANREMO GUIDE | la guida turistica di Sanremo","article_modified_time":"2022-06-17T17:51:18+00:00","og_image":[{"url":"https:\/\/www.sanremoguide.it\/uploads\/SanRemo_festival2004_350x200.jpg","type":"","width":"","height":""}],"twitter_misc":{"Gesch\u00e4tzte Lesezeit":"3\u00a0Minuten"},"schema":{"@context":"https:\/\/schema.org","@graph":[{"@type":"WebPage","@id":"https:\/\/sanremoguide.it\/de\/veranstaltungen\/","url":"https:\/\/sanremoguide.it\/de\/veranstaltungen\/","name":"Veranstaltungen San Remo - San Remo Guide","isPartOf":{"@id":"https:\/\/sanremoguide.it\/#website"},"primaryImageOfPage":{"@id":"https:\/\/sanremoguide.it\/de\/veranstaltungen\/#primaryimage"},"image":{"@id":"https:\/\/sanremoguide.it\/de\/veranstaltungen\/#primaryimage"},"thumbnailUrl":"https:\/\/www.sanremoguide.it\/uploads\/SanRemo_festival2004_350x200.jpg","datePublished":"2012-02-07T16:29:15+00:00","dateModified":"2022-06-17T17:51:18+00:00","description":"\"Das F\u00fchrer der Stadt San Remo, Italien. Online buchung f\u00fcr Hotels, Residence, Tour-Packet in San Remo und Blumenriviera.\"","breadcrumb":{"@id":"https:\/\/sanremoguide.it\/de\/veranstaltungen\/#breadcrumb"},"inLanguage":"de","potentialAction":[{"@type":"ReadAction","target":["https:\/\/sanremoguide.it\/de\/veranstaltungen\/"]}]},{"@type":"ImageObject","inLanguage":"de","@id":"https:\/\/sanremoguide.it\/de\/veranstaltungen\/#primaryimage","url":"https:\/\/www.sanremoguide.it\/uploads\/SanRemo_festival2004_350x200.jpg","contentUrl":"https:\/\/www.sanremoguide.it\/uploads\/SanRemo_festival2004_350x200.jpg"},{"@type":"BreadcrumbList","@id":"https:\/\/sanremoguide.it\/de\/veranstaltungen\/#breadcrumb","itemListElement":[{"@type":"ListItem","position":1,"name":"Home","item":"https:\/\/sanremoguide.it\/"},{"@type":"ListItem","position":2,"name":"VERANSTALTUNGEN"}]},{"@type":"WebSite","@id":"https:\/\/sanremoguide.it\/#website","url":"https:\/\/sanremoguide.it\/","name":"SANREMO GUIDE | la guida turistica di Sanremo","description":"la guida turistica della citt\u00e0 di Sanremo","potentialAction":[{"@type":"SearchAction","target":{"@type":"EntryPoint","urlTemplate":"https:\/\/sanremoguide.it\/?s={search_term_string}"},"query-input":{"@type":"PropertyValueSpecification","valueRequired":true,"valueName":"search_term_string"}}],"inLanguage":"de"}]}},"_links":{"self":[{"href":"https:\/\/sanremoguide.it\/de\/wp-json\/wp\/v2\/pages\/190","targetHints":{"allow":["GET"]}}],"collection":[{"href":"https:\/\/sanremoguide.it\/de\/wp-json\/wp\/v2\/pages"}],"about":[{"href":"https:\/\/sanremoguide.it\/de\/wp-json\/wp\/v2\/types\/page"}],"author":[{"embeddable":true,"href":"https:\/\/sanremoguide.it\/de\/wp-json\/wp\/v2\/users\/1"}],"replies":[{"embeddable":true,"href":"https:\/\/sanremoguide.it\/de\/wp-json\/wp\/v2\/comments?post=190"}],"version-history":[{"count":6,"href":"https:\/\/sanremoguide.it\/de\/wp-json\/wp\/v2\/pages\/190\/revisions"}],"predecessor-version":[{"id":13350,"href":"https:\/\/sanremoguide.it\/de\/wp-json\/wp\/v2\/pages\/190\/revisions\/13350"}],"wp:attachment":[{"href":"https:\/\/sanremoguide.it\/de\/wp-json\/wp\/v2\/media?parent=190"}],"curies":[{"name":"wp","href":"https:\/\/api.w.org\/{rel}","templated":true}]}}