{"id":245,"date":"2012-02-08T13:44:01","date_gmt":"2012-02-08T13:44:01","guid":{"rendered":"http:\/\/sanremoguide.conteadinizza.it\/wordpress\/?page_id=245"},"modified":"2022-06-17T17:14:02","modified_gmt":"2022-06-17T17:14:02","slug":"blumen-von-san-remo","status":"publish","type":"page","link":"https:\/\/sanremoguide.it\/de\/die-stadt-san-remo\/blumen-von-san-remo\/","title":{"rendered":"BLUMEN VON SAN REMO"},"content":{"rendered":"<p>[et_pb_section fb_built=&#8220;1&#8243; fullwidth=&#8220;on&#8220; _builder_version=&#8220;4.17.4&#8243; _module_preset=&#8220;default&#8220; locked=&#8220;off&#8220; global_colors_info=&#8220;{}&#8220;][et_pb_fullwidth_slider _builder_version=&#8220;4.17.4&#8243; _module_preset=&#8220;default&#8220; background_image=&#8220;https:\/\/sanremoguide.it\/wp-content\/uploads\/2018\/09\/Luca_Lombardi_Sanremo_La_Primavera.jpg&#8220; global_colors_info=&#8220;{}&#8220;][et_pb_slide heading=&#8220;BLUMEN VON SAN REMO&#8220; _builder_version=&#8220;4.17.4&#8243; _module_preset=&#8220;default&#8220; custom_button=&#8220;on&#8220; button_text_color=&#8220;#256b00&#8243; button_bg_color=&#8220;#f2b500&#8243; button_border_color=&#8220;#FFFFFF&#8220; button_icon=&#8220;&#x41;||divi||400&#8243; text_orientation=&#8220;center&#8220; background_layout=&#8220;light&#8220; box_shadow_style_button=&#8220;preset1&#8243; text_shadow_style=&#8220;preset3&#8243; global_colors_info=&#8220;{}&#8220; sticky_transition=&#8220;on&#8220;][\/et_pb_slide][\/et_pb_fullwidth_slider][\/et_pb_section][et_pb_section fb_built=&#8220;1&#8243; admin_label=&#8220;section&#8220; _builder_version=&#8220;4.16&#8243; global_colors_info=&#8220;{}&#8220;][et_pb_row admin_label=&#8220;row&#8220; _builder_version=&#8220;4.16&#8243; background_size=&#8220;initial&#8220; background_position=&#8220;top_left&#8220; background_repeat=&#8220;repeat&#8220; global_colors_info=&#8220;{}&#8220;][et_pb_column type=&#8220;4_4&#8243; _builder_version=&#8220;4.16&#8243; custom_padding=&#8220;|||&#8220; global_colors_info=&#8220;{}&#8220; custom_padding__hover=&#8220;|||&#8220;][et_pb_text admin_label=&#8220;Text&#8220; _builder_version=&#8220;4.16&#8243; background_size=&#8220;initial&#8220; background_position=&#8220;top_left&#8220; background_repeat=&#8220;repeat&#8220; global_colors_info=&#8220;{}&#8220;]<img decoding=\"async\" class=\"aligncenter\" src=\"https:\/\/www.sanremoguide.it\/uploads\/SanRemo_Serre01_350x200.jpg\" alt=\"Una serra di fiori di Sanremo - Foto APT RdF\" \/><\/p>\n<p><strong>San Remo: die Blumenstadt<\/strong><\/p>\n<p>Wenn man in San Remo ankommt wird der Blick sofort durch das sagenhafte Panorama gebannt \u2013 zerkl\u00fcftete Berge im Hintergrund der Szenerie, weiche H\u00fcgel, die sich bis ans Meer heranschleichen und die im Zentrum des Golfs gelegene lebendige Stadt, alles geschm\u00fcckt mit einer tropischen Vegetation: Palmen, Kakteen und dicken Geb\u00fcschen bunter duftender Blumen.<\/p>\n<p>Sie sind in der\u00a0<strong>Citt\u00e0 dei Fiori<\/strong>, der Blumenstadt angekommen. Hier werden elegante langstielige Rosen, s\u00fc\u00df duftende Nelken, bunte Begonien und Kamelien kultiviert. In den H\u00fcgeln entlang der Stadt kann man gro\u00dfe Gew\u00e4chsh\u00e4user und Wassertanks erkennen, die zur Bew\u00e4sserung verwendet werden. Das Herz der Blumenzucht befindet sich genau hier.<\/p>\n<p>Den hohen F\u00e4higkeiten der Blumenz\u00fcchter, der Bew\u00e4sserungsanlagen und nicht zuletzt des milden Klimas ist es zu verdanken, das hier so wundersch\u00f6ne Blumen wachsen, die in alle Welt verkauft werden.<\/p>\n<p>Der elegante Wiener Saal, in dem j\u00e4hrlich das Neujahrskonzert der \u00f6sterreichischen Hauptstadt stattfindet, ist mit Blumen aus San Remo geschm\u00fcckt. Ebenso der Saal in Stockholm, in dem die Verleihung des Nobelpreises ihren Platz hat. Das extrem g\u00fcnstige Klima San Remos macht das Wachsen der abwechslungsreichen Flora m\u00f6glich. Bereits im 19. Jahrhundert hielten die ankommenden Touristen ihre Nasen aus dem Zug um den k\u00f6stlichen Duft von Zitrusfr\u00fcchten einzuatmen, der die Luft schw\u00e4ngerte. Die luxuri\u00f6sen Villen der Stadt sind noch heute von reichen G\u00e4rten umgeben, in denen seltene Exemplare tropischer Pflanzen wachsen.<\/p>\n<p>Schlendert man die Stra\u00dfen und Boulevards entlang, taucht man in ein Meer von gelben, violetten, roten Blumen ein, alle Farben und Farbschattierungen sind hier vertreten. Man findet sich in Geb\u00fcschen roter, gelber und rosa Hibiskusbl\u00fcten wieder, w\u00e4hrend Fuchsien und wei\u00dfe Alpenveilchen den Weg s\u00e4umen. \u00dcberall sind Blumen; San Remo ist ein an der K\u00fcste gelegener bunter Garten. Rosen und Nelken sind ideale Souvenirs \u2013 so kann man sich auch zuhause noch an den Farben und dem Duft der Blumenstadt erfreuen.[\/et_pb_text][\/et_pb_column][\/et_pb_row][\/et_pb_section][et_pb_section fb_built=&#8220;1&#8243; fullwidth=&#8220;on&#8220; _builder_version=&#8220;4.17.4&#8243; _module_preset=&#8220;default&#8220; global_module=&#8220;12524&#8243; saved_tabs=&#8220;all&#8220; locked=&#8220;off&#8220; collapsed=&#8220;off&#8220; global_colors_info=&#8220;{}&#8220;][et_pb_fullwidth_slider _builder_version=&#8220;4.17.4&#8243; _module_preset=&#8220;default&#8220; global_colors_info=&#8220;{}&#8220;][et_pb_slide heading=&#8220;ESCURSIONI ED EXPERIENCE A SANREMO E IN RIVIERA&#8220; button_text=&#8220;RICHIEDI IL CATALOGO&#8220; button_link=&#8220;https:\/\/sanremoguide.it\/contatti&#8220; image=&#8220;https:\/\/sanremoguide.it\/wp-content\/uploads\/2022\/06\/itouriviera.png&#8220; _builder_version=&#8220;4.17.4&#8243; _module_preset=&#8220;default&#8220; background_image=&#8220;https:\/\/sanremoguide.it\/wp-content\/uploads\/2018\/07\/luca-lombardi-sanremo_bn.jpg&#8220; background_enable_image=&#8220;on&#8220; custom_button=&#8220;on&#8220; button_bg_color=&#8220;#E09900&#8243; button_border_width=&#8220;1px&#8220; button_border_color=&#8220;#FFFFFF&#8220; global_colors_info=&#8220;{}&#8220; sticky_transition=&#8220;on&#8220;][\/et_pb_slide][\/et_pb_fullwidth_slider][\/et_pb_section]<\/p>\n","protected":false},"excerpt":{"rendered":"<p>San Remo: die Blumenstadt Wenn man in San Remo ankommt wird der Blick sofort durch das sagenhafte Panorama gebannt \u2013 zerkl\u00fcftete Berge im Hintergrund der Szenerie, weiche H\u00fcgel, die sich bis ans Meer heranschleichen und die im Zentrum des Golfs gelegene lebendige Stadt, alles geschm\u00fcckt mit einer tropischen Vegetation: Palmen, Kakteen und dicken Geb\u00fcschen bunter [&hellip;]<\/p>\n","protected":false},"author":1,"featured_media":0,"parent":61,"menu_order":0,"comment_status":"closed","ping_status":"closed","template":"","meta":{"_et_pb_use_builder":"on","_et_pb_old_content":"<img class=\"aligncenter\" src=\"https:\/\/www.sanremoguide.it\/uploads\/SanRemo_Serre01_350x200.jpg\" alt=\"Una serra di fiori di Sanremo - Foto APT RdF\" \/>\r\n\r\n<strong>San Remo: die Blumenstadt<\/strong>\r\n\r\nWenn man in San Remo ankommt wird der Blick sofort durch das sagenhafte Panorama gebannt \u2013 zerkl\u00fcftete Berge im Hintergrund der Szenerie, weiche H\u00fcgel, die sich bis ans Meer heranschleichen und die im Zentrum des Golfs gelegene lebendige Stadt, alles geschm\u00fcckt mit einer tropischen Vegetation: Palmen, Kakteen und dicken Geb\u00fcschen bunter duftender Blumen.\r\n\r\nSie sind in der\u00a0<strong>Citt\u00e0 dei Fiori<\/strong>, der Blumenstadt angekommen. Hier werden elegante langstielige Rosen, s\u00fc\u00df duftende Nelken, bunte Begonien und Kamelien kultiviert. In den H\u00fcgeln entlang der Stadt kann man gro\u00dfe Gew\u00e4chsh\u00e4user und Wassertanks erkennen, die zur Bew\u00e4sserung verwendet werden. Das Herz der Blumenzucht befindet sich genau hier.\r\n\r\nDen hohen F\u00e4higkeiten der Blumenz\u00fcchter, der Bew\u00e4sserungsanlagen und nicht zuletzt des milden Klimas ist es zu verdanken, das hier so wundersch\u00f6ne Blumen wachsen, die in alle Welt verkauft werden.\r\n\r\nDer elegante Wiener Saal, in dem j\u00e4hrlich das Neujahrskonzert der \u00f6sterreichischen Hauptstadt stattfindet, ist mit Blumen aus San Remo geschm\u00fcckt. Ebenso der Saal in Stockholm, in dem die Verleihung des Nobelpreises ihren Platz hat. Das extrem g\u00fcnstige Klima San Remos macht das Wachsen der abwechslungsreichen Flora m\u00f6glich. Bereits im 19. Jahrhundert hielten die ankommenden Touristen ihre Nasen aus dem Zug um den k\u00f6stlichen Duft von Zitrusfr\u00fcchten einzuatmen, der die Luft schw\u00e4ngerte. Die luxuri\u00f6sen Villen der Stadt sind noch heute von reichen G\u00e4rten umgeben, in denen seltene Exemplare tropischer Pflanzen wachsen.\r\n\r\nSchlendert man die Stra\u00dfen und Boulevards entlang, taucht man in ein Meer von gelben, violetten, roten Blumen ein, alle Farben und Farbschattierungen sind hier vertreten. Man findet sich in Geb\u00fcschen roter, gelber und rosa Hibiskusbl\u00fcten wieder, w\u00e4hrend Fuchsien und wei\u00dfe Alpenveilchen den Weg s\u00e4umen. \u00dcberall sind Blumen; San Remo ist ein an der K\u00fcste gelegener bunter Garten. Rosen und Nelken sind ideale Souvenirs \u2013 so kann man sich auch zuhause noch an den Farben und dem Duft der Blumenstadt erfreuen.","_et_gb_content_width":"","footnotes":""},"class_list":["post-245","page","type-page","status-publish","hentry"],"yoast_head":"<!-- This site is optimized with the Yoast SEO plugin v27.5 - https:\/\/yoast.com\/product\/yoast-seo-wordpress\/ -->\n<title>San Remo Blumenstadt - SanRemoGuide -<\/title>\n<meta name=\"description\" content=\"Das F\u00fchrer der Stadt San Remo, Italien. Online buchung f\u00fcr Hotels, Residence, Tour-Packet in San Remo und Blumenriviera.\" \/>\n<meta name=\"robots\" content=\"index, follow, max-snippet:-1, max-image-preview:large, max-video-preview:-1\" \/>\n<link rel=\"canonical\" href=\"https:\/\/sanremoguide.it\/de\/die-stadt-san-remo\/blumen-von-san-remo\/\" \/>\n<meta property=\"og:locale\" content=\"de_DE\" \/>\n<meta property=\"og:type\" content=\"article\" \/>\n<meta property=\"og:title\" content=\"San Remo Blumenstadt - SanRemoGuide -\" \/>\n<meta property=\"og:description\" content=\"Das F\u00fchrer der Stadt San Remo, Italien. Online buchung f\u00fcr Hotels, Residence, Tour-Packet in San Remo und Blumenriviera.\" \/>\n<meta property=\"og:url\" content=\"https:\/\/sanremoguide.it\/de\/die-stadt-san-remo\/blumen-von-san-remo\/\" \/>\n<meta property=\"og:site_name\" content=\"SANREMO GUIDE | la guida turistica di Sanremo\" \/>\n<meta property=\"article:modified_time\" content=\"2022-06-17T17:14:02+00:00\" \/>\n<meta property=\"og:image\" content=\"https:\/\/www.sanremoguide.it\/uploads\/SanRemo_Serre01_350x200.jpg\" \/>\n<meta name=\"twitter:label1\" content=\"Gesch\u00e4tzte Lesezeit\" \/>\n\t<meta name=\"twitter:data1\" content=\"3\u00a0Minuten\" \/>\n<script type=\"application\/ld+json\" class=\"yoast-schema-graph\">{\"@context\":\"https:\\\/\\\/schema.org\",\"@graph\":[{\"@type\":\"WebPage\",\"@id\":\"https:\\\/\\\/sanremoguide.it\\\/de\\\/die-stadt-san-remo\\\/blumen-von-san-remo\\\/\",\"url\":\"https:\\\/\\\/sanremoguide.it\\\/de\\\/die-stadt-san-remo\\\/blumen-von-san-remo\\\/\",\"name\":\"San Remo Blumenstadt - SanRemoGuide -\",\"isPartOf\":{\"@id\":\"https:\\\/\\\/sanremoguide.it\\\/#website\"},\"primaryImageOfPage\":{\"@id\":\"https:\\\/\\\/sanremoguide.it\\\/de\\\/die-stadt-san-remo\\\/blumen-von-san-remo\\\/#primaryimage\"},\"image\":{\"@id\":\"https:\\\/\\\/sanremoguide.it\\\/de\\\/die-stadt-san-remo\\\/blumen-von-san-remo\\\/#primaryimage\"},\"thumbnailUrl\":\"https:\\\/\\\/www.sanremoguide.it\\\/uploads\\\/SanRemo_Serre01_350x200.jpg\",\"datePublished\":\"2012-02-08T13:44:01+00:00\",\"dateModified\":\"2022-06-17T17:14:02+00:00\",\"description\":\"Das F\u00fchrer der Stadt San Remo, Italien. Online buchung f\u00fcr Hotels, Residence, Tour-Packet in San Remo und Blumenriviera.\",\"breadcrumb\":{\"@id\":\"https:\\\/\\\/sanremoguide.it\\\/de\\\/die-stadt-san-remo\\\/blumen-von-san-remo\\\/#breadcrumb\"},\"inLanguage\":\"de\",\"potentialAction\":[{\"@type\":\"ReadAction\",\"target\":[\"https:\\\/\\\/sanremoguide.it\\\/de\\\/die-stadt-san-remo\\\/blumen-von-san-remo\\\/\"]}]},{\"@type\":\"ImageObject\",\"inLanguage\":\"de\",\"@id\":\"https:\\\/\\\/sanremoguide.it\\\/de\\\/die-stadt-san-remo\\\/blumen-von-san-remo\\\/#primaryimage\",\"url\":\"https:\\\/\\\/www.sanremoguide.it\\\/uploads\\\/SanRemo_Serre01_350x200.jpg\",\"contentUrl\":\"https:\\\/\\\/www.sanremoguide.it\\\/uploads\\\/SanRemo_Serre01_350x200.jpg\"},{\"@type\":\"BreadcrumbList\",\"@id\":\"https:\\\/\\\/sanremoguide.it\\\/de\\\/die-stadt-san-remo\\\/blumen-von-san-remo\\\/#breadcrumb\",\"itemListElement\":[{\"@type\":\"ListItem\",\"position\":1,\"name\":\"Home\",\"item\":\"https:\\\/\\\/sanremoguide.it\\\/\"},{\"@type\":\"ListItem\",\"position\":2,\"name\":\"DIE STADT SAN REMO\",\"item\":\"https:\\\/\\\/sanremoguide.it\\\/de\\\/die-stadt-san-remo\\\/\"},{\"@type\":\"ListItem\",\"position\":3,\"name\":\"BLUMEN VON SAN REMO\"}]},{\"@type\":\"WebSite\",\"@id\":\"https:\\\/\\\/sanremoguide.it\\\/#website\",\"url\":\"https:\\\/\\\/sanremoguide.it\\\/\",\"name\":\"SANREMO GUIDE | la guida turistica di Sanremo\",\"description\":\"la guida turistica della citt\u00e0 di Sanremo\",\"potentialAction\":[{\"@type\":\"SearchAction\",\"target\":{\"@type\":\"EntryPoint\",\"urlTemplate\":\"https:\\\/\\\/sanremoguide.it\\\/?s={search_term_string}\"},\"query-input\":{\"@type\":\"PropertyValueSpecification\",\"valueRequired\":true,\"valueName\":\"search_term_string\"}}],\"inLanguage\":\"de\"}]}<\/script>\n<!-- \/ Yoast SEO plugin. -->","yoast_head_json":{"title":"San Remo Blumenstadt - SanRemoGuide -","description":"Das F\u00fchrer der Stadt San Remo, Italien. Online buchung f\u00fcr Hotels, Residence, Tour-Packet in San Remo und Blumenriviera.","robots":{"index":"index","follow":"follow","max-snippet":"max-snippet:-1","max-image-preview":"max-image-preview:large","max-video-preview":"max-video-preview:-1"},"canonical":"https:\/\/sanremoguide.it\/de\/die-stadt-san-remo\/blumen-von-san-remo\/","og_locale":"de_DE","og_type":"article","og_title":"San Remo Blumenstadt - SanRemoGuide -","og_description":"Das F\u00fchrer der Stadt San Remo, Italien. Online buchung f\u00fcr Hotels, Residence, Tour-Packet in San Remo und Blumenriviera.","og_url":"https:\/\/sanremoguide.it\/de\/die-stadt-san-remo\/blumen-von-san-remo\/","og_site_name":"SANREMO GUIDE | la guida turistica di Sanremo","article_modified_time":"2022-06-17T17:14:02+00:00","og_image":[{"url":"https:\/\/www.sanremoguide.it\/uploads\/SanRemo_Serre01_350x200.jpg","type":"","width":"","height":""}],"twitter_misc":{"Gesch\u00e4tzte Lesezeit":"3\u00a0Minuten"},"schema":{"@context":"https:\/\/schema.org","@graph":[{"@type":"WebPage","@id":"https:\/\/sanremoguide.it\/de\/die-stadt-san-remo\/blumen-von-san-remo\/","url":"https:\/\/sanremoguide.it\/de\/die-stadt-san-remo\/blumen-von-san-remo\/","name":"San Remo Blumenstadt - SanRemoGuide -","isPartOf":{"@id":"https:\/\/sanremoguide.it\/#website"},"primaryImageOfPage":{"@id":"https:\/\/sanremoguide.it\/de\/die-stadt-san-remo\/blumen-von-san-remo\/#primaryimage"},"image":{"@id":"https:\/\/sanremoguide.it\/de\/die-stadt-san-remo\/blumen-von-san-remo\/#primaryimage"},"thumbnailUrl":"https:\/\/www.sanremoguide.it\/uploads\/SanRemo_Serre01_350x200.jpg","datePublished":"2012-02-08T13:44:01+00:00","dateModified":"2022-06-17T17:14:02+00:00","description":"Das F\u00fchrer der Stadt San Remo, Italien. Online buchung f\u00fcr Hotels, Residence, Tour-Packet in San Remo und Blumenriviera.","breadcrumb":{"@id":"https:\/\/sanremoguide.it\/de\/die-stadt-san-remo\/blumen-von-san-remo\/#breadcrumb"},"inLanguage":"de","potentialAction":[{"@type":"ReadAction","target":["https:\/\/sanremoguide.it\/de\/die-stadt-san-remo\/blumen-von-san-remo\/"]}]},{"@type":"ImageObject","inLanguage":"de","@id":"https:\/\/sanremoguide.it\/de\/die-stadt-san-remo\/blumen-von-san-remo\/#primaryimage","url":"https:\/\/www.sanremoguide.it\/uploads\/SanRemo_Serre01_350x200.jpg","contentUrl":"https:\/\/www.sanremoguide.it\/uploads\/SanRemo_Serre01_350x200.jpg"},{"@type":"BreadcrumbList","@id":"https:\/\/sanremoguide.it\/de\/die-stadt-san-remo\/blumen-von-san-remo\/#breadcrumb","itemListElement":[{"@type":"ListItem","position":1,"name":"Home","item":"https:\/\/sanremoguide.it\/"},{"@type":"ListItem","position":2,"name":"DIE STADT SAN REMO","item":"https:\/\/sanremoguide.it\/de\/die-stadt-san-remo\/"},{"@type":"ListItem","position":3,"name":"BLUMEN VON SAN REMO"}]},{"@type":"WebSite","@id":"https:\/\/sanremoguide.it\/#website","url":"https:\/\/sanremoguide.it\/","name":"SANREMO GUIDE | la guida turistica di Sanremo","description":"la guida turistica della citt\u00e0 di Sanremo","potentialAction":[{"@type":"SearchAction","target":{"@type":"EntryPoint","urlTemplate":"https:\/\/sanremoguide.it\/?s={search_term_string}"},"query-input":{"@type":"PropertyValueSpecification","valueRequired":true,"valueName":"search_term_string"}}],"inLanguage":"de"}]}},"_links":{"self":[{"href":"https:\/\/sanremoguide.it\/de\/wp-json\/wp\/v2\/pages\/245","targetHints":{"allow":["GET"]}}],"collection":[{"href":"https:\/\/sanremoguide.it\/de\/wp-json\/wp\/v2\/pages"}],"about":[{"href":"https:\/\/sanremoguide.it\/de\/wp-json\/wp\/v2\/types\/page"}],"author":[{"embeddable":true,"href":"https:\/\/sanremoguide.it\/de\/wp-json\/wp\/v2\/users\/1"}],"replies":[{"embeddable":true,"href":"https:\/\/sanremoguide.it\/de\/wp-json\/wp\/v2\/comments?post=245"}],"version-history":[{"count":5,"href":"https:\/\/sanremoguide.it\/de\/wp-json\/wp\/v2\/pages\/245\/revisions"}],"predecessor-version":[{"id":13229,"href":"https:\/\/sanremoguide.it\/de\/wp-json\/wp\/v2\/pages\/245\/revisions\/13229"}],"up":[{"embeddable":true,"href":"https:\/\/sanremoguide.it\/de\/wp-json\/wp\/v2\/pages\/61"}],"wp:attachment":[{"href":"https:\/\/sanremoguide.it\/de\/wp-json\/wp\/v2\/media?parent=245"}],"curies":[{"name":"wp","href":"https:\/\/api.w.org\/{rel}","templated":true}]}}