{"id":253,"date":"2012-02-08T13:49:18","date_gmt":"2012-02-08T13:49:18","guid":{"rendered":"http:\/\/sanremoguide.conteadinizza.it\/wordpress\/?page_id=253"},"modified":"2022-06-17T17:14:41","modified_gmt":"2022-06-17T17:14:41","slug":"blumen-von-san-remo","status":"publish","type":"page","link":"https:\/\/sanremoguide.it\/de\/die-stadt-san-remo\/blumen-von-san-remo\/blumen-von-san-remo\/","title":{"rendered":"Blumen von San Remo"},"content":{"rendered":"<p>[et_pb_section fb_built=&#8220;1&#8243; fullwidth=&#8220;on&#8220; _builder_version=&#8220;4.17.4&#8243; _module_preset=&#8220;default&#8220; locked=&#8220;off&#8220; global_colors_info=&#8220;{}&#8220;][et_pb_fullwidth_slider _builder_version=&#8220;4.17.4&#8243; _module_preset=&#8220;default&#8220; background_image=&#8220;https:\/\/sanremoguide.it\/wp-content\/uploads\/2018\/09\/Luca_Lombardi_Sanremo_La_Primavera.jpg&#8220; global_colors_info=&#8220;{}&#8220;][et_pb_slide heading=&#8220;Blumen von San Remo&#8220; _builder_version=&#8220;4.17.4&#8243; _module_preset=&#8220;default&#8220; custom_button=&#8220;on&#8220; button_text_color=&#8220;#256b00&#8243; button_bg_color=&#8220;#f2b500&#8243; button_border_color=&#8220;#FFFFFF&#8220; button_icon=&#8220;&#x41;||divi||400&#8243; text_orientation=&#8220;center&#8220; background_layout=&#8220;light&#8220; box_shadow_style_button=&#8220;preset1&#8243; text_shadow_style=&#8220;preset3&#8243; global_colors_info=&#8220;{}&#8220; sticky_transition=&#8220;on&#8220;][\/et_pb_slide][\/et_pb_fullwidth_slider][\/et_pb_section][et_pb_section fb_built=&#8220;1&#8243; admin_label=&#8220;section&#8220; _builder_version=&#8220;4.16&#8243; global_colors_info=&#8220;{}&#8220;][et_pb_row admin_label=&#8220;row&#8220; _builder_version=&#8220;4.16&#8243; background_size=&#8220;initial&#8220; background_position=&#8220;top_left&#8220; background_repeat=&#8220;repeat&#8220; global_colors_info=&#8220;{}&#8220;][et_pb_column type=&#8220;4_4&#8243; _builder_version=&#8220;4.16&#8243; custom_padding=&#8220;|||&#8220; global_colors_info=&#8220;{}&#8220; custom_padding__hover=&#8220;|||&#8220;][et_pb_text admin_label=&#8220;Text&#8220; _builder_version=&#8220;4.16&#8243; background_size=&#8220;initial&#8220; background_position=&#8220;top_left&#8220; background_repeat=&#8220;repeat&#8220; global_colors_info=&#8220;{}&#8220;]<img decoding=\"async\" class=\"aligncenter\" src=\"https:\/\/www.sanremoguide.it\/uploads\/SanRemo_fiori_rose_350x200.jpg\" alt=\"&lt;b&gt;Le rose di Sanremo&lt;\/b&gt; - Foto APT Rdf\" \/><\/p>\n<p>Wenn wir von den\u00a0<strong>Blumen Sanremos<\/strong>\u00a0sprechen, meinen wir nicht nur deren Anbau und den Handel, sondern auch die mit ihnen verkn\u00fcpfte `Kunst`, angefangen bei der Pflege der Z\u00fcchter bis hin zum Blumenschmuck der Floristen, die den Kreislauf schlie\u00dft, der die Geschichte einer jeden Blume \u2013 vom Keimen bis zum Erbl\u00fchen in aller Pracht &#8211; ausmacht.<\/p>\n<p>Der\u00a0<strong>\u201cSanremo italian style\u201d<\/strong>, der typisch sanremeser Floristik-Stil, wurde eigens daf\u00fcr entwickelt, den Produkten des Blumengro\u00dfmarkts von Sanremo ein Schaufenster und eine besondere Wertsch\u00e4tzung zu schaffen, die k\u00fcnstlerischen F\u00e4higkeiten seiner Gr\u00fcnder und die lange k\u00fcnstlerische Tradition Italiens in Sachen Sch\u00f6nheit und Geschmack zu betonen. Dieser Stil repr\u00e4sentiert zumindest einige Eigenheiten der Gegend und des milden Klimas der Riviera.<\/p>\n<p>Ein Blumenschmuck im \u201cSanremo Italian Style\u201d muss durch Verwendung des entsprechenden Materials (Blumen, Bindegr\u00fcn und Beerenfr\u00fcchte aus dem Freiland) die Jahreszeiten wiederspiegeln und die Weichheit und Flexibilit\u00e4t der Pflanzen bei der Herstellung des Blumenschmucks hervorheben; auch dem Duft muss eine angemessene Rolle im Gesamtresultat zukommen; mediterrane Leuchtkraft und Farben sollen sich in geeignetem Pflanzenmaterial wiederspiegeln; Blumen, Gr\u00fcn und Blattwerk sollen in Anbetracht der Tatsache gew\u00e4hlt werden, dass es sich um lebendes Material handelt, das \u00fcber seine Verwendung als Blumenschmuck hinaus lebt; bei der Komposition sollte Pflanzenmaterial den Einsatz anderer Materialien \u00fcberwiegen, vor allem Papier oder \u00e4hnliche Erzeugnisse sollten weitgehend vermieden werden; die kunsthistorischen Traditionen des Landes, welche die Grundlage des Sanremo Italian Style bilden, sollten besonders betont werden.[\/et_pb_text][\/et_pb_column][\/et_pb_row][\/et_pb_section][et_pb_section fb_built=&#8220;1&#8243; fullwidth=&#8220;on&#8220; _builder_version=&#8220;4.17.4&#8243; _module_preset=&#8220;default&#8220; global_module=&#8220;12524&#8243; saved_tabs=&#8220;all&#8220; locked=&#8220;off&#8220; collapsed=&#8220;off&#8220; global_colors_info=&#8220;{}&#8220;][et_pb_fullwidth_slider _builder_version=&#8220;4.17.4&#8243; _module_preset=&#8220;default&#8220; global_colors_info=&#8220;{}&#8220;][et_pb_slide heading=&#8220;ESCURSIONI ED EXPERIENCE A SANREMO E IN RIVIERA&#8220; button_text=&#8220;RICHIEDI IL CATALOGO&#8220; button_link=&#8220;https:\/\/sanremoguide.it\/contatti&#8220; image=&#8220;https:\/\/sanremoguide.it\/wp-content\/uploads\/2022\/06\/itouriviera.png&#8220; _builder_version=&#8220;4.17.4&#8243; _module_preset=&#8220;default&#8220; background_image=&#8220;https:\/\/sanremoguide.it\/wp-content\/uploads\/2018\/07\/luca-lombardi-sanremo_bn.jpg&#8220; background_enable_image=&#8220;on&#8220; custom_button=&#8220;on&#8220; button_bg_color=&#8220;#E09900&#8243; button_border_width=&#8220;1px&#8220; button_border_color=&#8220;#FFFFFF&#8220; global_colors_info=&#8220;{}&#8220; sticky_transition=&#8220;on&#8220;][\/et_pb_slide][\/et_pb_fullwidth_slider][\/et_pb_section]<\/p>\n","protected":false},"excerpt":{"rendered":"<p>Wenn wir von den\u00a0Blumen Sanremos\u00a0sprechen, meinen wir nicht nur deren Anbau und den Handel, sondern auch die mit ihnen verkn\u00fcpfte `Kunst`, angefangen bei der Pflege der Z\u00fcchter bis hin zum Blumenschmuck der Floristen, die den Kreislauf schlie\u00dft, der die Geschichte einer jeden Blume \u2013 vom Keimen bis zum Erbl\u00fchen in aller Pracht &#8211; ausmacht. Der\u00a0\u201cSanremo [&hellip;]<\/p>\n","protected":false},"author":1,"featured_media":0,"parent":245,"menu_order":0,"comment_status":"closed","ping_status":"closed","template":"","meta":{"_et_pb_use_builder":"on","_et_pb_old_content":"<img class=\"aligncenter\" src=\"https:\/\/www.sanremoguide.it\/uploads\/SanRemo_fiori_rose_350x200.jpg\" alt=\"<b>Le rose di Sanremo<\/b> - Foto APT Rdf\" \/>\r\n\r\nWenn wir von den\u00a0<strong>Blumen Sanremos<\/strong>\u00a0sprechen, meinen wir nicht nur deren Anbau und den Handel, sondern auch die mit ihnen verkn\u00fcpfte `Kunst`, angefangen bei der Pflege der Z\u00fcchter bis hin zum Blumenschmuck der Floristen, die den Kreislauf schlie\u00dft, der die Geschichte einer jeden Blume \u2013 vom Keimen bis zum Erbl\u00fchen in aller Pracht - ausmacht.\r\n\r\nDer\u00a0<strong>\u201cSanremo italian style\u201d<\/strong>, der typisch sanremeser Floristik-Stil, wurde eigens daf\u00fcr entwickelt, den Produkten des Blumengro\u00dfmarkts von Sanremo ein Schaufenster und eine besondere Wertsch\u00e4tzung zu schaffen, die k\u00fcnstlerischen F\u00e4higkeiten seiner Gr\u00fcnder und die lange k\u00fcnstlerische Tradition Italiens in Sachen Sch\u00f6nheit und Geschmack zu betonen. Dieser Stil repr\u00e4sentiert zumindest einige Eigenheiten der Gegend und des milden Klimas der Riviera.\r\n\r\nEin Blumenschmuck im \u201cSanremo Italian Style\u201d muss durch Verwendung des entsprechenden Materials (Blumen, Bindegr\u00fcn und Beerenfr\u00fcchte aus dem Freiland) die Jahreszeiten wiederspiegeln und die Weichheit und Flexibilit\u00e4t der Pflanzen bei der Herstellung des Blumenschmucks hervorheben; auch dem Duft muss eine angemessene Rolle im Gesamtresultat zukommen; mediterrane Leuchtkraft und Farben sollen sich in geeignetem Pflanzenmaterial wiederspiegeln; Blumen, Gr\u00fcn und Blattwerk sollen in Anbetracht der Tatsache gew\u00e4hlt werden, dass es sich um lebendes Material handelt, das \u00fcber seine Verwendung als Blumenschmuck hinaus lebt; bei der Komposition sollte Pflanzenmaterial den Einsatz anderer Materialien \u00fcberwiegen, vor allem Papier oder \u00e4hnliche Erzeugnisse sollten weitgehend vermieden werden; die kunsthistorischen Traditionen des Landes, welche die Grundlage des Sanremo Italian Style bilden, sollten besonders betont werden.","_et_gb_content_width":"","footnotes":""},"class_list":["post-253","page","type-page","status-publish","hentry"],"yoast_head":"<!-- This site is optimized with the Yoast SEO plugin v27.6 - https:\/\/yoast.com\/product\/yoast-seo-wordpress\/ -->\n<title>- SanRemoGuide - Blumen von San Remo<\/title>\n<meta name=\"description\" content=\"Das F\u00fchrer der Stadt San Remo, Italien. Online buchung f\u00fcr Hotels, Residence, Tour-Packet in San Remo und Blumenriviera.\" \/>\n<meta name=\"robots\" content=\"index, follow, max-snippet:-1, max-image-preview:large, max-video-preview:-1\" \/>\n<link rel=\"canonical\" href=\"https:\/\/sanremoguide.it\/de\/die-stadt-san-remo\/blumen-von-san-remo\/blumen-von-san-remo\/\" \/>\n<meta property=\"og:locale\" content=\"de_DE\" \/>\n<meta property=\"og:type\" content=\"article\" \/>\n<meta property=\"og:title\" content=\"- SanRemoGuide - Blumen von San Remo\" \/>\n<meta property=\"og:description\" content=\"Das F\u00fchrer der Stadt San Remo, Italien. Online buchung f\u00fcr Hotels, Residence, Tour-Packet in San Remo und Blumenriviera.\" \/>\n<meta property=\"og:url\" content=\"https:\/\/sanremoguide.it\/de\/die-stadt-san-remo\/blumen-von-san-remo\/blumen-von-san-remo\/\" \/>\n<meta property=\"og:site_name\" content=\"SANREMO GUIDE | la guida turistica di Sanremo\" \/>\n<meta property=\"article:modified_time\" content=\"2022-06-17T17:14:41+00:00\" \/>\n<meta property=\"og:image\" content=\"https:\/\/www.sanremoguide.it\/uploads\/SanRemo_fiori_rose_350x200.jpg\" \/>\n<meta name=\"twitter:label1\" content=\"Gesch\u00e4tzte Lesezeit\" \/>\n\t<meta name=\"twitter:data1\" content=\"3\u00a0Minuten\" \/>\n<script type=\"application\/ld+json\" class=\"yoast-schema-graph\">{\"@context\":\"https:\\\/\\\/schema.org\",\"@graph\":[{\"@type\":\"WebPage\",\"@id\":\"https:\\\/\\\/sanremoguide.it\\\/de\\\/die-stadt-san-remo\\\/blumen-von-san-remo\\\/blumen-von-san-remo\\\/\",\"url\":\"https:\\\/\\\/sanremoguide.it\\\/de\\\/die-stadt-san-remo\\\/blumen-von-san-remo\\\/blumen-von-san-remo\\\/\",\"name\":\"- SanRemoGuide - Blumen von San Remo\",\"isPartOf\":{\"@id\":\"https:\\\/\\\/sanremoguide.it\\\/#website\"},\"primaryImageOfPage\":{\"@id\":\"https:\\\/\\\/sanremoguide.it\\\/de\\\/die-stadt-san-remo\\\/blumen-von-san-remo\\\/blumen-von-san-remo\\\/#primaryimage\"},\"image\":{\"@id\":\"https:\\\/\\\/sanremoguide.it\\\/de\\\/die-stadt-san-remo\\\/blumen-von-san-remo\\\/blumen-von-san-remo\\\/#primaryimage\"},\"thumbnailUrl\":\"https:\\\/\\\/www.sanremoguide.it\\\/uploads\\\/SanRemo_fiori_rose_350x200.jpg\",\"datePublished\":\"2012-02-08T13:49:18+00:00\",\"dateModified\":\"2022-06-17T17:14:41+00:00\",\"description\":\"Das F\u00fchrer der Stadt San Remo, Italien. Online buchung f\u00fcr Hotels, Residence, Tour-Packet in San Remo und Blumenriviera.\",\"breadcrumb\":{\"@id\":\"https:\\\/\\\/sanremoguide.it\\\/de\\\/die-stadt-san-remo\\\/blumen-von-san-remo\\\/blumen-von-san-remo\\\/#breadcrumb\"},\"inLanguage\":\"de\",\"potentialAction\":[{\"@type\":\"ReadAction\",\"target\":[\"https:\\\/\\\/sanremoguide.it\\\/de\\\/die-stadt-san-remo\\\/blumen-von-san-remo\\\/blumen-von-san-remo\\\/\"]}]},{\"@type\":\"ImageObject\",\"inLanguage\":\"de\",\"@id\":\"https:\\\/\\\/sanremoguide.it\\\/de\\\/die-stadt-san-remo\\\/blumen-von-san-remo\\\/blumen-von-san-remo\\\/#primaryimage\",\"url\":\"https:\\\/\\\/www.sanremoguide.it\\\/uploads\\\/SanRemo_fiori_rose_350x200.jpg\",\"contentUrl\":\"https:\\\/\\\/www.sanremoguide.it\\\/uploads\\\/SanRemo_fiori_rose_350x200.jpg\"},{\"@type\":\"BreadcrumbList\",\"@id\":\"https:\\\/\\\/sanremoguide.it\\\/de\\\/die-stadt-san-remo\\\/blumen-von-san-remo\\\/blumen-von-san-remo\\\/#breadcrumb\",\"itemListElement\":[{\"@type\":\"ListItem\",\"position\":1,\"name\":\"Home\",\"item\":\"https:\\\/\\\/sanremoguide.it\\\/\"},{\"@type\":\"ListItem\",\"position\":2,\"name\":\"DIE STADT SAN REMO\",\"item\":\"https:\\\/\\\/sanremoguide.it\\\/de\\\/die-stadt-san-remo\\\/\"},{\"@type\":\"ListItem\",\"position\":3,\"name\":\"BLUMEN VON SAN REMO\",\"item\":\"https:\\\/\\\/sanremoguide.it\\\/de\\\/die-stadt-san-remo\\\/blumen-von-san-remo\\\/\"},{\"@type\":\"ListItem\",\"position\":4,\"name\":\"Blumen von San Remo\"}]},{\"@type\":\"WebSite\",\"@id\":\"https:\\\/\\\/sanremoguide.it\\\/#website\",\"url\":\"https:\\\/\\\/sanremoguide.it\\\/\",\"name\":\"SANREMO GUIDE | la guida turistica di Sanremo\",\"description\":\"la guida turistica della citt\u00e0 di Sanremo\",\"potentialAction\":[{\"@type\":\"SearchAction\",\"target\":{\"@type\":\"EntryPoint\",\"urlTemplate\":\"https:\\\/\\\/sanremoguide.it\\\/?s={search_term_string}\"},\"query-input\":{\"@type\":\"PropertyValueSpecification\",\"valueRequired\":true,\"valueName\":\"search_term_string\"}}],\"inLanguage\":\"de\"}]}<\/script>\n<!-- \/ Yoast SEO plugin. -->","yoast_head_json":{"title":"- SanRemoGuide - Blumen von San Remo","description":"Das F\u00fchrer der Stadt San Remo, Italien. Online buchung f\u00fcr Hotels, Residence, Tour-Packet in San Remo und Blumenriviera.","robots":{"index":"index","follow":"follow","max-snippet":"max-snippet:-1","max-image-preview":"max-image-preview:large","max-video-preview":"max-video-preview:-1"},"canonical":"https:\/\/sanremoguide.it\/de\/die-stadt-san-remo\/blumen-von-san-remo\/blumen-von-san-remo\/","og_locale":"de_DE","og_type":"article","og_title":"- SanRemoGuide - Blumen von San Remo","og_description":"Das F\u00fchrer der Stadt San Remo, Italien. Online buchung f\u00fcr Hotels, Residence, Tour-Packet in San Remo und Blumenriviera.","og_url":"https:\/\/sanremoguide.it\/de\/die-stadt-san-remo\/blumen-von-san-remo\/blumen-von-san-remo\/","og_site_name":"SANREMO GUIDE | la guida turistica di Sanremo","article_modified_time":"2022-06-17T17:14:41+00:00","og_image":[{"url":"https:\/\/www.sanremoguide.it\/uploads\/SanRemo_fiori_rose_350x200.jpg","type":"","width":"","height":""}],"twitter_misc":{"Gesch\u00e4tzte Lesezeit":"3\u00a0Minuten"},"schema":{"@context":"https:\/\/schema.org","@graph":[{"@type":"WebPage","@id":"https:\/\/sanremoguide.it\/de\/die-stadt-san-remo\/blumen-von-san-remo\/blumen-von-san-remo\/","url":"https:\/\/sanremoguide.it\/de\/die-stadt-san-remo\/blumen-von-san-remo\/blumen-von-san-remo\/","name":"- SanRemoGuide - Blumen von San Remo","isPartOf":{"@id":"https:\/\/sanremoguide.it\/#website"},"primaryImageOfPage":{"@id":"https:\/\/sanremoguide.it\/de\/die-stadt-san-remo\/blumen-von-san-remo\/blumen-von-san-remo\/#primaryimage"},"image":{"@id":"https:\/\/sanremoguide.it\/de\/die-stadt-san-remo\/blumen-von-san-remo\/blumen-von-san-remo\/#primaryimage"},"thumbnailUrl":"https:\/\/www.sanremoguide.it\/uploads\/SanRemo_fiori_rose_350x200.jpg","datePublished":"2012-02-08T13:49:18+00:00","dateModified":"2022-06-17T17:14:41+00:00","description":"Das F\u00fchrer der Stadt San Remo, Italien. Online buchung f\u00fcr Hotels, Residence, Tour-Packet in San Remo und Blumenriviera.","breadcrumb":{"@id":"https:\/\/sanremoguide.it\/de\/die-stadt-san-remo\/blumen-von-san-remo\/blumen-von-san-remo\/#breadcrumb"},"inLanguage":"de","potentialAction":[{"@type":"ReadAction","target":["https:\/\/sanremoguide.it\/de\/die-stadt-san-remo\/blumen-von-san-remo\/blumen-von-san-remo\/"]}]},{"@type":"ImageObject","inLanguage":"de","@id":"https:\/\/sanremoguide.it\/de\/die-stadt-san-remo\/blumen-von-san-remo\/blumen-von-san-remo\/#primaryimage","url":"https:\/\/www.sanremoguide.it\/uploads\/SanRemo_fiori_rose_350x200.jpg","contentUrl":"https:\/\/www.sanremoguide.it\/uploads\/SanRemo_fiori_rose_350x200.jpg"},{"@type":"BreadcrumbList","@id":"https:\/\/sanremoguide.it\/de\/die-stadt-san-remo\/blumen-von-san-remo\/blumen-von-san-remo\/#breadcrumb","itemListElement":[{"@type":"ListItem","position":1,"name":"Home","item":"https:\/\/sanremoguide.it\/"},{"@type":"ListItem","position":2,"name":"DIE STADT SAN REMO","item":"https:\/\/sanremoguide.it\/de\/die-stadt-san-remo\/"},{"@type":"ListItem","position":3,"name":"BLUMEN VON SAN REMO","item":"https:\/\/sanremoguide.it\/de\/die-stadt-san-remo\/blumen-von-san-remo\/"},{"@type":"ListItem","position":4,"name":"Blumen von San Remo"}]},{"@type":"WebSite","@id":"https:\/\/sanremoguide.it\/#website","url":"https:\/\/sanremoguide.it\/","name":"SANREMO GUIDE | la guida turistica di Sanremo","description":"la guida turistica della citt\u00e0 di Sanremo","potentialAction":[{"@type":"SearchAction","target":{"@type":"EntryPoint","urlTemplate":"https:\/\/sanremoguide.it\/?s={search_term_string}"},"query-input":{"@type":"PropertyValueSpecification","valueRequired":true,"valueName":"search_term_string"}}],"inLanguage":"de"}]}},"_links":{"self":[{"href":"https:\/\/sanremoguide.it\/de\/wp-json\/wp\/v2\/pages\/253","targetHints":{"allow":["GET"]}}],"collection":[{"href":"https:\/\/sanremoguide.it\/de\/wp-json\/wp\/v2\/pages"}],"about":[{"href":"https:\/\/sanremoguide.it\/de\/wp-json\/wp\/v2\/types\/page"}],"author":[{"embeddable":true,"href":"https:\/\/sanremoguide.it\/de\/wp-json\/wp\/v2\/users\/1"}],"replies":[{"embeddable":true,"href":"https:\/\/sanremoguide.it\/de\/wp-json\/wp\/v2\/comments?post=253"}],"version-history":[{"count":5,"href":"https:\/\/sanremoguide.it\/de\/wp-json\/wp\/v2\/pages\/253\/revisions"}],"predecessor-version":[{"id":13231,"href":"https:\/\/sanremoguide.it\/de\/wp-json\/wp\/v2\/pages\/253\/revisions\/13231"}],"up":[{"embeddable":true,"href":"https:\/\/sanremoguide.it\/de\/wp-json\/wp\/v2\/pages\/245"}],"wp:attachment":[{"href":"https:\/\/sanremoguide.it\/de\/wp-json\/wp\/v2\/media?parent=253"}],"curies":[{"name":"wp","href":"https:\/\/api.w.org\/{rel}","templated":true}]}}