{"id":328,"date":"2012-02-08T15:40:36","date_gmt":"2012-02-08T15:40:36","guid":{"rendered":"http:\/\/sanremoguide.conteadinizza.it\/wordpress\/?page_id=328"},"modified":"2022-06-17T17:31:27","modified_gmt":"2022-06-17T17:31:27","slug":"mediterrane-diat","status":"publish","type":"page","link":"https:\/\/sanremoguide.it\/de\/mediterrane-diat\/","title":{"rendered":"MEDITERRANE DI\u00c4T"},"content":{"rendered":"<p>[et_pb_section fb_built=&#8220;1&#8243; fullwidth=&#8220;on&#8220; _builder_version=&#8220;4.17.4&#8243; _module_preset=&#8220;default&#8220; locked=&#8220;off&#8220; global_colors_info=&#8220;{}&#8220;][et_pb_fullwidth_slider _builder_version=&#8220;4.17.4&#8243; _module_preset=&#8220;default&#8220; background_image=&#8220;https:\/\/sanremoguide.it\/wp-content\/uploads\/2018\/09\/Luca_Lombardi_Sanremo_La_Primavera.jpg&#8220; global_colors_info=&#8220;{}&#8220;][et_pb_slide heading=&#8220;MEDITERRANE DI\u00c4T&#8220; _builder_version=&#8220;4.17.4&#8243; _module_preset=&#8220;default&#8220; custom_button=&#8220;on&#8220; button_text_color=&#8220;#256b00&#8243; button_bg_color=&#8220;#f2b500&#8243; button_border_color=&#8220;#FFFFFF&#8220; button_icon=&#8220;&#x41;||divi||400&#8243; text_orientation=&#8220;center&#8220; background_layout=&#8220;light&#8220; box_shadow_style_button=&#8220;preset1&#8243; text_shadow_style=&#8220;preset3&#8243; global_colors_info=&#8220;{}&#8220; sticky_transition=&#8220;on&#8220;][\/et_pb_slide][\/et_pb_fullwidth_slider][\/et_pb_section][et_pb_section fb_built=&#8220;1&#8243; admin_label=&#8220;section&#8220; _builder_version=&#8220;4.16&#8243; global_colors_info=&#8220;{}&#8220;][et_pb_row admin_label=&#8220;row&#8220; _builder_version=&#8220;4.16&#8243; background_size=&#8220;initial&#8220; background_position=&#8220;top_left&#8220; background_repeat=&#8220;repeat&#8220; global_colors_info=&#8220;{}&#8220;][et_pb_column type=&#8220;4_4&#8243; _builder_version=&#8220;4.16&#8243; custom_padding=&#8220;|||&#8220; global_colors_info=&#8220;{}&#8220; custom_padding__hover=&#8220;|||&#8220;][et_pb_text admin_label=&#8220;Text&#8220; _builder_version=&#8220;4.16&#8243; background_size=&#8220;initial&#8220; background_position=&#8220;top_left&#8220; background_repeat=&#8220;repeat&#8220; global_colors_info=&#8220;{}&#8220;]<img decoding=\"async\" class=\"aligncenter\" src=\"https:\/\/www.sanremoguide.it\/uploads\/Sanremo_gastronomia1_350x200.jpg\" alt=\"&lt;b&gt;La dieta mediterranea&lt;\/b&gt; - Foto APT RdF\" \/><\/p>\n<p>Die<strong>\u00a0mediterrane Di\u00e4t<\/strong>\u00a0ist eine wahre Lebensphilosophie und gleichzeitig eine gesunde Ern\u00e4hrungsweise. Sie kombiniert die Anwendung bestimmter Zutaten mit dem Klima, den Traditionen und der Kultur mediterraner L\u00e4nder. Oliven\u00f6l, Pasta, Obst, Gem\u00fcse, Fisch, rotes sowie wei\u00dfes Fleisch, H\u00fclsenfr\u00fcchte und Wein sind die wesentlichen Elemente der mediterranen Di\u00e4t. Das Wort \u201eDi\u00e4t\u201c kommt von dem griechischen \u201ediaita\u201c, was soviel bedeutet wie \u201eLebensweise\u201c. Es handelt sich also um eine Lebensweise, in der disziplinierte korrekte Ern\u00e4hrung und gesunder Lebenswandel miteinander im Einklang stehen. Seit den 60er Jahren belegen wissenschaftliche Studien, dass sich die mediterranen V\u00f6lker \u2013 im Vergleich zu nordeurop\u00e4ischen \u2013 besseren Gesundheitskonditionen erfreuen. Das liegt vor allem an dem Gebrauch von Oliven\u00f6l, Fisch, Pasta, frischem Obst und frischem Gem\u00fcse.<\/p>\n<p>Italien ist zweifellos die K\u00f6nigin der mediterranen Di\u00e4t. Es liegt an der Weltspitze was den Konsum von Oliven\u00f6l und Pasta betrifft. In jeder Region werden verschiedene lokale Pastasorten produziert, au\u00dferdem wird im ganzen Land \u2013 au\u00dfer Norditalien \u2013 Oliven\u00f6l hergestellt.<\/p>\n<p>Ligurien produziert ein\u00a0<strong>Oliven\u00f6l extra vergine<\/strong>, das den Stempel \u201eorigine protetta\u201c (Gesch\u00fctzte Herkunft) tr\u00e4gt und sich durch besondere Qualit\u00e4t auszeichnet, die je nach Produktionsort verschiedene Schwerpunkte setzt.<\/p>\n<p>Im westlichen Ligurien werden gegendtypische (enogastronomische) Produkte kultiviert, welche die mediterrane Di\u00e4t bestens repr\u00e4sentieren. Das an der K\u00fcste von Ponente produzierte Oliven\u00f6l hat eine s\u00fc\u00dfe Note und duftet aromatisch nach Apfel und Mandel. Dabei hat es einen niedrigen S\u00e4uregehalt und ist leicht bek\u00f6mmlich. Das gr\u00fcne Gold von Ponente kommt aus den Taggiasca Oliven, eine kleine, dunkle und schmackhafte Art. Eingef\u00fchrt wurde der Anbau dieser Oliven bereits vor Jahrhunderten von Benediktinerm\u00f6nchen.<\/p>\n<p>Unter den typisch ligurischen Rezepten finden wir gef\u00fclltes Gem\u00fcse, frische Salate (wie z.B. der Cundium), hausgemachte Pasta wie Ravioli und Trofie, garniert mit Pesto. Pesto ist eine aromatische So\u00dfe, die aus Basilikum, Pinienkernen, geriebenem K\u00e4se und Oliven\u00f6l besteht. Rezepte f\u00fcr Hauptgerichte empfehlen \u201econiglio al Vermentino\u201c (Kaninchen mit Vermentino), \u201estoccafisso brand de cujn\u201c (Stockfisch brand de cujun), \u201etorta verde\u201c (Reis und gekochtes Gem\u00fcse in einer Teigtasche) oder Focaccia und Pizza, hier die bekannteste \u201eSardenaira\u201c, mit Tomaten, Sardinen, Taggiasca Oliven und Oliven\u00f6l extra vergine.<\/p>\n<p>Diese Gerichte basieren alle strikt auf Zutaten die der mediterranen Di\u00e4t entsprechen und die gleichzeitig typische Produkte Liguriens sind.[\/et_pb_text][\/et_pb_column][\/et_pb_row][\/et_pb_section][et_pb_section fb_built=&#8220;1&#8243; fullwidth=&#8220;on&#8220; _builder_version=&#8220;4.17.4&#8243; _module_preset=&#8220;default&#8220; global_module=&#8220;12524&#8243; saved_tabs=&#8220;all&#8220; locked=&#8220;off&#8220; collapsed=&#8220;off&#8220; global_colors_info=&#8220;{}&#8220;][et_pb_fullwidth_slider _builder_version=&#8220;4.17.4&#8243; _module_preset=&#8220;default&#8220; global_colors_info=&#8220;{}&#8220;][et_pb_slide heading=&#8220;ESCURSIONI ED EXPERIENCE A SANREMO E IN RIVIERA&#8220; button_text=&#8220;RICHIEDI IL CATALOGO&#8220; button_link=&#8220;https:\/\/sanremoguide.it\/contatti&#8220; image=&#8220;https:\/\/sanremoguide.it\/wp-content\/uploads\/2022\/06\/itouriviera.png&#8220; _builder_version=&#8220;4.17.4&#8243; _module_preset=&#8220;default&#8220; background_image=&#8220;https:\/\/sanremoguide.it\/wp-content\/uploads\/2018\/07\/luca-lombardi-sanremo_bn.jpg&#8220; background_enable_image=&#8220;on&#8220; custom_button=&#8220;on&#8220; button_bg_color=&#8220;#E09900&#8243; button_border_width=&#8220;1px&#8220; button_border_color=&#8220;#FFFFFF&#8220; global_colors_info=&#8220;{}&#8220; sticky_transition=&#8220;on&#8220;][\/et_pb_slide][\/et_pb_fullwidth_slider][\/et_pb_section]<\/p>\n","protected":false},"excerpt":{"rendered":"<p>Die\u00a0mediterrane Di\u00e4t\u00a0ist eine wahre Lebensphilosophie und gleichzeitig eine gesunde Ern\u00e4hrungsweise. Sie kombiniert die Anwendung bestimmter Zutaten mit dem Klima, den Traditionen und der Kultur mediterraner L\u00e4nder. Oliven\u00f6l, Pasta, Obst, Gem\u00fcse, Fisch, rotes sowie wei\u00dfes Fleisch, H\u00fclsenfr\u00fcchte und Wein sind die wesentlichen Elemente der mediterranen Di\u00e4t. Das Wort \u201eDi\u00e4t\u201c kommt von dem griechischen \u201ediaita\u201c, was soviel [&hellip;]<\/p>\n","protected":false},"author":1,"featured_media":0,"parent":0,"menu_order":0,"comment_status":"closed","ping_status":"closed","template":"","meta":{"_et_pb_use_builder":"on","_et_pb_old_content":"<img class=\"aligncenter\" src=\"https:\/\/www.sanremoguide.it\/uploads\/Sanremo_gastronomia1_350x200.jpg\" alt=\"<b>La dieta mediterranea<\/b> - Foto APT RdF\" \/>\r\n\r\nDie<strong>\u00a0mediterrane Di\u00e4t<\/strong>\u00a0ist eine wahre Lebensphilosophie und gleichzeitig eine gesunde Ern\u00e4hrungsweise. Sie kombiniert die Anwendung bestimmter Zutaten mit dem Klima, den Traditionen und der Kultur mediterraner L\u00e4nder. Oliven\u00f6l, Pasta, Obst, Gem\u00fcse, Fisch, rotes sowie wei\u00dfes Fleisch, H\u00fclsenfr\u00fcchte und Wein sind die wesentlichen Elemente der mediterranen Di\u00e4t. Das Wort \u201eDi\u00e4t\u201c kommt von dem griechischen \u201ediaita\u201c, was soviel bedeutet wie \u201eLebensweise\u201c. Es handelt sich also um eine Lebensweise, in der disziplinierte korrekte Ern\u00e4hrung und gesunder Lebenswandel miteinander im Einklang stehen. Seit den 60er Jahren belegen wissenschaftliche Studien, dass sich die mediterranen V\u00f6lker \u2013 im Vergleich zu nordeurop\u00e4ischen \u2013 besseren Gesundheitskonditionen erfreuen. Das liegt vor allem an dem Gebrauch von Oliven\u00f6l, Fisch, Pasta, frischem Obst und frischem Gem\u00fcse.\r\n\r\nItalien ist zweifellos die K\u00f6nigin der mediterranen Di\u00e4t. Es liegt an der Weltspitze was den Konsum von Oliven\u00f6l und Pasta betrifft. In jeder Region werden verschiedene lokale Pastasorten produziert, au\u00dferdem wird im ganzen Land \u2013 au\u00dfer Norditalien \u2013 Oliven\u00f6l hergestellt.\r\n\r\nLigurien produziert ein\u00a0<strong>Oliven\u00f6l extra vergine<\/strong>, das den Stempel \u201eorigine protetta\u201c (Gesch\u00fctzte Herkunft) tr\u00e4gt und sich durch besondere Qualit\u00e4t auszeichnet, die je nach Produktionsort verschiedene Schwerpunkte setzt.\r\n\r\nIm westlichen Ligurien werden gegendtypische (enogastronomische) Produkte kultiviert, welche die mediterrane Di\u00e4t bestens repr\u00e4sentieren. Das an der K\u00fcste von Ponente produzierte Oliven\u00f6l hat eine s\u00fc\u00dfe Note und duftet aromatisch nach Apfel und Mandel. Dabei hat es einen niedrigen S\u00e4uregehalt und ist leicht bek\u00f6mmlich. Das gr\u00fcne Gold von Ponente kommt aus den Taggiasca Oliven, eine kleine, dunkle und schmackhafte Art. Eingef\u00fchrt wurde der Anbau dieser Oliven bereits vor Jahrhunderten von Benediktinerm\u00f6nchen.\r\n\r\nUnter den typisch ligurischen Rezepten finden wir gef\u00fclltes Gem\u00fcse, frische Salate (wie z.B. der Cundium), hausgemachte Pasta wie Ravioli und Trofie, garniert mit Pesto. Pesto ist eine aromatische So\u00dfe, die aus Basilikum, Pinienkernen, geriebenem K\u00e4se und Oliven\u00f6l besteht. Rezepte f\u00fcr Hauptgerichte empfehlen \u201econiglio al Vermentino\u201c (Kaninchen mit Vermentino), \u201estoccafisso brand de cujn\u201c (Stockfisch brand de cujun), \u201etorta verde\u201c (Reis und gekochtes Gem\u00fcse in einer Teigtasche) oder Focaccia und Pizza, hier die bekannteste \u201eSardenaira\u201c, mit Tomaten, Sardinen, Taggiasca Oliven und Oliven\u00f6l extra vergine.\r\n\r\nDiese Gerichte basieren alle strikt auf Zutaten die der mediterranen Di\u00e4t entsprechen und die gleichzeitig typische Produkte Liguriens sind.","_et_gb_content_width":"","footnotes":""},"class_list":["post-328","page","type-page","status-publish","hentry"],"yoast_head":"<!-- This site is optimized with the Yoast SEO plugin v27.5 - https:\/\/yoast.com\/product\/yoast-seo-wordpress\/ -->\n<title>San Remo Guide :: der F\u00fchrer durch die Stadt San Remo Italien und Blumenriviera<\/title>\n<meta name=\"description\" content=\"Das F\u00fchrer der Stadt San Remo, Italien. Online buchung f\u00fcr Hotels, Residence, Tour-Packet in San Remo und Blumenriviera.\" \/>\n<meta name=\"robots\" content=\"index, follow, max-snippet:-1, max-image-preview:large, max-video-preview:-1\" \/>\n<link rel=\"canonical\" href=\"https:\/\/sanremoguide.it\/de\/mediterrane-diat\/\" \/>\n<meta property=\"og:locale\" content=\"de_DE\" \/>\n<meta property=\"og:type\" content=\"article\" \/>\n<meta property=\"og:title\" content=\"San Remo Guide :: der F\u00fchrer durch die Stadt San Remo Italien und Blumenriviera\" \/>\n<meta property=\"og:description\" content=\"Das F\u00fchrer der Stadt San Remo, Italien. Online buchung f\u00fcr Hotels, Residence, Tour-Packet in San Remo und Blumenriviera.\" \/>\n<meta property=\"og:url\" content=\"https:\/\/sanremoguide.it\/de\/mediterrane-diat\/\" \/>\n<meta property=\"og:site_name\" content=\"SANREMO GUIDE | la guida turistica di Sanremo\" \/>\n<meta property=\"article:modified_time\" content=\"2022-06-17T17:31:27+00:00\" \/>\n<meta property=\"og:image\" content=\"https:\/\/www.sanremoguide.it\/uploads\/Sanremo_gastronomia1_350x200.jpg\" \/>\n<meta name=\"twitter:label1\" content=\"Gesch\u00e4tzte Lesezeit\" \/>\n\t<meta name=\"twitter:data1\" content=\"3\u00a0Minuten\" \/>\n<script type=\"application\/ld+json\" class=\"yoast-schema-graph\">{\"@context\":\"https:\\\/\\\/schema.org\",\"@graph\":[{\"@type\":\"WebPage\",\"@id\":\"https:\\\/\\\/sanremoguide.it\\\/de\\\/mediterrane-diat\\\/\",\"url\":\"https:\\\/\\\/sanremoguide.it\\\/de\\\/mediterrane-diat\\\/\",\"name\":\"San Remo Guide :: der F\u00fchrer durch die Stadt San Remo Italien und Blumenriviera\",\"isPartOf\":{\"@id\":\"https:\\\/\\\/sanremoguide.it\\\/#website\"},\"primaryImageOfPage\":{\"@id\":\"https:\\\/\\\/sanremoguide.it\\\/de\\\/mediterrane-diat\\\/#primaryimage\"},\"image\":{\"@id\":\"https:\\\/\\\/sanremoguide.it\\\/de\\\/mediterrane-diat\\\/#primaryimage\"},\"thumbnailUrl\":\"https:\\\/\\\/www.sanremoguide.it\\\/uploads\\\/Sanremo_gastronomia1_350x200.jpg\",\"datePublished\":\"2012-02-08T15:40:36+00:00\",\"dateModified\":\"2022-06-17T17:31:27+00:00\",\"description\":\"Das F\u00fchrer der Stadt San Remo, Italien. Online buchung f\u00fcr Hotels, Residence, Tour-Packet in San Remo und Blumenriviera.\",\"breadcrumb\":{\"@id\":\"https:\\\/\\\/sanremoguide.it\\\/de\\\/mediterrane-diat\\\/#breadcrumb\"},\"inLanguage\":\"de\",\"potentialAction\":[{\"@type\":\"ReadAction\",\"target\":[\"https:\\\/\\\/sanremoguide.it\\\/de\\\/mediterrane-diat\\\/\"]}]},{\"@type\":\"ImageObject\",\"inLanguage\":\"de\",\"@id\":\"https:\\\/\\\/sanremoguide.it\\\/de\\\/mediterrane-diat\\\/#primaryimage\",\"url\":\"https:\\\/\\\/www.sanremoguide.it\\\/uploads\\\/Sanremo_gastronomia1_350x200.jpg\",\"contentUrl\":\"https:\\\/\\\/www.sanremoguide.it\\\/uploads\\\/Sanremo_gastronomia1_350x200.jpg\"},{\"@type\":\"BreadcrumbList\",\"@id\":\"https:\\\/\\\/sanremoguide.it\\\/de\\\/mediterrane-diat\\\/#breadcrumb\",\"itemListElement\":[{\"@type\":\"ListItem\",\"position\":1,\"name\":\"Home\",\"item\":\"https:\\\/\\\/sanremoguide.it\\\/\"},{\"@type\":\"ListItem\",\"position\":2,\"name\":\"MEDITERRANE DI\u00c4T\"}]},{\"@type\":\"WebSite\",\"@id\":\"https:\\\/\\\/sanremoguide.it\\\/#website\",\"url\":\"https:\\\/\\\/sanremoguide.it\\\/\",\"name\":\"SANREMO GUIDE | la guida turistica di Sanremo\",\"description\":\"la guida turistica della citt\u00e0 di Sanremo\",\"potentialAction\":[{\"@type\":\"SearchAction\",\"target\":{\"@type\":\"EntryPoint\",\"urlTemplate\":\"https:\\\/\\\/sanremoguide.it\\\/?s={search_term_string}\"},\"query-input\":{\"@type\":\"PropertyValueSpecification\",\"valueRequired\":true,\"valueName\":\"search_term_string\"}}],\"inLanguage\":\"de\"}]}<\/script>\n<!-- \/ Yoast SEO plugin. -->","yoast_head_json":{"title":"San Remo Guide :: der F\u00fchrer durch die Stadt San Remo Italien und Blumenriviera","description":"Das F\u00fchrer der Stadt San Remo, Italien. Online buchung f\u00fcr Hotels, Residence, Tour-Packet in San Remo und Blumenriviera.","robots":{"index":"index","follow":"follow","max-snippet":"max-snippet:-1","max-image-preview":"max-image-preview:large","max-video-preview":"max-video-preview:-1"},"canonical":"https:\/\/sanremoguide.it\/de\/mediterrane-diat\/","og_locale":"de_DE","og_type":"article","og_title":"San Remo Guide :: der F\u00fchrer durch die Stadt San Remo Italien und Blumenriviera","og_description":"Das F\u00fchrer der Stadt San Remo, Italien. Online buchung f\u00fcr Hotels, Residence, Tour-Packet in San Remo und Blumenriviera.","og_url":"https:\/\/sanremoguide.it\/de\/mediterrane-diat\/","og_site_name":"SANREMO GUIDE | la guida turistica di Sanremo","article_modified_time":"2022-06-17T17:31:27+00:00","og_image":[{"url":"https:\/\/www.sanremoguide.it\/uploads\/Sanremo_gastronomia1_350x200.jpg","type":"","width":"","height":""}],"twitter_misc":{"Gesch\u00e4tzte Lesezeit":"3\u00a0Minuten"},"schema":{"@context":"https:\/\/schema.org","@graph":[{"@type":"WebPage","@id":"https:\/\/sanremoguide.it\/de\/mediterrane-diat\/","url":"https:\/\/sanremoguide.it\/de\/mediterrane-diat\/","name":"San Remo Guide :: der F\u00fchrer durch die Stadt San Remo Italien und Blumenriviera","isPartOf":{"@id":"https:\/\/sanremoguide.it\/#website"},"primaryImageOfPage":{"@id":"https:\/\/sanremoguide.it\/de\/mediterrane-diat\/#primaryimage"},"image":{"@id":"https:\/\/sanremoguide.it\/de\/mediterrane-diat\/#primaryimage"},"thumbnailUrl":"https:\/\/www.sanremoguide.it\/uploads\/Sanremo_gastronomia1_350x200.jpg","datePublished":"2012-02-08T15:40:36+00:00","dateModified":"2022-06-17T17:31:27+00:00","description":"Das F\u00fchrer der Stadt San Remo, Italien. Online buchung f\u00fcr Hotels, Residence, Tour-Packet in San Remo und Blumenriviera.","breadcrumb":{"@id":"https:\/\/sanremoguide.it\/de\/mediterrane-diat\/#breadcrumb"},"inLanguage":"de","potentialAction":[{"@type":"ReadAction","target":["https:\/\/sanremoguide.it\/de\/mediterrane-diat\/"]}]},{"@type":"ImageObject","inLanguage":"de","@id":"https:\/\/sanremoguide.it\/de\/mediterrane-diat\/#primaryimage","url":"https:\/\/www.sanremoguide.it\/uploads\/Sanremo_gastronomia1_350x200.jpg","contentUrl":"https:\/\/www.sanremoguide.it\/uploads\/Sanremo_gastronomia1_350x200.jpg"},{"@type":"BreadcrumbList","@id":"https:\/\/sanremoguide.it\/de\/mediterrane-diat\/#breadcrumb","itemListElement":[{"@type":"ListItem","position":1,"name":"Home","item":"https:\/\/sanremoguide.it\/"},{"@type":"ListItem","position":2,"name":"MEDITERRANE DI\u00c4T"}]},{"@type":"WebSite","@id":"https:\/\/sanremoguide.it\/#website","url":"https:\/\/sanremoguide.it\/","name":"SANREMO GUIDE | la guida turistica di Sanremo","description":"la guida turistica della citt\u00e0 di Sanremo","potentialAction":[{"@type":"SearchAction","target":{"@type":"EntryPoint","urlTemplate":"https:\/\/sanremoguide.it\/?s={search_term_string}"},"query-input":{"@type":"PropertyValueSpecification","valueRequired":true,"valueName":"search_term_string"}}],"inLanguage":"de"}]}},"_links":{"self":[{"href":"https:\/\/sanremoguide.it\/de\/wp-json\/wp\/v2\/pages\/328","targetHints":{"allow":["GET"]}}],"collection":[{"href":"https:\/\/sanremoguide.it\/de\/wp-json\/wp\/v2\/pages"}],"about":[{"href":"https:\/\/sanremoguide.it\/de\/wp-json\/wp\/v2\/types\/page"}],"author":[{"embeddable":true,"href":"https:\/\/sanremoguide.it\/de\/wp-json\/wp\/v2\/users\/1"}],"replies":[{"embeddable":true,"href":"https:\/\/sanremoguide.it\/de\/wp-json\/wp\/v2\/comments?post=328"}],"version-history":[{"count":5,"href":"https:\/\/sanremoguide.it\/de\/wp-json\/wp\/v2\/pages\/328\/revisions"}],"predecessor-version":[{"id":13290,"href":"https:\/\/sanremoguide.it\/de\/wp-json\/wp\/v2\/pages\/328\/revisions\/13290"}],"wp:attachment":[{"href":"https:\/\/sanremoguide.it\/de\/wp-json\/wp\/v2\/media?parent=328"}],"curies":[{"name":"wp","href":"https:\/\/api.w.org\/{rel}","templated":true}]}}