{"id":460,"date":"2012-02-09T16:01:49","date_gmt":"2012-02-09T16:01:49","guid":{"rendered":"http:\/\/sanremoguide.conteadinizza.it\/wordpress\/?page_id=460"},"modified":"2022-06-17T17:45:19","modified_gmt":"2022-06-17T17:45:19","slug":"brochure-downloads","status":"publish","type":"page","link":"https:\/\/sanremoguide.it\/de\/nutzliche-infos\/brochure-downloads\/","title":{"rendered":"BROCHURE DOWNLOADS"},"content":{"rendered":"<p>[et_pb_section fb_built=&#8221;1&#8243; fullwidth=&#8221;on&#8221; _builder_version=&#8221;4.17.4&#8243; _module_preset=&#8221;default&#8221; locked=&#8221;off&#8221; global_colors_info=&#8221;{}&#8221;][et_pb_fullwidth_slider _builder_version=&#8221;4.17.4&#8243; _module_preset=&#8221;default&#8221; background_image=&#8221;http:\/\/sanremoguide.it\/wp-content\/uploads\/2018\/09\/Luca_Lombardi_Sanremo_La_Primavera.jpg&#8221; global_colors_info=&#8221;{}&#8221;][et_pb_slide heading=&#8221;BROCHURE DOWNLOADS&#8221; _builder_version=&#8221;4.17.4&#8243; _module_preset=&#8221;default&#8221; custom_button=&#8221;on&#8221; button_text_color=&#8221;#256b00&#8243; button_bg_color=&#8221;#f2b500&#8243; button_border_color=&#8221;#FFFFFF&#8221; button_icon=&#8221;&#x41;||divi||400&#8243; text_orientation=&#8221;center&#8221; background_layout=&#8221;light&#8221; box_shadow_style_button=&#8221;preset1&#8243; text_shadow_style=&#8221;preset3&#8243; global_colors_info=&#8221;{}&#8221; sticky_transition=&#8221;on&#8221;][\/et_pb_slide][\/et_pb_fullwidth_slider][\/et_pb_section][et_pb_section fb_built=&#8221;1&#8243; admin_label=&#8221;section&#8221; _builder_version=&#8221;4.16&#8243; global_colors_info=&#8221;{}&#8221;][et_pb_row admin_label=&#8221;row&#8221; _builder_version=&#8221;4.16&#8243; background_size=&#8221;initial&#8221; background_position=&#8221;top_left&#8221; background_repeat=&#8221;repeat&#8221; global_colors_info=&#8221;{}&#8221;][et_pb_column type=&#8221;4_4&#8243; _builder_version=&#8221;4.16&#8243; custom_padding=&#8221;|||&#8221; global_colors_info=&#8221;{}&#8221; custom_padding__hover=&#8221;|||&#8221;][et_pb_text admin_label=&#8221;Text&#8221; _builder_version=&#8221;4.16&#8243; background_size=&#8221;initial&#8221; background_position=&#8221;top_left&#8221; background_repeat=&#8221;repeat&#8221; global_colors_info=&#8221;{}&#8221;]<a href=\"https:\/\/www.sanremoguide.it\/uploads\/DE_SAN_REMO_STADTFUEHRER.pdf\" target=\"new\" rel=\"noopener\"><img fetchpriority=\"high\" decoding=\"async\" src=\"https:\/\/www.sanremoguide.it\/common\/img\/frecce_down.gif\" alt=\"\" border=\"0\" \/>\u00a0<strong>SAN REMO STADT-F\u00dcHRER &#8211; DEUTSCH<\/strong><\/p>\n<p><\/a><a href=\"https:\/\/www.sanremoguide.it\/uploads\/EN_SAN_REMO_CITY_GUIDE.pdf\" target=\"new\" rel=\"noopener\"><img fetchpriority=\"high\" decoding=\"async\" src=\"https:\/\/www.sanremoguide.it\/common\/img\/frecce_down.gif\" alt=\"\" border=\"0\" \/>\u00a0SAN REMO STADT-F\u00dcHRER &#8211; ENGLISCH<\/p>\n<p><\/a><a href=\"https:\/\/www.sanremoguide.it\/uploads\/IT_GUIDA_CITTA_SANREMO.pdf\" target=\"new\" rel=\"noopener\"><img fetchpriority=\"high\" decoding=\"async\" src=\"https:\/\/www.sanremoguide.it\/common\/img\/frecce_down.gif\" alt=\"\" border=\"0\" \/>\u00a0SAN REMO STADT-F\u00dcHRER &#8211; ITALIENISCH\u00a0<\/a>[\/et_pb_text][\/et_pb_column][\/et_pb_row][\/et_pb_section][et_pb_section fb_built=&#8221;1&#8243; fullwidth=&#8221;on&#8221; _builder_version=&#8221;4.17.4&#8243; _module_preset=&#8221;default&#8221; global_module=&#8221;12524&#8243; saved_tabs=&#8221;all&#8221; locked=&#8221;off&#8221; collapsed=&#8221;off&#8221; global_colors_info=&#8221;{}&#8221;][et_pb_fullwidth_slider _builder_version=&#8221;4.17.4&#8243; _module_preset=&#8221;default&#8221; global_colors_info=&#8221;{}&#8221;][et_pb_slide heading=&#8221;ESCURSIONI ED EXPERIENCE A SANREMO E IN RIVIERA&#8221; button_text=&#8221;RICHIEDI IL CATALOGO&#8221; button_link=&#8221;https:\/\/sanremoguide.it\/contatti&#8221; image=&#8221;http:\/\/sanremoguide.it\/wp-content\/uploads\/2022\/06\/itouriviera.png&#8221; _builder_version=&#8221;4.17.4&#8243; _module_preset=&#8221;default&#8221; background_image=&#8221;http:\/\/sanremoguide.it\/wp-content\/uploads\/2018\/07\/luca-lombardi-sanremo_bn.jpg&#8221; background_enable_image=&#8221;on&#8221; custom_button=&#8221;on&#8221; button_bg_color=&#8221;#E09900&#8243; button_border_width=&#8221;1px&#8221; button_border_color=&#8221;#FFFFFF&#8221; global_colors_info=&#8221;{}&#8221; sticky_transition=&#8221;on&#8221;][\/et_pb_slide][\/et_pb_fullwidth_slider][\/et_pb_section]<\/p>\n","protected":false},"excerpt":{"rendered":"<p>\u00a0SAN REMO STADT-F\u00dcHRER &#8211; DEUTSCH \u00a0SAN REMO STADT-F\u00dcHRER &#8211; ENGLISCH \u00a0SAN REMO STADT-F\u00dcHRER &#8211; ITALIENISCH\u00a0<\/p>\n","protected":false},"author":1,"featured_media":0,"parent":912,"menu_order":0,"comment_status":"closed","ping_status":"closed","template":"","meta":{"_et_pb_use_builder":"on","_et_pb_old_content":"<a href=\"https:\/\/www.sanremoguide.it\/uploads\/DE_SAN_REMO_STADTFUEHRER.pdf\" target=\"new\"><img src=\"https:\/\/www.sanremoguide.it\/common\/img\/frecce_down.gif\" alt=\"\" border=\"0\" \/>\u00a0<strong>SAN REMO STADT-F\u00dcHRER - DEUTSCH<\/strong>\r\n\r\n<\/a><a href=\"https:\/\/www.sanremoguide.it\/uploads\/EN_SAN_REMO_CITY_GUIDE.pdf\" target=\"new\"><img src=\"https:\/\/www.sanremoguide.it\/common\/img\/frecce_down.gif\" alt=\"\" border=\"0\" \/>\u00a0SAN REMO STADT-F\u00dcHRER - ENGLISCH\r\n\r\n<\/a><a href=\"https:\/\/www.sanremoguide.it\/uploads\/IT_GUIDA_CITTA_SANREMO.pdf\" target=\"new\"><img src=\"https:\/\/www.sanremoguide.it\/common\/img\/frecce_down.gif\" alt=\"\" border=\"0\" \/>\u00a0SAN REMO STADT-F\u00dcHRER - ITALIENISCH\u00a0<\/a>","_et_gb_content_width":""},"yoast_head":"<!-- This site is optimized with the Yoast SEO plugin v21.8.1 - https:\/\/yoast.com\/wordpress\/plugins\/seo\/ -->\n<title>San Remo Guide :: der F\u00fchrer durch die Stadt San Remo Italien und Blumenriviera<\/title>\n<meta name=\"description\" content=\"Das F\u00fchrer der Stadt San Remo, Italien. Online buchung f\u00fcr Hotels, Residence, Tour-Packet in San Remo und Blumenriviera.\" \/>\n<meta name=\"robots\" content=\"index, follow, max-snippet:-1, max-image-preview:large, max-video-preview:-1\" \/>\n<link rel=\"canonical\" href=\"https:\/\/sanremoguide.it\/de\/nutzliche-infos\/brochure-downloads\/\" \/>\n<meta property=\"og:locale\" content=\"de_DE\" \/>\n<meta property=\"og:type\" content=\"article\" \/>\n<meta property=\"og:title\" content=\"San Remo Guide :: der F\u00fchrer durch die Stadt San Remo Italien und Blumenriviera\" \/>\n<meta property=\"og:description\" content=\"Das F\u00fchrer der Stadt San Remo, Italien. Online buchung f\u00fcr Hotels, Residence, Tour-Packet in San Remo und Blumenriviera.\" \/>\n<meta property=\"og:url\" content=\"https:\/\/sanremoguide.it\/de\/nutzliche-infos\/brochure-downloads\/\" \/>\n<meta property=\"og:site_name\" content=\"SANREMO GUIDE | la guida turistica di Sanremo\" \/>\n<meta property=\"article:modified_time\" content=\"2022-06-17T17:45:19+00:00\" \/>\n<meta property=\"og:image\" content=\"https:\/\/www.sanremoguide.it\/common\/img\/frecce_down.gif\" \/>\n<meta name=\"twitter:label1\" content=\"Gesch\u00e4tzte Lesezeit\" \/>\n\t<meta name=\"twitter:data1\" content=\"2\u00a0Minuten\" \/>\n<script type=\"application\/ld+json\" class=\"yoast-schema-graph\">{\"@context\":\"https:\/\/schema.org\",\"@graph\":[{\"@type\":\"WebPage\",\"@id\":\"https:\/\/sanremoguide.it\/de\/nutzliche-infos\/brochure-downloads\/\",\"url\":\"https:\/\/sanremoguide.it\/de\/nutzliche-infos\/brochure-downloads\/\",\"name\":\"San Remo Guide :: der F\u00fchrer durch die Stadt San Remo Italien und Blumenriviera\",\"isPartOf\":{\"@id\":\"https:\/\/sanremoguide.it\/#website\"},\"datePublished\":\"2012-02-09T16:01:49+00:00\",\"dateModified\":\"2022-06-17T17:45:19+00:00\",\"description\":\"Das F\u00fchrer der Stadt San Remo, Italien. Online buchung f\u00fcr Hotels, Residence, Tour-Packet in San Remo und Blumenriviera.\",\"breadcrumb\":{\"@id\":\"https:\/\/sanremoguide.it\/de\/nutzliche-infos\/brochure-downloads\/#breadcrumb\"},\"inLanguage\":\"de\",\"potentialAction\":[{\"@type\":\"ReadAction\",\"target\":[\"https:\/\/sanremoguide.it\/de\/nutzliche-infos\/brochure-downloads\/\"]}]},{\"@type\":\"BreadcrumbList\",\"@id\":\"https:\/\/sanremoguide.it\/de\/nutzliche-infos\/brochure-downloads\/#breadcrumb\",\"itemListElement\":[{\"@type\":\"ListItem\",\"position\":1,\"name\":\"Home\",\"item\":\"https:\/\/sanremoguide.it\/\"},{\"@type\":\"ListItem\",\"position\":2,\"name\":\"N\u00dcTZLICHE INFOS\",\"item\":\"https:\/\/sanremoguide.it\/de\/nutzliche-infos\/\"},{\"@type\":\"ListItem\",\"position\":3,\"name\":\"BROCHURE DOWNLOADS\"}]},{\"@type\":\"WebSite\",\"@id\":\"https:\/\/sanremoguide.it\/#website\",\"url\":\"https:\/\/sanremoguide.it\/\",\"name\":\"SANREMO GUIDE | la guida turistica di Sanremo\",\"description\":\"la guida turistica della citt\u00e0 di Sanremo\",\"potentialAction\":[{\"@type\":\"SearchAction\",\"target\":{\"@type\":\"EntryPoint\",\"urlTemplate\":\"https:\/\/sanremoguide.it\/?s={search_term_string}\"},\"query-input\":\"required name=search_term_string\"}],\"inLanguage\":\"de\"}]}<\/script>\n<!-- \/ Yoast SEO plugin. -->","yoast_head_json":{"title":"San Remo Guide :: der F\u00fchrer durch die Stadt San Remo Italien und Blumenriviera","description":"Das F\u00fchrer der Stadt San Remo, Italien. Online buchung f\u00fcr Hotels, Residence, Tour-Packet in San Remo und Blumenriviera.","robots":{"index":"index","follow":"follow","max-snippet":"max-snippet:-1","max-image-preview":"max-image-preview:large","max-video-preview":"max-video-preview:-1"},"canonical":"https:\/\/sanremoguide.it\/de\/nutzliche-infos\/brochure-downloads\/","og_locale":"de_DE","og_type":"article","og_title":"San Remo Guide :: der F\u00fchrer durch die Stadt San Remo Italien und Blumenriviera","og_description":"Das F\u00fchrer der Stadt San Remo, Italien. Online buchung f\u00fcr Hotels, Residence, Tour-Packet in San Remo und Blumenriviera.","og_url":"https:\/\/sanremoguide.it\/de\/nutzliche-infos\/brochure-downloads\/","og_site_name":"SANREMO GUIDE | la guida turistica di Sanremo","article_modified_time":"2022-06-17T17:45:19+00:00","og_image":[{"url":"https:\/\/www.sanremoguide.it\/common\/img\/frecce_down.gif"}],"twitter_misc":{"Gesch\u00e4tzte Lesezeit":"2\u00a0Minuten"},"schema":{"@context":"https:\/\/schema.org","@graph":[{"@type":"WebPage","@id":"https:\/\/sanremoguide.it\/de\/nutzliche-infos\/brochure-downloads\/","url":"https:\/\/sanremoguide.it\/de\/nutzliche-infos\/brochure-downloads\/","name":"San Remo Guide :: der F\u00fchrer durch die Stadt San Remo Italien und Blumenriviera","isPartOf":{"@id":"https:\/\/sanremoguide.it\/#website"},"datePublished":"2012-02-09T16:01:49+00:00","dateModified":"2022-06-17T17:45:19+00:00","description":"Das F\u00fchrer der Stadt San Remo, Italien. Online buchung f\u00fcr Hotels, Residence, Tour-Packet in San Remo und Blumenriviera.","breadcrumb":{"@id":"https:\/\/sanremoguide.it\/de\/nutzliche-infos\/brochure-downloads\/#breadcrumb"},"inLanguage":"de","potentialAction":[{"@type":"ReadAction","target":["https:\/\/sanremoguide.it\/de\/nutzliche-infos\/brochure-downloads\/"]}]},{"@type":"BreadcrumbList","@id":"https:\/\/sanremoguide.it\/de\/nutzliche-infos\/brochure-downloads\/#breadcrumb","itemListElement":[{"@type":"ListItem","position":1,"name":"Home","item":"https:\/\/sanremoguide.it\/"},{"@type":"ListItem","position":2,"name":"N\u00dcTZLICHE INFOS","item":"https:\/\/sanremoguide.it\/de\/nutzliche-infos\/"},{"@type":"ListItem","position":3,"name":"BROCHURE DOWNLOADS"}]},{"@type":"WebSite","@id":"https:\/\/sanremoguide.it\/#website","url":"https:\/\/sanremoguide.it\/","name":"SANREMO GUIDE | la guida turistica di Sanremo","description":"la guida turistica della citt\u00e0 di Sanremo","potentialAction":[{"@type":"SearchAction","target":{"@type":"EntryPoint","urlTemplate":"https:\/\/sanremoguide.it\/?s={search_term_string}"},"query-input":"required name=search_term_string"}],"inLanguage":"de"}]}},"_links":{"self":[{"href":"https:\/\/sanremoguide.it\/de\/wp-json\/wp\/v2\/pages\/460"}],"collection":[{"href":"https:\/\/sanremoguide.it\/de\/wp-json\/wp\/v2\/pages"}],"about":[{"href":"https:\/\/sanremoguide.it\/de\/wp-json\/wp\/v2\/types\/page"}],"author":[{"embeddable":true,"href":"https:\/\/sanremoguide.it\/de\/wp-json\/wp\/v2\/users\/1"}],"replies":[{"embeddable":true,"href":"https:\/\/sanremoguide.it\/de\/wp-json\/wp\/v2\/comments?post=460"}],"version-history":[{"count":3,"href":"https:\/\/sanremoguide.it\/de\/wp-json\/wp\/v2\/pages\/460\/revisions"}],"predecessor-version":[{"id":13327,"href":"https:\/\/sanremoguide.it\/de\/wp-json\/wp\/v2\/pages\/460\/revisions\/13327"}],"up":[{"embeddable":true,"href":"https:\/\/sanremoguide.it\/de\/wp-json\/wp\/v2\/pages\/912"}],"wp:attachment":[{"href":"https:\/\/sanremoguide.it\/de\/wp-json\/wp\/v2\/media?parent=460"}],"curies":[{"name":"wp","href":"https:\/\/api.w.org\/{rel}","templated":true}]}}