{"id":466,"date":"2012-02-09T16:08:55","date_gmt":"2012-02-09T16:08:55","guid":{"rendered":"http:\/\/sanremoguide.conteadinizza.it\/wordpress\/?page_id=466"},"modified":"2022-06-17T17:45:20","modified_gmt":"2022-06-17T17:45:20","slug":"das-wetter","status":"publish","type":"page","link":"https:\/\/sanremoguide.it\/de\/nutzliche-infos\/das-wetter\/","title":{"rendered":"DAS WETTER"},"content":{"rendered":"<p>[et_pb_section fb_built=&#8220;1&#8243; fullwidth=&#8220;on&#8220; _builder_version=&#8220;4.17.4&#8243; _module_preset=&#8220;default&#8220; locked=&#8220;off&#8220; global_colors_info=&#8220;{}&#8220;][et_pb_fullwidth_slider _builder_version=&#8220;4.17.4&#8243; _module_preset=&#8220;default&#8220; background_image=&#8220;https:\/\/sanremoguide.it\/wp-content\/uploads\/2018\/09\/Luca_Lombardi_Sanremo_La_Primavera.jpg&#8220; global_colors_info=&#8220;{}&#8220;][et_pb_slide heading=&#8220;DAS WETTER&#8220; _builder_version=&#8220;4.17.4&#8243; _module_preset=&#8220;default&#8220; custom_button=&#8220;on&#8220; button_text_color=&#8220;#256b00&#8243; button_bg_color=&#8220;#f2b500&#8243; button_border_color=&#8220;#FFFFFF&#8220; button_icon=&#8220;&#x41;||divi||400&#8243; text_orientation=&#8220;center&#8220; background_layout=&#8220;light&#8220; box_shadow_style_button=&#8220;preset1&#8243; text_shadow_style=&#8220;preset3&#8243; global_colors_info=&#8220;{}&#8220; sticky_transition=&#8220;on&#8220;][\/et_pb_slide][\/et_pb_fullwidth_slider][\/et_pb_section][et_pb_section fb_built=&#8220;1&#8243; admin_label=&#8220;section&#8220; _builder_version=&#8220;4.16&#8243; global_colors_info=&#8220;{}&#8220;][et_pb_row admin_label=&#8220;row&#8220; _builder_version=&#8220;4.16&#8243; background_size=&#8220;initial&#8220; background_position=&#8220;top_left&#8220; background_repeat=&#8220;repeat&#8220; global_colors_info=&#8220;{}&#8220;][et_pb_column type=&#8220;4_4&#8243; _builder_version=&#8220;4.16&#8243; custom_padding=&#8220;|||&#8220; global_colors_info=&#8220;{}&#8220; custom_padding__hover=&#8220;|||&#8220;][et_pb_text admin_label=&#8220;Text&#8220; _builder_version=&#8220;4.16&#8243; background_size=&#8220;initial&#8220; background_position=&#8220;top_left&#8220; background_repeat=&#8220;repeat&#8220; global_colors_info=&#8220;{}&#8220;]<img decoding=\"async\" class=\"aligncenter\" src=\"https:\/\/www.sanremoguide.it\/uploads\/SanRemo_laPrimavera_350x200.jpg\" alt=\"&lt;b&gt;La Primavera simbolo del clima mite di Sanremo&lt;\/b&gt; - Foto Sanremo Promotion\" \/><\/p>\n<p>Die\u00a0<strong>Blumenriviera<\/strong>\u00a0ist zu jeder Jahreszeit der ideale Ort f\u00fcr Veranstaltungen aller Art; jeder Monat bietet dank des ausgewogenen Klimas, der vielen Sonnentage und der Meeresk\u00fcste g\u00fcnstige Bedingungen \u2013 selbst der l\u00e4ngste Winter ist hier mild.<\/p>\n<p>Und so gibt es eine breite Palette unterschiedlichster Angebote aus verschiedenen Bereichen, seien es Unterhaltung, Spa\u00df, Auff\u00fchrungen, Kultur, Sport oder internationale Ereignisse.<\/p>\n<p>Die Veranstaltungen, die Ihren Urlaub an der Riviera zu etwas Besonderem machen, finden \u00fcberwiegend unter freiem Himmel statt und f\u00fcgen sich &#8211; zw\u00f6lf Monate im Jahr &#8211; harmonisch in die herrliche Landschaft ein, unabh\u00e4ngig davon, ob sie ans Meer oder ans Hinterland gebunden sind.<\/p>\n<p>Sanremo, Imperia, Ventimiglia, Taggia&#8230;&#8230;. dazu die D\u00f6rfer des Hinterlands mit ihrer Natur und Kultur: Es gibt unz\u00e4hlige Orte, die mit einer oder mehreren Veranstaltungen das Interesse der Besucher auf sich ziehen. Keines dieser einzigartigen Ereignisse sollten Sie verpassen, sei es ein Theaterst\u00fcck, ein sportliches Ereignis, ein Mittelaltertag oder ein Umzug blumengeschm\u00fcckter Wagen.<\/p>\n<p>Das Besondere der Riviera und die St\u00e4rken der Provinz Imperia zeigen sich n\u00e4mlich bei diesen Gelegenheiten am besten: Das Meer und der Wind bei den Sportveranstaltungen, die historischen Ortskerne mit ihrer Piazza, mit Kirchen und Palazzi, das Licht der Sonne, das an warmen Sommerabenden eine heimelige Atmosph\u00e4re f\u00fcr Theaterauff\u00fchrungen schafft, Historienspiele, die die Vergangenheit aufleben lassen, und schlie\u00dflich die Umz\u00fcge der blumengeschm\u00fcckten Wagen, die mit den duftenden Blumen, die diesem Teil der Riviera ihren Namen gaben, einem Triumphzug der typischen Erzeugnisse dieses Teils von Ligurien gleichen.[\/et_pb_text][\/et_pb_column][\/et_pb_row][\/et_pb_section][et_pb_section fb_built=&#8220;1&#8243; fullwidth=&#8220;on&#8220; _builder_version=&#8220;4.17.4&#8243; _module_preset=&#8220;default&#8220; global_module=&#8220;12524&#8243; saved_tabs=&#8220;all&#8220; locked=&#8220;off&#8220; collapsed=&#8220;off&#8220; global_colors_info=&#8220;{}&#8220;][et_pb_fullwidth_slider _builder_version=&#8220;4.17.4&#8243; _module_preset=&#8220;default&#8220; global_colors_info=&#8220;{}&#8220;][et_pb_slide heading=&#8220;ESCURSIONI ED EXPERIENCE A SANREMO E IN RIVIERA&#8220; button_text=&#8220;RICHIEDI IL CATALOGO&#8220; button_link=&#8220;https:\/\/sanremoguide.it\/contatti&#8220; image=&#8220;https:\/\/sanremoguide.it\/wp-content\/uploads\/2022\/06\/itouriviera.png&#8220; _builder_version=&#8220;4.17.4&#8243; _module_preset=&#8220;default&#8220; background_image=&#8220;https:\/\/sanremoguide.it\/wp-content\/uploads\/2018\/07\/luca-lombardi-sanremo_bn.jpg&#8220; background_enable_image=&#8220;on&#8220; custom_button=&#8220;on&#8220; button_bg_color=&#8220;#E09900&#8243; button_border_width=&#8220;1px&#8220; button_border_color=&#8220;#FFFFFF&#8220; global_colors_info=&#8220;{}&#8220; sticky_transition=&#8220;on&#8220;][\/et_pb_slide][\/et_pb_fullwidth_slider][\/et_pb_section]<\/p>\n","protected":false},"excerpt":{"rendered":"<p>Die\u00a0Blumenriviera\u00a0ist zu jeder Jahreszeit der ideale Ort f\u00fcr Veranstaltungen aller Art; jeder Monat bietet dank des ausgewogenen Klimas, der vielen Sonnentage und der Meeresk\u00fcste g\u00fcnstige Bedingungen \u2013 selbst der l\u00e4ngste Winter ist hier mild. Und so gibt es eine breite Palette unterschiedlichster Angebote aus verschiedenen Bereichen, seien es Unterhaltung, Spa\u00df, Auff\u00fchrungen, Kultur, Sport oder internationale [&hellip;]<\/p>\n","protected":false},"author":1,"featured_media":0,"parent":912,"menu_order":0,"comment_status":"closed","ping_status":"closed","template":"","meta":{"_et_pb_use_builder":"on","_et_pb_old_content":"<img class=\"aligncenter\" src=\"https:\/\/www.sanremoguide.it\/uploads\/SanRemo_laPrimavera_350x200.jpg\" alt=\"<b>La Primavera simbolo del clima mite di Sanremo<\/b> - Foto Sanremo Promotion\" \/>\r\n\r\nDie\u00a0<strong>Blumenriviera<\/strong>\u00a0ist zu jeder Jahreszeit der ideale Ort f\u00fcr Veranstaltungen aller Art; jeder Monat bietet dank des ausgewogenen Klimas, der vielen Sonnentage und der Meeresk\u00fcste g\u00fcnstige Bedingungen \u2013 selbst der l\u00e4ngste Winter ist hier mild.\r\n\r\nUnd so gibt es eine breite Palette unterschiedlichster Angebote aus verschiedenen Bereichen, seien es Unterhaltung, Spa\u00df, Auff\u00fchrungen, Kultur, Sport oder internationale Ereignisse.\r\n\r\nDie Veranstaltungen, die Ihren Urlaub an der Riviera zu etwas Besonderem machen, finden \u00fcberwiegend unter freiem Himmel statt und f\u00fcgen sich - zw\u00f6lf Monate im Jahr - harmonisch in die herrliche Landschaft ein, unabh\u00e4ngig davon, ob sie ans Meer oder ans Hinterland gebunden sind.\r\n\r\nSanremo, Imperia, Ventimiglia, Taggia....... dazu die D\u00f6rfer des Hinterlands mit ihrer Natur und Kultur: Es gibt unz\u00e4hlige Orte, die mit einer oder mehreren Veranstaltungen das Interesse der Besucher auf sich ziehen. Keines dieser einzigartigen Ereignisse sollten Sie verpassen, sei es ein Theaterst\u00fcck, ein sportliches Ereignis, ein Mittelaltertag oder ein Umzug blumengeschm\u00fcckter Wagen.\r\n\r\nDas Besondere der Riviera und die St\u00e4rken der Provinz Imperia zeigen sich n\u00e4mlich bei diesen Gelegenheiten am besten: Das Meer und der Wind bei den Sportveranstaltungen, die historischen Ortskerne mit ihrer Piazza, mit Kirchen und Palazzi, das Licht der Sonne, das an warmen Sommerabenden eine heimelige Atmosph\u00e4re f\u00fcr Theaterauff\u00fchrungen schafft, Historienspiele, die die Vergangenheit aufleben lassen, und schlie\u00dflich die Umz\u00fcge der blumengeschm\u00fcckten Wagen, die mit den duftenden Blumen, die diesem Teil der Riviera ihren Namen gaben, einem Triumphzug der typischen Erzeugnisse dieses Teils von Ligurien gleichen.","_et_gb_content_width":"","footnotes":""},"class_list":["post-466","page","type-page","status-publish","hentry"],"yoast_head":"<!-- This site is optimized with the Yoast SEO plugin v27.5 - https:\/\/yoast.com\/product\/yoast-seo-wordpress\/ -->\n<title>San Remo Guide :: der F\u00fchrer durch die Stadt San Remo Italien und Blumenriviera<\/title>\n<meta name=\"description\" content=\"Das F\u00fchrer der Stadt San Remo, Italien. Online buchung f\u00fcr Hotels, Residence, Tour-Packet in San Remo und Blumenriviera.\" \/>\n<meta name=\"robots\" content=\"index, follow, max-snippet:-1, max-image-preview:large, max-video-preview:-1\" \/>\n<link rel=\"canonical\" href=\"https:\/\/sanremoguide.it\/de\/nutzliche-infos\/das-wetter\/\" \/>\n<meta property=\"og:locale\" content=\"de_DE\" \/>\n<meta property=\"og:type\" content=\"article\" \/>\n<meta property=\"og:title\" content=\"San Remo Guide :: der F\u00fchrer durch die Stadt San Remo Italien und Blumenriviera\" \/>\n<meta property=\"og:description\" content=\"Das F\u00fchrer der Stadt San Remo, Italien. Online buchung f\u00fcr Hotels, Residence, Tour-Packet in San Remo und Blumenriviera.\" \/>\n<meta property=\"og:url\" content=\"https:\/\/sanremoguide.it\/de\/nutzliche-infos\/das-wetter\/\" \/>\n<meta property=\"og:site_name\" content=\"SANREMO GUIDE | la guida turistica di Sanremo\" \/>\n<meta property=\"article:modified_time\" content=\"2022-06-17T17:45:20+00:00\" \/>\n<meta property=\"og:image\" content=\"https:\/\/www.sanremoguide.it\/uploads\/SanRemo_laPrimavera_350x200.jpg\" \/>\n<meta name=\"twitter:label1\" content=\"Gesch\u00e4tzte Lesezeit\" \/>\n\t<meta name=\"twitter:data1\" content=\"3\u00a0Minuten\" \/>\n<script type=\"application\/ld+json\" class=\"yoast-schema-graph\">{\"@context\":\"https:\\\/\\\/schema.org\",\"@graph\":[{\"@type\":\"WebPage\",\"@id\":\"https:\\\/\\\/sanremoguide.it\\\/de\\\/nutzliche-infos\\\/das-wetter\\\/\",\"url\":\"https:\\\/\\\/sanremoguide.it\\\/de\\\/nutzliche-infos\\\/das-wetter\\\/\",\"name\":\"San Remo Guide :: der F\u00fchrer durch die Stadt San Remo Italien und Blumenriviera\",\"isPartOf\":{\"@id\":\"https:\\\/\\\/sanremoguide.it\\\/#website\"},\"primaryImageOfPage\":{\"@id\":\"https:\\\/\\\/sanremoguide.it\\\/de\\\/nutzliche-infos\\\/das-wetter\\\/#primaryimage\"},\"image\":{\"@id\":\"https:\\\/\\\/sanremoguide.it\\\/de\\\/nutzliche-infos\\\/das-wetter\\\/#primaryimage\"},\"thumbnailUrl\":\"https:\\\/\\\/www.sanremoguide.it\\\/uploads\\\/SanRemo_laPrimavera_350x200.jpg\",\"datePublished\":\"2012-02-09T16:08:55+00:00\",\"dateModified\":\"2022-06-17T17:45:20+00:00\",\"description\":\"Das F\u00fchrer der Stadt San Remo, Italien. Online buchung f\u00fcr Hotels, Residence, Tour-Packet in San Remo und Blumenriviera.\",\"breadcrumb\":{\"@id\":\"https:\\\/\\\/sanremoguide.it\\\/de\\\/nutzliche-infos\\\/das-wetter\\\/#breadcrumb\"},\"inLanguage\":\"de\",\"potentialAction\":[{\"@type\":\"ReadAction\",\"target\":[\"https:\\\/\\\/sanremoguide.it\\\/de\\\/nutzliche-infos\\\/das-wetter\\\/\"]}]},{\"@type\":\"ImageObject\",\"inLanguage\":\"de\",\"@id\":\"https:\\\/\\\/sanremoguide.it\\\/de\\\/nutzliche-infos\\\/das-wetter\\\/#primaryimage\",\"url\":\"https:\\\/\\\/www.sanremoguide.it\\\/uploads\\\/SanRemo_laPrimavera_350x200.jpg\",\"contentUrl\":\"https:\\\/\\\/www.sanremoguide.it\\\/uploads\\\/SanRemo_laPrimavera_350x200.jpg\"},{\"@type\":\"BreadcrumbList\",\"@id\":\"https:\\\/\\\/sanremoguide.it\\\/de\\\/nutzliche-infos\\\/das-wetter\\\/#breadcrumb\",\"itemListElement\":[{\"@type\":\"ListItem\",\"position\":1,\"name\":\"Home\",\"item\":\"https:\\\/\\\/sanremoguide.it\\\/\"},{\"@type\":\"ListItem\",\"position\":2,\"name\":\"N\u00dcTZLICHE INFOS\",\"item\":\"https:\\\/\\\/sanremoguide.it\\\/de\\\/nutzliche-infos\\\/\"},{\"@type\":\"ListItem\",\"position\":3,\"name\":\"DAS WETTER\"}]},{\"@type\":\"WebSite\",\"@id\":\"https:\\\/\\\/sanremoguide.it\\\/#website\",\"url\":\"https:\\\/\\\/sanremoguide.it\\\/\",\"name\":\"SANREMO GUIDE | la guida turistica di Sanremo\",\"description\":\"la guida turistica della citt\u00e0 di Sanremo\",\"potentialAction\":[{\"@type\":\"SearchAction\",\"target\":{\"@type\":\"EntryPoint\",\"urlTemplate\":\"https:\\\/\\\/sanremoguide.it\\\/?s={search_term_string}\"},\"query-input\":{\"@type\":\"PropertyValueSpecification\",\"valueRequired\":true,\"valueName\":\"search_term_string\"}}],\"inLanguage\":\"de\"}]}<\/script>\n<!-- \/ Yoast SEO plugin. -->","yoast_head_json":{"title":"San Remo Guide :: der F\u00fchrer durch die Stadt San Remo Italien und Blumenriviera","description":"Das F\u00fchrer der Stadt San Remo, Italien. Online buchung f\u00fcr Hotels, Residence, Tour-Packet in San Remo und Blumenriviera.","robots":{"index":"index","follow":"follow","max-snippet":"max-snippet:-1","max-image-preview":"max-image-preview:large","max-video-preview":"max-video-preview:-1"},"canonical":"https:\/\/sanremoguide.it\/de\/nutzliche-infos\/das-wetter\/","og_locale":"de_DE","og_type":"article","og_title":"San Remo Guide :: der F\u00fchrer durch die Stadt San Remo Italien und Blumenriviera","og_description":"Das F\u00fchrer der Stadt San Remo, Italien. Online buchung f\u00fcr Hotels, Residence, Tour-Packet in San Remo und Blumenriviera.","og_url":"https:\/\/sanremoguide.it\/de\/nutzliche-infos\/das-wetter\/","og_site_name":"SANREMO GUIDE | la guida turistica di Sanremo","article_modified_time":"2022-06-17T17:45:20+00:00","og_image":[{"url":"https:\/\/www.sanremoguide.it\/uploads\/SanRemo_laPrimavera_350x200.jpg","type":"","width":"","height":""}],"twitter_misc":{"Gesch\u00e4tzte Lesezeit":"3\u00a0Minuten"},"schema":{"@context":"https:\/\/schema.org","@graph":[{"@type":"WebPage","@id":"https:\/\/sanremoguide.it\/de\/nutzliche-infos\/das-wetter\/","url":"https:\/\/sanremoguide.it\/de\/nutzliche-infos\/das-wetter\/","name":"San Remo Guide :: der F\u00fchrer durch die Stadt San Remo Italien und Blumenriviera","isPartOf":{"@id":"https:\/\/sanremoguide.it\/#website"},"primaryImageOfPage":{"@id":"https:\/\/sanremoguide.it\/de\/nutzliche-infos\/das-wetter\/#primaryimage"},"image":{"@id":"https:\/\/sanremoguide.it\/de\/nutzliche-infos\/das-wetter\/#primaryimage"},"thumbnailUrl":"https:\/\/www.sanremoguide.it\/uploads\/SanRemo_laPrimavera_350x200.jpg","datePublished":"2012-02-09T16:08:55+00:00","dateModified":"2022-06-17T17:45:20+00:00","description":"Das F\u00fchrer der Stadt San Remo, Italien. Online buchung f\u00fcr Hotels, Residence, Tour-Packet in San Remo und Blumenriviera.","breadcrumb":{"@id":"https:\/\/sanremoguide.it\/de\/nutzliche-infos\/das-wetter\/#breadcrumb"},"inLanguage":"de","potentialAction":[{"@type":"ReadAction","target":["https:\/\/sanremoguide.it\/de\/nutzliche-infos\/das-wetter\/"]}]},{"@type":"ImageObject","inLanguage":"de","@id":"https:\/\/sanremoguide.it\/de\/nutzliche-infos\/das-wetter\/#primaryimage","url":"https:\/\/www.sanremoguide.it\/uploads\/SanRemo_laPrimavera_350x200.jpg","contentUrl":"https:\/\/www.sanremoguide.it\/uploads\/SanRemo_laPrimavera_350x200.jpg"},{"@type":"BreadcrumbList","@id":"https:\/\/sanremoguide.it\/de\/nutzliche-infos\/das-wetter\/#breadcrumb","itemListElement":[{"@type":"ListItem","position":1,"name":"Home","item":"https:\/\/sanremoguide.it\/"},{"@type":"ListItem","position":2,"name":"N\u00dcTZLICHE INFOS","item":"https:\/\/sanremoguide.it\/de\/nutzliche-infos\/"},{"@type":"ListItem","position":3,"name":"DAS WETTER"}]},{"@type":"WebSite","@id":"https:\/\/sanremoguide.it\/#website","url":"https:\/\/sanremoguide.it\/","name":"SANREMO GUIDE | la guida turistica di Sanremo","description":"la guida turistica della citt\u00e0 di Sanremo","potentialAction":[{"@type":"SearchAction","target":{"@type":"EntryPoint","urlTemplate":"https:\/\/sanremoguide.it\/?s={search_term_string}"},"query-input":{"@type":"PropertyValueSpecification","valueRequired":true,"valueName":"search_term_string"}}],"inLanguage":"de"}]}},"_links":{"self":[{"href":"https:\/\/sanremoguide.it\/de\/wp-json\/wp\/v2\/pages\/466","targetHints":{"allow":["GET"]}}],"collection":[{"href":"https:\/\/sanremoguide.it\/de\/wp-json\/wp\/v2\/pages"}],"about":[{"href":"https:\/\/sanremoguide.it\/de\/wp-json\/wp\/v2\/types\/page"}],"author":[{"embeddable":true,"href":"https:\/\/sanremoguide.it\/de\/wp-json\/wp\/v2\/users\/1"}],"replies":[{"embeddable":true,"href":"https:\/\/sanremoguide.it\/de\/wp-json\/wp\/v2\/comments?post=466"}],"version-history":[{"count":4,"href":"https:\/\/sanremoguide.it\/de\/wp-json\/wp\/v2\/pages\/466\/revisions"}],"predecessor-version":[{"id":13328,"href":"https:\/\/sanremoguide.it\/de\/wp-json\/wp\/v2\/pages\/466\/revisions\/13328"}],"up":[{"embeddable":true,"href":"https:\/\/sanremoguide.it\/de\/wp-json\/wp\/v2\/pages\/912"}],"wp:attachment":[{"href":"https:\/\/sanremoguide.it\/de\/wp-json\/wp\/v2\/media?parent=466"}],"curies":[{"name":"wp","href":"https:\/\/api.w.org\/{rel}","templated":true}]}}