{"id":5589,"date":"2013-03-28T12:56:17","date_gmt":"2013-03-28T12:56:17","guid":{"rendered":"http:\/\/sanremoguide.it\/?page_id=5589"},"modified":"2022-06-17T17:57:43","modified_gmt":"2022-06-17T17:57:43","slug":"whale-whatching-sanremo-mit-walen","status":"publish","type":"page","link":"https:\/\/sanremoguide.it\/de\/whale-whatching-sanremo-mit-walen\/","title":{"rendered":"Whale whatching Sanremo mit Walen"},"content":{"rendered":"<p>[et_pb_section fb_built=&#8220;1&#8243; fullwidth=&#8220;on&#8220; _builder_version=&#8220;4.17.4&#8243; _module_preset=&#8220;default&#8220; locked=&#8220;off&#8220; global_colors_info=&#8220;{}&#8220;][et_pb_fullwidth_slider _builder_version=&#8220;4.17.4&#8243; _module_preset=&#8220;default&#8220; background_image=&#8220;https:\/\/sanremoguide.it\/wp-content\/uploads\/2018\/09\/Luca_Lombardi_Sanremo_La_Primavera.jpg&#8220; global_colors_info=&#8220;{}&#8220;][et_pb_slide heading=&#8220;Whale whatching Sanremo mit Walen&#8220; _builder_version=&#8220;4.17.4&#8243; _module_preset=&#8220;default&#8220; custom_button=&#8220;on&#8220; button_text_color=&#8220;#256b00&#8243; button_bg_color=&#8220;#f2b500&#8243; button_border_color=&#8220;#FFFFFF&#8220; button_icon=&#8220;&#x41;||divi||400&#8243; text_orientation=&#8220;center&#8220; background_layout=&#8220;light&#8220; box_shadow_style_button=&#8220;preset1&#8243; text_shadow_style=&#8220;preset3&#8243; global_colors_info=&#8220;{}&#8220; sticky_transition=&#8220;on&#8220;][\/et_pb_slide][\/et_pb_fullwidth_slider][\/et_pb_section][et_pb_section fb_built=&#8220;1&#8243; _builder_version=&#8220;4.16&#8243; global_colors_info=&#8220;{}&#8220;][et_pb_row _builder_version=&#8220;4.16&#8243; background_size=&#8220;initial&#8220; background_position=&#8220;top_left&#8220; background_repeat=&#8220;repeat&#8220; global_colors_info=&#8220;{}&#8220;][et_pb_column type=&#8220;4_4&#8243; _builder_version=&#8220;4.16&#8243; custom_padding=&#8220;|||&#8220; global_colors_info=&#8220;{}&#8220; custom_padding__hover=&#8220;|||&#8220;][et_pb_text _builder_version=&#8220;4.16&#8243; background_size=&#8220;initial&#8220; background_position=&#8220;top_left&#8220; background_repeat=&#8220;repeat&#8220; global_colors_info=&#8220;{}&#8220;]Whale watching an der Cetacean Sanctuary &#8211; Foto B<\/p>\n<p>Vom 1. Mai bis 30. September 2011 alle an Bord der Motor Vessel Corsaraper ein &#8222;aufregendes Abenteuer in der Whale Sanctuary eingetaucht, um herauszufinden, in der N\u00e4he Meeress\u00e4uger wie Delfine, gestreiften Delfine, Pottwale und andere Bewohner des Ligurischen Meeres.<\/p>\n<p>Die Abfahrten aus wird durchgef\u00fchrt werden jeden Tag von Vesco Square (vor dem Hafen) in Sanremo, Boarding ab 13 Uhr, reduzierte Preise f\u00fcr Kinder, Kinder bis 4 Jahre frei.<\/p>\n<p>Der Service wird auch von Imperia Porto Maurizio aktiv, dienstags, donnerstags, samstags und sonntags, ab 13,45.<\/p>\n<p>Der Ausflug auf dem Meer f\u00fcr einen Zeitraum von ca. 4 Stunden, ist die Erfahrung f\u00fcr alle Altersgruppen geeignet und Verpflegung wird immer ein Meeresbiologe, der die Geschichte und Kuriosit\u00e4ten Cetacean und beantworten Fragen von den Passagieren sowie intercept marine Proben erkl\u00e4ren und sein um die \u00d6ffentlichkeit besser beobachten zu helfen.<\/p>\n<p>Neben der Exkursion Sichtung gibt keine anderen Arten von Reisen wie die Tour des Golfs von Sanremo 45 Minuten, und besondere Ereignisse w\u00e4hrend des Feuerwerks Ventimiglia (19. Juni) und Alassio (15. August).<\/p>\n<p>F\u00fcr weitere Informationen, Abfahrtszeiten und Preise, besuchen Sie die Organisation &#8217;s[\/et_pb_text][\/et_pb_column][\/et_pb_row][\/et_pb_section][et_pb_section fb_built=&#8220;1&#8243; fullwidth=&#8220;on&#8220; _builder_version=&#8220;4.17.4&#8243; _module_preset=&#8220;default&#8220; global_module=&#8220;12524&#8243; saved_tabs=&#8220;all&#8220; locked=&#8220;off&#8220; collapsed=&#8220;off&#8220; global_colors_info=&#8220;{}&#8220;][et_pb_fullwidth_slider _builder_version=&#8220;4.17.4&#8243; _module_preset=&#8220;default&#8220; global_colors_info=&#8220;{}&#8220;][et_pb_slide heading=&#8220;ESCURSIONI ED EXPERIENCE A SANREMO E IN RIVIERA&#8220; button_text=&#8220;RICHIEDI IL CATALOGO&#8220; button_link=&#8220;https:\/\/sanremoguide.it\/contatti&#8220; image=&#8220;https:\/\/sanremoguide.it\/wp-content\/uploads\/2022\/06\/itouriviera.png&#8220; _builder_version=&#8220;4.17.4&#8243; _module_preset=&#8220;default&#8220; background_image=&#8220;https:\/\/sanremoguide.it\/wp-content\/uploads\/2018\/07\/luca-lombardi-sanremo_bn.jpg&#8220; background_enable_image=&#8220;on&#8220; custom_button=&#8220;on&#8220; button_bg_color=&#8220;#E09900&#8243; button_border_width=&#8220;1px&#8220; button_border_color=&#8220;#FFFFFF&#8220; global_colors_info=&#8220;{}&#8220; sticky_transition=&#8220;on&#8220;][\/et_pb_slide][\/et_pb_fullwidth_slider][\/et_pb_section]<\/p>\n","protected":false},"excerpt":{"rendered":"<p>Whale watching an der Cetacean Sanctuary &#8211; Foto B Vom 1. Mai bis 30. September 2011 alle an Bord der Motor Vessel Corsaraper ein &#8222;aufregendes Abenteuer in der Whale Sanctuary eingetaucht, um herauszufinden, in der N\u00e4he Meeress\u00e4uger wie Delfine, gestreiften Delfine, Pottwale und andere Bewohner des Ligurischen Meeres. Die Abfahrten aus wird durchgef\u00fchrt werden jeden [&hellip;]<\/p>\n","protected":false},"author":1,"featured_media":0,"parent":0,"menu_order":0,"comment_status":"closed","ping_status":"open","template":"","meta":{"_et_pb_use_builder":"on","_et_pb_old_content":"Whale watching an der Cetacean Sanctuary - Foto B\r\n\r\nVom 1. Mai bis 30. September 2011 alle an Bord der Motor Vessel Corsaraper ein \"aufregendes Abenteuer in der Whale Sanctuary eingetaucht, um herauszufinden, in der N\u00e4he Meeress\u00e4uger wie Delfine, gestreiften Delfine, Pottwale und andere Bewohner des Ligurischen Meeres.\r\n\r\nDie Abfahrten aus wird durchgef\u00fchrt werden jeden Tag von Vesco Square (vor dem Hafen) in Sanremo, Boarding ab 13 Uhr, reduzierte Preise f\u00fcr Kinder, Kinder bis 4 Jahre frei.\r\n\r\nDer Service wird auch von Imperia Porto Maurizio aktiv, dienstags, donnerstags, samstags und sonntags, ab 13,45.\r\n\r\nDer Ausflug auf dem Meer f\u00fcr einen Zeitraum von ca. 4 Stunden, ist die Erfahrung f\u00fcr alle Altersgruppen geeignet und Verpflegung wird immer ein Meeresbiologe, der die Geschichte und Kuriosit\u00e4ten Cetacean und beantworten Fragen von den Passagieren sowie intercept marine Proben erkl\u00e4ren und sein um die \u00d6ffentlichkeit besser beobachten zu helfen.\r\n\r\nNeben der Exkursion Sichtung gibt keine anderen Arten von Reisen wie die Tour des Golfs von Sanremo 45 Minuten, und besondere Ereignisse w\u00e4hrend des Feuerwerks Ventimiglia (19. Juni) und Alassio (15. August).\r\n\r\nF\u00fcr weitere Informationen, Abfahrtszeiten und Preise, besuchen Sie die Organisation 's","_et_gb_content_width":"","footnotes":""},"class_list":["post-5589","page","type-page","status-publish","hentry"],"yoast_head":"<!-- This site is optimized with the Yoast SEO plugin v27.5 - https:\/\/yoast.com\/product\/yoast-seo-wordpress\/ -->\n<title>Whale whatching Sanremo mit Walen - SANREMO GUIDE | la guida turistica di Sanremo<\/title>\n<meta name=\"robots\" content=\"index, follow, max-snippet:-1, max-image-preview:large, max-video-preview:-1\" \/>\n<link rel=\"canonical\" href=\"https:\/\/sanremoguide.it\/de\/whale-whatching-sanremo-mit-walen\/\" \/>\n<meta property=\"og:locale\" content=\"de_DE\" \/>\n<meta property=\"og:type\" content=\"article\" \/>\n<meta property=\"og:title\" content=\"Whale whatching Sanremo mit Walen - SANREMO GUIDE | la guida turistica di Sanremo\" \/>\n<meta property=\"og:description\" content=\"Whale watching an der Cetacean Sanctuary - Foto B Vom 1. Mai bis 30. September 2011 alle an Bord der Motor Vessel Corsaraper ein &quot;aufregendes Abenteuer in der Whale Sanctuary eingetaucht, um herauszufinden, in der N\u00e4he Meeress\u00e4uger wie Delfine, gestreiften Delfine, Pottwale und andere Bewohner des Ligurischen Meeres. Die Abfahrten aus wird durchgef\u00fchrt werden jeden [&hellip;]\" \/>\n<meta property=\"og:url\" content=\"https:\/\/sanremoguide.it\/de\/whale-whatching-sanremo-mit-walen\/\" \/>\n<meta property=\"og:site_name\" content=\"SANREMO GUIDE | la guida turistica di Sanremo\" \/>\n<meta property=\"article:modified_time\" content=\"2022-06-17T17:57:43+00:00\" \/>\n<meta name=\"twitter:label1\" content=\"Gesch\u00e4tzte Lesezeit\" \/>\n\t<meta name=\"twitter:data1\" content=\"2\u00a0Minuten\" \/>\n<script type=\"application\/ld+json\" class=\"yoast-schema-graph\">{\"@context\":\"https:\\\/\\\/schema.org\",\"@graph\":[{\"@type\":\"WebPage\",\"@id\":\"https:\\\/\\\/sanremoguide.it\\\/de\\\/whale-whatching-sanremo-mit-walen\\\/\",\"url\":\"https:\\\/\\\/sanremoguide.it\\\/de\\\/whale-whatching-sanremo-mit-walen\\\/\",\"name\":\"Whale whatching Sanremo mit Walen - SANREMO GUIDE | la guida turistica di Sanremo\",\"isPartOf\":{\"@id\":\"https:\\\/\\\/sanremoguide.it\\\/#website\"},\"datePublished\":\"2013-03-28T12:56:17+00:00\",\"dateModified\":\"2022-06-17T17:57:43+00:00\",\"breadcrumb\":{\"@id\":\"https:\\\/\\\/sanremoguide.it\\\/de\\\/whale-whatching-sanremo-mit-walen\\\/#breadcrumb\"},\"inLanguage\":\"de\",\"potentialAction\":[{\"@type\":\"ReadAction\",\"target\":[\"https:\\\/\\\/sanremoguide.it\\\/de\\\/whale-whatching-sanremo-mit-walen\\\/\"]}]},{\"@type\":\"BreadcrumbList\",\"@id\":\"https:\\\/\\\/sanremoguide.it\\\/de\\\/whale-whatching-sanremo-mit-walen\\\/#breadcrumb\",\"itemListElement\":[{\"@type\":\"ListItem\",\"position\":1,\"name\":\"Home\",\"item\":\"https:\\\/\\\/sanremoguide.it\\\/\"},{\"@type\":\"ListItem\",\"position\":2,\"name\":\"Whale whatching Sanremo mit Walen\"}]},{\"@type\":\"WebSite\",\"@id\":\"https:\\\/\\\/sanremoguide.it\\\/#website\",\"url\":\"https:\\\/\\\/sanremoguide.it\\\/\",\"name\":\"SANREMO GUIDE | la guida turistica di Sanremo\",\"description\":\"la guida turistica della citt\u00e0 di Sanremo\",\"potentialAction\":[{\"@type\":\"SearchAction\",\"target\":{\"@type\":\"EntryPoint\",\"urlTemplate\":\"https:\\\/\\\/sanremoguide.it\\\/?s={search_term_string}\"},\"query-input\":{\"@type\":\"PropertyValueSpecification\",\"valueRequired\":true,\"valueName\":\"search_term_string\"}}],\"inLanguage\":\"de\"}]}<\/script>\n<!-- \/ Yoast SEO plugin. -->","yoast_head_json":{"title":"Whale whatching Sanremo mit Walen - SANREMO GUIDE | la guida turistica di Sanremo","robots":{"index":"index","follow":"follow","max-snippet":"max-snippet:-1","max-image-preview":"max-image-preview:large","max-video-preview":"max-video-preview:-1"},"canonical":"https:\/\/sanremoguide.it\/de\/whale-whatching-sanremo-mit-walen\/","og_locale":"de_DE","og_type":"article","og_title":"Whale whatching Sanremo mit Walen - SANREMO GUIDE | la guida turistica di Sanremo","og_description":"Whale watching an der Cetacean Sanctuary - Foto B Vom 1. Mai bis 30. September 2011 alle an Bord der Motor Vessel Corsaraper ein \"aufregendes Abenteuer in der Whale Sanctuary eingetaucht, um herauszufinden, in der N\u00e4he Meeress\u00e4uger wie Delfine, gestreiften Delfine, Pottwale und andere Bewohner des Ligurischen Meeres. Die Abfahrten aus wird durchgef\u00fchrt werden jeden [&hellip;]","og_url":"https:\/\/sanremoguide.it\/de\/whale-whatching-sanremo-mit-walen\/","og_site_name":"SANREMO GUIDE | la guida turistica di Sanremo","article_modified_time":"2022-06-17T17:57:43+00:00","twitter_misc":{"Gesch\u00e4tzte Lesezeit":"2\u00a0Minuten"},"schema":{"@context":"https:\/\/schema.org","@graph":[{"@type":"WebPage","@id":"https:\/\/sanremoguide.it\/de\/whale-whatching-sanremo-mit-walen\/","url":"https:\/\/sanremoguide.it\/de\/whale-whatching-sanremo-mit-walen\/","name":"Whale whatching Sanremo mit Walen - SANREMO GUIDE | la guida turistica di Sanremo","isPartOf":{"@id":"https:\/\/sanremoguide.it\/#website"},"datePublished":"2013-03-28T12:56:17+00:00","dateModified":"2022-06-17T17:57:43+00:00","breadcrumb":{"@id":"https:\/\/sanremoguide.it\/de\/whale-whatching-sanremo-mit-walen\/#breadcrumb"},"inLanguage":"de","potentialAction":[{"@type":"ReadAction","target":["https:\/\/sanremoguide.it\/de\/whale-whatching-sanremo-mit-walen\/"]}]},{"@type":"BreadcrumbList","@id":"https:\/\/sanremoguide.it\/de\/whale-whatching-sanremo-mit-walen\/#breadcrumb","itemListElement":[{"@type":"ListItem","position":1,"name":"Home","item":"https:\/\/sanremoguide.it\/"},{"@type":"ListItem","position":2,"name":"Whale whatching Sanremo mit Walen"}]},{"@type":"WebSite","@id":"https:\/\/sanremoguide.it\/#website","url":"https:\/\/sanremoguide.it\/","name":"SANREMO GUIDE | la guida turistica di Sanremo","description":"la guida turistica della citt\u00e0 di Sanremo","potentialAction":[{"@type":"SearchAction","target":{"@type":"EntryPoint","urlTemplate":"https:\/\/sanremoguide.it\/?s={search_term_string}"},"query-input":{"@type":"PropertyValueSpecification","valueRequired":true,"valueName":"search_term_string"}}],"inLanguage":"de"}]}},"_links":{"self":[{"href":"https:\/\/sanremoguide.it\/de\/wp-json\/wp\/v2\/pages\/5589","targetHints":{"allow":["GET"]}}],"collection":[{"href":"https:\/\/sanremoguide.it\/de\/wp-json\/wp\/v2\/pages"}],"about":[{"href":"https:\/\/sanremoguide.it\/de\/wp-json\/wp\/v2\/types\/page"}],"author":[{"embeddable":true,"href":"https:\/\/sanremoguide.it\/de\/wp-json\/wp\/v2\/users\/1"}],"replies":[{"embeddable":true,"href":"https:\/\/sanremoguide.it\/de\/wp-json\/wp\/v2\/comments?post=5589"}],"version-history":[{"count":7,"href":"https:\/\/sanremoguide.it\/de\/wp-json\/wp\/v2\/pages\/5589\/revisions"}],"predecessor-version":[{"id":13366,"href":"https:\/\/sanremoguide.it\/de\/wp-json\/wp\/v2\/pages\/5589\/revisions\/13366"}],"wp:attachment":[{"href":"https:\/\/sanremoguide.it\/de\/wp-json\/wp\/v2\/media?parent=5589"}],"curies":[{"name":"wp","href":"https:\/\/api.w.org\/{rel}","templated":true}]}}