{"id":61,"date":"2012-02-07T13:49:02","date_gmt":"2012-02-07T13:49:02","guid":{"rendered":"http:\/\/sanremoguide.conteadinizza.it\/wordpress\/?page_id=61"},"modified":"2022-06-17T16:22:21","modified_gmt":"2022-06-17T16:22:21","slug":"die-stadt-san-remo","status":"publish","type":"page","link":"https:\/\/sanremoguide.it\/de\/die-stadt-san-remo\/","title":{"rendered":"DIE STADT SAN REMO"},"content":{"rendered":"<p>[et_pb_section fb_built=&#8220;1&#8243; fullwidth=&#8220;on&#8220; _builder_version=&#8220;4.17.4&#8243; _module_preset=&#8220;default&#8220; locked=&#8220;off&#8220; global_colors_info=&#8220;{}&#8220;][et_pb_fullwidth_slider _builder_version=&#8220;4.17.4&#8243; _module_preset=&#8220;default&#8220; background_image=&#8220;https:\/\/sanremoguide.it\/wp-content\/uploads\/2018\/09\/Luca_Lombardi_Sanremo_La_Primavera.jpg&#8220; global_colors_info=&#8220;{}&#8220;][et_pb_slide heading=&#8220;DIE STADT SAN REMO&#8220; _builder_version=&#8220;4.17.4&#8243; _module_preset=&#8220;default&#8220; custom_button=&#8220;on&#8220; button_text_color=&#8220;#256b00&#8243; button_bg_color=&#8220;#f2b500&#8243; button_border_color=&#8220;#FFFFFF&#8220; button_icon=&#8220;&#x41;||divi||400&#8243; text_orientation=&#8220;center&#8220; background_layout=&#8220;light&#8220; box_shadow_style_button=&#8220;preset1&#8243; text_shadow_style=&#8220;preset3&#8243; global_colors_info=&#8220;{}&#8220; sticky_transition=&#8220;on&#8220;][\/et_pb_slide][\/et_pb_fullwidth_slider][\/et_pb_section][et_pb_section fb_built=&#8220;1&#8243; admin_label=&#8220;section&#8220; _builder_version=&#8220;4.16&#8243; global_colors_info=&#8220;{}&#8220;][et_pb_row admin_label=&#8220;row&#8220; _builder_version=&#8220;4.16&#8243; background_size=&#8220;initial&#8220; background_position=&#8220;top_left&#8220; background_repeat=&#8220;repeat&#8220; global_colors_info=&#8220;{}&#8220;][et_pb_column type=&#8220;4_4&#8243; _builder_version=&#8220;4.16&#8243; custom_padding=&#8220;|||&#8220; global_colors_info=&#8220;{}&#8220; custom_padding__hover=&#8220;|||&#8220;][et_pb_text admin_label=&#8220;Text&#8220; _builder_version=&#8220;4.16&#8243; background_size=&#8220;initial&#8220; background_position=&#8220;top_left&#8220; background_repeat=&#8220;repeat&#8220; global_colors_info=&#8220;{}&#8220;]<img decoding=\"async\" class=\"aligncenter\" src=\"https:\/\/www.sanremoguide.it\/uploads\/SanRemo_tramonto_350x200.jpg\" alt=\"San Remo at Sunset - Photo APT RdF\" \/><\/p>\n<p>Die Stadt\u00a0<strong>Sanremo<\/strong>\u00a0entstand in r\u00f6mischer Zeit an einer weiten Bucht der westligurischen K\u00fcste und ist als als Badeort und\u00a0<strong>\u201cPerle der Blumenriviera\u201d<\/strong>in der ganzen Welt bekannt.<\/p>\n<p>Diesen Ruf verdankt sie ihrem\u00a0<strong>ganzj\u00e4hjrig milden Klima<\/strong>, das Folge seiner g\u00fcnstigen geografischen Lage ist: Sanremo liegt vor Nordwind gesch\u00fctzt und hat daher, wie der gesamte K\u00fcstenabschnitt, eine sehr geringe Niederschlagsmenge und sehr milde Temperaturen, die in den \u00fcppigen G\u00e4rten entlang der ganzen Blumenriviera sogar das Gedeihen tropischer Pflanzen erlauben.<\/p>\n<p>Ein weiterer Faktor, der die Entwicklung Sanremos gef\u00f6rdert hat, war der<strong>internationale Tourismus<\/strong>, der die Stadt und ihre Umgebung im 19. Jahrhundert sogar zum Aufenthaltsort einiger so bekannter Pers\u00f6nlichkeiten wie der Zarin Maria Alexandrovna und dem Wissenschaftler Alfred Nobel machte.<\/p>\n<p>Der Name Sanremo ist aber nicht nur aus touristischen Gr\u00fcnden in aller Welt bekannt, sondern auch aufgrund seiner Blumenproduktion. Vor allem<strong>Schnittblumen<\/strong>\u00a0werden auf den H\u00fcgeln oberhalb von Sanremo angebaut und in alle Welt exportiert.<\/p>\n<p>Auch ein Hauch Mond\u00e4nit\u00e4t fehlt nicht neben dem Duft der Natur und der Sch\u00f6nheit der Altstadt \u2013 er kommt das ganze Jahr \u00fcber aus den festlichen S\u00e4len des bekannten\u00a0<strong>Spielkasinos<\/strong>\u00a0und nat\u00fcrlich von der weltbekannten, j\u00e4hrlich wiederkehrenden Veranstaltung des\u00a0<strong>\u00abFestival della Canzone Italiana\u00bb<\/strong>, des Italienischen Schlagerfestivals.[\/et_pb_text][\/et_pb_column][\/et_pb_row][\/et_pb_section][et_pb_section fb_built=&#8220;1&#8243; fullwidth=&#8220;on&#8220; _builder_version=&#8220;4.17.4&#8243; _module_preset=&#8220;default&#8220; global_module=&#8220;12524&#8243; saved_tabs=&#8220;all&#8220; locked=&#8220;off&#8220; collapsed=&#8220;off&#8220; global_colors_info=&#8220;{}&#8220;][et_pb_fullwidth_slider _builder_version=&#8220;4.17.4&#8243; _module_preset=&#8220;default&#8220; global_colors_info=&#8220;{}&#8220;][et_pb_slide heading=&#8220;ESCURSIONI ED EXPERIENCE A SANREMO E IN RIVIERA&#8220; button_text=&#8220;RICHIEDI IL CATALOGO&#8220; button_link=&#8220;https:\/\/sanremoguide.it\/contatti&#8220; image=&#8220;https:\/\/sanremoguide.it\/wp-content\/uploads\/2022\/06\/itouriviera.png&#8220; _builder_version=&#8220;4.17.4&#8243; _module_preset=&#8220;default&#8220; background_image=&#8220;https:\/\/sanremoguide.it\/wp-content\/uploads\/2018\/07\/luca-lombardi-sanremo_bn.jpg&#8220; background_enable_image=&#8220;on&#8220; custom_button=&#8220;on&#8220; button_bg_color=&#8220;#E09900&#8243; button_border_width=&#8220;1px&#8220; button_border_color=&#8220;#FFFFFF&#8220; global_colors_info=&#8220;{}&#8220; sticky_transition=&#8220;on&#8220;][\/et_pb_slide][\/et_pb_fullwidth_slider][\/et_pb_section]<\/p>\n","protected":false},"excerpt":{"rendered":"<p>Die Stadt\u00a0Sanremo\u00a0entstand in r\u00f6mischer Zeit an einer weiten Bucht der westligurischen K\u00fcste und ist als als Badeort und\u00a0\u201cPerle der Blumenriviera\u201din der ganzen Welt bekannt. Diesen Ruf verdankt sie ihrem\u00a0ganzj\u00e4hjrig milden Klima, das Folge seiner g\u00fcnstigen geografischen Lage ist: Sanremo liegt vor Nordwind gesch\u00fctzt und hat daher, wie der gesamte K\u00fcstenabschnitt, eine sehr geringe Niederschlagsmenge und [&hellip;]<\/p>\n","protected":false},"author":1,"featured_media":0,"parent":0,"menu_order":0,"comment_status":"closed","ping_status":"closed","template":"","meta":{"_et_pb_use_builder":"on","_et_pb_old_content":"<img class=\"aligncenter\" src=\"https:\/\/www.sanremoguide.it\/uploads\/SanRemo_tramonto_350x200.jpg\" alt=\"San Remo at Sunset - Photo APT RdF\" \/>\r\n\r\nDie Stadt\u00a0<strong>Sanremo<\/strong>\u00a0entstand in r\u00f6mischer Zeit an einer weiten Bucht der westligurischen K\u00fcste und ist als als Badeort und\u00a0<strong>\u201cPerle der Blumenriviera\u201d<\/strong>in der ganzen Welt bekannt.\r\n\r\nDiesen Ruf verdankt sie ihrem\u00a0<strong>ganzj\u00e4hjrig milden Klima<\/strong>, das Folge seiner g\u00fcnstigen geografischen Lage ist: Sanremo liegt vor Nordwind gesch\u00fctzt und hat daher, wie der gesamte K\u00fcstenabschnitt, eine sehr geringe Niederschlagsmenge und sehr milde Temperaturen, die in den \u00fcppigen G\u00e4rten entlang der ganzen Blumenriviera sogar das Gedeihen tropischer Pflanzen erlauben.\r\n\r\nEin weiterer Faktor, der die Entwicklung Sanremos gef\u00f6rdert hat, war der<strong>internationale Tourismus<\/strong>, der die Stadt und ihre Umgebung im 19. Jahrhundert sogar zum Aufenthaltsort einiger so bekannter Pers\u00f6nlichkeiten wie der Zarin Maria Alexandrovna und dem Wissenschaftler Alfred Nobel machte.\r\n\r\nDer Name Sanremo ist aber nicht nur aus touristischen Gr\u00fcnden in aller Welt bekannt, sondern auch aufgrund seiner Blumenproduktion. Vor allem<strong>Schnittblumen<\/strong>\u00a0werden auf den H\u00fcgeln oberhalb von Sanremo angebaut und in alle Welt exportiert.\r\n\r\nAuch ein Hauch Mond\u00e4nit\u00e4t fehlt nicht neben dem Duft der Natur und der Sch\u00f6nheit der Altstadt \u2013 er kommt das ganze Jahr \u00fcber aus den festlichen S\u00e4len des bekannten\u00a0<strong>Spielkasinos<\/strong>\u00a0und nat\u00fcrlich von der weltbekannten, j\u00e4hrlich wiederkehrenden Veranstaltung des\u00a0<strong>\u00abFestival della Canzone Italiana\u00bb<\/strong>, des Italienischen Schlagerfestivals.","_et_gb_content_width":"","footnotes":""},"class_list":["post-61","page","type-page","status-publish","hentry"],"yoast_head":"<!-- This site is optimized with the Yoast SEO plugin v27.5 - https:\/\/yoast.com\/product\/yoast-seo-wordpress\/ -->\n<title>SAN REMO :: Turismus und Stadt F\u00fchrer :: San Remo Guide<\/title>\n<meta name=\"description\" content=\"&quot;Das F\u00fchrer der Stadt San Remo, Italien. Online buchung f\u00fcr Hotels, Residence, Tour-Packet in San Remo und Blumenriviera.&quot;\" \/>\n<meta name=\"robots\" content=\"index, follow, max-snippet:-1, max-image-preview:large, max-video-preview:-1\" \/>\n<link rel=\"canonical\" href=\"https:\/\/sanremoguide.it\/de\/die-stadt-san-remo\/\" \/>\n<meta property=\"og:locale\" content=\"de_DE\" \/>\n<meta property=\"og:type\" content=\"article\" \/>\n<meta property=\"og:title\" content=\"SAN REMO :: Turismus und Stadt F\u00fchrer :: San Remo Guide\" \/>\n<meta property=\"og:description\" content=\"&quot;Das F\u00fchrer der Stadt San Remo, Italien. Online buchung f\u00fcr Hotels, Residence, Tour-Packet in San Remo und Blumenriviera.&quot;\" \/>\n<meta property=\"og:url\" content=\"https:\/\/sanremoguide.it\/de\/die-stadt-san-remo\/\" \/>\n<meta property=\"og:site_name\" content=\"SANREMO GUIDE | la guida turistica di Sanremo\" \/>\n<meta property=\"article:modified_time\" content=\"2022-06-17T16:22:21+00:00\" \/>\n<meta property=\"og:image\" content=\"https:\/\/www.sanremoguide.it\/uploads\/SanRemo_tramonto_350x200.jpg\" \/>\n<meta name=\"twitter:label1\" content=\"Gesch\u00e4tzte Lesezeit\" \/>\n\t<meta name=\"twitter:data1\" content=\"3\u00a0Minuten\" \/>\n<script type=\"application\/ld+json\" class=\"yoast-schema-graph\">{\"@context\":\"https:\\\/\\\/schema.org\",\"@graph\":[{\"@type\":\"WebPage\",\"@id\":\"https:\\\/\\\/sanremoguide.it\\\/de\\\/die-stadt-san-remo\\\/\",\"url\":\"https:\\\/\\\/sanremoguide.it\\\/de\\\/die-stadt-san-remo\\\/\",\"name\":\"SAN REMO :: Turismus und Stadt F\u00fchrer :: San Remo Guide\",\"isPartOf\":{\"@id\":\"https:\\\/\\\/sanremoguide.it\\\/#website\"},\"primaryImageOfPage\":{\"@id\":\"https:\\\/\\\/sanremoguide.it\\\/de\\\/die-stadt-san-remo\\\/#primaryimage\"},\"image\":{\"@id\":\"https:\\\/\\\/sanremoguide.it\\\/de\\\/die-stadt-san-remo\\\/#primaryimage\"},\"thumbnailUrl\":\"https:\\\/\\\/www.sanremoguide.it\\\/uploads\\\/SanRemo_tramonto_350x200.jpg\",\"datePublished\":\"2012-02-07T13:49:02+00:00\",\"dateModified\":\"2022-06-17T16:22:21+00:00\",\"description\":\"\\\"Das F\u00fchrer der Stadt San Remo, Italien. Online buchung f\u00fcr Hotels, Residence, Tour-Packet in San Remo und Blumenriviera.\\\"\",\"breadcrumb\":{\"@id\":\"https:\\\/\\\/sanremoguide.it\\\/de\\\/die-stadt-san-remo\\\/#breadcrumb\"},\"inLanguage\":\"de\",\"potentialAction\":[{\"@type\":\"ReadAction\",\"target\":[\"https:\\\/\\\/sanremoguide.it\\\/de\\\/die-stadt-san-remo\\\/\"]}]},{\"@type\":\"ImageObject\",\"inLanguage\":\"de\",\"@id\":\"https:\\\/\\\/sanremoguide.it\\\/de\\\/die-stadt-san-remo\\\/#primaryimage\",\"url\":\"https:\\\/\\\/www.sanremoguide.it\\\/uploads\\\/SanRemo_tramonto_350x200.jpg\",\"contentUrl\":\"https:\\\/\\\/www.sanremoguide.it\\\/uploads\\\/SanRemo_tramonto_350x200.jpg\"},{\"@type\":\"BreadcrumbList\",\"@id\":\"https:\\\/\\\/sanremoguide.it\\\/de\\\/die-stadt-san-remo\\\/#breadcrumb\",\"itemListElement\":[{\"@type\":\"ListItem\",\"position\":1,\"name\":\"Home\",\"item\":\"https:\\\/\\\/sanremoguide.it\\\/\"},{\"@type\":\"ListItem\",\"position\":2,\"name\":\"DIE STADT SAN REMO\"}]},{\"@type\":\"WebSite\",\"@id\":\"https:\\\/\\\/sanremoguide.it\\\/#website\",\"url\":\"https:\\\/\\\/sanremoguide.it\\\/\",\"name\":\"SANREMO GUIDE | la guida turistica di Sanremo\",\"description\":\"la guida turistica della citt\u00e0 di Sanremo\",\"potentialAction\":[{\"@type\":\"SearchAction\",\"target\":{\"@type\":\"EntryPoint\",\"urlTemplate\":\"https:\\\/\\\/sanremoguide.it\\\/?s={search_term_string}\"},\"query-input\":{\"@type\":\"PropertyValueSpecification\",\"valueRequired\":true,\"valueName\":\"search_term_string\"}}],\"inLanguage\":\"de\"}]}<\/script>\n<!-- \/ Yoast SEO plugin. -->","yoast_head_json":{"title":"SAN REMO :: Turismus und Stadt F\u00fchrer :: San Remo Guide","description":"\"Das F\u00fchrer der Stadt San Remo, Italien. Online buchung f\u00fcr Hotels, Residence, Tour-Packet in San Remo und Blumenriviera.\"","robots":{"index":"index","follow":"follow","max-snippet":"max-snippet:-1","max-image-preview":"max-image-preview:large","max-video-preview":"max-video-preview:-1"},"canonical":"https:\/\/sanremoguide.it\/de\/die-stadt-san-remo\/","og_locale":"de_DE","og_type":"article","og_title":"SAN REMO :: Turismus und Stadt F\u00fchrer :: San Remo Guide","og_description":"\"Das F\u00fchrer der Stadt San Remo, Italien. Online buchung f\u00fcr Hotels, Residence, Tour-Packet in San Remo und Blumenriviera.\"","og_url":"https:\/\/sanremoguide.it\/de\/die-stadt-san-remo\/","og_site_name":"SANREMO GUIDE | la guida turistica di Sanremo","article_modified_time":"2022-06-17T16:22:21+00:00","og_image":[{"url":"https:\/\/www.sanremoguide.it\/uploads\/SanRemo_tramonto_350x200.jpg","type":"","width":"","height":""}],"twitter_misc":{"Gesch\u00e4tzte Lesezeit":"3\u00a0Minuten"},"schema":{"@context":"https:\/\/schema.org","@graph":[{"@type":"WebPage","@id":"https:\/\/sanremoguide.it\/de\/die-stadt-san-remo\/","url":"https:\/\/sanremoguide.it\/de\/die-stadt-san-remo\/","name":"SAN REMO :: Turismus und Stadt F\u00fchrer :: San Remo Guide","isPartOf":{"@id":"https:\/\/sanremoguide.it\/#website"},"primaryImageOfPage":{"@id":"https:\/\/sanremoguide.it\/de\/die-stadt-san-remo\/#primaryimage"},"image":{"@id":"https:\/\/sanremoguide.it\/de\/die-stadt-san-remo\/#primaryimage"},"thumbnailUrl":"https:\/\/www.sanremoguide.it\/uploads\/SanRemo_tramonto_350x200.jpg","datePublished":"2012-02-07T13:49:02+00:00","dateModified":"2022-06-17T16:22:21+00:00","description":"\"Das F\u00fchrer der Stadt San Remo, Italien. Online buchung f\u00fcr Hotels, Residence, Tour-Packet in San Remo und Blumenriviera.\"","breadcrumb":{"@id":"https:\/\/sanremoguide.it\/de\/die-stadt-san-remo\/#breadcrumb"},"inLanguage":"de","potentialAction":[{"@type":"ReadAction","target":["https:\/\/sanremoguide.it\/de\/die-stadt-san-remo\/"]}]},{"@type":"ImageObject","inLanguage":"de","@id":"https:\/\/sanremoguide.it\/de\/die-stadt-san-remo\/#primaryimage","url":"https:\/\/www.sanremoguide.it\/uploads\/SanRemo_tramonto_350x200.jpg","contentUrl":"https:\/\/www.sanremoguide.it\/uploads\/SanRemo_tramonto_350x200.jpg"},{"@type":"BreadcrumbList","@id":"https:\/\/sanremoguide.it\/de\/die-stadt-san-remo\/#breadcrumb","itemListElement":[{"@type":"ListItem","position":1,"name":"Home","item":"https:\/\/sanremoguide.it\/"},{"@type":"ListItem","position":2,"name":"DIE STADT SAN REMO"}]},{"@type":"WebSite","@id":"https:\/\/sanremoguide.it\/#website","url":"https:\/\/sanremoguide.it\/","name":"SANREMO GUIDE | la guida turistica di Sanremo","description":"la guida turistica della citt\u00e0 di Sanremo","potentialAction":[{"@type":"SearchAction","target":{"@type":"EntryPoint","urlTemplate":"https:\/\/sanremoguide.it\/?s={search_term_string}"},"query-input":{"@type":"PropertyValueSpecification","valueRequired":true,"valueName":"search_term_string"}}],"inLanguage":"de"}]}},"_links":{"self":[{"href":"https:\/\/sanremoguide.it\/de\/wp-json\/wp\/v2\/pages\/61","targetHints":{"allow":["GET"]}}],"collection":[{"href":"https:\/\/sanremoguide.it\/de\/wp-json\/wp\/v2\/pages"}],"about":[{"href":"https:\/\/sanremoguide.it\/de\/wp-json\/wp\/v2\/types\/page"}],"author":[{"embeddable":true,"href":"https:\/\/sanremoguide.it\/de\/wp-json\/wp\/v2\/users\/1"}],"replies":[{"embeddable":true,"href":"https:\/\/sanremoguide.it\/de\/wp-json\/wp\/v2\/comments?post=61"}],"version-history":[{"count":7,"href":"https:\/\/sanremoguide.it\/de\/wp-json\/wp\/v2\/pages\/61\/revisions"}],"predecessor-version":[{"id":13132,"href":"https:\/\/sanremoguide.it\/de\/wp-json\/wp\/v2\/pages\/61\/revisions\/13132"}],"wp:attachment":[{"href":"https:\/\/sanremoguide.it\/de\/wp-json\/wp\/v2\/media?parent=61"}],"curies":[{"name":"wp","href":"https:\/\/api.w.org\/{rel}","templated":true}]}}