{"id":68,"date":"2012-02-07T13:56:50","date_gmt":"2012-02-07T13:56:50","guid":{"rendered":"http:\/\/sanremoguide.conteadinizza.it\/wordpress\/?page_id=68"},"modified":"2022-06-17T17:20:12","modified_gmt":"2022-06-17T17:20:12","slug":"kunst-und-kultur","status":"publish","type":"page","link":"https:\/\/sanremoguide.it\/de\/die-stadt-san-remo\/kunst-und-kultur\/","title":{"rendered":"KUNST UND KULTUR"},"content":{"rendered":"<p>[et_pb_section fb_built=&#8220;1&#8243; fullwidth=&#8220;on&#8220; _builder_version=&#8220;4.17.4&#8243; _module_preset=&#8220;default&#8220; locked=&#8220;off&#8220; global_colors_info=&#8220;{}&#8220;][et_pb_fullwidth_slider _builder_version=&#8220;4.17.4&#8243; _module_preset=&#8220;default&#8220; background_image=&#8220;https:\/\/sanremoguide.it\/wp-content\/uploads\/2018\/09\/Luca_Lombardi_Sanremo_La_Primavera.jpg&#8220; global_colors_info=&#8220;{}&#8220;][et_pb_slide heading=&#8220;KUNST UND KULTUR&#8220; _builder_version=&#8220;4.17.4&#8243; _module_preset=&#8220;default&#8220; custom_button=&#8220;on&#8220; button_text_color=&#8220;#256b00&#8243; button_bg_color=&#8220;#f2b500&#8243; button_border_color=&#8220;#FFFFFF&#8220; button_icon=&#8220;&#x41;||divi||400&#8243; text_orientation=&#8220;center&#8220; background_layout=&#8220;light&#8220; box_shadow_style_button=&#8220;preset1&#8243; text_shadow_style=&#8220;preset3&#8243; global_colors_info=&#8220;{}&#8220; sticky_transition=&#8220;on&#8220;][\/et_pb_slide][\/et_pb_fullwidth_slider][\/et_pb_section][et_pb_section fb_built=&#8220;1&#8243; admin_label=&#8220;section&#8220; _builder_version=&#8220;4.16&#8243; global_colors_info=&#8220;{}&#8220;][et_pb_row admin_label=&#8220;row&#8220; _builder_version=&#8220;4.16&#8243; background_size=&#8220;initial&#8220; background_position=&#8220;top_left&#8220; background_repeat=&#8220;repeat&#8220; global_colors_info=&#8220;{}&#8220;][et_pb_column type=&#8220;4_4&#8243; _builder_version=&#8220;4.16&#8243; custom_padding=&#8220;|||&#8220; global_colors_info=&#8220;{}&#8220; custom_padding__hover=&#8220;|||&#8220;][et_pb_text admin_label=&#8220;Text&#8220; _builder_version=&#8220;4.16&#8243; background_size=&#8220;initial&#8220; background_position=&#8220;top_left&#8220; background_repeat=&#8220;repeat&#8220; global_colors_info=&#8220;{}&#8220;]<img decoding=\"async\" class=\"aligncenter\" src=\"https:\/\/www.sanremoguide.it\/uploads\/SanRemo_chiesarussa01_350x200.jpg\" alt=\"&lt;b&gt;La chiesa russa a Sanremo&lt;\/b&gt; - Foto APT RdF\" \/><\/p>\n<p>San Remo, Hauptstadt der Blumenk\u00fcste, enth\u00fcllt dies auch in seiner Kunst und Architektur. Auf den ersten Eindruck hin pr\u00e4gt vor allem der\u00a0<strong>Jugendstil\u00a0<\/strong>das Gesicht der Stadt, wie die zahlreichen Hotels, Villen und das Kasino bezeugen. In der Periode der \u201ebelle epoque\u201c erlebte San Remo eine Zeit des Baubooms: zwischen 1874 und 1906 wurden 190 Villen und 25 Hotels errichtet.<\/p>\n<p>Einige der luxuri\u00f6sen Hotels werden heute anders genutzt, aber ihre Faszination bleibt erhalten: das wundersch\u00f6ne Hotel Bellevue ist Sitz der Stadtverwaltung, w\u00e4hrend die Touristeninformation in dem ehemaligen Hotel Riviera Palace von 1903 residiert. Neben dem Jugendstil ist der Eklektizismus dominierend, also ein Baustil, der sich aus verschiedenen Stilen anderer Zeiten sch\u00f6pft.<\/p>\n<p>Alles andere als eklektisch ist \u2013trotz ihres Erscheinungsbildes- die\u00a0<strong>Russisch Orthodoxe Kirche<\/strong>, die Christus dem Erl\u00f6ser und der Heiligen Katharina gewidmet ist. Die Kirche ist in einem sehr exzentrischen Stil gebaut und befindet sich deswegen unter den am h\u00e4ufigsten fotografierten Objekten der Stadt. Ende des 19. Jahrhunderts lebten viele Russen in San Remo, Der Zarin Maria Alexandrovna, die begeistert von ihrem ligurischen Aufenthalt unter den noblen Kreisen Russlands schw\u00e4rmte, folgten viele ihrer Landsleute und so geh\u00f6rte die russischen Gemeinde bald zu den gr\u00f6\u00dften der Stadt. Der Bau der Kirche, die \u00e4u\u00dferlich sehr der Heiligen Basilika in Moskau \u00e4hnelt, wurde 1913 beendet und ist seitdem eine der Touristenattraktionen der Stadt.<\/p>\n<p>Um \u00e4ltere Kunstwerke und Geb\u00e4ude bewundern zu k\u00f6nnen, muss man sich in das Herz der Stadt begeben und zum Beispiel corso Matteotti entlang spazieren. Hier steht der wundersch\u00f6ne\u00a0<strong>Palazzo Borea d\u2019Olmo<\/strong>\u00a0(Nr. 143), der Ende des 15. Jahrhunderts erbaut wurde und sich bis heute im Besitz der Familie Borea befindet, einer adeligen Familie aus dem Veneto (unter den Savoyen wurden sie zu \u201eMarchesi d\u2019Olmo\u201c ernannt). In dem f\u00fcr die \u00d6ffentlichkeit zug\u00e4nglichen piano nobile ist das Stadtmuseum von San Remo eingerichtet und in drei Sektionen unterteilt: die arch\u00e4ologischen S\u00e4le, der Nachlass des Poeten Renzo Laurano (Gem\u00e4lde und Gravuren) und eine Sammlung von Objekten Garibaldis (Briefe und pers\u00f6nliche Gegenst\u00e4nde), die die englische Nobeldame und Freundin des Eroberers Caroline Phillipson dem Museum zur Verf\u00fcgung stellte. Des weiteren verdienen die Fresken im Deckengew\u00f6lbe der S\u00e4le Aufmerksamkeit, ebenso wie die\u00a0<strong>Gem\u00e4lde aus dem sp\u00e4ten 17. Jahrhundert<\/strong>, Werke des K\u00fcnstlers Giovanni Battista Merano (1632-1698).<\/p>\n<p>Das wichtigste heilige Geb\u00e4ude San Remos ist die\u00a0<strong>San Siro Kathedrale<\/strong>, die im 12. Jahrhundert errichtet wurde. Als Modell f\u00fcr den romanisch \u2013 gotischen Bau diente der Dom San Michele di Albenga. In der Barockzeit wurde die Kathedrale dem Zeitgeist entsprechend renoviert, zwischen dem 19. und 20. Jahrhundert bekam sie aber wieder in ihr urspr\u00fcngliches Gesicht zur\u00fcck. Nur der Kirchturm ist im barocken Stil geblieben, der zwar 1753 von den Genuanern zerst\u00f6rt wurde, daraufhin aber wieder im pseudo barocken Stil errichtet wurde. Am linken Seitenportal befindet sich ein Basrelief, welches das \u00e4lteste Bestandteil des Komplexes bildet. Es stellt ein Osterlamm zwischen Palmen dar und stammt vermutlich aus dem 11. Jahrhundert. Im Inneren der Kirche h\u00e4ngt \u00fcber dem Hauptaltar ein gro\u00dfes h\u00f6lzernes Kruzifix, ein Werk von Anton Maria Maragliano, das sich auf das 18. Jahrhundert datieren l\u00e4\u00dft. Die rechte Kuppel ist den heiligen Sakramenten geweiht und beherbergt eine marmorne Skulptur aus der Renaissance, ein wichtiges Werk der Gagginischule. In der linken Kuppel befindet sich eine Statue der Jungfrau Maria von Rosario del Maragliano. Von einem unbekannten K\u00fcnstler ist dagegen das schwarze Kruzifix, das man im rechten Kirchenschiff findet und das in der Vergangenheit als moralische Unterst\u00fctzung der Bev\u00f6lkerung von San Remo in schlechten Zeiten diente. Neben der Kirche steht die St. Josef Taufkapelle, die aus der barocken Epoche stammt (ca. 1688) und wo man das \u201eAbendmahl der Magdalena\u201c von Orazio de Ferrari bewundern kann.<br \/>\nAuf der Piazza Eroi steht der Torre della Ciapela. Der Turm ist ein massives Bauwerk mit ein Meter dicken Mauern und war einst Teil der Stadtmauer aus dem 16. Jahrhundert. Piazza Eroi liegt im Stadtzentrum, zwei Schritte von der Altstadt La Pigna entfernt. La Pigna ist ein am H\u00fcgel gelegenes Viertel und ist mit Mauern, Toren und T\u00fcrmen umgeben. Das Gesicht dieses Stadtteils ist von Steingeb\u00e4uden mit vielen S\u00e4ulen gepr\u00e4gt, w\u00e4hrend die H\u00e4user untereinander durch Arkaden verbunden sind.[\/et_pb_text][\/et_pb_column][\/et_pb_row][\/et_pb_section][et_pb_section fb_built=&#8220;1&#8243; fullwidth=&#8220;on&#8220; _builder_version=&#8220;4.17.4&#8243; _module_preset=&#8220;default&#8220; global_module=&#8220;12524&#8243; saved_tabs=&#8220;all&#8220; locked=&#8220;off&#8220; collapsed=&#8220;off&#8220; global_colors_info=&#8220;{}&#8220;][et_pb_fullwidth_slider _builder_version=&#8220;4.17.4&#8243; _module_preset=&#8220;default&#8220; global_colors_info=&#8220;{}&#8220;][et_pb_slide heading=&#8220;ESCURSIONI ED EXPERIENCE A SANREMO E IN RIVIERA&#8220; button_text=&#8220;RICHIEDI IL CATALOGO&#8220; button_link=&#8220;https:\/\/sanremoguide.it\/contatti&#8220; image=&#8220;https:\/\/sanremoguide.it\/wp-content\/uploads\/2022\/06\/itouriviera.png&#8220; _builder_version=&#8220;4.17.4&#8243; _module_preset=&#8220;default&#8220; background_image=&#8220;https:\/\/sanremoguide.it\/wp-content\/uploads\/2018\/07\/luca-lombardi-sanremo_bn.jpg&#8220; background_enable_image=&#8220;on&#8220; custom_button=&#8220;on&#8220; button_bg_color=&#8220;#E09900&#8243; button_border_width=&#8220;1px&#8220; button_border_color=&#8220;#FFFFFF&#8220; global_colors_info=&#8220;{}&#8220; sticky_transition=&#8220;on&#8220;][\/et_pb_slide][\/et_pb_fullwidth_slider][\/et_pb_section]<\/p>\n","protected":false},"excerpt":{"rendered":"<p>San Remo, Hauptstadt der Blumenk\u00fcste, enth\u00fcllt dies auch in seiner Kunst und Architektur. Auf den ersten Eindruck hin pr\u00e4gt vor allem der\u00a0Jugendstil\u00a0das Gesicht der Stadt, wie die zahlreichen Hotels, Villen und das Kasino bezeugen. In der Periode der \u201ebelle epoque\u201c erlebte San Remo eine Zeit des Baubooms: zwischen 1874 und 1906 wurden 190 Villen und [&hellip;]<\/p>\n","protected":false},"author":1,"featured_media":0,"parent":61,"menu_order":0,"comment_status":"closed","ping_status":"closed","template":"","meta":{"_et_pb_use_builder":"on","_et_pb_old_content":"<img class=\"aligncenter\" src=\"https:\/\/www.sanremoguide.it\/uploads\/SanRemo_chiesarussa01_350x200.jpg\" alt=\"<b>La chiesa russa a Sanremo<\/b> - Foto APT RdF\" \/>\r\n\r\nSan Remo, Hauptstadt der Blumenk\u00fcste, enth\u00fcllt dies auch in seiner Kunst und Architektur. Auf den ersten Eindruck hin pr\u00e4gt vor allem der\u00a0<strong>Jugendstil\u00a0<\/strong>das Gesicht der Stadt, wie die zahlreichen Hotels, Villen und das Kasino bezeugen. In der Periode der \u201ebelle epoque\u201c erlebte San Remo eine Zeit des Baubooms: zwischen 1874 und 1906 wurden 190 Villen und 25 Hotels errichtet.\r\n\r\nEinige der luxuri\u00f6sen Hotels werden heute anders genutzt, aber ihre Faszination bleibt erhalten: das wundersch\u00f6ne Hotel Bellevue ist Sitz der Stadtverwaltung, w\u00e4hrend die Touristeninformation in dem ehemaligen Hotel Riviera Palace von 1903 residiert. Neben dem Jugendstil ist der Eklektizismus dominierend, also ein Baustil, der sich aus verschiedenen Stilen anderer Zeiten sch\u00f6pft.\r\n\r\nAlles andere als eklektisch ist \u2013trotz ihres Erscheinungsbildes- die\u00a0<strong>Russisch Orthodoxe Kirche<\/strong>, die Christus dem Erl\u00f6ser und der Heiligen Katharina gewidmet ist. Die Kirche ist in einem sehr exzentrischen Stil gebaut und befindet sich deswegen unter den am h\u00e4ufigsten fotografierten Objekten der Stadt. Ende des 19. Jahrhunderts lebten viele Russen in San Remo, Der Zarin Maria Alexandrovna, die begeistert von ihrem ligurischen Aufenthalt unter den noblen Kreisen Russlands schw\u00e4rmte, folgten viele ihrer Landsleute und so geh\u00f6rte die russischen Gemeinde bald zu den gr\u00f6\u00dften der Stadt. Der Bau der Kirche, die \u00e4u\u00dferlich sehr der Heiligen Basilika in Moskau \u00e4hnelt, wurde 1913 beendet und ist seitdem eine der Touristenattraktionen der Stadt.\r\n\r\nUm \u00e4ltere Kunstwerke und Geb\u00e4ude bewundern zu k\u00f6nnen, muss man sich in das Herz der Stadt begeben und zum Beispiel corso Matteotti entlang spazieren. Hier steht der wundersch\u00f6ne\u00a0<strong>Palazzo Borea d\u2019Olmo<\/strong>\u00a0(Nr. 143), der Ende des 15. Jahrhunderts erbaut wurde und sich bis heute im Besitz der Familie Borea befindet, einer adeligen Familie aus dem Veneto (unter den Savoyen wurden sie zu \u201eMarchesi d\u2019Olmo\u201c ernannt). In dem f\u00fcr die \u00d6ffentlichkeit zug\u00e4nglichen piano nobile ist das Stadtmuseum von San Remo eingerichtet und in drei Sektionen unterteilt: die arch\u00e4ologischen S\u00e4le, der Nachlass des Poeten Renzo Laurano (Gem\u00e4lde und Gravuren) und eine Sammlung von Objekten Garibaldis (Briefe und pers\u00f6nliche Gegenst\u00e4nde), die die englische Nobeldame und Freundin des Eroberers Caroline Phillipson dem Museum zur Verf\u00fcgung stellte. Des weiteren verdienen die Fresken im Deckengew\u00f6lbe der S\u00e4le Aufmerksamkeit, ebenso wie die\u00a0<strong>Gem\u00e4lde aus dem sp\u00e4ten 17. Jahrhundert<\/strong>, Werke des K\u00fcnstlers Giovanni Battista Merano (1632-1698).\r\n\r\nDas wichtigste heilige Geb\u00e4ude San Remos ist die\u00a0<strong>San Siro Kathedrale<\/strong>, die im 12. Jahrhundert errichtet wurde. Als Modell f\u00fcr den romanisch \u2013 gotischen Bau diente der Dom San Michele di Albenga. In der Barockzeit wurde die Kathedrale dem Zeitgeist entsprechend renoviert, zwischen dem 19. und 20. Jahrhundert bekam sie aber wieder in ihr urspr\u00fcngliches Gesicht zur\u00fcck. Nur der Kirchturm ist im barocken Stil geblieben, der zwar 1753 von den Genuanern zerst\u00f6rt wurde, daraufhin aber wieder im pseudo barocken Stil errichtet wurde. Am linken Seitenportal befindet sich ein Basrelief, welches das \u00e4lteste Bestandteil des Komplexes bildet. Es stellt ein Osterlamm zwischen Palmen dar und stammt vermutlich aus dem 11. Jahrhundert. Im Inneren der Kirche h\u00e4ngt \u00fcber dem Hauptaltar ein gro\u00dfes h\u00f6lzernes Kruzifix, ein Werk von Anton Maria Maragliano, das sich auf das 18. Jahrhundert datieren l\u00e4\u00dft. Die rechte Kuppel ist den heiligen Sakramenten geweiht und beherbergt eine marmorne Skulptur aus der Renaissance, ein wichtiges Werk der Gagginischule. In der linken Kuppel befindet sich eine Statue der Jungfrau Maria von Rosario del Maragliano. Von einem unbekannten K\u00fcnstler ist dagegen das schwarze Kruzifix, das man im rechten Kirchenschiff findet und das in der Vergangenheit als moralische Unterst\u00fctzung der Bev\u00f6lkerung von San Remo in schlechten Zeiten diente. Neben der Kirche steht die St. Josef Taufkapelle, die aus der barocken Epoche stammt (ca. 1688) und wo man das \u201eAbendmahl der Magdalena\u201c von Orazio de Ferrari bewundern kann.\r\nAuf der Piazza Eroi steht der Torre della Ciapela. Der Turm ist ein massives Bauwerk mit ein Meter dicken Mauern und war einst Teil der Stadtmauer aus dem 16. Jahrhundert. Piazza Eroi liegt im Stadtzentrum, zwei Schritte von der Altstadt La Pigna entfernt. La Pigna ist ein am H\u00fcgel gelegenes Viertel und ist mit Mauern, Toren und T\u00fcrmen umgeben. Das Gesicht dieses Stadtteils ist von Steingeb\u00e4uden mit vielen S\u00e4ulen gepr\u00e4gt, w\u00e4hrend die H\u00e4user untereinander durch Arkaden verbunden sind.","_et_gb_content_width":"","footnotes":""},"class_list":["post-68","page","type-page","status-publish","hentry"],"yoast_head":"<!-- This site is optimized with the Yoast SEO plugin v27.5 - https:\/\/yoast.com\/product\/yoast-seo-wordpress\/ -->\n<title>San Remo Guide :: der F\u00fchrer durch die Stadt San Remo Italien und Blumenriviera<\/title>\n<meta name=\"description\" content=\"&quot;Das F\u00fchrer der Stadt San Remo, Italien. Online buchung f\u00fcr Hotels, Residence, Tour-Packet in San Remo und Blumenriviera.&quot;\" \/>\n<meta name=\"robots\" content=\"index, follow, max-snippet:-1, max-image-preview:large, max-video-preview:-1\" \/>\n<link rel=\"canonical\" href=\"https:\/\/sanremoguide.it\/de\/die-stadt-san-remo\/kunst-und-kultur\/\" \/>\n<meta property=\"og:locale\" content=\"de_DE\" \/>\n<meta property=\"og:type\" content=\"article\" \/>\n<meta property=\"og:title\" content=\"San Remo Guide :: der F\u00fchrer durch die Stadt San Remo Italien und Blumenriviera\" \/>\n<meta property=\"og:description\" content=\"&quot;Das F\u00fchrer der Stadt San Remo, Italien. Online buchung f\u00fcr Hotels, Residence, Tour-Packet in San Remo und Blumenriviera.&quot;\" \/>\n<meta property=\"og:url\" content=\"https:\/\/sanremoguide.it\/de\/die-stadt-san-remo\/kunst-und-kultur\/\" \/>\n<meta property=\"og:site_name\" content=\"SANREMO GUIDE | la guida turistica di Sanremo\" \/>\n<meta property=\"article:modified_time\" content=\"2022-06-17T17:20:12+00:00\" \/>\n<meta property=\"og:image\" content=\"https:\/\/www.sanremoguide.it\/uploads\/SanRemo_chiesarussa01_350x200.jpg\" \/>\n<meta name=\"twitter:label1\" content=\"Gesch\u00e4tzte Lesezeit\" \/>\n\t<meta name=\"twitter:data1\" content=\"5\u00a0Minuten\" \/>\n<script type=\"application\/ld+json\" class=\"yoast-schema-graph\">{\"@context\":\"https:\\\/\\\/schema.org\",\"@graph\":[{\"@type\":\"WebPage\",\"@id\":\"https:\\\/\\\/sanremoguide.it\\\/de\\\/die-stadt-san-remo\\\/kunst-und-kultur\\\/\",\"url\":\"https:\\\/\\\/sanremoguide.it\\\/de\\\/die-stadt-san-remo\\\/kunst-und-kultur\\\/\",\"name\":\"San Remo Guide :: der F\u00fchrer durch die Stadt San Remo Italien und Blumenriviera\",\"isPartOf\":{\"@id\":\"https:\\\/\\\/sanremoguide.it\\\/#website\"},\"primaryImageOfPage\":{\"@id\":\"https:\\\/\\\/sanremoguide.it\\\/de\\\/die-stadt-san-remo\\\/kunst-und-kultur\\\/#primaryimage\"},\"image\":{\"@id\":\"https:\\\/\\\/sanremoguide.it\\\/de\\\/die-stadt-san-remo\\\/kunst-und-kultur\\\/#primaryimage\"},\"thumbnailUrl\":\"https:\\\/\\\/www.sanremoguide.it\\\/uploads\\\/SanRemo_chiesarussa01_350x200.jpg\",\"datePublished\":\"2012-02-07T13:56:50+00:00\",\"dateModified\":\"2022-06-17T17:20:12+00:00\",\"description\":\"\\\"Das F\u00fchrer der Stadt San Remo, Italien. Online buchung f\u00fcr Hotels, Residence, Tour-Packet in San Remo und Blumenriviera.\\\"\",\"breadcrumb\":{\"@id\":\"https:\\\/\\\/sanremoguide.it\\\/de\\\/die-stadt-san-remo\\\/kunst-und-kultur\\\/#breadcrumb\"},\"inLanguage\":\"de\",\"potentialAction\":[{\"@type\":\"ReadAction\",\"target\":[\"https:\\\/\\\/sanremoguide.it\\\/de\\\/die-stadt-san-remo\\\/kunst-und-kultur\\\/\"]}]},{\"@type\":\"ImageObject\",\"inLanguage\":\"de\",\"@id\":\"https:\\\/\\\/sanremoguide.it\\\/de\\\/die-stadt-san-remo\\\/kunst-und-kultur\\\/#primaryimage\",\"url\":\"https:\\\/\\\/www.sanremoguide.it\\\/uploads\\\/SanRemo_chiesarussa01_350x200.jpg\",\"contentUrl\":\"https:\\\/\\\/www.sanremoguide.it\\\/uploads\\\/SanRemo_chiesarussa01_350x200.jpg\"},{\"@type\":\"BreadcrumbList\",\"@id\":\"https:\\\/\\\/sanremoguide.it\\\/de\\\/die-stadt-san-remo\\\/kunst-und-kultur\\\/#breadcrumb\",\"itemListElement\":[{\"@type\":\"ListItem\",\"position\":1,\"name\":\"Home\",\"item\":\"https:\\\/\\\/sanremoguide.it\\\/\"},{\"@type\":\"ListItem\",\"position\":2,\"name\":\"DIE STADT SAN REMO\",\"item\":\"https:\\\/\\\/sanremoguide.it\\\/de\\\/die-stadt-san-remo\\\/\"},{\"@type\":\"ListItem\",\"position\":3,\"name\":\"KUNST UND KULTUR\"}]},{\"@type\":\"WebSite\",\"@id\":\"https:\\\/\\\/sanremoguide.it\\\/#website\",\"url\":\"https:\\\/\\\/sanremoguide.it\\\/\",\"name\":\"SANREMO GUIDE | la guida turistica di Sanremo\",\"description\":\"la guida turistica della citt\u00e0 di Sanremo\",\"potentialAction\":[{\"@type\":\"SearchAction\",\"target\":{\"@type\":\"EntryPoint\",\"urlTemplate\":\"https:\\\/\\\/sanremoguide.it\\\/?s={search_term_string}\"},\"query-input\":{\"@type\":\"PropertyValueSpecification\",\"valueRequired\":true,\"valueName\":\"search_term_string\"}}],\"inLanguage\":\"de\"}]}<\/script>\n<!-- \/ Yoast SEO plugin. -->","yoast_head_json":{"title":"San Remo Guide :: der F\u00fchrer durch die Stadt San Remo Italien und Blumenriviera","description":"\"Das F\u00fchrer der Stadt San Remo, Italien. Online buchung f\u00fcr Hotels, Residence, Tour-Packet in San Remo und Blumenriviera.\"","robots":{"index":"index","follow":"follow","max-snippet":"max-snippet:-1","max-image-preview":"max-image-preview:large","max-video-preview":"max-video-preview:-1"},"canonical":"https:\/\/sanremoguide.it\/de\/die-stadt-san-remo\/kunst-und-kultur\/","og_locale":"de_DE","og_type":"article","og_title":"San Remo Guide :: der F\u00fchrer durch die Stadt San Remo Italien und Blumenriviera","og_description":"\"Das F\u00fchrer der Stadt San Remo, Italien. Online buchung f\u00fcr Hotels, Residence, Tour-Packet in San Remo und Blumenriviera.\"","og_url":"https:\/\/sanremoguide.it\/de\/die-stadt-san-remo\/kunst-und-kultur\/","og_site_name":"SANREMO GUIDE | la guida turistica di Sanremo","article_modified_time":"2022-06-17T17:20:12+00:00","og_image":[{"url":"https:\/\/www.sanremoguide.it\/uploads\/SanRemo_chiesarussa01_350x200.jpg","type":"","width":"","height":""}],"twitter_misc":{"Gesch\u00e4tzte Lesezeit":"5\u00a0Minuten"},"schema":{"@context":"https:\/\/schema.org","@graph":[{"@type":"WebPage","@id":"https:\/\/sanremoguide.it\/de\/die-stadt-san-remo\/kunst-und-kultur\/","url":"https:\/\/sanremoguide.it\/de\/die-stadt-san-remo\/kunst-und-kultur\/","name":"San Remo Guide :: der F\u00fchrer durch die Stadt San Remo Italien und Blumenriviera","isPartOf":{"@id":"https:\/\/sanremoguide.it\/#website"},"primaryImageOfPage":{"@id":"https:\/\/sanremoguide.it\/de\/die-stadt-san-remo\/kunst-und-kultur\/#primaryimage"},"image":{"@id":"https:\/\/sanremoguide.it\/de\/die-stadt-san-remo\/kunst-und-kultur\/#primaryimage"},"thumbnailUrl":"https:\/\/www.sanremoguide.it\/uploads\/SanRemo_chiesarussa01_350x200.jpg","datePublished":"2012-02-07T13:56:50+00:00","dateModified":"2022-06-17T17:20:12+00:00","description":"\"Das F\u00fchrer der Stadt San Remo, Italien. Online buchung f\u00fcr Hotels, Residence, Tour-Packet in San Remo und Blumenriviera.\"","breadcrumb":{"@id":"https:\/\/sanremoguide.it\/de\/die-stadt-san-remo\/kunst-und-kultur\/#breadcrumb"},"inLanguage":"de","potentialAction":[{"@type":"ReadAction","target":["https:\/\/sanremoguide.it\/de\/die-stadt-san-remo\/kunst-und-kultur\/"]}]},{"@type":"ImageObject","inLanguage":"de","@id":"https:\/\/sanremoguide.it\/de\/die-stadt-san-remo\/kunst-und-kultur\/#primaryimage","url":"https:\/\/www.sanremoguide.it\/uploads\/SanRemo_chiesarussa01_350x200.jpg","contentUrl":"https:\/\/www.sanremoguide.it\/uploads\/SanRemo_chiesarussa01_350x200.jpg"},{"@type":"BreadcrumbList","@id":"https:\/\/sanremoguide.it\/de\/die-stadt-san-remo\/kunst-und-kultur\/#breadcrumb","itemListElement":[{"@type":"ListItem","position":1,"name":"Home","item":"https:\/\/sanremoguide.it\/"},{"@type":"ListItem","position":2,"name":"DIE STADT SAN REMO","item":"https:\/\/sanremoguide.it\/de\/die-stadt-san-remo\/"},{"@type":"ListItem","position":3,"name":"KUNST UND KULTUR"}]},{"@type":"WebSite","@id":"https:\/\/sanremoguide.it\/#website","url":"https:\/\/sanremoguide.it\/","name":"SANREMO GUIDE | la guida turistica di Sanremo","description":"la guida turistica della citt\u00e0 di Sanremo","potentialAction":[{"@type":"SearchAction","target":{"@type":"EntryPoint","urlTemplate":"https:\/\/sanremoguide.it\/?s={search_term_string}"},"query-input":{"@type":"PropertyValueSpecification","valueRequired":true,"valueName":"search_term_string"}}],"inLanguage":"de"}]}},"_links":{"self":[{"href":"https:\/\/sanremoguide.it\/de\/wp-json\/wp\/v2\/pages\/68","targetHints":{"allow":["GET"]}}],"collection":[{"href":"https:\/\/sanremoguide.it\/de\/wp-json\/wp\/v2\/pages"}],"about":[{"href":"https:\/\/sanremoguide.it\/de\/wp-json\/wp\/v2\/types\/page"}],"author":[{"embeddable":true,"href":"https:\/\/sanremoguide.it\/de\/wp-json\/wp\/v2\/users\/1"}],"replies":[{"embeddable":true,"href":"https:\/\/sanremoguide.it\/de\/wp-json\/wp\/v2\/comments?post=68"}],"version-history":[{"count":6,"href":"https:\/\/sanremoguide.it\/de\/wp-json\/wp\/v2\/pages\/68\/revisions"}],"predecessor-version":[{"id":13252,"href":"https:\/\/sanremoguide.it\/de\/wp-json\/wp\/v2\/pages\/68\/revisions\/13252"}],"up":[{"embeddable":true,"href":"https:\/\/sanremoguide.it\/de\/wp-json\/wp\/v2\/pages\/61"}],"wp:attachment":[{"href":"https:\/\/sanremoguide.it\/de\/wp-json\/wp\/v2\/media?parent=68"}],"curies":[{"name":"wp","href":"https:\/\/api.w.org\/{rel}","templated":true}]}}