{"id":83,"date":"2012-02-07T14:17:04","date_gmt":"2012-02-07T14:17:04","guid":{"rendered":"http:\/\/sanremoguide.conteadinizza.it\/wordpress\/?page_id=83"},"modified":"2022-06-17T17:22:47","modified_gmt":"2022-06-17T17:22:47","slug":"san-remo-spielkasino","status":"publish","type":"page","link":"https:\/\/sanremoguide.it\/de\/die-stadt-san-remo\/san-remo-spielkasino\/","title":{"rendered":"SAN REMO SPIELKASINO"},"content":{"rendered":"<p>[et_pb_section fb_built=&#8220;1&#8243; fullwidth=&#8220;on&#8220; _builder_version=&#8220;4.17.4&#8243; _module_preset=&#8220;default&#8220; locked=&#8220;off&#8220; global_colors_info=&#8220;{}&#8220;][et_pb_fullwidth_slider _builder_version=&#8220;4.17.4&#8243; _module_preset=&#8220;default&#8220; background_image=&#8220;https:\/\/sanremoguide.it\/wp-content\/uploads\/2018\/09\/Luca_Lombardi_Sanremo_La_Primavera.jpg&#8220; global_colors_info=&#8220;{}&#8220;][et_pb_slide heading=&#8220;SAN REMO SPIELKASINO&#8220; _builder_version=&#8220;4.17.4&#8243; _module_preset=&#8220;default&#8220; custom_button=&#8220;on&#8220; button_text_color=&#8220;#256b00&#8243; button_bg_color=&#8220;#f2b500&#8243; button_border_color=&#8220;#FFFFFF&#8220; button_icon=&#8220;&#x41;||divi||400&#8243; text_orientation=&#8220;center&#8220; background_layout=&#8220;light&#8220; box_shadow_style_button=&#8220;preset1&#8243; text_shadow_style=&#8220;preset3&#8243; global_colors_info=&#8220;{}&#8220; sticky_transition=&#8220;on&#8220;][\/et_pb_slide][\/et_pb_fullwidth_slider][\/et_pb_section][et_pb_section fb_built=&#8220;1&#8243; admin_label=&#8220;section&#8220; _builder_version=&#8220;4.16&#8243; global_colors_info=&#8220;{}&#8220;][et_pb_row admin_label=&#8220;row&#8220; _builder_version=&#8220;4.16&#8243; background_size=&#8220;initial&#8220; background_position=&#8220;top_left&#8220; background_repeat=&#8220;repeat&#8220; global_colors_info=&#8220;{}&#8220;][et_pb_column type=&#8220;4_4&#8243; _builder_version=&#8220;4.16&#8243; custom_padding=&#8220;|||&#8220; global_colors_info=&#8220;{}&#8220; custom_padding__hover=&#8220;|||&#8220;][et_pb_text admin_label=&#8220;Text&#8220; _builder_version=&#8220;4.16&#8243; background_size=&#8220;initial&#8220; background_position=&#8220;top_left&#8220; background_repeat=&#8220;repeat&#8220; global_colors_info=&#8220;{}&#8220;]<img decoding=\"async\" class=\"aligncenter\" src=\"https:\/\/www.sanremoguide.it\/uploads\/SanRemo_casino01_350x200.jpg\" alt=\"&lt;b&gt;Il Casin\u00f2 di Sanremo&lt;\/b&gt; - Foto APT RdF\" \/><\/p>\n<p>Die Faszination des Spiels, das klingende Rollen der Roulettekugel, das raschelnde Ger\u00e4usch der Jetons auf dem gr\u00fcnen Filz&#8230; das Spielkasino wird immer eine der Hauptattraktionen San Remos sein. Die Pl\u00e4ne f\u00fcr den Bau eines Kasinos entstanden Ende des 19. Jahrhunderts. 1898 fand sich ein Finanzier \u2013 Bartolomeo Acquasciati, ein lokaler Bankier \u2013 der der Kommune 1.200.000 Lire zur Verf\u00fcgung stellte, w\u00e4hrend der franz\u00f6sische Architekt Eugenio Ferret die Baupl\u00e4ne f\u00fcr ein Geb\u00e4ude im Jugendstil entwarf. 1905 waren die Pl\u00e4ne realisiert und seitdem ranken sich Skandale und Legenden um das Kasino; gekr\u00f6nte H\u00e4upter, Popstars, K\u00fcnstler und Wissenschaftler, sie alle hielten sich in den hohen S\u00e4len auf.<\/p>\n<p>Mit der Geschichte des Kasinos sind viele Anekdoten verbunden. Man sagt das der \u00e4gyptische K\u00f6nig Faruk behauptete, er k\u00f6nne beim Poker mit nur drei K\u00f6nigen auf der Hand gewinnen \u2013 \u201eDer vierte K\u00f6nig bin ich ! \u201c Der ber\u00fchmte italienische Schauspieler und Regisseur Vittorio De Sica pflegte dagegen seinen Freunden zu sagen: \u201eWenn ich einmal im Himmel bin bringt eins dieser Medaillons, die normalerweise die Giebel antiker Theater zieren, mit der Aufschrift De Sica fait an die Fassade dieser Spielbank an. Ihr m\u00fcsst wissen, dass ich mit den Verlusten, die ich hier seit \u00fcber 30 Jahren mache, entscheidend zu ihrer Finanzierung beigetragen habe\u201c. Die Leidenschaft f\u00fcr das Spielen im Kasino erreicht oft Ausma\u00dfe, die alle Limite sprengen.<\/p>\n<p>Die Geschwister Erika und Klaus Mann aus Deutschland kommentierten 1930 in ihrem scharfz\u00fcngigen Baedecker \u00fcber die Riviera: \u201eIn San Remo regiert souver\u00e4n das Kalk\u00fcl. Spieler, die entschlossen sind sich ruinieren zu lassen, kommen lieber nach San Remo als nach Montecarlo oder Cannes. In San Remo verliert man wenigstens elegant, auf respektable Art und Weise.\u201c<\/p>\n<p>Heute bietet das Spielkasino neben den europ\u00e4ischen und amerikanischen Spielen auch ein Theater-, Musik- und Kulturprogramm.[\/et_pb_text][\/et_pb_column][\/et_pb_row][\/et_pb_section][et_pb_section fb_built=&#8220;1&#8243; fullwidth=&#8220;on&#8220; _builder_version=&#8220;4.17.4&#8243; _module_preset=&#8220;default&#8220; global_module=&#8220;12524&#8243; saved_tabs=&#8220;all&#8220; locked=&#8220;off&#8220; collapsed=&#8220;off&#8220; global_colors_info=&#8220;{}&#8220;][et_pb_fullwidth_slider _builder_version=&#8220;4.17.4&#8243; _module_preset=&#8220;default&#8220; global_colors_info=&#8220;{}&#8220;][et_pb_slide heading=&#8220;ESCURSIONI ED EXPERIENCE A SANREMO E IN RIVIERA&#8220; button_text=&#8220;RICHIEDI IL CATALOGO&#8220; button_link=&#8220;https:\/\/sanremoguide.it\/contatti&#8220; image=&#8220;https:\/\/sanremoguide.it\/wp-content\/uploads\/2022\/06\/itouriviera.png&#8220; _builder_version=&#8220;4.17.4&#8243; _module_preset=&#8220;default&#8220; background_image=&#8220;https:\/\/sanremoguide.it\/wp-content\/uploads\/2018\/07\/luca-lombardi-sanremo_bn.jpg&#8220; background_enable_image=&#8220;on&#8220; custom_button=&#8220;on&#8220; button_bg_color=&#8220;#E09900&#8243; button_border_width=&#8220;1px&#8220; button_border_color=&#8220;#FFFFFF&#8220; global_colors_info=&#8220;{}&#8220; sticky_transition=&#8220;on&#8220;][\/et_pb_slide][\/et_pb_fullwidth_slider][\/et_pb_section]<\/p>\n","protected":false},"excerpt":{"rendered":"<p>Die Faszination des Spiels, das klingende Rollen der Roulettekugel, das raschelnde Ger\u00e4usch der Jetons auf dem gr\u00fcnen Filz&#8230; das Spielkasino wird immer eine der Hauptattraktionen San Remos sein. Die Pl\u00e4ne f\u00fcr den Bau eines Kasinos entstanden Ende des 19. Jahrhunderts. 1898 fand sich ein Finanzier \u2013 Bartolomeo Acquasciati, ein lokaler Bankier \u2013 der der Kommune [&hellip;]<\/p>\n","protected":false},"author":1,"featured_media":0,"parent":61,"menu_order":0,"comment_status":"closed","ping_status":"closed","template":"","meta":{"_et_pb_use_builder":"on","_et_pb_old_content":"<img class=\"aligncenter\" src=\"https:\/\/www.sanremoguide.it\/uploads\/SanRemo_casino01_350x200.jpg\" alt=\"<b>Il Casin\u00f2 di Sanremo<\/b> - Foto APT RdF\" \/>\r\n\r\nDie Faszination des Spiels, das klingende Rollen der Roulettekugel, das raschelnde Ger\u00e4usch der Jetons auf dem gr\u00fcnen Filz... das Spielkasino wird immer eine der Hauptattraktionen San Remos sein. Die Pl\u00e4ne f\u00fcr den Bau eines Kasinos entstanden Ende des 19. Jahrhunderts. 1898 fand sich ein Finanzier \u2013 Bartolomeo Acquasciati, ein lokaler Bankier \u2013 der der Kommune 1.200.000 Lire zur Verf\u00fcgung stellte, w\u00e4hrend der franz\u00f6sische Architekt Eugenio Ferret die Baupl\u00e4ne f\u00fcr ein Geb\u00e4ude im Jugendstil entwarf. 1905 waren die Pl\u00e4ne realisiert und seitdem ranken sich Skandale und Legenden um das Kasino; gekr\u00f6nte H\u00e4upter, Popstars, K\u00fcnstler und Wissenschaftler, sie alle hielten sich in den hohen S\u00e4len auf.\r\n\r\nMit der Geschichte des Kasinos sind viele Anekdoten verbunden. Man sagt das der \u00e4gyptische K\u00f6nig Faruk behauptete, er k\u00f6nne beim Poker mit nur drei K\u00f6nigen auf der Hand gewinnen \u2013 \u201eDer vierte K\u00f6nig bin ich ! \u201c Der ber\u00fchmte italienische Schauspieler und Regisseur Vittorio De Sica pflegte dagegen seinen Freunden zu sagen: \u201eWenn ich einmal im Himmel bin bringt eins dieser Medaillons, die normalerweise die Giebel antiker Theater zieren, mit der Aufschrift De Sica fait an die Fassade dieser Spielbank an. Ihr m\u00fcsst wissen, dass ich mit den Verlusten, die ich hier seit \u00fcber 30 Jahren mache, entscheidend zu ihrer Finanzierung beigetragen habe\u201c. Die Leidenschaft f\u00fcr das Spielen im Kasino erreicht oft Ausma\u00dfe, die alle Limite sprengen.\r\n\r\nDie Geschwister Erika und Klaus Mann aus Deutschland kommentierten 1930 in ihrem scharfz\u00fcngigen Baedecker \u00fcber die Riviera: \u201eIn San Remo regiert souver\u00e4n das Kalk\u00fcl. Spieler, die entschlossen sind sich ruinieren zu lassen, kommen lieber nach San Remo als nach Montecarlo oder Cannes. In San Remo verliert man wenigstens elegant, auf respektable Art und Weise.\u201c\r\n\r\nHeute bietet das Spielkasino neben den europ\u00e4ischen und amerikanischen Spielen auch ein Theater-, Musik- und Kulturprogramm.","_et_gb_content_width":"","footnotes":""},"class_list":["post-83","page","type-page","status-publish","hentry"],"yoast_head":"<!-- This site is optimized with the Yoast SEO plugin v27.4 - https:\/\/yoast.com\/product\/yoast-seo-wordpress\/ -->\n<title>San Remo Spielkasino - SanRemoGuide<\/title>\n<meta name=\"description\" content=\"&quot;Das F\u00fchrer der Stadt San Remo, Italien. Online buchung f\u00fcr Hotels, Residence, Tour-Packet in San Remo und Blumenriviera.&quot;\" \/>\n<meta name=\"robots\" content=\"index, follow, max-snippet:-1, max-image-preview:large, max-video-preview:-1\" \/>\n<link rel=\"canonical\" href=\"https:\/\/sanremoguide.it\/de\/die-stadt-san-remo\/san-remo-spielkasino\/\" \/>\n<meta property=\"og:locale\" content=\"de_DE\" \/>\n<meta property=\"og:type\" content=\"article\" \/>\n<meta property=\"og:title\" content=\"San Remo Spielkasino - SanRemoGuide\" \/>\n<meta property=\"og:description\" content=\"&quot;Das F\u00fchrer der Stadt San Remo, Italien. Online buchung f\u00fcr Hotels, Residence, Tour-Packet in San Remo und Blumenriviera.&quot;\" \/>\n<meta property=\"og:url\" content=\"https:\/\/sanremoguide.it\/de\/die-stadt-san-remo\/san-remo-spielkasino\/\" \/>\n<meta property=\"og:site_name\" content=\"SANREMO GUIDE | la guida turistica di Sanremo\" \/>\n<meta property=\"article:modified_time\" content=\"2022-06-17T17:22:47+00:00\" \/>\n<meta property=\"og:image\" content=\"https:\/\/www.sanremoguide.it\/uploads\/SanRemo_casino01_350x200.jpg\" \/>\n<meta name=\"twitter:label1\" content=\"Gesch\u00e4tzte Lesezeit\" \/>\n\t<meta name=\"twitter:data1\" content=\"3\u00a0Minuten\" \/>\n<script type=\"application\/ld+json\" class=\"yoast-schema-graph\">{\"@context\":\"https:\\\/\\\/schema.org\",\"@graph\":[{\"@type\":\"WebPage\",\"@id\":\"https:\\\/\\\/sanremoguide.it\\\/de\\\/die-stadt-san-remo\\\/san-remo-spielkasino\\\/\",\"url\":\"https:\\\/\\\/sanremoguide.it\\\/de\\\/die-stadt-san-remo\\\/san-remo-spielkasino\\\/\",\"name\":\"San Remo Spielkasino - SanRemoGuide\",\"isPartOf\":{\"@id\":\"https:\\\/\\\/sanremoguide.it\\\/#website\"},\"primaryImageOfPage\":{\"@id\":\"https:\\\/\\\/sanremoguide.it\\\/de\\\/die-stadt-san-remo\\\/san-remo-spielkasino\\\/#primaryimage\"},\"image\":{\"@id\":\"https:\\\/\\\/sanremoguide.it\\\/de\\\/die-stadt-san-remo\\\/san-remo-spielkasino\\\/#primaryimage\"},\"thumbnailUrl\":\"https:\\\/\\\/www.sanremoguide.it\\\/uploads\\\/SanRemo_casino01_350x200.jpg\",\"datePublished\":\"2012-02-07T14:17:04+00:00\",\"dateModified\":\"2022-06-17T17:22:47+00:00\",\"description\":\"\\\"Das F\u00fchrer der Stadt San Remo, Italien. Online buchung f\u00fcr Hotels, Residence, Tour-Packet in San Remo und Blumenriviera.\\\"\",\"breadcrumb\":{\"@id\":\"https:\\\/\\\/sanremoguide.it\\\/de\\\/die-stadt-san-remo\\\/san-remo-spielkasino\\\/#breadcrumb\"},\"inLanguage\":\"de\",\"potentialAction\":[{\"@type\":\"ReadAction\",\"target\":[\"https:\\\/\\\/sanremoguide.it\\\/de\\\/die-stadt-san-remo\\\/san-remo-spielkasino\\\/\"]}]},{\"@type\":\"ImageObject\",\"inLanguage\":\"de\",\"@id\":\"https:\\\/\\\/sanremoguide.it\\\/de\\\/die-stadt-san-remo\\\/san-remo-spielkasino\\\/#primaryimage\",\"url\":\"https:\\\/\\\/www.sanremoguide.it\\\/uploads\\\/SanRemo_casino01_350x200.jpg\",\"contentUrl\":\"https:\\\/\\\/www.sanremoguide.it\\\/uploads\\\/SanRemo_casino01_350x200.jpg\"},{\"@type\":\"BreadcrumbList\",\"@id\":\"https:\\\/\\\/sanremoguide.it\\\/de\\\/die-stadt-san-remo\\\/san-remo-spielkasino\\\/#breadcrumb\",\"itemListElement\":[{\"@type\":\"ListItem\",\"position\":1,\"name\":\"Home\",\"item\":\"https:\\\/\\\/sanremoguide.it\\\/\"},{\"@type\":\"ListItem\",\"position\":2,\"name\":\"DIE STADT SAN REMO\",\"item\":\"https:\\\/\\\/sanremoguide.it\\\/de\\\/die-stadt-san-remo\\\/\"},{\"@type\":\"ListItem\",\"position\":3,\"name\":\"SAN REMO SPIELKASINO\"}]},{\"@type\":\"WebSite\",\"@id\":\"https:\\\/\\\/sanremoguide.it\\\/#website\",\"url\":\"https:\\\/\\\/sanremoguide.it\\\/\",\"name\":\"SANREMO GUIDE | la guida turistica di Sanremo\",\"description\":\"la guida turistica della citt\u00e0 di Sanremo\",\"potentialAction\":[{\"@type\":\"SearchAction\",\"target\":{\"@type\":\"EntryPoint\",\"urlTemplate\":\"https:\\\/\\\/sanremoguide.it\\\/?s={search_term_string}\"},\"query-input\":{\"@type\":\"PropertyValueSpecification\",\"valueRequired\":true,\"valueName\":\"search_term_string\"}}],\"inLanguage\":\"de\"}]}<\/script>\n<!-- \/ Yoast SEO plugin. -->","yoast_head_json":{"title":"San Remo Spielkasino - SanRemoGuide","description":"\"Das F\u00fchrer der Stadt San Remo, Italien. Online buchung f\u00fcr Hotels, Residence, Tour-Packet in San Remo und Blumenriviera.\"","robots":{"index":"index","follow":"follow","max-snippet":"max-snippet:-1","max-image-preview":"max-image-preview:large","max-video-preview":"max-video-preview:-1"},"canonical":"https:\/\/sanremoguide.it\/de\/die-stadt-san-remo\/san-remo-spielkasino\/","og_locale":"de_DE","og_type":"article","og_title":"San Remo Spielkasino - SanRemoGuide","og_description":"\"Das F\u00fchrer der Stadt San Remo, Italien. Online buchung f\u00fcr Hotels, Residence, Tour-Packet in San Remo und Blumenriviera.\"","og_url":"https:\/\/sanremoguide.it\/de\/die-stadt-san-remo\/san-remo-spielkasino\/","og_site_name":"SANREMO GUIDE | la guida turistica di Sanremo","article_modified_time":"2022-06-17T17:22:47+00:00","og_image":[{"url":"https:\/\/www.sanremoguide.it\/uploads\/SanRemo_casino01_350x200.jpg","type":"","width":"","height":""}],"twitter_misc":{"Gesch\u00e4tzte Lesezeit":"3\u00a0Minuten"},"schema":{"@context":"https:\/\/schema.org","@graph":[{"@type":"WebPage","@id":"https:\/\/sanremoguide.it\/de\/die-stadt-san-remo\/san-remo-spielkasino\/","url":"https:\/\/sanremoguide.it\/de\/die-stadt-san-remo\/san-remo-spielkasino\/","name":"San Remo Spielkasino - SanRemoGuide","isPartOf":{"@id":"https:\/\/sanremoguide.it\/#website"},"primaryImageOfPage":{"@id":"https:\/\/sanremoguide.it\/de\/die-stadt-san-remo\/san-remo-spielkasino\/#primaryimage"},"image":{"@id":"https:\/\/sanremoguide.it\/de\/die-stadt-san-remo\/san-remo-spielkasino\/#primaryimage"},"thumbnailUrl":"https:\/\/www.sanremoguide.it\/uploads\/SanRemo_casino01_350x200.jpg","datePublished":"2012-02-07T14:17:04+00:00","dateModified":"2022-06-17T17:22:47+00:00","description":"\"Das F\u00fchrer der Stadt San Remo, Italien. Online buchung f\u00fcr Hotels, Residence, Tour-Packet in San Remo und Blumenriviera.\"","breadcrumb":{"@id":"https:\/\/sanremoguide.it\/de\/die-stadt-san-remo\/san-remo-spielkasino\/#breadcrumb"},"inLanguage":"de","potentialAction":[{"@type":"ReadAction","target":["https:\/\/sanremoguide.it\/de\/die-stadt-san-remo\/san-remo-spielkasino\/"]}]},{"@type":"ImageObject","inLanguage":"de","@id":"https:\/\/sanremoguide.it\/de\/die-stadt-san-remo\/san-remo-spielkasino\/#primaryimage","url":"https:\/\/www.sanremoguide.it\/uploads\/SanRemo_casino01_350x200.jpg","contentUrl":"https:\/\/www.sanremoguide.it\/uploads\/SanRemo_casino01_350x200.jpg"},{"@type":"BreadcrumbList","@id":"https:\/\/sanremoguide.it\/de\/die-stadt-san-remo\/san-remo-spielkasino\/#breadcrumb","itemListElement":[{"@type":"ListItem","position":1,"name":"Home","item":"https:\/\/sanremoguide.it\/"},{"@type":"ListItem","position":2,"name":"DIE STADT SAN REMO","item":"https:\/\/sanremoguide.it\/de\/die-stadt-san-remo\/"},{"@type":"ListItem","position":3,"name":"SAN REMO SPIELKASINO"}]},{"@type":"WebSite","@id":"https:\/\/sanremoguide.it\/#website","url":"https:\/\/sanremoguide.it\/","name":"SANREMO GUIDE | la guida turistica di Sanremo","description":"la guida turistica della citt\u00e0 di Sanremo","potentialAction":[{"@type":"SearchAction","target":{"@type":"EntryPoint","urlTemplate":"https:\/\/sanremoguide.it\/?s={search_term_string}"},"query-input":{"@type":"PropertyValueSpecification","valueRequired":true,"valueName":"search_term_string"}}],"inLanguage":"de"}]}},"_links":{"self":[{"href":"https:\/\/sanremoguide.it\/de\/wp-json\/wp\/v2\/pages\/83","targetHints":{"allow":["GET"]}}],"collection":[{"href":"https:\/\/sanremoguide.it\/de\/wp-json\/wp\/v2\/pages"}],"about":[{"href":"https:\/\/sanremoguide.it\/de\/wp-json\/wp\/v2\/types\/page"}],"author":[{"embeddable":true,"href":"https:\/\/sanremoguide.it\/de\/wp-json\/wp\/v2\/users\/1"}],"replies":[{"embeddable":true,"href":"https:\/\/sanremoguide.it\/de\/wp-json\/wp\/v2\/comments?post=83"}],"version-history":[{"count":4,"href":"https:\/\/sanremoguide.it\/de\/wp-json\/wp\/v2\/pages\/83\/revisions"}],"predecessor-version":[{"id":13261,"href":"https:\/\/sanremoguide.it\/de\/wp-json\/wp\/v2\/pages\/83\/revisions\/13261"}],"up":[{"embeddable":true,"href":"https:\/\/sanremoguide.it\/de\/wp-json\/wp\/v2\/pages\/61"}],"wp:attachment":[{"href":"https:\/\/sanremoguide.it\/de\/wp-json\/wp\/v2\/media?parent=83"}],"curies":[{"name":"wp","href":"https:\/\/api.w.org\/{rel}","templated":true}]}}