{"id":89,"date":"2012-02-07T14:22:41","date_gmt":"2012-02-07T14:22:41","guid":{"rendered":"http:\/\/sanremoguide.conteadinizza.it\/wordpress\/?page_id=89"},"modified":"2022-06-17T17:22:50","modified_gmt":"2022-06-17T17:22:50","slug":"geschichte","status":"publish","type":"page","link":"https:\/\/sanremoguide.it\/de\/die-stadt-san-remo\/san-remo-spielkasino\/geschichte\/","title":{"rendered":"Geschichte"},"content":{"rendered":"<p>[et_pb_section fb_built=&#8220;1&#8243; fullwidth=&#8220;on&#8220; _builder_version=&#8220;4.17.4&#8243; _module_preset=&#8220;default&#8220; locked=&#8220;off&#8220; global_colors_info=&#8220;{}&#8220;][et_pb_fullwidth_slider _builder_version=&#8220;4.17.4&#8243; _module_preset=&#8220;default&#8220; background_image=&#8220;https:\/\/sanremoguide.it\/wp-content\/uploads\/2018\/09\/Luca_Lombardi_Sanremo_La_Primavera.jpg&#8220; global_colors_info=&#8220;{}&#8220;][et_pb_slide heading=&#8220;Geschichte&#8220; _builder_version=&#8220;4.17.4&#8243; _module_preset=&#8220;default&#8220; custom_button=&#8220;on&#8220; button_text_color=&#8220;#256b00&#8243; button_bg_color=&#8220;#f2b500&#8243; button_border_color=&#8220;#FFFFFF&#8220; button_icon=&#8220;&#x41;||divi||400&#8243; text_orientation=&#8220;center&#8220; background_layout=&#8220;light&#8220; box_shadow_style_button=&#8220;preset1&#8243; text_shadow_style=&#8220;preset3&#8243; global_colors_info=&#8220;{}&#8220; sticky_transition=&#8220;on&#8220;][\/et_pb_slide][\/et_pb_fullwidth_slider][\/et_pb_section][et_pb_section fb_built=&#8220;1&#8243; admin_label=&#8220;section&#8220; _builder_version=&#8220;4.16&#8243; global_colors_info=&#8220;{}&#8220;][et_pb_row admin_label=&#8220;row&#8220; _builder_version=&#8220;4.16&#8243; background_size=&#8220;initial&#8220; background_position=&#8220;top_left&#8220; background_repeat=&#8220;repeat&#8220; global_colors_info=&#8220;{}&#8220;][et_pb_column type=&#8220;4_4&#8243; _builder_version=&#8220;4.16&#8243; custom_padding=&#8220;|||&#8220; global_colors_info=&#8220;{}&#8220; custom_padding__hover=&#8220;|||&#8220;][et_pb_text admin_label=&#8220;Text&#8220; _builder_version=&#8220;4.16&#8243; background_size=&#8220;initial&#8220; background_position=&#8220;top_left&#8220; background_repeat=&#8220;repeat&#8220; global_colors_info=&#8220;{}&#8220;]<img decoding=\"async\" class=\"aligncenter\" src=\"https:\/\/www.sanremoguide.it\/uploads\/SanRemo_casino_roulette_350x200.jpg\" alt=\"&lt;b&gt;La roulette al Casino di Sanremo&lt;\/b&gt; - Foto APT RdF\" \/><\/p>\n<p>Alles fing am 12. Januar 1905 an, als sich die S\u00e4le des\u00a0<strong>St\u00e4dtischen Kasinos von Sanremo<\/strong>\u00a0(das damals noch Kursaal hie\u00df) zum ersten Mal f\u00fcr das Publikum \u00f6ffneten: Der luxuri\u00f6se Galaabend war allerdings nur bedeutenden, geladenen G\u00e4sten vorbehalten.<\/p>\n<p>In diesem Augenblick begann die faszinierende und (vor allem f\u00fcr die Spieler&#8230;) oft wechselhafte Geschichte des\u00a0<strong>Spiellkasinos Sanremo<\/strong>, zu dessen Aktivit\u00e4ten seit jeher auch anspruchsvolle kulturelle und k\u00fcnstlerische Ereignisse sowie Theaterauff\u00fchrungen geh\u00f6ren, die das Kasino zu einem bedeutenden Kulturtr\u00e4ger der Blumenstadt gemacht haben.<\/p>\n<p>Die Pl\u00e4ne f\u00fcr den Jugendstilbau stammen von dem Pariser Architekten Eug\u00e8ne Ferret, der bereits andere Spielkasinos entworfen hatte (Saigon und Cannes), und bald wurde der wei\u00dfe Palazzo eines der Wahrzeichen Sanremos.<\/p>\n<p>Die Spiels\u00e4le des Kasinos haben zahlreiche \u2018VIP\u2019 gesehen, bedeutende Staatsoberh\u00e4upter, Schauspieler, S\u00e4nger, reiche Wirtschaftsbosse, Scheichs&#8230;. In mehr als 100 Jahren haben sich hier die bekanntesten Personen der Welt die Klinke in die Hand gegeben.<\/p>\n<p>Bereits seit den ersten Jahren seines Bestehens ist das Sanremeser Spielkasino dank seines Theaters auch ein bedeutender kultureller Anziehungspunkt: Es bot immer schon hochkar\u00e4tige Spielzeiten (oft traten hier die De Filippo auf), eine Tradition, die es bis heute mit gro\u00dfem Erfolg fortsetzt.<\/p>\n<p>Im Laufe der Jahrzehnte hat es eine breite Palette anspruchsvoller kultureller Veranstaltungen gegeben, die von Konzerten \u00fcber Musikwettbewerbe, Ballette und Opern bis hin zu Kunstausstellungen (Aligi Sassu, Salvador Dal\u00ec, Giacomo Manz\u00f9, Antonio Rubino) reichten.<\/p>\n<p>1951 trafen im\u00a0<strong>Festsaal des Kasinos von Sanremo<\/strong>\u00a0zwei Wahrzeichen der Blumenstadt aufeinander: Am 29. Januar 1951 begann hier unter den Fittichen der Spielbank das erste italienische Schlagerfestival, das \u201cFestival della Canzone Italiana\u201d.<\/p>\n<p>Das ber\u00fchmte\u00a0<strong>\u201cFestival\u201d<\/strong>\u00a0gibt es noch heute und seinetwegen wird Sanremo einmal im Jahr f\u00fcr eine Woche \u201eWelthauptstadt\u201c der Musik.<\/p>\n<p>Nicht zu vergessen sind auch die\u00a0<strong>\u201cMarted\u00ec Letterari\u201d<\/strong>\u00a0(die Literarischen Dienstage), die an die \u201cLuned\u00ec Letterari\u201d der 30er Jahre anschlie\u00dfen (als die Diskussionsleiter Pers\u00f6nlichkeiten vom Kaliber eines Francesco Pastonchi oder Luigi Pirandello waren) und jedes Jahr eine Auswahl der bedeutendsten internationalen Schriftsteller und Literaten vorstellen (Rita Levi Montalcini, Arrigo Petacco, Vittorio Sgarbi, Magdi Allam, &#8230;).<\/p>\n<p>Zum Schluss noch ein kleines Geheimnis: Nur wenige wissen, dass auch der Wettbewerb \u201cMiss Italia\u201d im\u00a0<strong>Kasino von Sanremo<\/strong>\u00a0zu Gast war. Vom 20. bis zum 23. September 1951 flanierten die jungen M\u00e4dchen \u00fcber die Laufstege im Festsaal des Kasinos und in zwei Hotels der Stadt, und schlie\u00dflich \u00fcberzeugte Isabella Valdettaro eine Jury, der so bekannte Personen wie Silvana Mangano, Lucia Bos\u00e9 und Dino De Laurentiis angeh\u00f6rten.[\/et_pb_text][\/et_pb_column][\/et_pb_row][\/et_pb_section][et_pb_section fb_built=&#8220;1&#8243; fullwidth=&#8220;on&#8220; _builder_version=&#8220;4.17.4&#8243; _module_preset=&#8220;default&#8220; global_module=&#8220;12524&#8243; saved_tabs=&#8220;all&#8220; locked=&#8220;off&#8220; collapsed=&#8220;off&#8220; global_colors_info=&#8220;{}&#8220;][et_pb_fullwidth_slider _builder_version=&#8220;4.17.4&#8243; _module_preset=&#8220;default&#8220; global_colors_info=&#8220;{}&#8220;][et_pb_slide heading=&#8220;ESCURSIONI ED EXPERIENCE A SANREMO E IN RIVIERA&#8220; button_text=&#8220;RICHIEDI IL CATALOGO&#8220; button_link=&#8220;https:\/\/sanremoguide.it\/contatti&#8220; image=&#8220;https:\/\/sanremoguide.it\/wp-content\/uploads\/2022\/06\/itouriviera.png&#8220; _builder_version=&#8220;4.17.4&#8243; _module_preset=&#8220;default&#8220; background_image=&#8220;https:\/\/sanremoguide.it\/wp-content\/uploads\/2018\/07\/luca-lombardi-sanremo_bn.jpg&#8220; background_enable_image=&#8220;on&#8220; custom_button=&#8220;on&#8220; button_bg_color=&#8220;#E09900&#8243; button_border_width=&#8220;1px&#8220; button_border_color=&#8220;#FFFFFF&#8220; global_colors_info=&#8220;{}&#8220; sticky_transition=&#8220;on&#8220;][\/et_pb_slide][\/et_pb_fullwidth_slider][\/et_pb_section]<\/p>\n","protected":false},"excerpt":{"rendered":"<p>Alles fing am 12. Januar 1905 an, als sich die S\u00e4le des\u00a0St\u00e4dtischen Kasinos von Sanremo\u00a0(das damals noch Kursaal hie\u00df) zum ersten Mal f\u00fcr das Publikum \u00f6ffneten: Der luxuri\u00f6se Galaabend war allerdings nur bedeutenden, geladenen G\u00e4sten vorbehalten. In diesem Augenblick begann die faszinierende und (vor allem f\u00fcr die Spieler&#8230;) oft wechselhafte Geschichte des\u00a0Spiellkasinos Sanremo, zu dessen [&hellip;]<\/p>\n","protected":false},"author":1,"featured_media":0,"parent":83,"menu_order":0,"comment_status":"closed","ping_status":"closed","template":"","meta":{"_et_pb_use_builder":"on","_et_pb_old_content":"<img class=\"aligncenter\" src=\"https:\/\/www.sanremoguide.it\/uploads\/SanRemo_casino_roulette_350x200.jpg\" alt=\"<b>La roulette al Casino di Sanremo<\/b> - Foto APT RdF\" \/>\r\n\r\nAlles fing am 12. Januar 1905 an, als sich die S\u00e4le des\u00a0<strong>St\u00e4dtischen Kasinos von Sanremo<\/strong>\u00a0(das damals noch Kursaal hie\u00df) zum ersten Mal f\u00fcr das Publikum \u00f6ffneten: Der luxuri\u00f6se Galaabend war allerdings nur bedeutenden, geladenen G\u00e4sten vorbehalten.\r\n\r\nIn diesem Augenblick begann die faszinierende und (vor allem f\u00fcr die Spieler...) oft wechselhafte Geschichte des\u00a0<strong>Spiellkasinos Sanremo<\/strong>, zu dessen Aktivit\u00e4ten seit jeher auch anspruchsvolle kulturelle und k\u00fcnstlerische Ereignisse sowie Theaterauff\u00fchrungen geh\u00f6ren, die das Kasino zu einem bedeutenden Kulturtr\u00e4ger der Blumenstadt gemacht haben.\r\n\r\nDie Pl\u00e4ne f\u00fcr den Jugendstilbau stammen von dem Pariser Architekten Eug\u00e8ne Ferret, der bereits andere Spielkasinos entworfen hatte (Saigon und Cannes), und bald wurde der wei\u00dfe Palazzo eines der Wahrzeichen Sanremos.\r\n\r\nDie Spiels\u00e4le des Kasinos haben zahlreiche \u2018VIP\u2019 gesehen, bedeutende Staatsoberh\u00e4upter, Schauspieler, S\u00e4nger, reiche Wirtschaftsbosse, Scheichs.... In mehr als 100 Jahren haben sich hier die bekanntesten Personen der Welt die Klinke in die Hand gegeben.\r\n\r\nBereits seit den ersten Jahren seines Bestehens ist das Sanremeser Spielkasino dank seines Theaters auch ein bedeutender kultureller Anziehungspunkt: Es bot immer schon hochkar\u00e4tige Spielzeiten (oft traten hier die De Filippo auf), eine Tradition, die es bis heute mit gro\u00dfem Erfolg fortsetzt.\r\n\r\nIm Laufe der Jahrzehnte hat es eine breite Palette anspruchsvoller kultureller Veranstaltungen gegeben, die von Konzerten \u00fcber Musikwettbewerbe, Ballette und Opern bis hin zu Kunstausstellungen (Aligi Sassu, Salvador Dal\u00ec, Giacomo Manz\u00f9, Antonio Rubino) reichten.\r\n\r\n1951 trafen im\u00a0<strong>Festsaal des Kasinos von Sanremo<\/strong>\u00a0zwei Wahrzeichen der Blumenstadt aufeinander: Am 29. Januar 1951 begann hier unter den Fittichen der Spielbank das erste italienische Schlagerfestival, das \u201cFestival della Canzone Italiana\u201d.\r\n\r\nDas ber\u00fchmte\u00a0<strong>\u201cFestival\u201d<\/strong>\u00a0gibt es noch heute und seinetwegen wird Sanremo einmal im Jahr f\u00fcr eine Woche \u201eWelthauptstadt\u201c der Musik.\r\n\r\nNicht zu vergessen sind auch die\u00a0<strong>\u201cMarted\u00ec Letterari\u201d<\/strong>\u00a0(die Literarischen Dienstage), die an die \u201cLuned\u00ec Letterari\u201d der 30er Jahre anschlie\u00dfen (als die Diskussionsleiter Pers\u00f6nlichkeiten vom Kaliber eines Francesco Pastonchi oder Luigi Pirandello waren) und jedes Jahr eine Auswahl der bedeutendsten internationalen Schriftsteller und Literaten vorstellen (Rita Levi Montalcini, Arrigo Petacco, Vittorio Sgarbi, Magdi Allam, ...).\r\n\r\nZum Schluss noch ein kleines Geheimnis: Nur wenige wissen, dass auch der Wettbewerb \u201cMiss Italia\u201d im\u00a0<strong>Kasino von Sanremo<\/strong>\u00a0zu Gast war. Vom 20. bis zum 23. September 1951 flanierten die jungen M\u00e4dchen \u00fcber die Laufstege im Festsaal des Kasinos und in zwei Hotels der Stadt, und schlie\u00dflich \u00fcberzeugte Isabella Valdettaro eine Jury, der so bekannte Personen wie Silvana Mangano, Lucia Bos\u00e9 und Dino De Laurentiis angeh\u00f6rten.","_et_gb_content_width":"","footnotes":""},"class_list":["post-89","page","type-page","status-publish","hentry"],"yoast_head":"<!-- This site is optimized with the Yoast SEO plugin v27.5 - https:\/\/yoast.com\/product\/yoast-seo-wordpress\/ -->\n<title>San Remo Spielkasino<\/title>\n<meta name=\"description\" content=\"&quot;Das F\u00fchrer der Stadt San Remo, Italien. Online buchung f\u00fcr Hotels, Residence, Tour-Packet in San Remo und Blumenriviera.&quot;\" \/>\n<meta name=\"robots\" content=\"index, follow, max-snippet:-1, max-image-preview:large, max-video-preview:-1\" \/>\n<link rel=\"canonical\" href=\"https:\/\/sanremoguide.it\/de\/die-stadt-san-remo\/san-remo-spielkasino\/geschichte\/\" \/>\n<meta property=\"og:locale\" content=\"de_DE\" \/>\n<meta property=\"og:type\" content=\"article\" \/>\n<meta property=\"og:title\" content=\"San Remo Spielkasino\" \/>\n<meta property=\"og:description\" content=\"&quot;Das F\u00fchrer der Stadt San Remo, Italien. Online buchung f\u00fcr Hotels, Residence, Tour-Packet in San Remo und Blumenriviera.&quot;\" \/>\n<meta property=\"og:url\" content=\"https:\/\/sanremoguide.it\/de\/die-stadt-san-remo\/san-remo-spielkasino\/geschichte\/\" \/>\n<meta property=\"og:site_name\" content=\"SANREMO GUIDE | la guida turistica di Sanremo\" \/>\n<meta property=\"article:modified_time\" content=\"2022-06-17T17:22:50+00:00\" \/>\n<meta property=\"og:image\" content=\"https:\/\/www.sanremoguide.it\/uploads\/SanRemo_casino_roulette_350x200.jpg\" \/>\n<meta name=\"twitter:label1\" content=\"Gesch\u00e4tzte Lesezeit\" \/>\n\t<meta name=\"twitter:data1\" content=\"4\u00a0Minuten\" \/>\n<script type=\"application\/ld+json\" class=\"yoast-schema-graph\">{\"@context\":\"https:\\\/\\\/schema.org\",\"@graph\":[{\"@type\":\"WebPage\",\"@id\":\"https:\\\/\\\/sanremoguide.it\\\/de\\\/die-stadt-san-remo\\\/san-remo-spielkasino\\\/geschichte\\\/\",\"url\":\"https:\\\/\\\/sanremoguide.it\\\/de\\\/die-stadt-san-remo\\\/san-remo-spielkasino\\\/geschichte\\\/\",\"name\":\"San Remo Spielkasino\",\"isPartOf\":{\"@id\":\"https:\\\/\\\/sanremoguide.it\\\/#website\"},\"primaryImageOfPage\":{\"@id\":\"https:\\\/\\\/sanremoguide.it\\\/de\\\/die-stadt-san-remo\\\/san-remo-spielkasino\\\/geschichte\\\/#primaryimage\"},\"image\":{\"@id\":\"https:\\\/\\\/sanremoguide.it\\\/de\\\/die-stadt-san-remo\\\/san-remo-spielkasino\\\/geschichte\\\/#primaryimage\"},\"thumbnailUrl\":\"https:\\\/\\\/www.sanremoguide.it\\\/uploads\\\/SanRemo_casino_roulette_350x200.jpg\",\"datePublished\":\"2012-02-07T14:22:41+00:00\",\"dateModified\":\"2022-06-17T17:22:50+00:00\",\"description\":\"\\\"Das F\u00fchrer der Stadt San Remo, Italien. Online buchung f\u00fcr Hotels, Residence, Tour-Packet in San Remo und Blumenriviera.\\\"\",\"breadcrumb\":{\"@id\":\"https:\\\/\\\/sanremoguide.it\\\/de\\\/die-stadt-san-remo\\\/san-remo-spielkasino\\\/geschichte\\\/#breadcrumb\"},\"inLanguage\":\"de\",\"potentialAction\":[{\"@type\":\"ReadAction\",\"target\":[\"https:\\\/\\\/sanremoguide.it\\\/de\\\/die-stadt-san-remo\\\/san-remo-spielkasino\\\/geschichte\\\/\"]}]},{\"@type\":\"ImageObject\",\"inLanguage\":\"de\",\"@id\":\"https:\\\/\\\/sanremoguide.it\\\/de\\\/die-stadt-san-remo\\\/san-remo-spielkasino\\\/geschichte\\\/#primaryimage\",\"url\":\"https:\\\/\\\/www.sanremoguide.it\\\/uploads\\\/SanRemo_casino_roulette_350x200.jpg\",\"contentUrl\":\"https:\\\/\\\/www.sanremoguide.it\\\/uploads\\\/SanRemo_casino_roulette_350x200.jpg\"},{\"@type\":\"BreadcrumbList\",\"@id\":\"https:\\\/\\\/sanremoguide.it\\\/de\\\/die-stadt-san-remo\\\/san-remo-spielkasino\\\/geschichte\\\/#breadcrumb\",\"itemListElement\":[{\"@type\":\"ListItem\",\"position\":1,\"name\":\"Home\",\"item\":\"https:\\\/\\\/sanremoguide.it\\\/\"},{\"@type\":\"ListItem\",\"position\":2,\"name\":\"DIE STADT SAN REMO\",\"item\":\"https:\\\/\\\/sanremoguide.it\\\/de\\\/die-stadt-san-remo\\\/\"},{\"@type\":\"ListItem\",\"position\":3,\"name\":\"SAN REMO SPIELKASINO\",\"item\":\"https:\\\/\\\/sanremoguide.it\\\/de\\\/die-stadt-san-remo\\\/san-remo-spielkasino\\\/\"},{\"@type\":\"ListItem\",\"position\":4,\"name\":\"Geschichte\"}]},{\"@type\":\"WebSite\",\"@id\":\"https:\\\/\\\/sanremoguide.it\\\/#website\",\"url\":\"https:\\\/\\\/sanremoguide.it\\\/\",\"name\":\"SANREMO GUIDE | la guida turistica di Sanremo\",\"description\":\"la guida turistica della citt\u00e0 di Sanremo\",\"potentialAction\":[{\"@type\":\"SearchAction\",\"target\":{\"@type\":\"EntryPoint\",\"urlTemplate\":\"https:\\\/\\\/sanremoguide.it\\\/?s={search_term_string}\"},\"query-input\":{\"@type\":\"PropertyValueSpecification\",\"valueRequired\":true,\"valueName\":\"search_term_string\"}}],\"inLanguage\":\"de\"}]}<\/script>\n<!-- \/ Yoast SEO plugin. -->","yoast_head_json":{"title":"San Remo Spielkasino","description":"\"Das F\u00fchrer der Stadt San Remo, Italien. Online buchung f\u00fcr Hotels, Residence, Tour-Packet in San Remo und Blumenriviera.\"","robots":{"index":"index","follow":"follow","max-snippet":"max-snippet:-1","max-image-preview":"max-image-preview:large","max-video-preview":"max-video-preview:-1"},"canonical":"https:\/\/sanremoguide.it\/de\/die-stadt-san-remo\/san-remo-spielkasino\/geschichte\/","og_locale":"de_DE","og_type":"article","og_title":"San Remo Spielkasino","og_description":"\"Das F\u00fchrer der Stadt San Remo, Italien. Online buchung f\u00fcr Hotels, Residence, Tour-Packet in San Remo und Blumenriviera.\"","og_url":"https:\/\/sanremoguide.it\/de\/die-stadt-san-remo\/san-remo-spielkasino\/geschichte\/","og_site_name":"SANREMO GUIDE | la guida turistica di Sanremo","article_modified_time":"2022-06-17T17:22:50+00:00","og_image":[{"url":"https:\/\/www.sanremoguide.it\/uploads\/SanRemo_casino_roulette_350x200.jpg","type":"","width":"","height":""}],"twitter_misc":{"Gesch\u00e4tzte Lesezeit":"4\u00a0Minuten"},"schema":{"@context":"https:\/\/schema.org","@graph":[{"@type":"WebPage","@id":"https:\/\/sanremoguide.it\/de\/die-stadt-san-remo\/san-remo-spielkasino\/geschichte\/","url":"https:\/\/sanremoguide.it\/de\/die-stadt-san-remo\/san-remo-spielkasino\/geschichte\/","name":"San Remo Spielkasino","isPartOf":{"@id":"https:\/\/sanremoguide.it\/#website"},"primaryImageOfPage":{"@id":"https:\/\/sanremoguide.it\/de\/die-stadt-san-remo\/san-remo-spielkasino\/geschichte\/#primaryimage"},"image":{"@id":"https:\/\/sanremoguide.it\/de\/die-stadt-san-remo\/san-remo-spielkasino\/geschichte\/#primaryimage"},"thumbnailUrl":"https:\/\/www.sanremoguide.it\/uploads\/SanRemo_casino_roulette_350x200.jpg","datePublished":"2012-02-07T14:22:41+00:00","dateModified":"2022-06-17T17:22:50+00:00","description":"\"Das F\u00fchrer der Stadt San Remo, Italien. Online buchung f\u00fcr Hotels, Residence, Tour-Packet in San Remo und Blumenriviera.\"","breadcrumb":{"@id":"https:\/\/sanremoguide.it\/de\/die-stadt-san-remo\/san-remo-spielkasino\/geschichte\/#breadcrumb"},"inLanguage":"de","potentialAction":[{"@type":"ReadAction","target":["https:\/\/sanremoguide.it\/de\/die-stadt-san-remo\/san-remo-spielkasino\/geschichte\/"]}]},{"@type":"ImageObject","inLanguage":"de","@id":"https:\/\/sanremoguide.it\/de\/die-stadt-san-remo\/san-remo-spielkasino\/geschichte\/#primaryimage","url":"https:\/\/www.sanremoguide.it\/uploads\/SanRemo_casino_roulette_350x200.jpg","contentUrl":"https:\/\/www.sanremoguide.it\/uploads\/SanRemo_casino_roulette_350x200.jpg"},{"@type":"BreadcrumbList","@id":"https:\/\/sanremoguide.it\/de\/die-stadt-san-remo\/san-remo-spielkasino\/geschichte\/#breadcrumb","itemListElement":[{"@type":"ListItem","position":1,"name":"Home","item":"https:\/\/sanremoguide.it\/"},{"@type":"ListItem","position":2,"name":"DIE STADT SAN REMO","item":"https:\/\/sanremoguide.it\/de\/die-stadt-san-remo\/"},{"@type":"ListItem","position":3,"name":"SAN REMO SPIELKASINO","item":"https:\/\/sanremoguide.it\/de\/die-stadt-san-remo\/san-remo-spielkasino\/"},{"@type":"ListItem","position":4,"name":"Geschichte"}]},{"@type":"WebSite","@id":"https:\/\/sanremoguide.it\/#website","url":"https:\/\/sanremoguide.it\/","name":"SANREMO GUIDE | la guida turistica di Sanremo","description":"la guida turistica della citt\u00e0 di Sanremo","potentialAction":[{"@type":"SearchAction","target":{"@type":"EntryPoint","urlTemplate":"https:\/\/sanremoguide.it\/?s={search_term_string}"},"query-input":{"@type":"PropertyValueSpecification","valueRequired":true,"valueName":"search_term_string"}}],"inLanguage":"de"}]}},"_links":{"self":[{"href":"https:\/\/sanremoguide.it\/de\/wp-json\/wp\/v2\/pages\/89","targetHints":{"allow":["GET"]}}],"collection":[{"href":"https:\/\/sanremoguide.it\/de\/wp-json\/wp\/v2\/pages"}],"about":[{"href":"https:\/\/sanremoguide.it\/de\/wp-json\/wp\/v2\/types\/page"}],"author":[{"embeddable":true,"href":"https:\/\/sanremoguide.it\/de\/wp-json\/wp\/v2\/users\/1"}],"replies":[{"embeddable":true,"href":"https:\/\/sanremoguide.it\/de\/wp-json\/wp\/v2\/comments?post=89"}],"version-history":[{"count":5,"href":"https:\/\/sanremoguide.it\/de\/wp-json\/wp\/v2\/pages\/89\/revisions"}],"predecessor-version":[{"id":13262,"href":"https:\/\/sanremoguide.it\/de\/wp-json\/wp\/v2\/pages\/89\/revisions\/13262"}],"up":[{"embeddable":true,"href":"https:\/\/sanremoguide.it\/de\/wp-json\/wp\/v2\/pages\/83"}],"wp:attachment":[{"href":"https:\/\/sanremoguide.it\/de\/wp-json\/wp\/v2\/media?parent=89"}],"curies":[{"name":"wp","href":"https:\/\/api.w.org\/{rel}","templated":true}]}}