{"id":912,"date":"2012-02-16T09:49:18","date_gmt":"2012-02-16T09:49:18","guid":{"rendered":"http:\/\/sanremoguide.conteadinizza.it\/wordpress\/?page_id=912"},"modified":"2022-06-17T17:35:49","modified_gmt":"2022-06-17T17:35:49","slug":"nutzliche-infos","status":"publish","type":"page","link":"https:\/\/sanremoguide.it\/de\/nutzliche-infos\/","title":{"rendered":"N\u00dcTZLICHE INFOS"},"content":{"rendered":"<p>[et_pb_section fb_built=&#8220;1&#8243; fullwidth=&#8220;on&#8220; _builder_version=&#8220;4.17.4&#8243; _module_preset=&#8220;default&#8220; locked=&#8220;off&#8220; global_colors_info=&#8220;{}&#8220;][et_pb_fullwidth_slider _builder_version=&#8220;4.17.4&#8243; _module_preset=&#8220;default&#8220; background_image=&#8220;https:\/\/sanremoguide.it\/wp-content\/uploads\/2018\/09\/Luca_Lombardi_Sanremo_La_Primavera.jpg&#8220; global_colors_info=&#8220;{}&#8220;][et_pb_slide heading=&#8220;N\u00dcTZLICHE INFOS&#8220; _builder_version=&#8220;4.17.4&#8243; _module_preset=&#8220;default&#8220; custom_button=&#8220;on&#8220; button_text_color=&#8220;#256b00&#8243; button_bg_color=&#8220;#f2b500&#8243; button_border_color=&#8220;#FFFFFF&#8220; button_icon=&#8220;&#x41;||divi||400&#8243; text_orientation=&#8220;center&#8220; background_layout=&#8220;light&#8220; box_shadow_style_button=&#8220;preset1&#8243; text_shadow_style=&#8220;preset3&#8243; global_colors_info=&#8220;{}&#8220; sticky_transition=&#8220;on&#8220;][\/et_pb_slide][\/et_pb_fullwidth_slider][\/et_pb_section][et_pb_section fb_built=&#8220;1&#8243; admin_label=&#8220;section&#8220; _builder_version=&#8220;4.16&#8243; global_colors_info=&#8220;{}&#8220;][et_pb_row admin_label=&#8220;row&#8220; _builder_version=&#8220;4.16&#8243; background_size=&#8220;initial&#8220; background_position=&#8220;top_left&#8220; background_repeat=&#8220;repeat&#8220; global_colors_info=&#8220;{}&#8220;][et_pb_column type=&#8220;4_4&#8243; _builder_version=&#8220;4.16&#8243; custom_padding=&#8220;|||&#8220; global_colors_info=&#8220;{}&#8220; custom_padding__hover=&#8220;|||&#8220;][et_pb_text admin_label=&#8220;Text&#8220; _builder_version=&#8220;4.16&#8243; background_size=&#8220;initial&#8220; background_position=&#8220;top_left&#8220; background_repeat=&#8220;repeat&#8220; global_colors_info=&#8220;{}&#8220;]<img decoding=\"async\" class=\"aligncenter\" src=\"https:\/\/www.sanremoguide.it\/uploads\/SanRemo_alba_350x200.jpg\" alt=\"&lt;b&gt;Sunrise on San Remo&lt;\/b&gt; - Photo APT RdF\" \/><\/p>\n<p>Westligurien befindet sich in einer g\u00fcnstigen geografischen Lage, sowohl, was seine Verbindungen zur Umgebung angeht, als auch, was das Klima betrifft. Ligurien hat das f\u00fcr den Mittelmeerraum typische, gem\u00e4\u00dfigt-warme Klima, aber wenn man die Riviera untergliedert, liegt der \u00e4u\u00dfere Westen in einem eindeutig bevorzugten Gebiet.<\/p>\n<p>Die Stadt Sanremo ist bequem mit allen Transportmitteln zu erreichen, mit dem Auto, dem Zug, dem Flugzeug oder dem Schiff. Die\u00a0<strong>Autobahn A10\/E80<\/strong>Genua-Ventimiglia verbindet die Stadt mit dem nahen Frankreich und \u00fcber Genua mit den wichtigsten italienischen Autobahnen.<br \/>\nAlternativ kann man auch die alte R\u00f6merstra\u00dfe Via Aurelia nehmen, vor allem, wenn man die Aussicht genie\u00dfen m\u00f6chte.<\/p>\n<p>Der n\u00e4chstgelegene\u00a0<strong>Flughafen<\/strong>\u00a0ist in Nizza, das nur 50 km von Sanremo entfernt liegt, aber die Stadt ist auch von Genua aus leicht zu erreichen.<\/p>\n<p>Wer \u2013 wie die ersten Touristen, die im 19. Jhdt. nach Sanremo kamen und bereits vor dem verlassen der Waggons vom Duft der Blumen berauscht waren &#8211; mit dem Zug reist, findet in Sanremo heute einen\u00a0<strong>modernen Bahnhof<\/strong>, der die Stadt mit den wichtigsten europ\u00e4ischen Linien verbindet.[\/et_pb_text][\/et_pb_column][\/et_pb_row][\/et_pb_section][et_pb_section fb_built=&#8220;1&#8243; fullwidth=&#8220;on&#8220; _builder_version=&#8220;4.17.4&#8243; _module_preset=&#8220;default&#8220; global_module=&#8220;12524&#8243; saved_tabs=&#8220;all&#8220; locked=&#8220;off&#8220; collapsed=&#8220;off&#8220; global_colors_info=&#8220;{}&#8220;][et_pb_fullwidth_slider _builder_version=&#8220;4.17.4&#8243; _module_preset=&#8220;default&#8220; global_colors_info=&#8220;{}&#8220;][et_pb_slide heading=&#8220;ESCURSIONI ED EXPERIENCE A SANREMO E IN RIVIERA&#8220; button_text=&#8220;RICHIEDI IL CATALOGO&#8220; button_link=&#8220;https:\/\/sanremoguide.it\/contatti&#8220; image=&#8220;https:\/\/sanremoguide.it\/wp-content\/uploads\/2022\/06\/itouriviera.png&#8220; _builder_version=&#8220;4.17.4&#8243; _module_preset=&#8220;default&#8220; background_image=&#8220;https:\/\/sanremoguide.it\/wp-content\/uploads\/2018\/07\/luca-lombardi-sanremo_bn.jpg&#8220; background_enable_image=&#8220;on&#8220; custom_button=&#8220;on&#8220; button_bg_color=&#8220;#E09900&#8243; button_border_width=&#8220;1px&#8220; button_border_color=&#8220;#FFFFFF&#8220; global_colors_info=&#8220;{}&#8220; sticky_transition=&#8220;on&#8220;][\/et_pb_slide][\/et_pb_fullwidth_slider][\/et_pb_section]<\/p>\n","protected":false},"excerpt":{"rendered":"<p>Westligurien befindet sich in einer g\u00fcnstigen geografischen Lage, sowohl, was seine Verbindungen zur Umgebung angeht, als auch, was das Klima betrifft. Ligurien hat das f\u00fcr den Mittelmeerraum typische, gem\u00e4\u00dfigt-warme Klima, aber wenn man die Riviera untergliedert, liegt der \u00e4u\u00dfere Westen in einem eindeutig bevorzugten Gebiet. Die Stadt Sanremo ist bequem mit allen Transportmitteln zu erreichen, [&hellip;]<\/p>\n","protected":false},"author":1,"featured_media":0,"parent":0,"menu_order":0,"comment_status":"closed","ping_status":"open","template":"","meta":{"_et_pb_use_builder":"on","_et_pb_old_content":"<img class=\"aligncenter\" src=\"https:\/\/www.sanremoguide.it\/uploads\/SanRemo_alba_350x200.jpg\" alt=\"<b>Sunrise on San Remo<\/b> - Photo APT RdF\" \/>\r\n\r\nWestligurien befindet sich in einer g\u00fcnstigen geografischen Lage, sowohl, was seine Verbindungen zur Umgebung angeht, als auch, was das Klima betrifft. Ligurien hat das f\u00fcr den Mittelmeerraum typische, gem\u00e4\u00dfigt-warme Klima, aber wenn man die Riviera untergliedert, liegt der \u00e4u\u00dfere Westen in einem eindeutig bevorzugten Gebiet.\r\n\r\nDie Stadt Sanremo ist bequem mit allen Transportmitteln zu erreichen, mit dem Auto, dem Zug, dem Flugzeug oder dem Schiff. Die\u00a0<strong>Autobahn A10\/E80<\/strong>Genua-Ventimiglia verbindet die Stadt mit dem nahen Frankreich und \u00fcber Genua mit den wichtigsten italienischen Autobahnen.\r\nAlternativ kann man auch die alte R\u00f6merstra\u00dfe Via Aurelia nehmen, vor allem, wenn man die Aussicht genie\u00dfen m\u00f6chte.\r\n\r\nDer n\u00e4chstgelegene\u00a0<strong>Flughafen<\/strong>\u00a0ist in Nizza, das nur 50 km von Sanremo entfernt liegt, aber die Stadt ist auch von Genua aus leicht zu erreichen.\r\n\r\nWer \u2013 wie die ersten Touristen, die im 19. Jhdt. nach Sanremo kamen und bereits vor dem verlassen der Waggons vom Duft der Blumen berauscht waren - mit dem Zug reist, findet in Sanremo heute einen\u00a0<strong>modernen Bahnhof<\/strong>, der die Stadt mit den wichtigsten europ\u00e4ischen Linien verbindet.","_et_gb_content_width":"","footnotes":""},"class_list":["post-912","page","type-page","status-publish","hentry"],"yoast_head":"<!-- This site is optimized with the Yoast SEO plugin v27.4 - https:\/\/yoast.com\/product\/yoast-seo-wordpress\/ -->\n<title>N\u00dcTZLICHE INFOS - SANREMO GUIDE | la guida turistica di Sanremo<\/title>\n<meta name=\"robots\" content=\"index, follow, max-snippet:-1, max-image-preview:large, max-video-preview:-1\" \/>\n<link rel=\"canonical\" href=\"https:\/\/sanremoguide.it\/de\/nutzliche-infos\/\" \/>\n<meta property=\"og:locale\" content=\"de_DE\" \/>\n<meta property=\"og:type\" content=\"article\" \/>\n<meta property=\"og:title\" content=\"N\u00dcTZLICHE INFOS - SANREMO GUIDE | la guida turistica di Sanremo\" \/>\n<meta property=\"og:description\" content=\"Westligurien befindet sich in einer g\u00fcnstigen geografischen Lage, sowohl, was seine Verbindungen zur Umgebung angeht, als auch, was das Klima betrifft. Ligurien hat das f\u00fcr den Mittelmeerraum typische, gem\u00e4\u00dfigt-warme Klima, aber wenn man die Riviera untergliedert, liegt der \u00e4u\u00dfere Westen in einem eindeutig bevorzugten Gebiet. Die Stadt Sanremo ist bequem mit allen Transportmitteln zu erreichen, [&hellip;]\" \/>\n<meta property=\"og:url\" content=\"https:\/\/sanremoguide.it\/de\/nutzliche-infos\/\" \/>\n<meta property=\"og:site_name\" content=\"SANREMO GUIDE | la guida turistica di Sanremo\" \/>\n<meta property=\"article:modified_time\" content=\"2022-06-17T17:35:49+00:00\" \/>\n<meta property=\"og:image\" content=\"https:\/\/www.sanremoguide.it\/uploads\/SanRemo_alba_350x200.jpg\" \/>\n<meta name=\"twitter:label1\" content=\"Gesch\u00e4tzte Lesezeit\" \/>\n\t<meta name=\"twitter:data1\" content=\"2\u00a0Minuten\" \/>\n<script type=\"application\/ld+json\" class=\"yoast-schema-graph\">{\"@context\":\"https:\\\/\\\/schema.org\",\"@graph\":[{\"@type\":\"WebPage\",\"@id\":\"https:\\\/\\\/sanremoguide.it\\\/de\\\/nutzliche-infos\\\/\",\"url\":\"https:\\\/\\\/sanremoguide.it\\\/de\\\/nutzliche-infos\\\/\",\"name\":\"N\u00dcTZLICHE INFOS - SANREMO GUIDE | la guida turistica di Sanremo\",\"isPartOf\":{\"@id\":\"https:\\\/\\\/sanremoguide.it\\\/#website\"},\"primaryImageOfPage\":{\"@id\":\"https:\\\/\\\/sanremoguide.it\\\/de\\\/nutzliche-infos\\\/#primaryimage\"},\"image\":{\"@id\":\"https:\\\/\\\/sanremoguide.it\\\/de\\\/nutzliche-infos\\\/#primaryimage\"},\"thumbnailUrl\":\"https:\\\/\\\/www.sanremoguide.it\\\/uploads\\\/SanRemo_alba_350x200.jpg\",\"datePublished\":\"2012-02-16T09:49:18+00:00\",\"dateModified\":\"2022-06-17T17:35:49+00:00\",\"breadcrumb\":{\"@id\":\"https:\\\/\\\/sanremoguide.it\\\/de\\\/nutzliche-infos\\\/#breadcrumb\"},\"inLanguage\":\"de\",\"potentialAction\":[{\"@type\":\"ReadAction\",\"target\":[\"https:\\\/\\\/sanremoguide.it\\\/de\\\/nutzliche-infos\\\/\"]}]},{\"@type\":\"ImageObject\",\"inLanguage\":\"de\",\"@id\":\"https:\\\/\\\/sanremoguide.it\\\/de\\\/nutzliche-infos\\\/#primaryimage\",\"url\":\"https:\\\/\\\/www.sanremoguide.it\\\/uploads\\\/SanRemo_alba_350x200.jpg\",\"contentUrl\":\"https:\\\/\\\/www.sanremoguide.it\\\/uploads\\\/SanRemo_alba_350x200.jpg\"},{\"@type\":\"BreadcrumbList\",\"@id\":\"https:\\\/\\\/sanremoguide.it\\\/de\\\/nutzliche-infos\\\/#breadcrumb\",\"itemListElement\":[{\"@type\":\"ListItem\",\"position\":1,\"name\":\"Home\",\"item\":\"https:\\\/\\\/sanremoguide.it\\\/\"},{\"@type\":\"ListItem\",\"position\":2,\"name\":\"N\u00dcTZLICHE INFOS\"}]},{\"@type\":\"WebSite\",\"@id\":\"https:\\\/\\\/sanremoguide.it\\\/#website\",\"url\":\"https:\\\/\\\/sanremoguide.it\\\/\",\"name\":\"SANREMO GUIDE | la guida turistica di Sanremo\",\"description\":\"la guida turistica della citt\u00e0 di Sanremo\",\"potentialAction\":[{\"@type\":\"SearchAction\",\"target\":{\"@type\":\"EntryPoint\",\"urlTemplate\":\"https:\\\/\\\/sanremoguide.it\\\/?s={search_term_string}\"},\"query-input\":{\"@type\":\"PropertyValueSpecification\",\"valueRequired\":true,\"valueName\":\"search_term_string\"}}],\"inLanguage\":\"de\"}]}<\/script>\n<!-- \/ Yoast SEO plugin. -->","yoast_head_json":{"title":"N\u00dcTZLICHE INFOS - SANREMO GUIDE | la guida turistica di Sanremo","robots":{"index":"index","follow":"follow","max-snippet":"max-snippet:-1","max-image-preview":"max-image-preview:large","max-video-preview":"max-video-preview:-1"},"canonical":"https:\/\/sanremoguide.it\/de\/nutzliche-infos\/","og_locale":"de_DE","og_type":"article","og_title":"N\u00dcTZLICHE INFOS - SANREMO GUIDE | la guida turistica di Sanremo","og_description":"Westligurien befindet sich in einer g\u00fcnstigen geografischen Lage, sowohl, was seine Verbindungen zur Umgebung angeht, als auch, was das Klima betrifft. Ligurien hat das f\u00fcr den Mittelmeerraum typische, gem\u00e4\u00dfigt-warme Klima, aber wenn man die Riviera untergliedert, liegt der \u00e4u\u00dfere Westen in einem eindeutig bevorzugten Gebiet. Die Stadt Sanremo ist bequem mit allen Transportmitteln zu erreichen, [&hellip;]","og_url":"https:\/\/sanremoguide.it\/de\/nutzliche-infos\/","og_site_name":"SANREMO GUIDE | la guida turistica di Sanremo","article_modified_time":"2022-06-17T17:35:49+00:00","og_image":[{"url":"https:\/\/www.sanremoguide.it\/uploads\/SanRemo_alba_350x200.jpg","type":"","width":"","height":""}],"twitter_misc":{"Gesch\u00e4tzte Lesezeit":"2\u00a0Minuten"},"schema":{"@context":"https:\/\/schema.org","@graph":[{"@type":"WebPage","@id":"https:\/\/sanremoguide.it\/de\/nutzliche-infos\/","url":"https:\/\/sanremoguide.it\/de\/nutzliche-infos\/","name":"N\u00dcTZLICHE INFOS - SANREMO GUIDE | la guida turistica di Sanremo","isPartOf":{"@id":"https:\/\/sanremoguide.it\/#website"},"primaryImageOfPage":{"@id":"https:\/\/sanremoguide.it\/de\/nutzliche-infos\/#primaryimage"},"image":{"@id":"https:\/\/sanremoguide.it\/de\/nutzliche-infos\/#primaryimage"},"thumbnailUrl":"https:\/\/www.sanremoguide.it\/uploads\/SanRemo_alba_350x200.jpg","datePublished":"2012-02-16T09:49:18+00:00","dateModified":"2022-06-17T17:35:49+00:00","breadcrumb":{"@id":"https:\/\/sanremoguide.it\/de\/nutzliche-infos\/#breadcrumb"},"inLanguage":"de","potentialAction":[{"@type":"ReadAction","target":["https:\/\/sanremoguide.it\/de\/nutzliche-infos\/"]}]},{"@type":"ImageObject","inLanguage":"de","@id":"https:\/\/sanremoguide.it\/de\/nutzliche-infos\/#primaryimage","url":"https:\/\/www.sanremoguide.it\/uploads\/SanRemo_alba_350x200.jpg","contentUrl":"https:\/\/www.sanremoguide.it\/uploads\/SanRemo_alba_350x200.jpg"},{"@type":"BreadcrumbList","@id":"https:\/\/sanremoguide.it\/de\/nutzliche-infos\/#breadcrumb","itemListElement":[{"@type":"ListItem","position":1,"name":"Home","item":"https:\/\/sanremoguide.it\/"},{"@type":"ListItem","position":2,"name":"N\u00dcTZLICHE INFOS"}]},{"@type":"WebSite","@id":"https:\/\/sanremoguide.it\/#website","url":"https:\/\/sanremoguide.it\/","name":"SANREMO GUIDE | la guida turistica di Sanremo","description":"la guida turistica della citt\u00e0 di Sanremo","potentialAction":[{"@type":"SearchAction","target":{"@type":"EntryPoint","urlTemplate":"https:\/\/sanremoguide.it\/?s={search_term_string}"},"query-input":{"@type":"PropertyValueSpecification","valueRequired":true,"valueName":"search_term_string"}}],"inLanguage":"de"}]}},"_links":{"self":[{"href":"https:\/\/sanremoguide.it\/de\/wp-json\/wp\/v2\/pages\/912","targetHints":{"allow":["GET"]}}],"collection":[{"href":"https:\/\/sanremoguide.it\/de\/wp-json\/wp\/v2\/pages"}],"about":[{"href":"https:\/\/sanremoguide.it\/de\/wp-json\/wp\/v2\/types\/page"}],"author":[{"embeddable":true,"href":"https:\/\/sanremoguide.it\/de\/wp-json\/wp\/v2\/users\/1"}],"replies":[{"embeddable":true,"href":"https:\/\/sanremoguide.it\/de\/wp-json\/wp\/v2\/comments?post=912"}],"version-history":[{"count":3,"href":"https:\/\/sanremoguide.it\/de\/wp-json\/wp\/v2\/pages\/912\/revisions"}],"predecessor-version":[{"id":13303,"href":"https:\/\/sanremoguide.it\/de\/wp-json\/wp\/v2\/pages\/912\/revisions\/13303"}],"wp:attachment":[{"href":"https:\/\/sanremoguide.it\/de\/wp-json\/wp\/v2\/media?parent=912"}],"curies":[{"name":"wp","href":"https:\/\/api.w.org\/{rel}","templated":true}]}}