{"id":9784,"date":"2022-05-27T17:29:05","date_gmt":"2022-05-27T17:29:05","guid":{"rendered":"https:\/\/sanremoguide.it\/reiseleiter-service-in-sanremo\/"},"modified":"2022-06-17T17:51:09","modified_gmt":"2022-06-17T17:51:09","slug":"reiseleiter-service-in-sanremo","status":"publish","type":"page","link":"https:\/\/sanremoguide.it\/de\/reiseleiter-service-in-sanremo\/","title":{"rendered":"Reiseleiter-Service in Sanremo"},"content":{"rendered":"<p>[et_pb_section fb_built=&#8220;1&#8243; fullwidth=&#8220;on&#8220; _builder_version=&#8220;4.17.4&#8243; _module_preset=&#8220;default&#8220; global_colors_info=&#8220;{}&#8220;][et_pb_fullwidth_slider _builder_version=&#8220;4.17.4&#8243; _module_preset=&#8220;default&#8220; background_image=&#8220;https:\/\/sanremoguide.it\/wp-content\/uploads\/2018\/09\/Luca_Lombardi_Sanremo_La_Primavera.jpg&#8220; global_colors_info=&#8220;{}&#8220;][et_pb_slide heading=&#8220;Reiseleiterin in San Remo&#8220; button_text=&#8220;BUCHUNG&#8220; button_link=&#8220;https:\/\/sanremoguide.it\/de\/kon\/&#8220; _builder_version=&#8220;4.17.4&#8243; _module_preset=&#8220;default&#8220; custom_button=&#8220;on&#8220; button_text_color=&#8220;#256b00&#8243; button_bg_color=&#8220;#f2b500&#8243; button_border_color=&#8220;#FFFFFF&#8220; button_icon=&#8220;&#x41;||divi||400&#8243; text_orientation=&#8220;center&#8220; background_layout=&#8220;light&#8220; box_shadow_style_button=&#8220;preset1&#8243; text_shadow_style=&#8220;preset3&#8243; global_colors_info=&#8220;{}&#8220; sticky_transition=&#8220;on&#8220;][\/et_pb_slide][\/et_pb_fullwidth_slider][\/et_pb_section][et_pb_section fb_built=&#8220;1&#8243; _builder_version=&#8220;4.17.4&#8243; _module_preset=&#8220;default&#8220; global_colors_info=&#8220;{}&#8220;][et_pb_row _builder_version=&#8220;4.17.4&#8243; _module_preset=&#8220;default&#8220; global_colors_info=&#8220;{}&#8220;][et_pb_column type=&#8220;4_4&#8243; _builder_version=&#8220;4.17.4&#8243; _module_preset=&#8220;default&#8220; global_colors_info=&#8220;{}&#8220;][et_pb_text _builder_version=&#8220;4.17.4&#8243; _module_preset=&#8220;default&#8220; global_colors_info=&#8220;{}&#8220;]<\/p>\n<h2>Buchen Sie bei uns einen professionellen Reiseleiter-Service in Sanremo, Ligurien und der C\u00f4te d\u2019Azur.<\/h2>\n<p>Fremdenf\u00fchrer werden in den folgenden Sprachen angeboten:<\/p>\n<p>* ITALIENISCH<br \/>* ENGLISCH<br \/>* FRANZ\u00d6SISCH<br \/>* DEUTSCH<br \/>* SPANISCH<br \/>* RUSSISCH<br \/>* SCHWEDISCH<br \/>* DUTCH<\/p>\n<p>Es ist m\u00f6glich, den Service f\u00fcr einen halben oder ganzen Tag zu buchen.<\/p>\n<p>[\/et_pb_text][\/et_pb_column][\/et_pb_row][\/et_pb_section][et_pb_section fb_built=&#8220;1&#8243; fullwidth=&#8220;on&#8220; _builder_version=&#8220;4.17.4&#8243; _module_preset=&#8220;default&#8220; global_module=&#8220;12524&#8243; saved_tabs=&#8220;all&#8220; locked=&#8220;off&#8220; collapsed=&#8220;off&#8220; global_colors_info=&#8220;{}&#8220;][et_pb_fullwidth_slider _builder_version=&#8220;4.17.4&#8243; _module_preset=&#8220;default&#8220; global_colors_info=&#8220;{}&#8220;][et_pb_slide heading=&#8220;ESCURSIONI ED EXPERIENCE A SANREMO E IN RIVIERA&#8220; button_text=&#8220;RICHIEDI IL CATALOGO&#8220; button_link=&#8220;https:\/\/sanremoguide.it\/contatti&#8220; image=&#8220;https:\/\/sanremoguide.it\/wp-content\/uploads\/2022\/06\/itouriviera.png&#8220; _builder_version=&#8220;4.17.4&#8243; _module_preset=&#8220;default&#8220; background_image=&#8220;https:\/\/sanremoguide.it\/wp-content\/uploads\/2018\/07\/luca-lombardi-sanremo_bn.jpg&#8220; background_enable_image=&#8220;on&#8220; custom_button=&#8220;on&#8220; button_bg_color=&#8220;#E09900&#8243; button_border_width=&#8220;1px&#8220; button_border_color=&#8220;#FFFFFF&#8220; global_colors_info=&#8220;{}&#8220; sticky_transition=&#8220;on&#8220;][\/et_pb_slide][\/et_pb_fullwidth_slider][\/et_pb_section]<\/p>\n","protected":false},"excerpt":{"rendered":"<p>Buchen Sie bei uns einen professionellen Reiseleiter-Service in Sanremo, Ligurien und der C\u00f4te d\u2019Azur. Fremdenf\u00fchrer werden in den folgenden Sprachen angeboten: * ITALIENISCH* ENGLISCH* FRANZ\u00d6SISCH* DEUTSCH* SPANISCH* RUSSISCH* SCHWEDISCH* DUTCH Es ist m\u00f6glich, den Service f\u00fcr einen halben oder ganzen Tag zu buchen.<\/p>\n","protected":false},"author":1,"featured_media":0,"parent":0,"menu_order":0,"comment_status":"closed","ping_status":"open","template":"","meta":{"_et_pb_use_builder":"on","_et_pb_old_content":"","_et_gb_content_width":"","footnotes":""},"class_list":["post-9784","page","type-page","status-publish","hentry"],"yoast_head":"<!-- This site is optimized with the Yoast SEO plugin v27.4 - https:\/\/yoast.com\/product\/yoast-seo-wordpress\/ -->\n<title>Reiseleiter-Service in Sanremo - SANREMO GUIDE | la guida turistica di Sanremo<\/title>\n<meta name=\"description\" content=\"Buchen Sie bei uns einen professionellen Reiseleiter-Service in Sanremo, Ligurien und der C\u00f4te d\u2019Azur auf Deutsch.\" \/>\n<meta name=\"robots\" content=\"index, follow, max-snippet:-1, max-image-preview:large, max-video-preview:-1\" \/>\n<link rel=\"canonical\" href=\"https:\/\/sanremoguide.it\/de\/reiseleiter-service-in-sanremo\/\" \/>\n<meta property=\"og:locale\" content=\"de_DE\" \/>\n<meta property=\"og:type\" content=\"article\" \/>\n<meta property=\"og:title\" content=\"Reiseleiter-Service in Sanremo - SANREMO GUIDE | la guida turistica di Sanremo\" \/>\n<meta property=\"og:description\" content=\"Buchen Sie bei uns einen professionellen Reiseleiter-Service in Sanremo, Ligurien und der C\u00f4te d\u2019Azur auf Deutsch.\" \/>\n<meta property=\"og:url\" content=\"https:\/\/sanremoguide.it\/de\/reiseleiter-service-in-sanremo\/\" \/>\n<meta property=\"og:site_name\" content=\"SANREMO GUIDE | la guida turistica di Sanremo\" \/>\n<meta property=\"article:modified_time\" content=\"2022-06-17T17:51:09+00:00\" \/>\n<meta name=\"twitter:label1\" content=\"Gesch\u00e4tzte Lesezeit\" \/>\n\t<meta name=\"twitter:data1\" content=\"2\u00a0Minuten\" \/>\n<script type=\"application\/ld+json\" class=\"yoast-schema-graph\">{\"@context\":\"https:\\\/\\\/schema.org\",\"@graph\":[{\"@type\":\"WebPage\",\"@id\":\"https:\\\/\\\/sanremoguide.it\\\/de\\\/reiseleiter-service-in-sanremo\\\/\",\"url\":\"https:\\\/\\\/sanremoguide.it\\\/de\\\/reiseleiter-service-in-sanremo\\\/\",\"name\":\"Reiseleiter-Service in Sanremo - SANREMO GUIDE | la guida turistica di Sanremo\",\"isPartOf\":{\"@id\":\"https:\\\/\\\/sanremoguide.it\\\/#website\"},\"datePublished\":\"2022-05-27T17:29:05+00:00\",\"dateModified\":\"2022-06-17T17:51:09+00:00\",\"description\":\"Buchen Sie bei uns einen professionellen Reiseleiter-Service in Sanremo, Ligurien und der C\u00f4te d\u2019Azur auf Deutsch.\",\"breadcrumb\":{\"@id\":\"https:\\\/\\\/sanremoguide.it\\\/de\\\/reiseleiter-service-in-sanremo\\\/#breadcrumb\"},\"inLanguage\":\"de\",\"potentialAction\":[{\"@type\":\"ReadAction\",\"target\":[\"https:\\\/\\\/sanremoguide.it\\\/de\\\/reiseleiter-service-in-sanremo\\\/\"]}]},{\"@type\":\"BreadcrumbList\",\"@id\":\"https:\\\/\\\/sanremoguide.it\\\/de\\\/reiseleiter-service-in-sanremo\\\/#breadcrumb\",\"itemListElement\":[{\"@type\":\"ListItem\",\"position\":1,\"name\":\"Home\",\"item\":\"https:\\\/\\\/sanremoguide.it\\\/\"},{\"@type\":\"ListItem\",\"position\":2,\"name\":\"Reiseleiter-Service in Sanremo\"}]},{\"@type\":\"WebSite\",\"@id\":\"https:\\\/\\\/sanremoguide.it\\\/#website\",\"url\":\"https:\\\/\\\/sanremoguide.it\\\/\",\"name\":\"SANREMO GUIDE | la guida turistica di Sanremo\",\"description\":\"la guida turistica della citt\u00e0 di Sanremo\",\"potentialAction\":[{\"@type\":\"SearchAction\",\"target\":{\"@type\":\"EntryPoint\",\"urlTemplate\":\"https:\\\/\\\/sanremoguide.it\\\/?s={search_term_string}\"},\"query-input\":{\"@type\":\"PropertyValueSpecification\",\"valueRequired\":true,\"valueName\":\"search_term_string\"}}],\"inLanguage\":\"de\"}]}<\/script>\n<!-- \/ Yoast SEO plugin. -->","yoast_head_json":{"title":"Reiseleiter-Service in Sanremo - SANREMO GUIDE | la guida turistica di Sanremo","description":"Buchen Sie bei uns einen professionellen Reiseleiter-Service in Sanremo, Ligurien und der C\u00f4te d\u2019Azur auf Deutsch.","robots":{"index":"index","follow":"follow","max-snippet":"max-snippet:-1","max-image-preview":"max-image-preview:large","max-video-preview":"max-video-preview:-1"},"canonical":"https:\/\/sanremoguide.it\/de\/reiseleiter-service-in-sanremo\/","og_locale":"de_DE","og_type":"article","og_title":"Reiseleiter-Service in Sanremo - SANREMO GUIDE | la guida turistica di Sanremo","og_description":"Buchen Sie bei uns einen professionellen Reiseleiter-Service in Sanremo, Ligurien und der C\u00f4te d\u2019Azur auf Deutsch.","og_url":"https:\/\/sanremoguide.it\/de\/reiseleiter-service-in-sanremo\/","og_site_name":"SANREMO GUIDE | la guida turistica di Sanremo","article_modified_time":"2022-06-17T17:51:09+00:00","twitter_misc":{"Gesch\u00e4tzte Lesezeit":"2\u00a0Minuten"},"schema":{"@context":"https:\/\/schema.org","@graph":[{"@type":"WebPage","@id":"https:\/\/sanremoguide.it\/de\/reiseleiter-service-in-sanremo\/","url":"https:\/\/sanremoguide.it\/de\/reiseleiter-service-in-sanremo\/","name":"Reiseleiter-Service in Sanremo - SANREMO GUIDE | la guida turistica di Sanremo","isPartOf":{"@id":"https:\/\/sanremoguide.it\/#website"},"datePublished":"2022-05-27T17:29:05+00:00","dateModified":"2022-06-17T17:51:09+00:00","description":"Buchen Sie bei uns einen professionellen Reiseleiter-Service in Sanremo, Ligurien und der C\u00f4te d\u2019Azur auf Deutsch.","breadcrumb":{"@id":"https:\/\/sanremoguide.it\/de\/reiseleiter-service-in-sanremo\/#breadcrumb"},"inLanguage":"de","potentialAction":[{"@type":"ReadAction","target":["https:\/\/sanremoguide.it\/de\/reiseleiter-service-in-sanremo\/"]}]},{"@type":"BreadcrumbList","@id":"https:\/\/sanremoguide.it\/de\/reiseleiter-service-in-sanremo\/#breadcrumb","itemListElement":[{"@type":"ListItem","position":1,"name":"Home","item":"https:\/\/sanremoguide.it\/"},{"@type":"ListItem","position":2,"name":"Reiseleiter-Service in Sanremo"}]},{"@type":"WebSite","@id":"https:\/\/sanremoguide.it\/#website","url":"https:\/\/sanremoguide.it\/","name":"SANREMO GUIDE | la guida turistica di Sanremo","description":"la guida turistica della citt\u00e0 di Sanremo","potentialAction":[{"@type":"SearchAction","target":{"@type":"EntryPoint","urlTemplate":"https:\/\/sanremoguide.it\/?s={search_term_string}"},"query-input":{"@type":"PropertyValueSpecification","valueRequired":true,"valueName":"search_term_string"}}],"inLanguage":"de"}]}},"_links":{"self":[{"href":"https:\/\/sanremoguide.it\/de\/wp-json\/wp\/v2\/pages\/9784","targetHints":{"allow":["GET"]}}],"collection":[{"href":"https:\/\/sanremoguide.it\/de\/wp-json\/wp\/v2\/pages"}],"about":[{"href":"https:\/\/sanremoguide.it\/de\/wp-json\/wp\/v2\/types\/page"}],"author":[{"embeddable":true,"href":"https:\/\/sanremoguide.it\/de\/wp-json\/wp\/v2\/users\/1"}],"replies":[{"embeddable":true,"href":"https:\/\/sanremoguide.it\/de\/wp-json\/wp\/v2\/comments?post=9784"}],"version-history":[{"count":5,"href":"https:\/\/sanremoguide.it\/de\/wp-json\/wp\/v2\/pages\/9784\/revisions"}],"predecessor-version":[{"id":13348,"href":"https:\/\/sanremoguide.it\/de\/wp-json\/wp\/v2\/pages\/9784\/revisions\/13348"}],"wp:attachment":[{"href":"https:\/\/sanremoguide.it\/de\/wp-json\/wp\/v2\/media?parent=9784"}],"curies":[{"name":"wp","href":"https:\/\/api.w.org\/{rel}","templated":true}]}}