{"id":16,"date":"2012-02-07T10:57:12","date_gmt":"2012-02-07T10:57:12","guid":{"rendered":"http:\/\/sanremoguide.conteadinizza.it\/wordpress\/?page_id=16"},"modified":"2022-06-03T11:25:59","modified_gmt":"2022-06-03T11:25:59","slug":"home-page-2","status":"publish","type":"page","link":"https:\/\/sanremoguide.it\/en\/","title":{"rendered":"Home Page"},"content":{"rendered":"<p>[et_pb_section fb_built=&#8221;1&#8243; fullwidth=&#8221;on&#8221; module_id=&#8221;one&#8221; _builder_version=&#8221;4.16&#8243; global_colors_info=&#8221;{}&#8221;][et_pb_fullwidth_slider admin_label=&#8221;Full Width Slider&#8221; module_id=&#8221;main_slider_anr&#8221; _builder_version=&#8221;4.17.4&#8243; header_font=&#8221;Montserrat|700|||||||&#8221; header_text_align=&#8221;center&#8221; header_text_color=&#8221;#ffffff&#8221; header_font_size=&#8221;38&#8243; header_line_height=&#8221;1.1&#8243; body_font=&#8221;Montserrat|600|||||||&#8221; body_text_align=&#8221;center&#8221; body_text_color=&#8221;#ffffff&#8221; body_font_size=&#8221;22&#8243; body_letter_spacing=&#8221;1&#8243; background_image=&#8221;http:\/\/sanremoguide.it\/wp-content\/uploads\/2018\/09\/Luca_Lombardi_Sanremo_La_Primavera.jpg&#8221; header_text_shadow_style=&#8221;preset1&#8243; header_text_shadow_horizontal_length=&#8221;0.08em&#8221; header_text_shadow_vertical_length=&#8221;0.08em&#8221; header_text_shadow_blur_strength=&#8221;0.08em&#8221; global_colors_info=&#8221;{}&#8221; button_text_size__hover_enabled=&#8221;off&#8221; button_one_text_size__hover_enabled=&#8221;off&#8221; button_two_text_size__hover_enabled=&#8221;off&#8221; button_text_color__hover_enabled=&#8221;off&#8221; button_one_text_color__hover_enabled=&#8221;off&#8221; button_two_text_color__hover_enabled=&#8221;off&#8221; button_border_width__hover_enabled=&#8221;off&#8221; button_one_border_width__hover_enabled=&#8221;off&#8221; button_two_border_width__hover_enabled=&#8221;off&#8221; button_border_color__hover_enabled=&#8221;off&#8221; button_one_border_color__hover_enabled=&#8221;off&#8221; button_two_border_color__hover_enabled=&#8221;off&#8221; button_border_radius__hover_enabled=&#8221;off&#8221; button_one_border_radius__hover_enabled=&#8221;off&#8221; button_two_border_radius__hover_enabled=&#8221;off&#8221; button_letter_spacing__hover_enabled=&#8221;off&#8221; button_one_letter_spacing__hover_enabled=&#8221;off&#8221; button_two_letter_spacing__hover_enabled=&#8221;off&#8221; button_bg_color__hover_enabled=&#8221;off&#8221; button_one_bg_color__hover_enabled=&#8221;off&#8221; button_two_bg_color__hover_enabled=&#8221;off&#8221;][et_pb_slide heading=&#8221;WELCOME TO SANREMO&#8221; use_bg_overlay=&#8221;off&#8221; use_text_overlay=&#8221;off&#8221; _builder_version=&#8221;4.17.4&#8243; header_font=&#8221;||||||||&#8221; body_font=&#8221;||||||||&#8221; background_color=&#8221;#7ebec5&#8243; background_image=&#8221;http:\/\/sanremoguide.it\/wp-content\/uploads\/2018\/09\/Luca_Lombardi_Sanremo_La_Primavera.jpg&#8221; background_enable_image=&#8221;on&#8221; button_on_hover=&#8221;on&#8221; global_colors_info=&#8221;{}&#8221; button_text_size__hover_enabled=&#8221;off&#8221; button_one_text_size__hover_enabled=&#8221;off&#8221; button_two_text_size__hover_enabled=&#8221;off&#8221; button_text_color__hover_enabled=&#8221;off&#8221; button_one_text_color__hover_enabled=&#8221;off&#8221; button_two_text_color__hover_enabled=&#8221;off&#8221; button_border_width__hover_enabled=&#8221;off&#8221; button_one_border_width__hover_enabled=&#8221;off&#8221; button_two_border_width__hover_enabled=&#8221;off&#8221; button_border_color__hover_enabled=&#8221;off&#8221; button_one_border_color__hover_enabled=&#8221;off&#8221; button_two_border_color__hover_enabled=&#8221;off&#8221; button_border_radius__hover_enabled=&#8221;off&#8221; button_one_border_radius__hover_enabled=&#8221;off&#8221; button_two_border_radius__hover_enabled=&#8221;off&#8221; button_letter_spacing__hover_enabled=&#8221;off&#8221; button_one_letter_spacing__hover_enabled=&#8221;off&#8221; button_two_letter_spacing__hover_enabled=&#8221;off&#8221; button_bg_color__hover_enabled=&#8221;off&#8221; button_one_bg_color__hover_enabled=&#8221;off&#8221; button_two_bg_color__hover_enabled=&#8221;off&#8221; sticky_transition=&#8221;on&#8221;]<\/p>\n<p>THE CAPITAL TOWN OF THE<br \/>ITALIAN RIVIERA OF FLOWERS<\/p>\n<p>[\/et_pb_slide][\/et_pb_fullwidth_slider][\/et_pb_section][et_pb_section fb_built=&#8221;1&#8243; _builder_version=&#8221;4.16&#8243; custom_padding=&#8221;10px||10px|&#8221; global_colors_info=&#8221;{}&#8221;][et_pb_row _builder_version=&#8221;4.16&#8243; global_colors_info=&#8221;{}&#8221;][et_pb_column type=&#8221;4_4&#8243; _builder_version=&#8221;4.16&#8243; custom_padding=&#8221;|||&#8221; global_colors_info=&#8221;{}&#8221; custom_padding__hover=&#8221;|||&#8221;][et_pb_text _builder_version=&#8221;4.16&#8243; text_font=&#8221;Montserrat||||||||&#8221; text_font_size=&#8221;42px&#8221; text_line_height=&#8221;1.3em&#8221; header_2_font=&#8221;Montserrat||||||||&#8221; header_2_font_size=&#8221;42px&#8221; header_2_line_height=&#8221;1.3em&#8221; text_orientation=&#8221;center&#8221; custom_margin=&#8221;||20px|&#8221; global_colors_info=&#8221;{}&#8221;]<\/p>\n<h2 style=\"text-align: center;\">San Remo\u2019s climate has been widely appreciated since the 1800\u2019s<\/h2>\n<p>[\/et_pb_text][et_pb_divider color=&#8221;#2a2a2a&#8221; divider_weight=&#8221;3px&#8221; _builder_version=&#8221;4.16&#8243; max_width=&#8221;50px&#8221; module_alignment=&#8221;center&#8221; custom_margin=&#8221;||10px|&#8221; global_colors_info=&#8221;{}&#8221;][\/et_pb_divider][\/et_pb_column][\/et_pb_row][\/et_pb_section][et_pb_section fb_built=&#8221;1&#8243; fullwidth=&#8221;on&#8221; _builder_version=&#8221;4.16&#8243; background_color=&#8221;#273740&#8243; global_colors_info=&#8221;{}&#8221; global_module=&#8221;11129&#8243; saved_tabs=&#8221;all&#8221;][et_pb_fullwidth_slider admin_label=&#8221;Full Width Slider&#8221; _builder_version=&#8221;4.16&#8243; background_color=&#8221;rgba(0,0,0,0.66)&#8221; hover_enabled=&#8221;0&#8243; global_colors_info=&#8221;{}&#8221; button_text_size__hover_enabled=&#8221;off&#8221; button_one_text_size__hover_enabled=&#8221;off&#8221; button_two_text_size__hover_enabled=&#8221;off&#8221; button_text_color__hover_enabled=&#8221;off&#8221; button_one_text_color__hover_enabled=&#8221;off&#8221; button_two_text_color__hover_enabled=&#8221;off&#8221; button_border_width__hover_enabled=&#8221;off&#8221; button_one_border_width__hover_enabled=&#8221;off&#8221; button_two_border_width__hover_enabled=&#8221;off&#8221; button_border_color__hover_enabled=&#8221;off&#8221; button_one_border_color__hover_enabled=&#8221;off&#8221; button_two_border_color__hover_enabled=&#8221;off&#8221; button_border_radius__hover_enabled=&#8221;off&#8221; button_one_border_radius__hover_enabled=&#8221;off&#8221; button_two_border_radius__hover_enabled=&#8221;off&#8221; button_letter_spacing__hover_enabled=&#8221;off&#8221; button_one_letter_spacing__hover_enabled=&#8221;off&#8221; button_two_letter_spacing__hover_enabled=&#8221;off&#8221; button_bg_color__hover_enabled=&#8221;off&#8221; button_one_bg_color__hover_enabled=&#8221;off&#8221; button_two_bg_color__hover_enabled=&#8221;off&#8221; sticky_enabled=&#8221;0&#8243;][et_pb_slide heading=&#8221;Special offers for a weekend in Sanremo&#8221; button_text=&#8221;Discover our offers&#8221; button_link=&#8221;https:\/\/sanremoweekend.it\/it&#8221; image=&#8221;http:\/\/sanremoguide.it\/wp-content\/uploads\/2020\/08\/Luca_Lombardi_Sanremo_cabine-spiaggia.jpg&#8221; use_bg_overlay=&#8221;off&#8221; use_text_overlay=&#8221;off&#8221; _builder_version=&#8221;4.16&#8243; header_font=&#8221;Montserrat|700|||||||&#8221; background_color=&#8221;rgba(126,190,197,0)&#8221; custom_button=&#8221;on&#8221; button_bg_color=&#8221;#0c71c3&#8243; button_use_icon=&#8221;on&#8221; button_icon=&#8221;&#xe074;||divi||400&#8243; button_icon_color=&#8221;#ffffff&#8221; button_on_hover=&#8221;on&#8221; button_text_color_hover=&#8221;#ffffff&#8221; button_border_color_hover=&#8221;rgba(255,255,255,0.02)&#8221; button_bg_color_hover=&#8221;#0c71c3&#8243; global_colors_info=&#8221;{}&#8221; button_text_size__hover_enabled=&#8221;off&#8221; button_one_text_size__hover_enabled=&#8221;off&#8221; button_two_text_size__hover_enabled=&#8221;off&#8221; button_text_color__hover_enabled=&#8221;on&#8221; button_text_color__hover=&#8221;#ffffff&#8221; button_one_text_color__hover_enabled=&#8221;off&#8221; button_two_text_color__hover_enabled=&#8221;off&#8221; button_border_width__hover_enabled=&#8221;off&#8221; button_one_border_width__hover_enabled=&#8221;off&#8221; button_two_border_width__hover_enabled=&#8221;off&#8221; button_border_color__hover_enabled=&#8221;on&#8221; button_border_color__hover=&#8221;rgba(255,255,255,0.02)&#8221; button_one_border_color__hover_enabled=&#8221;off&#8221; button_two_border_color__hover_enabled=&#8221;off&#8221; button_border_radius__hover_enabled=&#8221;off&#8221; button_one_border_radius__hover_enabled=&#8221;off&#8221; button_two_border_radius__hover_enabled=&#8221;off&#8221; button_letter_spacing__hover_enabled=&#8221;off&#8221; button_one_letter_spacing__hover_enabled=&#8221;off&#8221; button_two_letter_spacing__hover_enabled=&#8221;off&#8221; button_bg_color__hover_enabled=&#8221;on&#8221; button_bg_color__hover=&#8221;#0c71c3&#8243; button_one_bg_color__hover_enabled=&#8221;off&#8221; button_two_bg_color__hover_enabled=&#8221;off&#8221; sticky_transition=&#8221;on&#8221;][\/et_pb_slide][\/et_pb_fullwidth_slider][\/et_pb_section][et_pb_section fb_built=&#8221;1&#8243; _builder_version=&#8221;4.16&#8243; custom_padding=&#8221;10px||10px|&#8221; global_colors_info=&#8221;{}&#8221;][et_pb_row _builder_version=&#8221;4.16&#8243; global_colors_info=&#8221;{}&#8221;][et_pb_column type=&#8221;4_4&#8243; _builder_version=&#8221;4.16&#8243; custom_padding=&#8221;|||&#8221; global_colors_info=&#8221;{}&#8221; custom_padding__hover=&#8221;|||&#8221;][et_pb_text _builder_version=&#8221;4.16&#8243; global_colors_info=&#8221;{}&#8221;]<\/p>\n<p align=\"justify\"><strong>San Remo<\/strong>\u00a0is the capital town of the\u00a0<strong>Italian Riviera of Flowers<\/strong>. Its climate has been widely appreciated since the 1800&#8217;s, but its artistic heritage, permeated by that typically Ligurian shyness, which escapes from any focus of attention, is still largely unknown. As a matter of fact, its views are extremely suggestive and its architecture and landscape make of this strip of land expanding up to the French boundary a real pearl of Italy.<\/p>\n<p>In the ancient eras it was called Matuzia, to remind one of Caio Matuzio&#8217;s patrician palaces, built on the westside of the city, or, as a popular legend tells, as a memorial to the Matuta Goddess, God of the Sea and Dawn. Famous princes, literates, and scientists came to San Remo to enjoy the deep blue sea and the intense scent of its flowers.<\/p>\n<p>San Remo lies in a wide inlet between Capo Nero and Capo Verde. It is a place where ends meet. Its old town is called\u00a0<strong>La Pigna<\/strong>\u00a0and is characterised by perched houses, steep streets, covered alleys, and little squares &#8211; just a glimpse of the Medieval times.<br \/>\nThe modern town turned a village of fishermen into an elegant, world-wide famous seaside resort. Nowadays San Remo welcomes tourists and visitors all year round and entertains them with shows and numberless amusements. San Remo is famous for its\u00a0<strong>Casino<\/strong>\u00a0which was built in 1905 and is the undisputed realm of green cloth, roulette, and slot machines lovers.<\/p>\n<p>Several selected shows are held in San Remo every year. The\u00a0<strong>Italian Song Festival<\/strong>\u00a0is but a clear example.<\/p>\n<p>San Remo is the town of art, culture, and sports: fishing, diving, canoeing, wind surfing, and motorboating &#8211; together with golfing, riding, swimming, baseball, and fitness facilities.<\/p>\n<p>San Remo is also called the\u00a0<strong>Town of Flowers<\/strong>\u00a0&#8211; its flowers are well-known all over the world &#8211; and this can be clearly seen in its luxuriant gardens, its colourful flowerbeds, and in the town parks where tropical plants flourish.<\/p>\n<p>How can we forget San Remo? When you get to know it, you cannot really forget about it. Our suggestion is to explore San Remo in its most secret places, bit by bit, and do take your time&#8230;<br \/>\n[\/et_pb_text][\/et_pb_column][\/et_pb_row][\/et_pb_section][et_pb_section fb_built=&#8221;1&#8243; fullwidth=&#8221;on&#8221; module_class=&#8221;nyala-section-bg&#8221; _builder_version=&#8221;4.16&#8243; global_colors_info=&#8221;{}&#8221; global_module=&#8221;11130&#8243; saved_tabs=&#8221;all&#8221;][et_pb_fullwidth_slider admin_label=&#8221;Full Width Slider&#8221; _builder_version=&#8221;4.16&#8243; custom_button=&#8221;on&#8221; button_bg_color=&#8221;#0c71c3&#8243; button_icon=&#8221;%%236%%&#8221; button_icon_color=&#8221;#ffffff&#8221; button_text_color_hover=&#8221;#ffffff&#8221; button_border_color_hover=&#8221;#ffffff&#8221; global_colors_info=&#8221;{}&#8221; button_text_size__hover_enabled=&#8221;off&#8221; button_one_text_size__hover_enabled=&#8221;off&#8221; button_two_text_size__hover_enabled=&#8221;off&#8221; button_text_color__hover_enabled=&#8221;on&#8221; button_text_color__hover=&#8221;#ffffff&#8221; button_one_text_color__hover_enabled=&#8221;off&#8221; button_two_text_color__hover_enabled=&#8221;off&#8221; button_border_width__hover_enabled=&#8221;off&#8221; button_one_border_width__hover_enabled=&#8221;off&#8221; button_two_border_width__hover_enabled=&#8221;off&#8221; button_border_color__hover_enabled=&#8221;on&#8221; button_border_color__hover=&#8221;#ffffff&#8221; button_one_border_color__hover_enabled=&#8221;off&#8221; button_two_border_color__hover_enabled=&#8221;off&#8221; button_border_radius__hover_enabled=&#8221;off&#8221; button_one_border_radius__hover_enabled=&#8221;off&#8221; button_two_border_radius__hover_enabled=&#8221;off&#8221; button_letter_spacing__hover_enabled=&#8221;off&#8221; button_one_letter_spacing__hover_enabled=&#8221;off&#8221; button_two_letter_spacing__hover_enabled=&#8221;off&#8221; button_bg_color__hover_enabled=&#8221;off&#8221; button_one_bg_color__hover_enabled=&#8221;off&#8221; button_two_bg_color__hover_enabled=&#8221;off&#8221;][et_pb_slide heading=&#8221;NYALA SUITE HOTEL&#8221; button_text=&#8221;VISIT THE SITE&#8221; button_link=&#8221;https:\/\/www.nyalahotel.com\/&#8221; image=&#8221;http:\/\/sanremoguide.it\/wp-content\/uploads\/2021\/06\/IMG_3681-scaled.jpg&#8221; use_bg_overlay=&#8221;off&#8221; use_text_overlay=&#8221;off&#8221; _builder_version=&#8221;4.16&#8243; header_font=&#8221;|700|||||||&#8221; background_color=&#8221;rgba(126,190,197,0)&#8221; button_on_hover=&#8221;on&#8221; global_colors_info=&#8221;{}&#8221; button_text_size__hover_enabled=&#8221;off&#8221; button_one_text_size__hover_enabled=&#8221;off&#8221; button_two_text_size__hover_enabled=&#8221;off&#8221; button_text_color__hover_enabled=&#8221;off&#8221; button_one_text_color__hover_enabled=&#8221;off&#8221; button_two_text_color__hover_enabled=&#8221;off&#8221; button_border_width__hover_enabled=&#8221;off&#8221; button_one_border_width__hover_enabled=&#8221;off&#8221; button_two_border_width__hover_enabled=&#8221;off&#8221; button_border_color__hover_enabled=&#8221;off&#8221; button_one_border_color__hover_enabled=&#8221;off&#8221; button_two_border_color__hover_enabled=&#8221;off&#8221; button_border_radius__hover_enabled=&#8221;off&#8221; button_one_border_radius__hover_enabled=&#8221;off&#8221; button_two_border_radius__hover_enabled=&#8221;off&#8221; button_letter_spacing__hover_enabled=&#8221;off&#8221; button_one_letter_spacing__hover_enabled=&#8221;off&#8221; button_two_letter_spacing__hover_enabled=&#8221;off&#8221; button_bg_color__hover_enabled=&#8221;off&#8221; button_one_bg_color__hover_enabled=&#8221;off&#8221; button_two_bg_color__hover_enabled=&#8221;off&#8221; sticky_transition=&#8221;on&#8221;]<\/p>\n<p><span style=\"vertical-align: inherit;\"><span style=\"vertical-align: inherit;\">Visit our hotel in contemporary style in a quiet and panoramic position in Sanremo.<\/span><\/span><\/p>\n<p>[\/et_pb_slide][\/et_pb_fullwidth_slider][\/et_pb_section]<\/p>\n","protected":false},"excerpt":{"rendered":"<p>THE CAPITAL TOWN OF THEITALIAN RIVIERA OF FLOWERSSan Remo\u2019s climate has been widely appreciated since the 1800\u2019s San Remo\u00a0is the capital town of the\u00a0Italian Riviera of Flowers. Its climate has been widely appreciated since the 1800&#8217;s, but its artistic heritage, permeated by that typically Ligurian shyness, which escapes from any focus of attention, is still [&hellip;]<\/p>\n","protected":false},"author":1,"featured_media":0,"parent":0,"menu_order":0,"comment_status":"closed","ping_status":"closed","template":"","meta":{"_et_pb_use_builder":"on","_et_pb_old_content":"<h4><strong>Benvenuti a Sanremo!<\/strong><\/h4><p><!--more---><\/p><p align=\"justify\"><strong>Sanremo<\/strong>\u00a0\u00e8 la capitale della\u00a0<strong>Riviera dei fiori<\/strong>. Apprezzata fin dal 1800 per il fattore climatico, non \u00e8 altrettanto conosciuta per le bellezze artistiche che possiede, perch\u00e9 ha in s\u00e9 quello spirito ligure, cos\u00ec schivo ai riflettori e timido al primo contatto. Eppure la citt\u00e0 di Sanremo ha scorci stupendi e nell'insieme architettonico, paesaggistico \u00e8 un vero gioiello dell'Italia, un lembo di terra con le radici protratte fino in Francia.<\/p><p>Nell'antichit\u00e0 era chiamata Matuzia in ricordo della casa patrizia di Caio Matuzio costruita a ovest dell'odierno centro cittadino ma secondo una credenza popolare invece in omaggio alla Dea Matuzia divinit\u00e0 del mare e dell'aurora. Principi leggendari, personaggi insigni della cultura, della scienza e dell'industria mondiale hanno soggiornato a Sanremo affascinati dal mare azzurro e dal profumo intenso dei fiori.<\/p><h2>Visitare Sanremo<\/h2><p>Sanremo si trova in un'ampia insenatura della Riviera Ligure, tra Capo Nero e Capo Verde. Citt\u00e0 da sfogliare, ove gli estremi si toccano, nella parte pi\u00f9 antica \u00e8 nota come\u00a0<strong>la Pigna<\/strong>, con le case arroccate \u00e8 uno scorcio di Medioevo, con le stradine ripide, i passaggi coperti e le piccole piazze.<\/p><p>La citt\u00e0 moderna invece trasforma in pochi anni il borgo di pescatori in un elegante centro turistico di fama mondiale. Sanremo \u00e8 oggi una citt\u00e0 che accoglie visitatori e turisti in ogni periodo dell'anno e li intrattiene con manifestazioni e infinite possibilit\u00e0 di divertimento. Sanremo, famosa per il<strong> Casin\u00f2 municipale<\/strong>, costruito nel 1905, regno incontrastato degli appassionati dei tavoli verdi, delle roulettes e delle slot-machine.<\/p><h2>Eventi a Sanremo<\/h2><p>Frequenti e selezionate le manifestazioni ospitate dalla citt\u00e0.<\/p><p>La pi\u00f9 celebre il<strong> Festival della Canzone Italiana<\/strong>, specchio dei costumi italiani, che ogni anno dal 1951 nel mese di febbraio appassiona con la gara canora e stupisce per con la gran cassa mediatica che travalica i confini nazionali. I fan del <strong>Festival di Sanremo<\/strong> si possono trovare in tutto il mondo, dalle Americhe alla Russia.<\/p><p>La pi\u00f9 tradizionale delle manifestazioni \u00e8 il <strong>Corso Fiorito \"Sanremo in Fiore\"<\/strong>, una <strong>sfilata di carri fioriti<\/strong> nata nei primi del '900 e tramandatasi di generazione in generazione, costituisce un vero <strong>Carnevale dei Fiori<\/strong>, con i mille colori dei fiori di Sanremo e dei gruppi musicali di contorno.<\/p><p>La <strong>Milano-Sanremo<\/strong>, nata nel 1910 \u00e8 tradizionalmente la corsa ciclistica che apre la stagione delle Grandi Classiche: un palcoscenico dove solo i grandi campioni del pedale sanno tronfare. Nel mese di giugno, poi, si svolge la granfondo Milano - Sanremo amatoriale, che richiama appassionati da tutta Europa, mentre\u00a0 la nuova <strong>pista ciclabile<\/strong> del Parco Costiero della Riviera dei Fiori e i <strong>percorsi di mountain bike<\/strong> nell'entroterra della Alpi liguri sono a disposizione degli appassionati della bicicletta in tutte le stagioni dell'anno.<\/p><p>Rombano i motori nel mese di ottobre con il <strong>Rallye di Sanremo<\/strong>, nata nel 1928 \u00e8 una gara motoristica entrata nel mito per anni prova del Campionato del Mondo Rally ed oggi proga del circuito IRC Itercontinental Rally Challenge.<\/p><p>Sanremo citt\u00e0 d'arte, cultura e sport: pesca, immersioni, canottaggio, vela surf e motonautica, ancora efficienti impianti per svariate attivit\u00e0 quali golf, equitazione, baseball, nuoto e fitness.<\/p><p>Infine Sanremo\u00a0<strong>Citt\u00e0 dei Fiori<\/strong>, conosciuti in ogni parte del mondo, con giardini lussureggianti, aiuole dai mille colori e piante tropicali che crescono rigogliose nei parchi cittadini.<\/p><p align=\"justify\">Come si pu\u00f2 dimenticarla? Conoscendola a fondo, \u00e8 difficile.<br \/>L'invito - guidato - \u00e8 a scoprirne ogni angolo. Un pezzetto per volta, con calma..<\/p>","_et_gb_content_width":""},"yoast_head":"<!-- This site is optimized with the Yoast SEO plugin v21.8.1 - https:\/\/yoast.com\/wordpress\/plugins\/seo\/ -->\n<title>San Remo Guide :: the travel guide about the city of San Remo Italy and Italian Riviera<\/title>\n<meta name=\"description\" content=\"The ultimate travel and city guide about San Remo, Italy offering online reservation to hotels, residences, travel packages in San Remo and Italian Riviera.\" \/>\n<meta name=\"robots\" content=\"index, follow, max-snippet:-1, max-image-preview:large, max-video-preview:-1\" \/>\n<link rel=\"canonical\" href=\"https:\/\/sanremoguide.it\/en\/\" \/>\n<meta property=\"og:locale\" content=\"en_US\" \/>\n<meta property=\"og:type\" content=\"article\" \/>\n<meta property=\"og:title\" content=\"San Remo Guide :: the travel guide about the city of San Remo Italy and Italian Riviera\" \/>\n<meta property=\"og:description\" content=\"The ultimate travel and city guide about San Remo, Italy offering online reservation to hotels, residences, travel packages in San Remo and Italian Riviera.\" \/>\n<meta property=\"og:url\" content=\"https:\/\/sanremoguide.it\/en\/\" \/>\n<meta property=\"og:site_name\" content=\"SANREMO GUIDE | la guida turistica di Sanremo\" \/>\n<meta property=\"article:modified_time\" content=\"2022-06-03T11:25:59+00:00\" \/>\n<meta name=\"twitter:label1\" content=\"Est. reading time\" \/>\n\t<meta name=\"twitter:data1\" content=\"9 minutes\" \/>\n<script type=\"application\/ld+json\" class=\"yoast-schema-graph\">{\"@context\":\"https:\/\/schema.org\",\"@graph\":[{\"@type\":\"WebPage\",\"@id\":\"https:\/\/sanremoguide.it\/en\/\",\"url\":\"https:\/\/sanremoguide.it\/en\/\",\"name\":\"San Remo Guide :: the travel guide about the city of San Remo Italy and Italian Riviera\",\"isPartOf\":{\"@id\":\"https:\/\/sanremoguide.it\/#website\"},\"datePublished\":\"2012-02-07T10:57:12+00:00\",\"dateModified\":\"2022-06-03T11:25:59+00:00\",\"description\":\"The ultimate travel and city guide about San Remo, Italy offering online reservation to hotels, residences, travel packages in San Remo and Italian Riviera.\",\"breadcrumb\":{\"@id\":\"https:\/\/sanremoguide.it\/en\/#breadcrumb\"},\"inLanguage\":\"en-US\",\"potentialAction\":[{\"@type\":\"ReadAction\",\"target\":[\"https:\/\/sanremoguide.it\/en\/\"]}]},{\"@type\":\"BreadcrumbList\",\"@id\":\"https:\/\/sanremoguide.it\/en\/#breadcrumb\",\"itemListElement\":[{\"@type\":\"ListItem\",\"position\":1,\"name\":\"Home\",\"item\":\"https:\/\/sanremoguide.it\/en\/\"},{\"@type\":\"ListItem\",\"position\":2,\"name\":\"Home Page\"}]},{\"@type\":\"WebSite\",\"@id\":\"https:\/\/sanremoguide.it\/#website\",\"url\":\"https:\/\/sanremoguide.it\/\",\"name\":\"SANREMO GUIDE | la guida turistica di Sanremo\",\"description\":\"la guida turistica della citt\u00e0 di Sanremo\",\"potentialAction\":[{\"@type\":\"SearchAction\",\"target\":{\"@type\":\"EntryPoint\",\"urlTemplate\":\"https:\/\/sanremoguide.it\/?s={search_term_string}\"},\"query-input\":\"required name=search_term_string\"}],\"inLanguage\":\"en-US\"}]}<\/script>\n<!-- \/ Yoast SEO plugin. -->","yoast_head_json":{"title":"San Remo Guide :: the travel guide about the city of San Remo Italy and Italian Riviera","description":"The ultimate travel and city guide about San Remo, Italy offering online reservation to hotels, residences, travel packages in San Remo and Italian Riviera.","robots":{"index":"index","follow":"follow","max-snippet":"max-snippet:-1","max-image-preview":"max-image-preview:large","max-video-preview":"max-video-preview:-1"},"canonical":"https:\/\/sanremoguide.it\/en\/","og_locale":"en_US","og_type":"article","og_title":"San Remo Guide :: the travel guide about the city of San Remo Italy and Italian Riviera","og_description":"The ultimate travel and city guide about San Remo, Italy offering online reservation to hotels, residences, travel packages in San Remo and Italian Riviera.","og_url":"https:\/\/sanremoguide.it\/en\/","og_site_name":"SANREMO GUIDE | la guida turistica di Sanremo","article_modified_time":"2022-06-03T11:25:59+00:00","twitter_misc":{"Est. reading time":"9 minutes"},"schema":{"@context":"https:\/\/schema.org","@graph":[{"@type":"WebPage","@id":"https:\/\/sanremoguide.it\/en\/","url":"https:\/\/sanremoguide.it\/en\/","name":"San Remo Guide :: the travel guide about the city of San Remo Italy and Italian Riviera","isPartOf":{"@id":"https:\/\/sanremoguide.it\/#website"},"datePublished":"2012-02-07T10:57:12+00:00","dateModified":"2022-06-03T11:25:59+00:00","description":"The ultimate travel and city guide about San Remo, Italy offering online reservation to hotels, residences, travel packages in San Remo and Italian Riviera.","breadcrumb":{"@id":"https:\/\/sanremoguide.it\/en\/#breadcrumb"},"inLanguage":"en-US","potentialAction":[{"@type":"ReadAction","target":["https:\/\/sanremoguide.it\/en\/"]}]},{"@type":"BreadcrumbList","@id":"https:\/\/sanremoguide.it\/en\/#breadcrumb","itemListElement":[{"@type":"ListItem","position":1,"name":"Home","item":"https:\/\/sanremoguide.it\/en\/"},{"@type":"ListItem","position":2,"name":"Home Page"}]},{"@type":"WebSite","@id":"https:\/\/sanremoguide.it\/#website","url":"https:\/\/sanremoguide.it\/","name":"SANREMO GUIDE | la guida turistica di Sanremo","description":"la guida turistica della citt\u00e0 di Sanremo","potentialAction":[{"@type":"SearchAction","target":{"@type":"EntryPoint","urlTemplate":"https:\/\/sanremoguide.it\/?s={search_term_string}"},"query-input":"required name=search_term_string"}],"inLanguage":"en-US"}]}},"_links":{"self":[{"href":"https:\/\/sanremoguide.it\/en\/wp-json\/wp\/v2\/pages\/16"}],"collection":[{"href":"https:\/\/sanremoguide.it\/en\/wp-json\/wp\/v2\/pages"}],"about":[{"href":"https:\/\/sanremoguide.it\/en\/wp-json\/wp\/v2\/types\/page"}],"author":[{"embeddable":true,"href":"https:\/\/sanremoguide.it\/en\/wp-json\/wp\/v2\/users\/1"}],"replies":[{"embeddable":true,"href":"https:\/\/sanremoguide.it\/en\/wp-json\/wp\/v2\/comments?post=16"}],"version-history":[{"count":9,"href":"https:\/\/sanremoguide.it\/en\/wp-json\/wp\/v2\/pages\/16\/revisions"}],"predecessor-version":[{"id":11131,"href":"https:\/\/sanremoguide.it\/en\/wp-json\/wp\/v2\/pages\/16\/revisions\/11131"}],"wp:attachment":[{"href":"https:\/\/sanremoguide.it\/en\/wp-json\/wp\/v2\/media?parent=16"}],"curies":[{"name":"wp","href":"https:\/\/api.w.org\/{rel}","templated":true}]}}