{"id":6699,"date":"2022-06-11T03:39:15","date_gmt":"2022-06-11T03:39:15","guid":{"rendered":"http:\/\/sanremoguide.it\/?page_id=6699"},"modified":"2022-06-17T10:51:16","modified_gmt":"2022-06-17T10:51:16","slug":"hotel-san-remo","status":"publish","type":"page","link":"https:\/\/sanremoguide.it\/en\/hotel-san-remo\/","title":{"rendered":"Hotel San Remo"},"content":{"rendered":"<p>[et_pb_section fb_built=&#8221;1&#8243; fullwidth=&#8221;on&#8221; _builder_version=&#8221;4.17.4&#8243; _module_preset=&#8221;default&#8221; locked=&#8221;off&#8221; global_colors_info=&#8221;{}&#8221;][et_pb_fullwidth_slider _builder_version=&#8221;4.17.4&#8243; _module_preset=&#8221;default&#8221; background_image=&#8221;https:\/\/sanremoguide.it\/wp-content\/uploads\/2018\/09\/Luca_Lombardi_Sanremo_La_Primavera.jpg&#8221; global_colors_info=&#8221;{}&#8221;][et_pb_slide heading=&#8221;Hotel San Remo&#8221; _builder_version=&#8221;4.17.4&#8243; _module_preset=&#8221;default&#8221; custom_button=&#8221;on&#8221; button_text_color=&#8221;#256b00&#8243; button_bg_color=&#8221;#f2b500&#8243; button_border_color=&#8221;#FFFFFF&#8221; button_icon=&#8221;&#x41;||divi||400&#8243; text_orientation=&#8221;center&#8221; background_layout=&#8221;light&#8221; box_shadow_style_button=&#8221;preset1&#8243; text_shadow_style=&#8221;preset3&#8243; global_colors_info=&#8221;{}&#8221; sticky_transition=&#8221;on&#8221;][\/et_pb_slide][\/et_pb_fullwidth_slider][\/et_pb_section][et_pb_section fb_built=&#8221;1&#8243; admin_label=&#8221;section&#8221; _builder_version=&#8221;4.16&#8243; global_colors_info=&#8221;{}&#8221;][et_pb_row admin_label=&#8221;row&#8221; _builder_version=&#8221;4.16&#8243; background_size=&#8221;initial&#8221; background_position=&#8221;top_left&#8221; background_repeat=&#8221;repeat&#8221; global_colors_info=&#8221;{}&#8221;][et_pb_column type=&#8221;4_4&#8243; _builder_version=&#8221;4.16&#8243; custom_padding=&#8221;|||&#8221; global_colors_info=&#8221;{}&#8221; custom_padding__hover=&#8221;|||&#8221;][et_pb_text admin_label=&#8221;Text&#8221; _builder_version=&#8221;4.16&#8243; background_size=&#8221;initial&#8221; background_position=&#8221;top_left&#8221; background_repeat=&#8221;repeat&#8221; global_colors_info=&#8221;{}&#8221;]<\/p>\n<h4>Sleeping in San Remo is the best way to enjoy the Ligurian Riviera \u00a0in all its aspects. Here&#8217;s a showcase of the hotels in San Remo for all those who want to book a hotel online.<\/h4>\n<p><img loading=\"lazy\" decoding=\"async\" class=\"size-medium wp-image-10755 alignnone\" alt=\"prenota hotel prenotazioni online hotel sanremo\" src=\"https:\/\/sanremoguide.it\/wp-content\/uploads\/2012\/08\/prenota-hotel-prenotazioni-online-hotel-sanremo-300x200.jpg\" width=\"300\" height=\"200\" srcset=\"https:\/\/sanremoguide.it\/wp-content\/uploads\/2012\/08\/prenota-hotel-prenotazioni-online-hotel-sanremo-300x200.jpg 300w, https:\/\/sanremoguide.it\/wp-content\/uploads\/2012\/08\/prenota-hotel-prenotazioni-online-hotel-sanremo.jpg 600w\" sizes=\"(max-width: 300px) 100vw, 300px\" \/><\/p>\n<p><strong>San Remo<\/strong>\u00a0is one of the most titled touristic location of the Mediterranean, with over a century of touristic history. The city offers a wide range of hotels: from the fascinating Grand Hotels belonging to the Belle Epoque period to the simple family-run hotels, comfortable and for all budgets.<\/p>\n<h2>Hotel Sanremo<\/h2>\n<p>There are hotels in San Remo for all types of guests:<\/p>\n<ul>\n<li><a href=\"https:\/\/sanremohotels.net\/category\/hotel-5-stelle\/\" target=\"_blank\" rel=\"noopener\"><strong>hotel 5 stars luxury<\/strong><\/a>, in the center of San Remo equipped with a beautiful pool plunged in a subtropical park and \u00a0a well-advanced wellness center;<\/li>\n<li><a href=\"\/?page_id=4710\" target=\"_blank\" rel=\"noopener\"><strong>hotel 4 stars<\/strong><\/a>\u00a0that go from the great old hotel to the modern ones, from hotels in the center to charming peaceful hotels;<\/li>\n<li><a href=\"\/?page_id=4714\" target=\"_blank\" rel=\"noopener\"><strong>hotel 3 stars<\/strong><\/a>\u00a0family-run hotels ready to meet all needs: hotels for family with kids, hotels for couples, hotels with services for \u00a0pensioners;<\/li>\n<li><a href=\"https:\/\/sanremohotels.net\/category\/hotel-2-stelle\/\" target=\"_blank\" rel=\"noopener\"><strong>hotel 1 and 2 stars<\/strong><\/a>\u00a0per godere di un&#8217;ospitalit\u00e0 davvero familiare, ma senza rinunciare a nessun comfort;<\/li>\n<li><a href=\"https:\/\/sanremohotels.net\/category\/case-vacanza\/\" target=\"_blank\" rel=\"noopener\"><strong>residence and apartments<\/strong><\/a>\u00a0or holiday homes equipped to host family with kids.<\/li>\n<\/ul>\n<p>The majority of the hotels in San Remo offer<strong> free wi-fi.<\/strong><\/p>\n<p>Mot of the hotels that we recommend admit <strong>small animals<\/strong>: so you can enjoy \u00a0your stay with your dog or cat.<\/p>\n<p>Some hotels have facilities and services for guests with handicaps: however we suggest to ask more information before booking.<\/p>\n<h3>Sanremo Hotels &#8211; book hotel<\/h3>\n<p>For those who want to sleep in San Remo,\u00a0<strong><a href=\"https:\/\/sanremohotels.net\/\" target=\"_blank\" rel=\"noopener\">Sanremo Hotels<\/a><\/strong>\u00a0is one of the best <strong>websites for booking a hotel.<\/strong>\u00a0Through the website you can <strong>book online<\/strong> in a safe and fast way.<\/p>\n<p>On the website you can find the hotel that better suits your need, \u00a0through the research with the filter \u00a0for:<\/p>\n<ul>\n<li>position (hotel by sea, perphery or center)<\/li>\n<li>guests (family hotel, business hotel, hotel animal admitted, hotel with services for handicapped persons)<\/li>\n<li>services (restaurants, pool, solarium, wellness center, meeting room, playroom for kids, garden or park, private beach)<\/li>\n<\/ul>\n<p>[\/et_pb_text][\/et_pb_column][\/et_pb_row][\/et_pb_section][et_pb_section fb_built=&#8221;1&#8243; fullwidth=&#8221;on&#8221; _builder_version=&#8221;4.17.4&#8243; _module_preset=&#8221;default&#8221; global_module=&#8221;12524&#8243; saved_tabs=&#8221;all&#8221; locked=&#8221;off&#8221; global_colors_info=&#8221;{}&#8221;][et_pb_fullwidth_slider _builder_version=&#8221;4.17.4&#8243; _module_preset=&#8221;default&#8221; global_colors_info=&#8221;{}&#8221;][et_pb_slide heading=&#8221;DAY TOURS AND EXPERIENCES IN SANREMO AND RIVIERA&#8221; button_text=&#8221;BROCHURE REQUEST&#8221; button_link=&#8221;https:\/\/sanremoguide.it\/en\/contact-us\/&#8221; image=&#8221;https:\/\/sanremoguide.it\/wp-content\/uploads\/2022\/06\/itouriviera.png&#8221; _builder_version=&#8221;4.17.4&#8243; _module_preset=&#8221;default&#8221; background_image=&#8221;https:\/\/sanremoguide.it\/wp-content\/uploads\/2018\/07\/luca-lombardi-sanremo_bn.jpg&#8221; background_enable_image=&#8221;on&#8221; custom_button=&#8221;on&#8221; button_bg_color=&#8221;#E09900&#8243; button_border_width=&#8221;1px&#8221; button_border_color=&#8221;#FFFFFF&#8221; global_colors_info=&#8221;{}&#8221; sticky_transition=&#8221;on&#8221;][\/et_pb_slide][\/et_pb_fullwidth_slider][\/et_pb_section]<\/p>\n","protected":false},"excerpt":{"rendered":"<p>Sleeping in San Remo is the best way to enjoy the Ligurian Riviera \u00a0in all its aspects. Here&#8217;s a showcase of the hotels in San Remo for all those who want to book a hotel online. San Remo\u00a0is one of the most titled touristic location of the Mediterranean, with over a century of touristic history. [&hellip;]<\/p>\n","protected":false},"author":1,"featured_media":0,"parent":0,"menu_order":0,"comment_status":"closed","ping_status":"open","template":"","meta":{"_et_pb_use_builder":"on","_et_pb_old_content":"<h4>Dormire a Sanremo \u00e8 il modo migliore per godersi la Riviera Ligure in ogni suo aspetto. Ecco una presentazione degli alberghi di Sanremo per chi desidera prenotare hotel direttamente online<\/h4>\r\n<img class=\"size-medium wp-image-10755 alignnone\" alt=\"prenota hotel prenotazioni online hotel sanremo\" src=\"https:\/\/sanremoguide.it\/wp-content\/uploads\/2012\/08\/prenota-hotel-prenotazioni-online-hotel-sanremo-300x200.jpg\" width=\"300\" height=\"200\" \/>\r\n\r\n<strong>Sanremo<\/strong> \u00e8 una delle pi\u00f9 blasonate localit\u00e0 turistiche del Mediterraneo, con alle spalle oltre un secolo e mezzo di storia turistica. La citt\u00e0 offre un'ampia variet\u00e0 di alberghi: dai fascinosi Grand Hotels della Belle Epoque ad hotel a conduzione familiare confortevoli e adatti a tutte le tasche.\r\n<h2>Hotel Sanremo<\/h2>\r\nCi sono Hotel a Sanremo per ogni tipo di visitatore:\r\n<ul>\r\n\t<li><a href=\"https:\/\/sanremohotels.net\/category\/hotel-5-stelle\/\" target=\"_blank\"><strong>hotel 5 stelle lusso<\/strong><\/a>, in centro a Sanremo,<strong>\u00a0<\/strong>\u00a0con una splendida piscina immersa in un parco subtropicale e un centro benessere all'avanguardia;<\/li>\r\n\t<li><a href=\"https:\/\/sanremoguide.it\/hotel-sanremo\/hotel-4-stelle-sanremo\/\" target=\"_blank\"><strong>hotel 4 stelle<\/strong><\/a> che spaziano dal grande albergo d'epoca ad alberghi moderni, da alberghi situati nel centro della citt\u00e0 ad alberghi di charme appartati e tranquilli;<\/li>\r\n\t<li><a href=\"https:\/\/sanremoguide.it\/hotel-sanremo\/hotel-3-stelle-a-sanremo\/\" target=\"_blank\"><strong>hotel 3 stelle<\/strong><\/a> a conduzione familiare capaci di soddisfare tutte le aspettative: alberghi per famiglie con bambini, alberghi per coppie, alberghi con servizi per la terza et\u00e0;<\/li>\r\n\t<li><a href=\"https:\/\/sanremohotels.net\/category\/hotel-2-stelle\/\" target=\"_blank\"><strong>hotel 1 e 2 stelle<\/strong><\/a> per godere di un'ospitalit\u00e0 davvero familiare, ma senza rinunciare a nessun comfort;<\/li>\r\n\t<li><a href=\"https:\/\/sanremohotels.net\/category\/case-vacanza\/\" target=\"_blank\"><strong>residence e appartamenti<\/strong><\/a> ovvero casa vacanze attrezzati per ospitare famiglie con bambini.<\/li>\r\n<\/ul>\r\nLa maggioranza degli alberghi di Sanremo offre la <strong>connessione wi-fi gratuita<\/strong>.\r\n\r\nLa maggior parte degli alberghi che vi proponiamo accettano <strong>animali di piccola taglia<\/strong>: potrete quindi trascorrere la vacanza con il vostro cane o il vostro gatto.\r\n\r\nAlcuni alberghi hanno <strong>strutture e servizi per disabili<\/strong>: vi consigliamo tuttavia di richiedere sempre maggiori informazioni prima di effettuare la prenotazione.\r\n<h3>Sanremo Hotels - prenota hotel<\/h3>\r\nPer chi desidera dormire a Sanremo, <strong><a href=\"https:\/\/sanremohotels.net\/\" target=\"_blank\">Sanremo Hotels<\/a><\/strong> \u00e8 uno dei migliori <strong>siti per prenotare hotel<\/strong>. Attraverso il sito si possono effettuare una <strong>prenotazioni online<\/strong> in modo sicuro e veloce.\r\n\r\nSul sito \u00e8 possibile trovare l'hotel Sanremo migliore per le proprie esigenze, tramite una ricerca per:\r\n<ul>\r\n\t<li>posizione (hotel al mare, periferia o centro)<\/li>\r\n\t<li>visitatore (family hotel, business hotel, hotel animali ammessi, hotel con strutture per disabili)<\/li>\r\n\t<li>servizi (ristorante, piscina, solarium, centro benessere, sala meeting, sala giochi per bambini, giardino o parco, spiaggia privata)<\/li>\r\n<\/ul>","_et_gb_content_width":"","footnotes":""},"class_list":["post-6699","page","type-page","status-publish","hentry"],"yoast_head":"<!-- This site is optimized with the Yoast SEO plugin v27.4 - https:\/\/yoast.com\/product\/yoast-seo-wordpress\/ -->\n<title>Online booking -book hotel San Remo<\/title>\n<meta name=\"description\" content=\"Pook hotel in San Remo, it&#039;s easy! Sleep in San Remo in hotel or residence for your stay in Liguria, conventions, cultural events and sports events\" \/>\n<meta name=\"robots\" content=\"index, follow, max-snippet:-1, max-image-preview:large, max-video-preview:-1\" \/>\n<link rel=\"canonical\" href=\"https:\/\/sanremoguide.it\/en\/hotel-san-remo\/\" \/>\n<meta property=\"og:locale\" content=\"en_US\" \/>\n<meta property=\"og:type\" content=\"article\" \/>\n<meta property=\"og:title\" content=\"Online booking -book hotel San Remo\" \/>\n<meta property=\"og:description\" content=\"Pook hotel in San Remo, it&#039;s easy! Sleep in San Remo in hotel or residence for your stay in Liguria, conventions, cultural events and sports events\" \/>\n<meta property=\"og:url\" content=\"https:\/\/sanremoguide.it\/en\/hotel-san-remo\/\" \/>\n<meta property=\"og:site_name\" content=\"SANREMO GUIDE | la guida turistica di Sanremo\" \/>\n<meta property=\"article:modified_time\" content=\"2022-06-17T10:51:16+00:00\" \/>\n<meta property=\"og:image\" content=\"https:\/\/sanremoguide.it\/wp-content\/uploads\/2012\/08\/prenota-hotel-prenotazioni-online-hotel-sanremo-300x200.jpg\" \/>\n<meta name=\"twitter:label1\" content=\"Est. reading time\" \/>\n\t<meta name=\"twitter:data1\" content=\"3 minutes\" \/>\n<script type=\"application\/ld+json\" class=\"yoast-schema-graph\">{\"@context\":\"https:\\\/\\\/schema.org\",\"@graph\":[{\"@type\":\"WebPage\",\"@id\":\"https:\\\/\\\/sanremoguide.it\\\/en\\\/hotel-san-remo\\\/\",\"url\":\"https:\\\/\\\/sanremoguide.it\\\/en\\\/hotel-san-remo\\\/\",\"name\":\"Online booking -book hotel San Remo\",\"isPartOf\":{\"@id\":\"https:\\\/\\\/sanremoguide.it\\\/#website\"},\"primaryImageOfPage\":{\"@id\":\"https:\\\/\\\/sanremoguide.it\\\/en\\\/hotel-san-remo\\\/#primaryimage\"},\"image\":{\"@id\":\"https:\\\/\\\/sanremoguide.it\\\/en\\\/hotel-san-remo\\\/#primaryimage\"},\"thumbnailUrl\":\"https:\\\/\\\/sanremoguide.it\\\/wp-content\\\/uploads\\\/2012\\\/08\\\/prenota-hotel-prenotazioni-online-hotel-sanremo-300x200.jpg\",\"datePublished\":\"2022-06-11T03:39:15+00:00\",\"dateModified\":\"2022-06-17T10:51:16+00:00\",\"description\":\"Pook hotel in San Remo, it's easy! Sleep in San Remo in hotel or residence for your stay in Liguria, conventions, cultural events and sports events\",\"breadcrumb\":{\"@id\":\"https:\\\/\\\/sanremoguide.it\\\/en\\\/hotel-san-remo\\\/#breadcrumb\"},\"inLanguage\":\"en-US\",\"potentialAction\":[{\"@type\":\"ReadAction\",\"target\":[\"https:\\\/\\\/sanremoguide.it\\\/en\\\/hotel-san-remo\\\/\"]}]},{\"@type\":\"ImageObject\",\"inLanguage\":\"en-US\",\"@id\":\"https:\\\/\\\/sanremoguide.it\\\/en\\\/hotel-san-remo\\\/#primaryimage\",\"url\":\"https:\\\/\\\/sanremoguide.it\\\/wp-content\\\/uploads\\\/2012\\\/08\\\/prenota-hotel-prenotazioni-online-hotel-sanremo-300x200.jpg\",\"contentUrl\":\"https:\\\/\\\/sanremoguide.it\\\/wp-content\\\/uploads\\\/2012\\\/08\\\/prenota-hotel-prenotazioni-online-hotel-sanremo-300x200.jpg\"},{\"@type\":\"BreadcrumbList\",\"@id\":\"https:\\\/\\\/sanremoguide.it\\\/en\\\/hotel-san-remo\\\/#breadcrumb\",\"itemListElement\":[{\"@type\":\"ListItem\",\"position\":1,\"name\":\"Home\",\"item\":\"https:\\\/\\\/sanremoguide.it\\\/en\\\/\"},{\"@type\":\"ListItem\",\"position\":2,\"name\":\"Hotel San Remo\"}]},{\"@type\":\"WebSite\",\"@id\":\"https:\\\/\\\/sanremoguide.it\\\/#website\",\"url\":\"https:\\\/\\\/sanremoguide.it\\\/\",\"name\":\"SANREMO GUIDE | la guida turistica di Sanremo\",\"description\":\"la guida turistica della citt\u00e0 di Sanremo\",\"potentialAction\":[{\"@type\":\"SearchAction\",\"target\":{\"@type\":\"EntryPoint\",\"urlTemplate\":\"https:\\\/\\\/sanremoguide.it\\\/?s={search_term_string}\"},\"query-input\":{\"@type\":\"PropertyValueSpecification\",\"valueRequired\":true,\"valueName\":\"search_term_string\"}}],\"inLanguage\":\"en-US\"}]}<\/script>\n<!-- \/ Yoast SEO plugin. -->","yoast_head_json":{"title":"Online booking -book hotel San Remo","description":"Pook hotel in San Remo, it's easy! Sleep in San Remo in hotel or residence for your stay in Liguria, conventions, cultural events and sports events","robots":{"index":"index","follow":"follow","max-snippet":"max-snippet:-1","max-image-preview":"max-image-preview:large","max-video-preview":"max-video-preview:-1"},"canonical":"https:\/\/sanremoguide.it\/en\/hotel-san-remo\/","og_locale":"en_US","og_type":"article","og_title":"Online booking -book hotel San Remo","og_description":"Pook hotel in San Remo, it's easy! Sleep in San Remo in hotel or residence for your stay in Liguria, conventions, cultural events and sports events","og_url":"https:\/\/sanremoguide.it\/en\/hotel-san-remo\/","og_site_name":"SANREMO GUIDE | la guida turistica di Sanremo","article_modified_time":"2022-06-17T10:51:16+00:00","og_image":[{"url":"https:\/\/sanremoguide.it\/wp-content\/uploads\/2012\/08\/prenota-hotel-prenotazioni-online-hotel-sanremo-300x200.jpg","type":"","width":"","height":""}],"twitter_misc":{"Est. reading time":"3 minutes"},"schema":{"@context":"https:\/\/schema.org","@graph":[{"@type":"WebPage","@id":"https:\/\/sanremoguide.it\/en\/hotel-san-remo\/","url":"https:\/\/sanremoguide.it\/en\/hotel-san-remo\/","name":"Online booking -book hotel San Remo","isPartOf":{"@id":"https:\/\/sanremoguide.it\/#website"},"primaryImageOfPage":{"@id":"https:\/\/sanremoguide.it\/en\/hotel-san-remo\/#primaryimage"},"image":{"@id":"https:\/\/sanremoguide.it\/en\/hotel-san-remo\/#primaryimage"},"thumbnailUrl":"https:\/\/sanremoguide.it\/wp-content\/uploads\/2012\/08\/prenota-hotel-prenotazioni-online-hotel-sanremo-300x200.jpg","datePublished":"2022-06-11T03:39:15+00:00","dateModified":"2022-06-17T10:51:16+00:00","description":"Pook hotel in San Remo, it's easy! Sleep in San Remo in hotel or residence for your stay in Liguria, conventions, cultural events and sports events","breadcrumb":{"@id":"https:\/\/sanremoguide.it\/en\/hotel-san-remo\/#breadcrumb"},"inLanguage":"en-US","potentialAction":[{"@type":"ReadAction","target":["https:\/\/sanremoguide.it\/en\/hotel-san-remo\/"]}]},{"@type":"ImageObject","inLanguage":"en-US","@id":"https:\/\/sanremoguide.it\/en\/hotel-san-remo\/#primaryimage","url":"https:\/\/sanremoguide.it\/wp-content\/uploads\/2012\/08\/prenota-hotel-prenotazioni-online-hotel-sanremo-300x200.jpg","contentUrl":"https:\/\/sanremoguide.it\/wp-content\/uploads\/2012\/08\/prenota-hotel-prenotazioni-online-hotel-sanremo-300x200.jpg"},{"@type":"BreadcrumbList","@id":"https:\/\/sanremoguide.it\/en\/hotel-san-remo\/#breadcrumb","itemListElement":[{"@type":"ListItem","position":1,"name":"Home","item":"https:\/\/sanremoguide.it\/en\/"},{"@type":"ListItem","position":2,"name":"Hotel San Remo"}]},{"@type":"WebSite","@id":"https:\/\/sanremoguide.it\/#website","url":"https:\/\/sanremoguide.it\/","name":"SANREMO GUIDE | la guida turistica di Sanremo","description":"la guida turistica della citt\u00e0 di Sanremo","potentialAction":[{"@type":"SearchAction","target":{"@type":"EntryPoint","urlTemplate":"https:\/\/sanremoguide.it\/?s={search_term_string}"},"query-input":{"@type":"PropertyValueSpecification","valueRequired":true,"valueName":"search_term_string"}}],"inLanguage":"en-US"}]}},"_links":{"self":[{"href":"https:\/\/sanremoguide.it\/en\/wp-json\/wp\/v2\/pages\/6699","targetHints":{"allow":["GET"]}}],"collection":[{"href":"https:\/\/sanremoguide.it\/en\/wp-json\/wp\/v2\/pages"}],"about":[{"href":"https:\/\/sanremoguide.it\/en\/wp-json\/wp\/v2\/types\/page"}],"author":[{"embeddable":true,"href":"https:\/\/sanremoguide.it\/en\/wp-json\/wp\/v2\/users\/1"}],"replies":[{"embeddable":true,"href":"https:\/\/sanremoguide.it\/en\/wp-json\/wp\/v2\/comments?post=6699"}],"version-history":[{"count":6,"href":"https:\/\/sanremoguide.it\/en\/wp-json\/wp\/v2\/pages\/6699\/revisions"}],"predecessor-version":[{"id":12861,"href":"https:\/\/sanremoguide.it\/en\/wp-json\/wp\/v2\/pages\/6699\/revisions\/12861"}],"wp:attachment":[{"href":"https:\/\/sanremoguide.it\/en\/wp-json\/wp\/v2\/media?parent=6699"}],"curies":[{"name":"wp","href":"https:\/\/api.w.org\/{rel}","templated":true}]}}