{"id":11951,"date":"2022-06-09T18:12:03","date_gmt":"2022-06-09T18:12:03","guid":{"rendered":"https:\/\/sanremoguide.it\/infos-pratiches\/"},"modified":"2022-06-17T16:53:57","modified_gmt":"2022-06-17T16:53:57","slug":"infos-pratiches","status":"publish","type":"page","link":"https:\/\/sanremoguide.it\/fr\/la-ville-de-sanremo\/le-port\/infos-pratiches\/","title":{"rendered":"Infos pratiches"},"content":{"rendered":"<p>[et_pb_section fb_built=\u00a0\u00bb1&Prime; fullwidth=\u00a0\u00bbon\u00a0\u00bb _builder_version=\u00a0\u00bb4.17.4&Prime; _module_preset=\u00a0\u00bbdefault\u00a0\u00bb locked=\u00a0\u00bboff\u00a0\u00bb global_colors_info=\u00a0\u00bb{}\u00a0\u00bb][et_pb_fullwidth_slider _builder_version=\u00a0\u00bb4.17.4&Prime; _module_preset=\u00a0\u00bbdefault\u00a0\u00bb background_image=\u00a0\u00bbhttps:\/\/sanremoguide.it\/wp-content\/uploads\/2018\/09\/Luca_Lombardi_Sanremo_La_Primavera.jpg\u00a0\u00bb global_colors_info=\u00a0\u00bb{}\u00a0\u00bb][et_pb_slide heading=\u00a0\u00bbInfos pratiques\u00a0\u00bb _builder_version=\u00a0\u00bb4.17.4&Prime; _module_preset=\u00a0\u00bbdefault\u00a0\u00bb custom_button=\u00a0\u00bbon\u00a0\u00bb button_text_color=\u00a0\u00bb#256b00&Prime; button_bg_color=\u00a0\u00bb#f2b500&Prime; button_border_color=\u00a0\u00bb#FFFFFF\u00a0\u00bb button_icon=\u00a0\u00bb&#x41;||divi||400&Prime; text_orientation=\u00a0\u00bbcenter\u00a0\u00bb background_layout=\u00a0\u00bblight\u00a0\u00bb box_shadow_style_button=\u00a0\u00bbpreset1&Prime; text_shadow_style=\u00a0\u00bbpreset3&Prime; global_colors_info=\u00a0\u00bb{}\u00a0\u00bb sticky_transition=\u00a0\u00bbon\u00a0\u00bb][\/et_pb_slide][\/et_pb_fullwidth_slider][\/et_pb_section][et_pb_section fb_built=\u00a0\u00bb1&Prime; admin_label=\u00a0\u00bbSection\u00a0\u00bb _builder_version=\u00a0\u00bb4.16&Prime; global_colors_info=\u00a0\u00bb{}\u00a0\u00bb][et_pb_row _builder_version=\u00a0\u00bb4.16&Prime; background_size=\u00a0\u00bbinitial\u00a0\u00bb background_position=\u00a0\u00bbtop_left\u00a0\u00bb background_repeat=\u00a0\u00bbrepeat\u00a0\u00bb global_colors_info=\u00a0\u00bb{}\u00a0\u00bb][et_pb_column type=\u00a0\u00bb4_4&Prime; _builder_version=\u00a0\u00bb4.16&Prime; custom_padding=\u00a0\u00bb|||\u00a0\u00bb global_colors_info=\u00a0\u00bb{}\u00a0\u00bb custom_padding__hover=\u00a0\u00bb|||\u00a0\u00bb][et_pb_text _builder_version=\u00a0\u00bb4.16&Prime; background_size=\u00a0\u00bbinitial\u00a0\u00bb background_position=\u00a0\u00bbtop_left\u00a0\u00bb background_repeat=\u00a0\u00bbrepeat\u00a0\u00bb global_colors_info=\u00a0\u00bb{}\u00a0\u00bb]<img decoding=\"async\" class=\"aligncenter\" src=\"https:\/\/www.sanremoguide.it\/uploads\/SanRemo_PortoVecchio_350x200.jpg\" alt=\"&lt;b&gt;IL Porto Vecchio di Sanremo&lt;\/b&gt; - Foto APT RdF\" \/><\/p>\n<p>Le Port Public de Sanremo est prot\u00e9g\u00e9 par un long barrage allant du SO au NO et par une jet\u00e9e plus courte avec des fonctions de p\u00eache et de plaisance (il y a 5 pontons en concession \u00e0 des particuliers auxquels l&rsquo;amarrage est possible moyennant des frais). De plus, il est possible d&rsquo;aborder gratuitement le quai \u00ab Bartolomeo CORRADI \u00bb pour un maximum de 3 (trois) jours sur le corps mort avec la possibilit\u00e9 d&rsquo;avoir, sur demande, le raccordement aux r\u00e9seaux d&rsquo;\u00e9lectricit\u00e9 et d&rsquo;eau.<\/p>\n<p>C&rsquo;est le port de d\u00e9part\/arriv\u00e9e d&rsquo;une ligne de navigation pour les petites excursions d&rsquo;une journ\u00e9e et les excursions touristiques.<\/p>\n<p>Heures d&rsquo;acc\u00e8s : Continu<\/p>\n<p>Acc\u00e8s : Restez \u00e0 tribord ; avant d&rsquo;arriver au port, il est n\u00e9cessaire de lire les r\u00e8glements r\u00e9gissant l&rsquo;entr\u00e9e, le stationnement et la sortie du port<\/p>\n<p>Phares et phares<br \/>\n1465 (E 1149) &#8211; feu rouge \u00e0 \u00e9clats longs, p\u00e9riode 5 sec., Port\u00e9e 8 M \u00e0 l&rsquo;extr\u00e9mit\u00e9 du barrage Ouest (distance de s\u00e9curit\u00e9 25 m) ; 1466 (E 1149.05) &#8211; feu rouge fixe, port\u00e9e 2 M sur la pile perpendiculaire au barrage Ouest (distance de s\u00e9curit\u00e9 20 m) ; 1467 (E 1150) &#8211; feu vert fixe, port\u00e9e 4 M sur le bord de la falaise int\u00e9rieure. Donc pour r\u00e9sumer.<\/p>\n<p>Fond marin : Sable et boue, bon locataire<\/p>\n<p>Fonds marins : de 2,5 \u00e0 6 m<\/p>\n<p>Radio : canal VHF 16 (01\/10 &#8211; 31\/05 h 08 : 00\/20 : 00 ; 01\/06 &#8211; 30\/09 h 08 : 00\/24 \u200b\u200b: 00)<\/p>\n<p>Longueur maximale : 30 m.<\/p>\n<p>Interdictions : Vitesse maximale 2 n\u0153uds<\/p>\n<p>Vents : ceux du quadrant II et III pr\u00e9dominent<\/p>\n<p>Travers\u00e9e : est<\/p>\n<p>Baies s\u00fbres les plus proches : Ospedaletti, Arma di Taggia avec des vents du quadrant I et IV.<\/p>\n<p>&nbsp;[\/et_pb_text][\/et_pb_column][\/et_pb_row][\/et_pb_section][et_pb_section fb_built=\u00a0\u00bb1&Prime; fullwidth=\u00a0\u00bbon\u00a0\u00bb _builder_version=\u00a0\u00bb4.17.4&Prime; _module_preset=\u00a0\u00bbdefault\u00a0\u00bb global_module=\u00a0\u00bb12524&Prime; saved_tabs=\u00a0\u00bball\u00a0\u00bb locked=\u00a0\u00bboff\u00a0\u00bb collapsed=\u00a0\u00bboff\u00a0\u00bb global_colors_info=\u00a0\u00bb{}\u00a0\u00bb][et_pb_fullwidth_slider _builder_version=\u00a0\u00bb4.17.4&Prime; _module_preset=\u00a0\u00bbdefault\u00a0\u00bb global_colors_info=\u00a0\u00bb{}\u00a0\u00bb][et_pb_slide heading=\u00a0\u00bbESCURSIONI ED EXPERIENCE A SANREMO E IN RIVIERA\u00a0\u00bb button_text=\u00a0\u00bbRICHIEDI IL CATALOGO\u00a0\u00bb button_link=\u00a0\u00bbhttps:\/\/sanremoguide.it\/contatti\u00a0\u00bb image=\u00a0\u00bbhttps:\/\/sanremoguide.it\/wp-content\/uploads\/2022\/06\/itouriviera.png\u00a0\u00bb _builder_version=\u00a0\u00bb4.17.4&Prime; _module_preset=\u00a0\u00bbdefault\u00a0\u00bb background_image=\u00a0\u00bbhttps:\/\/sanremoguide.it\/wp-content\/uploads\/2018\/07\/luca-lombardi-sanremo_bn.jpg\u00a0\u00bb background_enable_image=\u00a0\u00bbon\u00a0\u00bb custom_button=\u00a0\u00bbon\u00a0\u00bb button_bg_color=\u00a0\u00bb#E09900&Prime; button_border_width=\u00a0\u00bb1px\u00a0\u00bb button_border_color=\u00a0\u00bb#FFFFFF\u00a0\u00bb global_colors_info=\u00a0\u00bb{}\u00a0\u00bb sticky_transition=\u00a0\u00bbon\u00a0\u00bb][\/et_pb_slide][\/et_pb_fullwidth_slider][\/et_pb_section]<\/p>\n","protected":false},"excerpt":{"rendered":"<p>Le Port Public de Sanremo est prot\u00e9g\u00e9 par un long barrage allant du SO au NO et par une jet\u00e9e plus courte avec des fonctions de p\u00eache et de plaisance (il y a 5 pontons en concession \u00e0 des particuliers auxquels l&rsquo;amarrage est possible moyennant des frais). De plus, il est possible d&rsquo;aborder gratuitement le [&hellip;]<\/p>\n","protected":false},"author":1,"featured_media":0,"parent":12767,"menu_order":0,"comment_status":"closed","ping_status":"closed","template":"","meta":{"_et_pb_use_builder":"on","_et_pb_old_content":"","_et_gb_content_width":"","footnotes":""},"class_list":["post-11951","page","type-page","status-publish","hentry"],"yoast_head":"<!-- This site is optimized with the Yoast SEO plugin v27.6 - https:\/\/yoast.com\/product\/yoast-seo-wordpress\/ -->\n<title>Sanremo Guide : le guide touristique de la ville de Sanremo et de la Riviera des Fleurs<\/title>\n<meta name=\"description\" content=\"Guide touristique de la ville de Sanremo, avec service de r\u00e9servation en ligne d&#039;hotels, r\u00e9sidences et voyages \u00e0 forfait.\" \/>\n<meta name=\"robots\" content=\"index, follow, max-snippet:-1, max-image-preview:large, max-video-preview:-1\" \/>\n<link rel=\"canonical\" href=\"https:\/\/sanremoguide.it\/fr\/la-ville-de-sanremo\/le-port\/infos-pratiches\/\" \/>\n<meta property=\"og:locale\" content=\"fr_FR\" \/>\n<meta property=\"og:type\" content=\"article\" \/>\n<meta property=\"og:title\" content=\"Sanremo Guide : le guide touristique de la ville de Sanremo et de la Riviera des Fleurs\" \/>\n<meta property=\"og:description\" content=\"Guide touristique de la ville de Sanremo, avec service de r\u00e9servation en ligne d&#039;hotels, r\u00e9sidences et voyages \u00e0 forfait.\" \/>\n<meta property=\"og:url\" content=\"https:\/\/sanremoguide.it\/fr\/la-ville-de-sanremo\/le-port\/infos-pratiches\/\" \/>\n<meta property=\"og:site_name\" content=\"SANREMO GUIDE | la guida turistica di Sanremo\" \/>\n<meta property=\"article:modified_time\" content=\"2022-06-17T16:53:57+00:00\" \/>\n<meta property=\"og:image\" content=\"https:\/\/www.sanremoguide.it\/uploads\/SanRemo_PortoVecchio_350x200.jpg\" \/>\n<meta name=\"twitter:label1\" content=\"Dur\u00e9e de lecture estim\u00e9e\" \/>\n\t<meta name=\"twitter:data1\" content=\"3 minutes\" \/>\n<script type=\"application\/ld+json\" class=\"yoast-schema-graph\">{\"@context\":\"https:\\\/\\\/schema.org\",\"@graph\":[{\"@type\":\"WebPage\",\"@id\":\"https:\\\/\\\/sanremoguide.it\\\/fr\\\/la-ville-de-sanremo\\\/le-port\\\/infos-pratiches\\\/\",\"url\":\"https:\\\/\\\/sanremoguide.it\\\/fr\\\/la-ville-de-sanremo\\\/le-port\\\/infos-pratiches\\\/\",\"name\":\"Sanremo Guide : le guide touristique de la ville de Sanremo et de la Riviera des Fleurs\",\"isPartOf\":{\"@id\":\"https:\\\/\\\/sanremoguide.it\\\/#website\"},\"primaryImageOfPage\":{\"@id\":\"https:\\\/\\\/sanremoguide.it\\\/fr\\\/la-ville-de-sanremo\\\/le-port\\\/infos-pratiches\\\/#primaryimage\"},\"image\":{\"@id\":\"https:\\\/\\\/sanremoguide.it\\\/fr\\\/la-ville-de-sanremo\\\/le-port\\\/infos-pratiches\\\/#primaryimage\"},\"thumbnailUrl\":\"https:\\\/\\\/www.sanremoguide.it\\\/uploads\\\/SanRemo_PortoVecchio_350x200.jpg\",\"datePublished\":\"2022-06-09T18:12:03+00:00\",\"dateModified\":\"2022-06-17T16:53:57+00:00\",\"description\":\"Guide touristique de la ville de Sanremo, avec service de r\u00e9servation en ligne d'hotels, r\u00e9sidences et voyages \u00e0 forfait.\",\"breadcrumb\":{\"@id\":\"https:\\\/\\\/sanremoguide.it\\\/fr\\\/la-ville-de-sanremo\\\/le-port\\\/infos-pratiches\\\/#breadcrumb\"},\"inLanguage\":\"fr-FR\",\"potentialAction\":[{\"@type\":\"ReadAction\",\"target\":[\"https:\\\/\\\/sanremoguide.it\\\/fr\\\/la-ville-de-sanremo\\\/le-port\\\/infos-pratiches\\\/\"]}]},{\"@type\":\"ImageObject\",\"inLanguage\":\"fr-FR\",\"@id\":\"https:\\\/\\\/sanremoguide.it\\\/fr\\\/la-ville-de-sanremo\\\/le-port\\\/infos-pratiches\\\/#primaryimage\",\"url\":\"https:\\\/\\\/www.sanremoguide.it\\\/uploads\\\/SanRemo_PortoVecchio_350x200.jpg\",\"contentUrl\":\"https:\\\/\\\/www.sanremoguide.it\\\/uploads\\\/SanRemo_PortoVecchio_350x200.jpg\"},{\"@type\":\"BreadcrumbList\",\"@id\":\"https:\\\/\\\/sanremoguide.it\\\/fr\\\/la-ville-de-sanremo\\\/le-port\\\/infos-pratiches\\\/#breadcrumb\",\"itemListElement\":[{\"@type\":\"ListItem\",\"position\":1,\"name\":\"Home\",\"item\":\"https:\\\/\\\/sanremoguide.it\\\/\"},{\"@type\":\"ListItem\",\"position\":2,\"name\":\"LA VILLE DE SANREMO\",\"item\":\"https:\\\/\\\/sanremoguide.it\\\/fr\\\/la-ville-de-sanremo\\\/\"},{\"@type\":\"ListItem\",\"position\":3,\"name\":\"LE PORT\",\"item\":\"https:\\\/\\\/sanremoguide.it\\\/sanremo\\\/il-porto\\\/\"},{\"@type\":\"ListItem\",\"position\":4,\"name\":\"Infos pratiches\"}]},{\"@type\":\"WebSite\",\"@id\":\"https:\\\/\\\/sanremoguide.it\\\/#website\",\"url\":\"https:\\\/\\\/sanremoguide.it\\\/\",\"name\":\"SANREMO GUIDE | la guida turistica di Sanremo\",\"description\":\"la guida turistica della citt\u00e0 di Sanremo\",\"potentialAction\":[{\"@type\":\"SearchAction\",\"target\":{\"@type\":\"EntryPoint\",\"urlTemplate\":\"https:\\\/\\\/sanremoguide.it\\\/?s={search_term_string}\"},\"query-input\":{\"@type\":\"PropertyValueSpecification\",\"valueRequired\":true,\"valueName\":\"search_term_string\"}}],\"inLanguage\":\"fr-FR\"}]}<\/script>\n<!-- \/ Yoast SEO plugin. -->","yoast_head_json":{"title":"Sanremo Guide : le guide touristique de la ville de Sanremo et de la Riviera des Fleurs","description":"Guide touristique de la ville de Sanremo, avec service de r\u00e9servation en ligne d'hotels, r\u00e9sidences et voyages \u00e0 forfait.","robots":{"index":"index","follow":"follow","max-snippet":"max-snippet:-1","max-image-preview":"max-image-preview:large","max-video-preview":"max-video-preview:-1"},"canonical":"https:\/\/sanremoguide.it\/fr\/la-ville-de-sanremo\/le-port\/infos-pratiches\/","og_locale":"fr_FR","og_type":"article","og_title":"Sanremo Guide : le guide touristique de la ville de Sanremo et de la Riviera des Fleurs","og_description":"Guide touristique de la ville de Sanremo, avec service de r\u00e9servation en ligne d'hotels, r\u00e9sidences et voyages \u00e0 forfait.","og_url":"https:\/\/sanremoguide.it\/fr\/la-ville-de-sanremo\/le-port\/infos-pratiches\/","og_site_name":"SANREMO GUIDE | la guida turistica di Sanremo","article_modified_time":"2022-06-17T16:53:57+00:00","og_image":[{"url":"https:\/\/www.sanremoguide.it\/uploads\/SanRemo_PortoVecchio_350x200.jpg","type":"","width":"","height":""}],"twitter_misc":{"Dur\u00e9e de lecture estim\u00e9e":"3 minutes"},"schema":{"@context":"https:\/\/schema.org","@graph":[{"@type":"WebPage","@id":"https:\/\/sanremoguide.it\/fr\/la-ville-de-sanremo\/le-port\/infos-pratiches\/","url":"https:\/\/sanremoguide.it\/fr\/la-ville-de-sanremo\/le-port\/infos-pratiches\/","name":"Sanremo Guide : le guide touristique de la ville de Sanremo et de la Riviera des Fleurs","isPartOf":{"@id":"https:\/\/sanremoguide.it\/#website"},"primaryImageOfPage":{"@id":"https:\/\/sanremoguide.it\/fr\/la-ville-de-sanremo\/le-port\/infos-pratiches\/#primaryimage"},"image":{"@id":"https:\/\/sanremoguide.it\/fr\/la-ville-de-sanremo\/le-port\/infos-pratiches\/#primaryimage"},"thumbnailUrl":"https:\/\/www.sanremoguide.it\/uploads\/SanRemo_PortoVecchio_350x200.jpg","datePublished":"2022-06-09T18:12:03+00:00","dateModified":"2022-06-17T16:53:57+00:00","description":"Guide touristique de la ville de Sanremo, avec service de r\u00e9servation en ligne d'hotels, r\u00e9sidences et voyages \u00e0 forfait.","breadcrumb":{"@id":"https:\/\/sanremoguide.it\/fr\/la-ville-de-sanremo\/le-port\/infos-pratiches\/#breadcrumb"},"inLanguage":"fr-FR","potentialAction":[{"@type":"ReadAction","target":["https:\/\/sanremoguide.it\/fr\/la-ville-de-sanremo\/le-port\/infos-pratiches\/"]}]},{"@type":"ImageObject","inLanguage":"fr-FR","@id":"https:\/\/sanremoguide.it\/fr\/la-ville-de-sanremo\/le-port\/infos-pratiches\/#primaryimage","url":"https:\/\/www.sanremoguide.it\/uploads\/SanRemo_PortoVecchio_350x200.jpg","contentUrl":"https:\/\/www.sanremoguide.it\/uploads\/SanRemo_PortoVecchio_350x200.jpg"},{"@type":"BreadcrumbList","@id":"https:\/\/sanremoguide.it\/fr\/la-ville-de-sanremo\/le-port\/infos-pratiches\/#breadcrumb","itemListElement":[{"@type":"ListItem","position":1,"name":"Home","item":"https:\/\/sanremoguide.it\/"},{"@type":"ListItem","position":2,"name":"LA VILLE DE SANREMO","item":"https:\/\/sanremoguide.it\/fr\/la-ville-de-sanremo\/"},{"@type":"ListItem","position":3,"name":"LE PORT","item":"https:\/\/sanremoguide.it\/sanremo\/il-porto\/"},{"@type":"ListItem","position":4,"name":"Infos pratiches"}]},{"@type":"WebSite","@id":"https:\/\/sanremoguide.it\/#website","url":"https:\/\/sanremoguide.it\/","name":"SANREMO GUIDE | la guida turistica di Sanremo","description":"la guida turistica della citt\u00e0 di Sanremo","potentialAction":[{"@type":"SearchAction","target":{"@type":"EntryPoint","urlTemplate":"https:\/\/sanremoguide.it\/?s={search_term_string}"},"query-input":{"@type":"PropertyValueSpecification","valueRequired":true,"valueName":"search_term_string"}}],"inLanguage":"fr-FR"}]}},"_links":{"self":[{"href":"https:\/\/sanremoguide.it\/fr\/wp-json\/wp\/v2\/pages\/11951","targetHints":{"allow":["GET"]}}],"collection":[{"href":"https:\/\/sanremoguide.it\/fr\/wp-json\/wp\/v2\/pages"}],"about":[{"href":"https:\/\/sanremoguide.it\/fr\/wp-json\/wp\/v2\/types\/page"}],"author":[{"embeddable":true,"href":"https:\/\/sanremoguide.it\/fr\/wp-json\/wp\/v2\/users\/1"}],"replies":[{"embeddable":true,"href":"https:\/\/sanremoguide.it\/fr\/wp-json\/wp\/v2\/comments?post=11951"}],"version-history":[{"count":4,"href":"https:\/\/sanremoguide.it\/fr\/wp-json\/wp\/v2\/pages\/11951\/revisions"}],"predecessor-version":[{"id":13195,"href":"https:\/\/sanremoguide.it\/fr\/wp-json\/wp\/v2\/pages\/11951\/revisions\/13195"}],"up":[{"embeddable":true,"href":"https:\/\/sanremoguide.it\/fr\/wp-json\/wp\/v2\/pages\/12767"}],"wp:attachment":[{"href":"https:\/\/sanremoguide.it\/fr\/wp-json\/wp\/v2\/media?parent=11951"}],"curies":[{"name":"wp","href":"https:\/\/api.w.org\/{rel}","templated":true}]}}