{"id":12228,"date":"2022-06-10T15:24:36","date_gmt":"2022-06-10T15:24:36","guid":{"rendered":"https:\/\/sanremoguide.it\/jardins-de-sanremo\/"},"modified":"2022-06-13T16:24:37","modified_gmt":"2022-06-13T16:24:37","slug":"jardins-de-sanremo","status":"publish","type":"page","link":"https:\/\/sanremoguide.it\/fr\/infos-pratiques\/depliants\/jardins-de-sanremo\/","title":{"rendered":"Jardins de Sanremo"},"content":{"rendered":"<p>[et_pb_section fb_built=&#8221;1&#8243; fullwidth=&#8221;on&#8221; _builder_version=&#8221;4.17.4&#8243; _module_preset=&#8221;default&#8221; locked=&#8221;off&#8221; global_colors_info=&#8221;{}&#8221;][et_pb_fullwidth_slider _builder_version=&#8221;4.17.4&#8243; _module_preset=&#8221;default&#8221; background_image=&#8221;http:\/\/sanremoguide.it\/wp-content\/uploads\/2018\/09\/Luca_Lombardi_Sanremo_La_Primavera.jpg&#8221; global_colors_info=&#8221;{}&#8221;][et_pb_slide heading=&#8221;Jardins de Sanremo&#8221; _builder_version=&#8221;4.17.4&#8243; _module_preset=&#8221;default&#8221; custom_button=&#8221;on&#8221; button_text_color=&#8221;#256b00&#8243; button_bg_color=&#8221;#f2b500&#8243; button_border_color=&#8221;#FFFFFF&#8221; button_icon=&#8221;&#x41;||divi||400&#8243; text_orientation=&#8221;center&#8221; background_layout=&#8221;light&#8221; box_shadow_style_button=&#8221;preset1&#8243; text_shadow_style=&#8221;preset3&#8243; global_colors_info=&#8221;{}&#8221; sticky_transition=&#8221;on&#8221;][\/et_pb_slide][\/et_pb_fullwidth_slider][\/et_pb_section][et_pb_section fb_built=&#8221;1&#8243; _builder_version=&#8221;4.16&#8243; global_colors_info=&#8221;{}&#8221;][et_pb_row _builder_version=&#8221;4.16&#8243; background_size=&#8221;initial&#8221; background_position=&#8221;top_left&#8221; background_repeat=&#8221;repeat&#8221; global_colors_info=&#8221;{}&#8221;][et_pb_column type=&#8221;4_4&#8243; _builder_version=&#8221;4.16&#8243; custom_padding=&#8221;|||&#8221; global_colors_info=&#8221;{}&#8221; custom_padding__hover=&#8221;|||&#8221;][et_pb_text _builder_version=&#8221;4.16&#8243; background_size=&#8221;initial&#8221; background_position=&#8221;top_left&#8221; background_repeat=&#8221;repeat&#8221; global_colors_info=&#8221;{}&#8221;]Ci-dessous, vous pouvez voir et t\u00e9l\u00e9charger la brochure sur les jardins de Sanremo, cr\u00e9\u00e9e par la municipalit\u00e9 de Sanremo.<\/p>\n<div class=\"ose-wrapper ose-uid-3fc8d0fc2784f737e2088cd61e4de126 ose-embedpress-responsive\" style=\"width:650px; height:400px; max-height:400px; max-width:100%; display:inline-block;\"><iframe loading=\"lazy\" allowFullScreen=\"true\" width=\"650\" height=\"400\" src=\"https:\/\/sanremoguide.it\/wp-content\/uploads\/2012\/07\/Depliant_Giardini_Sanremo_1.pdf\" > <\/iframe><\/div>\n<p><div class=\"ose-wrapper ose-uid-8bdbf5c4e8a8b4431e2c302b3f824abc ose-embedpress-responsive\" style=\"width:650px; height:400px; max-height:400px; max-width:100%; display:inline-block;\"><iframe loading=\"lazy\" allowFullScreen=\"true\" width=\"650\" height=\"400\" src=\"https:\/\/sanremoguide.it\/wp-content\/uploads\/2012\/07\/Depliant_Giardini_Sanremo_2.pdf\" > <\/iframe><\/div>[\/et_pb_text][\/et_pb_column][\/et_pb_row][\/et_pb_section][et_pb_section fb_built=&#8221;1&#8243; fullwidth=&#8221;on&#8221; _builder_version=&#8221;4.17.4&#8243; _module_preset=&#8221;default&#8221; locked=&#8221;off&#8221; global_colors_info=&#8221;{}&#8221; global_module=&#8221;12524&#8243; saved_tabs=&#8221;all&#8221;][et_pb_fullwidth_slider _builder_version=&#8221;4.17.4&#8243; _module_preset=&#8221;default&#8221; global_colors_info=&#8221;{}&#8221;][et_pb_slide heading=&#8221;RESERVER UNE EXCURSION A BUSSANA VECCHIA&#8221; button_text=&#8221;RESERVER&#8221; button_link=&#8221;https:\/\/sanremoguide.it\/contact&#8221; image=&#8221;http:\/\/sanremoguide.it\/wp-content\/uploads\/2022\/06\/itouriviera.png&#8221; _builder_version=&#8221;4.17.4&#8243; _module_preset=&#8221;default&#8221; background_image=&#8221;http:\/\/sanremoguide.it\/wp-content\/uploads\/2018\/09\/Luca_Lombardi_Sanremo_notturna.jpg&#8221; background_enable_image=&#8221;on&#8221; custom_button=&#8221;on&#8221; button_bg_color=&#8221;#E09900&#8243; button_border_width=&#8221;1px&#8221; button_border_color=&#8221;#FFFFFF&#8221; global_colors_info=&#8221;{}&#8221; sticky_transition=&#8221;on&#8221;][\/et_pb_slide][\/et_pb_fullwidth_slider][\/et_pb_section]<\/p>\n","protected":false},"excerpt":{"rendered":"<p>Ci-dessous, vous pouvez voir et t\u00e9l\u00e9charger la brochure sur les jardins de Sanremo, cr\u00e9\u00e9e par la municipalit\u00e9 de Sanremo.<\/p>\n","protected":false},"author":1,"featured_media":0,"parent":12788,"menu_order":0,"comment_status":"closed","ping_status":"open","template":"","meta":{"_et_pb_use_builder":"on","_et_pb_old_content":"Di seguito potete vedere e scaricare il depliant sui Giardini di Sanremo, realizzato dal Comune di Sanremo.\r\n\r\n\r\n[embed width=\"650\" height=\"400\"]https:\/\/sanremoguide.it\/wp-content\/uploads\/2012\/07\/Depliant_Giardini_Sanremo_1.pdf[\/embed]\r\n\r\n[embed width=\"650\" height=\"400\"]https:\/\/sanremoguide.it\/wp-content\/uploads\/2012\/07\/Depliant_Giardini_Sanremo_2.pdf[\/embed]","_et_gb_content_width":""},"yoast_head":"<!-- This site is optimized with the Yoast SEO plugin v21.8.1 - https:\/\/yoast.com\/wordpress\/plugins\/seo\/ -->\n<title>Jardins de Sanremo - SANREMO GUIDE | la guida turistica di Sanremo<\/title>\n<meta name=\"robots\" content=\"index, follow, max-snippet:-1, max-image-preview:large, max-video-preview:-1\" \/>\n<link rel=\"canonical\" href=\"https:\/\/sanremoguide.it\/fr\/jardins-de-sanremo\/\" \/>\n<meta property=\"og:locale\" content=\"fr_FR\" \/>\n<meta property=\"og:type\" content=\"article\" \/>\n<meta property=\"og:title\" content=\"Jardins de Sanremo - SANREMO GUIDE | la guida turistica di Sanremo\" \/>\n<meta property=\"og:description\" content=\"Ci-dessous, vous pouvez voir et t\u00e9l\u00e9charger la brochure sur les jardins de Sanremo, cr\u00e9\u00e9e par la municipalit\u00e9 de Sanremo.\" \/>\n<meta property=\"og:url\" content=\"https:\/\/sanremoguide.it\/fr\/jardins-de-sanremo\/\" \/>\n<meta property=\"og:site_name\" content=\"SANREMO GUIDE | la guida turistica di Sanremo\" \/>\n<meta property=\"article:modified_time\" content=\"2022-06-13T16:24:37+00:00\" \/>\n<meta name=\"twitter:label1\" content=\"Dur\u00e9e de lecture estim\u00e9e\" \/>\n\t<meta name=\"twitter:data1\" content=\"2 minutes\" \/>\n<script type=\"application\/ld+json\" class=\"yoast-schema-graph\">{\"@context\":\"https:\/\/schema.org\",\"@graph\":[{\"@type\":\"WebPage\",\"@id\":\"https:\/\/sanremoguide.it\/fr\/jardins-de-sanremo\/\",\"url\":\"https:\/\/sanremoguide.it\/fr\/jardins-de-sanremo\/\",\"name\":\"Jardins de Sanremo - SANREMO GUIDE | la guida turistica di Sanremo\",\"isPartOf\":{\"@id\":\"https:\/\/sanremoguide.it\/#website\"},\"datePublished\":\"2022-06-10T15:24:36+00:00\",\"dateModified\":\"2022-06-13T16:24:37+00:00\",\"breadcrumb\":{\"@id\":\"https:\/\/sanremoguide.it\/fr\/jardins-de-sanremo\/#breadcrumb\"},\"inLanguage\":\"fr-FR\",\"potentialAction\":[{\"@type\":\"ReadAction\",\"target\":[\"https:\/\/sanremoguide.it\/fr\/jardins-de-sanremo\/\"]}]},{\"@type\":\"BreadcrumbList\",\"@id\":\"https:\/\/sanremoguide.it\/fr\/jardins-de-sanremo\/#breadcrumb\",\"itemListElement\":[{\"@type\":\"ListItem\",\"position\":1,\"name\":\"Home\",\"item\":\"https:\/\/sanremoguide.it\/\"},{\"@type\":\"ListItem\",\"position\":2,\"name\":\"Jardins de Sanremo\"}]},{\"@type\":\"WebSite\",\"@id\":\"https:\/\/sanremoguide.it\/#website\",\"url\":\"https:\/\/sanremoguide.it\/\",\"name\":\"SANREMO GUIDE | la guida turistica di Sanremo\",\"description\":\"la guida turistica della citt\u00e0 di Sanremo\",\"potentialAction\":[{\"@type\":\"SearchAction\",\"target\":{\"@type\":\"EntryPoint\",\"urlTemplate\":\"https:\/\/sanremoguide.it\/?s={search_term_string}\"},\"query-input\":\"required name=search_term_string\"}],\"inLanguage\":\"fr-FR\"}]}<\/script>\n<!-- \/ Yoast SEO plugin. -->","yoast_head_json":{"title":"Jardins de Sanremo - SANREMO GUIDE | la guida turistica di Sanremo","robots":{"index":"index","follow":"follow","max-snippet":"max-snippet:-1","max-image-preview":"max-image-preview:large","max-video-preview":"max-video-preview:-1"},"canonical":"https:\/\/sanremoguide.it\/fr\/jardins-de-sanremo\/","og_locale":"fr_FR","og_type":"article","og_title":"Jardins de Sanremo - SANREMO GUIDE | la guida turistica di Sanremo","og_description":"Ci-dessous, vous pouvez voir et t\u00e9l\u00e9charger la brochure sur les jardins de Sanremo, cr\u00e9\u00e9e par la municipalit\u00e9 de Sanremo.","og_url":"https:\/\/sanremoguide.it\/fr\/jardins-de-sanremo\/","og_site_name":"SANREMO GUIDE | la guida turistica di Sanremo","article_modified_time":"2022-06-13T16:24:37+00:00","twitter_misc":{"Dur\u00e9e de lecture estim\u00e9e":"2 minutes"},"schema":{"@context":"https:\/\/schema.org","@graph":[{"@type":"WebPage","@id":"https:\/\/sanremoguide.it\/fr\/jardins-de-sanremo\/","url":"https:\/\/sanremoguide.it\/fr\/jardins-de-sanremo\/","name":"Jardins de Sanremo - SANREMO GUIDE | la guida turistica di Sanremo","isPartOf":{"@id":"https:\/\/sanremoguide.it\/#website"},"datePublished":"2022-06-10T15:24:36+00:00","dateModified":"2022-06-13T16:24:37+00:00","breadcrumb":{"@id":"https:\/\/sanremoguide.it\/fr\/jardins-de-sanremo\/#breadcrumb"},"inLanguage":"fr-FR","potentialAction":[{"@type":"ReadAction","target":["https:\/\/sanremoguide.it\/fr\/jardins-de-sanremo\/"]}]},{"@type":"BreadcrumbList","@id":"https:\/\/sanremoguide.it\/fr\/jardins-de-sanremo\/#breadcrumb","itemListElement":[{"@type":"ListItem","position":1,"name":"Home","item":"https:\/\/sanremoguide.it\/"},{"@type":"ListItem","position":2,"name":"Jardins de Sanremo"}]},{"@type":"WebSite","@id":"https:\/\/sanremoguide.it\/#website","url":"https:\/\/sanremoguide.it\/","name":"SANREMO GUIDE | la guida turistica di Sanremo","description":"la guida turistica della citt\u00e0 di Sanremo","potentialAction":[{"@type":"SearchAction","target":{"@type":"EntryPoint","urlTemplate":"https:\/\/sanremoguide.it\/?s={search_term_string}"},"query-input":"required name=search_term_string"}],"inLanguage":"fr-FR"}]}},"_links":{"self":[{"href":"https:\/\/sanremoguide.it\/fr\/wp-json\/wp\/v2\/pages\/12228"}],"collection":[{"href":"https:\/\/sanremoguide.it\/fr\/wp-json\/wp\/v2\/pages"}],"about":[{"href":"https:\/\/sanremoguide.it\/fr\/wp-json\/wp\/v2\/types\/page"}],"author":[{"embeddable":true,"href":"https:\/\/sanremoguide.it\/fr\/wp-json\/wp\/v2\/users\/1"}],"replies":[{"embeddable":true,"href":"https:\/\/sanremoguide.it\/fr\/wp-json\/wp\/v2\/comments?post=12228"}],"version-history":[{"count":6,"href":"https:\/\/sanremoguide.it\/fr\/wp-json\/wp\/v2\/pages\/12228\/revisions"}],"predecessor-version":[{"id":12619,"href":"https:\/\/sanremoguide.it\/fr\/wp-json\/wp\/v2\/pages\/12228\/revisions\/12619"}],"up":[{"embeddable":true,"href":"https:\/\/sanremoguide.it\/fr\/wp-json\/wp\/v2\/pages\/12788"}],"wp:attachment":[{"href":"https:\/\/sanremoguide.it\/fr\/wp-json\/wp\/v2\/media?parent=12228"}],"curies":[{"name":"wp","href":"https:\/\/api.w.org\/{rel}","templated":true}]}}