{"id":12240,"date":"2022-06-10T18:24:39","date_gmt":"2022-06-10T18:24:39","guid":{"rendered":"https:\/\/sanremoguide.it\/la-ville-de-sanremo\/"},"modified":"2022-06-13T16:40:55","modified_gmt":"2022-06-13T16:40:55","slug":"la-ville-de-sanremo","status":"publish","type":"page","link":"https:\/\/sanremoguide.it\/fr\/la-ville-de-sanremo\/","title":{"rendered":"LA VILLE DE SANREMO"},"content":{"rendered":"<p>[et_pb_section fb_built=\u00a0\u00bb1&Prime; fullwidth=\u00a0\u00bbon\u00a0\u00bb _builder_version=\u00a0\u00bb4.17.4&Prime; _module_preset=\u00a0\u00bbdefault\u00a0\u00bb locked=\u00a0\u00bboff\u00a0\u00bb global_colors_info=\u00a0\u00bb{}\u00a0\u00bb][et_pb_fullwidth_slider _builder_version=\u00a0\u00bb4.17.4&Prime; _module_preset=\u00a0\u00bbdefault\u00a0\u00bb background_image=\u00a0\u00bbhttps:\/\/sanremoguide.it\/wp-content\/uploads\/2018\/09\/Luca_Lombardi_Sanremo_La_Primavera.jpg\u00a0\u00bb global_colors_info=\u00a0\u00bb{}\u00a0\u00bb][et_pb_slide heading=\u00a0\u00bbLa ville de Sanremo\u00a0\u00bb _builder_version=\u00a0\u00bb4.17.4&Prime; _module_preset=\u00a0\u00bbdefault\u00a0\u00bb custom_button=\u00a0\u00bbon\u00a0\u00bb button_text_color=\u00a0\u00bb#256b00&Prime; button_bg_color=\u00a0\u00bb#f2b500&Prime; button_border_color=\u00a0\u00bb#FFFFFF\u00a0\u00bb button_icon=\u00a0\u00bb&#x41;||divi||400&Prime; text_orientation=\u00a0\u00bbcenter\u00a0\u00bb background_layout=\u00a0\u00bblight\u00a0\u00bb box_shadow_style_button=\u00a0\u00bbpreset1&Prime; text_shadow_style=\u00a0\u00bbpreset3&Prime; global_colors_info=\u00a0\u00bb{}\u00a0\u00bb sticky_transition=\u00a0\u00bbon\u00a0\u00bb][\/et_pb_slide][\/et_pb_fullwidth_slider][\/et_pb_section][et_pb_section fb_built=\u00a0\u00bb1&Prime; _builder_version=\u00a0\u00bb4.16&Prime; global_colors_info=\u00a0\u00bb{}\u00a0\u00bb][et_pb_row _builder_version=\u00a0\u00bb4.16&Prime; background_size=\u00a0\u00bbinitial\u00a0\u00bb background_position=\u00a0\u00bbtop_left\u00a0\u00bb background_repeat=\u00a0\u00bbrepeat\u00a0\u00bb global_colors_info=\u00a0\u00bb{}\u00a0\u00bb][et_pb_column type=\u00a0\u00bb4_4&Prime; _builder_version=\u00a0\u00bb4.16&Prime; custom_padding=\u00a0\u00bb|||\u00a0\u00bb global_colors_info=\u00a0\u00bb{}\u00a0\u00bb custom_padding__hover=\u00a0\u00bb|||\u00a0\u00bb][et_pb_text _builder_version=\u00a0\u00bb4.16&Prime; background_size=\u00a0\u00bbinitial\u00a0\u00bb background_position=\u00a0\u00bbtop_left\u00a0\u00bb background_repeat=\u00a0\u00bbrepeat\u00a0\u00bb global_colors_info=\u00a0\u00bb{}\u00a0\u00bb]<\/p>\n<h4>Sanremo, splendide ville au climat doux, est l&rsquo;endroit id\u00e9al pour de splendides vacances en Ligurie. Vous y trouverez la mer, d&rsquo;excellents h\u00f4tels, l&rsquo;art et la culture et de nombreux \u00e9v\u00e9nements.<\/h4>\n<p><img decoding=\"async\" class=\"aligncenter\" src=\"https:\/\/www.sanremoguide.it\/uploads\/SanRemo_tramonto_350x200.jpg\" alt=\"Tramonto su Sanremo - Foto APT RdF\" \/><\/p>\n<p>La ville de <strong>Sanremo<\/strong>, construite \u00e0 l&rsquo;\u00e9poque romaine, dans une grande crique sur la c\u00f4te ligure de Ponente, est connue comme la <strong>Perle de la Riviera des Fleurs<\/strong> et connue dans le monde entier en tant que station baln\u00e9aire climatique.<\/p>\n<p>Cela est possible gr\u00e2ce \u00e0 son <strong>climat, doux toute l&rsquo;ann\u00e9e<\/strong>, en raison de la position g\u00e9ographique privil\u00e9gi\u00e9e, prot\u00e9g\u00e9e des vents du nord, qui influence ainsi le faible taux de pr\u00e9cipitations, caract\u00e9ristique de cette partie de la c\u00f4te. Quant aux temp\u00e9ratures, elles permettent la croissance de plantes tropicales dans de luxuriants <strong><a title=\"villas et jardins de sanremo\" href=\"https:\/\/sanremoguide.it\/fr\/villas-et-jardins\/\" target=\"_blank\" rel=\"noopener\">jardins botaniques<\/a><\/strong> qui s&rsquo;\u00e9tendent sur toute la Riviera dei Fiori.<\/p>\n<p>Un autre \u00e9l\u00e9ment qui a favoris\u00e9 le d\u00e9veloppement de Sanremo a \u00e9t\u00e9 l&rsquo;accueil du <strong>tourisme international<\/strong>, qui au XIXe si\u00e8cle a transform\u00e9 la ville et ses environs en une zone r\u00e9sidentielle pour certaines personnalit\u00e9s c\u00e9l\u00e8bres. comme la tsarine <strong><a title=\"\u00c9glise russe Corso Imperatrice\" href=\"https:\/\/sanremoguide.it\/fr\/art-et-culture-promenades-artistiques\/leglise-russe\/\" target=\"_blank\" rel=\"noopener\">Maria Alexandrovna<\/a><\/strong> et le scientifique <strong><a href=\"https:\/\/sanremoguide.it\/fr\/villas-et-jardins\/villa-nobel\/\" target=\"_blank\" rel=\"noopener\">Alfred Nobel<\/a><\/strong>.<\/p>\n<p>Le nom de Sanremo a fait le tour du monde non seulement pour des raisons touristiques, mais aussi pour sa production florale. Les\u00a0<a href=\"https:\/\/sanremoguide.it\/fr\/san-remo-la-ville-des-fleurs\/fleurs-de-san-remo\/\" target=\"_blank\" rel=\"noopener\"><strong>fleurs<\/strong><\/a>\u00a0qui sont cultiv\u00e9s sur la colline de Sanremo sont ensuite export\u00e9s dans le monde entier.<\/p>\n<p>Et \u00e0 c\u00f4t\u00e9 des senteurs de la nature et de la beaut\u00e9 de la ville historique, il y a aussi une touche de mondanit\u00e9, offerte par les salles de f\u00eate du c\u00e9l\u00e8bre <a title=\"Casino sanremo\" href=\"https:\/\/sanremoguide.it\/fr\/casino-de-san-remo\/\" target=\"_blank\" rel=\"noopener\"><strong>Casino<\/strong><\/a>, toute l&rsquo;ann\u00e9e, et l&rsquo;\u00e9v\u00e9nement annuel de renomm\u00e9e mondiale, le <a title=\"Festival de Sanremo, Festival de la Chanson Italienne\" href=\"https:\/\/sanremoguide.it\/fr\/evenements-san-remo\/festival-de-la-chanson-de-san-remo\/\" target=\"_blank\" rel=\"noopener\"><strong>Festival de la Chanson Italienne<\/strong><\/a>.[\/et_pb_text][\/et_pb_column][\/et_pb_row][\/et_pb_section][et_pb_section fb_built=\u00a0\u00bb1&Prime; fullwidth=\u00a0\u00bbon\u00a0\u00bb _builder_version=\u00a0\u00bb4.17.4&Prime; _module_preset=\u00a0\u00bbdefault\u00a0\u00bb locked=\u00a0\u00bboff\u00a0\u00bb global_colors_info=\u00a0\u00bb{}\u00a0\u00bb global_module=\u00a0\u00bb12524&Prime; saved_tabs=\u00a0\u00bball\u00a0\u00bb][et_pb_fullwidth_slider _builder_version=\u00a0\u00bb4.17.4&Prime; _module_preset=\u00a0\u00bbdefault\u00a0\u00bb global_colors_info=\u00a0\u00bb{}\u00a0\u00bb][et_pb_slide heading=\u00a0\u00bbRESERVER UNE EXCURSION A BUSSANA VECCHIA\u00a0\u00bb button_text=\u00a0\u00bbRESERVER\u00a0\u00bb button_link=\u00a0\u00bbhttps:\/\/sanremoguide.it\/contact\u00a0\u00bb image=\u00a0\u00bbhttps:\/\/sanremoguide.it\/wp-content\/uploads\/2022\/06\/itouriviera.png\u00a0\u00bb _builder_version=\u00a0\u00bb4.17.4&Prime; _module_preset=\u00a0\u00bbdefault\u00a0\u00bb background_image=\u00a0\u00bbhttps:\/\/sanremoguide.it\/wp-content\/uploads\/2018\/09\/Luca_Lombardi_Sanremo_notturna.jpg\u00a0\u00bb background_enable_image=\u00a0\u00bbon\u00a0\u00bb custom_button=\u00a0\u00bbon\u00a0\u00bb button_bg_color=\u00a0\u00bb#E09900&Prime; button_border_width=\u00a0\u00bb1px\u00a0\u00bb button_border_color=\u00a0\u00bb#FFFFFF\u00a0\u00bb global_colors_info=\u00a0\u00bb{}\u00a0\u00bb sticky_transition=\u00a0\u00bbon\u00a0\u00bb][\/et_pb_slide][\/et_pb_fullwidth_slider][\/et_pb_section]<\/p>\n","protected":false},"excerpt":{"rendered":"<p>Sanremo, splendide ville au climat doux, est l&rsquo;endroit id\u00e9al pour de splendides vacances en Ligurie. Vous y trouverez la mer, d&rsquo;excellents h\u00f4tels, l&rsquo;art et la culture et de nombreux \u00e9v\u00e9nements. La ville de Sanremo, construite \u00e0 l&rsquo;\u00e9poque romaine, dans une grande crique sur la c\u00f4te ligure de Ponente, est connue comme la Perle de la [&hellip;]<\/p>\n","protected":false},"author":1,"featured_media":0,"parent":0,"menu_order":0,"comment_status":"closed","ping_status":"closed","template":"","meta":{"_et_pb_use_builder":"on","_et_pb_old_content":"<h4>Sanremo, bella citt\u00e0 dal clima mite, \u00e8 luogo ideale di splendide vacanze in Liguria, mare, ottimi hotel, arte e cultura e tantissimi eventi.<\/h4>\r\n<img class=\"aligncenter\" alt=\"Tramonto su Sanremo - Foto APT RdF\" src=\"https:\/\/www.sanremoguide.it\/uploads\/SanRemo_tramonto_350x200.jpg\" \/>\r\n\r\nLa citt\u00e0 di\u00a0<strong>Sanremo<\/strong>, sorta in epoca romana, in un'ampia insenatura della costa ligure di Ponente, \u00e8 conosciuta come la\u00a0<strong>Perla della Riviera dei Fiori<\/strong>\u00a0e nota in tutto il mondo come stazione climatico-balneare.\r\n\r\nQuesto grazie al suo\u00a0<strong>clima, mite tutto l'anno<\/strong>, dovuto alla privilegiata posizione geografica, protetta dai venti del nord, che influenza cos\u00ec il basso tasso di piovosit\u00e0, caratteristico di questo tratto di costa, nonch\u00e8 le temperature, a tal punto da permettere la crescita di piante tropicali nei rigogliosi <strong><a title=\"ville e giardini sanremo\" href=\"https:\/\/sanremoguide.it\/sanremo\/ville-e-giardini\/\" target=\"_blank\" rel=\"noopener\">giardini botanici<\/a><\/strong> che si estendono lungo tutta la Riviera dei Fiori.\r\n\r\nUn altro elemento che ha favorito lo sviluppo di Sanremo \u00e8 stata l'accoglienza di un\u00a0<strong>turismo internazionale<\/strong>, che nell'ottocento trasform\u00f2 la citt\u00e0 ed i suoi dintorni addirittura in area residenziale per alcune famose personalit\u00e0 come la zarina <strong><a title=\"Chiesa Russa Corso Imperatrice\" href=\"https:\/\/sanremoguide.it\/sanremo\/arte-e-cultura\/la-chiesa-ortodossa-russa\/\" target=\"_blank\" rel=\"noopener\">Maria Alexandrovna<\/a><\/strong> e lo scienziato <strong><a href=\"https:\/\/sanremoguide.it\/sanremo\/ville-e-giardini\/villa-nobel\/\" target=\"_blank\" rel=\"noopener\">Alfred Nobel<\/a><\/strong>.\r\n\r\nIl nome di Sanremo ha fatto il giro del mondo non solo per ragioni turistiche, ma anche per la sua produzione floreale. I\u00a0<a href=\"https:\/\/sanremoguide.it\/sanremo\/fiori-di-sanremo\/\" target=\"_blank\" rel=\"noopener\"><strong>fiori<\/strong><\/a>\u00a0che vengono coltivati sulla collina di Sanremo sono poi esportati in tutto il mondo.\r\n\r\nEd accanto ai profumi della natura e la bellezza della citt\u00e0 storica, non manca anche un tocco di mondanit\u00e0, offerta dalle festose sale del celeberrimo <a title=\"Casin\u00f2 sanremo\" href=\"https:\/\/sanremoguide.it\/sanremo\/il-casino-di-sanremo\/\" target=\"_blank\" rel=\"noopener\"><strong>Casin\u00f2<\/strong><\/a>, tutto l'anno, e dall'evento annuale di richiamo mondiale, il\u00a0<a title=\"Festival di Sanremo, Festival della Canzone Italiana\" href=\"https:\/\/sanremoguide.it\/eventi-sanremo\/festival-di-sanremo\/\" target=\"_blank\" rel=\"noopener\"><strong>Festival della Canzone Italiana<\/strong><\/a>.","_et_gb_content_width":"","footnotes":""},"class_list":["post-12240","page","type-page","status-publish","hentry"],"yoast_head":"<!-- This site is optimized with the Yoast SEO plugin v27.4 - https:\/\/yoast.com\/product\/yoast-seo-wordpress\/ -->\n<title>SANREMO guide touristique de la ville de Sanremo<\/title>\n<meta name=\"description\" content=\"Tout sur l&#039;art et la culture, \u00e9v\u00e9nements Sanremo, h\u00f4tel Sanremo, restaurants Sanremo, vacances en Ligurie, excursions, informations sur comment arriver et bien d&#039;autres\" \/>\n<meta name=\"robots\" content=\"index, follow, max-snippet:-1, max-image-preview:large, max-video-preview:-1\" \/>\n<link rel=\"canonical\" href=\"https:\/\/sanremoguide.it\/fr\/la-ville-de-sanremo\/\" \/>\n<meta property=\"og:locale\" content=\"fr_FR\" \/>\n<meta property=\"og:type\" content=\"article\" \/>\n<meta property=\"og:title\" content=\"SANREMO guide touristique de la ville de Sanremo\" \/>\n<meta property=\"og:description\" content=\"Tout sur l&#039;art et la culture, \u00e9v\u00e9nements Sanremo, h\u00f4tel Sanremo, restaurants Sanremo, vacances en Ligurie, excursions, informations sur comment arriver et bien d&#039;autres\" \/>\n<meta property=\"og:url\" content=\"https:\/\/sanremoguide.it\/fr\/la-ville-de-sanremo\/\" \/>\n<meta property=\"og:site_name\" content=\"SANREMO GUIDE | la guida turistica di Sanremo\" \/>\n<meta property=\"article:modified_time\" content=\"2022-06-13T16:40:55+00:00\" \/>\n<meta property=\"og:image\" content=\"https:\/\/www.sanremoguide.it\/uploads\/SanRemo_tramonto_350x200.jpg\" \/>\n<meta name=\"twitter:label1\" content=\"Dur\u00e9e de lecture estim\u00e9e\" \/>\n\t<meta name=\"twitter:data1\" content=\"3 minutes\" \/>\n<script type=\"application\/ld+json\" class=\"yoast-schema-graph\">{\"@context\":\"https:\\\/\\\/schema.org\",\"@graph\":[{\"@type\":\"WebPage\",\"@id\":\"https:\\\/\\\/sanremoguide.it\\\/fr\\\/la-ville-de-sanremo\\\/\",\"url\":\"https:\\\/\\\/sanremoguide.it\\\/fr\\\/la-ville-de-sanremo\\\/\",\"name\":\"SANREMO guide touristique de la ville de Sanremo\",\"isPartOf\":{\"@id\":\"https:\\\/\\\/sanremoguide.it\\\/#website\"},\"primaryImageOfPage\":{\"@id\":\"https:\\\/\\\/sanremoguide.it\\\/fr\\\/la-ville-de-sanremo\\\/#primaryimage\"},\"image\":{\"@id\":\"https:\\\/\\\/sanremoguide.it\\\/fr\\\/la-ville-de-sanremo\\\/#primaryimage\"},\"thumbnailUrl\":\"https:\\\/\\\/www.sanremoguide.it\\\/uploads\\\/SanRemo_tramonto_350x200.jpg\",\"datePublished\":\"2022-06-10T18:24:39+00:00\",\"dateModified\":\"2022-06-13T16:40:55+00:00\",\"description\":\"Tout sur l'art et la culture, \u00e9v\u00e9nements Sanremo, h\u00f4tel Sanremo, restaurants Sanremo, vacances en Ligurie, excursions, informations sur comment arriver et bien d'autres\",\"breadcrumb\":{\"@id\":\"https:\\\/\\\/sanremoguide.it\\\/fr\\\/la-ville-de-sanremo\\\/#breadcrumb\"},\"inLanguage\":\"fr-FR\",\"potentialAction\":[{\"@type\":\"ReadAction\",\"target\":[\"https:\\\/\\\/sanremoguide.it\\\/fr\\\/la-ville-de-sanremo\\\/\"]}]},{\"@type\":\"ImageObject\",\"inLanguage\":\"fr-FR\",\"@id\":\"https:\\\/\\\/sanremoguide.it\\\/fr\\\/la-ville-de-sanremo\\\/#primaryimage\",\"url\":\"https:\\\/\\\/www.sanremoguide.it\\\/uploads\\\/SanRemo_tramonto_350x200.jpg\",\"contentUrl\":\"https:\\\/\\\/www.sanremoguide.it\\\/uploads\\\/SanRemo_tramonto_350x200.jpg\"},{\"@type\":\"BreadcrumbList\",\"@id\":\"https:\\\/\\\/sanremoguide.it\\\/fr\\\/la-ville-de-sanremo\\\/#breadcrumb\",\"itemListElement\":[{\"@type\":\"ListItem\",\"position\":1,\"name\":\"Home\",\"item\":\"https:\\\/\\\/sanremoguide.it\\\/\"},{\"@type\":\"ListItem\",\"position\":2,\"name\":\"LA VILLE DE SANREMO\"}]},{\"@type\":\"WebSite\",\"@id\":\"https:\\\/\\\/sanremoguide.it\\\/#website\",\"url\":\"https:\\\/\\\/sanremoguide.it\\\/\",\"name\":\"SANREMO GUIDE | la guida turistica di Sanremo\",\"description\":\"la guida turistica della citt\u00e0 di Sanremo\",\"potentialAction\":[{\"@type\":\"SearchAction\",\"target\":{\"@type\":\"EntryPoint\",\"urlTemplate\":\"https:\\\/\\\/sanremoguide.it\\\/?s={search_term_string}\"},\"query-input\":{\"@type\":\"PropertyValueSpecification\",\"valueRequired\":true,\"valueName\":\"search_term_string\"}}],\"inLanguage\":\"fr-FR\"}]}<\/script>\n<!-- \/ Yoast SEO plugin. -->","yoast_head_json":{"title":"SANREMO guide touristique de la ville de Sanremo","description":"Tout sur l'art et la culture, \u00e9v\u00e9nements Sanremo, h\u00f4tel Sanremo, restaurants Sanremo, vacances en Ligurie, excursions, informations sur comment arriver et bien d'autres","robots":{"index":"index","follow":"follow","max-snippet":"max-snippet:-1","max-image-preview":"max-image-preview:large","max-video-preview":"max-video-preview:-1"},"canonical":"https:\/\/sanremoguide.it\/fr\/la-ville-de-sanremo\/","og_locale":"fr_FR","og_type":"article","og_title":"SANREMO guide touristique de la ville de Sanremo","og_description":"Tout sur l'art et la culture, \u00e9v\u00e9nements Sanremo, h\u00f4tel Sanremo, restaurants Sanremo, vacances en Ligurie, excursions, informations sur comment arriver et bien d'autres","og_url":"https:\/\/sanremoguide.it\/fr\/la-ville-de-sanremo\/","og_site_name":"SANREMO GUIDE | la guida turistica di Sanremo","article_modified_time":"2022-06-13T16:40:55+00:00","og_image":[{"url":"https:\/\/www.sanremoguide.it\/uploads\/SanRemo_tramonto_350x200.jpg","type":"","width":"","height":""}],"twitter_misc":{"Dur\u00e9e de lecture estim\u00e9e":"3 minutes"},"schema":{"@context":"https:\/\/schema.org","@graph":[{"@type":"WebPage","@id":"https:\/\/sanremoguide.it\/fr\/la-ville-de-sanremo\/","url":"https:\/\/sanremoguide.it\/fr\/la-ville-de-sanremo\/","name":"SANREMO guide touristique de la ville de Sanremo","isPartOf":{"@id":"https:\/\/sanremoguide.it\/#website"},"primaryImageOfPage":{"@id":"https:\/\/sanremoguide.it\/fr\/la-ville-de-sanremo\/#primaryimage"},"image":{"@id":"https:\/\/sanremoguide.it\/fr\/la-ville-de-sanremo\/#primaryimage"},"thumbnailUrl":"https:\/\/www.sanremoguide.it\/uploads\/SanRemo_tramonto_350x200.jpg","datePublished":"2022-06-10T18:24:39+00:00","dateModified":"2022-06-13T16:40:55+00:00","description":"Tout sur l'art et la culture, \u00e9v\u00e9nements Sanremo, h\u00f4tel Sanremo, restaurants Sanremo, vacances en Ligurie, excursions, informations sur comment arriver et bien d'autres","breadcrumb":{"@id":"https:\/\/sanremoguide.it\/fr\/la-ville-de-sanremo\/#breadcrumb"},"inLanguage":"fr-FR","potentialAction":[{"@type":"ReadAction","target":["https:\/\/sanremoguide.it\/fr\/la-ville-de-sanremo\/"]}]},{"@type":"ImageObject","inLanguage":"fr-FR","@id":"https:\/\/sanremoguide.it\/fr\/la-ville-de-sanremo\/#primaryimage","url":"https:\/\/www.sanremoguide.it\/uploads\/SanRemo_tramonto_350x200.jpg","contentUrl":"https:\/\/www.sanremoguide.it\/uploads\/SanRemo_tramonto_350x200.jpg"},{"@type":"BreadcrumbList","@id":"https:\/\/sanremoguide.it\/fr\/la-ville-de-sanremo\/#breadcrumb","itemListElement":[{"@type":"ListItem","position":1,"name":"Home","item":"https:\/\/sanremoguide.it\/"},{"@type":"ListItem","position":2,"name":"LA VILLE DE SANREMO"}]},{"@type":"WebSite","@id":"https:\/\/sanremoguide.it\/#website","url":"https:\/\/sanremoguide.it\/","name":"SANREMO GUIDE | la guida turistica di Sanremo","description":"la guida turistica della citt\u00e0 di Sanremo","potentialAction":[{"@type":"SearchAction","target":{"@type":"EntryPoint","urlTemplate":"https:\/\/sanremoguide.it\/?s={search_term_string}"},"query-input":{"@type":"PropertyValueSpecification","valueRequired":true,"valueName":"search_term_string"}}],"inLanguage":"fr-FR"}]}},"_links":{"self":[{"href":"https:\/\/sanremoguide.it\/fr\/wp-json\/wp\/v2\/pages\/12240","targetHints":{"allow":["GET"]}}],"collection":[{"href":"https:\/\/sanremoguide.it\/fr\/wp-json\/wp\/v2\/pages"}],"about":[{"href":"https:\/\/sanremoguide.it\/fr\/wp-json\/wp\/v2\/types\/page"}],"author":[{"embeddable":true,"href":"https:\/\/sanremoguide.it\/fr\/wp-json\/wp\/v2\/users\/1"}],"replies":[{"embeddable":true,"href":"https:\/\/sanremoguide.it\/fr\/wp-json\/wp\/v2\/comments?post=12240"}],"version-history":[{"count":6,"href":"https:\/\/sanremoguide.it\/fr\/wp-json\/wp\/v2\/pages\/12240\/revisions"}],"predecessor-version":[{"id":12670,"href":"https:\/\/sanremoguide.it\/fr\/wp-json\/wp\/v2\/pages\/12240\/revisions\/12670"}],"wp:attachment":[{"href":"https:\/\/sanremoguide.it\/fr\/wp-json\/wp\/v2\/media?parent=12240"}],"curies":[{"name":"wp","href":"https:\/\/api.w.org\/{rel}","templated":true}]}}