{"id":12243,"date":"2022-06-10T18:55:18","date_gmt":"2022-06-10T18:55:18","guid":{"rendered":"https:\/\/sanremoguide.it\/casino-de-san-remo\/histoire-du-casino-de-sanremo\/"},"modified":"2022-06-13T17:27:07","modified_gmt":"2022-06-13T17:27:07","slug":"histoire-du-casino-de-sanremo","status":"publish","type":"page","link":"https:\/\/sanremoguide.it\/fr\/la-ville-de-sanremo\/casino-de-san-remo\/histoire-du-casino-de-sanremo\/","title":{"rendered":"Histoire du Casino de Sanremo"},"content":{"rendered":"<p>[et_pb_section fb_built=\u00a0\u00bb1&Prime; fullwidth=\u00a0\u00bbon\u00a0\u00bb admin_label=\u00a0\u00bbSezione\u00a0\u00bb _builder_version=\u00a0\u00bb4.17.4&Prime; _module_preset=\u00a0\u00bbdefault\u00a0\u00bb global_colors_info=\u00a0\u00bb{}\u00a0\u00bb][et_pb_fullwidth_slider _builder_version=\u00a0\u00bb4.17.4&Prime; _module_preset=\u00a0\u00bbdefault\u00a0\u00bb background_image=\u00a0\u00bbhttps:\/\/sanremoguide.it\/wp-content\/uploads\/2018\/09\/Luca_Lombardi_Sanremo_La_Primavera.jpg\u00a0\u00bb global_colors_info=\u00a0\u00bb{}\u00a0\u00bb][et_pb_slide heading=\u00a0\u00bbCasino de Sanremo\u00a0\u00bb _builder_version=\u00a0\u00bb4.17.4&Prime; _module_preset=\u00a0\u00bbdefault\u00a0\u00bb background_image=\u00a0\u00bbhttps:\/\/sanremoguide.it\/wp-content\/uploads\/2018\/09\/Luca_Lombardi_Sanremo_casin\u00f2.jpg\u00a0\u00bb background_enable_image=\u00a0\u00bbon\u00a0\u00bb custom_button=\u00a0\u00bbon\u00a0\u00bb button_text_color=\u00a0\u00bb#256b00&Prime; button_bg_color=\u00a0\u00bb#f2b500&Prime; button_border_color=\u00a0\u00bb#FFFFFF\u00a0\u00bb button_icon=\u00a0\u00bb&#x41;||divi||400&Prime; box_shadow_style_button=\u00a0\u00bbpreset1&Prime; text_shadow_style=\u00a0\u00bbpreset3&Prime; global_colors_info=\u00a0\u00bb{}\u00a0\u00bb sticky_transition=\u00a0\u00bbon\u00a0\u00bb][\/et_pb_slide][\/et_pb_fullwidth_slider][\/et_pb_section][et_pb_section fb_built=\u00a0\u00bb1&Prime; _builder_version=\u00a0\u00bb4.16&Prime; global_colors_info=\u00a0\u00bb{}\u00a0\u00bb][et_pb_row _builder_version=\u00a0\u00bb4.16&Prime; background_size=\u00a0\u00bbinitial\u00a0\u00bb background_position=\u00a0\u00bbtop_left\u00a0\u00bb background_repeat=\u00a0\u00bbrepeat\u00a0\u00bb global_colors_info=\u00a0\u00bb{}\u00a0\u00bb][et_pb_column type=\u00a0\u00bb4_4&Prime; _builder_version=\u00a0\u00bb4.16&Prime; custom_padding=\u00a0\u00bb|||\u00a0\u00bb global_colors_info=\u00a0\u00bb{}\u00a0\u00bb custom_padding__hover=\u00a0\u00bb|||\u00a0\u00bb][et_pb_text _builder_version=\u00a0\u00bb4.17.4&Prime; background_size=\u00a0\u00bbinitial\u00a0\u00bb background_position=\u00a0\u00bbtop_left\u00a0\u00bb background_repeat=\u00a0\u00bbrepeat\u00a0\u00bb global_colors_info=\u00a0\u00bb{}\u00a0\u00bb]<\/p>\n<h2>Le Casino de Sanremo, un b\u00e2timent historique de style Liberty \u00e0 Sanremo, est le lieu exclusif des tournois de poker internationaux, tandis que l&rsquo;Op\u00e9ra accueille divers \u00e9v\u00e9nements culturels (des concerts aux pr\u00e9sentations de livres)<\/h2>\n<p>Tout a commenc\u00e9 le 12 janvier 1905 lorsque pour la premi\u00e8re fois les salles du <strong>Casino Municipal de Sanremo<\/strong> (qui \u00e0 l&rsquo;\u00e9poque s&rsquo;appelait Kursaal), furent ouvertes au public lors d&rsquo;une soir\u00e9e de gala tr\u00e8s luxueuse r\u00e9serv\u00e9e aux invit\u00e9s exclusifs et importants.<\/p>\n<h3>Histoire du Casino de Sanremo<\/h3>\n<p>A partir de ce moment, le <strong>Casin\u00f2 di Sanremo <\/strong> a commenc\u00e9 \u00e0 \u00e9crire son histoire pleine de charme, de fortunes diverses (surtout pour les joueurs&#8230;) et de grandes attractions culturelles, artistiques, th\u00e9\u00e2trales qui compl\u00e8tent les activit\u00e9s de la maison de jeu et qui en font un centre culturel important pour la <strong>Cit\u00e9 des Fleurs<\/strong>.<\/p>\n<p>Le design de l&rsquo;immeuble Art Nouveau a \u00e9t\u00e9 pens\u00e9 par l&rsquo;architecte parisien Eug\u00e8ne Ferret qui avait d\u00e9j\u00e0 con\u00e7u d&rsquo;autres casinos (Saigon et Cannes) et rapidement l&rsquo;immeuble blanc est devenu l&rsquo;un des symboles de Sanremo dans le monde.<\/p>\n<p>De nombreuses personnalit\u00e9s de premier plan, grands souverains, acteurs, chanteurs, riches magnats, cheikhs sont pass\u00e9s par les salles de jeux du Casino&#8230; En plus de 100 ans, ses salons ont vu alterner les personnages les plus c\u00e9l\u00e8bres du monde.<\/p>\n<p>La maison de jeu Matuziana \u00e9tait d\u00e8s les premi\u00e8res ann\u00e9es un important centre culturel gr\u00e2ce \u00e9galement \u00e0 la pr\u00e9sence du th\u00e9\u00e2tre qui offrait des saisons de grand calibre, (les dramaturges de la famille De Filippo s&rsquo;y produisait souvent) une tradition du <strong>Th\u00e9\u00e2tre du Casino<\/strong> qui se poursuit aujourd&rsquo;hui avec de beaux succ\u00e8s sur sc\u00e8ne.<\/p>\n<h3>\u00c9v\u00e9nements du Casino de San Remo<\/h3>\n<p>Au fil des d\u00e9cennies, des \u00e9v\u00e9nements <strong>culturels<\/strong> de grande envergure ont eu lieu allant de concerts, concours de musique, danses de ballet, op\u00e9ras aux expositions d&rsquo;art (Aligi Sassu, Salvador Dal\u00ec, Giacomo Manz\u00f9, Antonio Rubino).<br \/>\nEn 1951, deux des symboles de la <strong>Cit\u00e9 des Fleurs<\/strong> se sont rencontr\u00e9s dans la <strong>Salle des F\u00eates du Casino de Sanremo<\/strong> : c&rsquo;est sous l&rsquo;aile protectrice de la maison de jeu qu&rsquo;est n\u00e9 le <strong>Festival de la Chanson Italienne<\/strong>, le 29 janvier 1951. Le fameux <strong><a href=\"https:\/\/sanremoguide.it\/fr\/evenements-san-remo\/festival-de-la-chanson-de-san-remo\/\" target=\"_blank\" rel=\"noopener\">Festival de Sanremo<\/a><\/strong> qui est encore c\u00e9l\u00e9br\u00e9 aujourd&rsquo;hui et pour lequel la ville devient la capitale du monde pendant une semaine.<\/p>\n<p>N&rsquo;oublions pas les <strong>\u00ab\u00a0mardis litt\u00e9raires\u00a0\u00bb<\/strong> qui succ\u00e8dent aux \u00ab\u00a0lundi litt\u00e9raires\u00a0\u00bb n\u00e9s dans les ann\u00e9es 1930 (lorsque les commissaires des conf\u00e9rences \u00e9taient des personnalit\u00e9s du calibre de Francesco Pastonchi et Luigi Pirandello), qui offrent chaque ann\u00e9e une vitrine des plus importants \u00e9crivains et homme de lettres de port\u00e9e internationale (Rita Levi Montalcini, Arrigo Petacco, Vittorio Sgarbi, Magdi Allam).<\/p>\n<p>Pour conclure avec une anecdote, peu savent que le concours <strong>Miss Italie<\/strong> est \u00e9galement pass\u00e9 par le Casino de Sanremo. En 1951, entre le 20 et le 23 septembre, les filles ont d\u00e9fil\u00e9 dans la <strong>Salle des F\u00eates du Casino&lt;\/ strong&gt; et dans deux h\u00f4tels de la ville. Miss Isabella Valdettaro a \u00e9t\u00e9 r\u00e9compens\u00e9e, couronn\u00e9e par un jury de noms c\u00e9l\u00e8bres dont Silvana Mangano, Lucia Bos\u00e9 et Dino De Laurentiis.<\/strong><\/p>\n<p>Visitez le site officiel du <a href=\"https:\/\/www.casinosanremo.it\/main\/\" target=\"_blank\" rel=\"noopener\">Casino di Sanremo<\/a>.[\/et_pb_text][\/et_pb_column][\/et_pb_row][\/et_pb_section][et_pb_section fb_built=\u00a0\u00bb1&Prime; fullwidth=\u00a0\u00bbon\u00a0\u00bb _builder_version=\u00a0\u00bb4.17.4&Prime; _module_preset=\u00a0\u00bbdefault\u00a0\u00bb global_module=\u00a0\u00bb12524&Prime; saved_tabs=\u00a0\u00bball\u00a0\u00bb locked=\u00a0\u00bboff\u00a0\u00bb global_colors_info=\u00a0\u00bb{}\u00a0\u00bb][et_pb_fullwidth_slider _builder_version=\u00a0\u00bb4.17.4&Prime; _module_preset=\u00a0\u00bbdefault\u00a0\u00bb global_colors_info=\u00a0\u00bb{}\u00a0\u00bb][et_pb_slide heading=\u00a0\u00bbRESERVER UNE EXCURSION A BUSSANA VECCHIA\u00a0\u00bb button_text=\u00a0\u00bbRESERVER\u00a0\u00bb button_link=\u00a0\u00bbhttps:\/\/sanremoguide.it\/contact\u00a0\u00bb image=\u00a0\u00bbhttps:\/\/sanremoguide.it\/wp-content\/uploads\/2022\/06\/itouriviera.png\u00a0\u00bb _builder_version=\u00a0\u00bb4.17.4&Prime; _module_preset=\u00a0\u00bbdefault\u00a0\u00bb background_image=\u00a0\u00bbhttps:\/\/sanremoguide.it\/wp-content\/uploads\/2018\/09\/Luca_Lombardi_Sanremo_notturna.jpg\u00a0\u00bb background_enable_image=\u00a0\u00bbon\u00a0\u00bb custom_button=\u00a0\u00bbon\u00a0\u00bb button_bg_color=\u00a0\u00bb#E09900&Prime; button_border_width=\u00a0\u00bb1px\u00a0\u00bb button_border_color=\u00a0\u00bb#FFFFFF\u00a0\u00bb global_colors_info=\u00a0\u00bb{}\u00a0\u00bb sticky_transition=\u00a0\u00bbon\u00a0\u00bb][\/et_pb_slide][\/et_pb_fullwidth_slider][\/et_pb_section]<\/p>\n","protected":false},"excerpt":{"rendered":"<p>Le Casino de Sanremo, un b\u00e2timent historique de style Liberty \u00e0 Sanremo, est le lieu exclusif des tournois de poker internationaux, tandis que l&rsquo;Op\u00e9ra accueille divers \u00e9v\u00e9nements culturels (des concerts aux pr\u00e9sentations de livres) Tout a commenc\u00e9 le 12 janvier 1905 lorsque pour la premi\u00e8re fois les salles du Casino Municipal de Sanremo (qui \u00e0 [&hellip;]<\/p>\n","protected":false},"author":1,"featured_media":0,"parent":9660,"menu_order":0,"comment_status":"closed","ping_status":"closed","template":"","meta":{"_et_pb_use_builder":"on","_et_pb_old_content":"","_et_gb_content_width":"","footnotes":""},"class_list":["post-12243","page","type-page","status-publish","hentry"],"yoast_head":"<!-- This site is optimized with the Yoast SEO plugin v27.4 - https:\/\/yoast.com\/product\/yoast-seo-wordpress\/ -->\n<title>Casino Sanremo - lieu de jeu et d&#039;\u00e9v\u00e9nements culturels<\/title>\n<meta name=\"description\" content=\"Le Casino de Sanremo est un des plus importants centres culturels (Th\u00e9\u00e2tre du Casino). Dans la salle de jeux se d\u00e9roulent des tournois de poker italiens et internationaux.\" \/>\n<meta name=\"robots\" content=\"index, follow, max-snippet:-1, max-image-preview:large, max-video-preview:-1\" \/>\n<link rel=\"canonical\" href=\"https:\/\/sanremoguide.it\/fr\/la-ville-de-sanremo\/casino-de-san-remo\/histoire-du-casino-de-sanremo\/\" \/>\n<meta property=\"og:locale\" content=\"fr_FR\" \/>\n<meta property=\"og:type\" content=\"article\" \/>\n<meta property=\"og:title\" content=\"Casino Sanremo - lieu de jeu et d&#039;\u00e9v\u00e9nements culturels\" \/>\n<meta property=\"og:description\" content=\"Le Casino de Sanremo est un des plus importants centres culturels (Th\u00e9\u00e2tre du Casino). Dans la salle de jeux se d\u00e9roulent des tournois de poker italiens et internationaux.\" \/>\n<meta property=\"og:url\" content=\"https:\/\/sanremoguide.it\/fr\/la-ville-de-sanremo\/casino-de-san-remo\/histoire-du-casino-de-sanremo\/\" \/>\n<meta property=\"og:site_name\" content=\"SANREMO GUIDE | la guida turistica di Sanremo\" \/>\n<meta property=\"article:modified_time\" content=\"2022-06-13T17:27:07+00:00\" \/>\n<meta name=\"twitter:label1\" content=\"Dur\u00e9e de lecture estim\u00e9e\" \/>\n\t<meta name=\"twitter:data1\" content=\"4 minutes\" \/>\n<script type=\"application\/ld+json\" class=\"yoast-schema-graph\">{\"@context\":\"https:\\\/\\\/schema.org\",\"@graph\":[{\"@type\":\"WebPage\",\"@id\":\"https:\\\/\\\/sanremoguide.it\\\/fr\\\/la-ville-de-sanremo\\\/casino-de-san-remo\\\/histoire-du-casino-de-sanremo\\\/\",\"url\":\"https:\\\/\\\/sanremoguide.it\\\/fr\\\/la-ville-de-sanremo\\\/casino-de-san-remo\\\/histoire-du-casino-de-sanremo\\\/\",\"name\":\"Casino Sanremo - lieu de jeu et d'\u00e9v\u00e9nements culturels\",\"isPartOf\":{\"@id\":\"https:\\\/\\\/sanremoguide.it\\\/#website\"},\"datePublished\":\"2022-06-10T18:55:18+00:00\",\"dateModified\":\"2022-06-13T17:27:07+00:00\",\"description\":\"Le Casino de Sanremo est un des plus importants centres culturels (Th\u00e9\u00e2tre du Casino). Dans la salle de jeux se d\u00e9roulent des tournois de poker italiens et internationaux.\",\"breadcrumb\":{\"@id\":\"https:\\\/\\\/sanremoguide.it\\\/fr\\\/la-ville-de-sanremo\\\/casino-de-san-remo\\\/histoire-du-casino-de-sanremo\\\/#breadcrumb\"},\"inLanguage\":\"fr-FR\",\"potentialAction\":[{\"@type\":\"ReadAction\",\"target\":[\"https:\\\/\\\/sanremoguide.it\\\/fr\\\/la-ville-de-sanremo\\\/casino-de-san-remo\\\/histoire-du-casino-de-sanremo\\\/\"]}]},{\"@type\":\"BreadcrumbList\",\"@id\":\"https:\\\/\\\/sanremoguide.it\\\/fr\\\/la-ville-de-sanremo\\\/casino-de-san-remo\\\/histoire-du-casino-de-sanremo\\\/#breadcrumb\",\"itemListElement\":[{\"@type\":\"ListItem\",\"position\":1,\"name\":\"Home\",\"item\":\"https:\\\/\\\/sanremoguide.it\\\/\"},{\"@type\":\"ListItem\",\"position\":2,\"name\":\"LA VILLE DE SANREMO\",\"item\":\"https:\\\/\\\/sanremoguide.it\\\/fr\\\/la-ville-de-sanremo\\\/\"},{\"@type\":\"ListItem\",\"position\":3,\"name\":\"Casino de San Remo\",\"item\":\"https:\\\/\\\/sanremoguide.it\\\/fr\\\/la-ville-de-sanremo\\\/casino-de-san-remo\\\/\"},{\"@type\":\"ListItem\",\"position\":4,\"name\":\"Histoire du Casino de Sanremo\"}]},{\"@type\":\"WebSite\",\"@id\":\"https:\\\/\\\/sanremoguide.it\\\/#website\",\"url\":\"https:\\\/\\\/sanremoguide.it\\\/\",\"name\":\"SANREMO GUIDE | la guida turistica di Sanremo\",\"description\":\"la guida turistica della citt\u00e0 di Sanremo\",\"potentialAction\":[{\"@type\":\"SearchAction\",\"target\":{\"@type\":\"EntryPoint\",\"urlTemplate\":\"https:\\\/\\\/sanremoguide.it\\\/?s={search_term_string}\"},\"query-input\":{\"@type\":\"PropertyValueSpecification\",\"valueRequired\":true,\"valueName\":\"search_term_string\"}}],\"inLanguage\":\"fr-FR\"}]}<\/script>\n<!-- \/ Yoast SEO plugin. -->","yoast_head_json":{"title":"Casino Sanremo - lieu de jeu et d'\u00e9v\u00e9nements culturels","description":"Le Casino de Sanremo est un des plus importants centres culturels (Th\u00e9\u00e2tre du Casino). Dans la salle de jeux se d\u00e9roulent des tournois de poker italiens et internationaux.","robots":{"index":"index","follow":"follow","max-snippet":"max-snippet:-1","max-image-preview":"max-image-preview:large","max-video-preview":"max-video-preview:-1"},"canonical":"https:\/\/sanremoguide.it\/fr\/la-ville-de-sanremo\/casino-de-san-remo\/histoire-du-casino-de-sanremo\/","og_locale":"fr_FR","og_type":"article","og_title":"Casino Sanremo - lieu de jeu et d'\u00e9v\u00e9nements culturels","og_description":"Le Casino de Sanremo est un des plus importants centres culturels (Th\u00e9\u00e2tre du Casino). Dans la salle de jeux se d\u00e9roulent des tournois de poker italiens et internationaux.","og_url":"https:\/\/sanremoguide.it\/fr\/la-ville-de-sanremo\/casino-de-san-remo\/histoire-du-casino-de-sanremo\/","og_site_name":"SANREMO GUIDE | la guida turistica di Sanremo","article_modified_time":"2022-06-13T17:27:07+00:00","twitter_misc":{"Dur\u00e9e de lecture estim\u00e9e":"4 minutes"},"schema":{"@context":"https:\/\/schema.org","@graph":[{"@type":"WebPage","@id":"https:\/\/sanremoguide.it\/fr\/la-ville-de-sanremo\/casino-de-san-remo\/histoire-du-casino-de-sanremo\/","url":"https:\/\/sanremoguide.it\/fr\/la-ville-de-sanremo\/casino-de-san-remo\/histoire-du-casino-de-sanremo\/","name":"Casino Sanremo - lieu de jeu et d'\u00e9v\u00e9nements culturels","isPartOf":{"@id":"https:\/\/sanremoguide.it\/#website"},"datePublished":"2022-06-10T18:55:18+00:00","dateModified":"2022-06-13T17:27:07+00:00","description":"Le Casino de Sanremo est un des plus importants centres culturels (Th\u00e9\u00e2tre du Casino). Dans la salle de jeux se d\u00e9roulent des tournois de poker italiens et internationaux.","breadcrumb":{"@id":"https:\/\/sanremoguide.it\/fr\/la-ville-de-sanremo\/casino-de-san-remo\/histoire-du-casino-de-sanremo\/#breadcrumb"},"inLanguage":"fr-FR","potentialAction":[{"@type":"ReadAction","target":["https:\/\/sanremoguide.it\/fr\/la-ville-de-sanremo\/casino-de-san-remo\/histoire-du-casino-de-sanremo\/"]}]},{"@type":"BreadcrumbList","@id":"https:\/\/sanremoguide.it\/fr\/la-ville-de-sanremo\/casino-de-san-remo\/histoire-du-casino-de-sanremo\/#breadcrumb","itemListElement":[{"@type":"ListItem","position":1,"name":"Home","item":"https:\/\/sanremoguide.it\/"},{"@type":"ListItem","position":2,"name":"LA VILLE DE SANREMO","item":"https:\/\/sanremoguide.it\/fr\/la-ville-de-sanremo\/"},{"@type":"ListItem","position":3,"name":"Casino de San Remo","item":"https:\/\/sanremoguide.it\/fr\/la-ville-de-sanremo\/casino-de-san-remo\/"},{"@type":"ListItem","position":4,"name":"Histoire du Casino de Sanremo"}]},{"@type":"WebSite","@id":"https:\/\/sanremoguide.it\/#website","url":"https:\/\/sanremoguide.it\/","name":"SANREMO GUIDE | la guida turistica di Sanremo","description":"la guida turistica della citt\u00e0 di Sanremo","potentialAction":[{"@type":"SearchAction","target":{"@type":"EntryPoint","urlTemplate":"https:\/\/sanremoguide.it\/?s={search_term_string}"},"query-input":{"@type":"PropertyValueSpecification","valueRequired":true,"valueName":"search_term_string"}}],"inLanguage":"fr-FR"}]}},"_links":{"self":[{"href":"https:\/\/sanremoguide.it\/fr\/wp-json\/wp\/v2\/pages\/12243","targetHints":{"allow":["GET"]}}],"collection":[{"href":"https:\/\/sanremoguide.it\/fr\/wp-json\/wp\/v2\/pages"}],"about":[{"href":"https:\/\/sanremoguide.it\/fr\/wp-json\/wp\/v2\/types\/page"}],"author":[{"embeddable":true,"href":"https:\/\/sanremoguide.it\/fr\/wp-json\/wp\/v2\/users\/1"}],"replies":[{"embeddable":true,"href":"https:\/\/sanremoguide.it\/fr\/wp-json\/wp\/v2\/comments?post=12243"}],"version-history":[{"count":6,"href":"https:\/\/sanremoguide.it\/fr\/wp-json\/wp\/v2\/pages\/12243\/revisions"}],"predecessor-version":[{"id":12766,"href":"https:\/\/sanremoguide.it\/fr\/wp-json\/wp\/v2\/pages\/12243\/revisions\/12766"}],"up":[{"embeddable":true,"href":"https:\/\/sanremoguide.it\/fr\/wp-json\/wp\/v2\/pages\/9660"}],"wp:attachment":[{"href":"https:\/\/sanremoguide.it\/fr\/wp-json\/wp\/v2\/media?parent=12243"}],"curies":[{"name":"wp","href":"https:\/\/api.w.org\/{rel}","templated":true}]}}