

{"id":12762,"date":"2022-06-13T17:26:20","date_gmt":"2022-06-13T17:26:20","guid":{"rendered":"https:\/\/sanremoguide.it\/shopping\/"},"modified":"2022-06-13T17:26:21","modified_gmt":"2022-06-13T17:26:21","slug":"shopping","status":"publish","type":"page","link":"https:\/\/sanremoguide.it\/fr\/infos-pratiques\/shopping\/","title":{"rendered":"SHOPPING"},"content":{"rendered":"<p>[et_pb_section fb_built=\u00a0\u00bb1&Prime; fullwidth=\u00a0\u00bbon\u00a0\u00bb _builder_version=\u00a0\u00bb4.17.4&Prime; _module_preset=\u00a0\u00bbdefault\u00a0\u00bb locked=\u00a0\u00bboff\u00a0\u00bb global_colors_info=\u00a0\u00bb{}\u00a0\u00bb][et_pb_fullwidth_slider _builder_version=\u00a0\u00bb4.17.4&Prime; _module_preset=\u00a0\u00bbdefault\u00a0\u00bb background_image=\u00a0\u00bbhttps:\/\/sanremoguide.it\/wp-content\/uploads\/2018\/09\/Luca_Lombardi_Sanremo_La_Primavera.jpg\u00a0\u00bb global_colors_info=\u00a0\u00bb{}\u00a0\u00bb][et_pb_slide heading=\u00a0\u00bbShopping\u00a0\u00bb _builder_version=\u00a0\u00bb4.17.4&Prime; _module_preset=\u00a0\u00bbdefault\u00a0\u00bb custom_button=\u00a0\u00bbon\u00a0\u00bb button_text_color=\u00a0\u00bb#256b00&Prime; button_bg_color=\u00a0\u00bb#f2b500&Prime; button_border_color=\u00a0\u00bb#FFFFFF\u00a0\u00bb button_icon=\u00a0\u00bb&#x41;||divi||400&Prime; text_orientation=\u00a0\u00bbcenter\u00a0\u00bb background_layout=\u00a0\u00bblight\u00a0\u00bb box_shadow_style_button=\u00a0\u00bbpreset1&Prime; text_shadow_style=\u00a0\u00bbpreset3&Prime; global_colors_info=\u00a0\u00bb{}\u00a0\u00bb sticky_transition=\u00a0\u00bbon\u00a0\u00bb][\/et_pb_slide][\/et_pb_fullwidth_slider][\/et_pb_section][et_pb_section fb_built=\u00a0\u00bb1&Prime; admin_label=\u00a0\u00bbSection\u00a0\u00bb _builder_version=\u00a0\u00bb4.16&Prime; global_colors_info=\u00a0\u00bb{}\u00a0\u00bb][et_pb_row _builder_version=\u00a0\u00bb4.16&Prime; background_size=\u00a0\u00bbinitial\u00a0\u00bb background_position=\u00a0\u00bbtop_left\u00a0\u00bb background_repeat=\u00a0\u00bbrepeat\u00a0\u00bb global_colors_info=\u00a0\u00bb{}\u00a0\u00bb][et_pb_column type=\u00a0\u00bb4_4&Prime; _builder_version=\u00a0\u00bb4.16&Prime; custom_padding=\u00a0\u00bb|||\u00a0\u00bb global_colors_info=\u00a0\u00bb{}\u00a0\u00bb custom_padding__hover=\u00a0\u00bb|||\u00a0\u00bb][et_pb_text _builder_version=\u00a0\u00bb4.17.4&Prime; background_size=\u00a0\u00bbinitial\u00a0\u00bb background_position=\u00a0\u00bbtop_left\u00a0\u00bb background_repeat=\u00a0\u00bbrepeat\u00a0\u00bb global_colors_info=\u00a0\u00bb{}\u00a0\u00bb]<strong>SHOPPING A SANREMO<\/strong><\/p>\n<p><img decoding=\"async\" class=\"alignright\" src=\"https:\/\/www.sanremoguide.it\/uploads\/SanRemo_MercatoAnnonario_350x200.jpg\" alt=\"&lt;b&gt;Il mercato annonario di Sanremo&lt;\/b&gt; - Foto Sanremo Promotion\" \/><\/p>\n<p>La ville de Sanremo re\u00e7oit chaque jour la visite de milliers de promeneurs, qui visitent la ville pour le <strong>shopping<\/strong>.<\/p>\n<p>Le color\u00e9 <strong>march\u00e9 de Sanremo<\/strong> propose deux fois par semaine une large s\u00e9lection d&rsquo;articles allant des v\u00eatements en cuir aux chaussures en passant par les accessoires. Au c\u0153ur de la Piazza Eroi Sanremesi, vous pouvez trouver le <strong>march\u00e9 alimentaire<\/strong>, et y acheter de la nourriture, des produits typiques et des fruits et l\u00e9gumes directement aupr\u00e8s des producteurs.<\/p>\n<p>La Mecque du shopping se trouve <strong>Corso Matteotti<\/strong>, cette \u00e9l\u00e9gante zone pi\u00e9tonne avec des boutiques exclusives proposant les derni\u00e8res nouveaut\u00e9s en mati\u00e8re de mode et de bijoux italiens. Dans les rues adjacentes via Palazzo et via Corradi, vous trouverez de nombreux magasins vendant des produits typiques de la gastronomie ligure.<\/p>\n<p>&nbsp;<\/p>\n<p><strong>March\u00e9 (v\u00eatements, chaussures, accessoires, cuir):<\/strong><br \/>\nlieu : Piazza Eroi Sanremesi<br \/>\np\u00e9riode : toute l&rsquo;ann\u00e9e<br \/>\njours : mardi et samedi<br \/>\nhoraires : de 8h00 \u00e0 13h00 environ<\/p>\n<p><strong>March\u00e9 annonario (nourriture, fruits et l\u00e9gumes):<\/strong><br \/>\nlieu : Piazza Eroi Sanremesi<br \/>\nhoraires :<br \/>\n\u00b0 du lundi au vendredi de 6h00 \u00e0 13h30,<br \/>\n\u00b0 le samedi de 6h00 \u00e0 13h30 et de 16h00 \u00e0 19h30 en hiver (jusqu&rsquo;\u00e0 20h00 en \u00e9t\u00e9).<br \/>\nDes ouvertures exceptionnelles sont pr\u00e9vues durant les jours f\u00e9ri\u00e9s.<\/p>\n<p><strong>March\u00e9 aux poissons:<\/strong><br \/>\nlieu : Piazza Eroi Sanremesi<br \/>\nhoraires :<br \/>\n\u00b0 du lundi au vendredi de 6h00 \u00e0 13h30,<br \/>\n\u00b0 le samedi de 6h00 \u00e0 13h30 et de 16h00 \u00e0 19h30 en hiver (jusqu&rsquo;\u00e0 20h00 en \u00e9t\u00e9).<br \/>\nDes ouvertures exceptionnelles sont pr\u00e9vues durant les jours f\u00e9ri\u00e9s.<\/p>\n<p><strong>Magasins et Boutiques<br \/>\n<\/strong>Ils se trouvent principalement corso Matteotti, via Palazzo, via Corradi et via Roma.<\/p>\n<p>Horaires des magasins :<br \/>\n\u00b0 Lundi : 15h30 &#8211; 19h30<br \/>\n\u00b0 Du mardi au samedi : 9h30 &#8211; 12h30 e 15h30 &#8211; 19h30 (quelques commerces restent ouverts en d\u00e9but d&rsquo;apr\u00e8s-midi).<br \/>\n\u00b0 Dimanche : g\u00e9n\u00e9ralement ferm\u00e9s, cependant :<\/p>\n<ul>\n<li>en \u00e9t\u00e9, de nombreux commerces du centre restent ouverts le dimanche et aussi le soir de 21h00 \u00e0 23h30 <\/li>\n<li>en d\u00e9cembre, tous les magasins sont \u00e9galement ouverts le dimanche.<\/li>\n<li>pendant les vacances, de nombreux commerces sont ouverts le dimanche, surtout l&rsquo;apr\u00e8s-midi.<\/li>\n<\/ul>\n<p><strong>Supermarch\u00e9s<\/strong><br \/>\nLes principaux supermarch\u00e9s sont ouverts tous les jours de 9h00 \u00e0 20h00 environ.<\/p>\n<div><span style=\"color: #222222; font-family: sans-serif; font-size: 12px; font-weight: bold; line-height: 16px; background-color: #ffffff;\" data-darkreader-inline-color=\"\" data-darkreader-inline-bgcolor=\"\">\u00a0<\/span><\/div>\n<p>[\/et_pb_text][et_pb_text _builder_version=\u00a0\u00bb4.17.4&Prime; background_size=\u00a0\u00bbinitial\u00a0\u00bb background_position=\u00a0\u00bbtop_left\u00a0\u00bb background_repeat=\u00a0\u00bbrepeat\u00a0\u00bb global_colors_info=\u00a0\u00bb{}\u00a0\u00bb]<link rel='stylesheet' id='osm-ol3-css-css' href='https:\/\/sanremoguide.it\/wp-content\/plugins\/osm\/js\/OL\/10.9.0\/ol.css?ver=6.9.4' type='text\/css' media='all' \/>\n<link rel='stylesheet' id='osm-ol3-ext-css-css' href='https:\/\/sanremoguide.it\/wp-content\/plugins\/osm\/css\/osm_map_v3.css?ver=6.9.4' type='text\/css' media='all' \/>\n<link rel='stylesheet' id='osm-map-css-css' href='https:\/\/sanremoguide.it\/wp-content\/plugins\/osm\/css\/osm_map.css?ver=6.9.4' type='text\/css' media='all' \/>\n<script type=\"text\/javascript\" src=\"https:\/\/sanremoguide.it\/wp-includes\/js\/dist\/vendor\/wp-polyfill.min.js?ver=3.15.0\" id=\"wp-polyfill-js\"><\/script>\n<script type=\"text\/javascript\" src=\"https:\/\/sanremoguide.it\/wp-content\/plugins\/osm\/js\/OL\/10.9.0\/ol.js?ver=10.9.0\" id=\"osm-ol3-library-js\"><\/script>\n<script type=\"text\/javascript\" src=\"https:\/\/sanremoguide.it\/wp-content\/plugins\/osm\/js\/osm-v3-plugin-lib.js?ver=1.0.0\" id=\"osm-ol3-ext-library-js\"><\/script>\n<script type=\"text\/javascript\" src=\"https:\/\/sanremoguide.it\/wp-content\/plugins\/osm\/js\/osm-metabox-events.js?ver=1.0.0\" id=\"osm-ol3-metabox-events-js\"><\/script>\n<script type=\"text\/javascript\" src=\"https:\/\/sanremoguide.it\/wp-includes\/js\/jquery\/jquery.min.js?ver=3.7.1\" id=\"jquery-core-js\"><\/script>\n<script type=\"text\/javascript\" src=\"https:\/\/sanremoguide.it\/wp-includes\/js\/jquery\/jquery-migrate.min.js?ver=3.4.1\" id=\"jquery-migrate-js\"><\/script>\n<script type=\"text\/javascript\" id=\"osm-map-startup-js-extra\">\n\/* <![CDATA[ *\/\nvar translations = {\"openlayer\":\"open layer\",\"openlayerAtStartup\":\"open layer at startup\",\"generateLink\":\"link to this map with opened layers\",\"shortDescription\":\"short description\",\"generatedShortCode\":\"to get a text control link paste this code in your wordpress editor\",\"closeLayer\":\"close layer\",\"cantGenerateLink\":\"put this string in the existing map short code to control this map\"};\n\/\/# sourceURL=osm-map-startup-js-extra\n\/* ]]> *\/\n<\/script>\n<script type=\"text\/javascript\" src=\"https:\/\/sanremoguide.it\/wp-content\/plugins\/osm\/js\/osm-startup-lib.js?ver=V6.2.5\" id=\"osm-map-startup-js\"><\/script>\n\n        <div id=\"map_ol3js_1\"\n       class=\"osm-map-container undefined\"\n             data-map_name=\"undefined\"\n             data-map=\"map_ol3js_1\"\n             data-autoshow=\"no\"\n             style=\"width:100%;\n                    max-width:100%;\n                    height:400px;\n                    display:block;\n                    overflow:hidden;\n                    border:2px solid grey;\n                    position: relative;\">\n          <div id=\"map_ol3js_1_popup\" class=\"ol-popup\">\n            <a href=\"#\" id=\"map_ol3js_1_popup-closer\" class=\"ol-popup-closer\"><\/a>\n            <div id=\"map_ol3js_1_popup-content\"><\/div>\n          <\/div>\n        <\/div>\n    <script type=\"text\/javascript\">\n\t\t\t  vectorM['map_ol3js_1'] = [];\n\t        \n        var raster = getTileLayer(\"osm\",\"NoKey\");\t\t\t\n\n\t\t\t  var map_ol3js_1 = new ol.Map({\n\t\t\t\tinteractions: ol.interaction.defaults.defaults({mouseWheelZoom:false}),\n\t\t\t\tlayers: [raster],\n\t\t\t\ttarget: \"map_ol3js_1\",\n\t\t\t\tview: new ol.View({\n\t\t\t\t  center: ol.proj.transform([6.378,58.213], \"EPSG:4326\", \"EPSG:3857\"),\n\t\t\t\t  zoom: 9\n\t\t\t\t})\n\t\t\t  });\n\t\t\t  \n    var style_map_ol3js_1_0 = {\n      \"Point\": [new ol.style.Style({\n\n          image: new ol.style.Icon({\n            anchor: [0.5, 41],\n            anchorXUnits: \"fraction\",\n            anchorYUnits: \"pixels\",\n            opacity: 0.75,\n            src: \"https:\/\/sanremoguide.it\/wp-content\/plugins\/osm\/icons\/mic_blue_pinother_02.png\"\n          })\n      })],\n\n      \"LineString\": [new ol.style.Style({\n        stroke: new ol.style.Stroke({\n          color: \"blue\",\n          width: 8\n        })\n      })],\n      \"MultiLineString\": [new ol.style.Style({\n        stroke: new ol.style.Stroke({\n          color: \"blue\",\n          width: 4\n        })\n      })]\n    };\n\t\t  vectorL0 = new ol.layer.Vector({\n\n\t\t\tsource: new ol.source.Vector({\n\t\t  url:\"https:\/\/sanremoguide.it\/kml\/maps-shopping.kml\",\n\t\t\t  format: new ol.format.KML({ showPointNames: false})\n\t\t\t}),\n         zIndex: 92\n\t\t  });map_ol3js_1.addLayer(vectorL0);\n      var extension1 = ol.extent.createEmpty();\n      var curZoom1 = map_ol3js_1.getView().getZoom();\n\n      map_ol3js_1.getLayers().forEach(function(layer){\n         if(!layer.get(\"id\")) {     \n            layer.once(\"change\", function(e){\n               ol.extent.extend(extension1, (layer.getSource().getExtent()));\n               map_ol3js_1.getView().fit(extension1, {padding: [50, 50, 50, 50]});\n            });\n         }\n      });\n\n    \naddControls2Map(map_ol3js_1,0,0,3,0,5,6,7,0,1);\nosm_addPopupClickhandler(map_ol3js_1,  \"map_ol3js_1\"); \nosm_addMouseHover(map_ol3js_1); <\/script>[\/et_pb_text][\/et_pb_column][\/et_pb_row][\/et_pb_section][et_pb_section fb_built=\u00a0\u00bb1&Prime; fullwidth=\u00a0\u00bbon\u00a0\u00bb _builder_version=\u00a0\u00bb4.17.4&Prime; _module_preset=\u00a0\u00bbdefault\u00a0\u00bb locked=\u00a0\u00bboff\u00a0\u00bb global_colors_info=\u00a0\u00bb{}\u00a0\u00bb global_module=\u00a0\u00bb12524&Prime; saved_tabs=\u00a0\u00bball\u00a0\u00bb][et_pb_fullwidth_slider _builder_version=\u00a0\u00bb4.17.4&Prime; _module_preset=\u00a0\u00bbdefault\u00a0\u00bb global_colors_info=\u00a0\u00bb{}\u00a0\u00bb][et_pb_slide heading=\u00a0\u00bbRESERVER UNE EXCURSION A BUSSANA VECCHIA\u00a0\u00bb button_text=\u00a0\u00bbRESERVER\u00a0\u00bb button_link=\u00a0\u00bbhttps:\/\/sanremoguide.it\/contact\u00a0\u00bb image=\u00a0\u00bbhttps:\/\/sanremoguide.it\/wp-content\/uploads\/2022\/06\/itouriviera.png\u00a0\u00bb _builder_version=\u00a0\u00bb4.17.4&Prime; _module_preset=\u00a0\u00bbdefault\u00a0\u00bb background_image=\u00a0\u00bbhttps:\/\/sanremoguide.it\/wp-content\/uploads\/2018\/09\/Luca_Lombardi_Sanremo_notturna.jpg\u00a0\u00bb background_enable_image=\u00a0\u00bbon\u00a0\u00bb custom_button=\u00a0\u00bbon\u00a0\u00bb button_bg_color=\u00a0\u00bb#E09900&Prime; button_border_width=\u00a0\u00bb1px\u00a0\u00bb button_border_color=\u00a0\u00bb#FFFFFF\u00a0\u00bb global_colors_info=\u00a0\u00bb{}\u00a0\u00bb sticky_transition=\u00a0\u00bbon\u00a0\u00bb][\/et_pb_slide][\/et_pb_fullwidth_slider][\/et_pb_section]<\/p>\n","protected":false},"excerpt":{"rendered":"<p>SHOPPING A SANREMO La ville de Sanremo re\u00e7oit chaque jour la visite de milliers de promeneurs, qui visitent la ville pour le shopping. Le color\u00e9 march\u00e9 de Sanremo propose deux fois par semaine une large s\u00e9lection d&rsquo;articles allant des v\u00eatements en cuir aux chaussures en passant par les accessoires. Au c\u0153ur de la Piazza Eroi [&hellip;]<\/p>\n","protected":false},"author":1,"featured_media":0,"parent":12794,"menu_order":0,"comment_status":"closed","ping_status":"closed","template":"","meta":{"_et_pb_use_builder":"on","_et_pb_old_content":"","_et_gb_content_width":"","footnotes":""},"class_list":["post-12762","page","type-page","status-publish","hentry"],"yoast_head":"<!-- This site is optimized with the Yoast SEO plugin v27.5 - https:\/\/yoast.com\/product\/yoast-seo-wordpress\/ -->\n<title>SHOPPING SANREMO | MARCH\u00c9 ET BOUTIQUES<\/title>\n<meta name=\"description\" content=\"Shopping Sanremo: la ville propose d&#039;\u00e9l\u00e9gantes boutiques et bijouteries, magasins de produits typiques, le march\u00e9 de v\u00eatements, le march\u00e9 annonario et du poisson.\" \/>\n<meta name=\"robots\" content=\"index, follow, max-snippet:-1, max-image-preview:large, max-video-preview:-1\" \/>\n<link rel=\"canonical\" href=\"https:\/\/sanremoguide.it\/info-pratiche\/orari-dei-negozi\/\" \/>\n<meta property=\"og:locale\" content=\"fr_FR\" \/>\n<meta property=\"og:type\" content=\"article\" \/>\n<meta property=\"og:title\" content=\"SHOPPING SANREMO | MARCH\u00c9 ET BOUTIQUES\" \/>\n<meta property=\"og:description\" content=\"Shopping Sanremo: la ville propose d&#039;\u00e9l\u00e9gantes boutiques et bijouteries, magasins de produits typiques, le march\u00e9 de v\u00eatements, le march\u00e9 annonario et du poisson.\" \/>\n<meta property=\"og:url\" content=\"https:\/\/sanremoguide.it\/info-pratiche\/orari-dei-negozi\/\" \/>\n<meta property=\"og:site_name\" content=\"SANREMO GUIDE | la guida turistica di Sanremo\" \/>\n<meta property=\"article:modified_time\" content=\"2022-06-13T17:26:21+00:00\" \/>\n<meta property=\"og:image\" content=\"https:\/\/www.sanremoguide.it\/uploads\/SanRemo_MercatoAnnonario_350x200.jpg\" \/>\n<meta name=\"twitter:label1\" content=\"Dur\u00e9e de lecture estim\u00e9e\" \/>\n\t<meta name=\"twitter:data1\" content=\"4 minutes\" \/>\n<script type=\"application\/ld+json\" class=\"yoast-schema-graph\">{\"@context\":\"https:\\\/\\\/schema.org\",\"@graph\":[{\"@type\":\"WebPage\",\"@id\":\"https:\\\/\\\/sanremoguide.it\\\/info-pratiche\\\/orari-dei-negozi\\\/\",\"url\":\"https:\\\/\\\/sanremoguide.it\\\/info-pratiche\\\/orari-dei-negozi\\\/\",\"name\":\"SHOPPING SANREMO | MARCH\u00c9 ET BOUTIQUES\",\"isPartOf\":{\"@id\":\"https:\\\/\\\/sanremoguide.it\\\/#website\"},\"primaryImageOfPage\":{\"@id\":\"https:\\\/\\\/sanremoguide.it\\\/info-pratiche\\\/orari-dei-negozi\\\/#primaryimage\"},\"image\":{\"@id\":\"https:\\\/\\\/sanremoguide.it\\\/info-pratiche\\\/orari-dei-negozi\\\/#primaryimage\"},\"thumbnailUrl\":\"https:\\\/\\\/www.sanremoguide.it\\\/uploads\\\/SanRemo_MercatoAnnonario_350x200.jpg\",\"datePublished\":\"2022-06-13T17:26:20+00:00\",\"dateModified\":\"2022-06-13T17:26:21+00:00\",\"description\":\"Shopping Sanremo: la ville propose d'\u00e9l\u00e9gantes boutiques et bijouteries, magasins de produits typiques, le march\u00e9 de v\u00eatements, le march\u00e9 annonario et du poisson.\",\"breadcrumb\":{\"@id\":\"https:\\\/\\\/sanremoguide.it\\\/info-pratiche\\\/orari-dei-negozi\\\/#breadcrumb\"},\"inLanguage\":\"fr-FR\",\"potentialAction\":[{\"@type\":\"ReadAction\",\"target\":[\"https:\\\/\\\/sanremoguide.it\\\/info-pratiche\\\/orari-dei-negozi\\\/\"]}]},{\"@type\":\"ImageObject\",\"inLanguage\":\"fr-FR\",\"@id\":\"https:\\\/\\\/sanremoguide.it\\\/info-pratiche\\\/orari-dei-negozi\\\/#primaryimage\",\"url\":\"https:\\\/\\\/www.sanremoguide.it\\\/uploads\\\/SanRemo_MercatoAnnonario_350x200.jpg\",\"contentUrl\":\"https:\\\/\\\/www.sanremoguide.it\\\/uploads\\\/SanRemo_MercatoAnnonario_350x200.jpg\"},{\"@type\":\"BreadcrumbList\",\"@id\":\"https:\\\/\\\/sanremoguide.it\\\/info-pratiche\\\/orari-dei-negozi\\\/#breadcrumb\",\"itemListElement\":[{\"@type\":\"ListItem\",\"position\":1,\"name\":\"Home\",\"item\":\"https:\\\/\\\/sanremoguide.it\\\/\"},{\"@type\":\"ListItem\",\"position\":2,\"name\":\"SHOPPING\"}]},{\"@type\":\"WebSite\",\"@id\":\"https:\\\/\\\/sanremoguide.it\\\/#website\",\"url\":\"https:\\\/\\\/sanremoguide.it\\\/\",\"name\":\"SANREMO GUIDE | la guida turistica di Sanremo\",\"description\":\"la guida turistica della citt\u00e0 di Sanremo\",\"potentialAction\":[{\"@type\":\"SearchAction\",\"target\":{\"@type\":\"EntryPoint\",\"urlTemplate\":\"https:\\\/\\\/sanremoguide.it\\\/?s={search_term_string}\"},\"query-input\":{\"@type\":\"PropertyValueSpecification\",\"valueRequired\":true,\"valueName\":\"search_term_string\"}}],\"inLanguage\":\"fr-FR\"}]}<\/script>\n<!-- \/ Yoast SEO plugin. -->","yoast_head_json":{"title":"SHOPPING SANREMO | MARCH\u00c9 ET BOUTIQUES","description":"Shopping Sanremo: la ville propose d'\u00e9l\u00e9gantes boutiques et bijouteries, magasins de produits typiques, le march\u00e9 de v\u00eatements, le march\u00e9 annonario et du poisson.","robots":{"index":"index","follow":"follow","max-snippet":"max-snippet:-1","max-image-preview":"max-image-preview:large","max-video-preview":"max-video-preview:-1"},"canonical":"https:\/\/sanremoguide.it\/info-pratiche\/orari-dei-negozi\/","og_locale":"fr_FR","og_type":"article","og_title":"SHOPPING SANREMO | MARCH\u00c9 ET BOUTIQUES","og_description":"Shopping Sanremo: la ville propose d'\u00e9l\u00e9gantes boutiques et bijouteries, magasins de produits typiques, le march\u00e9 de v\u00eatements, le march\u00e9 annonario et du poisson.","og_url":"https:\/\/sanremoguide.it\/info-pratiche\/orari-dei-negozi\/","og_site_name":"SANREMO GUIDE | la guida turistica di Sanremo","article_modified_time":"2022-06-13T17:26:21+00:00","og_image":[{"url":"https:\/\/www.sanremoguide.it\/uploads\/SanRemo_MercatoAnnonario_350x200.jpg","type":"","width":"","height":""}],"twitter_misc":{"Dur\u00e9e de lecture estim\u00e9e":"4 minutes"},"schema":{"@context":"https:\/\/schema.org","@graph":[{"@type":"WebPage","@id":"https:\/\/sanremoguide.it\/info-pratiche\/orari-dei-negozi\/","url":"https:\/\/sanremoguide.it\/info-pratiche\/orari-dei-negozi\/","name":"SHOPPING SANREMO | MARCH\u00c9 ET BOUTIQUES","isPartOf":{"@id":"https:\/\/sanremoguide.it\/#website"},"primaryImageOfPage":{"@id":"https:\/\/sanremoguide.it\/info-pratiche\/orari-dei-negozi\/#primaryimage"},"image":{"@id":"https:\/\/sanremoguide.it\/info-pratiche\/orari-dei-negozi\/#primaryimage"},"thumbnailUrl":"https:\/\/www.sanremoguide.it\/uploads\/SanRemo_MercatoAnnonario_350x200.jpg","datePublished":"2022-06-13T17:26:20+00:00","dateModified":"2022-06-13T17:26:21+00:00","description":"Shopping Sanremo: la ville propose d'\u00e9l\u00e9gantes boutiques et bijouteries, magasins de produits typiques, le march\u00e9 de v\u00eatements, le march\u00e9 annonario et du poisson.","breadcrumb":{"@id":"https:\/\/sanremoguide.it\/info-pratiche\/orari-dei-negozi\/#breadcrumb"},"inLanguage":"fr-FR","potentialAction":[{"@type":"ReadAction","target":["https:\/\/sanremoguide.it\/info-pratiche\/orari-dei-negozi\/"]}]},{"@type":"ImageObject","inLanguage":"fr-FR","@id":"https:\/\/sanremoguide.it\/info-pratiche\/orari-dei-negozi\/#primaryimage","url":"https:\/\/www.sanremoguide.it\/uploads\/SanRemo_MercatoAnnonario_350x200.jpg","contentUrl":"https:\/\/www.sanremoguide.it\/uploads\/SanRemo_MercatoAnnonario_350x200.jpg"},{"@type":"BreadcrumbList","@id":"https:\/\/sanremoguide.it\/info-pratiche\/orari-dei-negozi\/#breadcrumb","itemListElement":[{"@type":"ListItem","position":1,"name":"Home","item":"https:\/\/sanremoguide.it\/"},{"@type":"ListItem","position":2,"name":"SHOPPING"}]},{"@type":"WebSite","@id":"https:\/\/sanremoguide.it\/#website","url":"https:\/\/sanremoguide.it\/","name":"SANREMO GUIDE | la guida turistica di Sanremo","description":"la guida turistica della citt\u00e0 di Sanremo","potentialAction":[{"@type":"SearchAction","target":{"@type":"EntryPoint","urlTemplate":"https:\/\/sanremoguide.it\/?s={search_term_string}"},"query-input":{"@type":"PropertyValueSpecification","valueRequired":true,"valueName":"search_term_string"}}],"inLanguage":"fr-FR"}]}},"_links":{"self":[{"href":"https:\/\/sanremoguide.it\/fr\/wp-json\/wp\/v2\/pages\/12762","targetHints":{"allow":["GET"]}}],"collection":[{"href":"https:\/\/sanremoguide.it\/fr\/wp-json\/wp\/v2\/pages"}],"about":[{"href":"https:\/\/sanremoguide.it\/fr\/wp-json\/wp\/v2\/types\/page"}],"author":[{"embeddable":true,"href":"https:\/\/sanremoguide.it\/fr\/wp-json\/wp\/v2\/users\/1"}],"replies":[{"embeddable":true,"href":"https:\/\/sanremoguide.it\/fr\/wp-json\/wp\/v2\/comments?post=12762"}],"version-history":[{"count":2,"href":"https:\/\/sanremoguide.it\/fr\/wp-json\/wp\/v2\/pages\/12762\/revisions"}],"predecessor-version":[{"id":12764,"href":"https:\/\/sanremoguide.it\/fr\/wp-json\/wp\/v2\/pages\/12762\/revisions\/12764"}],"up":[{"embeddable":true,"href":"https:\/\/sanremoguide.it\/fr\/wp-json\/wp\/v2\/pages\/12794"}],"wp:attachment":[{"href":"https:\/\/sanremoguide.it\/fr\/wp-json\/wp\/v2\/media?parent=12762"}],"curies":[{"name":"wp","href":"https:\/\/api.w.org\/{rel}","templated":true}]}}