{"id":12767,"date":"2022-06-13T17:51:06","date_gmt":"2022-06-13T17:51:06","guid":{"rendered":"https:\/\/sanremoguide.it\/la-ville-de-sanremo\/le-port\/"},"modified":"2022-06-13T17:51:07","modified_gmt":"2022-06-13T17:51:07","slug":"le-port","status":"publish","type":"page","link":"https:\/\/sanremoguide.it\/fr\/la-ville-de-sanremo\/le-port\/","title":{"rendered":"LE PORT"},"content":{"rendered":"<p>[et_pb_section fb_built=&#8221;1&#8243; fullwidth=&#8221;on&#8221; _builder_version=&#8221;4.17.4&#8243; _module_preset=&#8221;default&#8221; locked=&#8221;off&#8221; global_colors_info=&#8221;{}&#8221;][et_pb_fullwidth_slider _builder_version=&#8221;4.17.4&#8243; _module_preset=&#8221;default&#8221; background_image=&#8221;http:\/\/sanremoguide.it\/wp-content\/uploads\/2018\/09\/Luca_Lombardi_Sanremo_La_Primavera.jpg&#8221; global_colors_info=&#8221;{}&#8221;][et_pb_slide heading=&#8221;LE PORT&#8221; _builder_version=&#8221;4.17.4&#8243; _module_preset=&#8221;default&#8221; custom_button=&#8221;on&#8221; button_text_color=&#8221;#256b00&#8243; button_bg_color=&#8221;#f2b500&#8243; button_border_color=&#8221;#FFFFFF&#8221; button_icon=&#8221;&#x41;||divi||400&#8243; text_orientation=&#8221;center&#8221; background_layout=&#8221;light&#8221; box_shadow_style_button=&#8221;preset1&#8243; text_shadow_style=&#8221;preset3&#8243; global_colors_info=&#8221;{}&#8221; sticky_transition=&#8221;on&#8221;][\/et_pb_slide][\/et_pb_fullwidth_slider][\/et_pb_section][et_pb_section fb_built=&#8221;1&#8243; _builder_version=&#8221;4.16&#8243; global_colors_info=&#8221;{}&#8221;][et_pb_row _builder_version=&#8221;4.16&#8243; background_size=&#8221;initial&#8221; background_position=&#8221;top_left&#8221; background_repeat=&#8221;repeat&#8221; global_colors_info=&#8221;{}&#8221;][et_pb_column type=&#8221;4_4&#8243; _builder_version=&#8221;4.16&#8243; custom_padding=&#8221;|||&#8221; global_colors_info=&#8221;{}&#8221; custom_padding__hover=&#8221;|||&#8221;][et_pb_text _builder_version=&#8221;4.16&#8243; background_size=&#8221;initial&#8221; background_position=&#8221;top_left&#8221; background_repeat=&#8221;repeat&#8221; global_colors_info=&#8221;{}&#8221;]<img fetchpriority=\"high\" decoding=\"async\" class=\"aligncenter\" src=\"https:\/\/www.sanremoguide.it\/uploads\/SanRemo_porto01_350x200.jpg\" alt=\"&lt;b&gt;Il Porto di Sanremo&lt;\/b&gt; - Foto APT RdF\" \/><\/p>\n<p>Le c\u0153ur maritime de Sanremo est la <strong>Piazza Bresca<\/strong>, \u00e0 deux pas du Vieux Port. Un itin\u00e9raire agr\u00e9able (d&#8217;environ une demie-heure \u00e0 pied) d\u00e9marre depuis la place pi\u00e9tonne qui borde le fort de Santa Tecla et longe la promenade des Nations. La place, en l&#8217;honneur de la famille du m\u00eame nom devenue c\u00e9l\u00e8bre dans les ann\u00e9es 1500 gr\u00e2ce au capitaine Benedetto Bresca et \u00e0 un \u00e9pisode singulier, s&#8217;enrichit d&#8217;orangers et de palmiers et abrite la petite \u00e9glise de la Marina dans les locaux qui \u00e9taient autrefois une taverne. Tout ici rappelle la mer, la mer comme moyen de subsistance et de vie, avec ses rythmes et ses traditions. Au carrefour entre via Gaudio et via Bixio, une plaque rappelle que de cette maison le h\u00e9ros des Deux Mondes, Giuseppe Garibaldi, &#8220;le 22 septembre 1848 a consol\u00e9 le peuple \u00e0 ne pas d\u00e9sesp\u00e9rer du sort de l&#8217;Italie&#8221;. En traversant la piste cyclable vous arrivez au vieux port. La vocation maritime de Sanremo a des origines tr\u00e8s lointaines. Un dicton proven\u00e7al reconna\u00eet que \u00ab li gens de San Remu navigou san remu \u00bb, c&#8217;est-\u00e0-dire que les habitants de Sanremo sont capables de naviguer m\u00eame sans rames mais uniquement avec une voile.<\/p>\n<p>Du Moyen \u00c2ge au XIXe si\u00e8cle <strong>le Port<\/strong> \u00e9tait la principale ressource de la ville. Les agrumes cultiv\u00e9s sur les collines \u00e9taient exp\u00e9di\u00e9s par bateau, difficiles \u00e0 transporter par voie terrestre en raison de la pr\u00e9carit\u00e9 des chemins muletiers. En 1435, le port fut agrandi et en 1660 les consuls demand\u00e8rent au S\u00e9nat g\u00e9nois d&#8217;am\u00e9liorer le port qui en 1667 \u00e9tait &#8220;une perp\u00e9tuelle for\u00eat de canaux&#8221;. Au milieu des ann\u00e9es 1700, 4000 personnes de Sanremo y travaillaient et 120 navires et 100 bateaux y \u00e9taient amarr\u00e9s. Puis l&#8217;ensablement orchestr\u00e9 par les G\u00e9nois et la concurrence des trains et des bateaux \u00e0 vapeur conduisent le port \u00e0 une crise d\u00e9finitive \u00e0 la fin du XIXe si\u00e8cle.<\/p>\n<p>Le port actuel, appel\u00e9 &#8220;ancien&#8221; pour le distinguer du Portosole moderne et adjacent, dispose d&#8217;un plan d&#8217;eau d&#8217;environ 83 000 m\u00e8tres carr\u00e9s et de plus de 450 postes d&#8217;amarrage touristiques plus une cinquantaine de postes d&#8217;amarrage pour les bateaux de p\u00eache. Le fort de Santa Tecla domine le port, construit au milieu des ann\u00e9es 1700 par les G\u00e9nois dans le but d\u00e9clar\u00e9 de &#8220;maintenir le peuple de Sanremo en r\u00e8gle&#8221;. Les fentes tourn\u00e9es vers la ville conf\u00e8rent \u00e0 l&#8217;\u00e9difice une symbolique plus intimidante que d\u00e9fensive, comme le confirment les propos du chancelier g\u00e9nois de l&#8217;\u00e9poque : \u00ab Le but de ce fort n&#8217;est d&#8217;y avoir qu&#8217;un frein qui tienne le peuple dans la soumission. \u00bb. Le <strong>fort de Santa Tecla<\/strong> est l&#8217;un des exemples les mieux conserv\u00e9s de l&#8217;architecture militaire ligure des ann\u00e9es 1700 et a abrit\u00e9 des prisons jusqu&#8217;\u00e0 r\u00e9cemment. Mais dans un avenir tr\u00e8s proche, il devrait \u00eatre rendu \u00e0 un usage culturel et touristique.[\/et_pb_text][\/et_pb_column][\/et_pb_row][\/et_pb_section][et_pb_section fb_built=&#8221;1&#8243; fullwidth=&#8221;on&#8221; _builder_version=&#8221;4.17.4&#8243; _module_preset=&#8221;default&#8221; global_module=&#8221;12524&#8243; saved_tabs=&#8221;all&#8221; locked=&#8221;off&#8221; global_colors_info=&#8221;{}&#8221;][et_pb_fullwidth_slider _builder_version=&#8221;4.17.4&#8243; _module_preset=&#8221;default&#8221; global_colors_info=&#8221;{}&#8221;][et_pb_slide heading=&#8221;RESERVER UNE EXCURSION A BUSSANA VECCHIA &#8221; button_text=&#8221;RESERVER&#8221; button_link=&#8221;https:\/\/sanremoguide.it\/contact&#8221; image=&#8221;http:\/\/sanremoguide.it\/wp-content\/uploads\/2022\/06\/itouriviera.png&#8221; _builder_version=&#8221;4.17.4&#8243; _module_preset=&#8221;default&#8221; background_image=&#8221;http:\/\/sanremoguide.it\/wp-content\/uploads\/2018\/09\/Luca_Lombardi_Sanremo_notturna.jpg&#8221; background_enable_image=&#8221;on&#8221; custom_button=&#8221;on&#8221; button_bg_color=&#8221;#E09900&#8243; button_border_width=&#8221;1px&#8221; button_border_color=&#8221;#FFFFFF&#8221; global_colors_info=&#8221;{}&#8221; sticky_transition=&#8221;on&#8221;][\/et_pb_slide][\/et_pb_fullwidth_slider][\/et_pb_section]<\/p>\n","protected":false},"excerpt":{"rendered":"<p>Le c\u0153ur maritime de Sanremo est la Piazza Bresca, \u00e0 deux pas du Vieux Port. Un itin\u00e9raire agr\u00e9able (d&#8217;environ une demie-heure \u00e0 pied) d\u00e9marre depuis la place pi\u00e9tonne qui borde le fort de Santa Tecla et longe la promenade des Nations. La place, en l&#8217;honneur de la famille du m\u00eame nom devenue c\u00e9l\u00e8bre dans les [&hellip;]<\/p>\n","protected":false},"author":1,"featured_media":0,"parent":12240,"menu_order":0,"comment_status":"closed","ping_status":"closed","template":"","meta":{"_et_pb_use_builder":"on","_et_pb_old_content":"","_et_gb_content_width":""},"yoast_head":"<!-- This site is optimized with the Yoast SEO plugin v21.8.1 - https:\/\/yoast.com\/wordpress\/plugins\/seo\/ -->\n<title>SanRemoGuide - le port de Sanremo<\/title>\n<meta name=\"description\" content=\"&quot;Guide touristique de la ville de Sanremo, avec service de r\u00e9servation en ligne d&#039;h\u00f4tels, r\u00e9sidences et voyage \u00e0 forfait.&quot;\" \/>\n<meta name=\"robots\" content=\"index, follow, max-snippet:-1, max-image-preview:large, max-video-preview:-1\" \/>\n<link rel=\"canonical\" href=\"https:\/\/sanremoguide.it\/sanremo\/il-porto\/\" \/>\n<meta property=\"og:locale\" content=\"fr_FR\" \/>\n<meta property=\"og:type\" content=\"article\" \/>\n<meta property=\"og:title\" content=\"SanRemoGuide - le port de Sanremo\" \/>\n<meta property=\"og:description\" content=\"&quot;Guide touristique de la ville de Sanremo, avec service de r\u00e9servation en ligne d&#039;h\u00f4tels, r\u00e9sidences et voyage \u00e0 forfait.&quot;\" \/>\n<meta property=\"og:url\" content=\"https:\/\/sanremoguide.it\/sanremo\/il-porto\/\" \/>\n<meta property=\"og:site_name\" content=\"SANREMO GUIDE | la guida turistica di Sanremo\" \/>\n<meta property=\"article:modified_time\" content=\"2022-06-13T17:51:07+00:00\" \/>\n<meta property=\"og:image\" content=\"https:\/\/www.sanremoguide.it\/uploads\/SanRemo_porto01_350x200.jpg\" \/>\n<meta name=\"twitter:label1\" content=\"Dur\u00e9e de lecture estim\u00e9e\" \/>\n\t<meta name=\"twitter:data1\" content=\"4 minutes\" \/>\n<script type=\"application\/ld+json\" class=\"yoast-schema-graph\">{\"@context\":\"https:\/\/schema.org\",\"@graph\":[{\"@type\":\"WebPage\",\"@id\":\"https:\/\/sanremoguide.it\/sanremo\/il-porto\/\",\"url\":\"https:\/\/sanremoguide.it\/sanremo\/il-porto\/\",\"name\":\"SanRemoGuide - le port de Sanremo\",\"isPartOf\":{\"@id\":\"https:\/\/sanremoguide.it\/#website\"},\"datePublished\":\"2022-06-13T17:51:06+00:00\",\"dateModified\":\"2022-06-13T17:51:07+00:00\",\"description\":\"\\\"Guide touristique de la ville de Sanremo, avec service de r\u00e9servation en ligne d'h\u00f4tels, r\u00e9sidences et voyage \u00e0 forfait.\\\"\",\"breadcrumb\":{\"@id\":\"https:\/\/sanremoguide.it\/sanremo\/il-porto\/#breadcrumb\"},\"inLanguage\":\"fr-FR\",\"potentialAction\":[{\"@type\":\"ReadAction\",\"target\":[\"https:\/\/sanremoguide.it\/sanremo\/il-porto\/\"]}]},{\"@type\":\"BreadcrumbList\",\"@id\":\"https:\/\/sanremoguide.it\/sanremo\/il-porto\/#breadcrumb\",\"itemListElement\":[{\"@type\":\"ListItem\",\"position\":1,\"name\":\"Home\",\"item\":\"https:\/\/sanremoguide.it\/\"},{\"@type\":\"ListItem\",\"position\":2,\"name\":\"LA VILLE DE SANREMO\",\"item\":\"https:\/\/sanremoguide.it\/fr\/la-ville-de-sanremo\/\"},{\"@type\":\"ListItem\",\"position\":3,\"name\":\"LE PORT\"}]},{\"@type\":\"WebSite\",\"@id\":\"https:\/\/sanremoguide.it\/#website\",\"url\":\"https:\/\/sanremoguide.it\/\",\"name\":\"SANREMO GUIDE | la guida turistica di Sanremo\",\"description\":\"la guida turistica della citt\u00e0 di Sanremo\",\"potentialAction\":[{\"@type\":\"SearchAction\",\"target\":{\"@type\":\"EntryPoint\",\"urlTemplate\":\"https:\/\/sanremoguide.it\/?s={search_term_string}\"},\"query-input\":\"required name=search_term_string\"}],\"inLanguage\":\"fr-FR\"}]}<\/script>\n<!-- \/ Yoast SEO plugin. -->","yoast_head_json":{"title":"SanRemoGuide - le port de Sanremo","description":"\"Guide touristique de la ville de Sanremo, avec service de r\u00e9servation en ligne d'h\u00f4tels, r\u00e9sidences et voyage \u00e0 forfait.\"","robots":{"index":"index","follow":"follow","max-snippet":"max-snippet:-1","max-image-preview":"max-image-preview:large","max-video-preview":"max-video-preview:-1"},"canonical":"https:\/\/sanremoguide.it\/sanremo\/il-porto\/","og_locale":"fr_FR","og_type":"article","og_title":"SanRemoGuide - le port de Sanremo","og_description":"\"Guide touristique de la ville de Sanremo, avec service de r\u00e9servation en ligne d'h\u00f4tels, r\u00e9sidences et voyage \u00e0 forfait.\"","og_url":"https:\/\/sanremoguide.it\/sanremo\/il-porto\/","og_site_name":"SANREMO GUIDE | la guida turistica di Sanremo","article_modified_time":"2022-06-13T17:51:07+00:00","og_image":[{"url":"https:\/\/www.sanremoguide.it\/uploads\/SanRemo_porto01_350x200.jpg"}],"twitter_misc":{"Dur\u00e9e de lecture estim\u00e9e":"4 minutes"},"schema":{"@context":"https:\/\/schema.org","@graph":[{"@type":"WebPage","@id":"https:\/\/sanremoguide.it\/sanremo\/il-porto\/","url":"https:\/\/sanremoguide.it\/sanremo\/il-porto\/","name":"SanRemoGuide - le port de Sanremo","isPartOf":{"@id":"https:\/\/sanremoguide.it\/#website"},"datePublished":"2022-06-13T17:51:06+00:00","dateModified":"2022-06-13T17:51:07+00:00","description":"\"Guide touristique de la ville de Sanremo, avec service de r\u00e9servation en ligne d'h\u00f4tels, r\u00e9sidences et voyage \u00e0 forfait.\"","breadcrumb":{"@id":"https:\/\/sanremoguide.it\/sanremo\/il-porto\/#breadcrumb"},"inLanguage":"fr-FR","potentialAction":[{"@type":"ReadAction","target":["https:\/\/sanremoguide.it\/sanremo\/il-porto\/"]}]},{"@type":"BreadcrumbList","@id":"https:\/\/sanremoguide.it\/sanremo\/il-porto\/#breadcrumb","itemListElement":[{"@type":"ListItem","position":1,"name":"Home","item":"https:\/\/sanremoguide.it\/"},{"@type":"ListItem","position":2,"name":"LA VILLE DE SANREMO","item":"https:\/\/sanremoguide.it\/fr\/la-ville-de-sanremo\/"},{"@type":"ListItem","position":3,"name":"LE PORT"}]},{"@type":"WebSite","@id":"https:\/\/sanremoguide.it\/#website","url":"https:\/\/sanremoguide.it\/","name":"SANREMO GUIDE | la guida turistica di Sanremo","description":"la guida turistica della citt\u00e0 di Sanremo","potentialAction":[{"@type":"SearchAction","target":{"@type":"EntryPoint","urlTemplate":"https:\/\/sanremoguide.it\/?s={search_term_string}"},"query-input":"required name=search_term_string"}],"inLanguage":"fr-FR"}]}},"_links":{"self":[{"href":"https:\/\/sanremoguide.it\/fr\/wp-json\/wp\/v2\/pages\/12767"}],"collection":[{"href":"https:\/\/sanremoguide.it\/fr\/wp-json\/wp\/v2\/pages"}],"about":[{"href":"https:\/\/sanremoguide.it\/fr\/wp-json\/wp\/v2\/types\/page"}],"author":[{"embeddable":true,"href":"https:\/\/sanremoguide.it\/fr\/wp-json\/wp\/v2\/users\/1"}],"replies":[{"embeddable":true,"href":"https:\/\/sanremoguide.it\/fr\/wp-json\/wp\/v2\/comments?post=12767"}],"version-history":[{"count":2,"href":"https:\/\/sanremoguide.it\/fr\/wp-json\/wp\/v2\/pages\/12767\/revisions"}],"predecessor-version":[{"id":12769,"href":"https:\/\/sanremoguide.it\/fr\/wp-json\/wp\/v2\/pages\/12767\/revisions\/12769"}],"up":[{"embeddable":true,"href":"https:\/\/sanremoguide.it\/fr\/wp-json\/wp\/v2\/pages\/12240"}],"wp:attachment":[{"href":"https:\/\/sanremoguide.it\/fr\/wp-json\/wp\/v2\/media?parent=12767"}],"curies":[{"name":"wp","href":"https:\/\/api.w.org\/{rel}","templated":true}]}}