{"id":12771,"date":"2022-06-13T17:51:53","date_gmt":"2022-06-13T17:51:53","guid":{"rendered":"https:\/\/sanremoguide.it\/la-ville-de-sanremo\/casino-de-san-remo\/casino-de-sanremo-horaires\/"},"modified":"2022-06-13T17:51:54","modified_gmt":"2022-06-13T17:51:54","slug":"casino-de-sanremo-horaires","status":"publish","type":"page","link":"https:\/\/sanremoguide.it\/fr\/la-ville-de-sanremo\/casino-de-san-remo\/casino-de-sanremo-horaires\/","title":{"rendered":"Casino de Sanremo Horaires"},"content":{"rendered":"<p>[et_pb_section fb_built=\u00a0\u00bb1&Prime; fullwidth=\u00a0\u00bbon\u00a0\u00bb _builder_version=\u00a0\u00bb4.17.4&Prime; _module_preset=\u00a0\u00bbdefault\u00a0\u00bb global_colors_info=\u00a0\u00bb{}\u00a0\u00bb][et_pb_fullwidth_slider _builder_version=\u00a0\u00bb4.17.4&Prime; _module_preset=\u00a0\u00bbdefault\u00a0\u00bb background_image=\u00a0\u00bbhttps:\/\/sanremoguide.it\/wp-content\/uploads\/2018\/09\/Luca_Lombardi_Sanremo_La_Primavera.jpg\u00a0\u00bb global_colors_info=\u00a0\u00bb{}\u00a0\u00bb][et_pb_slide heading=\u00a0\u00bbCasino de Sanremo Horaires\u00a0\u00bb _builder_version=\u00a0\u00bb4.17.4&Prime; _module_preset=\u00a0\u00bbdefault\u00a0\u00bb background_image=\u00a0\u00bbhttps:\/\/sanremoguide.it\/wp-content\/uploads\/2018\/09\/Luca_Lombardi_Sanremo_casin\u00f2.jpg\u00a0\u00bb background_enable_image=\u00a0\u00bbon\u00a0\u00bb custom_button=\u00a0\u00bbon\u00a0\u00bb button_text_color=\u00a0\u00bb#256b00&Prime; button_bg_color=\u00a0\u00bb#f2b500&Prime; button_border_color=\u00a0\u00bb#FFFFFF\u00a0\u00bb button_icon=\u00a0\u00bb&#x41;||divi||400&Prime; box_shadow_style_button=\u00a0\u00bbpreset1&Prime; text_shadow_style=\u00a0\u00bbpreset3&Prime; global_colors_info=\u00a0\u00bb{}\u00a0\u00bb sticky_transition=\u00a0\u00bbon\u00a0\u00bb][\/et_pb_slide][\/et_pb_fullwidth_slider][\/et_pb_section][et_pb_section fb_built=\u00a0\u00bb1&Prime; _builder_version=\u00a0\u00bb4.16&Prime; global_colors_info=\u00a0\u00bb{}\u00a0\u00bb][et_pb_row _builder_version=\u00a0\u00bb4.16&Prime; background_size=\u00a0\u00bbinitial\u00a0\u00bb background_position=\u00a0\u00bbtop_left\u00a0\u00bb background_repeat=\u00a0\u00bbrepeat\u00a0\u00bb global_colors_info=\u00a0\u00bb{}\u00a0\u00bb][et_pb_column type=\u00a0\u00bb4_4&Prime; _builder_version=\u00a0\u00bb4.16&Prime; custom_padding=\u00a0\u00bb|||\u00a0\u00bb global_colors_info=\u00a0\u00bb{}\u00a0\u00bb custom_padding__hover=\u00a0\u00bb|||\u00a0\u00bb][et_pb_text _builder_version=\u00a0\u00bb4.17.4&Prime; background_size=\u00a0\u00bbinitial\u00a0\u00bb background_position=\u00a0\u00bbtop_left\u00a0\u00bb background_repeat=\u00a0\u00bbrepeat\u00a0\u00bb global_colors_info=\u00a0\u00bb{}\u00a0\u00bb]<\/p>\n<h2>Le <a href=\"https:\/\/sanremoguide.it\/fr\/la-ville-de-sanremo\/casino-de-san-remo\/\" target=\"_blank\" rel=\"noopener\">Casino de Sanremo<\/a> est ouvert toute l&rsquo;ann\u00e9e, avec des salles de jeux am\u00e9ricains et fran\u00e7ais et des tournois de poker live.<\/h2>\n<p>&nbsp;<\/p>\n<h2>Casino de Sanremo Horaires<\/h2>\n<p><strong>Salle de machines \u00e0 sous <\/strong>&#8211;\u00a0entr\u00e9e gratuite<\/p>\n<p>de 10h00 \u00e0 2h30<br \/>\navec des horaires \u00e9tendus les week-ends et jours f\u00e9ri\u00e9s<\/p>\n<p><strong>Salles de jeux traditionnels<\/strong> &#8211; entr\u00e9e gratuite<\/p>\n<p>de 10h00 \u00e0 2h30<br \/>\navec des horaires \u00e9tendus les week-ends et jours f\u00e9ri\u00e9s<\/p>\n<ul>\n<li style=\"list-style-type: none;\"><\/li>\n<\/ul>\n<p><strong>Billet d&rsquo;entr\u00e9e gratuit tous les jours de la <\/strong><strong>semaine, y compris les jours f\u00e9ri\u00e9s.<\/strong><\/p>\n<p>Age minimum.<br \/>\nL&rsquo;\u00e2ge minimum d&rsquo;entr\u00e9e est de 18 ans.<\/p>\n<p>Services.<br \/>\nLes services de la maison de jeux sont le bar, le restaurant Biribissi qui peut \u00eatre utilis\u00e9 pour des d\u00eeners priv\u00e9s et des soir\u00e9es \u00e0 th\u00e8me, le Roof Garden en \u00e9t\u00e9 et \u00e9galement en hiver gr\u00e2ce au toit, l&rsquo;Op\u00e9ra et un parking gratuit r\u00e9serv\u00e9 aux clients.<\/p>\n<p>V\u00eatements.<br \/>\nUne veste et une cravate sont requises pour la Salle priv\u00e9e, le Roof Garden, la salle Liberty. Dans les autres salles, et notamment dans celle des machines \u00e0 sous, une tenue d\u00e9cente est exig\u00e9e.<br \/>\n<strong>Casino de Sanremo<\/strong><br \/>\nCorso degli Inglesi 18<br \/>\n18038 Sanremo<br \/>\nT\u00e9l\u00e9phone: +39184 5951<br \/>\nSite officiel <a href=\"https:\/\/www.casinosanremo.it\/fr\/\" target=\"_blank\" rel=\"noopener\">Casino Sanremo<\/a>[\/et_pb_text][\/et_pb_column][\/et_pb_row][\/et_pb_section][et_pb_section fb_built=\u00a0\u00bb1&Prime; fullwidth=\u00a0\u00bbon\u00a0\u00bb _builder_version=\u00a0\u00bb4.17.4&Prime; _module_preset=\u00a0\u00bbdefault\u00a0\u00bb locked=\u00a0\u00bboff\u00a0\u00bb global_colors_info=\u00a0\u00bb{}\u00a0\u00bb global_module=\u00a0\u00bb12524&Prime; saved_tabs=\u00a0\u00bball\u00a0\u00bb][et_pb_fullwidth_slider _builder_version=\u00a0\u00bb4.17.4&Prime; _module_preset=\u00a0\u00bbdefault\u00a0\u00bb global_colors_info=\u00a0\u00bb{}\u00a0\u00bb][et_pb_slide heading=\u00a0\u00bbRESERVER UNE EXCURSION A BUSSANA VECCHIA\u00a0\u00bb button_text=\u00a0\u00bbRESERVER\u00a0\u00bb button_link=\u00a0\u00bbhttps:\/\/sanremoguide.it\/contact\u00a0\u00bb image=\u00a0\u00bbhttps:\/\/sanremoguide.it\/wp-content\/uploads\/2022\/06\/itouriviera.png\u00a0\u00bb _builder_version=\u00a0\u00bb4.17.4&Prime; _module_preset=\u00a0\u00bbdefault\u00a0\u00bb background_image=\u00a0\u00bbhttps:\/\/sanremoguide.it\/wp-content\/uploads\/2018\/09\/Luca_Lombardi_Sanremo_notturna.jpg\u00a0\u00bb background_enable_image=\u00a0\u00bbon\u00a0\u00bb custom_button=\u00a0\u00bbon\u00a0\u00bb button_bg_color=\u00a0\u00bb#E09900&Prime; button_border_width=\u00a0\u00bb1px\u00a0\u00bb button_border_color=\u00a0\u00bb#FFFFFF\u00a0\u00bb global_colors_info=\u00a0\u00bb{}\u00a0\u00bb sticky_transition=\u00a0\u00bbon\u00a0\u00bb][\/et_pb_slide][\/et_pb_fullwidth_slider][\/et_pb_section]<\/p>\n","protected":false},"excerpt":{"rendered":"<p>Le Casino de Sanremo est ouvert toute l&rsquo;ann\u00e9e, avec des salles de jeux am\u00e9ricains et fran\u00e7ais et des tournois de poker live. &nbsp; Casino de Sanremo Horaires Salle de machines \u00e0 sous &#8211;\u00a0entr\u00e9e gratuite de 10h00 \u00e0 2h30 avec des horaires \u00e9tendus les week-ends et jours f\u00e9ri\u00e9s Salles de jeux traditionnels &#8211; entr\u00e9e gratuite de [&hellip;]<\/p>\n","protected":false},"author":1,"featured_media":0,"parent":9660,"menu_order":0,"comment_status":"closed","ping_status":"closed","template":"","meta":{"_et_pb_use_builder":"on","_et_pb_old_content":"","_et_gb_content_width":"","footnotes":""},"class_list":["post-12771","page","type-page","status-publish","hentry"],"yoast_head":"<!-- This site is optimized with the Yoast SEO plugin v27.4 - https:\/\/yoast.com\/product\/yoast-seo-wordpress\/ -->\n<title>Casino de Sanremo Horaires<\/title>\n<meta name=\"description\" content=\"Tous les amoureux du poker visitent le Casino de Sanremo pour tenter leur chance. D\u00e9couvre quels sont les horaires du Casino de Sanremo pour des vacances sous le signe du jeu.\" \/>\n<meta name=\"robots\" content=\"index, follow, max-snippet:-1, max-image-preview:large, max-video-preview:-1\" \/>\n<link rel=\"canonical\" href=\"https:\/\/sanremoguide.it\/fr\/la-ville-de-sanremo\/casino-de-san-remo\/casino-de-sanremo-horaires\/\" \/>\n<meta property=\"og:locale\" content=\"fr_FR\" \/>\n<meta property=\"og:type\" content=\"article\" \/>\n<meta property=\"og:title\" content=\"Casino de Sanremo Horaires\" \/>\n<meta property=\"og:description\" content=\"Tous les amoureux du poker visitent le Casino de Sanremo pour tenter leur chance. D\u00e9couvre quels sont les horaires du Casino de Sanremo pour des vacances sous le signe du jeu.\" \/>\n<meta property=\"og:url\" content=\"https:\/\/sanremoguide.it\/fr\/la-ville-de-sanremo\/casino-de-san-remo\/casino-de-sanremo-horaires\/\" \/>\n<meta property=\"og:site_name\" content=\"SANREMO GUIDE | la guida turistica di Sanremo\" \/>\n<meta property=\"article:modified_time\" content=\"2022-06-13T17:51:54+00:00\" \/>\n<meta name=\"twitter:label1\" content=\"Dur\u00e9e de lecture estim\u00e9e\" \/>\n\t<meta name=\"twitter:data1\" content=\"3 minutes\" \/>\n<script type=\"application\/ld+json\" class=\"yoast-schema-graph\">{\"@context\":\"https:\\\/\\\/schema.org\",\"@graph\":[{\"@type\":\"WebPage\",\"@id\":\"https:\\\/\\\/sanremoguide.it\\\/fr\\\/la-ville-de-sanremo\\\/casino-de-san-remo\\\/casino-de-sanremo-horaires\\\/\",\"url\":\"https:\\\/\\\/sanremoguide.it\\\/fr\\\/la-ville-de-sanremo\\\/casino-de-san-remo\\\/casino-de-sanremo-horaires\\\/\",\"name\":\"Casino de Sanremo Horaires\",\"isPartOf\":{\"@id\":\"https:\\\/\\\/sanremoguide.it\\\/#website\"},\"datePublished\":\"2022-06-13T17:51:53+00:00\",\"dateModified\":\"2022-06-13T17:51:54+00:00\",\"description\":\"Tous les amoureux du poker visitent le Casino de Sanremo pour tenter leur chance. D\u00e9couvre quels sont les horaires du Casino de Sanremo pour des vacances sous le signe du jeu.\",\"breadcrumb\":{\"@id\":\"https:\\\/\\\/sanremoguide.it\\\/fr\\\/la-ville-de-sanremo\\\/casino-de-san-remo\\\/casino-de-sanremo-horaires\\\/#breadcrumb\"},\"inLanguage\":\"fr-FR\",\"potentialAction\":[{\"@type\":\"ReadAction\",\"target\":[\"https:\\\/\\\/sanremoguide.it\\\/fr\\\/la-ville-de-sanremo\\\/casino-de-san-remo\\\/casino-de-sanremo-horaires\\\/\"]}]},{\"@type\":\"BreadcrumbList\",\"@id\":\"https:\\\/\\\/sanremoguide.it\\\/fr\\\/la-ville-de-sanremo\\\/casino-de-san-remo\\\/casino-de-sanremo-horaires\\\/#breadcrumb\",\"itemListElement\":[{\"@type\":\"ListItem\",\"position\":1,\"name\":\"Home\",\"item\":\"https:\\\/\\\/sanremoguide.it\\\/\"},{\"@type\":\"ListItem\",\"position\":2,\"name\":\"LA VILLE DE SANREMO\",\"item\":\"https:\\\/\\\/sanremoguide.it\\\/fr\\\/la-ville-de-sanremo\\\/\"},{\"@type\":\"ListItem\",\"position\":3,\"name\":\"Casino de San Remo\",\"item\":\"https:\\\/\\\/sanremoguide.it\\\/fr\\\/la-ville-de-sanremo\\\/casino-de-san-remo\\\/\"},{\"@type\":\"ListItem\",\"position\":4,\"name\":\"Casino de Sanremo Horaires\"}]},{\"@type\":\"WebSite\",\"@id\":\"https:\\\/\\\/sanremoguide.it\\\/#website\",\"url\":\"https:\\\/\\\/sanremoguide.it\\\/\",\"name\":\"SANREMO GUIDE | la guida turistica di Sanremo\",\"description\":\"la guida turistica della citt\u00e0 di Sanremo\",\"potentialAction\":[{\"@type\":\"SearchAction\",\"target\":{\"@type\":\"EntryPoint\",\"urlTemplate\":\"https:\\\/\\\/sanremoguide.it\\\/?s={search_term_string}\"},\"query-input\":{\"@type\":\"PropertyValueSpecification\",\"valueRequired\":true,\"valueName\":\"search_term_string\"}}],\"inLanguage\":\"fr-FR\"}]}<\/script>\n<!-- \/ Yoast SEO plugin. -->","yoast_head_json":{"title":"Casino de Sanremo Horaires","description":"Tous les amoureux du poker visitent le Casino de Sanremo pour tenter leur chance. D\u00e9couvre quels sont les horaires du Casino de Sanremo pour des vacances sous le signe du jeu.","robots":{"index":"index","follow":"follow","max-snippet":"max-snippet:-1","max-image-preview":"max-image-preview:large","max-video-preview":"max-video-preview:-1"},"canonical":"https:\/\/sanremoguide.it\/fr\/la-ville-de-sanremo\/casino-de-san-remo\/casino-de-sanremo-horaires\/","og_locale":"fr_FR","og_type":"article","og_title":"Casino de Sanremo Horaires","og_description":"Tous les amoureux du poker visitent le Casino de Sanremo pour tenter leur chance. D\u00e9couvre quels sont les horaires du Casino de Sanremo pour des vacances sous le signe du jeu.","og_url":"https:\/\/sanremoguide.it\/fr\/la-ville-de-sanremo\/casino-de-san-remo\/casino-de-sanremo-horaires\/","og_site_name":"SANREMO GUIDE | la guida turistica di Sanremo","article_modified_time":"2022-06-13T17:51:54+00:00","twitter_misc":{"Dur\u00e9e de lecture estim\u00e9e":"3 minutes"},"schema":{"@context":"https:\/\/schema.org","@graph":[{"@type":"WebPage","@id":"https:\/\/sanremoguide.it\/fr\/la-ville-de-sanremo\/casino-de-san-remo\/casino-de-sanremo-horaires\/","url":"https:\/\/sanremoguide.it\/fr\/la-ville-de-sanremo\/casino-de-san-remo\/casino-de-sanremo-horaires\/","name":"Casino de Sanremo Horaires","isPartOf":{"@id":"https:\/\/sanremoguide.it\/#website"},"datePublished":"2022-06-13T17:51:53+00:00","dateModified":"2022-06-13T17:51:54+00:00","description":"Tous les amoureux du poker visitent le Casino de Sanremo pour tenter leur chance. D\u00e9couvre quels sont les horaires du Casino de Sanremo pour des vacances sous le signe du jeu.","breadcrumb":{"@id":"https:\/\/sanremoguide.it\/fr\/la-ville-de-sanremo\/casino-de-san-remo\/casino-de-sanremo-horaires\/#breadcrumb"},"inLanguage":"fr-FR","potentialAction":[{"@type":"ReadAction","target":["https:\/\/sanremoguide.it\/fr\/la-ville-de-sanremo\/casino-de-san-remo\/casino-de-sanremo-horaires\/"]}]},{"@type":"BreadcrumbList","@id":"https:\/\/sanremoguide.it\/fr\/la-ville-de-sanremo\/casino-de-san-remo\/casino-de-sanremo-horaires\/#breadcrumb","itemListElement":[{"@type":"ListItem","position":1,"name":"Home","item":"https:\/\/sanremoguide.it\/"},{"@type":"ListItem","position":2,"name":"LA VILLE DE SANREMO","item":"https:\/\/sanremoguide.it\/fr\/la-ville-de-sanremo\/"},{"@type":"ListItem","position":3,"name":"Casino de San Remo","item":"https:\/\/sanremoguide.it\/fr\/la-ville-de-sanremo\/casino-de-san-remo\/"},{"@type":"ListItem","position":4,"name":"Casino de Sanremo Horaires"}]},{"@type":"WebSite","@id":"https:\/\/sanremoguide.it\/#website","url":"https:\/\/sanremoguide.it\/","name":"SANREMO GUIDE | la guida turistica di Sanremo","description":"la guida turistica della citt\u00e0 di Sanremo","potentialAction":[{"@type":"SearchAction","target":{"@type":"EntryPoint","urlTemplate":"https:\/\/sanremoguide.it\/?s={search_term_string}"},"query-input":{"@type":"PropertyValueSpecification","valueRequired":true,"valueName":"search_term_string"}}],"inLanguage":"fr-FR"}]}},"_links":{"self":[{"href":"https:\/\/sanremoguide.it\/fr\/wp-json\/wp\/v2\/pages\/12771","targetHints":{"allow":["GET"]}}],"collection":[{"href":"https:\/\/sanremoguide.it\/fr\/wp-json\/wp\/v2\/pages"}],"about":[{"href":"https:\/\/sanremoguide.it\/fr\/wp-json\/wp\/v2\/types\/page"}],"author":[{"embeddable":true,"href":"https:\/\/sanremoguide.it\/fr\/wp-json\/wp\/v2\/users\/1"}],"replies":[{"embeddable":true,"href":"https:\/\/sanremoguide.it\/fr\/wp-json\/wp\/v2\/comments?post=12771"}],"version-history":[{"count":2,"href":"https:\/\/sanremoguide.it\/fr\/wp-json\/wp\/v2\/pages\/12771\/revisions"}],"predecessor-version":[{"id":12773,"href":"https:\/\/sanremoguide.it\/fr\/wp-json\/wp\/v2\/pages\/12771\/revisions\/12773"}],"up":[{"embeddable":true,"href":"https:\/\/sanremoguide.it\/fr\/wp-json\/wp\/v2\/pages\/9660"}],"wp:attachment":[{"href":"https:\/\/sanremoguide.it\/fr\/wp-json\/wp\/v2\/media?parent=12771"}],"curies":[{"name":"wp","href":"https:\/\/api.w.org\/{rel}","templated":true}]}}