{"id":12775,"date":"2022-06-13T18:00:23","date_gmt":"2022-06-13T18:00:23","guid":{"rendered":"https:\/\/sanremoguide.it\/la-ville-de-sanremo\/san-remo-la-ville-des-fleurs\/pour-les-fleurs-de-sanremo-le-prestigieux-label-de-qualite\/"},"modified":"2022-06-13T18:00:24","modified_gmt":"2022-06-13T18:00:24","slug":"pour-les-fleurs-de-sanremo-le-prestigieux-label-de-qualite","status":"publish","type":"page","link":"https:\/\/sanremoguide.it\/fr\/la-ville-de-sanremo\/san-remo-la-ville-des-fleurs\/pour-les-fleurs-de-sanremo-le-prestigieux-label-de-qualite\/","title":{"rendered":"Pour les fleurs de Sanremo, le prestigieux &#8220;Label de Qualit\u00e9&#8221;."},"content":{"rendered":"<p>[et_pb_section fb_built=&#8221;1&#8243; fullwidth=&#8221;on&#8221; _builder_version=&#8221;4.17.4&#8243; _module_preset=&#8221;default&#8221; locked=&#8221;off&#8221; global_colors_info=&#8221;{}&#8221;][et_pb_fullwidth_slider _builder_version=&#8221;4.17.4&#8243; _module_preset=&#8221;default&#8221; background_image=&#8221;http:\/\/sanremoguide.it\/wp-content\/uploads\/2018\/09\/Luca_Lombardi_Sanremo_La_Primavera.jpg&#8221; global_colors_info=&#8221;{}&#8221;][et_pb_slide heading=&#8221;March\u00e9 des Fleurs&#8221; _builder_version=&#8221;4.17.4&#8243; _module_preset=&#8221;default&#8221; background_image=&#8221;http:\/\/sanremoguide.it\/wp-content\/uploads\/2018\/09\/Luca_Lombardi_Sanremo_Bussana_Vecchia_chiesa.jpg&#8221; background_enable_image=&#8221;on&#8221; custom_button=&#8221;on&#8221; button_text_color=&#8221;#256b00&#8243; button_bg_color=&#8221;#f2b500&#8243; button_border_color=&#8221;#FFFFFF&#8221; button_icon=&#8221;&#x41;||divi||400&#8243; box_shadow_style_button=&#8221;preset1&#8243; text_shadow_style=&#8221;preset3&#8243; global_colors_info=&#8221;{}&#8221; sticky_transition=&#8221;on&#8221;][\/et_pb_slide][\/et_pb_fullwidth_slider][\/et_pb_section][et_pb_section fb_built=&#8221;1&#8243; _builder_version=&#8221;4.16&#8243; global_colors_info=&#8221;{}&#8221;][et_pb_row _builder_version=&#8221;4.16&#8243; background_size=&#8221;initial&#8221; background_position=&#8221;top_left&#8221; background_repeat=&#8221;repeat&#8221; global_colors_info=&#8221;{}&#8221;][et_pb_column type=&#8221;4_4&#8243; _builder_version=&#8221;4.16&#8243; custom_padding=&#8221;|||&#8221; global_colors_info=&#8221;{}&#8221; custom_padding__hover=&#8221;|||&#8221;][et_pb_text _builder_version=&#8221;4.16&#8243; background_size=&#8221;initial&#8221; background_position=&#8221;top_left&#8221; background_repeat=&#8221;repeat&#8221; global_colors_info=&#8221;{}&#8221;]<img fetchpriority=\"high\" decoding=\"async\" class=\"aligncenter\" src=\"https:\/\/www.sanremoguide.it\/uploads\/fiori_ranuncolo_350x200.jpg\" alt=\"&lt;b&gt;Ranuncolo di Sanremo&lt;\/b&gt; - Foto UCFlor\" \/><\/p>\n<p><em>Sanremo, d\u00e9cembre 2006\u00a0<\/em>.<\/p>\n<p>Les fleurs de Sanremo et de la Riviera dei Fiori sont la meilleure carte de visite de notre province depuis des temps imm\u00e9moriaux, et la municipalit\u00e9 de Sanremo, en collaboration avec UCFLOR et ANCEF (association d&#8217;exportateurs de fleurs), a activ\u00e9 une &#8220;Table verte&#8221; autour de laquelle le projet pr\u00e9cieux est n\u00e9 pour prot\u00e9ger la haute qualit\u00e9 des fleurs de Sanremo sur le march\u00e9 mondial.<\/p>\n<p><strong> La marque &#8220;Fleurs de Sanremo&#8221; <\/strong> distingue l&#8217;ensemble de la cha\u00eene de production, du producteur au vendeur pour atteindre le client avec un \u00e9tiquetage pr\u00e9cis. De cette fa\u00e7on quiconque ach\u00e8te des fleurs Sanremo sera s\u00fbr de l&#8217;origine et de la qualit\u00e9 certification.<\/p>\n<p>Une formule sur laquelle tous les op\u00e9rateurs du secteur misent beaucoup pour que la fleur de Sanremo puisse s&#8217;imposer sur le march\u00e9 mondial o\u00f9 r\u00e8gne de plus en plus une concurrence f\u00e9roce. La marque qui distinguera les fleurs produites \u00e0 Sanremo a \u00e9t\u00e9 cr\u00e9\u00e9e en collaboration avec le D\u00e9partement des Sciences de l&#8217;Architecture et du Design de l&#8217;Universit\u00e9 de G\u00eanes et s&#8217;inspire du style Art Nouveau.<\/p>\n<p>Les fleurs choisies pour compl\u00e9ter la marque seront les plus repr\u00e9sentatives de la production de Sanremo telles que : tournesol, an\u00e9mone, renoncule, rose, \u0153illet, calendula, chrysanth\u00e8me, mimosa, ruscus, pitosphoro, etc.[\/et_pb_text][\/et_pb_column][\/et_pb_row][\/et_pb_section][et_pb_section fb_built=&#8221;1&#8243; fullwidth=&#8221;on&#8221; _builder_version=&#8221;4.17.4&#8243; _module_preset=&#8221;default&#8221; locked=&#8221;off&#8221; global_colors_info=&#8221;{}&#8221; global_module=&#8221;12524&#8243; saved_tabs=&#8221;all&#8221;][et_pb_fullwidth_slider _builder_version=&#8221;4.17.4&#8243; _module_preset=&#8221;default&#8221; global_colors_info=&#8221;{}&#8221;][et_pb_slide heading=&#8221;RESERVER UNE EXCURSION A BUSSANA VECCHIA&#8221; button_text=&#8221;RESERVER&#8221; button_link=&#8221;https:\/\/sanremoguide.it\/contact&#8221; image=&#8221;http:\/\/sanremoguide.it\/wp-content\/uploads\/2022\/06\/itouriviera.png&#8221; _builder_version=&#8221;4.17.4&#8243; _module_preset=&#8221;default&#8221; background_image=&#8221;http:\/\/sanremoguide.it\/wp-content\/uploads\/2018\/09\/Luca_Lombardi_Sanremo_notturna.jpg&#8221; background_enable_image=&#8221;on&#8221; custom_button=&#8221;on&#8221; button_bg_color=&#8221;#E09900&#8243; button_border_width=&#8221;1px&#8221; button_border_color=&#8221;#FFFFFF&#8221; global_colors_info=&#8221;{}&#8221; sticky_transition=&#8221;on&#8221;][\/et_pb_slide][\/et_pb_fullwidth_slider][\/et_pb_section]<\/p>\n","protected":false},"excerpt":{"rendered":"<p>Sanremo, d\u00e9cembre 2006\u00a0. Les fleurs de Sanremo et de la Riviera dei Fiori sont la meilleure carte de visite de notre province depuis des temps imm\u00e9moriaux, et la municipalit\u00e9 de Sanremo, en collaboration avec UCFLOR et ANCEF (association d&#8217;exportateurs de fleurs), a activ\u00e9 une &#8220;Table verte&#8221; autour de laquelle le projet pr\u00e9cieux est n\u00e9 pour [&hellip;]<\/p>\n","protected":false},"author":1,"featured_media":0,"parent":9679,"menu_order":0,"comment_status":"closed","ping_status":"closed","template":"","meta":{"_et_pb_use_builder":"on","_et_pb_old_content":"","_et_gb_content_width":""},"yoast_head":"<!-- This site is optimized with the Yoast SEO plugin v21.8.1 - https:\/\/yoast.com\/wordpress\/plugins\/seo\/ -->\n<title>Sanremo Guide : le guide touristique de la ville de Sanremo et de la Riviera des Fleurs<\/title>\n<meta name=\"description\" content=\"Guide touristique de la ville de Sanremo, avec service de r\u00e9servation en ligne d&#039;h\u00f4tels, r\u00e9sidences et voyages \u00e0 forfait.\" \/>\n<meta name=\"robots\" content=\"index, follow, max-snippet:-1, max-image-preview:large, max-video-preview:-1\" \/>\n<link rel=\"canonical\" href=\"https:\/\/sanremoguide.it\/fr\/la-ville-de-sanremo\/san-remo-la-ville-des-fleurs\/pour-les-fleurs-de-sanremo-le-prestigieux-label-de-qualite\/\" \/>\n<meta property=\"og:locale\" content=\"fr_FR\" \/>\n<meta property=\"og:type\" content=\"article\" \/>\n<meta property=\"og:title\" content=\"Sanremo Guide : le guide touristique de la ville de Sanremo et de la Riviera des Fleurs\" \/>\n<meta property=\"og:description\" content=\"Guide touristique de la ville de Sanremo, avec service de r\u00e9servation en ligne d&#039;h\u00f4tels, r\u00e9sidences et voyages \u00e0 forfait.\" \/>\n<meta property=\"og:url\" content=\"https:\/\/sanremoguide.it\/fr\/la-ville-de-sanremo\/san-remo-la-ville-des-fleurs\/pour-les-fleurs-de-sanremo-le-prestigieux-label-de-qualite\/\" \/>\n<meta property=\"og:site_name\" content=\"SANREMO GUIDE | la guida turistica di Sanremo\" \/>\n<meta property=\"article:modified_time\" content=\"2022-06-13T18:00:24+00:00\" \/>\n<meta property=\"og:image\" content=\"https:\/\/www.sanremoguide.it\/uploads\/fiori_ranuncolo_350x200.jpg\" \/>\n<meta name=\"twitter:label1\" content=\"Dur\u00e9e de lecture estim\u00e9e\" \/>\n\t<meta name=\"twitter:data1\" content=\"3 minutes\" \/>\n<script type=\"application\/ld+json\" class=\"yoast-schema-graph\">{\"@context\":\"https:\/\/schema.org\",\"@graph\":[{\"@type\":\"WebPage\",\"@id\":\"https:\/\/sanremoguide.it\/fr\/la-ville-de-sanremo\/san-remo-la-ville-des-fleurs\/pour-les-fleurs-de-sanremo-le-prestigieux-label-de-qualite\/\",\"url\":\"https:\/\/sanremoguide.it\/fr\/la-ville-de-sanremo\/san-remo-la-ville-des-fleurs\/pour-les-fleurs-de-sanremo-le-prestigieux-label-de-qualite\/\",\"name\":\"Sanremo Guide : le guide touristique de la ville de Sanremo et de la Riviera des Fleurs\",\"isPartOf\":{\"@id\":\"https:\/\/sanremoguide.it\/#website\"},\"datePublished\":\"2022-06-13T18:00:23+00:00\",\"dateModified\":\"2022-06-13T18:00:24+00:00\",\"description\":\"Guide touristique de la ville de Sanremo, avec service de r\u00e9servation en ligne d'h\u00f4tels, r\u00e9sidences et voyages \u00e0 forfait.\",\"breadcrumb\":{\"@id\":\"https:\/\/sanremoguide.it\/fr\/la-ville-de-sanremo\/san-remo-la-ville-des-fleurs\/pour-les-fleurs-de-sanremo-le-prestigieux-label-de-qualite\/#breadcrumb\"},\"inLanguage\":\"fr-FR\",\"potentialAction\":[{\"@type\":\"ReadAction\",\"target\":[\"https:\/\/sanremoguide.it\/fr\/la-ville-de-sanremo\/san-remo-la-ville-des-fleurs\/pour-les-fleurs-de-sanremo-le-prestigieux-label-de-qualite\/\"]}]},{\"@type\":\"BreadcrumbList\",\"@id\":\"https:\/\/sanremoguide.it\/fr\/la-ville-de-sanremo\/san-remo-la-ville-des-fleurs\/pour-les-fleurs-de-sanremo-le-prestigieux-label-de-qualite\/#breadcrumb\",\"itemListElement\":[{\"@type\":\"ListItem\",\"position\":1,\"name\":\"Home\",\"item\":\"https:\/\/sanremoguide.it\/\"},{\"@type\":\"ListItem\",\"position\":2,\"name\":\"LA VILLE DE SANREMO\",\"item\":\"https:\/\/sanremoguide.it\/fr\/la-ville-de-sanremo\/\"},{\"@type\":\"ListItem\",\"position\":3,\"name\":\"San Remo: la ville des fleurs\",\"item\":\"https:\/\/sanremoguide.it\/fr\/la-ville-de-sanremo\/san-remo-la-ville-des-fleurs\/\"},{\"@type\":\"ListItem\",\"position\":4,\"name\":\"Pour les fleurs de Sanremo, le prestigieux \u00ab\u00a0Label de Qualit\u00e9\u00a0\u00bb.\"}]},{\"@type\":\"WebSite\",\"@id\":\"https:\/\/sanremoguide.it\/#website\",\"url\":\"https:\/\/sanremoguide.it\/\",\"name\":\"SANREMO GUIDE | la guida turistica di Sanremo\",\"description\":\"la guida turistica della citt\u00e0 di Sanremo\",\"potentialAction\":[{\"@type\":\"SearchAction\",\"target\":{\"@type\":\"EntryPoint\",\"urlTemplate\":\"https:\/\/sanremoguide.it\/?s={search_term_string}\"},\"query-input\":\"required name=search_term_string\"}],\"inLanguage\":\"fr-FR\"}]}<\/script>\n<!-- \/ Yoast SEO plugin. -->","yoast_head_json":{"title":"Sanremo Guide : le guide touristique de la ville de Sanremo et de la Riviera des Fleurs","description":"Guide touristique de la ville de Sanremo, avec service de r\u00e9servation en ligne d'h\u00f4tels, r\u00e9sidences et voyages \u00e0 forfait.","robots":{"index":"index","follow":"follow","max-snippet":"max-snippet:-1","max-image-preview":"max-image-preview:large","max-video-preview":"max-video-preview:-1"},"canonical":"https:\/\/sanremoguide.it\/fr\/la-ville-de-sanremo\/san-remo-la-ville-des-fleurs\/pour-les-fleurs-de-sanremo-le-prestigieux-label-de-qualite\/","og_locale":"fr_FR","og_type":"article","og_title":"Sanremo Guide : le guide touristique de la ville de Sanremo et de la Riviera des Fleurs","og_description":"Guide touristique de la ville de Sanremo, avec service de r\u00e9servation en ligne d'h\u00f4tels, r\u00e9sidences et voyages \u00e0 forfait.","og_url":"https:\/\/sanremoguide.it\/fr\/la-ville-de-sanremo\/san-remo-la-ville-des-fleurs\/pour-les-fleurs-de-sanremo-le-prestigieux-label-de-qualite\/","og_site_name":"SANREMO GUIDE | la guida turistica di Sanremo","article_modified_time":"2022-06-13T18:00:24+00:00","og_image":[{"url":"https:\/\/www.sanremoguide.it\/uploads\/fiori_ranuncolo_350x200.jpg"}],"twitter_misc":{"Dur\u00e9e de lecture estim\u00e9e":"3 minutes"},"schema":{"@context":"https:\/\/schema.org","@graph":[{"@type":"WebPage","@id":"https:\/\/sanremoguide.it\/fr\/la-ville-de-sanremo\/san-remo-la-ville-des-fleurs\/pour-les-fleurs-de-sanremo-le-prestigieux-label-de-qualite\/","url":"https:\/\/sanremoguide.it\/fr\/la-ville-de-sanremo\/san-remo-la-ville-des-fleurs\/pour-les-fleurs-de-sanremo-le-prestigieux-label-de-qualite\/","name":"Sanremo Guide : le guide touristique de la ville de Sanremo et de la Riviera des Fleurs","isPartOf":{"@id":"https:\/\/sanremoguide.it\/#website"},"datePublished":"2022-06-13T18:00:23+00:00","dateModified":"2022-06-13T18:00:24+00:00","description":"Guide touristique de la ville de Sanremo, avec service de r\u00e9servation en ligne d'h\u00f4tels, r\u00e9sidences et voyages \u00e0 forfait.","breadcrumb":{"@id":"https:\/\/sanremoguide.it\/fr\/la-ville-de-sanremo\/san-remo-la-ville-des-fleurs\/pour-les-fleurs-de-sanremo-le-prestigieux-label-de-qualite\/#breadcrumb"},"inLanguage":"fr-FR","potentialAction":[{"@type":"ReadAction","target":["https:\/\/sanremoguide.it\/fr\/la-ville-de-sanremo\/san-remo-la-ville-des-fleurs\/pour-les-fleurs-de-sanremo-le-prestigieux-label-de-qualite\/"]}]},{"@type":"BreadcrumbList","@id":"https:\/\/sanremoguide.it\/fr\/la-ville-de-sanremo\/san-remo-la-ville-des-fleurs\/pour-les-fleurs-de-sanremo-le-prestigieux-label-de-qualite\/#breadcrumb","itemListElement":[{"@type":"ListItem","position":1,"name":"Home","item":"https:\/\/sanremoguide.it\/"},{"@type":"ListItem","position":2,"name":"LA VILLE DE SANREMO","item":"https:\/\/sanremoguide.it\/fr\/la-ville-de-sanremo\/"},{"@type":"ListItem","position":3,"name":"San Remo: la ville des fleurs","item":"https:\/\/sanremoguide.it\/fr\/la-ville-de-sanremo\/san-remo-la-ville-des-fleurs\/"},{"@type":"ListItem","position":4,"name":"Pour les fleurs de Sanremo, le prestigieux \u00ab\u00a0Label de Qualit\u00e9\u00a0\u00bb."}]},{"@type":"WebSite","@id":"https:\/\/sanremoguide.it\/#website","url":"https:\/\/sanremoguide.it\/","name":"SANREMO GUIDE | la guida turistica di Sanremo","description":"la guida turistica della citt\u00e0 di Sanremo","potentialAction":[{"@type":"SearchAction","target":{"@type":"EntryPoint","urlTemplate":"https:\/\/sanremoguide.it\/?s={search_term_string}"},"query-input":"required name=search_term_string"}],"inLanguage":"fr-FR"}]}},"_links":{"self":[{"href":"https:\/\/sanremoguide.it\/fr\/wp-json\/wp\/v2\/pages\/12775"}],"collection":[{"href":"https:\/\/sanremoguide.it\/fr\/wp-json\/wp\/v2\/pages"}],"about":[{"href":"https:\/\/sanremoguide.it\/fr\/wp-json\/wp\/v2\/types\/page"}],"author":[{"embeddable":true,"href":"https:\/\/sanremoguide.it\/fr\/wp-json\/wp\/v2\/users\/1"}],"replies":[{"embeddable":true,"href":"https:\/\/sanremoguide.it\/fr\/wp-json\/wp\/v2\/comments?post=12775"}],"version-history":[{"count":2,"href":"https:\/\/sanremoguide.it\/fr\/wp-json\/wp\/v2\/pages\/12775\/revisions"}],"predecessor-version":[{"id":12777,"href":"https:\/\/sanremoguide.it\/fr\/wp-json\/wp\/v2\/pages\/12775\/revisions\/12777"}],"up":[{"embeddable":true,"href":"https:\/\/sanremoguide.it\/fr\/wp-json\/wp\/v2\/pages\/9679"}],"wp:attachment":[{"href":"https:\/\/sanremoguide.it\/fr\/wp-json\/wp\/v2\/media?parent=12775"}],"curies":[{"name":"wp","href":"https:\/\/api.w.org\/{rel}","templated":true}]}}