{"id":12785,"date":"2022-06-14T10:44:22","date_gmt":"2022-06-14T10:44:22","guid":{"rendered":"https:\/\/sanremoguide.it\/la-ville-de-sanremo\/sanremo-en-journee\/"},"modified":"2022-06-14T10:44:23","modified_gmt":"2022-06-14T10:44:23","slug":"sanremo-en-journee","status":"publish","type":"page","link":"https:\/\/sanremoguide.it\/fr\/la-ville-de-sanremo\/sanremo-en-journee\/","title":{"rendered":"Sanremo en journ\u00e9e"},"content":{"rendered":"<p>[et_pb_section fb_built=&#8221;1&#8243; fullwidth=&#8221;on&#8221; _builder_version=&#8221;4.17.4&#8243; _module_preset=&#8221;default&#8221; locked=&#8221;off&#8221; global_colors_info=&#8221;{}&#8221;][et_pb_fullwidth_slider _builder_version=&#8221;4.17.4&#8243; _module_preset=&#8221;default&#8221; background_image=&#8221;http:\/\/sanremoguide.it\/wp-content\/uploads\/2018\/09\/Luca_Lombardi_Sanremo_La_Primavera.jpg&#8221; global_colors_info=&#8221;{}&#8221;][et_pb_slide heading=&#8221;Sanremo en journ\u00e9e&#8221; _builder_version=&#8221;4.17.4&#8243; _module_preset=&#8221;default&#8221; custom_button=&#8221;on&#8221; button_text_color=&#8221;#256b00&#8243; button_bg_color=&#8221;#f2b500&#8243; button_border_color=&#8221;#FFFFFF&#8221; button_icon=&#8221;&#x41;||divi||400&#8243; text_orientation=&#8221;center&#8221; background_layout=&#8221;light&#8221; box_shadow_style_button=&#8221;preset1&#8243; text_shadow_style=&#8221;preset3&#8243; global_colors_info=&#8221;{}&#8221; sticky_transition=&#8221;on&#8221;][\/et_pb_slide][\/et_pb_fullwidth_slider][\/et_pb_section][et_pb_section fb_built=&#8221;1&#8243; admin_label=&#8221;Section&#8221; _builder_version=&#8221;4.16&#8243; global_colors_info=&#8221;{}&#8221;][et_pb_row _builder_version=&#8221;4.16&#8243; background_size=&#8221;initial&#8221; background_position=&#8221;top_left&#8221; background_repeat=&#8221;repeat&#8221; global_colors_info=&#8221;{}&#8221;][et_pb_column type=&#8221;4_4&#8243; _builder_version=&#8221;4.16&#8243; custom_padding=&#8221;|||&#8221; global_colors_info=&#8221;{}&#8221; custom_padding__hover=&#8221;|||&#8221;][et_pb_text _builder_version=&#8221;4.16&#8243; background_size=&#8221;initial&#8221; background_position=&#8221;top_left&#8221; background_repeat=&#8221;repeat&#8221; global_colors_info=&#8221;{}&#8221;]<img fetchpriority=\"high\" decoding=\"async\" class=\"aligncenter\" src=\"https:\/\/www.sanremoguide.it\/uploads\/SanRemo_VillaNobel_facciata_350x200.jpg\" alt=\"Una veduta della Villa Nobel a Sanremo - Foto APT RdF\" \/><\/p>\n<p>Visiter Sanremo en une seule journ\u00e9e peut vraiment \u00eatre une exp\u00e9rience digne d&#8217;un voyage dans le temps.<\/p>\n<p>Tout d&#8217;abord, nous vous conseillons de visiter le <strong>centre historique m\u00e9di\u00e9val<\/strong>, appel\u00e9 &#8220;La Pigna&#8221;, avec ses ruelles et ses escaliers qui m\u00e8nent au sommet domin\u00e9 par le Sanctuaire de la Madonna della Costa, d&#8217;o\u00f9 vous peut profiter d&#8217;une vue extraordinaire sur la ville.<\/p>\n<p>Puis, en descendant les ruelles escarp\u00e9es, nous vous conseillons une pause d\u00e9di\u00e9e au <strong>shopping<\/strong> dans la moderne Via Matteotti, o\u00f9 boutiques et joailliers seront un r\u00e9gal pour vos yeux. Au bout de la rue, vous pourrez visiter le Casino et l&#8217;\u00e9glise russe, construits au d\u00e9but du XXe si\u00e8cle.<\/p>\n<p>Un d\u00e9jeuner \u00e0 base de poisson sur la Piaza Bresca, en revanche, vous projettera dans l&#8217;atmosph\u00e8re de l&#8217;ancien port datant du XVIIe si\u00e8cle.<\/p>\n<p>Enfin, dans l&#8217;apr\u00e8s-midi, nous vous invitons \u00e0 d\u00e9couvrir le Sanremo du XIXe si\u00e8cle, en visitant la belle <strong>Villa Nobel<\/strong>, o\u00f9 v\u00e9cut le c\u00e9l\u00e8bre scientifique su\u00e9dois, et les <strong>jardins botaniques<\/strong> de Villa Ormond.<\/p>\n<p>Nous sommes convaincus que vous vivrez une exp\u00e9rience unique dans notre ville, qui vous fera souhaiter un s\u00e9jour plus long ![\/et_pb_text][\/et_pb_column][\/et_pb_row][\/et_pb_section][et_pb_section fb_built=&#8221;1&#8243; fullwidth=&#8221;on&#8221; _builder_version=&#8221;4.17.4&#8243; _module_preset=&#8221;default&#8221; locked=&#8221;off&#8221; global_colors_info=&#8221;{}&#8221; global_module=&#8221;12524&#8243; saved_tabs=&#8221;all&#8221;][et_pb_fullwidth_slider _builder_version=&#8221;4.17.4&#8243; _module_preset=&#8221;default&#8221; global_colors_info=&#8221;{}&#8221;][et_pb_slide heading=&#8221;RESERVER UNE EXCURSION A BUSSANA VECCHIA&#8221; button_text=&#8221;RESERVER&#8221; button_link=&#8221;https:\/\/sanremoguide.it\/contact&#8221; image=&#8221;http:\/\/sanremoguide.it\/wp-content\/uploads\/2022\/06\/itouriviera.png&#8221; _builder_version=&#8221;4.17.4&#8243; _module_preset=&#8221;default&#8221; background_image=&#8221;http:\/\/sanremoguide.it\/wp-content\/uploads\/2018\/09\/Luca_Lombardi_Sanremo_notturna.jpg&#8221; background_enable_image=&#8221;on&#8221; custom_button=&#8221;on&#8221; button_bg_color=&#8221;#E09900&#8243; button_border_width=&#8221;1px&#8221; button_border_color=&#8221;#FFFFFF&#8221; global_colors_info=&#8221;{}&#8221; sticky_transition=&#8221;on&#8221;][\/et_pb_slide][\/et_pb_fullwidth_slider][\/et_pb_section]<\/p>\n","protected":false},"excerpt":{"rendered":"<p>Visiter Sanremo en une seule journ\u00e9e peut vraiment \u00eatre une exp\u00e9rience digne d&#8217;un voyage dans le temps. Tout d&#8217;abord, nous vous conseillons de visiter le centre historique m\u00e9di\u00e9val, appel\u00e9 &#8220;La Pigna&#8221;, avec ses ruelles et ses escaliers qui m\u00e8nent au sommet domin\u00e9 par le Sanctuaire de la Madonna della Costa, d&#8217;o\u00f9 vous peut profiter d&#8217;une [&hellip;]<\/p>\n","protected":false},"author":1,"featured_media":0,"parent":12240,"menu_order":0,"comment_status":"closed","ping_status":"closed","template":"","meta":{"_et_pb_use_builder":"on","_et_pb_old_content":"","_et_gb_content_width":""},"yoast_head":"<!-- This site is optimized with the Yoast SEO plugin v21.8.1 - https:\/\/yoast.com\/wordpress\/plugins\/seo\/ -->\n<title>Sanremo Guide : le guide touristique de la ville de Sanremo et de la Riviera des Fleurs<\/title>\n<meta name=\"description\" content=\"Guide touristique de la ville de Sanremo, avec service de r\u00e9servation en ligne d&#039;h\u00f4tels, r\u00e9sidences et voyages \u00e0 forfait.\" \/>\n<meta name=\"robots\" content=\"index, follow, max-snippet:-1, max-image-preview:large, max-video-preview:-1\" \/>\n<link rel=\"canonical\" href=\"https:\/\/sanremoguide.it\/sanremo\/sanremo-in-12-ore\/\" \/>\n<meta property=\"og:locale\" content=\"fr_FR\" \/>\n<meta property=\"og:type\" content=\"article\" \/>\n<meta property=\"og:title\" content=\"Sanremo Guide : le guide touristique de la ville de Sanremo et de la Riviera des Fleurs\" \/>\n<meta property=\"og:description\" content=\"Guide touristique de la ville de Sanremo, avec service de r\u00e9servation en ligne d&#039;h\u00f4tels, r\u00e9sidences et voyages \u00e0 forfait.\" \/>\n<meta property=\"og:url\" content=\"https:\/\/sanremoguide.it\/sanremo\/sanremo-in-12-ore\/\" \/>\n<meta property=\"og:site_name\" content=\"SANREMO GUIDE | la guida turistica di Sanremo\" \/>\n<meta property=\"article:modified_time\" content=\"2022-06-14T10:44:23+00:00\" \/>\n<meta property=\"og:image\" content=\"https:\/\/www.sanremoguide.it\/uploads\/SanRemo_VillaNobel_facciata_350x200.jpg\" \/>\n<meta name=\"twitter:label1\" content=\"Dur\u00e9e de lecture estim\u00e9e\" \/>\n\t<meta name=\"twitter:data1\" content=\"2 minutes\" \/>\n<script type=\"application\/ld+json\" class=\"yoast-schema-graph\">{\"@context\":\"https:\/\/schema.org\",\"@graph\":[{\"@type\":\"WebPage\",\"@id\":\"https:\/\/sanremoguide.it\/sanremo\/sanremo-in-12-ore\/\",\"url\":\"https:\/\/sanremoguide.it\/sanremo\/sanremo-in-12-ore\/\",\"name\":\"Sanremo Guide : le guide touristique de la ville de Sanremo et de la Riviera des Fleurs\",\"isPartOf\":{\"@id\":\"https:\/\/sanremoguide.it\/#website\"},\"datePublished\":\"2022-06-14T10:44:22+00:00\",\"dateModified\":\"2022-06-14T10:44:23+00:00\",\"description\":\"Guide touristique de la ville de Sanremo, avec service de r\u00e9servation en ligne d'h\u00f4tels, r\u00e9sidences et voyages \u00e0 forfait.\",\"breadcrumb\":{\"@id\":\"https:\/\/sanremoguide.it\/sanremo\/sanremo-in-12-ore\/#breadcrumb\"},\"inLanguage\":\"fr-FR\",\"potentialAction\":[{\"@type\":\"ReadAction\",\"target\":[\"https:\/\/sanremoguide.it\/sanremo\/sanremo-in-12-ore\/\"]}]},{\"@type\":\"BreadcrumbList\",\"@id\":\"https:\/\/sanremoguide.it\/sanremo\/sanremo-in-12-ore\/#breadcrumb\",\"itemListElement\":[{\"@type\":\"ListItem\",\"position\":1,\"name\":\"Home\",\"item\":\"https:\/\/sanremoguide.it\/\"},{\"@type\":\"ListItem\",\"position\":2,\"name\":\"LA VILLE DE SANREMO\",\"item\":\"https:\/\/sanremoguide.it\/fr\/la-ville-de-sanremo\/\"},{\"@type\":\"ListItem\",\"position\":3,\"name\":\"Sanremo en journ\u00e9e\"}]},{\"@type\":\"WebSite\",\"@id\":\"https:\/\/sanremoguide.it\/#website\",\"url\":\"https:\/\/sanremoguide.it\/\",\"name\":\"SANREMO GUIDE | la guida turistica di Sanremo\",\"description\":\"la guida turistica della citt\u00e0 di Sanremo\",\"potentialAction\":[{\"@type\":\"SearchAction\",\"target\":{\"@type\":\"EntryPoint\",\"urlTemplate\":\"https:\/\/sanremoguide.it\/?s={search_term_string}\"},\"query-input\":\"required name=search_term_string\"}],\"inLanguage\":\"fr-FR\"}]}<\/script>\n<!-- \/ Yoast SEO plugin. -->","yoast_head_json":{"title":"Sanremo Guide : le guide touristique de la ville de Sanremo et de la Riviera des Fleurs","description":"Guide touristique de la ville de Sanremo, avec service de r\u00e9servation en ligne d'h\u00f4tels, r\u00e9sidences et voyages \u00e0 forfait.","robots":{"index":"index","follow":"follow","max-snippet":"max-snippet:-1","max-image-preview":"max-image-preview:large","max-video-preview":"max-video-preview:-1"},"canonical":"https:\/\/sanremoguide.it\/sanremo\/sanremo-in-12-ore\/","og_locale":"fr_FR","og_type":"article","og_title":"Sanremo Guide : le guide touristique de la ville de Sanremo et de la Riviera des Fleurs","og_description":"Guide touristique de la ville de Sanremo, avec service de r\u00e9servation en ligne d'h\u00f4tels, r\u00e9sidences et voyages \u00e0 forfait.","og_url":"https:\/\/sanremoguide.it\/sanremo\/sanremo-in-12-ore\/","og_site_name":"SANREMO GUIDE | la guida turistica di Sanremo","article_modified_time":"2022-06-14T10:44:23+00:00","og_image":[{"url":"https:\/\/www.sanremoguide.it\/uploads\/SanRemo_VillaNobel_facciata_350x200.jpg"}],"twitter_misc":{"Dur\u00e9e de lecture estim\u00e9e":"2 minutes"},"schema":{"@context":"https:\/\/schema.org","@graph":[{"@type":"WebPage","@id":"https:\/\/sanremoguide.it\/sanremo\/sanremo-in-12-ore\/","url":"https:\/\/sanremoguide.it\/sanremo\/sanremo-in-12-ore\/","name":"Sanremo Guide : le guide touristique de la ville de Sanremo et de la Riviera des Fleurs","isPartOf":{"@id":"https:\/\/sanremoguide.it\/#website"},"datePublished":"2022-06-14T10:44:22+00:00","dateModified":"2022-06-14T10:44:23+00:00","description":"Guide touristique de la ville de Sanremo, avec service de r\u00e9servation en ligne d'h\u00f4tels, r\u00e9sidences et voyages \u00e0 forfait.","breadcrumb":{"@id":"https:\/\/sanremoguide.it\/sanremo\/sanremo-in-12-ore\/#breadcrumb"},"inLanguage":"fr-FR","potentialAction":[{"@type":"ReadAction","target":["https:\/\/sanremoguide.it\/sanremo\/sanremo-in-12-ore\/"]}]},{"@type":"BreadcrumbList","@id":"https:\/\/sanremoguide.it\/sanremo\/sanremo-in-12-ore\/#breadcrumb","itemListElement":[{"@type":"ListItem","position":1,"name":"Home","item":"https:\/\/sanremoguide.it\/"},{"@type":"ListItem","position":2,"name":"LA VILLE DE SANREMO","item":"https:\/\/sanremoguide.it\/fr\/la-ville-de-sanremo\/"},{"@type":"ListItem","position":3,"name":"Sanremo en journ\u00e9e"}]},{"@type":"WebSite","@id":"https:\/\/sanremoguide.it\/#website","url":"https:\/\/sanremoguide.it\/","name":"SANREMO GUIDE | la guida turistica di Sanremo","description":"la guida turistica della citt\u00e0 di Sanremo","potentialAction":[{"@type":"SearchAction","target":{"@type":"EntryPoint","urlTemplate":"https:\/\/sanremoguide.it\/?s={search_term_string}"},"query-input":"required name=search_term_string"}],"inLanguage":"fr-FR"}]}},"_links":{"self":[{"href":"https:\/\/sanremoguide.it\/fr\/wp-json\/wp\/v2\/pages\/12785"}],"collection":[{"href":"https:\/\/sanremoguide.it\/fr\/wp-json\/wp\/v2\/pages"}],"about":[{"href":"https:\/\/sanremoguide.it\/fr\/wp-json\/wp\/v2\/types\/page"}],"author":[{"embeddable":true,"href":"https:\/\/sanremoguide.it\/fr\/wp-json\/wp\/v2\/users\/1"}],"replies":[{"embeddable":true,"href":"https:\/\/sanremoguide.it\/fr\/wp-json\/wp\/v2\/comments?post=12785"}],"version-history":[{"count":2,"href":"https:\/\/sanremoguide.it\/fr\/wp-json\/wp\/v2\/pages\/12785\/revisions"}],"predecessor-version":[{"id":12787,"href":"https:\/\/sanremoguide.it\/fr\/wp-json\/wp\/v2\/pages\/12785\/revisions\/12787"}],"up":[{"embeddable":true,"href":"https:\/\/sanremoguide.it\/fr\/wp-json\/wp\/v2\/pages\/12240"}],"wp:attachment":[{"href":"https:\/\/sanremoguide.it\/fr\/wp-json\/wp\/v2\/media?parent=12785"}],"curies":[{"name":"wp","href":"https:\/\/api.w.org\/{rel}","templated":true}]}}