{"id":12788,"date":"2022-06-14T10:47:03","date_gmt":"2022-06-14T10:47:03","guid":{"rendered":"https:\/\/sanremoguide.it\/depliants\/"},"modified":"2022-06-14T10:47:04","modified_gmt":"2022-06-14T10:47:04","slug":"depliants","status":"publish","type":"page","link":"https:\/\/sanremoguide.it\/fr\/infos-pratiques\/depliants\/","title":{"rendered":"DEPLIANTS"},"content":{"rendered":"<p>[et_pb_section fb_built=\u00a0\u00bb1&Prime; fullwidth=\u00a0\u00bbon\u00a0\u00bb _builder_version=\u00a0\u00bb4.17.4&Prime; _module_preset=\u00a0\u00bbdefault\u00a0\u00bb locked=\u00a0\u00bboff\u00a0\u00bb global_colors_info=\u00a0\u00bb{}\u00a0\u00bb][et_pb_fullwidth_slider _builder_version=\u00a0\u00bb4.17.4&Prime; _module_preset=\u00a0\u00bbdefault\u00a0\u00bb background_image=\u00a0\u00bbhttps:\/\/sanremoguide.it\/wp-content\/uploads\/2018\/09\/Luca_Lombardi_Sanremo_La_Primavera.jpg\u00a0\u00bb global_colors_info=\u00a0\u00bb{}\u00a0\u00bb][et_pb_slide heading=\u00a0\u00bbDEPLIANTS\u00a0\u00bb _builder_version=\u00a0\u00bb4.17.4&Prime; _module_preset=\u00a0\u00bbdefault\u00a0\u00bb custom_button=\u00a0\u00bbon\u00a0\u00bb button_text_color=\u00a0\u00bb#256b00&Prime; button_bg_color=\u00a0\u00bb#f2b500&Prime; button_border_color=\u00a0\u00bb#FFFFFF\u00a0\u00bb button_icon=\u00a0\u00bb&#x41;||divi||400&Prime; text_orientation=\u00a0\u00bbcenter\u00a0\u00bb background_layout=\u00a0\u00bblight\u00a0\u00bb box_shadow_style_button=\u00a0\u00bbpreset1&Prime; text_shadow_style=\u00a0\u00bbpreset3&Prime; global_colors_info=\u00a0\u00bb{}\u00a0\u00bb sticky_transition=\u00a0\u00bbon\u00a0\u00bb][\/et_pb_slide][\/et_pb_fullwidth_slider][\/et_pb_section][et_pb_section fb_built=\u00a0\u00bb1&Prime; admin_label=\u00a0\u00bbSection\u00a0\u00bb _builder_version=\u00a0\u00bb4.16&Prime; global_colors_info=\u00a0\u00bb{}\u00a0\u00bb][et_pb_row _builder_version=\u00a0\u00bb4.16&Prime; background_size=\u00a0\u00bbinitial\u00a0\u00bb background_position=\u00a0\u00bbtop_left\u00a0\u00bb background_repeat=\u00a0\u00bbrepeat\u00a0\u00bb global_colors_info=\u00a0\u00bb{}\u00a0\u00bb][et_pb_column type=\u00a0\u00bb4_4&Prime; _builder_version=\u00a0\u00bb4.16&Prime; custom_padding=\u00a0\u00bb|||\u00a0\u00bb global_colors_info=\u00a0\u00bb{}\u00a0\u00bb custom_padding__hover=\u00a0\u00bb|||\u00a0\u00bb][et_pb_text _builder_version=\u00a0\u00bb4.16&Prime; background_size=\u00a0\u00bbinitial\u00a0\u00bb background_position=\u00a0\u00bbtop_left\u00a0\u00bb background_repeat=\u00a0\u00bbrepeat\u00a0\u00bb global_colors_info=\u00a0\u00bb{}\u00a0\u00bb]Dans cette section, nous pr\u00e9sentons quelques brochures promotionnelles au format PDF sur la ville de Sanremo et la Riviera des Fleurs.<\/p>\n<p><a href=\"https:\/\/www.sanremoguide.it\/uploads\/DE_SAN_REMO_STADTFUEHRER.pdf\" target=\"new\" rel=\"noopener\"><img decoding=\"async\" src=\"https:\/\/www.sanremoguide.it\/common\/img\/frecce_down.gif\" alt=\"\" border=\"0\" \/>\u00a0GUIDA DELLA CITTA&rsquo; DI SANREMO IN TEDESCO<\/a><\/p>\n<p><a href=\"https:\/\/www.sanremoguide.it\/uploads\/EN_SAN_REMO_CITY_GUIDE.pdf\" target=\"new\" rel=\"noopener\"><img decoding=\"async\" src=\"https:\/\/www.sanremoguide.it\/common\/img\/frecce_down.gif\" alt=\"\" border=\"0\" \/>\u00a0GUIDA DELLA CITTA&rsquo; DI SANREMO IN INGLESE<\/a><\/p>\n<p><a href=\"https:\/\/www.sanremoguide.it\/uploads\/IT_SAN_REMO_CITY_GUIDE.pdf\" target=\"new\" rel=\"noopener\"><img decoding=\"async\" src=\"https:\/\/www.sanremoguide.it\/common\/img\/frecce_down.gif\" alt=\"\" border=\"0\" \/>\u00a0GUIDA DELLA CITTA&rsquo; DI SANREMO IN ITALIANO<\/a>[\/et_pb_text][\/et_pb_column][\/et_pb_row][\/et_pb_section][et_pb_section fb_built=\u00a0\u00bb1&Prime; fullwidth=\u00a0\u00bbon\u00a0\u00bb _builder_version=\u00a0\u00bb4.17.4&Prime; _module_preset=\u00a0\u00bbdefault\u00a0\u00bb locked=\u00a0\u00bboff\u00a0\u00bb global_colors_info=\u00a0\u00bb{}\u00a0\u00bb global_module=\u00a0\u00bb12524&Prime; saved_tabs=\u00a0\u00bball\u00a0\u00bb][et_pb_fullwidth_slider _builder_version=\u00a0\u00bb4.17.4&Prime; _module_preset=\u00a0\u00bbdefault\u00a0\u00bb global_colors_info=\u00a0\u00bb{}\u00a0\u00bb][et_pb_slide heading=\u00a0\u00bbRESERVER UNE EXCURSION A BUSSANA VECCHIA\u00a0\u00bb button_text=\u00a0\u00bbRESERVER\u00a0\u00bb button_link=\u00a0\u00bbhttps:\/\/sanremoguide.it\/contact\u00a0\u00bb image=\u00a0\u00bbhttps:\/\/sanremoguide.it\/wp-content\/uploads\/2022\/06\/itouriviera.png\u00a0\u00bb _builder_version=\u00a0\u00bb4.17.4&Prime; _module_preset=\u00a0\u00bbdefault\u00a0\u00bb background_image=\u00a0\u00bbhttps:\/\/sanremoguide.it\/wp-content\/uploads\/2018\/09\/Luca_Lombardi_Sanremo_notturna.jpg\u00a0\u00bb background_enable_image=\u00a0\u00bbon\u00a0\u00bb custom_button=\u00a0\u00bbon\u00a0\u00bb button_bg_color=\u00a0\u00bb#E09900&Prime; button_border_width=\u00a0\u00bb1px\u00a0\u00bb button_border_color=\u00a0\u00bb#FFFFFF\u00a0\u00bb global_colors_info=\u00a0\u00bb{}\u00a0\u00bb sticky_transition=\u00a0\u00bbon\u00a0\u00bb][\/et_pb_slide][\/et_pb_fullwidth_slider][\/et_pb_section]<\/p>\n","protected":false},"excerpt":{"rendered":"<p>Dans cette section, nous pr\u00e9sentons quelques brochures promotionnelles au format PDF sur la ville de Sanremo et la Riviera des Fleurs. \u00a0GUIDA DELLA CITTA&rsquo; DI SANREMO IN TEDESCO \u00a0GUIDA DELLA CITTA&rsquo; DI SANREMO IN INGLESE \u00a0GUIDA DELLA CITTA&rsquo; DI SANREMO IN ITALIANO<\/p>\n","protected":false},"author":1,"featured_media":0,"parent":12794,"menu_order":0,"comment_status":"closed","ping_status":"closed","template":"","meta":{"_et_pb_use_builder":"on","_et_pb_old_content":"","_et_gb_content_width":"","footnotes":""},"class_list":["post-12788","page","type-page","status-publish","hentry"],"yoast_head":"<!-- This site is optimized with the Yoast SEO plugin v27.5 - https:\/\/yoast.com\/product\/yoast-seo-wordpress\/ -->\n<title>Sanremo Guide : le guide touristique de la ville de Sanremo et de la Riviera des Fleurs<\/title>\n<meta name=\"description\" content=\"Guide touristique de la ville de Sanremo, avec service de r\u00e9servation en ligne d&#039;h\u00f4tels, r\u00e9sidences et voyages \u00e0 forfait.\" \/>\n<meta name=\"robots\" content=\"index, follow, max-snippet:-1, max-image-preview:large, max-video-preview:-1\" \/>\n<link rel=\"canonical\" href=\"https:\/\/sanremoguide.it\/info-pratiche\/depliants-brochure\/\" \/>\n<meta property=\"og:locale\" content=\"fr_FR\" \/>\n<meta property=\"og:type\" content=\"article\" \/>\n<meta property=\"og:title\" content=\"Sanremo Guide : le guide touristique de la ville de Sanremo et de la Riviera des Fleurs\" \/>\n<meta property=\"og:description\" content=\"Guide touristique de la ville de Sanremo, avec service de r\u00e9servation en ligne d&#039;h\u00f4tels, r\u00e9sidences et voyages \u00e0 forfait.\" \/>\n<meta property=\"og:url\" content=\"https:\/\/sanremoguide.it\/info-pratiche\/depliants-brochure\/\" \/>\n<meta property=\"og:site_name\" content=\"SANREMO GUIDE | la guida turistica di Sanremo\" \/>\n<meta property=\"article:modified_time\" content=\"2022-06-14T10:47:04+00:00\" \/>\n<meta property=\"og:image\" content=\"https:\/\/www.sanremoguide.it\/common\/img\/frecce_down.gif\" \/>\n<meta name=\"twitter:label1\" content=\"Dur\u00e9e de lecture estim\u00e9e\" \/>\n\t<meta name=\"twitter:data1\" content=\"2 minutes\" \/>\n<script type=\"application\/ld+json\" class=\"yoast-schema-graph\">{\"@context\":\"https:\\\/\\\/schema.org\",\"@graph\":[{\"@type\":\"WebPage\",\"@id\":\"https:\\\/\\\/sanremoguide.it\\\/info-pratiche\\\/depliants-brochure\\\/\",\"url\":\"https:\\\/\\\/sanremoguide.it\\\/info-pratiche\\\/depliants-brochure\\\/\",\"name\":\"Sanremo Guide : le guide touristique de la ville de Sanremo et de la Riviera des Fleurs\",\"isPartOf\":{\"@id\":\"https:\\\/\\\/sanremoguide.it\\\/#website\"},\"primaryImageOfPage\":{\"@id\":\"https:\\\/\\\/sanremoguide.it\\\/info-pratiche\\\/depliants-brochure\\\/#primaryimage\"},\"image\":{\"@id\":\"https:\\\/\\\/sanremoguide.it\\\/info-pratiche\\\/depliants-brochure\\\/#primaryimage\"},\"thumbnailUrl\":\"https:\\\/\\\/www.sanremoguide.it\\\/common\\\/img\\\/frecce_down.gif\",\"datePublished\":\"2022-06-14T10:47:03+00:00\",\"dateModified\":\"2022-06-14T10:47:04+00:00\",\"description\":\"Guide touristique de la ville de Sanremo, avec service de r\u00e9servation en ligne d'h\u00f4tels, r\u00e9sidences et voyages \u00e0 forfait.\",\"breadcrumb\":{\"@id\":\"https:\\\/\\\/sanremoguide.it\\\/info-pratiche\\\/depliants-brochure\\\/#breadcrumb\"},\"inLanguage\":\"fr-FR\",\"potentialAction\":[{\"@type\":\"ReadAction\",\"target\":[\"https:\\\/\\\/sanremoguide.it\\\/info-pratiche\\\/depliants-brochure\\\/\"]}]},{\"@type\":\"ImageObject\",\"inLanguage\":\"fr-FR\",\"@id\":\"https:\\\/\\\/sanremoguide.it\\\/info-pratiche\\\/depliants-brochure\\\/#primaryimage\",\"url\":\"https:\\\/\\\/www.sanremoguide.it\\\/common\\\/img\\\/frecce_down.gif\",\"contentUrl\":\"https:\\\/\\\/www.sanremoguide.it\\\/common\\\/img\\\/frecce_down.gif\"},{\"@type\":\"BreadcrumbList\",\"@id\":\"https:\\\/\\\/sanremoguide.it\\\/info-pratiche\\\/depliants-brochure\\\/#breadcrumb\",\"itemListElement\":[{\"@type\":\"ListItem\",\"position\":1,\"name\":\"Home\",\"item\":\"https:\\\/\\\/sanremoguide.it\\\/\"},{\"@type\":\"ListItem\",\"position\":2,\"name\":\"DEPLIANTS\"}]},{\"@type\":\"WebSite\",\"@id\":\"https:\\\/\\\/sanremoguide.it\\\/#website\",\"url\":\"https:\\\/\\\/sanremoguide.it\\\/\",\"name\":\"SANREMO GUIDE | la guida turistica di Sanremo\",\"description\":\"la guida turistica della citt\u00e0 di Sanremo\",\"potentialAction\":[{\"@type\":\"SearchAction\",\"target\":{\"@type\":\"EntryPoint\",\"urlTemplate\":\"https:\\\/\\\/sanremoguide.it\\\/?s={search_term_string}\"},\"query-input\":{\"@type\":\"PropertyValueSpecification\",\"valueRequired\":true,\"valueName\":\"search_term_string\"}}],\"inLanguage\":\"fr-FR\"}]}<\/script>\n<!-- \/ Yoast SEO plugin. -->","yoast_head_json":{"title":"Sanremo Guide : le guide touristique de la ville de Sanremo et de la Riviera des Fleurs","description":"Guide touristique de la ville de Sanremo, avec service de r\u00e9servation en ligne d'h\u00f4tels, r\u00e9sidences et voyages \u00e0 forfait.","robots":{"index":"index","follow":"follow","max-snippet":"max-snippet:-1","max-image-preview":"max-image-preview:large","max-video-preview":"max-video-preview:-1"},"canonical":"https:\/\/sanremoguide.it\/info-pratiche\/depliants-brochure\/","og_locale":"fr_FR","og_type":"article","og_title":"Sanremo Guide : le guide touristique de la ville de Sanremo et de la Riviera des Fleurs","og_description":"Guide touristique de la ville de Sanremo, avec service de r\u00e9servation en ligne d'h\u00f4tels, r\u00e9sidences et voyages \u00e0 forfait.","og_url":"https:\/\/sanremoguide.it\/info-pratiche\/depliants-brochure\/","og_site_name":"SANREMO GUIDE | la guida turistica di Sanremo","article_modified_time":"2022-06-14T10:47:04+00:00","og_image":[{"url":"https:\/\/www.sanremoguide.it\/common\/img\/frecce_down.gif","type":"","width":"","height":""}],"twitter_misc":{"Dur\u00e9e de lecture estim\u00e9e":"2 minutes"},"schema":{"@context":"https:\/\/schema.org","@graph":[{"@type":"WebPage","@id":"https:\/\/sanremoguide.it\/info-pratiche\/depliants-brochure\/","url":"https:\/\/sanremoguide.it\/info-pratiche\/depliants-brochure\/","name":"Sanremo Guide : le guide touristique de la ville de Sanremo et de la Riviera des Fleurs","isPartOf":{"@id":"https:\/\/sanremoguide.it\/#website"},"primaryImageOfPage":{"@id":"https:\/\/sanremoguide.it\/info-pratiche\/depliants-brochure\/#primaryimage"},"image":{"@id":"https:\/\/sanremoguide.it\/info-pratiche\/depliants-brochure\/#primaryimage"},"thumbnailUrl":"https:\/\/www.sanremoguide.it\/common\/img\/frecce_down.gif","datePublished":"2022-06-14T10:47:03+00:00","dateModified":"2022-06-14T10:47:04+00:00","description":"Guide touristique de la ville de Sanremo, avec service de r\u00e9servation en ligne d'h\u00f4tels, r\u00e9sidences et voyages \u00e0 forfait.","breadcrumb":{"@id":"https:\/\/sanremoguide.it\/info-pratiche\/depliants-brochure\/#breadcrumb"},"inLanguage":"fr-FR","potentialAction":[{"@type":"ReadAction","target":["https:\/\/sanremoguide.it\/info-pratiche\/depliants-brochure\/"]}]},{"@type":"ImageObject","inLanguage":"fr-FR","@id":"https:\/\/sanremoguide.it\/info-pratiche\/depliants-brochure\/#primaryimage","url":"https:\/\/www.sanremoguide.it\/common\/img\/frecce_down.gif","contentUrl":"https:\/\/www.sanremoguide.it\/common\/img\/frecce_down.gif"},{"@type":"BreadcrumbList","@id":"https:\/\/sanremoguide.it\/info-pratiche\/depliants-brochure\/#breadcrumb","itemListElement":[{"@type":"ListItem","position":1,"name":"Home","item":"https:\/\/sanremoguide.it\/"},{"@type":"ListItem","position":2,"name":"DEPLIANTS"}]},{"@type":"WebSite","@id":"https:\/\/sanremoguide.it\/#website","url":"https:\/\/sanremoguide.it\/","name":"SANREMO GUIDE | la guida turistica di Sanremo","description":"la guida turistica della citt\u00e0 di Sanremo","potentialAction":[{"@type":"SearchAction","target":{"@type":"EntryPoint","urlTemplate":"https:\/\/sanremoguide.it\/?s={search_term_string}"},"query-input":{"@type":"PropertyValueSpecification","valueRequired":true,"valueName":"search_term_string"}}],"inLanguage":"fr-FR"}]}},"_links":{"self":[{"href":"https:\/\/sanremoguide.it\/fr\/wp-json\/wp\/v2\/pages\/12788","targetHints":{"allow":["GET"]}}],"collection":[{"href":"https:\/\/sanremoguide.it\/fr\/wp-json\/wp\/v2\/pages"}],"about":[{"href":"https:\/\/sanremoguide.it\/fr\/wp-json\/wp\/v2\/types\/page"}],"author":[{"embeddable":true,"href":"https:\/\/sanremoguide.it\/fr\/wp-json\/wp\/v2\/users\/1"}],"replies":[{"embeddable":true,"href":"https:\/\/sanremoguide.it\/fr\/wp-json\/wp\/v2\/comments?post=12788"}],"version-history":[{"count":2,"href":"https:\/\/sanremoguide.it\/fr\/wp-json\/wp\/v2\/pages\/12788\/revisions"}],"predecessor-version":[{"id":12790,"href":"https:\/\/sanremoguide.it\/fr\/wp-json\/wp\/v2\/pages\/12788\/revisions\/12790"}],"up":[{"embeddable":true,"href":"https:\/\/sanremoguide.it\/fr\/wp-json\/wp\/v2\/pages\/12794"}],"wp:attachment":[{"href":"https:\/\/sanremoguide.it\/fr\/wp-json\/wp\/v2\/media?parent=12788"}],"curies":[{"name":"wp","href":"https:\/\/api.w.org\/{rel}","templated":true}]}}