{"id":12794,"date":"2022-06-14T11:05:43","date_gmt":"2022-06-14T11:05:43","guid":{"rendered":"https:\/\/sanremoguide.it\/infos-pratiques\/"},"modified":"2022-06-14T11:05:44","modified_gmt":"2022-06-14T11:05:44","slug":"infos-pratiques","status":"publish","type":"page","link":"https:\/\/sanremoguide.it\/fr\/infos-pratiques\/","title":{"rendered":"INFOS PRATIQUES"},"content":{"rendered":"<p>[et_pb_section fb_built=&#8221;1&#8243; fullwidth=&#8221;on&#8221; _builder_version=&#8221;4.17.4&#8243; _module_preset=&#8221;default&#8221; locked=&#8221;off&#8221; global_colors_info=&#8221;{}&#8221;][et_pb_fullwidth_slider _builder_version=&#8221;4.17.4&#8243; _module_preset=&#8221;default&#8221; background_image=&#8221;http:\/\/sanremoguide.it\/wp-content\/uploads\/2018\/09\/Luca_Lombardi_Sanremo_La_Primavera.jpg&#8221; global_colors_info=&#8221;{}&#8221;][et_pb_slide heading=&#8221;Infos pratiques&#8221; _builder_version=&#8221;4.17.4&#8243; _module_preset=&#8221;default&#8221; custom_button=&#8221;on&#8221; button_text_color=&#8221;#256b00&#8243; button_bg_color=&#8221;#f2b500&#8243; button_border_color=&#8221;#FFFFFF&#8221; button_icon=&#8221;&#x41;||divi||400&#8243; text_orientation=&#8221;center&#8221; background_layout=&#8221;light&#8221; box_shadow_style_button=&#8221;preset1&#8243; text_shadow_style=&#8221;preset3&#8243; global_colors_info=&#8221;{}&#8221; sticky_transition=&#8221;on&#8221;][\/et_pb_slide][\/et_pb_fullwidth_slider][\/et_pb_section][et_pb_section fb_built=&#8221;1&#8243; _builder_version=&#8221;4.16&#8243; global_colors_info=&#8221;{}&#8221;][et_pb_row _builder_version=&#8221;4.16&#8243; background_size=&#8221;initial&#8221; background_position=&#8221;top_left&#8221; background_repeat=&#8221;repeat&#8221; global_colors_info=&#8221;{}&#8221;][et_pb_column type=&#8221;4_4&#8243; _builder_version=&#8221;4.16&#8243; custom_padding=&#8221;|||&#8221; global_colors_info=&#8221;{}&#8221; custom_padding__hover=&#8221;|||&#8221;][et_pb_text _builder_version=&#8221;4.16&#8243; background_size=&#8221;initial&#8221; background_position=&#8221;top_left&#8221; background_repeat=&#8221;repeat&#8221; global_colors_info=&#8221;{}&#8221;]<img fetchpriority=\"high\" decoding=\"async\" class=\"aligncenter\" src=\"https:\/\/www.sanremoguide.it\/uploads\/SanRemo_alba_350x200.jpg\" alt=\"&lt;b&gt;Alba su Sanremo&lt;\/b&gt; - Foto APT RdF\" \/><\/p>\n<p>La <strong>Riviera di Ponente<\/strong> est situ\u00e9e dans une position g\u00e9ographique privil\u00e9gi\u00e9e, tant du point de vue de la communication avec les environs que du point de vue climato-m\u00e9t\u00e9orologique. La Ligurie b\u00e9n\u00e9ficie d&#8217;un climat temp\u00e9r\u00e9 chaud de type m\u00e9diterran\u00e9en, mais une autre subdivision interne de la Riviera ligure place l&#8217;extr\u00eame ouest dans une zone purement privil\u00e9gi\u00e9e.<\/p>\n<p>La <strong>ville de Sanremo<\/strong> est facilement accessible par tous les moyens de transport, en voiture, en train, en avion ou en bateau.<\/p>\n<p>L&#8217;<strong>autoroute A10\/E80<\/strong>, la G\u00eanes-Vintimille, relie la ville \u00e0 la France voisine et, en passant par G\u00eanes, aux principales autoroutes italiennes.<br \/>\nComme alternative, pour profiter de la vue sur la c\u00f4te, vous pouvez emprunter l&#8217;ancienne voie romaine, l&#8217;<strong>Aurelia<\/strong>.<\/p>\n<p>L&#8217;<strong>a\u00e9roport<\/strong> le plus proche, celui de Nice, n&#8217;est qu&#8217;\u00e0 50 km de Sanremo, mais la ville est \u00e9galement facilement accessible depuis G\u00eanes.<\/p>\n<p>Pour ceux qui voyagent en train, comme les premiers touristes arriv\u00e9s \u00e0 Sanremo au XIXe si\u00e8cle, d\u00e9j\u00e0 enivr\u00e9s par le parfum des fleurs avant m\u00eame de descendre du train, la ville dispose aujourd&#8217;hui d&#8217;une <strong>gare moderne<\/strong>, qui la relie aux principales lignes europ\u00e9ennes.[\/et_pb_text][\/et_pb_column][\/et_pb_row][\/et_pb_section][et_pb_section fb_built=&#8221;1&#8243; fullwidth=&#8221;on&#8221; _builder_version=&#8221;4.17.4&#8243; _module_preset=&#8221;default&#8221; locked=&#8221;off&#8221; global_colors_info=&#8221;{}&#8221; global_module=&#8221;12524&#8243; saved_tabs=&#8221;all&#8221;][et_pb_fullwidth_slider _builder_version=&#8221;4.17.4&#8243; _module_preset=&#8221;default&#8221; global_colors_info=&#8221;{}&#8221;][et_pb_slide heading=&#8221;RESERVER UNE EXCURSION A BUSSANA VECCHIA&#8221; button_text=&#8221;RESERVER&#8221; button_link=&#8221;https:\/\/sanremoguide.it\/contact&#8221; image=&#8221;http:\/\/sanremoguide.it\/wp-content\/uploads\/2022\/06\/itouriviera.png&#8221; _builder_version=&#8221;4.17.4&#8243; _module_preset=&#8221;default&#8221; background_image=&#8221;http:\/\/sanremoguide.it\/wp-content\/uploads\/2018\/09\/Luca_Lombardi_Sanremo_notturna.jpg&#8221; background_enable_image=&#8221;on&#8221; custom_button=&#8221;on&#8221; button_bg_color=&#8221;#E09900&#8243; button_border_width=&#8221;1px&#8221; button_border_color=&#8221;#FFFFFF&#8221; global_colors_info=&#8221;{}&#8221; sticky_transition=&#8221;on&#8221;][\/et_pb_slide][\/et_pb_fullwidth_slider][\/et_pb_section]<\/p>\n","protected":false},"excerpt":{"rendered":"<p>La Riviera di Ponente est situ\u00e9e dans une position g\u00e9ographique privil\u00e9gi\u00e9e, tant du point de vue de la communication avec les environs que du point de vue climato-m\u00e9t\u00e9orologique. La Ligurie b\u00e9n\u00e9ficie d&#8217;un climat temp\u00e9r\u00e9 chaud de type m\u00e9diterran\u00e9en, mais une autre subdivision interne de la Riviera ligure place l&#8217;extr\u00eame ouest dans une zone purement privil\u00e9gi\u00e9e. [&hellip;]<\/p>\n","protected":false},"author":1,"featured_media":0,"parent":0,"menu_order":0,"comment_status":"closed","ping_status":"open","template":"","meta":{"_et_pb_use_builder":"on","_et_pb_old_content":"","_et_gb_content_width":""},"yoast_head":"<!-- This site is optimized with the Yoast SEO plugin v21.8.1 - https:\/\/yoast.com\/wordpress\/plugins\/seo\/ -->\n<title>INFOS PRATIQUES - SANREMO GUIDE | la guida turistica di Sanremo<\/title>\n<meta name=\"robots\" content=\"index, follow, max-snippet:-1, max-image-preview:large, max-video-preview:-1\" \/>\n<link rel=\"canonical\" href=\"https:\/\/sanremoguide.it\/info-pratiche\/\" \/>\n<meta property=\"og:locale\" content=\"fr_FR\" \/>\n<meta property=\"og:type\" content=\"article\" \/>\n<meta property=\"og:title\" content=\"INFOS PRATIQUES - SANREMO GUIDE | la guida turistica di Sanremo\" \/>\n<meta property=\"og:description\" content=\"La Riviera di Ponente est situ\u00e9e dans une position g\u00e9ographique privil\u00e9gi\u00e9e, tant du point de vue de la communication avec les environs que du point de vue climato-m\u00e9t\u00e9orologique. La Ligurie b\u00e9n\u00e9ficie d&#039;un climat temp\u00e9r\u00e9 chaud de type m\u00e9diterran\u00e9en, mais une autre subdivision interne de la Riviera ligure place l&#039;extr\u00eame ouest dans une zone purement privil\u00e9gi\u00e9e. [&hellip;]\" \/>\n<meta property=\"og:url\" content=\"https:\/\/sanremoguide.it\/info-pratiche\/\" \/>\n<meta property=\"og:site_name\" content=\"SANREMO GUIDE | la guida turistica di Sanremo\" \/>\n<meta property=\"article:modified_time\" content=\"2022-06-14T11:05:44+00:00\" \/>\n<meta property=\"og:image\" content=\"https:\/\/www.sanremoguide.it\/uploads\/SanRemo_alba_350x200.jpg\" \/>\n<meta name=\"twitter:label1\" content=\"Dur\u00e9e de lecture estim\u00e9e\" \/>\n\t<meta name=\"twitter:data1\" content=\"2 minutes\" \/>\n<script type=\"application\/ld+json\" class=\"yoast-schema-graph\">{\"@context\":\"https:\/\/schema.org\",\"@graph\":[{\"@type\":\"WebPage\",\"@id\":\"https:\/\/sanremoguide.it\/info-pratiche\/\",\"url\":\"https:\/\/sanremoguide.it\/info-pratiche\/\",\"name\":\"INFOS PRATIQUES - SANREMO GUIDE | la guida turistica di Sanremo\",\"isPartOf\":{\"@id\":\"https:\/\/sanremoguide.it\/#website\"},\"datePublished\":\"2022-06-14T11:05:43+00:00\",\"dateModified\":\"2022-06-14T11:05:44+00:00\",\"breadcrumb\":{\"@id\":\"https:\/\/sanremoguide.it\/info-pratiche\/#breadcrumb\"},\"inLanguage\":\"fr-FR\",\"potentialAction\":[{\"@type\":\"ReadAction\",\"target\":[\"https:\/\/sanremoguide.it\/info-pratiche\/\"]}]},{\"@type\":\"BreadcrumbList\",\"@id\":\"https:\/\/sanremoguide.it\/info-pratiche\/#breadcrumb\",\"itemListElement\":[{\"@type\":\"ListItem\",\"position\":1,\"name\":\"Home\",\"item\":\"https:\/\/sanremoguide.it\/\"},{\"@type\":\"ListItem\",\"position\":2,\"name\":\"INFOS PRATIQUES\"}]},{\"@type\":\"WebSite\",\"@id\":\"https:\/\/sanremoguide.it\/#website\",\"url\":\"https:\/\/sanremoguide.it\/\",\"name\":\"SANREMO GUIDE | la guida turistica di Sanremo\",\"description\":\"la guida turistica della citt\u00e0 di Sanremo\",\"potentialAction\":[{\"@type\":\"SearchAction\",\"target\":{\"@type\":\"EntryPoint\",\"urlTemplate\":\"https:\/\/sanremoguide.it\/?s={search_term_string}\"},\"query-input\":\"required name=search_term_string\"}],\"inLanguage\":\"fr-FR\"}]}<\/script>\n<!-- \/ Yoast SEO plugin. -->","yoast_head_json":{"title":"INFOS PRATIQUES - SANREMO GUIDE | la guida turistica di Sanremo","robots":{"index":"index","follow":"follow","max-snippet":"max-snippet:-1","max-image-preview":"max-image-preview:large","max-video-preview":"max-video-preview:-1"},"canonical":"https:\/\/sanremoguide.it\/info-pratiche\/","og_locale":"fr_FR","og_type":"article","og_title":"INFOS PRATIQUES - SANREMO GUIDE | la guida turistica di Sanremo","og_description":"La Riviera di Ponente est situ\u00e9e dans une position g\u00e9ographique privil\u00e9gi\u00e9e, tant du point de vue de la communication avec les environs que du point de vue climato-m\u00e9t\u00e9orologique. La Ligurie b\u00e9n\u00e9ficie d'un climat temp\u00e9r\u00e9 chaud de type m\u00e9diterran\u00e9en, mais une autre subdivision interne de la Riviera ligure place l'extr\u00eame ouest dans une zone purement privil\u00e9gi\u00e9e. [&hellip;]","og_url":"https:\/\/sanremoguide.it\/info-pratiche\/","og_site_name":"SANREMO GUIDE | la guida turistica di Sanremo","article_modified_time":"2022-06-14T11:05:44+00:00","og_image":[{"url":"https:\/\/www.sanremoguide.it\/uploads\/SanRemo_alba_350x200.jpg"}],"twitter_misc":{"Dur\u00e9e de lecture estim\u00e9e":"2 minutes"},"schema":{"@context":"https:\/\/schema.org","@graph":[{"@type":"WebPage","@id":"https:\/\/sanremoguide.it\/info-pratiche\/","url":"https:\/\/sanremoguide.it\/info-pratiche\/","name":"INFOS PRATIQUES - SANREMO GUIDE | la guida turistica di Sanremo","isPartOf":{"@id":"https:\/\/sanremoguide.it\/#website"},"datePublished":"2022-06-14T11:05:43+00:00","dateModified":"2022-06-14T11:05:44+00:00","breadcrumb":{"@id":"https:\/\/sanremoguide.it\/info-pratiche\/#breadcrumb"},"inLanguage":"fr-FR","potentialAction":[{"@type":"ReadAction","target":["https:\/\/sanremoguide.it\/info-pratiche\/"]}]},{"@type":"BreadcrumbList","@id":"https:\/\/sanremoguide.it\/info-pratiche\/#breadcrumb","itemListElement":[{"@type":"ListItem","position":1,"name":"Home","item":"https:\/\/sanremoguide.it\/"},{"@type":"ListItem","position":2,"name":"INFOS PRATIQUES"}]},{"@type":"WebSite","@id":"https:\/\/sanremoguide.it\/#website","url":"https:\/\/sanremoguide.it\/","name":"SANREMO GUIDE | la guida turistica di Sanremo","description":"la guida turistica della citt\u00e0 di Sanremo","potentialAction":[{"@type":"SearchAction","target":{"@type":"EntryPoint","urlTemplate":"https:\/\/sanremoguide.it\/?s={search_term_string}"},"query-input":"required name=search_term_string"}],"inLanguage":"fr-FR"}]}},"_links":{"self":[{"href":"https:\/\/sanremoguide.it\/fr\/wp-json\/wp\/v2\/pages\/12794"}],"collection":[{"href":"https:\/\/sanremoguide.it\/fr\/wp-json\/wp\/v2\/pages"}],"about":[{"href":"https:\/\/sanremoguide.it\/fr\/wp-json\/wp\/v2\/types\/page"}],"author":[{"embeddable":true,"href":"https:\/\/sanremoguide.it\/fr\/wp-json\/wp\/v2\/users\/1"}],"replies":[{"embeddable":true,"href":"https:\/\/sanremoguide.it\/fr\/wp-json\/wp\/v2\/comments?post=12794"}],"version-history":[{"count":2,"href":"https:\/\/sanremoguide.it\/fr\/wp-json\/wp\/v2\/pages\/12794\/revisions"}],"predecessor-version":[{"id":12796,"href":"https:\/\/sanremoguide.it\/fr\/wp-json\/wp\/v2\/pages\/12794\/revisions\/12796"}],"wp:attachment":[{"href":"https:\/\/sanremoguide.it\/fr\/wp-json\/wp\/v2\/media?parent=12794"}],"curies":[{"name":"wp","href":"https:\/\/api.w.org\/{rel}","templated":true}]}}