{"id":12797,"date":"2022-06-14T11:20:31","date_gmt":"2022-06-14T11:20:31","guid":{"rendered":"https:\/\/sanremoguide.it\/services-pour-agences-de-voyage\/"},"modified":"2022-06-14T11:20:32","modified_gmt":"2022-06-14T11:20:32","slug":"services-pour-agences-de-voyage","status":"publish","type":"page","link":"https:\/\/sanremoguide.it\/fr\/services-pour-agences-de-voyage\/","title":{"rendered":"Services pour agences de voyage"},"content":{"rendered":"<p>[et_pb_section fb_built=\u00a0\u00bb1&Prime; fullwidth=\u00a0\u00bbon\u00a0\u00bb _builder_version=\u00a0\u00bb4.17.4&Prime; _module_preset=\u00a0\u00bbdefault\u00a0\u00bb global_colors_info=\u00a0\u00bb{}\u00a0\u00bb][et_pb_fullwidth_slider _builder_version=\u00a0\u00bb4.17.4&Prime; _module_preset=\u00a0\u00bbdefault\u00a0\u00bb background_image=\u00a0\u00bbhttps:\/\/sanremoguide.it\/wp-content\/uploads\/2018\/09\/Luca_Lombardi_Sanremo_La_Primavera.jpg\u00a0\u00bb global_colors_info=\u00a0\u00bb{}\u00a0\u00bb][et_pb_slide heading=\u00a0\u00bbServices B2B pour Agences de Voyage\u00a0\u00bb button_link=\u00a0\u00bbhttps:\/\/sanremoguide.it\/fr\/information\/\u00a0\u00bb _builder_version=\u00a0\u00bb4.17.4&Prime; _module_preset=\u00a0\u00bbdefault\u00a0\u00bb custom_button=\u00a0\u00bbon\u00a0\u00bb button_text_color=\u00a0\u00bb#256b00&Prime; button_bg_color=\u00a0\u00bb#f2b500&Prime; button_border_color=\u00a0\u00bb#FFFFFF\u00a0\u00bb button_icon=\u00a0\u00bb&#x41;||divi||400&Prime; background_layout=\u00a0\u00bblight\u00a0\u00bb box_shadow_style_button=\u00a0\u00bbpreset1&Prime; global_colors_info=\u00a0\u00bb{}\u00a0\u00bb sticky_transition=\u00a0\u00bbon\u00a0\u00bb][\/et_pb_slide][\/et_pb_fullwidth_slider][\/et_pb_section][et_pb_section fb_built=\u00a0\u00bb1&Prime; _builder_version=\u00a0\u00bb4.16&Prime; global_colors_info=\u00a0\u00bb{}\u00a0\u00bb][et_pb_row _builder_version=\u00a0\u00bb4.17.4&Prime; _module_preset=\u00a0\u00bbdefault\u00a0\u00bb global_colors_info=\u00a0\u00bb{}\u00a0\u00bb][et_pb_column type=\u00a0\u00bb4_4&Prime; _builder_version=\u00a0\u00bb4.17.4&Prime; _module_preset=\u00a0\u00bbdefault\u00a0\u00bb global_colors_info=\u00a0\u00bb{}\u00a0\u00bb][et_pb_text _builder_version=\u00a0\u00bb4.17.4&Prime; background_size=\u00a0\u00bbinitial\u00a0\u00bb background_position=\u00a0\u00bbtop_left\u00a0\u00bb background_repeat=\u00a0\u00bbrepeat\u00a0\u00bb global_colors_info=\u00a0\u00bb{}\u00a0\u00bb]<\/p>\n<h2>Notre connaissance approfondie de la ville dans laquelle nous op\u00e9rons et des environs est \u00e0 votre disposition. N&rsquo;h\u00e9sitez pas \u00e0 nous contacter pour vos demandes et nous nous ferons un plaisir de vous aider.<\/h2>\n<p>[\/et_pb_text][\/et_pb_column][\/et_pb_row][et_pb_row column_structure=\u00a0\u00bb1_2,1_2&Prime; admin_label=\u00a0\u00bbLine\u00a0\u00bb _builder_version=\u00a0\u00bb4.16&Prime; background_size=\u00a0\u00bbinitial\u00a0\u00bb background_position=\u00a0\u00bbtop_left\u00a0\u00bb background_repeat=\u00a0\u00bbrepeat\u00a0\u00bb global_colors_info=\u00a0\u00bb{}\u00a0\u00bb][et_pb_column type=\u00a0\u00bb1_2&Prime; _builder_version=\u00a0\u00bb4.16&Prime; custom_padding=\u00a0\u00bb|||\u00a0\u00bb global_colors_info=\u00a0\u00bb{}\u00a0\u00bb custom_padding__hover=\u00a0\u00bb|||\u00a0\u00bb][et_pb_text _builder_version=\u00a0\u00bb4.17.4&Prime; background_size=\u00a0\u00bbinitial\u00a0\u00bb background_position=\u00a0\u00bbtop_left\u00a0\u00bb background_repeat=\u00a0\u00bbrepeat\u00a0\u00bb global_colors_info=\u00a0\u00bb{}\u00a0\u00bb]<\/p>\n<h3>S\u00e9jours pour clients individuels<\/h3>\n<ul>\n<li>r\u00e9servation d&rsquo;h\u00f4tels et r\u00e9sidences, chambres d&rsquo;h\u00f4tes, agritourismes, appartements<\/li>\n<li>r\u00e9servation de restaurants<\/li>\n<li>r\u00e9servation de prestations touristiques, excursions, activit\u00e9s, spectacles<\/li>\n<li>programmation de forfaits sur mesure<\/li>\n<li>service de transferts\/navettes<\/li>\n<li>location de voitures, limousines, minibus avec ou sans chauffeur<\/li>\n<\/ul>\n<p>[\/et_pb_text][et_pb_text _builder_version=\u00a0\u00bb4.17.4&Prime; background_size=\u00a0\u00bbinitial\u00a0\u00bb background_position=\u00a0\u00bbtop_left\u00a0\u00bb background_repeat=\u00a0\u00bbrepeat\u00a0\u00bb global_colors_info=\u00a0\u00bb{}\u00a0\u00bb]<\/p>\n<h3>Organisation de voyages de motivation et de conf\u00e9rences<\/h3>\n<ul>\n<li>s\u00e9lection de lieux pour conf\u00e9rences, r\u00e9unions et d\u00eeners de gala<\/li>\n<li>r\u00e9servation de prestations de conf\u00e9rences\/congr\u00e8s : restauration, h\u00f4tesse<\/li>\n<li>organisation d&rsquo;activit\u00e9 de team building<\/li>\n<li>organisation de d\u00eeners de gala, cocktails, soir\u00e9es<\/li>\n<li>organisation d&rsquo;excursions<\/li>\n<li>gestion des activit\u00e9s des accompagnants<\/li>\n<li>gestion de la communication et de la promotion<\/li>\n<\/ul>\n<p>[\/et_pb_text][\/et_pb_column][et_pb_column type=\u00a0\u00bb1_2&Prime; _builder_version=\u00a0\u00bb4.16&Prime; custom_padding=\u00a0\u00bb|||\u00a0\u00bb global_colors_info=\u00a0\u00bb{}\u00a0\u00bb custom_padding__hover=\u00a0\u00bb|||\u00a0\u00bb][et_pb_text _builder_version=\u00a0\u00bb4.17.4&Prime; background_size=\u00a0\u00bbinitial\u00a0\u00bb background_position=\u00a0\u00bbtop_left\u00a0\u00bb background_repeat=\u00a0\u00bbrepeat\u00a0\u00bb global_colors_info=\u00a0\u00bb{}\u00a0\u00bb]<\/p>\n<h3>Programmation de groupes touristiques<\/h3>\n<ul>\n<li>h\u00e9bergement en h\u00f4tel 3, 4 \u00e9toiles<\/li>\n<li>r\u00e9servation de guides touristiques<\/li>\n<li>excursions en Ligurie et C\u00f4te d&rsquo;Azur<\/li>\n<li>visites de producteurs et d\u00e9gustation de vins et produits typiques<\/li>\n<li>itin\u00e9raires naturalistes<\/li>\n<li>location d&rsquo;autocars<\/li>\n<\/ul>\n<p>[\/et_pb_text][et_pb_text _builder_version=\u00a0\u00bb4.17.4&Prime; background_size=\u00a0\u00bbinitial\u00a0\u00bb background_position=\u00a0\u00bbtop_left\u00a0\u00bb background_repeat=\u00a0\u00bbrepeat\u00a0\u00bb global_colors_info=\u00a0\u00bb{}\u00a0\u00bb]<\/p>\n<h3>Organisation de mariages et lunes de miel<\/h3>\n<ul>\n<li>s\u00e9lection de lieux : villas historiques, ch\u00e2teaux, jardins botaniques<\/li>\n<li>organisation et coordination des prestations : fleuriste, coiffeur, montage, etc.<\/li>\n<li>gestion des d\u00e9marches administratives et traduction de documents<\/li>\n<li>organisation de r\u00e9ceptions de mariage<\/li>\n<li>planification de lunes de miel, lune de miel<\/li>\n<\/ul>\n<p>[\/et_pb_text][\/et_pb_column][\/et_pb_row][\/et_pb_section][et_pb_section fb_built=\u00a0\u00bb1&Prime; fullwidth=\u00a0\u00bbon\u00a0\u00bb _builder_version=\u00a0\u00bb4.17.4&Prime; _module_preset=\u00a0\u00bbdefault\u00a0\u00bb global_module=\u00a0\u00bb12524&Prime; saved_tabs=\u00a0\u00bball\u00a0\u00bb locked=\u00a0\u00bboff\u00a0\u00bb global_colors_info=\u00a0\u00bb{}\u00a0\u00bb][et_pb_fullwidth_slider _builder_version=\u00a0\u00bb4.17.4&Prime; _module_preset=\u00a0\u00bbdefault\u00a0\u00bb global_colors_info=\u00a0\u00bb{}\u00a0\u00bb][et_pb_slide heading=\u00a0\u00bbRESERVER UNE EXCURSION A BUSSANA VECCHIA \u00a0\u00bb button_text=\u00a0\u00bbRESERVER\u00a0\u00bb button_link=\u00a0\u00bbhttps:\/\/sanremoguide.it\/contact\u00a0\u00bb image=\u00a0\u00bbhttps:\/\/sanremoguide.it\/wp-content\/uploads\/2022\/06\/itouriviera.png\u00a0\u00bb _builder_version=\u00a0\u00bb4.17.4&Prime; _module_preset=\u00a0\u00bbdefault\u00a0\u00bb background_image=\u00a0\u00bbhttps:\/\/sanremoguide.it\/wp-content\/uploads\/2018\/09\/Luca_Lombardi_Sanremo_notturna.jpg\u00a0\u00bb background_enable_image=\u00a0\u00bbon\u00a0\u00bb custom_button=\u00a0\u00bbon\u00a0\u00bb button_bg_color=\u00a0\u00bb#E09900&Prime; button_border_width=\u00a0\u00bb1px\u00a0\u00bb button_border_color=\u00a0\u00bb#FFFFFF\u00a0\u00bb global_colors_info=\u00a0\u00bb{}\u00a0\u00bb sticky_transition=\u00a0\u00bbon\u00a0\u00bb][\/et_pb_slide][\/et_pb_fullwidth_slider][\/et_pb_section]<\/p>\n","protected":false},"excerpt":{"rendered":"<p>Notre connaissance approfondie de la ville dans laquelle nous op\u00e9rons et des environs est \u00e0 votre disposition. N&rsquo;h\u00e9sitez pas \u00e0 nous contacter pour vos demandes et nous nous ferons un plaisir de vous aider.S\u00e9jours pour clients individuels r\u00e9servation d&rsquo;h\u00f4tels et r\u00e9sidences, chambres d&rsquo;h\u00f4tes, agritourismes, appartements r\u00e9servation de restaurants r\u00e9servation de prestations touristiques, excursions, activit\u00e9s, spectacles [&hellip;]<\/p>\n","protected":false},"author":1,"featured_media":0,"parent":0,"menu_order":0,"comment_status":"closed","ping_status":"open","template":"","meta":{"_et_pb_use_builder":"on","_et_pb_old_content":"","_et_gb_content_width":"","footnotes":""},"class_list":["post-12797","page","type-page","status-publish","hentry"],"yoast_head":"<!-- This site is optimized with the Yoast SEO plugin v27.5 - https:\/\/yoast.com\/product\/yoast-seo-wordpress\/ -->\n<title>SERVICES POUR AGENCES DE VOYAGE SANREMO LIGURIE<\/title>\n<meta name=\"description\" content=\"\u00c0 Sanremo et en Ligurie, pour le compte d&#039;agences de voyages et de tour-op\u00e9rateurs, nous nous occupons de l&#039;organisation de s\u00e9jours individuels, de voyages de groupe, d&#039;organisation de congr\u00e8s, d&#039;organisation de mariages, etc.\" \/>\n<meta name=\"robots\" content=\"index, follow, max-snippet:-1, max-image-preview:large, max-video-preview:-1\" \/>\n<link rel=\"canonical\" href=\"https:\/\/sanremoguide.it\/servizi-per-agenzie-di-viaggio\/\" \/>\n<meta property=\"og:locale\" content=\"fr_FR\" \/>\n<meta property=\"og:type\" content=\"article\" \/>\n<meta property=\"og:title\" content=\"SERVICES POUR AGENCES DE VOYAGE SANREMO LIGURIE\" \/>\n<meta property=\"og:description\" content=\"\u00c0 Sanremo et en Ligurie, pour le compte d&#039;agences de voyages et de tour-op\u00e9rateurs, nous nous occupons de l&#039;organisation de s\u00e9jours individuels, de voyages de groupe, d&#039;organisation de congr\u00e8s, d&#039;organisation de mariages, etc.\" \/>\n<meta property=\"og:url\" content=\"https:\/\/sanremoguide.it\/servizi-per-agenzie-di-viaggio\/\" \/>\n<meta property=\"og:site_name\" content=\"SANREMO GUIDE | la guida turistica di Sanremo\" \/>\n<meta property=\"article:modified_time\" content=\"2022-06-14T11:20:32+00:00\" \/>\n<meta name=\"twitter:label1\" content=\"Dur\u00e9e de lecture estim\u00e9e\" \/>\n\t<meta name=\"twitter:data1\" content=\"3 minutes\" \/>\n<script type=\"application\/ld+json\" class=\"yoast-schema-graph\">{\"@context\":\"https:\\\/\\\/schema.org\",\"@graph\":[{\"@type\":\"WebPage\",\"@id\":\"https:\\\/\\\/sanremoguide.it\\\/servizi-per-agenzie-di-viaggio\\\/\",\"url\":\"https:\\\/\\\/sanremoguide.it\\\/servizi-per-agenzie-di-viaggio\\\/\",\"name\":\"SERVICES POUR AGENCES DE VOYAGE SANREMO LIGURIE\",\"isPartOf\":{\"@id\":\"https:\\\/\\\/sanremoguide.it\\\/#website\"},\"datePublished\":\"2022-06-14T11:20:31+00:00\",\"dateModified\":\"2022-06-14T11:20:32+00:00\",\"description\":\"\u00c0 Sanremo et en Ligurie, pour le compte d'agences de voyages et de tour-op\u00e9rateurs, nous nous occupons de l'organisation de s\u00e9jours individuels, de voyages de groupe, d'organisation de congr\u00e8s, d'organisation de mariages, etc.\",\"breadcrumb\":{\"@id\":\"https:\\\/\\\/sanremoguide.it\\\/servizi-per-agenzie-di-viaggio\\\/#breadcrumb\"},\"inLanguage\":\"fr-FR\",\"potentialAction\":[{\"@type\":\"ReadAction\",\"target\":[\"https:\\\/\\\/sanremoguide.it\\\/servizi-per-agenzie-di-viaggio\\\/\"]}]},{\"@type\":\"BreadcrumbList\",\"@id\":\"https:\\\/\\\/sanremoguide.it\\\/servizi-per-agenzie-di-viaggio\\\/#breadcrumb\",\"itemListElement\":[{\"@type\":\"ListItem\",\"position\":1,\"name\":\"Home\",\"item\":\"https:\\\/\\\/sanremoguide.it\\\/\"},{\"@type\":\"ListItem\",\"position\":2,\"name\":\"Services pour agences de voyage\"}]},{\"@type\":\"WebSite\",\"@id\":\"https:\\\/\\\/sanremoguide.it\\\/#website\",\"url\":\"https:\\\/\\\/sanremoguide.it\\\/\",\"name\":\"SANREMO GUIDE | la guida turistica di Sanremo\",\"description\":\"la guida turistica della citt\u00e0 di Sanremo\",\"potentialAction\":[{\"@type\":\"SearchAction\",\"target\":{\"@type\":\"EntryPoint\",\"urlTemplate\":\"https:\\\/\\\/sanremoguide.it\\\/?s={search_term_string}\"},\"query-input\":{\"@type\":\"PropertyValueSpecification\",\"valueRequired\":true,\"valueName\":\"search_term_string\"}}],\"inLanguage\":\"fr-FR\"}]}<\/script>\n<!-- \/ Yoast SEO plugin. -->","yoast_head_json":{"title":"SERVICES POUR AGENCES DE VOYAGE SANREMO LIGURIE","description":"\u00c0 Sanremo et en Ligurie, pour le compte d'agences de voyages et de tour-op\u00e9rateurs, nous nous occupons de l'organisation de s\u00e9jours individuels, de voyages de groupe, d'organisation de congr\u00e8s, d'organisation de mariages, etc.","robots":{"index":"index","follow":"follow","max-snippet":"max-snippet:-1","max-image-preview":"max-image-preview:large","max-video-preview":"max-video-preview:-1"},"canonical":"https:\/\/sanremoguide.it\/servizi-per-agenzie-di-viaggio\/","og_locale":"fr_FR","og_type":"article","og_title":"SERVICES POUR AGENCES DE VOYAGE SANREMO LIGURIE","og_description":"\u00c0 Sanremo et en Ligurie, pour le compte d'agences de voyages et de tour-op\u00e9rateurs, nous nous occupons de l'organisation de s\u00e9jours individuels, de voyages de groupe, d'organisation de congr\u00e8s, d'organisation de mariages, etc.","og_url":"https:\/\/sanremoguide.it\/servizi-per-agenzie-di-viaggio\/","og_site_name":"SANREMO GUIDE | la guida turistica di Sanremo","article_modified_time":"2022-06-14T11:20:32+00:00","twitter_misc":{"Dur\u00e9e de lecture estim\u00e9e":"3 minutes"},"schema":{"@context":"https:\/\/schema.org","@graph":[{"@type":"WebPage","@id":"https:\/\/sanremoguide.it\/servizi-per-agenzie-di-viaggio\/","url":"https:\/\/sanremoguide.it\/servizi-per-agenzie-di-viaggio\/","name":"SERVICES POUR AGENCES DE VOYAGE SANREMO LIGURIE","isPartOf":{"@id":"https:\/\/sanremoguide.it\/#website"},"datePublished":"2022-06-14T11:20:31+00:00","dateModified":"2022-06-14T11:20:32+00:00","description":"\u00c0 Sanremo et en Ligurie, pour le compte d'agences de voyages et de tour-op\u00e9rateurs, nous nous occupons de l'organisation de s\u00e9jours individuels, de voyages de groupe, d'organisation de congr\u00e8s, d'organisation de mariages, etc.","breadcrumb":{"@id":"https:\/\/sanremoguide.it\/servizi-per-agenzie-di-viaggio\/#breadcrumb"},"inLanguage":"fr-FR","potentialAction":[{"@type":"ReadAction","target":["https:\/\/sanremoguide.it\/servizi-per-agenzie-di-viaggio\/"]}]},{"@type":"BreadcrumbList","@id":"https:\/\/sanremoguide.it\/servizi-per-agenzie-di-viaggio\/#breadcrumb","itemListElement":[{"@type":"ListItem","position":1,"name":"Home","item":"https:\/\/sanremoguide.it\/"},{"@type":"ListItem","position":2,"name":"Services pour agences de voyage"}]},{"@type":"WebSite","@id":"https:\/\/sanremoguide.it\/#website","url":"https:\/\/sanremoguide.it\/","name":"SANREMO GUIDE | la guida turistica di Sanremo","description":"la guida turistica della citt\u00e0 di Sanremo","potentialAction":[{"@type":"SearchAction","target":{"@type":"EntryPoint","urlTemplate":"https:\/\/sanremoguide.it\/?s={search_term_string}"},"query-input":{"@type":"PropertyValueSpecification","valueRequired":true,"valueName":"search_term_string"}}],"inLanguage":"fr-FR"}]}},"_links":{"self":[{"href":"https:\/\/sanremoguide.it\/fr\/wp-json\/wp\/v2\/pages\/12797","targetHints":{"allow":["GET"]}}],"collection":[{"href":"https:\/\/sanremoguide.it\/fr\/wp-json\/wp\/v2\/pages"}],"about":[{"href":"https:\/\/sanremoguide.it\/fr\/wp-json\/wp\/v2\/types\/page"}],"author":[{"embeddable":true,"href":"https:\/\/sanremoguide.it\/fr\/wp-json\/wp\/v2\/users\/1"}],"replies":[{"embeddable":true,"href":"https:\/\/sanremoguide.it\/fr\/wp-json\/wp\/v2\/comments?post=12797"}],"version-history":[{"count":2,"href":"https:\/\/sanremoguide.it\/fr\/wp-json\/wp\/v2\/pages\/12797\/revisions"}],"predecessor-version":[{"id":12799,"href":"https:\/\/sanremoguide.it\/fr\/wp-json\/wp\/v2\/pages\/12797\/revisions\/12799"}],"wp:attachment":[{"href":"https:\/\/sanremoguide.it\/fr\/wp-json\/wp\/v2\/media?parent=12797"}],"curies":[{"name":"wp","href":"https:\/\/api.w.org\/{rel}","templated":true}]}}