{"id":12800,"date":"2022-06-14T11:25:46","date_gmt":"2022-06-14T11:25:46","guid":{"rendered":"https:\/\/sanremoguide.it\/services-pour-agences-de-voyage\/transfert-et-location-de-bus-et-minibus\/"},"modified":"2022-06-14T11:25:47","modified_gmt":"2022-06-14T11:25:47","slug":"transfert-et-location-de-bus-et-minibus","status":"publish","type":"page","link":"https:\/\/sanremoguide.it\/fr\/services-pour-agences-de-voyage\/transfert-et-location-de-bus-et-minibus\/","title":{"rendered":"Transfert et location de bus et minibus"},"content":{"rendered":"<p>[et_pb_section fb_built=\u00a0\u00bb1&Prime; fullwidth=\u00a0\u00bbon\u00a0\u00bb _builder_version=\u00a0\u00bb4.17.4&Prime; _module_preset=\u00a0\u00bbdefault\u00a0\u00bb global_colors_info=\u00a0\u00bb{}\u00a0\u00bb][et_pb_fullwidth_slider _builder_version=\u00a0\u00bb4.17.4&Prime; _module_preset=\u00a0\u00bbdefault\u00a0\u00bb background_image=\u00a0\u00bbhttps:\/\/sanremoguide.it\/wp-content\/uploads\/2018\/09\/Luca_Lombardi_Sanremo_La_Primavera.jpg\u00a0\u00bb global_colors_info=\u00a0\u00bb{}\u00a0\u00bb][et_pb_slide heading=\u00a0\u00bbNavette d&rsquo;a\u00e9roports \u00e0 Sanremo\u00a0\u00bb button_text=\u00a0\u00bbRESERVER\u00a0\u00bb button_link=\u00a0\u00bbhttps:\/\/sanremoguide.it\/fr\/information\/\u00a0\u00bb _builder_version=\u00a0\u00bb4.17.4&Prime; _module_preset=\u00a0\u00bbdefault\u00a0\u00bb custom_button=\u00a0\u00bbon\u00a0\u00bb button_text_color=\u00a0\u00bb#256b00&Prime; button_bg_color=\u00a0\u00bb#f2b500&Prime; button_border_color=\u00a0\u00bb#FFFFFF\u00a0\u00bb button_icon=\u00a0\u00bb&#x41;||divi||400&Prime; background_layout=\u00a0\u00bblight\u00a0\u00bb box_shadow_style_button=\u00a0\u00bbpreset1&Prime; global_colors_info=\u00a0\u00bb{}\u00a0\u00bb sticky_transition=\u00a0\u00bbon\u00a0\u00bb][\/et_pb_slide][\/et_pb_fullwidth_slider][\/et_pb_section][et_pb_section fb_built=\u00a0\u00bb1&Prime; _builder_version=\u00a0\u00bb4.16&Prime; global_colors_info=\u00a0\u00bb{}\u00a0\u00bb][et_pb_row _builder_version=\u00a0\u00bb4.16&Prime; background_size=\u00a0\u00bbinitial\u00a0\u00bb background_position=\u00a0\u00bbtop_left\u00a0\u00bb background_repeat=\u00a0\u00bbrepeat\u00a0\u00bb global_colors_info=\u00a0\u00bb{}\u00a0\u00bb][et_pb_column type=\u00a0\u00bb4_4&Prime; _builder_version=\u00a0\u00bb4.16&Prime; custom_padding=\u00a0\u00bb|||\u00a0\u00bb global_colors_info=\u00a0\u00bb{}\u00a0\u00bb custom_padding__hover=\u00a0\u00bb|||\u00a0\u00bb][et_pb_text _builder_version=\u00a0\u00bb4.17.4&Prime; background_size=\u00a0\u00bbinitial\u00a0\u00bb background_position=\u00a0\u00bbtop_left\u00a0\u00bb background_repeat=\u00a0\u00bbrepeat\u00a0\u00bb global_colors_info=\u00a0\u00bb{}\u00a0\u00bb]<\/p>\n<h2>R\u00e9servez avec nous les services de transfert de Sanremo aux principaux a\u00e9roports<\/h2>\n<p>* A\u00e9roport de Nice C\u00f4te d&rsquo;Azur<br \/>* A\u00e9roport de Villanova d&rsquo;Albenga<br \/>* A\u00e9roport de G\u00eanes Christophe Colomb<br \/>* A\u00e9roport de Milan Malpensa<\/p>\n<h2>et les escales des Croisi\u00e8res<\/h2>\n<p>* Terminal de croisi\u00e8re Monaco Monte-Carlo<br \/>* Terminal de croisi\u00e8re de Savone (Costa Croisi\u00e8res)<br \/>* Terminal de croisi\u00e8re de G\u00eanes<\/p>\n<h2>Nous pouvons \u00e9galement vous accompagner dans la location de<\/h2>\n<p>* autocars<br \/>* minibus<br \/>* van avec chauffeur<br \/>* limousine avec chauffeur<br \/>* auto<\/p>\n<p>[\/et_pb_text][\/et_pb_column][\/et_pb_row][\/et_pb_section][et_pb_section fb_built=\u00a0\u00bb1&Prime; fullwidth=\u00a0\u00bbon\u00a0\u00bb _builder_version=\u00a0\u00bb4.17.4&Prime; _module_preset=\u00a0\u00bbdefault\u00a0\u00bb locked=\u00a0\u00bboff\u00a0\u00bb global_colors_info=\u00a0\u00bb{}\u00a0\u00bb global_module=\u00a0\u00bb12524&Prime; saved_tabs=\u00a0\u00bball\u00a0\u00bb][et_pb_fullwidth_slider _builder_version=\u00a0\u00bb4.17.4&Prime; _module_preset=\u00a0\u00bbdefault\u00a0\u00bb global_colors_info=\u00a0\u00bb{}\u00a0\u00bb][et_pb_slide heading=\u00a0\u00bbRESERVER UNE EXCURSION A BUSSANA VECCHIA\u00a0\u00bb button_text=\u00a0\u00bbRESERVER\u00a0\u00bb button_link=\u00a0\u00bbhttps:\/\/sanremoguide.it\/contact\u00a0\u00bb image=\u00a0\u00bbhttps:\/\/sanremoguide.it\/wp-content\/uploads\/2022\/06\/itouriviera.png\u00a0\u00bb _builder_version=\u00a0\u00bb4.17.4&Prime; _module_preset=\u00a0\u00bbdefault\u00a0\u00bb background_image=\u00a0\u00bbhttps:\/\/sanremoguide.it\/wp-content\/uploads\/2018\/09\/Luca_Lombardi_Sanremo_notturna.jpg\u00a0\u00bb background_enable_image=\u00a0\u00bbon\u00a0\u00bb custom_button=\u00a0\u00bbon\u00a0\u00bb button_bg_color=\u00a0\u00bb#E09900&Prime; button_border_width=\u00a0\u00bb1px\u00a0\u00bb button_border_color=\u00a0\u00bb#FFFFFF\u00a0\u00bb global_colors_info=\u00a0\u00bb{}\u00a0\u00bb sticky_transition=\u00a0\u00bbon\u00a0\u00bb][\/et_pb_slide][\/et_pb_fullwidth_slider][\/et_pb_section]<\/p>\n","protected":false},"excerpt":{"rendered":"<p>R\u00e9servez avec nous les services de transfert de Sanremo aux principaux a\u00e9roports * A\u00e9roport de Nice C\u00f4te d&rsquo;Azur* A\u00e9roport de Villanova d&rsquo;Albenga* A\u00e9roport de G\u00eanes Christophe Colomb* A\u00e9roport de Milan Malpensa et les escales des Croisi\u00e8res * Terminal de croisi\u00e8re Monaco Monte-Carlo* Terminal de croisi\u00e8re de Savone (Costa Croisi\u00e8res)* Terminal de croisi\u00e8re de G\u00eanes Nous [&hellip;]<\/p>\n","protected":false},"author":1,"featured_media":0,"parent":12797,"menu_order":0,"comment_status":"closed","ping_status":"open","template":"","meta":{"_et_pb_use_builder":"on","_et_pb_old_content":"","_et_gb_content_width":"","footnotes":""},"class_list":["post-12800","page","type-page","status-publish","hentry"],"yoast_head":"<!-- This site is optimized with the Yoast SEO plugin v27.5 - https:\/\/yoast.com\/product\/yoast-seo-wordpress\/ -->\n<title>Transfert et location de bus et minibus - SANREMO GUIDE | la guida turistica di Sanremo<\/title>\n<meta name=\"robots\" content=\"index, follow, max-snippet:-1, max-image-preview:large, max-video-preview:-1\" \/>\n<link rel=\"canonical\" href=\"https:\/\/sanremoguide.it\/servizi-per-agenzie-di-viaggio\/transfer-e-noleggio-bus-e-minibus\/\" \/>\n<meta property=\"og:locale\" content=\"fr_FR\" \/>\n<meta property=\"og:type\" content=\"article\" \/>\n<meta property=\"og:title\" content=\"Transfert et location de bus et minibus - SANREMO GUIDE | la guida turistica di Sanremo\" \/>\n<meta property=\"og:description\" content=\"R\u00e9servez avec nous les services de transfert de Sanremo aux principaux a\u00e9roports * A\u00e9roport de Nice C\u00f4te d&#039;Azur* A\u00e9roport de Villanova d&#039;Albenga* A\u00e9roport de G\u00eanes Christophe Colomb* A\u00e9roport de Milan Malpensa et les escales des Croisi\u00e8res * Terminal de croisi\u00e8re Monaco Monte-Carlo* Terminal de croisi\u00e8re de Savone (Costa Croisi\u00e8res)* Terminal de croisi\u00e8re de G\u00eanes Nous [&hellip;]\" \/>\n<meta property=\"og:url\" content=\"https:\/\/sanremoguide.it\/servizi-per-agenzie-di-viaggio\/transfer-e-noleggio-bus-e-minibus\/\" \/>\n<meta property=\"og:site_name\" content=\"SANREMO GUIDE | la guida turistica di Sanremo\" \/>\n<meta property=\"article:modified_time\" content=\"2022-06-14T11:25:47+00:00\" \/>\n<meta name=\"twitter:label1\" content=\"Dur\u00e9e de lecture estim\u00e9e\" \/>\n\t<meta name=\"twitter:data1\" content=\"2 minutes\" \/>\n<script type=\"application\/ld+json\" class=\"yoast-schema-graph\">{\"@context\":\"https:\\\/\\\/schema.org\",\"@graph\":[{\"@type\":\"WebPage\",\"@id\":\"https:\\\/\\\/sanremoguide.it\\\/servizi-per-agenzie-di-viaggio\\\/transfer-e-noleggio-bus-e-minibus\\\/\",\"url\":\"https:\\\/\\\/sanremoguide.it\\\/servizi-per-agenzie-di-viaggio\\\/transfer-e-noleggio-bus-e-minibus\\\/\",\"name\":\"Transfert et location de bus et minibus - SANREMO GUIDE | la guida turistica di Sanremo\",\"isPartOf\":{\"@id\":\"https:\\\/\\\/sanremoguide.it\\\/#website\"},\"datePublished\":\"2022-06-14T11:25:46+00:00\",\"dateModified\":\"2022-06-14T11:25:47+00:00\",\"breadcrumb\":{\"@id\":\"https:\\\/\\\/sanremoguide.it\\\/servizi-per-agenzie-di-viaggio\\\/transfer-e-noleggio-bus-e-minibus\\\/#breadcrumb\"},\"inLanguage\":\"fr-FR\",\"potentialAction\":[{\"@type\":\"ReadAction\",\"target\":[\"https:\\\/\\\/sanremoguide.it\\\/servizi-per-agenzie-di-viaggio\\\/transfer-e-noleggio-bus-e-minibus\\\/\"]}]},{\"@type\":\"BreadcrumbList\",\"@id\":\"https:\\\/\\\/sanremoguide.it\\\/servizi-per-agenzie-di-viaggio\\\/transfer-e-noleggio-bus-e-minibus\\\/#breadcrumb\",\"itemListElement\":[{\"@type\":\"ListItem\",\"position\":1,\"name\":\"Home\",\"item\":\"https:\\\/\\\/sanremoguide.it\\\/\"},{\"@type\":\"ListItem\",\"position\":2,\"name\":\"Services pour agences de voyage\",\"item\":\"https:\\\/\\\/sanremoguide.it\\\/servizi-per-agenzie-di-viaggio\\\/\"},{\"@type\":\"ListItem\",\"position\":3,\"name\":\"Transfert et location de bus et minibus\"}]},{\"@type\":\"WebSite\",\"@id\":\"https:\\\/\\\/sanremoguide.it\\\/#website\",\"url\":\"https:\\\/\\\/sanremoguide.it\\\/\",\"name\":\"SANREMO GUIDE | la guida turistica di Sanremo\",\"description\":\"la guida turistica della citt\u00e0 di Sanremo\",\"potentialAction\":[{\"@type\":\"SearchAction\",\"target\":{\"@type\":\"EntryPoint\",\"urlTemplate\":\"https:\\\/\\\/sanremoguide.it\\\/?s={search_term_string}\"},\"query-input\":{\"@type\":\"PropertyValueSpecification\",\"valueRequired\":true,\"valueName\":\"search_term_string\"}}],\"inLanguage\":\"fr-FR\"}]}<\/script>\n<!-- \/ Yoast SEO plugin. -->","yoast_head_json":{"title":"Transfert et location de bus et minibus - SANREMO GUIDE | la guida turistica di Sanremo","robots":{"index":"index","follow":"follow","max-snippet":"max-snippet:-1","max-image-preview":"max-image-preview:large","max-video-preview":"max-video-preview:-1"},"canonical":"https:\/\/sanremoguide.it\/servizi-per-agenzie-di-viaggio\/transfer-e-noleggio-bus-e-minibus\/","og_locale":"fr_FR","og_type":"article","og_title":"Transfert et location de bus et minibus - SANREMO GUIDE | la guida turistica di Sanremo","og_description":"R\u00e9servez avec nous les services de transfert de Sanremo aux principaux a\u00e9roports * A\u00e9roport de Nice C\u00f4te d'Azur* A\u00e9roport de Villanova d'Albenga* A\u00e9roport de G\u00eanes Christophe Colomb* A\u00e9roport de Milan Malpensa et les escales des Croisi\u00e8res * Terminal de croisi\u00e8re Monaco Monte-Carlo* Terminal de croisi\u00e8re de Savone (Costa Croisi\u00e8res)* Terminal de croisi\u00e8re de G\u00eanes Nous [&hellip;]","og_url":"https:\/\/sanremoguide.it\/servizi-per-agenzie-di-viaggio\/transfer-e-noleggio-bus-e-minibus\/","og_site_name":"SANREMO GUIDE | la guida turistica di Sanremo","article_modified_time":"2022-06-14T11:25:47+00:00","twitter_misc":{"Dur\u00e9e de lecture estim\u00e9e":"2 minutes"},"schema":{"@context":"https:\/\/schema.org","@graph":[{"@type":"WebPage","@id":"https:\/\/sanremoguide.it\/servizi-per-agenzie-di-viaggio\/transfer-e-noleggio-bus-e-minibus\/","url":"https:\/\/sanremoguide.it\/servizi-per-agenzie-di-viaggio\/transfer-e-noleggio-bus-e-minibus\/","name":"Transfert et location de bus et minibus - SANREMO GUIDE | la guida turistica di Sanremo","isPartOf":{"@id":"https:\/\/sanremoguide.it\/#website"},"datePublished":"2022-06-14T11:25:46+00:00","dateModified":"2022-06-14T11:25:47+00:00","breadcrumb":{"@id":"https:\/\/sanremoguide.it\/servizi-per-agenzie-di-viaggio\/transfer-e-noleggio-bus-e-minibus\/#breadcrumb"},"inLanguage":"fr-FR","potentialAction":[{"@type":"ReadAction","target":["https:\/\/sanremoguide.it\/servizi-per-agenzie-di-viaggio\/transfer-e-noleggio-bus-e-minibus\/"]}]},{"@type":"BreadcrumbList","@id":"https:\/\/sanremoguide.it\/servizi-per-agenzie-di-viaggio\/transfer-e-noleggio-bus-e-minibus\/#breadcrumb","itemListElement":[{"@type":"ListItem","position":1,"name":"Home","item":"https:\/\/sanremoguide.it\/"},{"@type":"ListItem","position":2,"name":"Services pour agences de voyage","item":"https:\/\/sanremoguide.it\/servizi-per-agenzie-di-viaggio\/"},{"@type":"ListItem","position":3,"name":"Transfert et location de bus et minibus"}]},{"@type":"WebSite","@id":"https:\/\/sanremoguide.it\/#website","url":"https:\/\/sanremoguide.it\/","name":"SANREMO GUIDE | la guida turistica di Sanremo","description":"la guida turistica della citt\u00e0 di Sanremo","potentialAction":[{"@type":"SearchAction","target":{"@type":"EntryPoint","urlTemplate":"https:\/\/sanremoguide.it\/?s={search_term_string}"},"query-input":{"@type":"PropertyValueSpecification","valueRequired":true,"valueName":"search_term_string"}}],"inLanguage":"fr-FR"}]}},"_links":{"self":[{"href":"https:\/\/sanremoguide.it\/fr\/wp-json\/wp\/v2\/pages\/12800","targetHints":{"allow":["GET"]}}],"collection":[{"href":"https:\/\/sanremoguide.it\/fr\/wp-json\/wp\/v2\/pages"}],"about":[{"href":"https:\/\/sanremoguide.it\/fr\/wp-json\/wp\/v2\/types\/page"}],"author":[{"embeddable":true,"href":"https:\/\/sanremoguide.it\/fr\/wp-json\/wp\/v2\/users\/1"}],"replies":[{"embeddable":true,"href":"https:\/\/sanremoguide.it\/fr\/wp-json\/wp\/v2\/comments?post=12800"}],"version-history":[{"count":2,"href":"https:\/\/sanremoguide.it\/fr\/wp-json\/wp\/v2\/pages\/12800\/revisions"}],"predecessor-version":[{"id":12802,"href":"https:\/\/sanremoguide.it\/fr\/wp-json\/wp\/v2\/pages\/12800\/revisions\/12802"}],"up":[{"embeddable":true,"href":"https:\/\/sanremoguide.it\/fr\/wp-json\/wp\/v2\/pages\/12797"}],"wp:attachment":[{"href":"https:\/\/sanremoguide.it\/fr\/wp-json\/wp\/v2\/media?parent=12800"}],"curies":[{"name":"wp","href":"https:\/\/api.w.org\/{rel}","templated":true}]}}