{"id":12812,"date":"2022-06-14T13:19:35","date_gmt":"2022-06-14T13:19:35","guid":{"rendered":"https:\/\/sanremoguide.it\/restaurants-sanremo\/"},"modified":"2022-06-14T13:19:37","modified_gmt":"2022-06-14T13:19:37","slug":"restaurants-sanremo","status":"publish","type":"page","link":"https:\/\/sanremoguide.it\/fr\/restaurants-sanremo\/","title":{"rendered":"Restaurants Sanremo"},"content":{"rendered":"<p>[et_pb_section fb_built=\u00a0\u00bb1&Prime; fullwidth=\u00a0\u00bbon\u00a0\u00bb admin_label=\u00a0\u00bbSection\u00a0\u00bb _builder_version=\u00a0\u00bb4.17.4&Prime; _module_preset=\u00a0\u00bbdefault\u00a0\u00bb locked=\u00a0\u00bboff\u00a0\u00bb global_colors_info=\u00a0\u00bb{}\u00a0\u00bb][et_pb_fullwidth_slider _builder_version=\u00a0\u00bb4.17.4&Prime; _module_preset=\u00a0\u00bbdefault\u00a0\u00bb background_image=\u00a0\u00bbhttps:\/\/sanremoguide.it\/wp-content\/uploads\/2018\/09\/Luca_Lombardi_Sanremo_La_Primavera.jpg\u00a0\u00bb global_colors_info=\u00a0\u00bb{}\u00a0\u00bb][et_pb_slide heading=\u00a0\u00bbRestaurants Sanremo\u00a0\u00bb _builder_version=\u00a0\u00bb4.17.4&Prime; _module_preset=\u00a0\u00bbdefault\u00a0\u00bb custom_button=\u00a0\u00bbon\u00a0\u00bb button_text_color=\u00a0\u00bb#256b00&Prime; button_bg_color=\u00a0\u00bb#f2b500&Prime; button_border_color=\u00a0\u00bb#FFFFFF\u00a0\u00bb button_icon=\u00a0\u00bb&#x41;||divi||400&Prime; text_orientation=\u00a0\u00bbcenter\u00a0\u00bb background_layout=\u00a0\u00bblight\u00a0\u00bb box_shadow_style_button=\u00a0\u00bbpreset1&Prime; text_shadow_style=\u00a0\u00bbpreset3&Prime; global_colors_info=\u00a0\u00bb{}\u00a0\u00bb sticky_transition=\u00a0\u00bbon\u00a0\u00bb][\/et_pb_slide][\/et_pb_fullwidth_slider][\/et_pb_section][et_pb_section fb_built=\u00a0\u00bb1&Prime; _builder_version=\u00a0\u00bb4.16&Prime; global_colors_info=\u00a0\u00bb{}\u00a0\u00bb][et_pb_row _builder_version=\u00a0\u00bb4.16&Prime; background_size=\u00a0\u00bbinitial\u00a0\u00bb background_position=\u00a0\u00bbtop_left\u00a0\u00bb background_repeat=\u00a0\u00bbrepeat\u00a0\u00bb global_colors_info=\u00a0\u00bb{}\u00a0\u00bb][et_pb_column type=\u00a0\u00bb4_4&Prime; _builder_version=\u00a0\u00bb4.16&Prime; custom_padding=\u00a0\u00bb|||\u00a0\u00bb global_colors_info=\u00a0\u00bb{}\u00a0\u00bb custom_padding__hover=\u00a0\u00bb|||\u00a0\u00bb][et_pb_text _builder_version=\u00a0\u00bb4.16&Prime; background_size=\u00a0\u00bbinitial\u00a0\u00bb background_position=\u00a0\u00bbtop_left\u00a0\u00bb background_repeat=\u00a0\u00bbrepeat\u00a0\u00bb global_colors_info=\u00a0\u00bb{}\u00a0\u00bb]<\/p>\n<h4>L&rsquo;\u00e9quipe du Sanremo Guide vous propose quelques id\u00e9es pour appr\u00e9cier la cuisine ligure dans les meilleurs restaurants de Sanremo.<\/h4>\n<h3>Paolo e Barbara &#8211; GOURMET<\/h3>\n<p>Adresse : Via Roma, 47 &#8211; Sanremo<br \/>\nT\u00e9l\u00e9phone : +390184 531653<\/p>\n<p>Le restaurant le plus prestigieux de Sanremo, consacr\u00e9 par des guides gastronomiques, propose une cuisine traditionnelle revisit\u00e9e par l&rsquo;inspiration d&rsquo;un chef \u00e9toil\u00e9 et toujours \u00e0 base de mati\u00e8res premi\u00e8res authentiques, du poisson de la mer Ligure aux l\u00e9gumes des jardins familiaux. Visitez le <a href=\"https:\/\/www.paolobarbara.it\" target=\"_blank\" rel=\"noopener\">site de Paolo e Barbara<\/a>.<\/p>\n<p>\u20ac\u20ac\u20ac\u20ac\u20ac<\/p>\n<h3>La Pignese &#8211; RISTORANTE PESCE<\/h3>\n<p>Adresse :\u00a0Piazza Sardi, 5 &#8211; Sanremo<br \/>\nT\u00e9l\u00e9phone : +390184 501929<\/p>\n<p>Dans le quartier de la marina, l&rsquo;un des plus anciens restaurants de Sanremo, il propose avant tout une cuisine de fruits de mer frais et d\u00e9licieux dans un espace ext\u00e9rieur \u00e9l\u00e9gant, \u00e0 accompagner avecdes vins DOC de la Riviera des Fleurs. Visitez le site Web de La Pignese Sanremo.<\/p>\n<p>\u20ac\u20ac\u20ac\u20ac<\/p>\n<h3><strong>Victory Morgana Bay\u00a0 &#8211; <\/strong>MONDANO<\/h3>\n<p>Adresse :\u00a0Lungomare Trento e Trieste, 16 &#8211; Sanremo<br \/>\nT\u00e9l\u00e9phone : +390184 591620<\/p>\n<p>Surplombant la mer, dans un b\u00e2timent \u00e0 l&rsquo;architecture rationaliste, le Victory est \u00e0 la fois un lieu o\u00f9 l&rsquo;on peut passer ses soir\u00e9es entre amis autour d&rsquo;un cocktail, mais aussi un restaurant avec une vue splendide o\u00f9 sont servis sp\u00e9cialit\u00e9s traditionnelles, plats fusion et d&rsquo;excellents sushis. Visitez le site de <a href=\"https:\/\/www.victorymorganabay.it\" target=\"_blank\" rel=\"noopener\">Victory Morgana Bay<\/a> (aussi connu sous le nom <strong>restaurant Morgana Sanremo<\/strong>).<\/p>\n<p>\u20ac\u20ac\u20ac<\/p>\n<h3><strong>Taverna al 29<\/strong> &#8211; CUCINA TIPICA LIGURE<\/h3>\n<p>Adresse :\u00a0Piazza Gian Domenico Cassini, 5 &#8211; San Remo<br \/>\nT\u00e9l\u00e9phone : +390184 570034<\/p>\n<p>Dans la charmante Piazza Cassini, au pied de la Pigna de Sanremo, se trouve ce petit restaurant qui a fait de la red\u00e9couverte de recettes anciennes et authentiques sa sp\u00e9cialit\u00e9. Vous pourrez y d\u00e9guster des plats aujourd&rsquo;hui oubli\u00e9s par la restauration moderne, qui pourtant vous feront savourer le go\u00fbt le plus authentique de la cuisine m\u00e9diterran\u00e9enne pour un voyage de culture et de saveurs. Visitez le site Web de la Taverna al 29 de Sanremo.<\/p>\n<p>\u20ac\u20ac\u20ac<\/p>\n<h3><strong>Osteria Camelot &#8211;\u00a0<\/strong>AMBIENTE FAMILIARE<\/h3>\n<p>Adresse :\u00a0Via Morardo &#8211; Sanremo<br \/>\nT\u00e9l\u00e9phone : +390184 591445<\/p>\n<p>Au pied du centre historique vous attend un restaurant familial accueillant proposant une cuisine ligure authentique, aussi authentique qu&rsquo;\u00e0 la maison. Un escalier vous m\u00e8ne \u00e0 une terrasse accueillante et calme au pied du centre historique et \u00e0 une charmante salle int\u00e9rieure avec une vo\u00fbte en berceau d\u00e9cor\u00e9e de fresques. Visitez le site Web de l&rsquo;Osteria Camelot (\u00e9galement connu sous le nom de <strong>Ristorante Camelot Sanremo)<\/strong>.<\/p>\n<p>\u20ac\u20ac<\/p>\n<h3><strong>Ristorante Piccolo Mondo<\/strong> &#8211; CUCINA LIGURE<\/h3>\n<p>Adresse :\u00a0Via Piave, 7 &#8211; Sanremo<br \/>\nT\u00e9l\u00e9phone : +390184 509012<\/p>\n<p>Dans une ruelle intime de la via Matteotti, ce restaurant familial vous offre un accueil toujours chaleureux et une carte authentique profond\u00e9ment li\u00e9e aux traditions gastronomiques ligures. Lisez les avis sur le Restaurant Piccolo Mondo <a href=\"https:\/\/plus.google.com\/110875795192234624534\/about?gl=it&amp;hl=it\" target=\"_blank\" rel=\"noopener\">ici<\/a>.<\/p>\n<p>\u20ac\u20ac<\/p>\n<h3><strong>Pizzeria Spaccanapoli<\/strong> &#8211; PIZZERIA<\/h3>\n<p>Adresse : Via Nino Bixio, 31 &#8211; Sanremo<br \/>\nT\u00e9l\u00e9phone : +390184 542669<\/p>\n<p>La pizza napolitaine la plus authentique cuite au four \u00e0 bois, la friture et la pastiera vous attendent dans ce lieu o\u00f9 tout est \u00ab\u00a0made in Naples\u00a0\u00bb. Lisez les avis sur la Pizzeria Spaccanapoli <a href=\"https:\/\/plus.google.com\/115171562094512937332\/about?gl=it&amp;hl=it\" target=\"_blank\" rel=\"noopener\">ici<\/a>.<\/p>\n<p>\u20ac\u20ac<\/p>\n<p>&nbsp;<\/p>\n<h3><strong>Stramb\u00f2<\/strong> &#8211; Restaurant branch\u00e9<\/h3>\n<p><a href=\"https:\/\/sanremoguide.it\/wp-content\/uploads\/2021\/10\/U6C5560-1.jpg\"><img loading=\"lazy\" decoding=\"async\" class=\"alignnone size-medium wp-image-9629\" src=\"https:\/\/sanremoguide.it\/wp-content\/uploads\/2021\/10\/U6C5560-1-300x200.jpg\" alt=\"\" width=\"300\" height=\"200\" \/><\/a><a href=\"https:\/\/sanremoguide.it\/wp-content\/uploads\/2021\/10\/U6C4518-2.jpg\"><img loading=\"lazy\" decoding=\"async\" class=\"alignnone size-medium wp-image-9635\" src=\"https:\/\/sanremoguide.it\/wp-content\/uploads\/2021\/10\/U6C4518-2-300x200.jpg\" alt=\"\" width=\"300\" height=\"200\" \/><\/a><\/p>\n<p>Adresse : Via del Castillo 17 &#8211; Sanremo<br \/>\nT\u00e9l\u00e9phone : <strong>+39331 2637639<\/strong><\/p>\n<p>Stramb\u00f2, dont le nom particulier provient du concept de l&#8217;empannage, man\u0153uvre des voiliers, ressemble \u00e0 <strong>un lieu polyvalent<\/strong>, o\u00f9 vous pourrez profiter d\u00e8s le matin de <strong>petits d\u00e9jeuners copieux<\/strong>, d\u00e9guster d&rsquo;excellents <strong>ap\u00e9ritifs<\/strong>, <strong>d\u00e9jeuners<\/strong> et <strong>d\u00eeners<\/strong> \u00e0 base de d\u00e9licieux <strong>poisson frais et pizza<\/strong>. Vous pourrez terminer la journ\u00e9e par une <strong>boisson<\/strong> sous les \u00e9toiles, servie dans le cadre magique du <strong>rooftop panoramique<\/strong>, entour\u00e9 de bateaux exclusifs.<\/p>\n<p>Le menu cr\u00e9\u00e9 par le chef, dans lequel la qualit\u00e9 de la mati\u00e8re premi\u00e8re et la simplicit\u00e9 sont les ma\u00eetres, se compose de <strong>plats traditionnels m\u00e9diterran\u00e9ens et ligures<\/strong> accompagn\u00e9s des meilleurs <strong>vins locaux et nationaux<\/strong> pr\u00e9sents dans la vaste cave du restaurant.<\/p>\n<p>Stramb\u00f2 se trouve au\u00a0<strong>17, via del Castillo<\/strong><strong>\u00a0<\/strong>\u00e0 Sanremo, pour d&rsquo;autres informations, visitez le site Internet\u00a0<a href=\"https:\/\/www.strambosanremo.com\">www.strambosanremo.com<\/a>, la page Facebook\u00a0<a href=\"https:\/\/www.facebook.com\/Stramb%C3%B2-Sanremo-106830461637909\">Stramb\u00f2 Sanremo<\/a>, Instagram\u00a0<a href=\"https:\/\/www.instagram.com\/strambosanremo\/\">https:\/\/www.instagram.com\/strambosanremo\/<\/a>ou passez un appel au\u00a0<strong>+39331 2637639<\/strong>.<\/p>\n<p><a href=\"https:\/\/sanremoguide.it\/wp-content\/uploads\/2021\/10\/U6C4667-1.jpg\"><img loading=\"lazy\" decoding=\"async\" class=\"alignnone size-medium wp-image-9626\" src=\"https:\/\/sanremoguide.it\/wp-content\/uploads\/2021\/10\/U6C4667-1-300x200.jpg\" alt=\"\" width=\"300\" height=\"200\" \/><\/a><a href=\"https:\/\/sanremoguide.it\/wp-content\/uploads\/2021\/10\/U6C5835-1.jpg\"><img loading=\"lazy\" decoding=\"async\" class=\"alignnone size-medium wp-image-9632\" src=\"https:\/\/sanremoguide.it\/wp-content\/uploads\/2021\/10\/U6C5835-1-300x200.jpg\" alt=\"\" width=\"300\" height=\"200\" \/><\/a>[\/et_pb_text][\/et_pb_column][\/et_pb_row][\/et_pb_section][et_pb_section fb_built=\u00a0\u00bb1&Prime; fullwidth=\u00a0\u00bbon\u00a0\u00bb _builder_version=\u00a0\u00bb4.17.4&Prime; _module_preset=\u00a0\u00bbdefault\u00a0\u00bb locked=\u00a0\u00bboff\u00a0\u00bb global_colors_info=\u00a0\u00bb{}\u00a0\u00bb global_module=\u00a0\u00bb12524&Prime; saved_tabs=\u00a0\u00bball\u00a0\u00bb][et_pb_fullwidth_slider _builder_version=\u00a0\u00bb4.17.4&Prime; _module_preset=\u00a0\u00bbdefault\u00a0\u00bb global_colors_info=\u00a0\u00bb{}\u00a0\u00bb][et_pb_slide heading=\u00a0\u00bbRESERVER UNE EXCURSION A BUSSANA VECCHIA\u00a0\u00bb button_text=\u00a0\u00bbRESERVER\u00a0\u00bb button_link=\u00a0\u00bbhttps:\/\/sanremoguide.it\/contact\u00a0\u00bb image=\u00a0\u00bbhttps:\/\/sanremoguide.it\/wp-content\/uploads\/2022\/06\/itouriviera.png\u00a0\u00bb _builder_version=\u00a0\u00bb4.17.4&Prime; _module_preset=\u00a0\u00bbdefault\u00a0\u00bb background_image=\u00a0\u00bbhttps:\/\/sanremoguide.it\/wp-content\/uploads\/2018\/09\/Luca_Lombardi_Sanremo_notturna.jpg\u00a0\u00bb background_enable_image=\u00a0\u00bbon\u00a0\u00bb custom_button=\u00a0\u00bbon\u00a0\u00bb button_bg_color=\u00a0\u00bb#E09900&Prime; button_border_width=\u00a0\u00bb1px\u00a0\u00bb button_border_color=\u00a0\u00bb#FFFFFF\u00a0\u00bb global_colors_info=\u00a0\u00bb{}\u00a0\u00bb sticky_transition=\u00a0\u00bbon\u00a0\u00bb][\/et_pb_slide][\/et_pb_fullwidth_slider][\/et_pb_section]<\/p>\n","protected":false},"excerpt":{"rendered":"<p>L&rsquo;\u00e9quipe du Sanremo Guide vous propose quelques id\u00e9es pour appr\u00e9cier la cuisine ligure dans les meilleurs restaurants de Sanremo. Paolo e Barbara &#8211; GOURMET Adresse : Via Roma, 47 &#8211; Sanremo T\u00e9l\u00e9phone : +390184 531653 Le restaurant le plus prestigieux de Sanremo, consacr\u00e9 par des guides gastronomiques, propose une cuisine traditionnelle revisit\u00e9e par l&rsquo;inspiration d&rsquo;un [&hellip;]<\/p>\n","protected":false},"author":1,"featured_media":0,"parent":0,"menu_order":0,"comment_status":"closed","ping_status":"open","template":"","meta":{"_et_pb_use_builder":"on","_et_pb_old_content":"","_et_gb_content_width":"","footnotes":""},"class_list":["post-12812","page","type-page","status-publish","hentry"],"yoast_head":"<!-- This site is optimized with the Yoast SEO plugin v27.4 - https:\/\/yoast.com\/product\/yoast-seo-wordpress\/ -->\n<title>Restaurants Sanremo: cuisine ligure, poisson, pizzerias<\/title>\n<meta name=\"description\" content=\"Sanremo Guide vous propose une s\u00e9lection des meilleurs restaurants de Sanremo : cuisine ligure, pizzerias, restaurants de poisson dont La Pignese, Morgana, Paolo et Barbara\" \/>\n<meta name=\"robots\" content=\"index, follow, max-snippet:-1, max-image-preview:large, max-video-preview:-1\" \/>\n<link rel=\"canonical\" href=\"https:\/\/sanremoguide.it\/ristoranti-sanremo\/\" \/>\n<meta property=\"og:locale\" content=\"fr_FR\" \/>\n<meta property=\"og:type\" content=\"article\" \/>\n<meta property=\"og:title\" content=\"Restaurants Sanremo: cuisine ligure, poisson, pizzerias\" \/>\n<meta property=\"og:description\" content=\"Sanremo Guide vous propose une s\u00e9lection des meilleurs restaurants de Sanremo : cuisine ligure, pizzerias, restaurants de poisson dont La Pignese, Morgana, Paolo et Barbara\" \/>\n<meta property=\"og:url\" content=\"https:\/\/sanremoguide.it\/ristoranti-sanremo\/\" \/>\n<meta property=\"og:site_name\" content=\"SANREMO GUIDE | la guida turistica di Sanremo\" \/>\n<meta property=\"article:modified_time\" content=\"2022-06-14T13:19:37+00:00\" \/>\n<meta property=\"og:image\" content=\"https:\/\/sanremoguide.it\/wp-content\/uploads\/2021\/10\/U6C5560-1-300x200.jpg\" \/>\n<meta name=\"twitter:label1\" content=\"Dur\u00e9e de lecture estim\u00e9e\" \/>\n\t<meta name=\"twitter:data1\" content=\"5 minutes\" \/>\n<script type=\"application\/ld+json\" class=\"yoast-schema-graph\">{\"@context\":\"https:\\\/\\\/schema.org\",\"@graph\":[{\"@type\":\"WebPage\",\"@id\":\"https:\\\/\\\/sanremoguide.it\\\/ristoranti-sanremo\\\/\",\"url\":\"https:\\\/\\\/sanremoguide.it\\\/ristoranti-sanremo\\\/\",\"name\":\"Restaurants Sanremo: cuisine ligure, poisson, pizzerias\",\"isPartOf\":{\"@id\":\"https:\\\/\\\/sanremoguide.it\\\/#website\"},\"primaryImageOfPage\":{\"@id\":\"https:\\\/\\\/sanremoguide.it\\\/ristoranti-sanremo\\\/#primaryimage\"},\"image\":{\"@id\":\"https:\\\/\\\/sanremoguide.it\\\/ristoranti-sanremo\\\/#primaryimage\"},\"thumbnailUrl\":\"https:\\\/\\\/sanremoguide.it\\\/wp-content\\\/uploads\\\/2021\\\/10\\\/U6C5560-1-300x200.jpg\",\"datePublished\":\"2022-06-14T13:19:35+00:00\",\"dateModified\":\"2022-06-14T13:19:37+00:00\",\"description\":\"Sanremo Guide vous propose une s\u00e9lection des meilleurs restaurants de Sanremo : cuisine ligure, pizzerias, restaurants de poisson dont La Pignese, Morgana, Paolo et Barbara\",\"breadcrumb\":{\"@id\":\"https:\\\/\\\/sanremoguide.it\\\/ristoranti-sanremo\\\/#breadcrumb\"},\"inLanguage\":\"fr-FR\",\"potentialAction\":[{\"@type\":\"ReadAction\",\"target\":[\"https:\\\/\\\/sanremoguide.it\\\/ristoranti-sanremo\\\/\"]}]},{\"@type\":\"ImageObject\",\"inLanguage\":\"fr-FR\",\"@id\":\"https:\\\/\\\/sanremoguide.it\\\/ristoranti-sanremo\\\/#primaryimage\",\"url\":\"https:\\\/\\\/sanremoguide.it\\\/wp-content\\\/uploads\\\/2021\\\/10\\\/U6C5560-1-300x200.jpg\",\"contentUrl\":\"https:\\\/\\\/sanremoguide.it\\\/wp-content\\\/uploads\\\/2021\\\/10\\\/U6C5560-1-300x200.jpg\"},{\"@type\":\"BreadcrumbList\",\"@id\":\"https:\\\/\\\/sanremoguide.it\\\/ristoranti-sanremo\\\/#breadcrumb\",\"itemListElement\":[{\"@type\":\"ListItem\",\"position\":1,\"name\":\"Home\",\"item\":\"https:\\\/\\\/sanremoguide.it\\\/\"},{\"@type\":\"ListItem\",\"position\":2,\"name\":\"Restaurants Sanremo\"}]},{\"@type\":\"WebSite\",\"@id\":\"https:\\\/\\\/sanremoguide.it\\\/#website\",\"url\":\"https:\\\/\\\/sanremoguide.it\\\/\",\"name\":\"SANREMO GUIDE | la guida turistica di Sanremo\",\"description\":\"la guida turistica della citt\u00e0 di Sanremo\",\"potentialAction\":[{\"@type\":\"SearchAction\",\"target\":{\"@type\":\"EntryPoint\",\"urlTemplate\":\"https:\\\/\\\/sanremoguide.it\\\/?s={search_term_string}\"},\"query-input\":{\"@type\":\"PropertyValueSpecification\",\"valueRequired\":true,\"valueName\":\"search_term_string\"}}],\"inLanguage\":\"fr-FR\"}]}<\/script>\n<!-- \/ Yoast SEO plugin. -->","yoast_head_json":{"title":"Restaurants Sanremo: cuisine ligure, poisson, pizzerias","description":"Sanremo Guide vous propose une s\u00e9lection des meilleurs restaurants de Sanremo : cuisine ligure, pizzerias, restaurants de poisson dont La Pignese, Morgana, Paolo et Barbara","robots":{"index":"index","follow":"follow","max-snippet":"max-snippet:-1","max-image-preview":"max-image-preview:large","max-video-preview":"max-video-preview:-1"},"canonical":"https:\/\/sanremoguide.it\/ristoranti-sanremo\/","og_locale":"fr_FR","og_type":"article","og_title":"Restaurants Sanremo: cuisine ligure, poisson, pizzerias","og_description":"Sanremo Guide vous propose une s\u00e9lection des meilleurs restaurants de Sanremo : cuisine ligure, pizzerias, restaurants de poisson dont La Pignese, Morgana, Paolo et Barbara","og_url":"https:\/\/sanremoguide.it\/ristoranti-sanremo\/","og_site_name":"SANREMO GUIDE | la guida turistica di Sanremo","article_modified_time":"2022-06-14T13:19:37+00:00","og_image":[{"url":"https:\/\/sanremoguide.it\/wp-content\/uploads\/2021\/10\/U6C5560-1-300x200.jpg","type":"","width":"","height":""}],"twitter_misc":{"Dur\u00e9e de lecture estim\u00e9e":"5 minutes"},"schema":{"@context":"https:\/\/schema.org","@graph":[{"@type":"WebPage","@id":"https:\/\/sanremoguide.it\/ristoranti-sanremo\/","url":"https:\/\/sanremoguide.it\/ristoranti-sanremo\/","name":"Restaurants Sanremo: cuisine ligure, poisson, pizzerias","isPartOf":{"@id":"https:\/\/sanremoguide.it\/#website"},"primaryImageOfPage":{"@id":"https:\/\/sanremoguide.it\/ristoranti-sanremo\/#primaryimage"},"image":{"@id":"https:\/\/sanremoguide.it\/ristoranti-sanremo\/#primaryimage"},"thumbnailUrl":"https:\/\/sanremoguide.it\/wp-content\/uploads\/2021\/10\/U6C5560-1-300x200.jpg","datePublished":"2022-06-14T13:19:35+00:00","dateModified":"2022-06-14T13:19:37+00:00","description":"Sanremo Guide vous propose une s\u00e9lection des meilleurs restaurants de Sanremo : cuisine ligure, pizzerias, restaurants de poisson dont La Pignese, Morgana, Paolo et Barbara","breadcrumb":{"@id":"https:\/\/sanremoguide.it\/ristoranti-sanremo\/#breadcrumb"},"inLanguage":"fr-FR","potentialAction":[{"@type":"ReadAction","target":["https:\/\/sanremoguide.it\/ristoranti-sanremo\/"]}]},{"@type":"ImageObject","inLanguage":"fr-FR","@id":"https:\/\/sanremoguide.it\/ristoranti-sanremo\/#primaryimage","url":"https:\/\/sanremoguide.it\/wp-content\/uploads\/2021\/10\/U6C5560-1-300x200.jpg","contentUrl":"https:\/\/sanremoguide.it\/wp-content\/uploads\/2021\/10\/U6C5560-1-300x200.jpg"},{"@type":"BreadcrumbList","@id":"https:\/\/sanremoguide.it\/ristoranti-sanremo\/#breadcrumb","itemListElement":[{"@type":"ListItem","position":1,"name":"Home","item":"https:\/\/sanremoguide.it\/"},{"@type":"ListItem","position":2,"name":"Restaurants Sanremo"}]},{"@type":"WebSite","@id":"https:\/\/sanremoguide.it\/#website","url":"https:\/\/sanremoguide.it\/","name":"SANREMO GUIDE | la guida turistica di Sanremo","description":"la guida turistica della citt\u00e0 di Sanremo","potentialAction":[{"@type":"SearchAction","target":{"@type":"EntryPoint","urlTemplate":"https:\/\/sanremoguide.it\/?s={search_term_string}"},"query-input":{"@type":"PropertyValueSpecification","valueRequired":true,"valueName":"search_term_string"}}],"inLanguage":"fr-FR"}]}},"_links":{"self":[{"href":"https:\/\/sanremoguide.it\/fr\/wp-json\/wp\/v2\/pages\/12812","targetHints":{"allow":["GET"]}}],"collection":[{"href":"https:\/\/sanremoguide.it\/fr\/wp-json\/wp\/v2\/pages"}],"about":[{"href":"https:\/\/sanremoguide.it\/fr\/wp-json\/wp\/v2\/types\/page"}],"author":[{"embeddable":true,"href":"https:\/\/sanremoguide.it\/fr\/wp-json\/wp\/v2\/users\/1"}],"replies":[{"embeddable":true,"href":"https:\/\/sanremoguide.it\/fr\/wp-json\/wp\/v2\/comments?post=12812"}],"version-history":[{"count":2,"href":"https:\/\/sanremoguide.it\/fr\/wp-json\/wp\/v2\/pages\/12812\/revisions"}],"predecessor-version":[{"id":12814,"href":"https:\/\/sanremoguide.it\/fr\/wp-json\/wp\/v2\/pages\/12812\/revisions\/12814"}],"wp:attachment":[{"href":"https:\/\/sanremoguide.it\/fr\/wp-json\/wp\/v2\/media?parent=12812"}],"curies":[{"name":"wp","href":"https:\/\/api.w.org\/{rel}","templated":true}]}}