{"id":12832,"date":"2022-06-14T16:24:05","date_gmt":"2022-06-14T16:24:05","guid":{"rendered":"https:\/\/sanremoguide.it\/reunions-meetings-et-conferences-a-sanremo-et-environs\/"},"modified":"2022-06-14T16:24:06","modified_gmt":"2022-06-14T16:24:06","slug":"reunions-meetings-et-conferences-a-sanremo-et-environs","status":"publish","type":"page","link":"https:\/\/sanremoguide.it\/fr\/reunions-meetings-et-conferences-a-sanremo-et-environs\/","title":{"rendered":"R\u00e9unions, meetings et conf\u00e9rences \u00e0 Sanremo et environs"},"content":{"rendered":"<p>[et_pb_section fb_built=\u00a0\u00bb1&Prime; fullwidth=\u00a0\u00bbon\u00a0\u00bb admin_label=\u00a0\u00bbSection\u00a0\u00bb _builder_version=\u00a0\u00bb4.17.4&Prime; _module_preset=\u00a0\u00bbdefault\u00a0\u00bb locked=\u00a0\u00bboff\u00a0\u00bb global_colors_info=\u00a0\u00bb{}\u00a0\u00bb][et_pb_fullwidth_slider _builder_version=\u00a0\u00bb4.17.4&Prime; _module_preset=\u00a0\u00bbdefault\u00a0\u00bb background_image=\u00a0\u00bbhttps:\/\/sanremoguide.it\/wp-content\/uploads\/2018\/09\/Luca_Lombardi_Sanremo_La_Primavera.jpg\u00a0\u00bb global_colors_info=\u00a0\u00bb{}\u00a0\u00bb][et_pb_slide heading=\u00a0\u00bbR\u00e9unions, meetings et conf\u00e9rences \u00e0 Sanremo et environs\u00a0\u00bb _builder_version=\u00a0\u00bb4.17.4&Prime; _module_preset=\u00a0\u00bbdefault\u00a0\u00bb custom_button=\u00a0\u00bbon\u00a0\u00bb button_text_color=\u00a0\u00bb#256b00&Prime; button_bg_color=\u00a0\u00bb#f2b500&Prime; button_border_color=\u00a0\u00bb#FFFFFF\u00a0\u00bb button_icon=\u00a0\u00bb&#x41;||divi||400&Prime; text_orientation=\u00a0\u00bbcenter\u00a0\u00bb background_layout=\u00a0\u00bblight\u00a0\u00bb box_shadow_style_button=\u00a0\u00bbpreset1&Prime; text_shadow_style=\u00a0\u00bbpreset3&Prime; global_colors_info=\u00a0\u00bb{}\u00a0\u00bb sticky_transition=\u00a0\u00bbon\u00a0\u00bb][\/et_pb_slide][\/et_pb_fullwidth_slider][\/et_pb_section][et_pb_section fb_built=\u00a0\u00bb1&Prime; _builder_version=\u00a0\u00bb4.16&Prime; global_colors_info=\u00a0\u00bb{}\u00a0\u00bb][et_pb_row _builder_version=\u00a0\u00bb4.16&Prime; background_size=\u00a0\u00bbinitial\u00a0\u00bb background_position=\u00a0\u00bbtop_left\u00a0\u00bb background_repeat=\u00a0\u00bbrepeat\u00a0\u00bb global_colors_info=\u00a0\u00bb{}\u00a0\u00bb][et_pb_column type=\u00a0\u00bb4_4&Prime; _builder_version=\u00a0\u00bb4.16&Prime; custom_padding=\u00a0\u00bb|||\u00a0\u00bb global_colors_info=\u00a0\u00bb{}\u00a0\u00bb custom_padding__hover=\u00a0\u00bb|||\u00a0\u00bb][et_pb_text _builder_version=\u00a0\u00bb4.16&Prime; background_size=\u00a0\u00bbinitial\u00a0\u00bb background_position=\u00a0\u00bbtop_left\u00a0\u00bb background_repeat=\u00a0\u00bbrepeat\u00a0\u00bb global_colors_info=\u00a0\u00bb{}\u00a0\u00bb]Vous devez organiser des r\u00e9unions d&rsquo;affaires, des conf\u00e9rences, des s\u00e9minaires ou d&rsquo;autres types de r\u00e9unions \u00e0 Sanremo et vous ne savez pas comment vous y prendre ? Ne vous inqui\u00e9tez pas, votre entreprise peut compter sur la meilleure agence de gestion de la r\u00e9gion ! <strong>Visit Sanremo<\/strong> vous donnera les indications \u00e0 suivre et les informations dont vous pourriez avoir besoin. Nous vous proposerons ici quelques informations g\u00e9n\u00e9rales sur l&rsquo;agence, le site \u00e0 visiter et les personnes \u00e0 contacter.<\/p>\n<p>Nous savons que l&rsquo;organisation de r\u00e9unions professionnelles n&rsquo;est pas du tout facile : parfois en raison de la difficult\u00e9 de concilier les horaires, les dates, etc. Et parfois pour le besoin de mat\u00e9riel sp\u00e9cifique pour un meilleur rendu du discours. Le premier obstacle \u00e0 surmonter reste cependant l&#8217;emplacement, surtout lorsqu&rsquo;il faut le choisir hors site.<\/p>\n<p>Si vous vous rencontrez \u00e0 Sanremo ou \u00e0 proximit\u00e9, nous pouvons vous dire en toute confiance que vous avez beaucoup de chance. Il vous suffit de contacter <strong>Visit Sanremo Destination Management Company<\/strong>, une agence sp\u00e9cialis\u00e9e dans l&rsquo;organisation de r\u00e9unions, et d&rsquo;attendre la date de l&rsquo;\u00e9v\u00e9nement. Le personnel de l&rsquo;agence se chargera du reste en fonction de vos indications.<br \/>\n<a href=\"https:\/\/visitsanremo.it\/\">Ici<\/a> vous trouverez la page officielle de l&rsquo;agence contenant plus d&rsquo;informations. Ci-dessous, nous vous donnerons un avant-go\u00fbt des r\u00e9unions que Visit Sanremo organise pour r\u00e9pondre aux besoins de chacun d&rsquo;entre vous.<\/p>\n<h2> <strong>Visitez Sanremo D.M.C.<\/strong> <\/h2>\n<p>L&rsquo;agence est sp\u00e9cialis\u00e9e dans l&rsquo;organisation de r\u00e9unions, congr\u00e8s et s\u00e9minaires en tout genre mais aussi voyages de motivation et de team building. Les endroits o\u00f9 elle op\u00e8re sont Sanremo, la Riviera des Fleurs, la Principaut\u00e9 de Monaco et la C\u00f4te d&rsquo;Azur. En plus de conna\u00eetre chaque recoin de ces territoires, l&rsquo;agence a la chance de valoriser la douceur du climat, les jardins botaniques et fleuris de la Riviera, les tr\u00e9sors \u0153nogastronomiques, les senteurs de l&rsquo;arri\u00e8re-pays ligure et la mondanit\u00e9 de la C\u00f4te d&rsquo;Azur et Monte-Carlo. Malgr\u00e9 cela, Visit Sanremo n&rsquo;oublie jamais l&rsquo;objectif premier et propose une gamme de services de qualit\u00e9 sup\u00e9rieure : salles de r\u00e9union, villas historiques, h\u00f4tels, divertissements et bien plus encore.<\/p>\n<p>Visit Sanremo met \u00e0 votre disposition tout type d&rsquo;\u00e9tablissement afin que vous puissiez mieux trouver ce qui vous convient.<\/p>\n<h3><strong>Conf\u00e9rences<\/strong><\/h3>\n<p>Organiser un voyage d&rsquo;affaires \u00e0 Sanremo ou ses environs avec Visit Sanremo sera simple. Il existe un large choix de lieux de conf\u00e9rence tels que des villas historiques, des th\u00e9\u00e2tres, des ch\u00e2teaux, des h\u00f4tels qui seront utilis\u00e9s comme centres de conf\u00e9rence professionnels par l&rsquo;\u00e9quipe organisatrice. Ils seront \u00e9quip\u00e9s de technologies modernes pour accueillir de grands groupes de d\u00e9l\u00e9gu\u00e9s, organiser des r\u00e9unions entre hommes et femmes d&rsquo;affaires, des conf\u00e9rences importantes ou de petites r\u00e9unions dans un cadre exclusif. Parmi ces emplacements, nous pouvons trouver:<\/p>\n<ul>\n<li>Villa du c\u00e9l\u00e8bre Alfred Nobel \u00e0 Sanremo<\/li>\n<li>Centre de conf\u00e9rences Ariston \u00e0 Sanremo<\/li>\n<li>Ch\u00e2teau des Doria \u00e0 Dolceacqua<\/li>\n<li>Nyala Suite Hotel en collaboration avec l&rsquo;agence<\/li>\n<\/ul>\n<p><img decoding=\"async\" src=\"https:\/\/i.ytimg.com\/vi\/2yZkH9t0mbQ\/maxresdefault.jpg\" \/><\/p>\n<h3><strong>R\u00e9ceptions<\/strong><\/h3>\n<p>L&rsquo;agence propose diverses solutions pour l&rsquo;organisation de r\u00e9ceptions. En effet, de nombreux lieux de conf\u00e9rence proposent des salles n\u00e9cessaires aux d\u00eeners d&rsquo;affaires ou aux cocktails post-conf\u00e9rences, pour accueillir vos invit\u00e9s et l&rsquo;\u00e9quipe de travail avec d&rsquo;excellents rafra\u00eechissements. Les emplacements sont parmi les plus exclusifs, tout comme le cadre. Vous pourrez par exemple profiter de bateaux historiques dans le charmant port de Sanremo pour un accueil original, ou d&rsquo;anciens ch\u00e2teaux situ\u00e9s dans des villages m\u00e9di\u00e9vaux, de villas de style ligure entour\u00e9es d&rsquo;un \u00e9crin de verdure, d&rsquo;h\u00f4tels avec piscine pour un d\u00eener raffin\u00e9. Voici des exemples de lieux de travail utilis\u00e9s ult\u00e9rieurement pour les happy hours :<\/p>\n<ul>\n<li>La motonave corsara<\/li>\n<li>Villa Grock<\/li>\n<li>Royal Hotel Sanremo<\/li>\n<\/ul>\n<p><img decoding=\"async\" src=\"https:\/\/www.mareogliastra.com\/wp-content\/uploads\/motonave-corsaro-I-sardegna-01.jpg\" \/><\/p>\n<h3><strong>Et bien plus encore&#8230; <\/strong><\/h3>\n<p>Pas seulement des r\u00e9unions, des meetings ou des conf\u00e9rences \u00e0 Sanremo ou dans ses environs. Naturellement, l&rsquo;agence propose \u00e9galement des forfaits suppl\u00e9mentaires pour profiter pleinement des ressources que cette terre peut vous offrir. Ainsi, nous proposons des excursions vers des attractions touristiques, des villages m\u00e9di\u00e9vaux, des villes d&rsquo;art et tout ce qui peut le mieux caract\u00e9riser la Riviera, l&rsquo;arri\u00e8re-pays ou la C\u00f4te d&rsquo;Azur.[\/et_pb_text][\/et_pb_column][\/et_pb_row][\/et_pb_section][et_pb_section fb_built=\u00a0\u00bb1&Prime; fullwidth=\u00a0\u00bbon\u00a0\u00bb _builder_version=\u00a0\u00bb4.17.4&Prime; _module_preset=\u00a0\u00bbdefault\u00a0\u00bb locked=\u00a0\u00bboff\u00a0\u00bb global_colors_info=\u00a0\u00bb{}\u00a0\u00bb global_module=\u00a0\u00bb12524&Prime; saved_tabs=\u00a0\u00bball\u00a0\u00bb][et_pb_fullwidth_slider _builder_version=\u00a0\u00bb4.17.4&Prime; _module_preset=\u00a0\u00bbdefault\u00a0\u00bb global_colors_info=\u00a0\u00bb{}\u00a0\u00bb][et_pb_slide heading=\u00a0\u00bbRESERVER UNE EXCURSION A BUSSANA VECCHIA\u00a0\u00bb button_text=\u00a0\u00bbRESERVER\u00a0\u00bb button_link=\u00a0\u00bbhttps:\/\/sanremoguide.it\/contact\u00a0\u00bb image=\u00a0\u00bbhttps:\/\/sanremoguide.it\/wp-content\/uploads\/2022\/06\/itouriviera.png\u00a0\u00bb _builder_version=\u00a0\u00bb4.17.4&Prime; _module_preset=\u00a0\u00bbdefault\u00a0\u00bb background_image=\u00a0\u00bbhttps:\/\/sanremoguide.it\/wp-content\/uploads\/2018\/09\/Luca_Lombardi_Sanremo_notturna.jpg\u00a0\u00bb background_enable_image=\u00a0\u00bbon\u00a0\u00bb custom_button=\u00a0\u00bbon\u00a0\u00bb button_bg_color=\u00a0\u00bb#E09900&Prime; button_border_width=\u00a0\u00bb1px\u00a0\u00bb button_border_color=\u00a0\u00bb#FFFFFF\u00a0\u00bb global_colors_info=\u00a0\u00bb{}\u00a0\u00bb sticky_transition=\u00a0\u00bbon\u00a0\u00bb][\/et_pb_slide][\/et_pb_fullwidth_slider][\/et_pb_section]<\/p>\n","protected":false},"excerpt":{"rendered":"<p>Vous devez organiser des r\u00e9unions d&rsquo;affaires, des conf\u00e9rences, des s\u00e9minaires ou d&rsquo;autres types de r\u00e9unions \u00e0 Sanremo et vous ne savez pas comment vous y prendre ? Ne vous inqui\u00e9tez pas, votre entreprise peut compter sur la meilleure agence de gestion de la r\u00e9gion ! Visit Sanremo vous donnera les indications \u00e0 suivre et les [&hellip;]<\/p>\n","protected":false},"author":1,"featured_media":0,"parent":0,"menu_order":0,"comment_status":"closed","ping_status":"open","template":"","meta":{"_et_pb_use_builder":"on","_et_pb_old_content":"","_et_gb_content_width":"","footnotes":""},"class_list":["post-12832","page","type-page","status-publish","hentry"],"yoast_head":"<!-- This site is optimized with the Yoast SEO plugin v27.4 - https:\/\/yoast.com\/product\/yoast-seo-wordpress\/ -->\n<title>R\u00e9unions, meetings et conf\u00e9rences \u00e0 Sanremo et environs - Visite Sanremo DMC<\/title>\n<meta name=\"description\" content=\"Si vous ne savez pas comment ni o\u00f9 organiser des r\u00e9unions, des meetings ou des conf\u00e9rences, \u00e0 Sanremo ou dans ses environs, vous trouverez ici des indications et des conseils \u00e0 suivre.\" \/>\n<meta name=\"robots\" content=\"index, follow, max-snippet:-1, max-image-preview:large, max-video-preview:-1\" \/>\n<link rel=\"canonical\" href=\"https:\/\/sanremoguide.it\/riunioni-meeting-congressi-a-sanremo-e-dintorni\/\" \/>\n<meta property=\"og:locale\" content=\"fr_FR\" \/>\n<meta property=\"og:type\" content=\"article\" \/>\n<meta property=\"og:title\" content=\"R\u00e9unions, meetings et conf\u00e9rences \u00e0 Sanremo et environs - Visite Sanremo DMC\" \/>\n<meta property=\"og:description\" content=\"Si vous ne savez pas comment ni o\u00f9 organiser des r\u00e9unions, des meetings ou des conf\u00e9rences, \u00e0 Sanremo ou dans ses environs, vous trouverez ici des indications et des conseils \u00e0 suivre.\" \/>\n<meta property=\"og:url\" content=\"https:\/\/sanremoguide.it\/riunioni-meeting-congressi-a-sanremo-e-dintorni\/\" \/>\n<meta property=\"og:site_name\" content=\"SANREMO GUIDE | la guida turistica di Sanremo\" \/>\n<meta property=\"article:modified_time\" content=\"2022-06-14T16:24:06+00:00\" \/>\n<meta property=\"og:image\" content=\"https:\/\/i.ytimg.com\/vi\/2yZkH9t0mbQ\/maxresdefault.jpg\" \/>\n<meta name=\"twitter:label1\" content=\"Dur\u00e9e de lecture estim\u00e9e\" \/>\n\t<meta name=\"twitter:data1\" content=\"5 minutes\" \/>\n<script type=\"application\/ld+json\" class=\"yoast-schema-graph\">{\"@context\":\"https:\\\/\\\/schema.org\",\"@graph\":[{\"@type\":\"WebPage\",\"@id\":\"https:\\\/\\\/sanremoguide.it\\\/riunioni-meeting-congressi-a-sanremo-e-dintorni\\\/\",\"url\":\"https:\\\/\\\/sanremoguide.it\\\/riunioni-meeting-congressi-a-sanremo-e-dintorni\\\/\",\"name\":\"R\u00e9unions, meetings et conf\u00e9rences \u00e0 Sanremo et environs - Visite Sanremo DMC\",\"isPartOf\":{\"@id\":\"https:\\\/\\\/sanremoguide.it\\\/#website\"},\"primaryImageOfPage\":{\"@id\":\"https:\\\/\\\/sanremoguide.it\\\/riunioni-meeting-congressi-a-sanremo-e-dintorni\\\/#primaryimage\"},\"image\":{\"@id\":\"https:\\\/\\\/sanremoguide.it\\\/riunioni-meeting-congressi-a-sanremo-e-dintorni\\\/#primaryimage\"},\"thumbnailUrl\":\"https:\\\/\\\/i.ytimg.com\\\/vi\\\/2yZkH9t0mbQ\\\/maxresdefault.jpg\",\"datePublished\":\"2022-06-14T16:24:05+00:00\",\"dateModified\":\"2022-06-14T16:24:06+00:00\",\"description\":\"Si vous ne savez pas comment ni o\u00f9 organiser des r\u00e9unions, des meetings ou des conf\u00e9rences, \u00e0 Sanremo ou dans ses environs, vous trouverez ici des indications et des conseils \u00e0 suivre.\",\"breadcrumb\":{\"@id\":\"https:\\\/\\\/sanremoguide.it\\\/riunioni-meeting-congressi-a-sanremo-e-dintorni\\\/#breadcrumb\"},\"inLanguage\":\"fr-FR\",\"potentialAction\":[{\"@type\":\"ReadAction\",\"target\":[\"https:\\\/\\\/sanremoguide.it\\\/riunioni-meeting-congressi-a-sanremo-e-dintorni\\\/\"]}]},{\"@type\":\"ImageObject\",\"inLanguage\":\"fr-FR\",\"@id\":\"https:\\\/\\\/sanremoguide.it\\\/riunioni-meeting-congressi-a-sanremo-e-dintorni\\\/#primaryimage\",\"url\":\"https:\\\/\\\/i.ytimg.com\\\/vi\\\/2yZkH9t0mbQ\\\/maxresdefault.jpg\",\"contentUrl\":\"https:\\\/\\\/i.ytimg.com\\\/vi\\\/2yZkH9t0mbQ\\\/maxresdefault.jpg\"},{\"@type\":\"BreadcrumbList\",\"@id\":\"https:\\\/\\\/sanremoguide.it\\\/riunioni-meeting-congressi-a-sanremo-e-dintorni\\\/#breadcrumb\",\"itemListElement\":[{\"@type\":\"ListItem\",\"position\":1,\"name\":\"Home\",\"item\":\"https:\\\/\\\/sanremoguide.it\\\/\"},{\"@type\":\"ListItem\",\"position\":2,\"name\":\"R\u00e9unions, meetings et conf\u00e9rences \u00e0 Sanremo et environs\"}]},{\"@type\":\"WebSite\",\"@id\":\"https:\\\/\\\/sanremoguide.it\\\/#website\",\"url\":\"https:\\\/\\\/sanremoguide.it\\\/\",\"name\":\"SANREMO GUIDE | la guida turistica di Sanremo\",\"description\":\"la guida turistica della citt\u00e0 di Sanremo\",\"potentialAction\":[{\"@type\":\"SearchAction\",\"target\":{\"@type\":\"EntryPoint\",\"urlTemplate\":\"https:\\\/\\\/sanremoguide.it\\\/?s={search_term_string}\"},\"query-input\":{\"@type\":\"PropertyValueSpecification\",\"valueRequired\":true,\"valueName\":\"search_term_string\"}}],\"inLanguage\":\"fr-FR\"}]}<\/script>\n<!-- \/ Yoast SEO plugin. -->","yoast_head_json":{"title":"R\u00e9unions, meetings et conf\u00e9rences \u00e0 Sanremo et environs - Visite Sanremo DMC","description":"Si vous ne savez pas comment ni o\u00f9 organiser des r\u00e9unions, des meetings ou des conf\u00e9rences, \u00e0 Sanremo ou dans ses environs, vous trouverez ici des indications et des conseils \u00e0 suivre.","robots":{"index":"index","follow":"follow","max-snippet":"max-snippet:-1","max-image-preview":"max-image-preview:large","max-video-preview":"max-video-preview:-1"},"canonical":"https:\/\/sanremoguide.it\/riunioni-meeting-congressi-a-sanremo-e-dintorni\/","og_locale":"fr_FR","og_type":"article","og_title":"R\u00e9unions, meetings et conf\u00e9rences \u00e0 Sanremo et environs - Visite Sanremo DMC","og_description":"Si vous ne savez pas comment ni o\u00f9 organiser des r\u00e9unions, des meetings ou des conf\u00e9rences, \u00e0 Sanremo ou dans ses environs, vous trouverez ici des indications et des conseils \u00e0 suivre.","og_url":"https:\/\/sanremoguide.it\/riunioni-meeting-congressi-a-sanremo-e-dintorni\/","og_site_name":"SANREMO GUIDE | la guida turistica di Sanremo","article_modified_time":"2022-06-14T16:24:06+00:00","og_image":[{"url":"https:\/\/i.ytimg.com\/vi\/2yZkH9t0mbQ\/maxresdefault.jpg","type":"","width":"","height":""}],"twitter_misc":{"Dur\u00e9e de lecture estim\u00e9e":"5 minutes"},"schema":{"@context":"https:\/\/schema.org","@graph":[{"@type":"WebPage","@id":"https:\/\/sanremoguide.it\/riunioni-meeting-congressi-a-sanremo-e-dintorni\/","url":"https:\/\/sanremoguide.it\/riunioni-meeting-congressi-a-sanremo-e-dintorni\/","name":"R\u00e9unions, meetings et conf\u00e9rences \u00e0 Sanremo et environs - Visite Sanremo DMC","isPartOf":{"@id":"https:\/\/sanremoguide.it\/#website"},"primaryImageOfPage":{"@id":"https:\/\/sanremoguide.it\/riunioni-meeting-congressi-a-sanremo-e-dintorni\/#primaryimage"},"image":{"@id":"https:\/\/sanremoguide.it\/riunioni-meeting-congressi-a-sanremo-e-dintorni\/#primaryimage"},"thumbnailUrl":"https:\/\/i.ytimg.com\/vi\/2yZkH9t0mbQ\/maxresdefault.jpg","datePublished":"2022-06-14T16:24:05+00:00","dateModified":"2022-06-14T16:24:06+00:00","description":"Si vous ne savez pas comment ni o\u00f9 organiser des r\u00e9unions, des meetings ou des conf\u00e9rences, \u00e0 Sanremo ou dans ses environs, vous trouverez ici des indications et des conseils \u00e0 suivre.","breadcrumb":{"@id":"https:\/\/sanremoguide.it\/riunioni-meeting-congressi-a-sanremo-e-dintorni\/#breadcrumb"},"inLanguage":"fr-FR","potentialAction":[{"@type":"ReadAction","target":["https:\/\/sanremoguide.it\/riunioni-meeting-congressi-a-sanremo-e-dintorni\/"]}]},{"@type":"ImageObject","inLanguage":"fr-FR","@id":"https:\/\/sanremoguide.it\/riunioni-meeting-congressi-a-sanremo-e-dintorni\/#primaryimage","url":"https:\/\/i.ytimg.com\/vi\/2yZkH9t0mbQ\/maxresdefault.jpg","contentUrl":"https:\/\/i.ytimg.com\/vi\/2yZkH9t0mbQ\/maxresdefault.jpg"},{"@type":"BreadcrumbList","@id":"https:\/\/sanremoguide.it\/riunioni-meeting-congressi-a-sanremo-e-dintorni\/#breadcrumb","itemListElement":[{"@type":"ListItem","position":1,"name":"Home","item":"https:\/\/sanremoguide.it\/"},{"@type":"ListItem","position":2,"name":"R\u00e9unions, meetings et conf\u00e9rences \u00e0 Sanremo et environs"}]},{"@type":"WebSite","@id":"https:\/\/sanremoguide.it\/#website","url":"https:\/\/sanremoguide.it\/","name":"SANREMO GUIDE | la guida turistica di Sanremo","description":"la guida turistica della citt\u00e0 di Sanremo","potentialAction":[{"@type":"SearchAction","target":{"@type":"EntryPoint","urlTemplate":"https:\/\/sanremoguide.it\/?s={search_term_string}"},"query-input":{"@type":"PropertyValueSpecification","valueRequired":true,"valueName":"search_term_string"}}],"inLanguage":"fr-FR"}]}},"_links":{"self":[{"href":"https:\/\/sanremoguide.it\/fr\/wp-json\/wp\/v2\/pages\/12832","targetHints":{"allow":["GET"]}}],"collection":[{"href":"https:\/\/sanremoguide.it\/fr\/wp-json\/wp\/v2\/pages"}],"about":[{"href":"https:\/\/sanremoguide.it\/fr\/wp-json\/wp\/v2\/types\/page"}],"author":[{"embeddable":true,"href":"https:\/\/sanremoguide.it\/fr\/wp-json\/wp\/v2\/users\/1"}],"replies":[{"embeddable":true,"href":"https:\/\/sanremoguide.it\/fr\/wp-json\/wp\/v2\/comments?post=12832"}],"version-history":[{"count":2,"href":"https:\/\/sanremoguide.it\/fr\/wp-json\/wp\/v2\/pages\/12832\/revisions"}],"predecessor-version":[{"id":12834,"href":"https:\/\/sanremoguide.it\/fr\/wp-json\/wp\/v2\/pages\/12832\/revisions\/12834"}],"wp:attachment":[{"href":"https:\/\/sanremoguide.it\/fr\/wp-json\/wp\/v2\/media?parent=12832"}],"curies":[{"name":"wp","href":"https:\/\/api.w.org\/{rel}","templated":true}]}}