{"id":13801,"date":"2022-06-25T16:27:59","date_gmt":"2022-06-25T16:27:59","guid":{"rendered":"https:\/\/sanremoguide.it\/cyclisme-a-sanremo\/"},"modified":"2022-06-25T16:28:01","modified_gmt":"2022-06-25T16:28:01","slug":"cyclisme-a-sanremo","status":"publish","type":"page","link":"https:\/\/sanremoguide.it\/fr\/cyclisme-a-sanremo\/","title":{"rendered":"Cyclisme \u00e0 Sanremo"},"content":{"rendered":"<p>[et_pb_section fb_built=\u00a0\u00bb1&Prime; fullwidth=\u00a0\u00bbon\u00a0\u00bb _builder_version=\u00a0\u00bb4.17.4&Prime; _module_preset=\u00a0\u00bbdefault\u00a0\u00bb background_image=\u00a0\u00bbhttps:\/\/sanremoguide.it\/wp-content\/uploads\/2022\/06\/cicloturistica-Milano-Sanremo-2022-1.jpg\u00a0\u00bb global_colors_info=\u00a0\u00bb{}\u00a0\u00bb][et_pb_fullwidth_slider _builder_version=\u00a0\u00bb4.17.4&Prime; _module_preset=\u00a0\u00bbdefault\u00a0\u00bb background_image=\u00a0\u00bbhttps:\/\/sanremoguide.it\/wp-content\/uploads\/2022\/06\/cicloturistica-Milano-Sanremo-2022-1.jpg\u00a0\u00bb global_colors_info=\u00a0\u00bb{}\u00a0\u00bb][et_pb_slide heading=\u00a0\u00bbCyclisme \u00e0 Sanremo\u00a0\u00bb _builder_version=\u00a0\u00bb4.17.4&Prime; _module_preset=\u00a0\u00bbdefault\u00a0\u00bb global_colors_info=\u00a0\u00bb{}\u00a0\u00bb sticky_transition=\u00a0\u00bbon\u00a0\u00bb][\/et_pb_slide][\/et_pb_fullwidth_slider][\/et_pb_section][et_pb_section fb_built=\u00a0\u00bb1&Prime; _builder_version=\u00a0\u00bb4.16&Prime; global_colors_info=\u00a0\u00bb{}\u00a0\u00bb][et_pb_row _builder_version=\u00a0\u00bb4.16&Prime; background_size=\u00a0\u00bbinitial\u00a0\u00bb background_position=\u00a0\u00bbtop_left\u00a0\u00bb background_repeat=\u00a0\u00bbrepeat\u00a0\u00bb global_colors_info=\u00a0\u00bb{}\u00a0\u00bb][et_pb_column type=\u00a0\u00bb4_4&Prime; _builder_version=\u00a0\u00bb4.16&Prime; custom_padding=\u00a0\u00bb|||\u00a0\u00bb global_colors_info=\u00a0\u00bb{}\u00a0\u00bb custom_padding__hover=\u00a0\u00bb|||\u00a0\u00bb][et_pb_text _builder_version=\u00a0\u00bb4.17.4&Prime; background_size=\u00a0\u00bbinitial\u00a0\u00bb background_position=\u00a0\u00bbtop_left\u00a0\u00bb background_repeat=\u00a0\u00bbrepeat\u00a0\u00bb hover_enabled=\u00a0\u00bb0&Prime; global_colors_info=\u00a0\u00bb{}\u00a0\u00bb sticky_enabled=\u00a0\u00bb0&Prime;]<\/p>\n<h2>Venez pratiquer le <strong>cyclisme \u00e0 Sanremo<\/strong> ! D\u00e9couvrez toutes les ressources que la ville de Sanremo vous offre : <strong>cyclisme sur route, VTT, <em>randonn\u00e9e<\/em>, piste cyclable et la c\u00e9l\u00e8bre course Milan-Sanremo pour professionnels et non professionnels<\/strong>. Vous trouverez ci-dessous tout ce que vous cherchez !<\/h2>\n<p><img decoding=\"async\" class=\"aligncenter\" src=\"https:\/\/sanremoguide.it\/wp-content\/uploads\/2021\/05\/Milano-Sanremo-2020-Passaggio-sul-mare.jpg\" alt=\"Milano-Sanremo (294 km)\" \/><\/p>\n<h3><strong><em>Granfondo Sanremo-Sanremo en mars<\/em><\/strong><\/h3>\n<p><a href=\"https:\/\/classicissima.it\/\">La <strong>\u00ab\u00a0Classicissima\u00a0\u00bb Sanremo-Sanremo<\/strong><\/a> est la course parfaite pour suivre les chemins des grands champions d&rsquo;hier et d&rsquo;aujourd&rsquo;hui, une Granfondo (course longue distance) qui serpente dans les rues des plus beaux endroits de la province d&rsquo;Imperia.<br \/>Le d\u00e9part de la Granfondo se trouve devant le <strong>Casino de Sanremo<\/strong>, au d\u00e9but du <strong>corso Imperatrice<\/strong>, \u00e0 deux pas de la mer, devant l&rsquo;une des places symboles de la cit\u00e9 des fleurs. Les premiers kilom\u00e8tres de la course se d\u00e9roulent vers l&rsquo;est.<\/p>\n<p>Apr\u00e8s avoir travers\u00e9 la ville de Sanremo, la course continue sur la route nationale <strong>via Aurelia<\/strong>, longeant la mer et arrivant dans le chef-lieu ligure : <strong>Imperia<\/strong>, form\u00e9e par les communes d&rsquo;<strong>Oneglia<\/strong> et <strong>Porto Maurizio<\/strong>. \u00c0 ce stade, vous montez vers le <strong>Val Prino<\/strong>, vous passez <strong>Dolcedo<\/strong>, <strong>Pantasina<\/strong>, <strong>Vasia<\/strong>, vous descendez vers Imperia pour ensuite remonter jusqu&rsquo;au petit <strong>hameau de Bellissimi<\/strong> puis vous vous dirigez vers <strong>Civezza<\/strong>.<\/p>\n<p>La Granfondo arrive \u00e0 ce point \u00e0 <strong>San Lorenzo al Mare<\/strong>, une autre ville typique de la Ligurie. Apr\u00e8s un bref retour sur la c\u00f4te, les ascensions les plus difficiles du \u00ab\u00a0Sanremo\u00a0\u00bb attendent les cyclistes, dont <strong>Cipressa<\/strong> qui abrite un centre historique bien conserv\u00e9 qui abrite des coins enchanteurs.<\/p>\n<p>Le parcours descend vers <strong>Santo Stefano al Mare <\/strong>, repart en direction de <strong>Pompeiana<\/strong> puis <strong>Castellaro<\/strong>. A cet endroit, descendez vers <strong>Taggia,<\/strong> une ville aux portes de la vall\u00e9e qui se partage entre le centre historique et l&rsquo;agr\u00e9able station baln\u00e9aire de <strong>Arma di Taggia<\/strong>.<\/p>\n<p>La Granfondo traversera ensuite Arma di Taggia pour continuer \u00e0 nouveau sur la <strong>route nationale Aurelia,<\/strong> cette fois vers l&rsquo;ouest. A ce stade de la comp\u00e9tition, place au dernier obstacle et l\u00e9gende de la <em>Classicissima<\/em> : <strong>le Poggio di Sanremo<\/strong>.<\/p>\n<p>Apr\u00e8s ce long voyage \u00e0 travers les coins les plus \u00e9vocateurs de l&rsquo;extr\u00eame ouest de la Ligurie, ne manquez pas de trinquer avec un verre de Vermentino frais !<\/p>\n<h3><strong><em>Cyclotourisme Milan-Sanremo non comp\u00e9titif en juin<\/em><\/strong><\/h3>\n<p>La <strong>Granfondo Milano-Sanremo<\/strong> non comp\u00e9titif traverse les r\u00e9gions de Lombardie, Pi\u00e9mont et Ligurie. Tous les passionn\u00e9s de v\u00e9lo peuvent participer ; il vous suffit de vous inscrire. Il part de Milan et arrive \u00e0 Sanremo, en suivant le m\u00eame chemin suivi par les grands champions de la <strong>Classique Printani\u00e8re<\/strong>. Cet \u00e9v\u00e9nement cycliste amateur se d\u00e9roule en juin. Depuis 1971, n\u00e9 \u00e0 l&rsquo;initiative de l&rsquo;Union du cyclotourisme de Sanremo, c&rsquo;est une exp\u00e9rience unique \u00e0 essayer au moins une fois dans sa vie si vous aimez les deux roues ! <\/p>\n<p>Ici, sur le <a href=\"https:\/\/milano-sanremo.org\/\">site officiel<\/a> vous trouverez toutes les informations sur l&rsquo;\u00e9v\u00e9nement et les formulaires \u00e0 remplir pour l&rsquo;inscription.<\/p>\n<p><img decoding=\"async\" class=\"aligncenter\" src=\"https:\/\/sanremoguide.it\/wp-content\/uploads\/2021\/05\/granfondo-milanosanremo.png\" alt=\"granfondo-milanosanremo\" \/><\/p>\n<h4><strong>Le parcours<\/strong><\/h4>\n<p>La route Granfondo reprend l&rsquo;itin\u00e9raire suivi par le Milan-Sanremo des professionnels de la saison cycliste. De <strong>Milan<\/strong> elle prend la route nationale Pavese et continuer le long des plaines lombardes et pi\u00e9montaises de <strong>Pavie<\/strong> \u00e0 <strong>Voghera<\/strong>, <strong>Tortona<\/ strong>, <strong>Novi Ligure<\/strong> jusqu&rsquo;\u00e0 <strong>Ovada<\/strong> au pied des Apennins. Depuis Ovada, elle continue vers <strong>Masone<\/strong> et fait face \u00e0 l&rsquo;ascension du mont <strong>Turchino<\/strong>.<\/p>\n<p>Apr\u00e8s la descente, \u00e0 <strong>Voltri<\/strong>, dans la province de G\u00eanes, vous atteignez la c\u00f4te ligure. De l\u00e0, il faut prendre la route nationale <strong>Aurelia<\/strong> vers l&rsquo;ouest, en direction de l&rsquo;arriv\u00e9e. La course traverse les stations baln\u00e9aires de <strong>Alassio<\/strong>, <strong>Andora<\/strong>, <strong>Diano Marina<\/strong>, <strong>Imperia<\/strong>, <strong>San Lorenzo al Mare<\/strong>. \u00c0 ce stade, elle tourne vers les terres pour aborder la <strong>Cipressa<\/strong>, la deuxi\u00e8me ascension propos\u00e9e par l&rsquo;itin\u00e9raire.<\/p>\n<p>Elle empreinte ensuite l&rsquo;Aurelia dans les environs de <strong>Santo Stefano al Mare<\/strong> et traverse <strong>Arma di Taggia<\/strong> avant de s&rsquo;attaquer \u00e0 la troisi\u00e8me et plus c\u00e9l\u00e8bre ascension, <strong>Poggio<\/strong> de Sanremo .<\/p>\n<p>Du Poggio elle descend vers le centre de <strong>Sanremo<\/strong> le long de la ligne droite du <strong>corso Cavallotti<\/strong>, en longeant les grandes villas de la Belle \u00c9poque : <strong>Villa del Sole<\/strong>, <strong>Villa Nobel<\/strong>, <strong>Villa Ormond<\/strong> et <strong>Villa Zirio<\/strong>, pour continuer sur <strong>corso Garibaldi<\/strong> o\u00f9 l&rsquo;arriv\u00e9e et les tribunes attendent tous les concurrents.<\/p>\n<p>Si vous souhaitez participer, jetez un \u0153il sur le site officiel <a href='https:\/\/milano-sanremo.org\/' class='small-button smallred' target=\"_blank\"><\/a> ICI [\/ button] pour en savoir plus sur le programme et recevoir le formulaire d&rsquo;inscription.<\/p>\n<h3><strong>Piste cyclable<\/strong><\/h3>\n<p> La <strong>piste cyclable du parc c\u00f4tier de la Riviera des Fleurs<\/strong> est un chemin sans voitures et sur la c\u00f4te. Elle fait 24 km de long et ttraverse diff\u00e9rentes villes : <strong>Ospedaletti<\/strong>, <strong>Sanremo<\/strong>, <strong>Arma di Taggia<\/strong>, <strong>Riva Ligure<\/strong>, <strong>Santo Stefano al Mare<\/strong>, <strong>Cipressa<\/strong>, <strong>Costarainera<\/strong> et <strong>San Lorenzo al Mare<\/strong>. N&rsquo;h\u00e9sitez pas \u00e0 organiser des vacances ou un simple voyage pour d\u00e9couvrir une r\u00e9gion splendide, le long de la piste cyclable de l&rsquo;ouest ligure qui traverse des paysages \u00e0 couper le souffle de la mer et des montagnes. Les descriptions symboliques et signal\u00e9tiques vous aideront \u00e0 identifier facilement tous les diff\u00e9rents points d&rsquo;int\u00e9r\u00eat. Amusez-vous!<\/p>\n<p><img decoding=\"async\" class=\"aligncenter\" src=\"https:\/\/sanremoguide.it\/wp-content\/uploads\/2021\/05\/Mappa-Ciclabile-MAG2018-1.jpg\" alt=\" La carte de la piste cyclable\" \/>[\/et_pb_text][\/et_pb_column][\/et_pb_row][\/et_pb_section][et_pb_section fb_built=\u00a0\u00bb1&Prime; fullwidth=\u00a0\u00bbon\u00a0\u00bb _builder_version=\u00a0\u00bb4.17.4&Prime; _module_preset=\u00a0\u00bbdefault\u00a0\u00bb global_module=\u00a0\u00bb12524&Prime; saved_tabs=\u00a0\u00bball\u00a0\u00bb locked=\u00a0\u00bboff\u00a0\u00bb collapsed=\u00a0\u00bboff\u00a0\u00bb global_colors_info=\u00a0\u00bb{}\u00a0\u00bb][et_pb_fullwidth_slider _builder_version=\u00a0\u00bb4.17.4&Prime; _module_preset=\u00a0\u00bbdefault\u00a0\u00bb global_colors_info=\u00a0\u00bb{}\u00a0\u00bb][et_pb_slide heading=\u00a0\u00bbEXCURSIONS ET EXP\u00c9RIENCES D&rsquo;UNE JOURN\u00c9E \u00c0 SANREMO ET RIVIERA\u00a0\u00bb button_text=\u00a0\u00bbDEMANDER LE CATALOGUE\u00a0\u00bb button_link=\u00a0\u00bbhttps:\/\/sanremoguide.it\/information\u00a0\u00bb image=\u00a0\u00bbhttps:\/\/sanremoguide.it\/wp-content\/uploads\/2022\/06\/itouriviera.png\u00a0\u00bb _builder_version=\u00a0\u00bb4.17.4&Prime; _module_preset=\u00a0\u00bbdefault\u00a0\u00bb background_image=\u00a0\u00bbhttps:\/\/sanremoguide.it\/wp-content\/uploads\/2018\/07\/luca-lombardi-sanremo_bn.jpg\u00a0\u00bb background_enable_image=\u00a0\u00bbon\u00a0\u00bb custom_button=\u00a0\u00bbon\u00a0\u00bb button_bg_color=\u00a0\u00bb#E09900&Prime; button_border_width=\u00a0\u00bb1px\u00a0\u00bb button_border_color=\u00a0\u00bb#FFFFFF\u00a0\u00bb global_colors_info=\u00a0\u00bb{}\u00a0\u00bb sticky_transition=\u00a0\u00bbon\u00a0\u00bb][\/et_pb_slide][\/et_pb_fullwidth_slider][\/et_pb_section]<\/p>\n","protected":false},"excerpt":{"rendered":"<p>Venez pratiquer le cyclisme \u00e0 Sanremo ! D\u00e9couvrez toutes les ressources que la ville de Sanremo vous offre : cyclisme sur route, VTT, randonn\u00e9e, piste cyclable et la c\u00e9l\u00e8bre course Milan-Sanremo pour professionnels et non professionnels. Vous trouverez ci-dessous tout ce que vous cherchez ! Granfondo Sanremo-Sanremo en mars La \u00ab\u00a0Classicissima\u00a0\u00bb Sanremo-Sanremo est la course [&hellip;]<\/p>\n","protected":false},"author":1,"featured_media":10965,"parent":0,"menu_order":0,"comment_status":"closed","ping_status":"open","template":"","meta":{"_et_pb_use_builder":"on","_et_pb_old_content":"","_et_gb_content_width":"","footnotes":""},"class_list":["post-13801","page","type-page","status-publish","has-post-thumbnail","hentry"],"yoast_head":"<!-- This site is optimized with the Yoast SEO plugin v27.4 - https:\/\/yoast.com\/product\/yoast-seo-wordpress\/ -->\n<title>Cyclisme \u00e0 Sanremo - Cyclisme \u00e0 Sanremo pour tous<\/title>\n<meta name=\"description\" content=\"Cyclisme \u00e0 Sanremo et \u00e9v\u00e9nements cyclistes pour tous les passionn\u00e9s : Granfondo (course de longue distance originaire d&#039;Italie), Randonn\u00e9e, piste cyclable et Milan-Sanremo.\" \/>\n<meta name=\"robots\" content=\"index, follow, max-snippet:-1, max-image-preview:large, max-video-preview:-1\" \/>\n<link rel=\"canonical\" href=\"https:\/\/sanremoguide.it\/ciclismo-a-sanremo\/\" \/>\n<meta property=\"og:locale\" content=\"fr_FR\" \/>\n<meta property=\"og:type\" content=\"article\" \/>\n<meta property=\"og:title\" content=\"Cyclisme \u00e0 Sanremo - Cyclisme \u00e0 Sanremo pour tous\" \/>\n<meta property=\"og:description\" content=\"Cyclisme \u00e0 Sanremo et \u00e9v\u00e9nements cyclistes pour tous les passionn\u00e9s : Granfondo (course de longue distance originaire d&#039;Italie), Randonn\u00e9e, piste cyclable et Milan-Sanremo.\" \/>\n<meta property=\"og:url\" content=\"https:\/\/sanremoguide.it\/ciclismo-a-sanremo\/\" \/>\n<meta property=\"og:site_name\" content=\"SANREMO GUIDE | la guida turistica di Sanremo\" \/>\n<meta property=\"article:modified_time\" content=\"2022-06-25T16:28:01+00:00\" \/>\n<meta property=\"og:image\" content=\"https:\/\/sanremoguide.it\/wp-content\/uploads\/2021\/05\/Milano-Sanremo-2020-Passaggio-sul-mare.jpg\" \/>\n\t<meta property=\"og:image:width\" content=\"660\" \/>\n\t<meta property=\"og:image:height\" content=\"330\" \/>\n\t<meta property=\"og:image:type\" content=\"image\/jpeg\" \/>\n<meta name=\"twitter:label1\" content=\"Dur\u00e9e de lecture estim\u00e9e\" \/>\n\t<meta name=\"twitter:data1\" content=\"6 minutes\" \/>\n<script type=\"application\/ld+json\" class=\"yoast-schema-graph\">{\"@context\":\"https:\\\/\\\/schema.org\",\"@graph\":[{\"@type\":\"WebPage\",\"@id\":\"https:\\\/\\\/sanremoguide.it\\\/ciclismo-a-sanremo\\\/\",\"url\":\"https:\\\/\\\/sanremoguide.it\\\/ciclismo-a-sanremo\\\/\",\"name\":\"Cyclisme \u00e0 Sanremo - Cyclisme \u00e0 Sanremo pour tous\",\"isPartOf\":{\"@id\":\"https:\\\/\\\/sanremoguide.it\\\/#website\"},\"primaryImageOfPage\":{\"@id\":\"https:\\\/\\\/sanremoguide.it\\\/ciclismo-a-sanremo\\\/#primaryimage\"},\"image\":{\"@id\":\"https:\\\/\\\/sanremoguide.it\\\/ciclismo-a-sanremo\\\/#primaryimage\"},\"thumbnailUrl\":\"https:\\\/\\\/sanremoguide.it\\\/wp-content\\\/uploads\\\/2021\\\/05\\\/Milano-Sanremo-2020-Passaggio-sul-mare.jpg\",\"datePublished\":\"2022-06-25T16:27:59+00:00\",\"dateModified\":\"2022-06-25T16:28:01+00:00\",\"description\":\"Cyclisme \u00e0 Sanremo et \u00e9v\u00e9nements cyclistes pour tous les passionn\u00e9s : Granfondo (course de longue distance originaire d'Italie), Randonn\u00e9e, piste cyclable et Milan-Sanremo.\",\"breadcrumb\":{\"@id\":\"https:\\\/\\\/sanremoguide.it\\\/ciclismo-a-sanremo\\\/#breadcrumb\"},\"inLanguage\":\"fr-FR\",\"potentialAction\":[{\"@type\":\"ReadAction\",\"target\":[\"https:\\\/\\\/sanremoguide.it\\\/ciclismo-a-sanremo\\\/\"]}]},{\"@type\":\"ImageObject\",\"inLanguage\":\"fr-FR\",\"@id\":\"https:\\\/\\\/sanremoguide.it\\\/ciclismo-a-sanremo\\\/#primaryimage\",\"url\":\"https:\\\/\\\/sanremoguide.it\\\/wp-content\\\/uploads\\\/2021\\\/05\\\/Milano-Sanremo-2020-Passaggio-sul-mare.jpg\",\"contentUrl\":\"https:\\\/\\\/sanremoguide.it\\\/wp-content\\\/uploads\\\/2021\\\/05\\\/Milano-Sanremo-2020-Passaggio-sul-mare.jpg\",\"width\":660,\"height\":330,\"caption\":\"Milano-Sanremo 2018 - edizione 109 - da Milano a Sanremo (294 km)\"},{\"@type\":\"BreadcrumbList\",\"@id\":\"https:\\\/\\\/sanremoguide.it\\\/ciclismo-a-sanremo\\\/#breadcrumb\",\"itemListElement\":[{\"@type\":\"ListItem\",\"position\":1,\"name\":\"Home\",\"item\":\"https:\\\/\\\/sanremoguide.it\\\/\"},{\"@type\":\"ListItem\",\"position\":2,\"name\":\"Cyclisme \u00e0 Sanremo\"}]},{\"@type\":\"WebSite\",\"@id\":\"https:\\\/\\\/sanremoguide.it\\\/#website\",\"url\":\"https:\\\/\\\/sanremoguide.it\\\/\",\"name\":\"SANREMO GUIDE | la guida turistica di Sanremo\",\"description\":\"la guida turistica della citt\u00e0 di Sanremo\",\"potentialAction\":[{\"@type\":\"SearchAction\",\"target\":{\"@type\":\"EntryPoint\",\"urlTemplate\":\"https:\\\/\\\/sanremoguide.it\\\/?s={search_term_string}\"},\"query-input\":{\"@type\":\"PropertyValueSpecification\",\"valueRequired\":true,\"valueName\":\"search_term_string\"}}],\"inLanguage\":\"fr-FR\"}]}<\/script>\n<!-- \/ Yoast SEO plugin. -->","yoast_head_json":{"title":"Cyclisme \u00e0 Sanremo - Cyclisme \u00e0 Sanremo pour tous","description":"Cyclisme \u00e0 Sanremo et \u00e9v\u00e9nements cyclistes pour tous les passionn\u00e9s : Granfondo (course de longue distance originaire d'Italie), Randonn\u00e9e, piste cyclable et Milan-Sanremo.","robots":{"index":"index","follow":"follow","max-snippet":"max-snippet:-1","max-image-preview":"max-image-preview:large","max-video-preview":"max-video-preview:-1"},"canonical":"https:\/\/sanremoguide.it\/ciclismo-a-sanremo\/","og_locale":"fr_FR","og_type":"article","og_title":"Cyclisme \u00e0 Sanremo - Cyclisme \u00e0 Sanremo pour tous","og_description":"Cyclisme \u00e0 Sanremo et \u00e9v\u00e9nements cyclistes pour tous les passionn\u00e9s : Granfondo (course de longue distance originaire d'Italie), Randonn\u00e9e, piste cyclable et Milan-Sanremo.","og_url":"https:\/\/sanremoguide.it\/ciclismo-a-sanremo\/","og_site_name":"SANREMO GUIDE | la guida turistica di Sanremo","article_modified_time":"2022-06-25T16:28:01+00:00","og_image":[{"width":660,"height":330,"url":"https:\/\/sanremoguide.it\/wp-content\/uploads\/2021\/05\/Milano-Sanremo-2020-Passaggio-sul-mare.jpg","type":"image\/jpeg"}],"twitter_misc":{"Dur\u00e9e de lecture estim\u00e9e":"6 minutes"},"schema":{"@context":"https:\/\/schema.org","@graph":[{"@type":"WebPage","@id":"https:\/\/sanremoguide.it\/ciclismo-a-sanremo\/","url":"https:\/\/sanremoguide.it\/ciclismo-a-sanremo\/","name":"Cyclisme \u00e0 Sanremo - Cyclisme \u00e0 Sanremo pour tous","isPartOf":{"@id":"https:\/\/sanremoguide.it\/#website"},"primaryImageOfPage":{"@id":"https:\/\/sanremoguide.it\/ciclismo-a-sanremo\/#primaryimage"},"image":{"@id":"https:\/\/sanremoguide.it\/ciclismo-a-sanremo\/#primaryimage"},"thumbnailUrl":"https:\/\/sanremoguide.it\/wp-content\/uploads\/2021\/05\/Milano-Sanremo-2020-Passaggio-sul-mare.jpg","datePublished":"2022-06-25T16:27:59+00:00","dateModified":"2022-06-25T16:28:01+00:00","description":"Cyclisme \u00e0 Sanremo et \u00e9v\u00e9nements cyclistes pour tous les passionn\u00e9s : Granfondo (course de longue distance originaire d'Italie), Randonn\u00e9e, piste cyclable et Milan-Sanremo.","breadcrumb":{"@id":"https:\/\/sanremoguide.it\/ciclismo-a-sanremo\/#breadcrumb"},"inLanguage":"fr-FR","potentialAction":[{"@type":"ReadAction","target":["https:\/\/sanremoguide.it\/ciclismo-a-sanremo\/"]}]},{"@type":"ImageObject","inLanguage":"fr-FR","@id":"https:\/\/sanremoguide.it\/ciclismo-a-sanremo\/#primaryimage","url":"https:\/\/sanremoguide.it\/wp-content\/uploads\/2021\/05\/Milano-Sanremo-2020-Passaggio-sul-mare.jpg","contentUrl":"https:\/\/sanremoguide.it\/wp-content\/uploads\/2021\/05\/Milano-Sanremo-2020-Passaggio-sul-mare.jpg","width":660,"height":330,"caption":"Milano-Sanremo 2018 - edizione 109 - da Milano a Sanremo (294 km)"},{"@type":"BreadcrumbList","@id":"https:\/\/sanremoguide.it\/ciclismo-a-sanremo\/#breadcrumb","itemListElement":[{"@type":"ListItem","position":1,"name":"Home","item":"https:\/\/sanremoguide.it\/"},{"@type":"ListItem","position":2,"name":"Cyclisme \u00e0 Sanremo"}]},{"@type":"WebSite","@id":"https:\/\/sanremoguide.it\/#website","url":"https:\/\/sanremoguide.it\/","name":"SANREMO GUIDE | la guida turistica di Sanremo","description":"la guida turistica della citt\u00e0 di Sanremo","potentialAction":[{"@type":"SearchAction","target":{"@type":"EntryPoint","urlTemplate":"https:\/\/sanremoguide.it\/?s={search_term_string}"},"query-input":{"@type":"PropertyValueSpecification","valueRequired":true,"valueName":"search_term_string"}}],"inLanguage":"fr-FR"}]}},"_links":{"self":[{"href":"https:\/\/sanremoguide.it\/fr\/wp-json\/wp\/v2\/pages\/13801","targetHints":{"allow":["GET"]}}],"collection":[{"href":"https:\/\/sanremoguide.it\/fr\/wp-json\/wp\/v2\/pages"}],"about":[{"href":"https:\/\/sanremoguide.it\/fr\/wp-json\/wp\/v2\/types\/page"}],"author":[{"embeddable":true,"href":"https:\/\/sanremoguide.it\/fr\/wp-json\/wp\/v2\/users\/1"}],"replies":[{"embeddable":true,"href":"https:\/\/sanremoguide.it\/fr\/wp-json\/wp\/v2\/comments?post=13801"}],"version-history":[{"count":2,"href":"https:\/\/sanremoguide.it\/fr\/wp-json\/wp\/v2\/pages\/13801\/revisions"}],"predecessor-version":[{"id":13803,"href":"https:\/\/sanremoguide.it\/fr\/wp-json\/wp\/v2\/pages\/13801\/revisions\/13803"}],"wp:featuredmedia":[{"embeddable":true,"href":"https:\/\/sanremoguide.it\/fr\/wp-json\/wp\/v2\/media\/10965"}],"wp:attachment":[{"href":"https:\/\/sanremoguide.it\/fr\/wp-json\/wp\/v2\/media?parent=13801"}],"curies":[{"name":"wp","href":"https:\/\/api.w.org\/{rel}","templated":true}]}}