{"id":9644,"date":"2022-04-26T14:26:18","date_gmt":"2022-04-26T14:26:18","guid":{"rendered":"https:\/\/sanremoguide.it\/art-et-culture-promenades-artistiques\/le-baroque-a-sanremo\/"},"modified":"2022-06-17T16:47:56","modified_gmt":"2022-06-17T16:47:56","slug":"le-baroque-a-sanremo","status":"publish","type":"page","link":"https:\/\/sanremoguide.it\/fr\/la-ville-de-sanremo\/art-et-culture-promenades-artistiques\/le-baroque-a-sanremo\/","title":{"rendered":"Le Baroque \u00e0 Sanremo"},"content":{"rendered":"<p>[et_pb_section fb_built=\u00a0\u00bb1&Prime; fullwidth=\u00a0\u00bbon\u00a0\u00bb _builder_version=\u00a0\u00bb4.17.4&Prime; _module_preset=\u00a0\u00bbdefault\u00a0\u00bb locked=\u00a0\u00bboff\u00a0\u00bb global_colors_info=\u00a0\u00bb{}\u00a0\u00bb][et_pb_fullwidth_slider _builder_version=\u00a0\u00bb4.17.4&Prime; _module_preset=\u00a0\u00bbdefault\u00a0\u00bb background_image=\u00a0\u00bbhttps:\/\/sanremoguide.it\/wp-content\/uploads\/2018\/09\/Luca_Lombardi_Sanremo_La_Primavera.jpg\u00a0\u00bb global_colors_info=\u00a0\u00bb{}\u00a0\u00bb][et_pb_slide heading=\u00a0\u00bbLe Baroque \u00e0 Sanremo\u00a0\u00bb _builder_version=\u00a0\u00bb4.17.4&Prime; _module_preset=\u00a0\u00bbdefault\u00a0\u00bb custom_button=\u00a0\u00bbon\u00a0\u00bb button_text_color=\u00a0\u00bb#256b00&Prime; button_bg_color=\u00a0\u00bb#f2b500&Prime; button_border_color=\u00a0\u00bb#FFFFFF\u00a0\u00bb button_icon=\u00a0\u00bb&#x41;||divi||400&Prime; text_orientation=\u00a0\u00bbcenter\u00a0\u00bb background_layout=\u00a0\u00bblight\u00a0\u00bb box_shadow_style_button=\u00a0\u00bbpreset1&Prime; text_shadow_style=\u00a0\u00bbpreset3&Prime; global_colors_info=\u00a0\u00bb{}\u00a0\u00bb sticky_transition=\u00a0\u00bbon\u00a0\u00bb][\/et_pb_slide][\/et_pb_fullwidth_slider][\/et_pb_section][et_pb_section fb_built=\u00a0\u00bb1&Prime; admin_label=\u00a0\u00bbsection\u00a0\u00bb _builder_version=\u00a0\u00bb4.16&Prime; global_colors_info=\u00a0\u00bb{}\u00a0\u00bb][et_pb_row admin_label=\u00a0\u00bbrow\u00a0\u00bb _builder_version=\u00a0\u00bb4.16&Prime; background_size=\u00a0\u00bbinitial\u00a0\u00bb background_position=\u00a0\u00bbtop_left\u00a0\u00bb background_repeat=\u00a0\u00bbrepeat\u00a0\u00bb global_colors_info=\u00a0\u00bb{}\u00a0\u00bb][et_pb_column type=\u00a0\u00bb4_4&Prime; _builder_version=\u00a0\u00bb4.16&Prime; custom_padding=\u00a0\u00bb|||\u00a0\u00bb global_colors_info=\u00a0\u00bb{}\u00a0\u00bb custom_padding__hover=\u00a0\u00bb|||\u00a0\u00bb][et_pb_text admin_label=\u00a0\u00bbText\u00a0\u00bb _builder_version=\u00a0\u00bb4.16&Prime; background_size=\u00a0\u00bbinitial\u00a0\u00bb background_position=\u00a0\u00bbtop_left\u00a0\u00bb background_repeat=\u00a0\u00bbrepeat\u00a0\u00bb global_colors_info=\u00a0\u00bb{}\u00a0\u00bb]<b>San Remo, ville des fleurs et d\u2019illustrations in\u00e9dites du style baroque, compte de nombreux monuments qui repr\u00e9sentent \u00e0 merveille le style le plus riche et le plus fantasque de l\u2019architecture europ\u00e9enne.<\/b><\/p>\n<p><span style=\"font-weight: 400;\">Examinons de pr\u00e8s les rues de la ville o\u00f9 se trouvent de nombreux joyaux baroques, tels que l&rsquo;\u00c9glise Saint-\u00c9tienne, l&rsquo;\u00c9glise Sainte-Marie-des-Anges, le Sanctuaire de Notre-Dame de la C\u00f4te, le Palais Bor\u00e9a, l&rsquo;\u00c9glise Joseph, l&rsquo;Oratoire de St Brigid et l&rsquo;Oratoire de St S\u00e9bastien.<\/span><\/p>\n<p><span style=\"font-weight: 400;\">Une courte promenade jusqu&rsquo;au sommet de la colline m\u00e8ne au <\/span><b>Sanctuaire de Notre-Dame de la C\u00f4te, <\/b><span style=\"font-weight: 400;\">qui surplombe la ville de San Remo et est entour\u00e9 de ch\u00eanes feuillus. La fa\u00e7ade du sanctuaire est caract\u00e9ris\u00e9e par deux clochers sur les c\u00f4t\u00e9s et une grande fen\u00eatre d\u00e9cor\u00e9e entour\u00e9e de stucs au centre. En passant par la porte en marbre, vous trouverez une seule all\u00e9e avec plusieurs chapelles align\u00e9es de chaque c\u00f4t\u00e9. En regardant au-dessus, vous verrez une grande coupole caract\u00e9ris\u00e9e par de grandes fen\u00eatres, des stucs et des fresques. Les stucs dor\u00e9s, les fresques chaudes, les peintures riches et le marbre ne sont qu&rsquo;un \u00ab\u00a0cadre\u00a0\u00bb du v\u00e9ritable tr\u00e9sor du sanctuaire, une peinture du XIVe si\u00e8cle repr\u00e9sentant la Vierge Marie avec l&rsquo;Enfant.<\/span><\/p>\n<p><span style=\"font-weight: 400;\">En descendant vers la mer, au pied de La Pigna, sur la Piazza Cassini, se trouve <\/span><b>l\u2019\u00e9glise Saint-\u00c9tienne,<\/b><span style=\"font-weight: 400;\"> construite \u00e0 l\u2019\u00c9poque M\u00e9di\u00e9vale, puis restaur\u00e9e au XVIIe si\u00e8cle. Le b\u00e2timent a une configuration rectangulaire entour\u00e9e de chapelles lat\u00e9rales et de chorales. En 1624, l&rsquo;\u00e9glise fut donn\u00e9e aux j\u00e9suites venus \u00e0 San Remo pour fonder un pensionnat.<\/span><\/p>\n<p><span style=\"font-weight: 400;\">En longeant la Via Palazzo en direction de la Piazza Colombo, vous arriverez \u00e0 <\/span><b>l&rsquo;\u00c9glise Sainte-Marie-des-Anges, entour\u00e9e de maisons du<\/b><span style=\"font-weight: 400;\"> XIXe si\u00e8cle et de b\u00e2timents de l&rsquo;apr\u00e8s-guerre. Elle se d\u00e9marque certainement de l&rsquo;architecture moderne du march\u00e9 aux fleurs voisin. Sa fa\u00e7ade est riche en stucs et les trois portails sont s\u00e9par\u00e9s par des colonnes \u00e0 chapiteaux au-dessus desquels repose l&rsquo;entablement. Au centre du haut de la fa\u00e7ade se trouve une grande fen\u00eatre d\u00e9cor\u00e9e. \u00c0 l&rsquo;int\u00e9rieur, il y a plusieurs chapelles priv\u00e9es le long de ses trois nefs. Dans l&rsquo;\u00e9glise, vous pouvez trouver les v\u00eatements des chapelles de Saint-Nicolas de Bari et de Saint-Antoine de Padoue et un retable repr\u00e9sentant les deux saints ainsi que la Vierge Marie avec l&rsquo;Enfant et Saint Fran\u00e7ois d&rsquo;Assise dans l&rsquo;adoration du Crucifix.<\/span><\/p>\n<p><span style=\"font-weight: 400;\">En revenant sur vos pas \u00e0 travers la Piazza Colombo, suivez le Corso Matteotti pour <\/span><b>atteindre le Palais Borea d&rsquo;Olmo, <\/b><span style=\"font-weight: 400;\">situ\u00e9 au c\u0153ur de San Remo. Ce palais baroque a l&rsquo;une de ses fa\u00e7ades donnant sur Corso Matteotti, la principale avenue commer\u00e7ante, tandis que l&rsquo;autre donne sur la Via Cavour. L&rsquo;un des \u00e9l\u00e9ments les plus int\u00e9ressants du palais est sans aucun doute l&rsquo;escalier de l&rsquo;atrium avec son plafond vo\u00fbt\u00e9 en croix soutenu par des colonnes de marbre.<\/span><\/p>\n<p><span style=\"font-weight: 400;\">Ne vous fiez pas au style d\u00e9lib\u00e9r\u00e9ment simple des mezzanines : elles vous pr\u00e9senteront les riches d\u00e9corations et peintures des \u00e9tages sup\u00e9rieurs, y compris le mus\u00e9e de la ville (<\/span><b>Museo<\/b><span style=\"font-weight: 400;\"> Civico) au dernier \u00e9tage. Au deuxi\u00e8me \u00e9tage se trouve une petite chapelle contenant un autel en marbre et une statue de la Vierge Marie, vraisemblablement de Ponsonelli. En continuant dans le vaste couloir avec son d\u00f4me vo\u00fbt\u00e9 peint en bleu, vous trouverez plusieurs pi\u00e8ces reli\u00e9es de chaque c\u00f4t\u00e9. Dans une de ces salles, le pape Pie VII a s\u00e9journ\u00e9 une fois pour son voyage de la France \u00e0 Rome. Le plafond de cette pi\u00e8ce est d\u00e9cor\u00e9 de putti qui semblent se pourchasser dans le ciel. \u00c0 la fin, vous arriverez dans une grande salle contenant la galerie de portraits de la famille noble de Borea d&rsquo;Olmo.<\/span>[\/et_pb_text][\/et_pb_column][\/et_pb_row][\/et_pb_section][et_pb_section fb_built=\u00a0\u00bb1&Prime; fullwidth=\u00a0\u00bbon\u00a0\u00bb _builder_version=\u00a0\u00bb4.17.4&Prime; _module_preset=\u00a0\u00bbdefault\u00a0\u00bb global_module=\u00a0\u00bb12524&Prime; saved_tabs=\u00a0\u00bball\u00a0\u00bb locked=\u00a0\u00bboff\u00a0\u00bb collapsed=\u00a0\u00bboff\u00a0\u00bb global_colors_info=\u00a0\u00bb{}\u00a0\u00bb][et_pb_fullwidth_slider _builder_version=\u00a0\u00bb4.17.4&Prime; _module_preset=\u00a0\u00bbdefault\u00a0\u00bb global_colors_info=\u00a0\u00bb{}\u00a0\u00bb][et_pb_slide heading=\u00a0\u00bbESCURSIONI ED EXPERIENCE A SANREMO E IN RIVIERA\u00a0\u00bb button_text=\u00a0\u00bbRICHIEDI IL CATALOGO\u00a0\u00bb button_link=\u00a0\u00bbhttps:\/\/sanremoguide.it\/contatti\u00a0\u00bb image=\u00a0\u00bbhttps:\/\/sanremoguide.it\/wp-content\/uploads\/2022\/06\/itouriviera.png\u00a0\u00bb _builder_version=\u00a0\u00bb4.17.4&Prime; _module_preset=\u00a0\u00bbdefault\u00a0\u00bb background_image=\u00a0\u00bbhttps:\/\/sanremoguide.it\/wp-content\/uploads\/2018\/07\/luca-lombardi-sanremo_bn.jpg\u00a0\u00bb background_enable_image=\u00a0\u00bbon\u00a0\u00bb custom_button=\u00a0\u00bbon\u00a0\u00bb button_bg_color=\u00a0\u00bb#E09900&Prime; button_border_width=\u00a0\u00bb1px\u00a0\u00bb button_border_color=\u00a0\u00bb#FFFFFF\u00a0\u00bb global_colors_info=\u00a0\u00bb{}\u00a0\u00bb sticky_transition=\u00a0\u00bbon\u00a0\u00bb][\/et_pb_slide][\/et_pb_fullwidth_slider][\/et_pb_section]<\/p>\n","protected":false},"excerpt":{"rendered":"<p>San Remo, ville des fleurs et d\u2019illustrations in\u00e9dites du style baroque, compte de nombreux monuments qui repr\u00e9sentent \u00e0 merveille le style le plus riche et le plus fantasque de l\u2019architecture europ\u00e9enne. Examinons de pr\u00e8s les rues de la ville o\u00f9 se trouvent de nombreux joyaux baroques, tels que l&rsquo;\u00c9glise Saint-\u00c9tienne, l&rsquo;\u00c9glise Sainte-Marie-des-Anges, le Sanctuaire de [&hellip;]<\/p>\n","protected":false},"author":1,"featured_media":0,"parent":9642,"menu_order":0,"comment_status":"closed","ping_status":"closed","template":"","meta":{"_et_pb_use_builder":"on","_et_pb_old_content":"<b>San Remo, ville des fleurs et d\u2019illustrations in\u00e9dites du style baroque, compte de nombreux monuments qui repr\u00e9sentent \u00e0 merveille le style le plus riche et le plus fantasque de l\u2019architecture europ\u00e9enne.<\/b>\r\n\r\n<span style=\"font-weight: 400;\">Examinons de pr\u00e8s les rues de la ville o\u00f9 se trouvent de nombreux joyaux baroques, tels que l'\u00c9glise Saint-\u00c9tienne, l'\u00c9glise Sainte-Marie-des-Anges, le Sanctuaire de Notre-Dame de la C\u00f4te, le Palais Bor\u00e9a, l'\u00c9glise Joseph, l'Oratoire de St Brigid et l'Oratoire de St S\u00e9bastien.<\/span>\r\n\r\n<span style=\"font-weight: 400;\">Une courte promenade jusqu'au sommet de la colline m\u00e8ne au <\/span><b>Sanctuaire de Notre-Dame de la C\u00f4te, <\/b><span style=\"font-weight: 400;\">qui surplombe la ville de San Remo et est entour\u00e9 de ch\u00eanes feuillus. La fa\u00e7ade du sanctuaire est caract\u00e9ris\u00e9e par deux clochers sur les c\u00f4t\u00e9s et une grande fen\u00eatre d\u00e9cor\u00e9e entour\u00e9e de stucs au centre. En passant par la porte en marbre, vous trouverez une seule all\u00e9e avec plusieurs chapelles align\u00e9es de chaque c\u00f4t\u00e9. En regardant au-dessus, vous verrez une grande coupole caract\u00e9ris\u00e9e par de grandes fen\u00eatres, des stucs et des fresques. Les stucs dor\u00e9s, les fresques chaudes, les peintures riches et le marbre ne sont qu'un \"cadre\" du v\u00e9ritable tr\u00e9sor du sanctuaire, une peinture du XIVe si\u00e8cle repr\u00e9sentant la Vierge Marie avec l'Enfant.<\/span>\r\n\r\n<span style=\"font-weight: 400;\">En descendant vers la mer, au pied de La Pigna, sur la Piazza Cassini, se trouve <\/span><b>l\u2019\u00e9glise Saint-\u00c9tienne,<\/b><span style=\"font-weight: 400;\"> construite \u00e0 l\u2019\u00c9poque M\u00e9di\u00e9vale, puis restaur\u00e9e au XVIIe si\u00e8cle. Le b\u00e2timent a une configuration rectangulaire entour\u00e9e de chapelles lat\u00e9rales et de chorales. En 1624, l'\u00e9glise fut donn\u00e9e aux j\u00e9suites venus \u00e0 San Remo pour fonder un pensionnat.<\/span>\r\n\r\n<span style=\"font-weight: 400;\">En longeant la Via Palazzo en direction de la Piazza Colombo, vous arriverez \u00e0 <\/span><b>l'\u00c9glise Sainte-Marie-des-Anges, entour\u00e9e de maisons du<\/b><span style=\"font-weight: 400;\"> XIXe si\u00e8cle et de b\u00e2timents de l'apr\u00e8s-guerre. Elle se d\u00e9marque certainement de l'architecture moderne du march\u00e9 aux fleurs voisin. Sa fa\u00e7ade est riche en stucs et les trois portails sont s\u00e9par\u00e9s par des colonnes \u00e0 chapiteaux au-dessus desquels repose l'entablement. Au centre du haut de la fa\u00e7ade se trouve une grande fen\u00eatre d\u00e9cor\u00e9e. \u00c0 l'int\u00e9rieur, il y a plusieurs chapelles priv\u00e9es le long de ses trois nefs. Dans l'\u00e9glise, vous pouvez trouver les v\u00eatements des chapelles de Saint-Nicolas de Bari et de Saint-Antoine de Padoue et un retable repr\u00e9sentant les deux saints ainsi que la Vierge Marie avec l'Enfant et Saint Fran\u00e7ois d'Assise dans l'adoration du Crucifix.<\/span>\r\n\r\n<span style=\"font-weight: 400;\">En revenant sur vos pas \u00e0 travers la Piazza Colombo, suivez le Corso Matteotti pour <\/span><b>atteindre le Palais Borea d'Olmo, <\/b><span style=\"font-weight: 400;\">situ\u00e9 au c\u0153ur de San Remo. Ce palais baroque a l'une de ses fa\u00e7ades donnant sur Corso Matteotti, la principale avenue commer\u00e7ante, tandis que l'autre donne sur la Via Cavour. L'un des \u00e9l\u00e9ments les plus int\u00e9ressants du palais est sans aucun doute l'escalier de l'atrium avec son plafond vo\u00fbt\u00e9 en croix soutenu par des colonnes de marbre.<\/span>\r\n\r\n<span style=\"font-weight: 400;\">Ne vous fiez pas au style d\u00e9lib\u00e9r\u00e9ment simple des mezzanines : elles vous pr\u00e9senteront les riches d\u00e9corations et peintures des \u00e9tages sup\u00e9rieurs, y compris le mus\u00e9e de la ville (<\/span><b>Museo<\/b><span style=\"font-weight: 400;\"> Civico) au dernier \u00e9tage. Au deuxi\u00e8me \u00e9tage se trouve une petite chapelle contenant un autel en marbre et une statue de la Vierge Marie, vraisemblablement de Ponsonelli. En continuant dans le vaste couloir avec son d\u00f4me vo\u00fbt\u00e9 peint en bleu, vous trouverez plusieurs pi\u00e8ces reli\u00e9es de chaque c\u00f4t\u00e9. Dans une de ces salles, le pape Pie VII a s\u00e9journ\u00e9 une fois pour son voyage de la France \u00e0 Rome. Le plafond de cette pi\u00e8ce est d\u00e9cor\u00e9 de putti qui semblent se pourchasser dans le ciel. \u00c0 la fin, vous arriverez dans une grande salle contenant la galerie de portraits de la famille noble de Borea d'Olmo.<\/span>","_et_gb_content_width":"","footnotes":""},"class_list":["post-9644","page","type-page","status-publish","hentry"],"yoast_head":"<!-- This site is optimized with the Yoast SEO plugin v27.4 - https:\/\/yoast.com\/product\/yoast-seo-wordpress\/ -->\n<title>Sanremo Baroque<\/title>\n<meta name=\"description\" content=\"Baroque \u00e0 Sanremo : itin\u00e9raire touristique pour d\u00e9couvrir les tr\u00e9sors baroques de Sanremo : sanctuaires, \u00e9glises, palais baroques. Visitez Sanremo pour vos vacances en Ligurie.\" \/>\n<meta name=\"robots\" content=\"index, follow, max-snippet:-1, max-image-preview:large, max-video-preview:-1\" \/>\n<link rel=\"canonical\" href=\"https:\/\/sanremoguide.it\/fr\/la-ville-de-sanremo\/art-et-culture-promenades-artistiques\/le-baroque-a-sanremo\/\" \/>\n<meta property=\"og:locale\" content=\"fr_FR\" \/>\n<meta property=\"og:type\" content=\"article\" \/>\n<meta property=\"og:title\" content=\"Sanremo Baroque\" \/>\n<meta property=\"og:description\" content=\"Baroque \u00e0 Sanremo : itin\u00e9raire touristique pour d\u00e9couvrir les tr\u00e9sors baroques de Sanremo : sanctuaires, \u00e9glises, palais baroques. Visitez Sanremo pour vos vacances en Ligurie.\" \/>\n<meta property=\"og:url\" content=\"https:\/\/sanremoguide.it\/fr\/la-ville-de-sanremo\/art-et-culture-promenades-artistiques\/le-baroque-a-sanremo\/\" \/>\n<meta property=\"og:site_name\" content=\"SANREMO GUIDE | la guida turistica di Sanremo\" \/>\n<meta property=\"article:modified_time\" content=\"2022-06-17T16:47:56+00:00\" \/>\n<meta name=\"twitter:label1\" content=\"Dur\u00e9e de lecture estim\u00e9e\" \/>\n\t<meta name=\"twitter:data1\" content=\"5 minutes\" \/>\n<script type=\"application\/ld+json\" class=\"yoast-schema-graph\">{\"@context\":\"https:\\\/\\\/schema.org\",\"@graph\":[{\"@type\":\"WebPage\",\"@id\":\"https:\\\/\\\/sanremoguide.it\\\/fr\\\/la-ville-de-sanremo\\\/art-et-culture-promenades-artistiques\\\/le-baroque-a-sanremo\\\/\",\"url\":\"https:\\\/\\\/sanremoguide.it\\\/fr\\\/la-ville-de-sanremo\\\/art-et-culture-promenades-artistiques\\\/le-baroque-a-sanremo\\\/\",\"name\":\"Sanremo Baroque\",\"isPartOf\":{\"@id\":\"https:\\\/\\\/sanremoguide.it\\\/#website\"},\"datePublished\":\"2022-04-26T14:26:18+00:00\",\"dateModified\":\"2022-06-17T16:47:56+00:00\",\"description\":\"Baroque \u00e0 Sanremo : itin\u00e9raire touristique pour d\u00e9couvrir les tr\u00e9sors baroques de Sanremo : sanctuaires, \u00e9glises, palais baroques. Visitez Sanremo pour vos vacances en Ligurie.\",\"breadcrumb\":{\"@id\":\"https:\\\/\\\/sanremoguide.it\\\/fr\\\/la-ville-de-sanremo\\\/art-et-culture-promenades-artistiques\\\/le-baroque-a-sanremo\\\/#breadcrumb\"},\"inLanguage\":\"fr-FR\",\"potentialAction\":[{\"@type\":\"ReadAction\",\"target\":[\"https:\\\/\\\/sanremoguide.it\\\/fr\\\/la-ville-de-sanremo\\\/art-et-culture-promenades-artistiques\\\/le-baroque-a-sanremo\\\/\"]}]},{\"@type\":\"BreadcrumbList\",\"@id\":\"https:\\\/\\\/sanremoguide.it\\\/fr\\\/la-ville-de-sanremo\\\/art-et-culture-promenades-artistiques\\\/le-baroque-a-sanremo\\\/#breadcrumb\",\"itemListElement\":[{\"@type\":\"ListItem\",\"position\":1,\"name\":\"Home\",\"item\":\"https:\\\/\\\/sanremoguide.it\\\/\"},{\"@type\":\"ListItem\",\"position\":2,\"name\":\"LA VILLE DE SANREMO\",\"item\":\"https:\\\/\\\/sanremoguide.it\\\/fr\\\/la-ville-de-sanremo\\\/\"},{\"@type\":\"ListItem\",\"position\":3,\"name\":\"Art et Culture &#8211; (promenades artistiques)\",\"item\":\"https:\\\/\\\/sanremoguide.it\\\/fr\\\/la-ville-de-sanremo\\\/art-et-culture-promenades-artistiques\\\/\"},{\"@type\":\"ListItem\",\"position\":4,\"name\":\"Le Baroque \u00e0 Sanremo\"}]},{\"@type\":\"WebSite\",\"@id\":\"https:\\\/\\\/sanremoguide.it\\\/#website\",\"url\":\"https:\\\/\\\/sanremoguide.it\\\/\",\"name\":\"SANREMO GUIDE | la guida turistica di Sanremo\",\"description\":\"la guida turistica della citt\u00e0 di Sanremo\",\"potentialAction\":[{\"@type\":\"SearchAction\",\"target\":{\"@type\":\"EntryPoint\",\"urlTemplate\":\"https:\\\/\\\/sanremoguide.it\\\/?s={search_term_string}\"},\"query-input\":{\"@type\":\"PropertyValueSpecification\",\"valueRequired\":true,\"valueName\":\"search_term_string\"}}],\"inLanguage\":\"fr-FR\"}]}<\/script>\n<!-- \/ Yoast SEO plugin. -->","yoast_head_json":{"title":"Sanremo Baroque","description":"Baroque \u00e0 Sanremo : itin\u00e9raire touristique pour d\u00e9couvrir les tr\u00e9sors baroques de Sanremo : sanctuaires, \u00e9glises, palais baroques. Visitez Sanremo pour vos vacances en Ligurie.","robots":{"index":"index","follow":"follow","max-snippet":"max-snippet:-1","max-image-preview":"max-image-preview:large","max-video-preview":"max-video-preview:-1"},"canonical":"https:\/\/sanremoguide.it\/fr\/la-ville-de-sanremo\/art-et-culture-promenades-artistiques\/le-baroque-a-sanremo\/","og_locale":"fr_FR","og_type":"article","og_title":"Sanremo Baroque","og_description":"Baroque \u00e0 Sanremo : itin\u00e9raire touristique pour d\u00e9couvrir les tr\u00e9sors baroques de Sanremo : sanctuaires, \u00e9glises, palais baroques. Visitez Sanremo pour vos vacances en Ligurie.","og_url":"https:\/\/sanremoguide.it\/fr\/la-ville-de-sanremo\/art-et-culture-promenades-artistiques\/le-baroque-a-sanremo\/","og_site_name":"SANREMO GUIDE | la guida turistica di Sanremo","article_modified_time":"2022-06-17T16:47:56+00:00","twitter_misc":{"Dur\u00e9e de lecture estim\u00e9e":"5 minutes"},"schema":{"@context":"https:\/\/schema.org","@graph":[{"@type":"WebPage","@id":"https:\/\/sanremoguide.it\/fr\/la-ville-de-sanremo\/art-et-culture-promenades-artistiques\/le-baroque-a-sanremo\/","url":"https:\/\/sanremoguide.it\/fr\/la-ville-de-sanremo\/art-et-culture-promenades-artistiques\/le-baroque-a-sanremo\/","name":"Sanremo Baroque","isPartOf":{"@id":"https:\/\/sanremoguide.it\/#website"},"datePublished":"2022-04-26T14:26:18+00:00","dateModified":"2022-06-17T16:47:56+00:00","description":"Baroque \u00e0 Sanremo : itin\u00e9raire touristique pour d\u00e9couvrir les tr\u00e9sors baroques de Sanremo : sanctuaires, \u00e9glises, palais baroques. Visitez Sanremo pour vos vacances en Ligurie.","breadcrumb":{"@id":"https:\/\/sanremoguide.it\/fr\/la-ville-de-sanremo\/art-et-culture-promenades-artistiques\/le-baroque-a-sanremo\/#breadcrumb"},"inLanguage":"fr-FR","potentialAction":[{"@type":"ReadAction","target":["https:\/\/sanremoguide.it\/fr\/la-ville-de-sanremo\/art-et-culture-promenades-artistiques\/le-baroque-a-sanremo\/"]}]},{"@type":"BreadcrumbList","@id":"https:\/\/sanremoguide.it\/fr\/la-ville-de-sanremo\/art-et-culture-promenades-artistiques\/le-baroque-a-sanremo\/#breadcrumb","itemListElement":[{"@type":"ListItem","position":1,"name":"Home","item":"https:\/\/sanremoguide.it\/"},{"@type":"ListItem","position":2,"name":"LA VILLE DE SANREMO","item":"https:\/\/sanremoguide.it\/fr\/la-ville-de-sanremo\/"},{"@type":"ListItem","position":3,"name":"Art et Culture &#8211; (promenades artistiques)","item":"https:\/\/sanremoguide.it\/fr\/la-ville-de-sanremo\/art-et-culture-promenades-artistiques\/"},{"@type":"ListItem","position":4,"name":"Le Baroque \u00e0 Sanremo"}]},{"@type":"WebSite","@id":"https:\/\/sanremoguide.it\/#website","url":"https:\/\/sanremoguide.it\/","name":"SANREMO GUIDE | la guida turistica di Sanremo","description":"la guida turistica della citt\u00e0 di Sanremo","potentialAction":[{"@type":"SearchAction","target":{"@type":"EntryPoint","urlTemplate":"https:\/\/sanremoguide.it\/?s={search_term_string}"},"query-input":{"@type":"PropertyValueSpecification","valueRequired":true,"valueName":"search_term_string"}}],"inLanguage":"fr-FR"}]}},"_links":{"self":[{"href":"https:\/\/sanremoguide.it\/fr\/wp-json\/wp\/v2\/pages\/9644","targetHints":{"allow":["GET"]}}],"collection":[{"href":"https:\/\/sanremoguide.it\/fr\/wp-json\/wp\/v2\/pages"}],"about":[{"href":"https:\/\/sanremoguide.it\/fr\/wp-json\/wp\/v2\/types\/page"}],"author":[{"embeddable":true,"href":"https:\/\/sanremoguide.it\/fr\/wp-json\/wp\/v2\/users\/1"}],"replies":[{"embeddable":true,"href":"https:\/\/sanremoguide.it\/fr\/wp-json\/wp\/v2\/comments?post=9644"}],"version-history":[{"count":3,"href":"https:\/\/sanremoguide.it\/fr\/wp-json\/wp\/v2\/pages\/9644\/revisions"}],"predecessor-version":[{"id":13184,"href":"https:\/\/sanremoguide.it\/fr\/wp-json\/wp\/v2\/pages\/9644\/revisions\/13184"}],"up":[{"embeddable":true,"href":"https:\/\/sanremoguide.it\/fr\/wp-json\/wp\/v2\/pages\/9642"}],"wp:attachment":[{"href":"https:\/\/sanremoguide.it\/fr\/wp-json\/wp\/v2\/media?parent=9644"}],"curies":[{"name":"wp","href":"https:\/\/api.w.org\/{rel}","templated":true}]}}