{"id":9649,"date":"2022-05-03T10:51:45","date_gmt":"2022-05-03T10:51:45","guid":{"rendered":"https:\/\/sanremoguide.it\/villas-et-jardins\/"},"modified":"2022-06-17T17:04:36","modified_gmt":"2022-06-17T17:04:36","slug":"villas-et-jardins","status":"publish","type":"page","link":"https:\/\/sanremoguide.it\/fr\/la-ville-de-sanremo\/villas-et-jardins\/","title":{"rendered":"Villas et Jardins"},"content":{"rendered":"<p>[et_pb_section fb_built=\u00a0\u00bb1&Prime; fullwidth=\u00a0\u00bbon\u00a0\u00bb _builder_version=\u00a0\u00bb4.17.4&Prime; _module_preset=\u00a0\u00bbdefault\u00a0\u00bb locked=\u00a0\u00bboff\u00a0\u00bb global_colors_info=\u00a0\u00bb{}\u00a0\u00bb][et_pb_fullwidth_slider _builder_version=\u00a0\u00bb4.17.4&Prime; _module_preset=\u00a0\u00bbdefault\u00a0\u00bb background_image=\u00a0\u00bbhttps:\/\/sanremoguide.it\/wp-content\/uploads\/2018\/09\/Luca_Lombardi_Sanremo_La_Primavera.jpg\u00a0\u00bb global_colors_info=\u00a0\u00bb{}\u00a0\u00bb][et_pb_slide heading=\u00a0\u00bbVillas et Jardins\u00a0\u00bb _builder_version=\u00a0\u00bb4.17.4&Prime; _module_preset=\u00a0\u00bbdefault\u00a0\u00bb custom_button=\u00a0\u00bbon\u00a0\u00bb button_text_color=\u00a0\u00bb#256b00&Prime; button_bg_color=\u00a0\u00bb#f2b500&Prime; button_border_color=\u00a0\u00bb#FFFFFF\u00a0\u00bb button_icon=\u00a0\u00bb&#x41;||divi||400&Prime; text_orientation=\u00a0\u00bbcenter\u00a0\u00bb background_layout=\u00a0\u00bblight\u00a0\u00bb box_shadow_style_button=\u00a0\u00bbpreset1&Prime; text_shadow_style=\u00a0\u00bbpreset3&Prime; global_colors_info=\u00a0\u00bb{}\u00a0\u00bb sticky_transition=\u00a0\u00bbon\u00a0\u00bb][\/et_pb_slide][\/et_pb_fullwidth_slider][\/et_pb_section][et_pb_section fb_built=\u00a0\u00bb1&Prime; admin_label=\u00a0\u00bbsection\u00a0\u00bb _builder_version=\u00a0\u00bb4.16&Prime; global_colors_info=\u00a0\u00bb{}\u00a0\u00bb][et_pb_row admin_label=\u00a0\u00bbrow\u00a0\u00bb _builder_version=\u00a0\u00bb4.16&Prime; background_size=\u00a0\u00bbinitial\u00a0\u00bb background_position=\u00a0\u00bbtop_left\u00a0\u00bb background_repeat=\u00a0\u00bbrepeat\u00a0\u00bb global_colors_info=\u00a0\u00bb{}\u00a0\u00bb][et_pb_column type=\u00a0\u00bb4_4&Prime; _builder_version=\u00a0\u00bb4.16&Prime; custom_padding=\u00a0\u00bb|||\u00a0\u00bb global_colors_info=\u00a0\u00bb{}\u00a0\u00bb custom_padding__hover=\u00a0\u00bb|||\u00a0\u00bb][et_pb_text admin_label=\u00a0\u00bbText\u00a0\u00bb _builder_version=\u00a0\u00bb4.16&Prime; background_size=\u00a0\u00bbinitial\u00a0\u00bb background_position=\u00a0\u00bbtop_left\u00a0\u00bb background_repeat=\u00a0\u00bbrepeat\u00a0\u00bb global_colors_info=\u00a0\u00bb{}\u00a0\u00bb]<b>Bel Respiro, Vista Lieta, Mirasole et Rondinella: il ne s&rsquo;agit ni d&rsquo;une comptine ni d&rsquo;une formule magique. Ce sont les noms de certaines des plus belles villas que l&rsquo;on puisse trouver le long du Corso degli Inglesi \u00e0 San Remo. Ils ont \u00e9t\u00e9 construits entre le XIXe et le XXe si\u00e8cle et se caract\u00e9risent par leur \u00e9l\u00e9gance raffin\u00e9e, entour\u00e9s de jardins luxuriants. \u00c9tant donn\u00e9 que ces merveilleuses maisons sont des propri\u00e9t\u00e9s priv\u00e9es, aucune visite n&rsquo;est autoris\u00e9e. Mais vous pouvez toujours fl\u00e2ner le long de l&rsquo;avenue pour profiter de l&rsquo;atmosph\u00e8re unique de ce paysage inhabituel &#8211; et c&rsquo;est une exp\u00e9rience qui en vaut la peine.<\/b><\/p>\n<p><img decoding=\"async\" class=\"aligncenter\" src=\"https:\/\/www.sanremoguide.it\/uploads\/SanRemo_VillaZirio_350x200.jpg\" alt=\"Villa Zirio a Sanremo - Foto APT RdF\" \/><\/p>\n<p><span style=\"font-weight: 400;\">Commen\u00e7ons donc par le style \u00e9clectique de la villa n\u00e9o-renaissance du XIXe si\u00e8cle, la Villa Bel Respiro, qui abrite actuellement l&rsquo;Institut exp\u00e9rimental de floriculture, puis le num\u00e9ro 470 o\u00f9 vous pourrez voir le ch\u00e2teau Devachan, o\u00f9 s&rsquo;est tenue la Conf\u00e9rence internationale du d\u00e9troit. en 1920.<\/span><\/p>\n<p><span style=\"font-weight: 400;\">Tandis que <\/span><b>Villa Virginia<\/b><span style=\"font-weight: 400;\"> (au n \u00b0 452) est un bel exemple d&rsquo;architecture Liberty,<\/span><b> Villa Fiorentina <\/b><span style=\"font-weight: 400;\">s&rsquo;inscrit dans la Renaissance florentine et se caract\u00e9rise par des murs de pierre, un grenier en bois et des d\u00e9corations en fer forg\u00e9. D\u00e9m\u00e9nager \u00e0 l&rsquo;est de San Remo, vous ne devriez pas manquer <\/span><b>Villa Sirio<\/b><span style=\"font-weight: 400;\">, <\/span><b>Villa Nobel<\/b><span style=\"font-weight: 400;\">, et <\/span><b>Villa Ormond<\/b><span style=\"font-weight: 400;\"> &#8211; tous trouv\u00e9s le long du Corso Felice Cavallotti.<\/span><\/p>\n<p><span style=\"font-weight: 400;\">La Villa Nobel est un b\u00e2timent de style mauresque qui a abrit\u00e9 le c\u00e9l\u00e8bre scientifique su\u00e9dois Alfred Nobel de 1890 \u00e0 1896. C&rsquo;est ici qu&rsquo;il a d\u00e9cid\u00e9 de cr\u00e9er les fameux \u00abprix Nobel\u00bb. De nos jours, la villa prosp\u00e8re gr\u00e2ce \u00e0 des initiatives culturelles prestigieuses et abrite un mus\u00e9e permanent des reliques du prix Nobel ainsi qu\u2019une galerie de prix Nobel italiens. Son parc regorge de plantes ancestrales et pr\u00e9cieuses. Encore plus grand est le vaste parc de la Villa Ormond, situ\u00e9e \u00e0 proximit\u00e9, qui s&rsquo;\u00e9tendait jadis du sommet de la colline \u00e0 la mer (bien qu\u2019il soit maintenant divis\u00e9 par la route principale). Vous y trouverez des fontaines, des jets, des plantes m\u00e9diterran\u00e9ennes et exotiques et un jardin japonais miniature &#8211; en hommage \u00e0 la ville japonaise du soleil levant, Atami, la ville soeur de San Remo.<\/span><\/p>\n<p><span style=\"font-weight: 400;\">Le n\u00e9o-gothique est \u00e0 c\u00f4t\u00e9 du casino <\/span><b>Villa Noseda, <\/b><span style=\"font-weight: 400;\">appartenant au baron allemand Adolfo Thien, et \u00e0 l&rsquo;Art Nouveau <\/span><b>Villa Angerer<\/b><span style=\"font-weight: 400;\">, ancien domicile de l&rsquo;autrichien L\u00e9opold Angerer. Ce dernier, avec ses magnifiques d\u00e9corations florales en stuc et carreaux de fa\u00efence et son escalier en colima\u00e7on en fer forg\u00e9, vaut le d\u00e9tour<\/span><\/p>\n<p><span style=\"font-weight: 400;\">Le jardin le plus luxuriant et particulier de San Remo est <\/span><b>Parco Marsaglia<\/b><span style=\"font-weight: 400;\"> qui appartenait autrefois \u00e0 une c\u00e9l\u00e8bre famille de la haute bourgeoisie de San Remo. Vous y trouverez des ruisseaux, des \u00e9tangs, une cascade et une grotte connue sous le nom d\u2019auditorium Franco Alfano, un cadre spectaculaire avec de beaux paysages pour les spectacles estivaux. Il y a environ 2 000 esp\u00e8ces botaniques dans les jardins de San Remo. Cependant, sa plante la plus caract\u00e9ristique est le palmier, comme ceux que la tsarine russe Maria Alexandrovna a fait don \u00e0 la ville, que l\u2019on peut encore voir aligner le long du Corso Imperatrice. En vous promenant le long de cette promenade, vous pourrez profiter d&rsquo;une belle vue sur la mer et les plages.<\/span><\/p>\n<p><span style=\"font-weight: 400;\">Ici, vous pourrez \u00e9galement profiter de l\u2019atmosph\u00e8re relaxante du <\/span><b>jardins du Corso Imperatrice<\/b><span style=\"font-weight: 400;\">, o\u00f9 vous pouvez trouver la belle statue de printemps de Vincenzo Pasquali qui symbolise la douceur du climat de la ville et le monument \u00e0 Giuseppe Garibaldi de Leonardo Bistolfi. N&rsquo;oublie pas de voir<\/span><b> Parc BoscoBello<\/b><span style=\"font-weight: 400;\">&#8211; avec son chemin de croix monumental r\u00e9alis\u00e9 par le sculpteur Enrico Manfrini; la <\/span><b>jardins de Corso Mombello<\/b><span style=\"font-weight: 400;\"> &#8211; plein de palmiers; la <\/span><b>jardins de la piazza colombo<\/b><span style=\"font-weight: 400;\">; et enfin les jardins de <\/span><b>Villa Zirio<\/b><span style=\"font-weight: 400;\">,<\/span><b> Palais Bellevue<\/b><span style=\"font-weight: 400;\">,<\/span><b>Villa Ormond<\/b><span style=\"font-weight: 400;\">, et <\/span><b>Villa Nobel<\/b><span style=\"font-weight: 400;\">.<\/span>[\/et_pb_text][\/et_pb_column][\/et_pb_row][\/et_pb_section][et_pb_section fb_built=\u00a0\u00bb1&Prime; fullwidth=\u00a0\u00bbon\u00a0\u00bb _builder_version=\u00a0\u00bb4.17.4&Prime; _module_preset=\u00a0\u00bbdefault\u00a0\u00bb global_module=\u00a0\u00bb12524&Prime; saved_tabs=\u00a0\u00bball\u00a0\u00bb locked=\u00a0\u00bboff\u00a0\u00bb collapsed=\u00a0\u00bboff\u00a0\u00bb global_colors_info=\u00a0\u00bb{}\u00a0\u00bb][et_pb_fullwidth_slider _builder_version=\u00a0\u00bb4.17.4&Prime; _module_preset=\u00a0\u00bbdefault\u00a0\u00bb global_colors_info=\u00a0\u00bb{}\u00a0\u00bb][et_pb_slide heading=\u00a0\u00bbESCURSIONI ED EXPERIENCE A SANREMO E IN RIVIERA\u00a0\u00bb button_text=\u00a0\u00bbRICHIEDI IL CATALOGO\u00a0\u00bb button_link=\u00a0\u00bbhttps:\/\/sanremoguide.it\/contatti\u00a0\u00bb image=\u00a0\u00bbhttps:\/\/sanremoguide.it\/wp-content\/uploads\/2022\/06\/itouriviera.png\u00a0\u00bb _builder_version=\u00a0\u00bb4.17.4&Prime; _module_preset=\u00a0\u00bbdefault\u00a0\u00bb background_image=\u00a0\u00bbhttps:\/\/sanremoguide.it\/wp-content\/uploads\/2018\/07\/luca-lombardi-sanremo_bn.jpg\u00a0\u00bb background_enable_image=\u00a0\u00bbon\u00a0\u00bb custom_button=\u00a0\u00bbon\u00a0\u00bb button_bg_color=\u00a0\u00bb#E09900&Prime; button_border_width=\u00a0\u00bb1px\u00a0\u00bb button_border_color=\u00a0\u00bb#FFFFFF\u00a0\u00bb global_colors_info=\u00a0\u00bb{}\u00a0\u00bb sticky_transition=\u00a0\u00bbon\u00a0\u00bb][\/et_pb_slide][\/et_pb_fullwidth_slider][\/et_pb_section]<\/p>\n","protected":false},"excerpt":{"rendered":"<p>Bel Respiro, Vista Lieta, Mirasole et Rondinella: il ne s&rsquo;agit ni d&rsquo;une comptine ni d&rsquo;une formule magique. Ce sont les noms de certaines des plus belles villas que l&rsquo;on puisse trouver le long du Corso degli Inglesi \u00e0 San Remo. Ils ont \u00e9t\u00e9 construits entre le XIXe et le XXe si\u00e8cle et se caract\u00e9risent par [&hellip;]<\/p>\n","protected":false},"author":1,"featured_media":0,"parent":12240,"menu_order":0,"comment_status":"closed","ping_status":"closed","template":"","meta":{"_et_pb_use_builder":"on","_et_pb_old_content":"<b>Bel Respiro, Vista Lieta, Mirasole et Rondinella: il ne s'agit ni d'une comptine ni d'une formule magique. Ce sont les noms de certaines des plus belles villas que l'on puisse trouver le long du Corso degli Inglesi \u00e0 San Remo. Ils ont \u00e9t\u00e9 construits entre le XIXe et le XXe si\u00e8cle et se caract\u00e9risent par leur \u00e9l\u00e9gance raffin\u00e9e, entour\u00e9s de jardins luxuriants. \u00c9tant donn\u00e9 que ces merveilleuses maisons sont des propri\u00e9t\u00e9s priv\u00e9es, aucune visite n'est autoris\u00e9e. Mais vous pouvez toujours fl\u00e2ner le long de l'avenue pour profiter de l'atmosph\u00e8re unique de ce paysage inhabituel - et c'est une exp\u00e9rience qui en vaut la peine.<\/b>\r\n\r\n<img class=\"aligncenter\" src=\"https:\/\/www.sanremoguide.it\/uploads\/SanRemo_VillaZirio_350x200.jpg\" alt=\"Villa Zirio a Sanremo - Foto APT RdF\" \/>\r\n\r\n<span style=\"font-weight: 400;\">Commen\u00e7ons donc par le style \u00e9clectique de la villa n\u00e9o-renaissance du XIXe si\u00e8cle, la Villa Bel Respiro, qui abrite actuellement l'Institut exp\u00e9rimental de floriculture, puis le num\u00e9ro 470 o\u00f9 vous pourrez voir le ch\u00e2teau Devachan, o\u00f9 s'est tenue la Conf\u00e9rence internationale du d\u00e9troit. en 1920.<\/span>\r\n\r\n<span style=\"font-weight: 400;\">Tandis que <\/span><b>Villa Virginia<\/b><span style=\"font-weight: 400;\"> (au n \u00b0 452) est un bel exemple d'architecture Liberty,<\/span><b> Villa Fiorentina <\/b><span style=\"font-weight: 400;\">s'inscrit dans la Renaissance florentine et se caract\u00e9rise par des murs de pierre, un grenier en bois et des d\u00e9corations en fer forg\u00e9. D\u00e9m\u00e9nager \u00e0 l'est de San Remo, vous ne devriez pas manquer <\/span><b>Villa Sirio<\/b><span style=\"font-weight: 400;\">, <\/span><b>Villa Nobel<\/b><span style=\"font-weight: 400;\">, et <\/span><b>Villa Ormond<\/b><span style=\"font-weight: 400;\"> - tous trouv\u00e9s le long du Corso Felice Cavallotti.<\/span>\r\n\r\n<span style=\"font-weight: 400;\">La Villa Nobel est un b\u00e2timent de style mauresque qui a abrit\u00e9 le c\u00e9l\u00e8bre scientifique su\u00e9dois Alfred Nobel de 1890 \u00e0 1896. C'est ici qu'il a d\u00e9cid\u00e9 de cr\u00e9er les fameux \u00abprix Nobel\u00bb. De nos jours, la villa prosp\u00e8re gr\u00e2ce \u00e0 des initiatives culturelles prestigieuses et abrite un mus\u00e9e permanent des reliques du prix Nobel ainsi qu\u2019une galerie de prix Nobel italiens. Son parc regorge de plantes ancestrales et pr\u00e9cieuses. Encore plus grand est le vaste parc de la Villa Ormond, situ\u00e9e \u00e0 proximit\u00e9, qui s'\u00e9tendait jadis du sommet de la colline \u00e0 la mer (bien qu\u2019il soit maintenant divis\u00e9 par la route principale). Vous y trouverez des fontaines, des jets, des plantes m\u00e9diterran\u00e9ennes et exotiques et un jardin japonais miniature - en hommage \u00e0 la ville japonaise du soleil levant, Atami, la ville soeur de San Remo.<\/span>\r\n\r\n<span style=\"font-weight: 400;\">Le n\u00e9o-gothique est \u00e0 c\u00f4t\u00e9 du casino <\/span><b>Villa Noseda, <\/b><span style=\"font-weight: 400;\">appartenant au baron allemand Adolfo Thien, et \u00e0 l'Art Nouveau <\/span><b>Villa Angerer<\/b><span style=\"font-weight: 400;\">, ancien domicile de l'autrichien L\u00e9opold Angerer. Ce dernier, avec ses magnifiques d\u00e9corations florales en stuc et carreaux de fa\u00efence et son escalier en colima\u00e7on en fer forg\u00e9, vaut le d\u00e9tour<\/span>\r\n\r\n<span style=\"font-weight: 400;\">Le jardin le plus luxuriant et particulier de San Remo est <\/span><b>Parco Marsaglia<\/b><span style=\"font-weight: 400;\"> qui appartenait autrefois \u00e0 une c\u00e9l\u00e8bre famille de la haute bourgeoisie de San Remo. Vous y trouverez des ruisseaux, des \u00e9tangs, une cascade et une grotte connue sous le nom d\u2019auditorium Franco Alfano, un cadre spectaculaire avec de beaux paysages pour les spectacles estivaux. Il y a environ 2 000 esp\u00e8ces botaniques dans les jardins de San Remo. Cependant, sa plante la plus caract\u00e9ristique est le palmier, comme ceux que la tsarine russe Maria Alexandrovna a fait don \u00e0 la ville, que l\u2019on peut encore voir aligner le long du Corso Imperatrice. En vous promenant le long de cette promenade, vous pourrez profiter d'une belle vue sur la mer et les plages.<\/span>\r\n\r\n<span style=\"font-weight: 400;\">Ici, vous pourrez \u00e9galement profiter de l\u2019atmosph\u00e8re relaxante du <\/span><b>jardins du Corso Imperatrice<\/b><span style=\"font-weight: 400;\">, o\u00f9 vous pouvez trouver la belle statue de printemps de Vincenzo Pasquali qui symbolise la douceur du climat de la ville et le monument \u00e0 Giuseppe Garibaldi de Leonardo Bistolfi. N'oublie pas de voir<\/span><b> Parc BoscoBello<\/b><span style=\"font-weight: 400;\">- avec son chemin de croix monumental r\u00e9alis\u00e9 par le sculpteur Enrico Manfrini; la <\/span><b>jardins de Corso Mombello<\/b><span style=\"font-weight: 400;\"> - plein de palmiers; la <\/span><b>jardins de la piazza colombo<\/b><span style=\"font-weight: 400;\">; et enfin les jardins de <\/span><b>Villa Zirio<\/b><span style=\"font-weight: 400;\">,<\/span><b> Palais Bellevue<\/b><span style=\"font-weight: 400;\">,<\/span><b>Villa Ormond<\/b><span style=\"font-weight: 400;\">, et <\/span><b>Villa Nobel<\/b><span style=\"font-weight: 400;\">.<\/span>","_et_gb_content_width":"","footnotes":""},"class_list":["post-9649","page","type-page","status-publish","hentry"],"yoast_head":"<!-- This site is optimized with the Yoast SEO plugin v27.4 - https:\/\/yoast.com\/product\/yoast-seo-wordpress\/ -->\n<title>Villas et jardins | Visiter San Remo en vacances en Ligurie<\/title>\n<meta name=\"description\" content=\"Les plus beaux itin\u00e9raires touristiques de Sanremo : maisons, villas et jardins Art nouveau tels que la Villa Nobel, la Villa Ormond avec son parc tropical et ses jardins botaniques.\" \/>\n<meta name=\"robots\" content=\"index, follow, max-snippet:-1, max-image-preview:large, max-video-preview:-1\" \/>\n<link rel=\"canonical\" href=\"https:\/\/sanremoguide.it\/fr\/la-ville-de-sanremo\/villas-et-jardins\/\" \/>\n<meta property=\"og:locale\" content=\"fr_FR\" \/>\n<meta property=\"og:type\" content=\"article\" \/>\n<meta property=\"og:title\" content=\"Villas et jardins | Visiter San Remo en vacances en Ligurie\" \/>\n<meta property=\"og:description\" content=\"Les plus beaux itin\u00e9raires touristiques de Sanremo : maisons, villas et jardins Art nouveau tels que la Villa Nobel, la Villa Ormond avec son parc tropical et ses jardins botaniques.\" \/>\n<meta property=\"og:url\" content=\"https:\/\/sanremoguide.it\/fr\/la-ville-de-sanremo\/villas-et-jardins\/\" \/>\n<meta property=\"og:site_name\" content=\"SANREMO GUIDE | la guida turistica di Sanremo\" \/>\n<meta property=\"article:modified_time\" content=\"2022-06-17T17:04:36+00:00\" \/>\n<meta property=\"og:image\" content=\"https:\/\/www.sanremoguide.it\/uploads\/SanRemo_VillaZirio_350x200.jpg\" \/>\n<meta name=\"twitter:label1\" content=\"Dur\u00e9e de lecture estim\u00e9e\" \/>\n\t<meta name=\"twitter:data1\" content=\"5 minutes\" \/>\n<script type=\"application\/ld+json\" class=\"yoast-schema-graph\">{\"@context\":\"https:\\\/\\\/schema.org\",\"@graph\":[{\"@type\":\"WebPage\",\"@id\":\"https:\\\/\\\/sanremoguide.it\\\/fr\\\/la-ville-de-sanremo\\\/villas-et-jardins\\\/\",\"url\":\"https:\\\/\\\/sanremoguide.it\\\/fr\\\/la-ville-de-sanremo\\\/villas-et-jardins\\\/\",\"name\":\"Villas et jardins | Visiter San Remo en vacances en Ligurie\",\"isPartOf\":{\"@id\":\"https:\\\/\\\/sanremoguide.it\\\/#website\"},\"primaryImageOfPage\":{\"@id\":\"https:\\\/\\\/sanremoguide.it\\\/fr\\\/la-ville-de-sanremo\\\/villas-et-jardins\\\/#primaryimage\"},\"image\":{\"@id\":\"https:\\\/\\\/sanremoguide.it\\\/fr\\\/la-ville-de-sanremo\\\/villas-et-jardins\\\/#primaryimage\"},\"thumbnailUrl\":\"https:\\\/\\\/www.sanremoguide.it\\\/uploads\\\/SanRemo_VillaZirio_350x200.jpg\",\"datePublished\":\"2022-05-03T10:51:45+00:00\",\"dateModified\":\"2022-06-17T17:04:36+00:00\",\"description\":\"Les plus beaux itin\u00e9raires touristiques de Sanremo : maisons, villas et jardins Art nouveau tels que la Villa Nobel, la Villa Ormond avec son parc tropical et ses jardins botaniques.\",\"breadcrumb\":{\"@id\":\"https:\\\/\\\/sanremoguide.it\\\/fr\\\/la-ville-de-sanremo\\\/villas-et-jardins\\\/#breadcrumb\"},\"inLanguage\":\"fr-FR\",\"potentialAction\":[{\"@type\":\"ReadAction\",\"target\":[\"https:\\\/\\\/sanremoguide.it\\\/fr\\\/la-ville-de-sanremo\\\/villas-et-jardins\\\/\"]}]},{\"@type\":\"ImageObject\",\"inLanguage\":\"fr-FR\",\"@id\":\"https:\\\/\\\/sanremoguide.it\\\/fr\\\/la-ville-de-sanremo\\\/villas-et-jardins\\\/#primaryimage\",\"url\":\"https:\\\/\\\/www.sanremoguide.it\\\/uploads\\\/SanRemo_VillaZirio_350x200.jpg\",\"contentUrl\":\"https:\\\/\\\/www.sanremoguide.it\\\/uploads\\\/SanRemo_VillaZirio_350x200.jpg\"},{\"@type\":\"BreadcrumbList\",\"@id\":\"https:\\\/\\\/sanremoguide.it\\\/fr\\\/la-ville-de-sanremo\\\/villas-et-jardins\\\/#breadcrumb\",\"itemListElement\":[{\"@type\":\"ListItem\",\"position\":1,\"name\":\"Home\",\"item\":\"https:\\\/\\\/sanremoguide.it\\\/\"},{\"@type\":\"ListItem\",\"position\":2,\"name\":\"LA VILLE DE SANREMO\",\"item\":\"https:\\\/\\\/sanremoguide.it\\\/fr\\\/la-ville-de-sanremo\\\/\"},{\"@type\":\"ListItem\",\"position\":3,\"name\":\"Villas et Jardins\"}]},{\"@type\":\"WebSite\",\"@id\":\"https:\\\/\\\/sanremoguide.it\\\/#website\",\"url\":\"https:\\\/\\\/sanremoguide.it\\\/\",\"name\":\"SANREMO GUIDE | la guida turistica di Sanremo\",\"description\":\"la guida turistica della citt\u00e0 di Sanremo\",\"potentialAction\":[{\"@type\":\"SearchAction\",\"target\":{\"@type\":\"EntryPoint\",\"urlTemplate\":\"https:\\\/\\\/sanremoguide.it\\\/?s={search_term_string}\"},\"query-input\":{\"@type\":\"PropertyValueSpecification\",\"valueRequired\":true,\"valueName\":\"search_term_string\"}}],\"inLanguage\":\"fr-FR\"}]}<\/script>\n<!-- \/ Yoast SEO plugin. -->","yoast_head_json":{"title":"Villas et jardins | Visiter San Remo en vacances en Ligurie","description":"Les plus beaux itin\u00e9raires touristiques de Sanremo : maisons, villas et jardins Art nouveau tels que la Villa Nobel, la Villa Ormond avec son parc tropical et ses jardins botaniques.","robots":{"index":"index","follow":"follow","max-snippet":"max-snippet:-1","max-image-preview":"max-image-preview:large","max-video-preview":"max-video-preview:-1"},"canonical":"https:\/\/sanremoguide.it\/fr\/la-ville-de-sanremo\/villas-et-jardins\/","og_locale":"fr_FR","og_type":"article","og_title":"Villas et jardins | Visiter San Remo en vacances en Ligurie","og_description":"Les plus beaux itin\u00e9raires touristiques de Sanremo : maisons, villas et jardins Art nouveau tels que la Villa Nobel, la Villa Ormond avec son parc tropical et ses jardins botaniques.","og_url":"https:\/\/sanremoguide.it\/fr\/la-ville-de-sanremo\/villas-et-jardins\/","og_site_name":"SANREMO GUIDE | la guida turistica di Sanremo","article_modified_time":"2022-06-17T17:04:36+00:00","og_image":[{"url":"https:\/\/www.sanremoguide.it\/uploads\/SanRemo_VillaZirio_350x200.jpg","type":"","width":"","height":""}],"twitter_misc":{"Dur\u00e9e de lecture estim\u00e9e":"5 minutes"},"schema":{"@context":"https:\/\/schema.org","@graph":[{"@type":"WebPage","@id":"https:\/\/sanremoguide.it\/fr\/la-ville-de-sanremo\/villas-et-jardins\/","url":"https:\/\/sanremoguide.it\/fr\/la-ville-de-sanremo\/villas-et-jardins\/","name":"Villas et jardins | Visiter San Remo en vacances en Ligurie","isPartOf":{"@id":"https:\/\/sanremoguide.it\/#website"},"primaryImageOfPage":{"@id":"https:\/\/sanremoguide.it\/fr\/la-ville-de-sanremo\/villas-et-jardins\/#primaryimage"},"image":{"@id":"https:\/\/sanremoguide.it\/fr\/la-ville-de-sanremo\/villas-et-jardins\/#primaryimage"},"thumbnailUrl":"https:\/\/www.sanremoguide.it\/uploads\/SanRemo_VillaZirio_350x200.jpg","datePublished":"2022-05-03T10:51:45+00:00","dateModified":"2022-06-17T17:04:36+00:00","description":"Les plus beaux itin\u00e9raires touristiques de Sanremo : maisons, villas et jardins Art nouveau tels que la Villa Nobel, la Villa Ormond avec son parc tropical et ses jardins botaniques.","breadcrumb":{"@id":"https:\/\/sanremoguide.it\/fr\/la-ville-de-sanremo\/villas-et-jardins\/#breadcrumb"},"inLanguage":"fr-FR","potentialAction":[{"@type":"ReadAction","target":["https:\/\/sanremoguide.it\/fr\/la-ville-de-sanremo\/villas-et-jardins\/"]}]},{"@type":"ImageObject","inLanguage":"fr-FR","@id":"https:\/\/sanremoguide.it\/fr\/la-ville-de-sanremo\/villas-et-jardins\/#primaryimage","url":"https:\/\/www.sanremoguide.it\/uploads\/SanRemo_VillaZirio_350x200.jpg","contentUrl":"https:\/\/www.sanremoguide.it\/uploads\/SanRemo_VillaZirio_350x200.jpg"},{"@type":"BreadcrumbList","@id":"https:\/\/sanremoguide.it\/fr\/la-ville-de-sanremo\/villas-et-jardins\/#breadcrumb","itemListElement":[{"@type":"ListItem","position":1,"name":"Home","item":"https:\/\/sanremoguide.it\/"},{"@type":"ListItem","position":2,"name":"LA VILLE DE SANREMO","item":"https:\/\/sanremoguide.it\/fr\/la-ville-de-sanremo\/"},{"@type":"ListItem","position":3,"name":"Villas et Jardins"}]},{"@type":"WebSite","@id":"https:\/\/sanremoguide.it\/#website","url":"https:\/\/sanremoguide.it\/","name":"SANREMO GUIDE | la guida turistica di Sanremo","description":"la guida turistica della citt\u00e0 di Sanremo","potentialAction":[{"@type":"SearchAction","target":{"@type":"EntryPoint","urlTemplate":"https:\/\/sanremoguide.it\/?s={search_term_string}"},"query-input":{"@type":"PropertyValueSpecification","valueRequired":true,"valueName":"search_term_string"}}],"inLanguage":"fr-FR"}]}},"_links":{"self":[{"href":"https:\/\/sanremoguide.it\/fr\/wp-json\/wp\/v2\/pages\/9649","targetHints":{"allow":["GET"]}}],"collection":[{"href":"https:\/\/sanremoguide.it\/fr\/wp-json\/wp\/v2\/pages"}],"about":[{"href":"https:\/\/sanremoguide.it\/fr\/wp-json\/wp\/v2\/types\/page"}],"author":[{"embeddable":true,"href":"https:\/\/sanremoguide.it\/fr\/wp-json\/wp\/v2\/users\/1"}],"replies":[{"embeddable":true,"href":"https:\/\/sanremoguide.it\/fr\/wp-json\/wp\/v2\/comments?post=9649"}],"version-history":[{"count":2,"href":"https:\/\/sanremoguide.it\/fr\/wp-json\/wp\/v2\/pages\/9649\/revisions"}],"predecessor-version":[{"id":13221,"href":"https:\/\/sanremoguide.it\/fr\/wp-json\/wp\/v2\/pages\/9649\/revisions\/13221"}],"up":[{"embeddable":true,"href":"https:\/\/sanremoguide.it\/fr\/wp-json\/wp\/v2\/pages\/12240"}],"wp:attachment":[{"href":"https:\/\/sanremoguide.it\/fr\/wp-json\/wp\/v2\/media?parent=9649"}],"curies":[{"name":"wp","href":"https:\/\/api.w.org\/{rel}","templated":true}]}}