

{"id":9650,"date":"2022-05-03T10:52:53","date_gmt":"2022-05-03T10:52:53","guid":{"rendered":"https:\/\/sanremoguide.it\/villas-et-jardins\/villa-nobel\/"},"modified":"2022-06-21T16:27:29","modified_gmt":"2022-06-21T16:27:29","slug":"villa-nobel","status":"publish","type":"page","link":"https:\/\/sanremoguide.it\/fr\/la-ville-de-sanremo\/villas-et-jardins\/villa-nobel\/","title":{"rendered":"Villa Nobel"},"content":{"rendered":"<p>[et_pb_section fb_built=\u00a0\u00bb1&Prime; fullwidth=\u00a0\u00bbon\u00a0\u00bb _builder_version=\u00a0\u00bb4.17.4&Prime; _module_preset=\u00a0\u00bbdefault\u00a0\u00bb locked=\u00a0\u00bboff\u00a0\u00bb global_colors_info=\u00a0\u00bb{}\u00a0\u00bb][et_pb_fullwidth_slider _builder_version=\u00a0\u00bb4.17.4&Prime; _module_preset=\u00a0\u00bbdefault\u00a0\u00bb background_image=\u00a0\u00bbhttps:\/\/sanremoguide.it\/wp-content\/uploads\/2018\/09\/Luca_Lombardi_Sanremo_La_Primavera.jpg\u00a0\u00bb global_colors_info=\u00a0\u00bb{}\u00a0\u00bb][et_pb_slide heading=\u00a0\u00bbVilla Nobel\u00a0\u00bb _builder_version=\u00a0\u00bb4.17.4&Prime; _module_preset=\u00a0\u00bbdefault\u00a0\u00bb custom_button=\u00a0\u00bbon\u00a0\u00bb button_text_color=\u00a0\u00bb#256b00&Prime; button_bg_color=\u00a0\u00bb#f2b500&Prime; button_border_color=\u00a0\u00bb#FFFFFF\u00a0\u00bb button_icon=\u00a0\u00bb&#x41;||divi||400&Prime; text_orientation=\u00a0\u00bbcenter\u00a0\u00bb background_layout=\u00a0\u00bblight\u00a0\u00bb box_shadow_style_button=\u00a0\u00bbpreset1&Prime; text_shadow_style=\u00a0\u00bbpreset3&Prime; global_colors_info=\u00a0\u00bb{}\u00a0\u00bb sticky_transition=\u00a0\u00bbon\u00a0\u00bb][\/et_pb_slide][\/et_pb_fullwidth_slider][\/et_pb_section][et_pb_section fb_built=\u00a0\u00bb1&Prime; admin_label=\u00a0\u00bbsection\u00a0\u00bb _builder_version=\u00a0\u00bb4.16&Prime; global_colors_info=\u00a0\u00bb{}\u00a0\u00bb][et_pb_row admin_label=\u00a0\u00bbrow\u00a0\u00bb _builder_version=\u00a0\u00bb4.16&Prime; background_size=\u00a0\u00bbinitial\u00a0\u00bb background_position=\u00a0\u00bbtop_left\u00a0\u00bb background_repeat=\u00a0\u00bbrepeat\u00a0\u00bb global_colors_info=\u00a0\u00bb{}\u00a0\u00bb][et_pb_column type=\u00a0\u00bb4_4&Prime; _builder_version=\u00a0\u00bb4.16&Prime; custom_padding=\u00a0\u00bb|||\u00a0\u00bb global_colors_info=\u00a0\u00bb{}\u00a0\u00bb custom_padding__hover=\u00a0\u00bb|||\u00a0\u00bb][et_pb_text admin_label=\u00a0\u00bbText\u00a0\u00bb _builder_version=\u00a0\u00bb4.16&Prime; background_size=\u00a0\u00bbinitial\u00a0\u00bb background_position=\u00a0\u00bbtop_left\u00a0\u00bb background_repeat=\u00a0\u00bbrepeat\u00a0\u00bb global_colors_info=\u00a0\u00bb{}\u00a0\u00bb]<span style=\"font-weight: 400;\">Le long du Corso Cavallotti est <\/span><b>villa Nobel<\/b><span style=\"font-weight: 400;\">, un b\u00e2timent maure du XVIIIe si\u00e8cle typiquement d\u00e9cor\u00e9 dans le style de la Renaissance v\u00e9nitienne.<\/span><span style=\"font-weight: 400;\"><br \/>\n<\/span><\/p>\n<p><img decoding=\"async\" class=\"aligncenter\" src=\"https:\/\/www.sanremoguide.it\/uploads\/SanRemo_VillaNobel_facciata_350x200.jpg\" alt=\"Una veduta della Villa Nobel a Sanremo - Foto APT RdF\" \/><\/p>\n<p><span style=\"font-weight: 400;\">La Villa Nobel, construite en 1874 et restaur\u00e9e en 1892, est situ\u00e9e au milieu d&rsquo;un magnifique parc et appartient au district d&rsquo;Imperia, qui a subventionn\u00e9 en 1993 sa restauration actuelle. La villa doit son nom au c\u00e9l\u00e8bre scientifique su\u00e9dois et inventeur de la dynamite, Alfred Nobel. Apr\u00e8s l&rsquo;avoir habit\u00e9 pendant 6 ans (de 1890 \u00e0 1896), il l&rsquo;a d\u00e9fini comme \u00ab\u00a0mon nid\u00a0\u00bb.<\/span><\/p>\n<p><span style=\"font-weight: 400;\">Dans cette maison, Nobel a travaill\u00e9 sur plusieurs de ses brevets et a r\u00e9dig\u00e9 le fameux testament, selon lequel un prix, qu\u2019il soit \u00e9thique, moral ou \u00e9conomique, devrait \u00eatre d\u00e9cern\u00e9 \u00e0 toute personne qui contribue au bien-\u00eatre humain, connu sous le nom de prix Nobel.<\/span><\/p>\n<p><span style=\"font-weight: 400;\">Le parc autour de la maison, qui s&rsquo;\u00e9tendait jadis jusqu&rsquo;\u00e0 la mer, comprend plusieurs esp\u00e8ces d&rsquo;arbres rares, parmi lesquelles le grand \u00abCupressus macrocarpa\u00bb, une esp\u00e8ce californienne. A sa base se trouve un canon Bofors, datant de 1883, que Nobel a utilis\u00e9 lors de ses exp\u00e9riences sur la port\u00e9e des armes. L&rsquo;int\u00e9rieur de la Villa Nobel est d\u00e9velopp\u00e9 sur trois \u00e9tages. Dans le sous-sol se trouve le laboratoire de Nobel contenant des images donnant une description historique et technique des principales exp\u00e9riences. Le rez-de-chauss\u00e9e abrite une salle de conf\u00e9rence d\u00e9cor\u00e9e de fresques pomp\u00e9iennes. Le studio du scientifique est au premier \u00e9tage.<\/span><\/p>\n<p><span style=\"font-weight: 400;\">\u00c0 San Remo, mais particuli\u00e8rement dans cette villa, Nobel a trouv\u00e9 l\u2019atmosph\u00e8re id\u00e9ale pour l\u2019\u00e9tude et la recherche.<\/span><\/p>\n<p><span style=\"font-weight: 400;\">Il vint pour la premi\u00e8re fois \u00e0 San Remo en 1890, mais le notaire Balestrieri le convainc de signer le contrat d\u2019achat de la Villa Patrone jusqu\u2019au 25 avril 1891.<\/span><\/p>\n<p><span style=\"font-weight: 400;\">Outre le respect manifeste des r\u00e8gles artistiques qui dominent l&rsquo;architecture du b\u00e2timent, les jardins et les puits bien structur\u00e9s, le scientifique a \u00e9t\u00e9 particuli\u00e8rement frapp\u00e9 par les lignes \u00e9lanc\u00e9es et \u00e9l\u00e9gantes de la construction.<\/span><\/p>\n<p><span style=\"font-weight: 400;\">Le chercheur \u00e9tait un particulier intens\u00e9ment priv\u00e9, rarement vu par les habitants de San Remo. Il pr\u00e9f\u00e9rait passer ses journ\u00e9es dans ses livres, m\u00eame si ses \u00e9tudes \u00e9taient souvent interrompues par les fr\u00e9quentes crises caus\u00e9es par sa maladie.<\/span><\/p>\n<p>&nbsp;[\/et_pb_text][et_pb_text admin_label=\u00a0\u00bbText\u00a0\u00bb _builder_version=\u00a0\u00bb4.17.4&Prime; background_size=\u00a0\u00bbinitial\u00a0\u00bb background_position=\u00a0\u00bbtop_left\u00a0\u00bb background_repeat=\u00a0\u00bbrepeat\u00a0\u00bb hover_enabled=\u00a0\u00bb0&Prime; global_colors_info=\u00a0\u00bb{}\u00a0\u00bb sticky_enabled=\u00a0\u00bb0&Prime;]<link rel='stylesheet' id='osm-ol3-css-css' href='https:\/\/sanremoguide.it\/wp-content\/plugins\/osm\/js\/OL\/10.9.0\/ol.css?ver=6.9.4' type='text\/css' media='all' \/>\n<link rel='stylesheet' id='osm-ol3-ext-css-css' href='https:\/\/sanremoguide.it\/wp-content\/plugins\/osm\/css\/osm_map_v3.css?ver=6.9.4' type='text\/css' media='all' \/>\n<link rel='stylesheet' id='osm-map-css-css' href='https:\/\/sanremoguide.it\/wp-content\/plugins\/osm\/css\/osm_map.css?ver=6.9.4' type='text\/css' media='all' \/>\n<script type=\"text\/javascript\" src=\"https:\/\/sanremoguide.it\/wp-includes\/js\/dist\/vendor\/wp-polyfill.min.js?ver=3.15.0\" id=\"wp-polyfill-js\"><\/script>\n<script type=\"text\/javascript\" src=\"https:\/\/sanremoguide.it\/wp-content\/plugins\/osm\/js\/OL\/10.9.0\/ol.js?ver=10.9.0\" id=\"osm-ol3-library-js\"><\/script>\n<script type=\"text\/javascript\" src=\"https:\/\/sanremoguide.it\/wp-content\/plugins\/osm\/js\/osm-v3-plugin-lib.js?ver=1.0.0\" id=\"osm-ol3-ext-library-js\"><\/script>\n<script type=\"text\/javascript\" src=\"https:\/\/sanremoguide.it\/wp-content\/plugins\/osm\/js\/osm-metabox-events.js?ver=1.0.0\" id=\"osm-ol3-metabox-events-js\"><\/script>\n<script type=\"text\/javascript\" src=\"https:\/\/sanremoguide.it\/wp-includes\/js\/jquery\/jquery.min.js?ver=3.7.1\" id=\"jquery-core-js\"><\/script>\n<script type=\"text\/javascript\" src=\"https:\/\/sanremoguide.it\/wp-includes\/js\/jquery\/jquery-migrate.min.js?ver=3.4.1\" id=\"jquery-migrate-js\"><\/script>\n<script type=\"text\/javascript\" id=\"osm-map-startup-js-extra\">\n\/* <![CDATA[ *\/\nvar translations = {\"openlayer\":\"open layer\",\"openlayerAtStartup\":\"open layer at startup\",\"generateLink\":\"link to this map with opened layers\",\"shortDescription\":\"short description\",\"generatedShortCode\":\"to get a text control link paste this code in your wordpress editor\",\"closeLayer\":\"close layer\",\"cantGenerateLink\":\"put this string in the existing map short code to control this map\"};\n\/\/# sourceURL=osm-map-startup-js-extra\n\/* ]]> *\/\n<\/script>\n<script type=\"text\/javascript\" src=\"https:\/\/sanremoguide.it\/wp-content\/plugins\/osm\/js\/osm-startup-lib.js?ver=V6.2.5\" id=\"osm-map-startup-js\"><\/script>\n\n        <div id=\"map_ol3js_1\"\n       class=\"osm-map-container undefined\"\n             data-map_name=\"undefined\"\n             data-map=\"map_ol3js_1\"\n             data-autoshow=\"no\"\n             style=\"width:100%;\n                    max-width:100%;\n                    height:450px;\n                    display:block;\n                    overflow:hidden;\n                    border:2px solid grey;\n                    position: relative;\">\n          <div id=\"map_ol3js_1_popup\" class=\"ol-popup\">\n            <a href=\"#\" id=\"map_ol3js_1_popup-closer\" class=\"ol-popup-closer\"><\/a>\n            <div id=\"map_ol3js_1_popup-content\"><\/div>\n          <\/div>\n        <\/div>\n    <script type=\"text\/javascript\">\n\t\t\t  vectorM['map_ol3js_1'] = [];\n\t        \n        var raster = getTileLayer(\"osm\",\"NoKey\");\t\t\t\n\n\t\t\t  var map_ol3js_1 = new ol.Map({\n\t\t\t\tinteractions: ol.interaction.defaults.defaults({mouseWheelZoom:false}),\n\t\t\t\tlayers: [raster],\n\t\t\t\ttarget: \"map_ol3js_1\",\n\t\t\t\tview: new ol.View({\n\t\t\t\t  center: ol.proj.transform([6.378,58.213], \"EPSG:4326\", \"EPSG:3857\"),\n\t\t\t\t  zoom: 9\n\t\t\t\t})\n\t\t\t  });\n\t\t\t  \n    var style_map_ol3js_1_0 = {\n      \"Point\": [new ol.style.Style({\n\n          image: new ol.style.Icon({\n            anchor: [0.5, 41],\n            anchorXUnits: \"fraction\",\n            anchorYUnits: \"pixels\",\n            opacity: 0.75,\n            src: \"https:\/\/sanremoguide.it\/wp-content\/plugins\/osm\/icons\/mic_blue_pinother_02.png\"\n          })\n      })],\n\n      \"LineString\": [new ol.style.Style({\n        stroke: new ol.style.Stroke({\n          color: \"none\",\n          width: 8\n        })\n      })],\n      \"MultiLineString\": [new ol.style.Style({\n        stroke: new ol.style.Stroke({\n          color: \"none\",\n          width: 4\n        })\n      })]\n    };\n\t\t  vectorL0 = new ol.layer.Vector({\n\n\t\t\tsource: new ol.source.Vector({\n\t\t  url:\"https:\/\/www.sanremoguide.it\/uploads\/kml\/maps-villa-nobel.kml\",\n\t\t\t  format: new ol.format.KML({ showPointNames: false})\n\t\t\t}),\n         zIndex: 92\n\t\t  });map_ol3js_1.addLayer(vectorL0);\n      var extension1 = ol.extent.createEmpty();\n      var curZoom1 = map_ol3js_1.getView().getZoom();\n\n      map_ol3js_1.getLayers().forEach(function(layer){\n         if(!layer.get(\"id\")) {     \n            layer.once(\"change\", function(e){\n               ol.extent.extend(extension1, (layer.getSource().getExtent()));\n               map_ol3js_1.getView().fit(extension1, {padding: [50, 50, 50, 50]});\n            });\n         }\n      });\n\n    \naddControls2Map(map_ol3js_1,0,0,3,0,5,6,7,0,1);\nosm_addPopupClickhandler(map_ol3js_1,  \"map_ol3js_1\"); \nosm_addMouseHover(map_ol3js_1); <\/script>[\/et_pb_text][\/et_pb_column][\/et_pb_row][\/et_pb_section][et_pb_section fb_built=\u00a0\u00bb1&Prime; fullwidth=\u00a0\u00bbon\u00a0\u00bb _builder_version=\u00a0\u00bb4.17.4&Prime; _module_preset=\u00a0\u00bbdefault\u00a0\u00bb global_module=\u00a0\u00bb12524&Prime; saved_tabs=\u00a0\u00bball\u00a0\u00bb locked=\u00a0\u00bboff\u00a0\u00bb collapsed=\u00a0\u00bboff\u00a0\u00bb global_colors_info=\u00a0\u00bb{}\u00a0\u00bb][et_pb_fullwidth_slider _builder_version=\u00a0\u00bb4.17.4&Prime; _module_preset=\u00a0\u00bbdefault\u00a0\u00bb global_colors_info=\u00a0\u00bb{}\u00a0\u00bb][et_pb_slide heading=\u00a0\u00bbEXCURSIONS ET EXP\u00c9RIENCES D&rsquo;UNE JOURN\u00c9E \u00c0 SANREMO ET RIVIERA\u00a0\u00bb button_text=\u00a0\u00bbDEMANDER LE CATALOGUE\u00a0\u00bb button_link=\u00a0\u00bbhttps:\/\/sanremoguide.it\/contact\u00a0\u00bb image=\u00a0\u00bbhttps:\/\/sanremoguide.it\/wp-content\/uploads\/2022\/06\/itouriviera.png\u00a0\u00bb _builder_version=\u00a0\u00bb4.17.4&Prime; _module_preset=\u00a0\u00bbdefault\u00a0\u00bb background_image=\u00a0\u00bbhttps:\/\/sanremoguide.it\/wp-content\/uploads\/2018\/07\/luca-lombardi-sanremo_bn.jpg\u00a0\u00bb background_enable_image=\u00a0\u00bbon\u00a0\u00bb custom_button=\u00a0\u00bbon\u00a0\u00bb button_bg_color=\u00a0\u00bb#E09900&Prime; button_border_width=\u00a0\u00bb1px\u00a0\u00bb button_border_color=\u00a0\u00bb#FFFFFF\u00a0\u00bb global_colors_info=\u00a0\u00bb{}\u00a0\u00bb sticky_transition=\u00a0\u00bbon\u00a0\u00bb][\/et_pb_slide][\/et_pb_fullwidth_slider][\/et_pb_section]<\/p>\n","protected":false},"excerpt":{"rendered":"<p>Le long du Corso Cavallotti est villa Nobel, un b\u00e2timent maure du XVIIIe si\u00e8cle typiquement d\u00e9cor\u00e9 dans le style de la Renaissance v\u00e9nitienne. La Villa Nobel, construite en 1874 et restaur\u00e9e en 1892, est situ\u00e9e au milieu d&rsquo;un magnifique parc et appartient au district d&rsquo;Imperia, qui a subventionn\u00e9 en 1993 sa restauration actuelle. La villa [&hellip;]<\/p>\n","protected":false},"author":1,"featured_media":0,"parent":9649,"menu_order":0,"comment_status":"closed","ping_status":"closed","template":"","meta":{"_et_pb_use_builder":"on","_et_pb_old_content":"<span style=\"font-weight: 400;\">Le long du Corso Cavallotti est <\/span><b>villa Nobel<\/b><span style=\"font-weight: 400;\">, un b\u00e2timent maure du XVIIIe si\u00e8cle typiquement d\u00e9cor\u00e9 dans le style de la Renaissance v\u00e9nitienne.<\/span><span style=\"font-weight: 400;\">\r\n<\/span>\r\n\r\n<img class=\"aligncenter\" src=\"https:\/\/www.sanremoguide.it\/uploads\/SanRemo_VillaNobel_facciata_350x200.jpg\" alt=\"Una veduta della Villa Nobel a Sanremo - Foto APT RdF\" \/>\r\n\r\n<span style=\"font-weight: 400;\">La Villa Nobel, construite en 1874 et restaur\u00e9e en 1892, est situ\u00e9e au milieu d'un magnifique parc et appartient au district d'Imperia, qui a subventionn\u00e9 en 1993 sa restauration actuelle. La villa doit son nom au c\u00e9l\u00e8bre scientifique su\u00e9dois et inventeur de la dynamite, Alfred Nobel. Apr\u00e8s l'avoir habit\u00e9 pendant 6 ans (de 1890 \u00e0 1896), il l'a d\u00e9fini comme \"mon nid\".<\/span>\r\n\r\n<span style=\"font-weight: 400;\">Dans cette maison, Nobel a travaill\u00e9 sur plusieurs de ses brevets et a r\u00e9dig\u00e9 le fameux testament, selon lequel un prix, qu\u2019il soit \u00e9thique, moral ou \u00e9conomique, devrait \u00eatre d\u00e9cern\u00e9 \u00e0 toute personne qui contribue au bien-\u00eatre humain, connu sous le nom de prix Nobel.<\/span>\r\n\r\n<span style=\"font-weight: 400;\">Le parc autour de la maison, qui s'\u00e9tendait jadis jusqu'\u00e0 la mer, comprend plusieurs esp\u00e8ces d'arbres rares, parmi lesquelles le grand \u00abCupressus macrocarpa\u00bb, une esp\u00e8ce californienne. A sa base se trouve un canon Bofors, datant de 1883, que Nobel a utilis\u00e9 lors de ses exp\u00e9riences sur la port\u00e9e des armes. L'int\u00e9rieur de la Villa Nobel est d\u00e9velopp\u00e9 sur trois \u00e9tages. Dans le sous-sol se trouve le laboratoire de Nobel contenant des images donnant une description historique et technique des principales exp\u00e9riences. Le rez-de-chauss\u00e9e abrite une salle de conf\u00e9rence d\u00e9cor\u00e9e de fresques pomp\u00e9iennes. Le studio du scientifique est au premier \u00e9tage.<\/span>\r\n\r\n<span style=\"font-weight: 400;\">\u00c0 San Remo, mais particuli\u00e8rement dans cette villa, Nobel a trouv\u00e9 l\u2019atmosph\u00e8re id\u00e9ale pour l\u2019\u00e9tude et la recherche.<\/span>\r\n\r\n<span style=\"font-weight: 400;\">Il vint pour la premi\u00e8re fois \u00e0 San Remo en 1890, mais le notaire Balestrieri le convainc de signer le contrat d\u2019achat de la Villa Patrone jusqu\u2019au 25 avril 1891.<\/span>\r\n\r\n<span style=\"font-weight: 400;\">Outre le respect manifeste des r\u00e8gles artistiques qui dominent l'architecture du b\u00e2timent, les jardins et les puits bien structur\u00e9s, le scientifique a \u00e9t\u00e9 particuli\u00e8rement frapp\u00e9 par les lignes \u00e9lanc\u00e9es et \u00e9l\u00e9gantes de la construction.<\/span>\r\n\r\n<span style=\"font-weight: 400;\">Le chercheur \u00e9tait un particulier intens\u00e9ment priv\u00e9, rarement vu par les habitants de San Remo. Il pr\u00e9f\u00e9rait passer ses journ\u00e9es dans ses livres, m\u00eame si ses \u00e9tudes \u00e9taient souvent interrompues par les fr\u00e9quentes crises caus\u00e9es par sa maladie.<\/span>\r\n\r\n\u00a0","_et_gb_content_width":"","footnotes":""},"class_list":["post-9650","page","type-page","status-publish","hentry"],"yoast_head":"<!-- This site is optimized with the Yoast SEO plugin v27.4 - https:\/\/yoast.com\/product\/yoast-seo-wordpress\/ -->\n<title>Villas et jardins : Villa Nobel Sanremo<\/title>\n<meta name=\"description\" content=\"La Villa Nobel Sanremo est l&#039;une des plus belles villas et jardins de la Riviera dei Fiori, entour\u00e9e d&#039;un immense parc.\" \/>\n<meta name=\"robots\" content=\"index, follow, max-snippet:-1, max-image-preview:large, max-video-preview:-1\" \/>\n<link rel=\"canonical\" href=\"https:\/\/sanremoguide.it\/fr\/la-ville-de-sanremo\/villas-et-jardins\/villa-nobel\/\" \/>\n<meta property=\"og:locale\" content=\"fr_FR\" \/>\n<meta property=\"og:type\" content=\"article\" \/>\n<meta property=\"og:title\" content=\"Villas et jardins : Villa Nobel Sanremo\" \/>\n<meta property=\"og:description\" content=\"La Villa Nobel Sanremo est l&#039;une des plus belles villas et jardins de la Riviera dei Fiori, entour\u00e9e d&#039;un immense parc.\" \/>\n<meta property=\"og:url\" content=\"https:\/\/sanremoguide.it\/fr\/la-ville-de-sanremo\/villas-et-jardins\/villa-nobel\/\" \/>\n<meta property=\"og:site_name\" content=\"SANREMO GUIDE | la guida turistica di Sanremo\" \/>\n<meta property=\"article:modified_time\" content=\"2022-06-21T16:27:29+00:00\" \/>\n<meta property=\"og:image\" content=\"https:\/\/www.sanremoguide.it\/uploads\/SanRemo_VillaNobel_facciata_350x200.jpg\" \/>\n<meta name=\"twitter:label1\" content=\"Dur\u00e9e de lecture estim\u00e9e\" \/>\n\t<meta name=\"twitter:data1\" content=\"4 minutes\" \/>\n<script type=\"application\/ld+json\" class=\"yoast-schema-graph\">{\"@context\":\"https:\\\/\\\/schema.org\",\"@graph\":[{\"@type\":\"WebPage\",\"@id\":\"https:\\\/\\\/sanremoguide.it\\\/fr\\\/la-ville-de-sanremo\\\/villas-et-jardins\\\/villa-nobel\\\/\",\"url\":\"https:\\\/\\\/sanremoguide.it\\\/fr\\\/la-ville-de-sanremo\\\/villas-et-jardins\\\/villa-nobel\\\/\",\"name\":\"Villas et jardins : Villa Nobel Sanremo\",\"isPartOf\":{\"@id\":\"https:\\\/\\\/sanremoguide.it\\\/#website\"},\"primaryImageOfPage\":{\"@id\":\"https:\\\/\\\/sanremoguide.it\\\/fr\\\/la-ville-de-sanremo\\\/villas-et-jardins\\\/villa-nobel\\\/#primaryimage\"},\"image\":{\"@id\":\"https:\\\/\\\/sanremoguide.it\\\/fr\\\/la-ville-de-sanremo\\\/villas-et-jardins\\\/villa-nobel\\\/#primaryimage\"},\"thumbnailUrl\":\"https:\\\/\\\/www.sanremoguide.it\\\/uploads\\\/SanRemo_VillaNobel_facciata_350x200.jpg\",\"datePublished\":\"2022-05-03T10:52:53+00:00\",\"dateModified\":\"2022-06-21T16:27:29+00:00\",\"description\":\"La Villa Nobel Sanremo est l'une des plus belles villas et jardins de la Riviera dei Fiori, entour\u00e9e d'un immense parc.\",\"breadcrumb\":{\"@id\":\"https:\\\/\\\/sanremoguide.it\\\/fr\\\/la-ville-de-sanremo\\\/villas-et-jardins\\\/villa-nobel\\\/#breadcrumb\"},\"inLanguage\":\"fr-FR\",\"potentialAction\":[{\"@type\":\"ReadAction\",\"target\":[\"https:\\\/\\\/sanremoguide.it\\\/fr\\\/la-ville-de-sanremo\\\/villas-et-jardins\\\/villa-nobel\\\/\"]}]},{\"@type\":\"ImageObject\",\"inLanguage\":\"fr-FR\",\"@id\":\"https:\\\/\\\/sanremoguide.it\\\/fr\\\/la-ville-de-sanremo\\\/villas-et-jardins\\\/villa-nobel\\\/#primaryimage\",\"url\":\"https:\\\/\\\/www.sanremoguide.it\\\/uploads\\\/SanRemo_VillaNobel_facciata_350x200.jpg\",\"contentUrl\":\"https:\\\/\\\/www.sanremoguide.it\\\/uploads\\\/SanRemo_VillaNobel_facciata_350x200.jpg\"},{\"@type\":\"BreadcrumbList\",\"@id\":\"https:\\\/\\\/sanremoguide.it\\\/fr\\\/la-ville-de-sanremo\\\/villas-et-jardins\\\/villa-nobel\\\/#breadcrumb\",\"itemListElement\":[{\"@type\":\"ListItem\",\"position\":1,\"name\":\"Home\",\"item\":\"https:\\\/\\\/sanremoguide.it\\\/\"},{\"@type\":\"ListItem\",\"position\":2,\"name\":\"LA VILLE DE SANREMO\",\"item\":\"https:\\\/\\\/sanremoguide.it\\\/fr\\\/la-ville-de-sanremo\\\/\"},{\"@type\":\"ListItem\",\"position\":3,\"name\":\"Villas et Jardins\",\"item\":\"https:\\\/\\\/sanremoguide.it\\\/fr\\\/la-ville-de-sanremo\\\/villas-et-jardins\\\/\"},{\"@type\":\"ListItem\",\"position\":4,\"name\":\"Villa Nobel\"}]},{\"@type\":\"WebSite\",\"@id\":\"https:\\\/\\\/sanremoguide.it\\\/#website\",\"url\":\"https:\\\/\\\/sanremoguide.it\\\/\",\"name\":\"SANREMO GUIDE | la guida turistica di Sanremo\",\"description\":\"la guida turistica della citt\u00e0 di Sanremo\",\"potentialAction\":[{\"@type\":\"SearchAction\",\"target\":{\"@type\":\"EntryPoint\",\"urlTemplate\":\"https:\\\/\\\/sanremoguide.it\\\/?s={search_term_string}\"},\"query-input\":{\"@type\":\"PropertyValueSpecification\",\"valueRequired\":true,\"valueName\":\"search_term_string\"}}],\"inLanguage\":\"fr-FR\"}]}<\/script>\n<!-- \/ Yoast SEO plugin. -->","yoast_head_json":{"title":"Villas et jardins : Villa Nobel Sanremo","description":"La Villa Nobel Sanremo est l'une des plus belles villas et jardins de la Riviera dei Fiori, entour\u00e9e d'un immense parc.","robots":{"index":"index","follow":"follow","max-snippet":"max-snippet:-1","max-image-preview":"max-image-preview:large","max-video-preview":"max-video-preview:-1"},"canonical":"https:\/\/sanremoguide.it\/fr\/la-ville-de-sanremo\/villas-et-jardins\/villa-nobel\/","og_locale":"fr_FR","og_type":"article","og_title":"Villas et jardins : Villa Nobel Sanremo","og_description":"La Villa Nobel Sanremo est l'une des plus belles villas et jardins de la Riviera dei Fiori, entour\u00e9e d'un immense parc.","og_url":"https:\/\/sanremoguide.it\/fr\/la-ville-de-sanremo\/villas-et-jardins\/villa-nobel\/","og_site_name":"SANREMO GUIDE | la guida turistica di Sanremo","article_modified_time":"2022-06-21T16:27:29+00:00","og_image":[{"url":"https:\/\/www.sanremoguide.it\/uploads\/SanRemo_VillaNobel_facciata_350x200.jpg","type":"","width":"","height":""}],"twitter_misc":{"Dur\u00e9e de lecture estim\u00e9e":"4 minutes"},"schema":{"@context":"https:\/\/schema.org","@graph":[{"@type":"WebPage","@id":"https:\/\/sanremoguide.it\/fr\/la-ville-de-sanremo\/villas-et-jardins\/villa-nobel\/","url":"https:\/\/sanremoguide.it\/fr\/la-ville-de-sanremo\/villas-et-jardins\/villa-nobel\/","name":"Villas et jardins : Villa Nobel Sanremo","isPartOf":{"@id":"https:\/\/sanremoguide.it\/#website"},"primaryImageOfPage":{"@id":"https:\/\/sanremoguide.it\/fr\/la-ville-de-sanremo\/villas-et-jardins\/villa-nobel\/#primaryimage"},"image":{"@id":"https:\/\/sanremoguide.it\/fr\/la-ville-de-sanremo\/villas-et-jardins\/villa-nobel\/#primaryimage"},"thumbnailUrl":"https:\/\/www.sanremoguide.it\/uploads\/SanRemo_VillaNobel_facciata_350x200.jpg","datePublished":"2022-05-03T10:52:53+00:00","dateModified":"2022-06-21T16:27:29+00:00","description":"La Villa Nobel Sanremo est l'une des plus belles villas et jardins de la Riviera dei Fiori, entour\u00e9e d'un immense parc.","breadcrumb":{"@id":"https:\/\/sanremoguide.it\/fr\/la-ville-de-sanremo\/villas-et-jardins\/villa-nobel\/#breadcrumb"},"inLanguage":"fr-FR","potentialAction":[{"@type":"ReadAction","target":["https:\/\/sanremoguide.it\/fr\/la-ville-de-sanremo\/villas-et-jardins\/villa-nobel\/"]}]},{"@type":"ImageObject","inLanguage":"fr-FR","@id":"https:\/\/sanremoguide.it\/fr\/la-ville-de-sanremo\/villas-et-jardins\/villa-nobel\/#primaryimage","url":"https:\/\/www.sanremoguide.it\/uploads\/SanRemo_VillaNobel_facciata_350x200.jpg","contentUrl":"https:\/\/www.sanremoguide.it\/uploads\/SanRemo_VillaNobel_facciata_350x200.jpg"},{"@type":"BreadcrumbList","@id":"https:\/\/sanremoguide.it\/fr\/la-ville-de-sanremo\/villas-et-jardins\/villa-nobel\/#breadcrumb","itemListElement":[{"@type":"ListItem","position":1,"name":"Home","item":"https:\/\/sanremoguide.it\/"},{"@type":"ListItem","position":2,"name":"LA VILLE DE SANREMO","item":"https:\/\/sanremoguide.it\/fr\/la-ville-de-sanremo\/"},{"@type":"ListItem","position":3,"name":"Villas et Jardins","item":"https:\/\/sanremoguide.it\/fr\/la-ville-de-sanremo\/villas-et-jardins\/"},{"@type":"ListItem","position":4,"name":"Villa Nobel"}]},{"@type":"WebSite","@id":"https:\/\/sanremoguide.it\/#website","url":"https:\/\/sanremoguide.it\/","name":"SANREMO GUIDE | la guida turistica di Sanremo","description":"la guida turistica della citt\u00e0 di Sanremo","potentialAction":[{"@type":"SearchAction","target":{"@type":"EntryPoint","urlTemplate":"https:\/\/sanremoguide.it\/?s={search_term_string}"},"query-input":{"@type":"PropertyValueSpecification","valueRequired":true,"valueName":"search_term_string"}}],"inLanguage":"fr-FR"}]}},"_links":{"self":[{"href":"https:\/\/sanremoguide.it\/fr\/wp-json\/wp\/v2\/pages\/9650","targetHints":{"allow":["GET"]}}],"collection":[{"href":"https:\/\/sanremoguide.it\/fr\/wp-json\/wp\/v2\/pages"}],"about":[{"href":"https:\/\/sanremoguide.it\/fr\/wp-json\/wp\/v2\/types\/page"}],"author":[{"embeddable":true,"href":"https:\/\/sanremoguide.it\/fr\/wp-json\/wp\/v2\/users\/1"}],"replies":[{"embeddable":true,"href":"https:\/\/sanremoguide.it\/fr\/wp-json\/wp\/v2\/comments?post=9650"}],"version-history":[{"count":4,"href":"https:\/\/sanremoguide.it\/fr\/wp-json\/wp\/v2\/pages\/9650\/revisions"}],"predecessor-version":[{"id":13681,"href":"https:\/\/sanremoguide.it\/fr\/wp-json\/wp\/v2\/pages\/9650\/revisions\/13681"}],"up":[{"embeddable":true,"href":"https:\/\/sanremoguide.it\/fr\/wp-json\/wp\/v2\/pages\/9649"}],"wp:attachment":[{"href":"https:\/\/sanremoguide.it\/fr\/wp-json\/wp\/v2\/media?parent=9650"}],"curies":[{"name":"wp","href":"https:\/\/api.w.org\/{rel}","templated":true}]}}