{"id":9653,"date":"2022-05-03T10:58:01","date_gmt":"2022-05-03T10:58:01","guid":{"rendered":"https:\/\/sanremoguide.it\/evenements-san-remo\/"},"modified":"2022-06-17T16:24:01","modified_gmt":"2022-06-17T16:24:01","slug":"evenements-san-remo","status":"publish","type":"page","link":"https:\/\/sanremoguide.it\/fr\/evenements-san-remo\/","title":{"rendered":"Ev\u00e8nements San Remo"},"content":{"rendered":"<p>[et_pb_section fb_built=\u00a0\u00bb1&Prime; fullwidth=\u00a0\u00bbon\u00a0\u00bb _builder_version=\u00a0\u00bb4.17.4&Prime; _module_preset=\u00a0\u00bbdefault\u00a0\u00bb locked=\u00a0\u00bboff\u00a0\u00bb global_colors_info=\u00a0\u00bb{}\u00a0\u00bb][et_pb_fullwidth_slider _builder_version=\u00a0\u00bb4.17.4&Prime; _module_preset=\u00a0\u00bbdefault\u00a0\u00bb background_image=\u00a0\u00bbhttps:\/\/sanremoguide.it\/wp-content\/uploads\/2018\/09\/Luca_Lombardi_Sanremo_La_Primavera.jpg\u00a0\u00bb global_colors_info=\u00a0\u00bb{}\u00a0\u00bb][et_pb_slide heading=\u00a0\u00bbEv\u00e8nements San Remo\u00a0\u00bb _builder_version=\u00a0\u00bb4.17.4&Prime; _module_preset=\u00a0\u00bbdefault\u00a0\u00bb custom_button=\u00a0\u00bbon\u00a0\u00bb button_text_color=\u00a0\u00bb#256b00&Prime; button_bg_color=\u00a0\u00bb#f2b500&Prime; button_border_color=\u00a0\u00bb#FFFFFF\u00a0\u00bb button_icon=\u00a0\u00bb&#x41;||divi||400&Prime; text_orientation=\u00a0\u00bbcenter\u00a0\u00bb background_layout=\u00a0\u00bblight\u00a0\u00bb box_shadow_style_button=\u00a0\u00bbpreset1&Prime; text_shadow_style=\u00a0\u00bbpreset3&Prime; global_colors_info=\u00a0\u00bb{}\u00a0\u00bb sticky_transition=\u00a0\u00bbon\u00a0\u00bb][\/et_pb_slide][\/et_pb_fullwidth_slider][\/et_pb_section][et_pb_section fb_built=\u00a0\u00bb1&Prime; admin_label=\u00a0\u00bbsection\u00a0\u00bb _builder_version=\u00a0\u00bb4.16&Prime; global_colors_info=\u00a0\u00bb{}\u00a0\u00bb][et_pb_row admin_label=\u00a0\u00bbrow\u00a0\u00bb _builder_version=\u00a0\u00bb4.16&Prime; background_size=\u00a0\u00bbinitial\u00a0\u00bb background_position=\u00a0\u00bbtop_left\u00a0\u00bb background_repeat=\u00a0\u00bbrepeat\u00a0\u00bb global_colors_info=\u00a0\u00bb{}\u00a0\u00bb][et_pb_column type=\u00a0\u00bb4_4&Prime; _builder_version=\u00a0\u00bb4.16&Prime; custom_padding=\u00a0\u00bb|||\u00a0\u00bb global_colors_info=\u00a0\u00bb{}\u00a0\u00bb custom_padding__hover=\u00a0\u00bb|||\u00a0\u00bb][et_pb_text admin_label=\u00a0\u00bbText\u00a0\u00bb _builder_version=\u00a0\u00bb4.16&Prime; background_size=\u00a0\u00bbinitial\u00a0\u00bb background_position=\u00a0\u00bbtop_left\u00a0\u00bb background_repeat=\u00a0\u00bbrepeat\u00a0\u00bb global_colors_info=\u00a0\u00bb{}\u00a0\u00bb]<span style=\"font-weight: 400;\">San Remo est une ville qui reste active toute l&rsquo;ann\u00e9e. Vivre \u00e0 San Remo signifie profiter d\u2019une longue liste d\u2019\u00e9v\u00e9nements et de spectacles divertissants, tels que le <\/span><b>Festival de la chanson<\/b><span style=\"font-weight: 400;\">, <\/span><b>Corso Fiorito<\/b><span style=\"font-weight: 400;\">, la <\/span><b>Course de voiture<\/b><span style=\"font-weight: 400;\">, et la<\/span><b>\u00a0Course cycliste Milano-San Remo<\/b><span style=\"font-weight: 400;\">.<\/span><\/p>\n<p><img decoding=\"async\" class=\"aligncenter\" src=\"https:\/\/www.sanremoguide.it\/uploads\/SanRemo_festival2004_350x200.jpg\" alt=\"eventi sanremo - La scenografia del Festival di Sanremo 2004 - Immagine RAI\" \/><\/p>\n<p><span style=\"font-weight: 400;\">Ces \u00e9v\u00e9nements se d\u00e9roulent dans le merveilleux cadre de San Remo, une ville qui se pare pour chaque occasion de lumi\u00e8res vives, de couleurs et de ses c\u00e9l\u00e8bres fleurs magnifiques, offrant ainsi une toile de fond \u00e0 couper le souffle avec des vues magnifiques et color\u00e9es sous les rayons du soleil. et merveilleusement peint par la lueur du soleil couchant.<\/span><\/p>\n<p><span style=\"font-weight: 400;\">Pourquoi ne pas venir \u00e0 San Remo pour de bonnes raisons? Par exemple, si vous aimez les chars et les fleurs, ne manquez pas le d\u00e9fil\u00e9 Corso Fiorito o\u00f9 vous pourrez voir une multitude de belles fleurs. Si vous aimez la musique, alors le <\/span><b>Prix Tenco <\/b><span style=\"font-weight: 400;\">La comp\u00e9tition vous attendra. Les amateurs de sport ont \u00e9galement de nombreuses options dans diverses disciplines.<\/span><\/p>\n<p><span style=\"font-weight: 400;\">Les \u00e9v\u00e9nements de San Remo sont suffisamment diversifi\u00e9s pour attirer et satisfaire un large public. Que ce soit en \u00e9t\u00e9 ou pendant la p\u00e9riode de No\u00ebl, il y a toujours des \u00e9v\u00e9nements et des animations sp\u00e9ciales, y compris des \u00e9v\u00e9nements pour enfants &#8211; avec par exemple des clowns et des jongleurs.<\/span><\/p>\n<p><span style=\"font-weight: 400;\">Depuis les rues du centre-ville, du port ou sur les collines voisines, la Ville des Fleurs offre des moments de divertissement vivants et est pr\u00eate \u00e0 \u00e9merveiller ses visiteurs avec une multitude <\/span>[\/et_pb_text][\/et_pb_column][\/et_pb_row][\/et_pb_section][et_pb_section fb_built=\u00a0\u00bb1&Prime; fullwidth=\u00a0\u00bbon\u00a0\u00bb _builder_version=\u00a0\u00bb4.17.4&Prime; _module_preset=\u00a0\u00bbdefault\u00a0\u00bb global_module=\u00a0\u00bb12524&Prime; saved_tabs=\u00a0\u00bball\u00a0\u00bb locked=\u00a0\u00bboff\u00a0\u00bb collapsed=\u00a0\u00bboff\u00a0\u00bb global_colors_info=\u00a0\u00bb{}\u00a0\u00bb][et_pb_fullwidth_slider _builder_version=\u00a0\u00bb4.17.4&Prime; _module_preset=\u00a0\u00bbdefault\u00a0\u00bb global_colors_info=\u00a0\u00bb{}\u00a0\u00bb][et_pb_slide heading=\u00a0\u00bbESCURSIONI ED EXPERIENCE A SANREMO E IN RIVIERA\u00a0\u00bb button_text=\u00a0\u00bbRICHIEDI IL CATALOGO\u00a0\u00bb button_link=\u00a0\u00bbhttps:\/\/sanremoguide.it\/contatti\u00a0\u00bb image=\u00a0\u00bbhttps:\/\/sanremoguide.it\/wp-content\/uploads\/2022\/06\/itouriviera.png\u00a0\u00bb _builder_version=\u00a0\u00bb4.17.4&Prime; _module_preset=\u00a0\u00bbdefault\u00a0\u00bb background_image=\u00a0\u00bbhttps:\/\/sanremoguide.it\/wp-content\/uploads\/2018\/07\/luca-lombardi-sanremo_bn.jpg\u00a0\u00bb background_enable_image=\u00a0\u00bbon\u00a0\u00bb custom_button=\u00a0\u00bbon\u00a0\u00bb button_bg_color=\u00a0\u00bb#E09900&Prime; button_border_width=\u00a0\u00bb1px\u00a0\u00bb button_border_color=\u00a0\u00bb#FFFFFF\u00a0\u00bb global_colors_info=\u00a0\u00bb{}\u00a0\u00bb sticky_transition=\u00a0\u00bbon\u00a0\u00bb][\/et_pb_slide][\/et_pb_fullwidth_slider][\/et_pb_section]<\/p>\n","protected":false},"excerpt":{"rendered":"<p>San Remo est une ville qui reste active toute l&rsquo;ann\u00e9e. Vivre \u00e0 San Remo signifie profiter d\u2019une longue liste d\u2019\u00e9v\u00e9nements et de spectacles divertissants, tels que le Festival de la chanson, Corso Fiorito, la Course de voiture, et la\u00a0Course cycliste Milano-San Remo. Ces \u00e9v\u00e9nements se d\u00e9roulent dans le merveilleux cadre de San Remo, une ville [&hellip;]<\/p>\n","protected":false},"author":1,"featured_media":0,"parent":0,"menu_order":0,"comment_status":"closed","ping_status":"closed","template":"","meta":{"_et_pb_use_builder":"on","_et_pb_old_content":"<span style=\"font-weight: 400;\">San Remo est une ville qui reste active toute l'ann\u00e9e. Vivre \u00e0 San Remo signifie profiter d\u2019une longue liste d\u2019\u00e9v\u00e9nements et de spectacles divertissants, tels que le <\/span><b>Festival de la chanson<\/b><span style=\"font-weight: 400;\">, <\/span><b>Corso Fiorito<\/b><span style=\"font-weight: 400;\">, la <\/span><b>Course de voiture<\/b><span style=\"font-weight: 400;\">, et la<\/span><b>\u00a0Course cycliste Milano-San Remo<\/b><span style=\"font-weight: 400;\">.<\/span>\r\n\r\n<img class=\"aligncenter\" src=\"https:\/\/www.sanremoguide.it\/uploads\/SanRemo_festival2004_350x200.jpg\" alt=\"eventi sanremo - La scenografia del Festival di Sanremo 2004 - Immagine RAI\" \/>\r\n\r\n<span style=\"font-weight: 400;\">Ces \u00e9v\u00e9nements se d\u00e9roulent dans le merveilleux cadre de San Remo, une ville qui se pare pour chaque occasion de lumi\u00e8res vives, de couleurs et de ses c\u00e9l\u00e8bres fleurs magnifiques, offrant ainsi une toile de fond \u00e0 couper le souffle avec des vues magnifiques et color\u00e9es sous les rayons du soleil. et merveilleusement peint par la lueur du soleil couchant.<\/span>\r\n\r\n<span style=\"font-weight: 400;\">Pourquoi ne pas venir \u00e0 San Remo pour de bonnes raisons? Par exemple, si vous aimez les chars et les fleurs, ne manquez pas le d\u00e9fil\u00e9 Corso Fiorito o\u00f9 vous pourrez voir une multitude de belles fleurs. Si vous aimez la musique, alors le <\/span><b>Prix Tenco <\/b><span style=\"font-weight: 400;\">La comp\u00e9tition vous attendra. Les amateurs de sport ont \u00e9galement de nombreuses options dans diverses disciplines.<\/span>\r\n\r\n<span style=\"font-weight: 400;\">Les \u00e9v\u00e9nements de San Remo sont suffisamment diversifi\u00e9s pour attirer et satisfaire un large public. Que ce soit en \u00e9t\u00e9 ou pendant la p\u00e9riode de No\u00ebl, il y a toujours des \u00e9v\u00e9nements et des animations sp\u00e9ciales, y compris des \u00e9v\u00e9nements pour enfants - avec par exemple des clowns et des jongleurs.<\/span>\r\n\r\n<span style=\"font-weight: 400;\">Depuis les rues du centre-ville, du port ou sur les collines voisines, la Ville des Fleurs offre des moments de divertissement vivants et est pr\u00eate \u00e0 \u00e9merveiller ses visiteurs avec une multitude <\/span>","_et_gb_content_width":"","footnotes":""},"class_list":["post-9653","page","type-page","status-publish","hentry"],"yoast_head":"<!-- This site is optimized with the Yoast SEO plugin v27.4 - https:\/\/yoast.com\/product\/yoast-seo-wordpress\/ -->\n<title>\u00c9v\u00e9nements \u00e0 Sanremo - r\u00e9gates, festival, tenco, poker et autres<\/title>\n<meta name=\"description\" content=\"Vous pouvez trouver tous les \u00e9v\u00e9nements les plus importants \u00e0 Sanremo ici. Les \u00e9v\u00e9nements \u00e0 Sanremo, du Festival de Sanremo au Prix Tenco, des R\u00e9gates aux Rallyes. D\u00e9couvrez-les tous !\" \/>\n<meta name=\"robots\" content=\"index, follow, max-snippet:-1, max-image-preview:large, max-video-preview:-1\" \/>\n<link rel=\"canonical\" href=\"https:\/\/sanremoguide.it\/fr\/evenements-san-remo\/\" \/>\n<meta property=\"og:locale\" content=\"fr_FR\" \/>\n<meta property=\"og:type\" content=\"article\" \/>\n<meta property=\"og:title\" content=\"\u00c9v\u00e9nements \u00e0 Sanremo - r\u00e9gates, festival, tenco, poker et autres\" \/>\n<meta property=\"og:description\" content=\"Vous pouvez trouver tous les \u00e9v\u00e9nements les plus importants \u00e0 Sanremo ici. Les \u00e9v\u00e9nements \u00e0 Sanremo, du Festival de Sanremo au Prix Tenco, des R\u00e9gates aux Rallyes. D\u00e9couvrez-les tous !\" \/>\n<meta property=\"og:url\" content=\"https:\/\/sanremoguide.it\/fr\/evenements-san-remo\/\" \/>\n<meta property=\"og:site_name\" content=\"SANREMO GUIDE | la guida turistica di Sanremo\" \/>\n<meta property=\"article:modified_time\" content=\"2022-06-17T16:24:01+00:00\" \/>\n<meta property=\"og:image\" content=\"https:\/\/www.sanremoguide.it\/uploads\/SanRemo_festival2004_350x200.jpg\" \/>\n<meta name=\"twitter:label1\" content=\"Dur\u00e9e de lecture estim\u00e9e\" \/>\n\t<meta name=\"twitter:data1\" content=\"3 minutes\" \/>\n<script type=\"application\/ld+json\" class=\"yoast-schema-graph\">{\"@context\":\"https:\\\/\\\/schema.org\",\"@graph\":[{\"@type\":\"WebPage\",\"@id\":\"https:\\\/\\\/sanremoguide.it\\\/fr\\\/evenements-san-remo\\\/\",\"url\":\"https:\\\/\\\/sanremoguide.it\\\/fr\\\/evenements-san-remo\\\/\",\"name\":\"\u00c9v\u00e9nements \u00e0 Sanremo - r\u00e9gates, festival, tenco, poker et autres\",\"isPartOf\":{\"@id\":\"https:\\\/\\\/sanremoguide.it\\\/#website\"},\"primaryImageOfPage\":{\"@id\":\"https:\\\/\\\/sanremoguide.it\\\/fr\\\/evenements-san-remo\\\/#primaryimage\"},\"image\":{\"@id\":\"https:\\\/\\\/sanremoguide.it\\\/fr\\\/evenements-san-remo\\\/#primaryimage\"},\"thumbnailUrl\":\"https:\\\/\\\/www.sanremoguide.it\\\/uploads\\\/SanRemo_festival2004_350x200.jpg\",\"datePublished\":\"2022-05-03T10:58:01+00:00\",\"dateModified\":\"2022-06-17T16:24:01+00:00\",\"description\":\"Vous pouvez trouver tous les \u00e9v\u00e9nements les plus importants \u00e0 Sanremo ici. Les \u00e9v\u00e9nements \u00e0 Sanremo, du Festival de Sanremo au Prix Tenco, des R\u00e9gates aux Rallyes. D\u00e9couvrez-les tous !\",\"breadcrumb\":{\"@id\":\"https:\\\/\\\/sanremoguide.it\\\/fr\\\/evenements-san-remo\\\/#breadcrumb\"},\"inLanguage\":\"fr-FR\",\"potentialAction\":[{\"@type\":\"ReadAction\",\"target\":[\"https:\\\/\\\/sanremoguide.it\\\/fr\\\/evenements-san-remo\\\/\"]}]},{\"@type\":\"ImageObject\",\"inLanguage\":\"fr-FR\",\"@id\":\"https:\\\/\\\/sanremoguide.it\\\/fr\\\/evenements-san-remo\\\/#primaryimage\",\"url\":\"https:\\\/\\\/www.sanremoguide.it\\\/uploads\\\/SanRemo_festival2004_350x200.jpg\",\"contentUrl\":\"https:\\\/\\\/www.sanremoguide.it\\\/uploads\\\/SanRemo_festival2004_350x200.jpg\"},{\"@type\":\"BreadcrumbList\",\"@id\":\"https:\\\/\\\/sanremoguide.it\\\/fr\\\/evenements-san-remo\\\/#breadcrumb\",\"itemListElement\":[{\"@type\":\"ListItem\",\"position\":1,\"name\":\"Home\",\"item\":\"https:\\\/\\\/sanremoguide.it\\\/\"},{\"@type\":\"ListItem\",\"position\":2,\"name\":\"Ev\u00e8nements San Remo\"}]},{\"@type\":\"WebSite\",\"@id\":\"https:\\\/\\\/sanremoguide.it\\\/#website\",\"url\":\"https:\\\/\\\/sanremoguide.it\\\/\",\"name\":\"SANREMO GUIDE | la guida turistica di Sanremo\",\"description\":\"la guida turistica della citt\u00e0 di Sanremo\",\"potentialAction\":[{\"@type\":\"SearchAction\",\"target\":{\"@type\":\"EntryPoint\",\"urlTemplate\":\"https:\\\/\\\/sanremoguide.it\\\/?s={search_term_string}\"},\"query-input\":{\"@type\":\"PropertyValueSpecification\",\"valueRequired\":true,\"valueName\":\"search_term_string\"}}],\"inLanguage\":\"fr-FR\"}]}<\/script>\n<!-- \/ Yoast SEO plugin. -->","yoast_head_json":{"title":"\u00c9v\u00e9nements \u00e0 Sanremo - r\u00e9gates, festival, tenco, poker et autres","description":"Vous pouvez trouver tous les \u00e9v\u00e9nements les plus importants \u00e0 Sanremo ici. Les \u00e9v\u00e9nements \u00e0 Sanremo, du Festival de Sanremo au Prix Tenco, des R\u00e9gates aux Rallyes. D\u00e9couvrez-les tous !","robots":{"index":"index","follow":"follow","max-snippet":"max-snippet:-1","max-image-preview":"max-image-preview:large","max-video-preview":"max-video-preview:-1"},"canonical":"https:\/\/sanremoguide.it\/fr\/evenements-san-remo\/","og_locale":"fr_FR","og_type":"article","og_title":"\u00c9v\u00e9nements \u00e0 Sanremo - r\u00e9gates, festival, tenco, poker et autres","og_description":"Vous pouvez trouver tous les \u00e9v\u00e9nements les plus importants \u00e0 Sanremo ici. Les \u00e9v\u00e9nements \u00e0 Sanremo, du Festival de Sanremo au Prix Tenco, des R\u00e9gates aux Rallyes. D\u00e9couvrez-les tous !","og_url":"https:\/\/sanremoguide.it\/fr\/evenements-san-remo\/","og_site_name":"SANREMO GUIDE | la guida turistica di Sanremo","article_modified_time":"2022-06-17T16:24:01+00:00","og_image":[{"url":"https:\/\/www.sanremoguide.it\/uploads\/SanRemo_festival2004_350x200.jpg","type":"","width":"","height":""}],"twitter_misc":{"Dur\u00e9e de lecture estim\u00e9e":"3 minutes"},"schema":{"@context":"https:\/\/schema.org","@graph":[{"@type":"WebPage","@id":"https:\/\/sanremoguide.it\/fr\/evenements-san-remo\/","url":"https:\/\/sanremoguide.it\/fr\/evenements-san-remo\/","name":"\u00c9v\u00e9nements \u00e0 Sanremo - r\u00e9gates, festival, tenco, poker et autres","isPartOf":{"@id":"https:\/\/sanremoguide.it\/#website"},"primaryImageOfPage":{"@id":"https:\/\/sanremoguide.it\/fr\/evenements-san-remo\/#primaryimage"},"image":{"@id":"https:\/\/sanremoguide.it\/fr\/evenements-san-remo\/#primaryimage"},"thumbnailUrl":"https:\/\/www.sanremoguide.it\/uploads\/SanRemo_festival2004_350x200.jpg","datePublished":"2022-05-03T10:58:01+00:00","dateModified":"2022-06-17T16:24:01+00:00","description":"Vous pouvez trouver tous les \u00e9v\u00e9nements les plus importants \u00e0 Sanremo ici. Les \u00e9v\u00e9nements \u00e0 Sanremo, du Festival de Sanremo au Prix Tenco, des R\u00e9gates aux Rallyes. D\u00e9couvrez-les tous !","breadcrumb":{"@id":"https:\/\/sanremoguide.it\/fr\/evenements-san-remo\/#breadcrumb"},"inLanguage":"fr-FR","potentialAction":[{"@type":"ReadAction","target":["https:\/\/sanremoguide.it\/fr\/evenements-san-remo\/"]}]},{"@type":"ImageObject","inLanguage":"fr-FR","@id":"https:\/\/sanremoguide.it\/fr\/evenements-san-remo\/#primaryimage","url":"https:\/\/www.sanremoguide.it\/uploads\/SanRemo_festival2004_350x200.jpg","contentUrl":"https:\/\/www.sanremoguide.it\/uploads\/SanRemo_festival2004_350x200.jpg"},{"@type":"BreadcrumbList","@id":"https:\/\/sanremoguide.it\/fr\/evenements-san-remo\/#breadcrumb","itemListElement":[{"@type":"ListItem","position":1,"name":"Home","item":"https:\/\/sanremoguide.it\/"},{"@type":"ListItem","position":2,"name":"Ev\u00e8nements San Remo"}]},{"@type":"WebSite","@id":"https:\/\/sanremoguide.it\/#website","url":"https:\/\/sanremoguide.it\/","name":"SANREMO GUIDE | la guida turistica di Sanremo","description":"la guida turistica della citt\u00e0 di Sanremo","potentialAction":[{"@type":"SearchAction","target":{"@type":"EntryPoint","urlTemplate":"https:\/\/sanremoguide.it\/?s={search_term_string}"},"query-input":{"@type":"PropertyValueSpecification","valueRequired":true,"valueName":"search_term_string"}}],"inLanguage":"fr-FR"}]}},"_links":{"self":[{"href":"https:\/\/sanremoguide.it\/fr\/wp-json\/wp\/v2\/pages\/9653","targetHints":{"allow":["GET"]}}],"collection":[{"href":"https:\/\/sanremoguide.it\/fr\/wp-json\/wp\/v2\/pages"}],"about":[{"href":"https:\/\/sanremoguide.it\/fr\/wp-json\/wp\/v2\/types\/page"}],"author":[{"embeddable":true,"href":"https:\/\/sanremoguide.it\/fr\/wp-json\/wp\/v2\/users\/1"}],"replies":[{"embeddable":true,"href":"https:\/\/sanremoguide.it\/fr\/wp-json\/wp\/v2\/comments?post=9653"}],"version-history":[{"count":2,"href":"https:\/\/sanremoguide.it\/fr\/wp-json\/wp\/v2\/pages\/9653\/revisions"}],"predecessor-version":[{"id":13140,"href":"https:\/\/sanremoguide.it\/fr\/wp-json\/wp\/v2\/pages\/9653\/revisions\/13140"}],"wp:attachment":[{"href":"https:\/\/sanremoguide.it\/fr\/wp-json\/wp\/v2\/media?parent=9653"}],"curies":[{"name":"wp","href":"https:\/\/api.w.org\/{rel}","templated":true}]}}