{"id":9656,"date":"2022-05-03T11:06:54","date_gmt":"2022-05-03T11:06:54","guid":{"rendered":"https:\/\/sanremoguide.it\/evenements-san-remo\/prix-tenco\/"},"modified":"2022-06-17T16:26:14","modified_gmt":"2022-06-17T16:26:14","slug":"prix-tenco","status":"publish","type":"page","link":"https:\/\/sanremoguide.it\/fr\/evenements-san-remo\/prix-tenco\/","title":{"rendered":"Prix Tenco"},"content":{"rendered":"<p>[et_pb_section fb_built=\u00a0\u00bb1&Prime; fullwidth=\u00a0\u00bbon\u00a0\u00bb _builder_version=\u00a0\u00bb4.17.4&Prime; _module_preset=\u00a0\u00bbdefault\u00a0\u00bb locked=\u00a0\u00bboff\u00a0\u00bb global_colors_info=\u00a0\u00bb{}\u00a0\u00bb][et_pb_fullwidth_slider _builder_version=\u00a0\u00bb4.17.4&Prime; _module_preset=\u00a0\u00bbdefault\u00a0\u00bb background_image=\u00a0\u00bbhttps:\/\/sanremoguide.it\/wp-content\/uploads\/2018\/09\/Luca_Lombardi_Sanremo_La_Primavera.jpg\u00a0\u00bb global_colors_info=\u00a0\u00bb{}\u00a0\u00bb][et_pb_slide heading=\u00a0\u00bbPrix Tenco\u00a0\u00bb _builder_version=\u00a0\u00bb4.17.4&Prime; _module_preset=\u00a0\u00bbdefault\u00a0\u00bb custom_button=\u00a0\u00bbon\u00a0\u00bb button_text_color=\u00a0\u00bb#256b00&Prime; button_bg_color=\u00a0\u00bb#f2b500&Prime; button_border_color=\u00a0\u00bb#FFFFFF\u00a0\u00bb button_icon=\u00a0\u00bb&#x41;||divi||400&Prime; text_orientation=\u00a0\u00bbcenter\u00a0\u00bb background_layout=\u00a0\u00bblight\u00a0\u00bb box_shadow_style_button=\u00a0\u00bbpreset1&Prime; text_shadow_style=\u00a0\u00bbpreset3&Prime; global_colors_info=\u00a0\u00bb{}\u00a0\u00bb sticky_transition=\u00a0\u00bbon\u00a0\u00bb][\/et_pb_slide][\/et_pb_fullwidth_slider][\/et_pb_section][et_pb_section fb_built=\u00a0\u00bb1&Prime; admin_label=\u00a0\u00bbsection\u00a0\u00bb _builder_version=\u00a0\u00bb4.16&Prime; global_colors_info=\u00a0\u00bb{}\u00a0\u00bb][et_pb_row admin_label=\u00a0\u00bbrow\u00a0\u00bb _builder_version=\u00a0\u00bb4.16&Prime; background_size=\u00a0\u00bbinitial\u00a0\u00bb background_position=\u00a0\u00bbtop_left\u00a0\u00bb background_repeat=\u00a0\u00bbrepeat\u00a0\u00bb global_colors_info=\u00a0\u00bb{}\u00a0\u00bb][et_pb_column type=\u00a0\u00bb4_4&Prime; _builder_version=\u00a0\u00bb4.16&Prime; custom_padding=\u00a0\u00bb|||\u00a0\u00bb global_colors_info=\u00a0\u00bb{}\u00a0\u00bb custom_padding__hover=\u00a0\u00bb|||\u00a0\u00bb][et_pb_text admin_label=\u00a0\u00bbText\u00a0\u00bb _builder_version=\u00a0\u00bb4.16&Prime; background_size=\u00a0\u00bbinitial\u00a0\u00bb background_position=\u00a0\u00bbtop_left\u00a0\u00bb background_repeat=\u00a0\u00bbrepeat\u00a0\u00bb global_colors_info=\u00a0\u00bb{}\u00a0\u00bb]<b>San Remo est la ville des fleurs et de la musique. Chaque ann\u00e9e, les rues de la ville sont remplies des notes m\u00e9lodieuses de \u00abRassegna della Canzone d&rsquo;Autore\u00bb (la critique des auteurs-compositeurs) et le prestigieux prix Tenco est d\u00e9cern\u00e9, du nom de Luigi Tenco.<\/b><\/p>\n<p><img decoding=\"async\" class=\"aligncenter\" style=\"height: auto; max-width: 100%; display: block; margin-left: auto; margin-right: auto; color: #666666; font-family: 'Open Sans', Arial, sans-serif; font-size: 14px; font-style: normal; font-variant-ligatures: normal; font-variant-caps: normal; font-weight: 500; letter-spacing: normal; orphans: 2; text-align: start; text-indent: 0px; text-transform: none; white-space: normal; widows: 2; word-spacing: 0px; -webkit-text-stroke-width: 0px; background-color: #eeeeee; text-decoration-thickness: initial; text-decoration-style: initial; text-decoration-color: initial;\" src=\"https:\/\/www.sanremoguide.it\/uploads\/SanRemo_PremioTenco_350x200.JPEG\" alt=\"&lt;b&gt;Gianna Nannini al Premio Tenco di Sanremo&lt;\/b&gt; - Foto Sanremo Promotion\" \/><\/p>\n<p><span style=\"font-weight: 400;\">Amilcare Rambaldi a cr\u00e9\u00e9 ce concours pour comm\u00e9morer son ami Luigi Tenco, c\u00e9l\u00e8bre chanteur italien des ann\u00e9es 1960. Le concours attire des chanteurs de tous les coins du monde et c\u00e9l\u00e8bre la recherche des mots les plus po\u00e9tiques et des \u00e9motions les plus fortes combin\u00e9s \u00e0 des m\u00e9lodies suggestives.<\/span><\/p>\n<p><span style=\"font-weight: 400;\">Le prix Tenco est la r\u00e9ponse des auteurs-compositeurs au Festival de la chanson. N&rsquo;\u00e9tant pas \u00e9troitement associ\u00e9 aux maisons de disques ni aux go\u00fbts du public, il peut donc chatouiller le c\u0153ur des connaisseurs.<\/span><\/p>\n<p><span style=\"font-weight: 400;\">Les artistes participant \u00e0 cet \u00e9v\u00e9nement font partie des meilleurs auteurs-compositeurs italiens. Ici, vous pourrez appr\u00e9cier les performances de c\u00e9l\u00e8bres compositeurs italiens, tels que Gino Paoli, Roberto Vecchioni, Fiorella Mannoia, Samuele Bersani, Pino Daniele, De Gregori, Daniele Silvestri et Max Gazz\u00e8, ainsi que de c\u00e9l\u00e8bres artistes internationaux tels que Geoffrey Oryema et Mari Boine.<\/span><\/p>\n<p><span style=\"font-weight: 400;\">Le prix Tenco est consid\u00e9r\u00e9 comme l&rsquo;un des plus grands \u00e9v\u00e9nements pour les auteurs-compositeurs \u00abde qualit\u00e9\u00bb dans le secteur de la musique.<\/span>[\/et_pb_text][\/et_pb_column][\/et_pb_row][\/et_pb_section][et_pb_section fb_built=\u00a0\u00bb1&Prime; fullwidth=\u00a0\u00bbon\u00a0\u00bb _builder_version=\u00a0\u00bb4.17.4&Prime; _module_preset=\u00a0\u00bbdefault\u00a0\u00bb global_module=\u00a0\u00bb12524&Prime; saved_tabs=\u00a0\u00bball\u00a0\u00bb locked=\u00a0\u00bboff\u00a0\u00bb collapsed=\u00a0\u00bboff\u00a0\u00bb global_colors_info=\u00a0\u00bb{}\u00a0\u00bb][et_pb_fullwidth_slider _builder_version=\u00a0\u00bb4.17.4&Prime; _module_preset=\u00a0\u00bbdefault\u00a0\u00bb global_colors_info=\u00a0\u00bb{}\u00a0\u00bb][et_pb_slide heading=\u00a0\u00bbESCURSIONI ED EXPERIENCE A SANREMO E IN RIVIERA\u00a0\u00bb button_text=\u00a0\u00bbRICHIEDI IL CATALOGO\u00a0\u00bb button_link=\u00a0\u00bbhttps:\/\/sanremoguide.it\/contatti\u00a0\u00bb image=\u00a0\u00bbhttps:\/\/sanremoguide.it\/wp-content\/uploads\/2022\/06\/itouriviera.png\u00a0\u00bb _builder_version=\u00a0\u00bb4.17.4&Prime; _module_preset=\u00a0\u00bbdefault\u00a0\u00bb background_image=\u00a0\u00bbhttps:\/\/sanremoguide.it\/wp-content\/uploads\/2018\/07\/luca-lombardi-sanremo_bn.jpg\u00a0\u00bb background_enable_image=\u00a0\u00bbon\u00a0\u00bb custom_button=\u00a0\u00bbon\u00a0\u00bb button_bg_color=\u00a0\u00bb#E09900&Prime; button_border_width=\u00a0\u00bb1px\u00a0\u00bb button_border_color=\u00a0\u00bb#FFFFFF\u00a0\u00bb global_colors_info=\u00a0\u00bb{}\u00a0\u00bb sticky_transition=\u00a0\u00bbon\u00a0\u00bb][\/et_pb_slide][\/et_pb_fullwidth_slider][\/et_pb_section]<\/p>\n","protected":false},"excerpt":{"rendered":"<p>San Remo est la ville des fleurs et de la musique. Chaque ann\u00e9e, les rues de la ville sont remplies des notes m\u00e9lodieuses de \u00abRassegna della Canzone d&rsquo;Autore\u00bb (la critique des auteurs-compositeurs) et le prestigieux prix Tenco est d\u00e9cern\u00e9, du nom de Luigi Tenco. Amilcare Rambaldi a cr\u00e9\u00e9 ce concours pour comm\u00e9morer son ami Luigi [&hellip;]<\/p>\n","protected":false},"author":1,"featured_media":0,"parent":9653,"menu_order":0,"comment_status":"closed","ping_status":"closed","template":"","meta":{"_et_pb_use_builder":"on","_et_pb_old_content":"<b>San Remo est la ville des fleurs et de la musique. Chaque ann\u00e9e, les rues de la ville sont remplies des notes m\u00e9lodieuses de \u00abRassegna della Canzone d'Autore\u00bb (la critique des auteurs-compositeurs) et le prestigieux prix Tenco est d\u00e9cern\u00e9, du nom de Luigi Tenco.<\/b>\r\n\r\n<img class=\"aligncenter\" style=\"height: auto; max-width: 100%; display: block; margin-left: auto; margin-right: auto; color: #666666; font-family: 'Open Sans', Arial, sans-serif; font-size: 14px; font-style: normal; font-variant-ligatures: normal; font-variant-caps: normal; font-weight: 500; letter-spacing: normal; orphans: 2; text-align: start; text-indent: 0px; text-transform: none; white-space: normal; widows: 2; word-spacing: 0px; -webkit-text-stroke-width: 0px; background-color: #eeeeee; text-decoration-thickness: initial; text-decoration-style: initial; text-decoration-color: initial;\" src=\"https:\/\/www.sanremoguide.it\/uploads\/SanRemo_PremioTenco_350x200.JPEG\" alt=\"<b>Gianna Nannini al Premio Tenco di Sanremo<\/b> - Foto Sanremo Promotion\" \/>\r\n\r\n<span style=\"font-weight: 400;\">Amilcare Rambaldi a cr\u00e9\u00e9 ce concours pour comm\u00e9morer son ami Luigi Tenco, c\u00e9l\u00e8bre chanteur italien des ann\u00e9es 1960. Le concours attire des chanteurs de tous les coins du monde et c\u00e9l\u00e8bre la recherche des mots les plus po\u00e9tiques et des \u00e9motions les plus fortes combin\u00e9s \u00e0 des m\u00e9lodies suggestives.<\/span>\r\n\r\n<span style=\"font-weight: 400;\">Le prix Tenco est la r\u00e9ponse des auteurs-compositeurs au Festival de la chanson. N'\u00e9tant pas \u00e9troitement associ\u00e9 aux maisons de disques ni aux go\u00fbts du public, il peut donc chatouiller le c\u0153ur des connaisseurs.<\/span>\r\n\r\n<span style=\"font-weight: 400;\">Les artistes participant \u00e0 cet \u00e9v\u00e9nement font partie des meilleurs auteurs-compositeurs italiens. Ici, vous pourrez appr\u00e9cier les performances de c\u00e9l\u00e8bres compositeurs italiens, tels que Gino Paoli, Roberto Vecchioni, Fiorella Mannoia, Samuele Bersani, Pino Daniele, De Gregori, Daniele Silvestri et Max Gazz\u00e8, ainsi que de c\u00e9l\u00e8bres artistes internationaux tels que Geoffrey Oryema et Mari Boine.<\/span>\r\n\r\n<span style=\"font-weight: 400;\">Le prix Tenco est consid\u00e9r\u00e9 comme l'un des plus grands \u00e9v\u00e9nements pour les auteurs-compositeurs \u00abde qualit\u00e9\u00bb dans le secteur de la musique.<\/span>","_et_gb_content_width":"","footnotes":""},"class_list":["post-9656","page","type-page","status-publish","hentry"],"yoast_head":"<!-- This site is optimized with the Yoast SEO plugin v27.4 - https:\/\/yoast.com\/product\/yoast-seo-wordpress\/ -->\n<title>Prix Tenco<\/title>\n<meta name=\"description\" content=\"\u00c9v\u00e9nements de Sanremo consacr\u00e9s \u00e0 la musique : le Premio Tenco, d\u00e9di\u00e9 \u00e0 l&#039;auteur-compositeur-interpr\u00e8te Luigi Tenco. Il y a aussi le Club Tenco avec une liste d&#039;auteurs-compositeurs-interpr\u00e8tes italiens.\" \/>\n<meta name=\"robots\" content=\"index, follow, max-snippet:-1, max-image-preview:large, max-video-preview:-1\" \/>\n<link rel=\"canonical\" href=\"https:\/\/sanremoguide.it\/fr\/evenements-san-remo\/prix-tenco\/\" \/>\n<meta property=\"og:locale\" content=\"fr_FR\" \/>\n<meta property=\"og:type\" content=\"article\" \/>\n<meta property=\"og:title\" content=\"Prix Tenco\" \/>\n<meta property=\"og:description\" content=\"\u00c9v\u00e9nements de Sanremo consacr\u00e9s \u00e0 la musique : le Premio Tenco, d\u00e9di\u00e9 \u00e0 l&#039;auteur-compositeur-interpr\u00e8te Luigi Tenco. Il y a aussi le Club Tenco avec une liste d&#039;auteurs-compositeurs-interpr\u00e8tes italiens.\" \/>\n<meta property=\"og:url\" content=\"https:\/\/sanremoguide.it\/fr\/evenements-san-remo\/prix-tenco\/\" \/>\n<meta property=\"og:site_name\" content=\"SANREMO GUIDE | la guida turistica di Sanremo\" \/>\n<meta property=\"article:modified_time\" content=\"2022-06-17T16:26:14+00:00\" \/>\n<meta property=\"og:image\" content=\"https:\/\/www.sanremoguide.it\/uploads\/SanRemo_PremioTenco_350x200.JPEG\" \/>\n<meta name=\"twitter:label1\" content=\"Dur\u00e9e de lecture estim\u00e9e\" \/>\n\t<meta name=\"twitter:data1\" content=\"3 minutes\" \/>\n<script type=\"application\/ld+json\" class=\"yoast-schema-graph\">{\"@context\":\"https:\\\/\\\/schema.org\",\"@graph\":[{\"@type\":\"WebPage\",\"@id\":\"https:\\\/\\\/sanremoguide.it\\\/fr\\\/evenements-san-remo\\\/prix-tenco\\\/\",\"url\":\"https:\\\/\\\/sanremoguide.it\\\/fr\\\/evenements-san-remo\\\/prix-tenco\\\/\",\"name\":\"Prix Tenco\",\"isPartOf\":{\"@id\":\"https:\\\/\\\/sanremoguide.it\\\/#website\"},\"primaryImageOfPage\":{\"@id\":\"https:\\\/\\\/sanremoguide.it\\\/fr\\\/evenements-san-remo\\\/prix-tenco\\\/#primaryimage\"},\"image\":{\"@id\":\"https:\\\/\\\/sanremoguide.it\\\/fr\\\/evenements-san-remo\\\/prix-tenco\\\/#primaryimage\"},\"thumbnailUrl\":\"https:\\\/\\\/www.sanremoguide.it\\\/uploads\\\/SanRemo_PremioTenco_350x200.JPEG\",\"datePublished\":\"2022-05-03T11:06:54+00:00\",\"dateModified\":\"2022-06-17T16:26:14+00:00\",\"description\":\"\u00c9v\u00e9nements de Sanremo consacr\u00e9s \u00e0 la musique : le Premio Tenco, d\u00e9di\u00e9 \u00e0 l'auteur-compositeur-interpr\u00e8te Luigi Tenco. Il y a aussi le Club Tenco avec une liste d'auteurs-compositeurs-interpr\u00e8tes italiens.\",\"breadcrumb\":{\"@id\":\"https:\\\/\\\/sanremoguide.it\\\/fr\\\/evenements-san-remo\\\/prix-tenco\\\/#breadcrumb\"},\"inLanguage\":\"fr-FR\",\"potentialAction\":[{\"@type\":\"ReadAction\",\"target\":[\"https:\\\/\\\/sanremoguide.it\\\/fr\\\/evenements-san-remo\\\/prix-tenco\\\/\"]}]},{\"@type\":\"ImageObject\",\"inLanguage\":\"fr-FR\",\"@id\":\"https:\\\/\\\/sanremoguide.it\\\/fr\\\/evenements-san-remo\\\/prix-tenco\\\/#primaryimage\",\"url\":\"https:\\\/\\\/www.sanremoguide.it\\\/uploads\\\/SanRemo_PremioTenco_350x200.JPEG\",\"contentUrl\":\"https:\\\/\\\/www.sanremoguide.it\\\/uploads\\\/SanRemo_PremioTenco_350x200.JPEG\"},{\"@type\":\"BreadcrumbList\",\"@id\":\"https:\\\/\\\/sanremoguide.it\\\/fr\\\/evenements-san-remo\\\/prix-tenco\\\/#breadcrumb\",\"itemListElement\":[{\"@type\":\"ListItem\",\"position\":1,\"name\":\"Home\",\"item\":\"https:\\\/\\\/sanremoguide.it\\\/\"},{\"@type\":\"ListItem\",\"position\":2,\"name\":\"Ev\u00e8nements San Remo\",\"item\":\"https:\\\/\\\/sanremoguide.it\\\/fr\\\/evenements-san-remo\\\/\"},{\"@type\":\"ListItem\",\"position\":3,\"name\":\"Prix Tenco\"}]},{\"@type\":\"WebSite\",\"@id\":\"https:\\\/\\\/sanremoguide.it\\\/#website\",\"url\":\"https:\\\/\\\/sanremoguide.it\\\/\",\"name\":\"SANREMO GUIDE | la guida turistica di Sanremo\",\"description\":\"la guida turistica della citt\u00e0 di Sanremo\",\"potentialAction\":[{\"@type\":\"SearchAction\",\"target\":{\"@type\":\"EntryPoint\",\"urlTemplate\":\"https:\\\/\\\/sanremoguide.it\\\/?s={search_term_string}\"},\"query-input\":{\"@type\":\"PropertyValueSpecification\",\"valueRequired\":true,\"valueName\":\"search_term_string\"}}],\"inLanguage\":\"fr-FR\"}]}<\/script>\n<!-- \/ Yoast SEO plugin. -->","yoast_head_json":{"title":"Prix Tenco","description":"\u00c9v\u00e9nements de Sanremo consacr\u00e9s \u00e0 la musique : le Premio Tenco, d\u00e9di\u00e9 \u00e0 l'auteur-compositeur-interpr\u00e8te Luigi Tenco. Il y a aussi le Club Tenco avec une liste d'auteurs-compositeurs-interpr\u00e8tes italiens.","robots":{"index":"index","follow":"follow","max-snippet":"max-snippet:-1","max-image-preview":"max-image-preview:large","max-video-preview":"max-video-preview:-1"},"canonical":"https:\/\/sanremoguide.it\/fr\/evenements-san-remo\/prix-tenco\/","og_locale":"fr_FR","og_type":"article","og_title":"Prix Tenco","og_description":"\u00c9v\u00e9nements de Sanremo consacr\u00e9s \u00e0 la musique : le Premio Tenco, d\u00e9di\u00e9 \u00e0 l'auteur-compositeur-interpr\u00e8te Luigi Tenco. Il y a aussi le Club Tenco avec une liste d'auteurs-compositeurs-interpr\u00e8tes italiens.","og_url":"https:\/\/sanremoguide.it\/fr\/evenements-san-remo\/prix-tenco\/","og_site_name":"SANREMO GUIDE | la guida turistica di Sanremo","article_modified_time":"2022-06-17T16:26:14+00:00","og_image":[{"url":"https:\/\/www.sanremoguide.it\/uploads\/SanRemo_PremioTenco_350x200.JPEG","type":"","width":"","height":""}],"twitter_misc":{"Dur\u00e9e de lecture estim\u00e9e":"3 minutes"},"schema":{"@context":"https:\/\/schema.org","@graph":[{"@type":"WebPage","@id":"https:\/\/sanremoguide.it\/fr\/evenements-san-remo\/prix-tenco\/","url":"https:\/\/sanremoguide.it\/fr\/evenements-san-remo\/prix-tenco\/","name":"Prix Tenco","isPartOf":{"@id":"https:\/\/sanremoguide.it\/#website"},"primaryImageOfPage":{"@id":"https:\/\/sanremoguide.it\/fr\/evenements-san-remo\/prix-tenco\/#primaryimage"},"image":{"@id":"https:\/\/sanremoguide.it\/fr\/evenements-san-remo\/prix-tenco\/#primaryimage"},"thumbnailUrl":"https:\/\/www.sanremoguide.it\/uploads\/SanRemo_PremioTenco_350x200.JPEG","datePublished":"2022-05-03T11:06:54+00:00","dateModified":"2022-06-17T16:26:14+00:00","description":"\u00c9v\u00e9nements de Sanremo consacr\u00e9s \u00e0 la musique : le Premio Tenco, d\u00e9di\u00e9 \u00e0 l'auteur-compositeur-interpr\u00e8te Luigi Tenco. Il y a aussi le Club Tenco avec une liste d'auteurs-compositeurs-interpr\u00e8tes italiens.","breadcrumb":{"@id":"https:\/\/sanremoguide.it\/fr\/evenements-san-remo\/prix-tenco\/#breadcrumb"},"inLanguage":"fr-FR","potentialAction":[{"@type":"ReadAction","target":["https:\/\/sanremoguide.it\/fr\/evenements-san-remo\/prix-tenco\/"]}]},{"@type":"ImageObject","inLanguage":"fr-FR","@id":"https:\/\/sanremoguide.it\/fr\/evenements-san-remo\/prix-tenco\/#primaryimage","url":"https:\/\/www.sanremoguide.it\/uploads\/SanRemo_PremioTenco_350x200.JPEG","contentUrl":"https:\/\/www.sanremoguide.it\/uploads\/SanRemo_PremioTenco_350x200.JPEG"},{"@type":"BreadcrumbList","@id":"https:\/\/sanremoguide.it\/fr\/evenements-san-remo\/prix-tenco\/#breadcrumb","itemListElement":[{"@type":"ListItem","position":1,"name":"Home","item":"https:\/\/sanremoguide.it\/"},{"@type":"ListItem","position":2,"name":"Ev\u00e8nements San Remo","item":"https:\/\/sanremoguide.it\/fr\/evenements-san-remo\/"},{"@type":"ListItem","position":3,"name":"Prix Tenco"}]},{"@type":"WebSite","@id":"https:\/\/sanremoguide.it\/#website","url":"https:\/\/sanremoguide.it\/","name":"SANREMO GUIDE | la guida turistica di Sanremo","description":"la guida turistica della citt\u00e0 di Sanremo","potentialAction":[{"@type":"SearchAction","target":{"@type":"EntryPoint","urlTemplate":"https:\/\/sanremoguide.it\/?s={search_term_string}"},"query-input":{"@type":"PropertyValueSpecification","valueRequired":true,"valueName":"search_term_string"}}],"inLanguage":"fr-FR"}]}},"_links":{"self":[{"href":"https:\/\/sanremoguide.it\/fr\/wp-json\/wp\/v2\/pages\/9656","targetHints":{"allow":["GET"]}}],"collection":[{"href":"https:\/\/sanremoguide.it\/fr\/wp-json\/wp\/v2\/pages"}],"about":[{"href":"https:\/\/sanremoguide.it\/fr\/wp-json\/wp\/v2\/types\/page"}],"author":[{"embeddable":true,"href":"https:\/\/sanremoguide.it\/fr\/wp-json\/wp\/v2\/users\/1"}],"replies":[{"embeddable":true,"href":"https:\/\/sanremoguide.it\/fr\/wp-json\/wp\/v2\/comments?post=9656"}],"version-history":[{"count":3,"href":"https:\/\/sanremoguide.it\/fr\/wp-json\/wp\/v2\/pages\/9656\/revisions"}],"predecessor-version":[{"id":13143,"href":"https:\/\/sanremoguide.it\/fr\/wp-json\/wp\/v2\/pages\/9656\/revisions\/13143"}],"up":[{"embeddable":true,"href":"https:\/\/sanremoguide.it\/fr\/wp-json\/wp\/v2\/pages\/9653"}],"wp:attachment":[{"href":"https:\/\/sanremoguide.it\/fr\/wp-json\/wp\/v2\/media?parent=9656"}],"curies":[{"name":"wp","href":"https:\/\/api.w.org\/{rel}","templated":true}]}}