{"id":9660,"date":"2022-05-03T11:14:11","date_gmt":"2022-05-03T11:14:11","guid":{"rendered":"https:\/\/sanremoguide.it\/casino-de-san-remo\/"},"modified":"2022-06-17T16:54:04","modified_gmt":"2022-06-17T16:54:04","slug":"casino-de-san-remo","status":"publish","type":"page","link":"https:\/\/sanremoguide.it\/fr\/la-ville-de-sanremo\/casino-de-san-remo\/","title":{"rendered":"Casino de San Remo"},"content":{"rendered":"<p>[et_pb_section fb_built=\u00a0\u00bb1&Prime; fullwidth=\u00a0\u00bbon\u00a0\u00bb _builder_version=\u00a0\u00bb4.17.4&Prime; _module_preset=\u00a0\u00bbdefault\u00a0\u00bb locked=\u00a0\u00bboff\u00a0\u00bb global_colors_info=\u00a0\u00bb{}\u00a0\u00bb][et_pb_fullwidth_slider _builder_version=\u00a0\u00bb4.17.4&Prime; _module_preset=\u00a0\u00bbdefault\u00a0\u00bb background_image=\u00a0\u00bbhttps:\/\/sanremoguide.it\/wp-content\/uploads\/2018\/09\/Luca_Lombardi_Sanremo_La_Primavera.jpg\u00a0\u00bb global_colors_info=\u00a0\u00bb{}\u00a0\u00bb][et_pb_slide heading=\u00a0\u00bbCasino de San Remo\u00a0\u00bb _builder_version=\u00a0\u00bb4.17.4&Prime; _module_preset=\u00a0\u00bbdefault\u00a0\u00bb custom_button=\u00a0\u00bbon\u00a0\u00bb button_text_color=\u00a0\u00bb#256b00&Prime; button_bg_color=\u00a0\u00bb#f2b500&Prime; button_border_color=\u00a0\u00bb#FFFFFF\u00a0\u00bb button_icon=\u00a0\u00bb&#x41;||divi||400&Prime; text_orientation=\u00a0\u00bbcenter\u00a0\u00bb background_layout=\u00a0\u00bblight\u00a0\u00bb box_shadow_style_button=\u00a0\u00bbpreset1&Prime; text_shadow_style=\u00a0\u00bbpreset3&Prime; global_colors_info=\u00a0\u00bb{}\u00a0\u00bb sticky_transition=\u00a0\u00bbon\u00a0\u00bb][\/et_pb_slide][\/et_pb_fullwidth_slider][\/et_pb_section][et_pb_section fb_built=\u00a0\u00bb1&Prime; admin_label=\u00a0\u00bbsection\u00a0\u00bb _builder_version=\u00a0\u00bb4.16&Prime; global_colors_info=\u00a0\u00bb{}\u00a0\u00bb][et_pb_row admin_label=\u00a0\u00bbrow\u00a0\u00bb _builder_version=\u00a0\u00bb4.16&Prime; background_size=\u00a0\u00bbinitial\u00a0\u00bb background_position=\u00a0\u00bbtop_left\u00a0\u00bb background_repeat=\u00a0\u00bbrepeat\u00a0\u00bb global_colors_info=\u00a0\u00bb{}\u00a0\u00bb][et_pb_column type=\u00a0\u00bb4_4&Prime; _builder_version=\u00a0\u00bb4.16&Prime; custom_padding=\u00a0\u00bb|||\u00a0\u00bb global_colors_info=\u00a0\u00bb{}\u00a0\u00bb custom_padding__hover=\u00a0\u00bb|||\u00a0\u00bb][et_pb_text admin_label=\u00a0\u00bbText\u00a0\u00bb _builder_version=\u00a0\u00bb4.16&Prime; background_size=\u00a0\u00bbinitial\u00a0\u00bb background_position=\u00a0\u00bbtop_left\u00a0\u00bb background_repeat=\u00a0\u00bbrepeat\u00a0\u00bb global_colors_info=\u00a0\u00bb{}\u00a0\u00bb]<span style=\"font-weight: 400;\">Le charme du jeu, le tintement de la boule de roulette, le bruissement des jetons sur le drap vert\u2026 Le Casino de San Remo a toujours \u00e9t\u00e9 l\u2019une des principales attractions de la ville. Con\u00e7u \u00e0 la fin du XIXe si\u00e8cle et financ\u00e9 par le banquier local Bartolomeo Acquasciati, qui en 1898 paya jusqu&rsquo;\u00e0 1,2 million de lires \u00e0 la mairie pour sa construction, le casino fut con\u00e7u dans son style Art nouveau actuel par l&rsquo;architecte fran\u00e7ais Eugenio Ferret. et est venu \u00e0 la vie le 12 janvier 1905. \u00a0Depuis lors, de nombreux scandales et l\u00e9gendes se sont produits, en tant que dirigeants, c\u00e9l\u00e9brit\u00e9s, stars de la pop, artistes et scientifiques ont travers\u00e9 ses immenses salles.<\/span><\/p>\n<p><img decoding=\"async\" class=\"aligncenter\" src=\"https:\/\/www.sanremoguide.it\/uploads\/SanRemo_casino01_350x200.jpg\" alt=\"Il Casin\u00f2 di Sanremo - Foto APT RdF\" \/><\/p>\n<p><span style=\"font-weight: 400;\">En effet, il y a beaucoup d&rsquo;anecdotes li\u00e9es \u00e0 l&rsquo;histoire du casino. Par exemple, il est dit que le roi \u00e9gyptien Farouk a pr\u00e9tendu avoir remport\u00e9 une partie de poker en exposant seulement trois rois, en d\u00e9clarant \u00abje suis le quatri\u00e8me\u00bb. \u00a0Le c\u00e9l\u00e8bre cin\u00e9aste et acteur italien Vittorio De Sica disait \u00e0 ses amis: \u00abQuand je vais au paradis, placez sur la fa\u00e7ade du casino un de ces m\u00e9daillons qui ornent habituellement les th\u00e9\u00e2tres antiques, portant l&rsquo;inscription\u00ab De Sica fecit \u00bb, car j&rsquo;ai s\u00fbrement pay\u00e9 des millions au Casino de San Remo avec toutes les pertes que j&rsquo;ai subies en 30 ans. \u00a0\u00bb La passion du casino est souvent sans limites ni limites.<\/span><\/p>\n<p><span style=\"font-weight: 400;\">Comme l&rsquo;\u00e9crivaient Erika et Klaus Mann en 1930, lors de leur discours sur le coupable Baedeker Riviera: \u00abLe jeu r\u00e8gne \u00e0 San Remo. Il y a des gens qui semblent vouloir \u00eatre ruin\u00e9s par le jeu, et ils pr\u00e9f\u00e8rent jouer leurs finances \u00e0 San Remo plut\u00f4t qu&rsquo;\u00e0 Montecarlo ou \u00e0 Cannes, car si vous perdez \u00e0 San Remo, vous le perdez avec \u00e9l\u00e9gance, de mani\u00e8re respectable \u00bb .<\/span><\/p>\n<p><span style=\"font-weight: 400;\">De nos jours, le casino propose non seulement les jeux europ\u00e9ens et am\u00e9ricains les plus populaires, mais \u00e9galement plusieurs \u00e9v\u00e9nements th\u00e9\u00e2traux, musicaux et culturels.<\/span><\/p>\n<p>&nbsp;[\/et_pb_text][\/et_pb_column][\/et_pb_row][\/et_pb_section][et_pb_section fb_built=\u00a0\u00bb1&Prime; fullwidth=\u00a0\u00bbon\u00a0\u00bb _builder_version=\u00a0\u00bb4.17.4&Prime; _module_preset=\u00a0\u00bbdefault\u00a0\u00bb global_module=\u00a0\u00bb12524&Prime; saved_tabs=\u00a0\u00bball\u00a0\u00bb locked=\u00a0\u00bboff\u00a0\u00bb collapsed=\u00a0\u00bboff\u00a0\u00bb global_colors_info=\u00a0\u00bb{}\u00a0\u00bb][et_pb_fullwidth_slider _builder_version=\u00a0\u00bb4.17.4&Prime; _module_preset=\u00a0\u00bbdefault\u00a0\u00bb global_colors_info=\u00a0\u00bb{}\u00a0\u00bb][et_pb_slide heading=\u00a0\u00bbESCURSIONI ED EXPERIENCE A SANREMO E IN RIVIERA\u00a0\u00bb button_text=\u00a0\u00bbRICHIEDI IL CATALOGO\u00a0\u00bb button_link=\u00a0\u00bbhttps:\/\/sanremoguide.it\/contatti\u00a0\u00bb image=\u00a0\u00bbhttps:\/\/sanremoguide.it\/wp-content\/uploads\/2022\/06\/itouriviera.png\u00a0\u00bb _builder_version=\u00a0\u00bb4.17.4&Prime; _module_preset=\u00a0\u00bbdefault\u00a0\u00bb background_image=\u00a0\u00bbhttps:\/\/sanremoguide.it\/wp-content\/uploads\/2018\/07\/luca-lombardi-sanremo_bn.jpg\u00a0\u00bb background_enable_image=\u00a0\u00bbon\u00a0\u00bb custom_button=\u00a0\u00bbon\u00a0\u00bb button_bg_color=\u00a0\u00bb#E09900&Prime; button_border_width=\u00a0\u00bb1px\u00a0\u00bb button_border_color=\u00a0\u00bb#FFFFFF\u00a0\u00bb global_colors_info=\u00a0\u00bb{}\u00a0\u00bb sticky_transition=\u00a0\u00bbon\u00a0\u00bb][\/et_pb_slide][\/et_pb_fullwidth_slider][\/et_pb_section]<\/p>\n","protected":false},"excerpt":{"rendered":"<p>Le charme du jeu, le tintement de la boule de roulette, le bruissement des jetons sur le drap vert\u2026 Le Casino de San Remo a toujours \u00e9t\u00e9 l\u2019une des principales attractions de la ville. Con\u00e7u \u00e0 la fin du XIXe si\u00e8cle et financ\u00e9 par le banquier local Bartolomeo Acquasciati, qui en 1898 paya jusqu&rsquo;\u00e0 1,2 [&hellip;]<\/p>\n","protected":false},"author":1,"featured_media":0,"parent":12240,"menu_order":0,"comment_status":"closed","ping_status":"closed","template":"","meta":{"_et_pb_use_builder":"on","_et_pb_old_content":"<span style=\"font-weight: 400;\">Le charme du jeu, le tintement de la boule de roulette, le bruissement des jetons sur le drap vert\u2026 Le Casino de San Remo a toujours \u00e9t\u00e9 l\u2019une des principales attractions de la ville. Con\u00e7u \u00e0 la fin du XIXe si\u00e8cle et financ\u00e9 par le banquier local Bartolomeo Acquasciati, qui en 1898 paya jusqu'\u00e0 1,2 million de lires \u00e0 la mairie pour sa construction, le casino fut con\u00e7u dans son style Art nouveau actuel par l'architecte fran\u00e7ais Eugenio Ferret. et est venu \u00e0 la vie le 12 janvier 1905. \u00a0Depuis lors, de nombreux scandales et l\u00e9gendes se sont produits, en tant que dirigeants, c\u00e9l\u00e9brit\u00e9s, stars de la pop, artistes et scientifiques ont travers\u00e9 ses immenses salles.<\/span>\r\n\r\n<img class=\"aligncenter\" src=\"https:\/\/www.sanremoguide.it\/uploads\/SanRemo_casino01_350x200.jpg\" alt=\"Il Casin\u00f2 di Sanremo - Foto APT RdF\" \/>\r\n\r\n<span style=\"font-weight: 400;\">En effet, il y a beaucoup d'anecdotes li\u00e9es \u00e0 l'histoire du casino. Par exemple, il est dit que le roi \u00e9gyptien Farouk a pr\u00e9tendu avoir remport\u00e9 une partie de poker en exposant seulement trois rois, en d\u00e9clarant \u00abje suis le quatri\u00e8me\u00bb. \u00a0Le c\u00e9l\u00e8bre cin\u00e9aste et acteur italien Vittorio De Sica disait \u00e0 ses amis: \u00abQuand je vais au paradis, placez sur la fa\u00e7ade du casino un de ces m\u00e9daillons qui ornent habituellement les th\u00e9\u00e2tres antiques, portant l'inscription\u00ab De Sica fecit \u00bb, car j'ai s\u00fbrement pay\u00e9 des millions au Casino de San Remo avec toutes les pertes que j'ai subies en 30 ans. \" La passion du casino est souvent sans limites ni limites.<\/span>\r\n\r\n<span style=\"font-weight: 400;\">Comme l'\u00e9crivaient Erika et Klaus Mann en 1930, lors de leur discours sur le coupable Baedeker Riviera: \u00abLe jeu r\u00e8gne \u00e0 San Remo. Il y a des gens qui semblent vouloir \u00eatre ruin\u00e9s par le jeu, et ils pr\u00e9f\u00e8rent jouer leurs finances \u00e0 San Remo plut\u00f4t qu'\u00e0 Montecarlo ou \u00e0 Cannes, car si vous perdez \u00e0 San Remo, vous le perdez avec \u00e9l\u00e9gance, de mani\u00e8re respectable \u00bb .<\/span>\r\n\r\n<span style=\"font-weight: 400;\">De nos jours, le casino propose non seulement les jeux europ\u00e9ens et am\u00e9ricains les plus populaires, mais \u00e9galement plusieurs \u00e9v\u00e9nements th\u00e9\u00e2traux, musicaux et culturels.<\/span>\r\n\r\n\u00a0","_et_gb_content_width":"","footnotes":""},"class_list":["post-9660","page","type-page","status-publish","hentry"],"yoast_head":"<!-- This site is optimized with the Yoast SEO plugin v27.4 - https:\/\/yoast.com\/product\/yoast-seo-wordpress\/ -->\n<title>Casino di Sanremo - histoire et calendrier des tournois de poker<\/title>\n<meta name=\"description\" content=\"L&#039;attrait du jeu a conquis les c\u00e9l\u00e9brit\u00e9s qui ont visit\u00e9 le casino de Sanremo, o\u00f9 se d\u00e9roulent aujourd&#039;hui de nombreux tournois de poker (EPT, IPT).\" \/>\n<meta name=\"robots\" content=\"index, follow, max-snippet:-1, max-image-preview:large, max-video-preview:-1\" \/>\n<link rel=\"canonical\" href=\"https:\/\/sanremoguide.it\/fr\/la-ville-de-sanremo\/casino-de-san-remo\/\" \/>\n<meta property=\"og:locale\" content=\"fr_FR\" \/>\n<meta property=\"og:type\" content=\"article\" \/>\n<meta property=\"og:title\" content=\"Casino di Sanremo - histoire et calendrier des tournois de poker\" \/>\n<meta property=\"og:description\" content=\"L&#039;attrait du jeu a conquis les c\u00e9l\u00e9brit\u00e9s qui ont visit\u00e9 le casino de Sanremo, o\u00f9 se d\u00e9roulent aujourd&#039;hui de nombreux tournois de poker (EPT, IPT).\" \/>\n<meta property=\"og:url\" content=\"https:\/\/sanremoguide.it\/fr\/la-ville-de-sanremo\/casino-de-san-remo\/\" \/>\n<meta property=\"og:site_name\" content=\"SANREMO GUIDE | la guida turistica di Sanremo\" \/>\n<meta property=\"article:modified_time\" content=\"2022-06-17T16:54:04+00:00\" \/>\n<meta property=\"og:image\" content=\"https:\/\/www.sanremoguide.it\/uploads\/SanRemo_casino01_350x200.jpg\" \/>\n<meta name=\"twitter:label1\" content=\"Dur\u00e9e de lecture estim\u00e9e\" \/>\n\t<meta name=\"twitter:data1\" content=\"3 minutes\" \/>\n<script type=\"application\/ld+json\" class=\"yoast-schema-graph\">{\"@context\":\"https:\\\/\\\/schema.org\",\"@graph\":[{\"@type\":\"WebPage\",\"@id\":\"https:\\\/\\\/sanremoguide.it\\\/fr\\\/la-ville-de-sanremo\\\/casino-de-san-remo\\\/\",\"url\":\"https:\\\/\\\/sanremoguide.it\\\/fr\\\/la-ville-de-sanremo\\\/casino-de-san-remo\\\/\",\"name\":\"Casino di Sanremo - histoire et calendrier des tournois de poker\",\"isPartOf\":{\"@id\":\"https:\\\/\\\/sanremoguide.it\\\/#website\"},\"primaryImageOfPage\":{\"@id\":\"https:\\\/\\\/sanremoguide.it\\\/fr\\\/la-ville-de-sanremo\\\/casino-de-san-remo\\\/#primaryimage\"},\"image\":{\"@id\":\"https:\\\/\\\/sanremoguide.it\\\/fr\\\/la-ville-de-sanremo\\\/casino-de-san-remo\\\/#primaryimage\"},\"thumbnailUrl\":\"https:\\\/\\\/www.sanremoguide.it\\\/uploads\\\/SanRemo_casino01_350x200.jpg\",\"datePublished\":\"2022-05-03T11:14:11+00:00\",\"dateModified\":\"2022-06-17T16:54:04+00:00\",\"description\":\"L'attrait du jeu a conquis les c\u00e9l\u00e9brit\u00e9s qui ont visit\u00e9 le casino de Sanremo, o\u00f9 se d\u00e9roulent aujourd'hui de nombreux tournois de poker (EPT, IPT).\",\"breadcrumb\":{\"@id\":\"https:\\\/\\\/sanremoguide.it\\\/fr\\\/la-ville-de-sanremo\\\/casino-de-san-remo\\\/#breadcrumb\"},\"inLanguage\":\"fr-FR\",\"potentialAction\":[{\"@type\":\"ReadAction\",\"target\":[\"https:\\\/\\\/sanremoguide.it\\\/fr\\\/la-ville-de-sanremo\\\/casino-de-san-remo\\\/\"]}]},{\"@type\":\"ImageObject\",\"inLanguage\":\"fr-FR\",\"@id\":\"https:\\\/\\\/sanremoguide.it\\\/fr\\\/la-ville-de-sanremo\\\/casino-de-san-remo\\\/#primaryimage\",\"url\":\"https:\\\/\\\/www.sanremoguide.it\\\/uploads\\\/SanRemo_casino01_350x200.jpg\",\"contentUrl\":\"https:\\\/\\\/www.sanremoguide.it\\\/uploads\\\/SanRemo_casino01_350x200.jpg\"},{\"@type\":\"BreadcrumbList\",\"@id\":\"https:\\\/\\\/sanremoguide.it\\\/fr\\\/la-ville-de-sanremo\\\/casino-de-san-remo\\\/#breadcrumb\",\"itemListElement\":[{\"@type\":\"ListItem\",\"position\":1,\"name\":\"Home\",\"item\":\"https:\\\/\\\/sanremoguide.it\\\/\"},{\"@type\":\"ListItem\",\"position\":2,\"name\":\"LA VILLE DE SANREMO\",\"item\":\"https:\\\/\\\/sanremoguide.it\\\/fr\\\/la-ville-de-sanremo\\\/\"},{\"@type\":\"ListItem\",\"position\":3,\"name\":\"Casino de San Remo\"}]},{\"@type\":\"WebSite\",\"@id\":\"https:\\\/\\\/sanremoguide.it\\\/#website\",\"url\":\"https:\\\/\\\/sanremoguide.it\\\/\",\"name\":\"SANREMO GUIDE | la guida turistica di Sanremo\",\"description\":\"la guida turistica della citt\u00e0 di Sanremo\",\"potentialAction\":[{\"@type\":\"SearchAction\",\"target\":{\"@type\":\"EntryPoint\",\"urlTemplate\":\"https:\\\/\\\/sanremoguide.it\\\/?s={search_term_string}\"},\"query-input\":{\"@type\":\"PropertyValueSpecification\",\"valueRequired\":true,\"valueName\":\"search_term_string\"}}],\"inLanguage\":\"fr-FR\"}]}<\/script>\n<!-- \/ Yoast SEO plugin. -->","yoast_head_json":{"title":"Casino di Sanremo - histoire et calendrier des tournois de poker","description":"L'attrait du jeu a conquis les c\u00e9l\u00e9brit\u00e9s qui ont visit\u00e9 le casino de Sanremo, o\u00f9 se d\u00e9roulent aujourd'hui de nombreux tournois de poker (EPT, IPT).","robots":{"index":"index","follow":"follow","max-snippet":"max-snippet:-1","max-image-preview":"max-image-preview:large","max-video-preview":"max-video-preview:-1"},"canonical":"https:\/\/sanremoguide.it\/fr\/la-ville-de-sanremo\/casino-de-san-remo\/","og_locale":"fr_FR","og_type":"article","og_title":"Casino di Sanremo - histoire et calendrier des tournois de poker","og_description":"L'attrait du jeu a conquis les c\u00e9l\u00e9brit\u00e9s qui ont visit\u00e9 le casino de Sanremo, o\u00f9 se d\u00e9roulent aujourd'hui de nombreux tournois de poker (EPT, IPT).","og_url":"https:\/\/sanremoguide.it\/fr\/la-ville-de-sanremo\/casino-de-san-remo\/","og_site_name":"SANREMO GUIDE | la guida turistica di Sanremo","article_modified_time":"2022-06-17T16:54:04+00:00","og_image":[{"url":"https:\/\/www.sanremoguide.it\/uploads\/SanRemo_casino01_350x200.jpg","type":"","width":"","height":""}],"twitter_misc":{"Dur\u00e9e de lecture estim\u00e9e":"3 minutes"},"schema":{"@context":"https:\/\/schema.org","@graph":[{"@type":"WebPage","@id":"https:\/\/sanremoguide.it\/fr\/la-ville-de-sanremo\/casino-de-san-remo\/","url":"https:\/\/sanremoguide.it\/fr\/la-ville-de-sanremo\/casino-de-san-remo\/","name":"Casino di Sanremo - histoire et calendrier des tournois de poker","isPartOf":{"@id":"https:\/\/sanremoguide.it\/#website"},"primaryImageOfPage":{"@id":"https:\/\/sanremoguide.it\/fr\/la-ville-de-sanremo\/casino-de-san-remo\/#primaryimage"},"image":{"@id":"https:\/\/sanremoguide.it\/fr\/la-ville-de-sanremo\/casino-de-san-remo\/#primaryimage"},"thumbnailUrl":"https:\/\/www.sanremoguide.it\/uploads\/SanRemo_casino01_350x200.jpg","datePublished":"2022-05-03T11:14:11+00:00","dateModified":"2022-06-17T16:54:04+00:00","description":"L'attrait du jeu a conquis les c\u00e9l\u00e9brit\u00e9s qui ont visit\u00e9 le casino de Sanremo, o\u00f9 se d\u00e9roulent aujourd'hui de nombreux tournois de poker (EPT, IPT).","breadcrumb":{"@id":"https:\/\/sanremoguide.it\/fr\/la-ville-de-sanremo\/casino-de-san-remo\/#breadcrumb"},"inLanguage":"fr-FR","potentialAction":[{"@type":"ReadAction","target":["https:\/\/sanremoguide.it\/fr\/la-ville-de-sanremo\/casino-de-san-remo\/"]}]},{"@type":"ImageObject","inLanguage":"fr-FR","@id":"https:\/\/sanremoguide.it\/fr\/la-ville-de-sanremo\/casino-de-san-remo\/#primaryimage","url":"https:\/\/www.sanremoguide.it\/uploads\/SanRemo_casino01_350x200.jpg","contentUrl":"https:\/\/www.sanremoguide.it\/uploads\/SanRemo_casino01_350x200.jpg"},{"@type":"BreadcrumbList","@id":"https:\/\/sanremoguide.it\/fr\/la-ville-de-sanremo\/casino-de-san-remo\/#breadcrumb","itemListElement":[{"@type":"ListItem","position":1,"name":"Home","item":"https:\/\/sanremoguide.it\/"},{"@type":"ListItem","position":2,"name":"LA VILLE DE SANREMO","item":"https:\/\/sanremoguide.it\/fr\/la-ville-de-sanremo\/"},{"@type":"ListItem","position":3,"name":"Casino de San Remo"}]},{"@type":"WebSite","@id":"https:\/\/sanremoguide.it\/#website","url":"https:\/\/sanremoguide.it\/","name":"SANREMO GUIDE | la guida turistica di Sanremo","description":"la guida turistica della citt\u00e0 di Sanremo","potentialAction":[{"@type":"SearchAction","target":{"@type":"EntryPoint","urlTemplate":"https:\/\/sanremoguide.it\/?s={search_term_string}"},"query-input":{"@type":"PropertyValueSpecification","valueRequired":true,"valueName":"search_term_string"}}],"inLanguage":"fr-FR"}]}},"_links":{"self":[{"href":"https:\/\/sanremoguide.it\/fr\/wp-json\/wp\/v2\/pages\/9660","targetHints":{"allow":["GET"]}}],"collection":[{"href":"https:\/\/sanremoguide.it\/fr\/wp-json\/wp\/v2\/pages"}],"about":[{"href":"https:\/\/sanremoguide.it\/fr\/wp-json\/wp\/v2\/types\/page"}],"author":[{"embeddable":true,"href":"https:\/\/sanremoguide.it\/fr\/wp-json\/wp\/v2\/users\/1"}],"replies":[{"embeddable":true,"href":"https:\/\/sanremoguide.it\/fr\/wp-json\/wp\/v2\/comments?post=9660"}],"version-history":[{"count":2,"href":"https:\/\/sanremoguide.it\/fr\/wp-json\/wp\/v2\/pages\/9660\/revisions"}],"predecessor-version":[{"id":13198,"href":"https:\/\/sanremoguide.it\/fr\/wp-json\/wp\/v2\/pages\/9660\/revisions\/13198"}],"up":[{"embeddable":true,"href":"https:\/\/sanremoguide.it\/fr\/wp-json\/wp\/v2\/pages\/12240"}],"wp:attachment":[{"href":"https:\/\/sanremoguide.it\/fr\/wp-json\/wp\/v2\/media?parent=9660"}],"curies":[{"name":"wp","href":"https:\/\/api.w.org\/{rel}","templated":true}]}}