{"id":9662,"date":"2022-05-03T11:18:38","date_gmt":"2022-05-03T11:18:38","guid":{"rendered":"https:\/\/sanremoguide.it\/tennis\/"},"modified":"2022-06-17T17:04:36","modified_gmt":"2022-06-17T17:04:36","slug":"tennis","status":"publish","type":"page","link":"https:\/\/sanremoguide.it\/fr\/la-ville-de-sanremo\/sports\/tennis\/","title":{"rendered":"Tennis"},"content":{"rendered":"<p>[et_pb_section fb_built=\u00a0\u00bb1&Prime; fullwidth=\u00a0\u00bbon\u00a0\u00bb _builder_version=\u00a0\u00bb4.17.4&Prime; _module_preset=\u00a0\u00bbdefault\u00a0\u00bb locked=\u00a0\u00bboff\u00a0\u00bb global_colors_info=\u00a0\u00bb{}\u00a0\u00bb][et_pb_fullwidth_slider _builder_version=\u00a0\u00bb4.17.4&Prime; _module_preset=\u00a0\u00bbdefault\u00a0\u00bb background_image=\u00a0\u00bbhttps:\/\/sanremoguide.it\/wp-content\/uploads\/2018\/09\/Luca_Lombardi_Sanremo_La_Primavera.jpg\u00a0\u00bb global_colors_info=\u00a0\u00bb{}\u00a0\u00bb][et_pb_slide heading=\u00a0\u00bbTennis\u00a0\u00bb _builder_version=\u00a0\u00bb4.17.4&Prime; _module_preset=\u00a0\u00bbdefault\u00a0\u00bb custom_button=\u00a0\u00bbon\u00a0\u00bb button_text_color=\u00a0\u00bb#256b00&Prime; button_bg_color=\u00a0\u00bb#f2b500&Prime; button_border_color=\u00a0\u00bb#FFFFFF\u00a0\u00bb button_icon=\u00a0\u00bb&#x41;||divi||400&Prime; text_orientation=\u00a0\u00bbcenter\u00a0\u00bb background_layout=\u00a0\u00bblight\u00a0\u00bb box_shadow_style_button=\u00a0\u00bbpreset1&Prime; text_shadow_style=\u00a0\u00bbpreset3&Prime; global_colors_info=\u00a0\u00bb{}\u00a0\u00bb sticky_transition=\u00a0\u00bbon\u00a0\u00bb][\/et_pb_slide][\/et_pb_fullwidth_slider][\/et_pb_section][et_pb_section fb_built=\u00a0\u00bb1&Prime; admin_label=\u00a0\u00bbsection\u00a0\u00bb _builder_version=\u00a0\u00bb4.16&Prime; global_colors_info=\u00a0\u00bb{}\u00a0\u00bb][et_pb_row admin_label=\u00a0\u00bbrow\u00a0\u00bb _builder_version=\u00a0\u00bb4.16&Prime; background_size=\u00a0\u00bbinitial\u00a0\u00bb background_position=\u00a0\u00bbtop_left\u00a0\u00bb background_repeat=\u00a0\u00bbrepeat\u00a0\u00bb global_colors_info=\u00a0\u00bb{}\u00a0\u00bb][et_pb_column type=\u00a0\u00bb4_4&Prime; _builder_version=\u00a0\u00bb4.16&Prime; custom_padding=\u00a0\u00bb|||\u00a0\u00bb global_colors_info=\u00a0\u00bb{}\u00a0\u00bb custom_padding__hover=\u00a0\u00bb|||\u00a0\u00bb][et_pb_text admin_label=\u00a0\u00bbText\u00a0\u00bb _builder_version=\u00a0\u00bb4.16&Prime; background_size=\u00a0\u00bbinitial\u00a0\u00bb background_position=\u00a0\u00bbtop_left\u00a0\u00bb background_repeat=\u00a0\u00bbrepeat\u00a0\u00bb global_colors_info=\u00a0\u00bb{}\u00a0\u00bb]<b>Le club de tennis Solaro est un \u00e9tablissement moderne situ\u00e9 sur les collines entourant San Remo (\u00e0 environ 1 km du centre-ville), construit dans les ann\u00e9es 1970 dans un style m\u00e9diterran\u00e9en moderne.<\/b><\/p>\n<h3><img decoding=\"async\" class=\"aligncenter\" src=\"https:\/\/www.sanremoguide.it\/uploads\/Sanremo_sport_tennis_350x200.jpg\" alt=\"Tennis a Sanremo - Foto APT RdF\" \/><\/h3>\n<p><span style=\"font-weight: 400;\">Le club de tennis a accueilli plusieurs \u00e9v\u00e9nements importants, tels que le championnat de tennis italien en 1982, la coupe Davis, les tournois du Grand Prix, les championnats des moins de 14 ans et, r\u00e9cemment, la s\u00e9ance d\u2019entra\u00eenement de l\u2019\u00e9quipe australienne de la coupe Davis qui a ensuite remport\u00e9 la finale contre La France \u00e0 Nice.<\/span><\/p>\n<p><span style=\"font-weight: 400;\">le <\/span><b>Club de tennis Solaro<\/b><span style=\"font-weight: 400;\"> offre 9 courts de tennis (avec des terrains en ciment et en terre naturelle), dont 3 sont \u00e9quip\u00e9s de lampes pour les matchs de nuit; 3 terrains de football; une piscine; un sauna; et un centre de remise en forme o\u00f9 vous pourrez faire de la musculation, de l&rsquo;a\u00e9robic et du cardio-fitness.<\/span><span style=\"font-weight: 400;\"><br \/>\n<\/span><span style=\"font-weight: 400;\">Ici, vous pouvez \u00e9galement trouver un parking et un restaurant.<\/span><\/p>\n<p><span style=\"font-weight: 400;\">Gr\u00e2ce aux conditions m\u00e9t\u00e9orologiques exceptionnelles, vous pourrez jouer au tennis en plein air toute l&rsquo;ann\u00e9e \u00e0 San Remo, m\u00eame en automne, lorsque les journ\u00e9es ensoleill\u00e9es et les temp\u00e9ratures cl\u00e9mentes sont g\u00e9n\u00e9ralement garanties. Au club de tennis Solaro, vous avez la possibilit\u00e9 de vous entra\u00eener avec un instructeur ou de louer le court de tennis pour un match relaxant.<\/span><\/p>\n<p><span style=\"font-weight: 400;\">Loin des foules mais \u00e0 quelques pas du centre-ville anim\u00e9, le club de tennis est facilement accessible en transports en commun et en voiture. Il est facilement accessible depuis l\u2019autoroute dei Fiori (autoroute de G\u00eanes-Vintimille).<\/span><\/p>\n<p><span style=\"font-weight: 400;\">Un deuxi\u00e8me \u00e9tablissement d\u00e9di\u00e9 au tennis, le Club Matuzia, est situ\u00e9 le long d\u2019Aurelia, dans le quartier de Foce.<\/span>[\/et_pb_text][\/et_pb_column][\/et_pb_row][\/et_pb_section][et_pb_section fb_built=\u00a0\u00bb1&Prime; fullwidth=\u00a0\u00bbon\u00a0\u00bb _builder_version=\u00a0\u00bb4.17.4&Prime; _module_preset=\u00a0\u00bbdefault\u00a0\u00bb global_module=\u00a0\u00bb12524&Prime; saved_tabs=\u00a0\u00bball\u00a0\u00bb locked=\u00a0\u00bboff\u00a0\u00bb collapsed=\u00a0\u00bboff\u00a0\u00bb global_colors_info=\u00a0\u00bb{}\u00a0\u00bb][et_pb_fullwidth_slider _builder_version=\u00a0\u00bb4.17.4&Prime; _module_preset=\u00a0\u00bbdefault\u00a0\u00bb global_colors_info=\u00a0\u00bb{}\u00a0\u00bb][et_pb_slide heading=\u00a0\u00bbESCURSIONI ED EXPERIENCE A SANREMO E IN RIVIERA\u00a0\u00bb button_text=\u00a0\u00bbRICHIEDI IL CATALOGO\u00a0\u00bb button_link=\u00a0\u00bbhttps:\/\/sanremoguide.it\/contatti\u00a0\u00bb image=\u00a0\u00bbhttps:\/\/sanremoguide.it\/wp-content\/uploads\/2022\/06\/itouriviera.png\u00a0\u00bb _builder_version=\u00a0\u00bb4.17.4&Prime; _module_preset=\u00a0\u00bbdefault\u00a0\u00bb background_image=\u00a0\u00bbhttps:\/\/sanremoguide.it\/wp-content\/uploads\/2018\/07\/luca-lombardi-sanremo_bn.jpg\u00a0\u00bb background_enable_image=\u00a0\u00bbon\u00a0\u00bb custom_button=\u00a0\u00bbon\u00a0\u00bb button_bg_color=\u00a0\u00bb#E09900&Prime; button_border_width=\u00a0\u00bb1px\u00a0\u00bb button_border_color=\u00a0\u00bb#FFFFFF\u00a0\u00bb global_colors_info=\u00a0\u00bb{}\u00a0\u00bb sticky_transition=\u00a0\u00bbon\u00a0\u00bb][\/et_pb_slide][\/et_pb_fullwidth_slider][\/et_pb_section]<\/p>\n","protected":false},"excerpt":{"rendered":"<p>Le club de tennis Solaro est un \u00e9tablissement moderne situ\u00e9 sur les collines entourant San Remo (\u00e0 environ 1 km du centre-ville), construit dans les ann\u00e9es 1970 dans un style m\u00e9diterran\u00e9en moderne. Le club de tennis a accueilli plusieurs \u00e9v\u00e9nements importants, tels que le championnat de tennis italien en 1982, la coupe Davis, les tournois [&hellip;]<\/p>\n","protected":false},"author":1,"featured_media":0,"parent":9689,"menu_order":0,"comment_status":"closed","ping_status":"closed","template":"","meta":{"_et_pb_use_builder":"on","_et_pb_old_content":"<b>Le club de tennis Solaro est un \u00e9tablissement moderne situ\u00e9 sur les collines entourant San Remo (\u00e0 environ 1 km du centre-ville), construit dans les ann\u00e9es 1970 dans un style m\u00e9diterran\u00e9en moderne.<\/b>\r\n<h3><img class=\"aligncenter\" src=\"https:\/\/www.sanremoguide.it\/uploads\/Sanremo_sport_tennis_350x200.jpg\" alt=\"Tennis a Sanremo - Foto APT RdF\" \/><\/h3>\r\n<span style=\"font-weight: 400;\">Le club de tennis a accueilli plusieurs \u00e9v\u00e9nements importants, tels que le championnat de tennis italien en 1982, la coupe Davis, les tournois du Grand Prix, les championnats des moins de 14 ans et, r\u00e9cemment, la s\u00e9ance d\u2019entra\u00eenement de l\u2019\u00e9quipe australienne de la coupe Davis qui a ensuite remport\u00e9 la finale contre La France \u00e0 Nice.<\/span>\r\n\r\n<span style=\"font-weight: 400;\">le <\/span><b>Club de tennis Solaro<\/b><span style=\"font-weight: 400;\"> offre 9 courts de tennis (avec des terrains en ciment et en terre naturelle), dont 3 sont \u00e9quip\u00e9s de lampes pour les matchs de nuit; 3 terrains de football; une piscine; un sauna; et un centre de remise en forme o\u00f9 vous pourrez faire de la musculation, de l'a\u00e9robic et du cardio-fitness.<\/span><span style=\"font-weight: 400;\">\r\n<\/span><span style=\"font-weight: 400;\">Ici, vous pouvez \u00e9galement trouver un parking et un restaurant.<\/span>\r\n\r\n<span style=\"font-weight: 400;\">Gr\u00e2ce aux conditions m\u00e9t\u00e9orologiques exceptionnelles, vous pourrez jouer au tennis en plein air toute l'ann\u00e9e \u00e0 San Remo, m\u00eame en automne, lorsque les journ\u00e9es ensoleill\u00e9es et les temp\u00e9ratures cl\u00e9mentes sont g\u00e9n\u00e9ralement garanties. Au club de tennis Solaro, vous avez la possibilit\u00e9 de vous entra\u00eener avec un instructeur ou de louer le court de tennis pour un match relaxant.<\/span>\r\n\r\n<span style=\"font-weight: 400;\">Loin des foules mais \u00e0 quelques pas du centre-ville anim\u00e9, le club de tennis est facilement accessible en transports en commun et en voiture. Il est facilement accessible depuis l\u2019autoroute dei Fiori (autoroute de G\u00eanes-Vintimille).<\/span>\r\n\r\n<span style=\"font-weight: 400;\">Un deuxi\u00e8me \u00e9tablissement d\u00e9di\u00e9 au tennis, le Club Matuzia, est situ\u00e9 le long d\u2019Aurelia, dans le quartier de Foce.<\/span>","_et_gb_content_width":"","footnotes":""},"class_list":["post-9662","page","type-page","status-publish","hentry"],"yoast_head":"<!-- This site is optimized with the Yoast SEO plugin v27.4 - https:\/\/yoast.com\/product\/yoast-seo-wordpress\/ -->\n<title>Tennis \u00e0 Sanremo au Sporting Club Solaro<\/title>\n<meta name=\"description\" content=\"Le Sporting Club Solaro est le club de tennis exclusif de Sanremo, \u00e9quip\u00e9 de courts de tennis, d&#039;une salle de sport et d&#039;une piscine. Le club accueille la Coupe Davis, les championnats europ\u00e9ens...\" \/>\n<meta name=\"robots\" content=\"index, follow, max-snippet:-1, max-image-preview:large, max-video-preview:-1\" \/>\n<link rel=\"canonical\" href=\"https:\/\/sanremoguide.it\/fr\/la-ville-de-sanremo\/sports\/tennis\/\" \/>\n<meta property=\"og:locale\" content=\"fr_FR\" \/>\n<meta property=\"og:type\" content=\"article\" \/>\n<meta property=\"og:title\" content=\"Tennis \u00e0 Sanremo au Sporting Club Solaro\" \/>\n<meta property=\"og:description\" content=\"Le Sporting Club Solaro est le club de tennis exclusif de Sanremo, \u00e9quip\u00e9 de courts de tennis, d&#039;une salle de sport et d&#039;une piscine. Le club accueille la Coupe Davis, les championnats europ\u00e9ens...\" \/>\n<meta property=\"og:url\" content=\"https:\/\/sanremoguide.it\/fr\/la-ville-de-sanremo\/sports\/tennis\/\" \/>\n<meta property=\"og:site_name\" content=\"SANREMO GUIDE | la guida turistica di Sanremo\" \/>\n<meta property=\"article:modified_time\" content=\"2022-06-17T17:04:36+00:00\" \/>\n<meta property=\"og:image\" content=\"https:\/\/www.sanremoguide.it\/uploads\/Sanremo_sport_tennis_350x200.jpg\" \/>\n<meta name=\"twitter:label1\" content=\"Dur\u00e9e de lecture estim\u00e9e\" \/>\n\t<meta name=\"twitter:data1\" content=\"3 minutes\" \/>\n<script type=\"application\/ld+json\" class=\"yoast-schema-graph\">{\"@context\":\"https:\\\/\\\/schema.org\",\"@graph\":[{\"@type\":\"WebPage\",\"@id\":\"https:\\\/\\\/sanremoguide.it\\\/fr\\\/la-ville-de-sanremo\\\/sports\\\/tennis\\\/\",\"url\":\"https:\\\/\\\/sanremoguide.it\\\/fr\\\/la-ville-de-sanremo\\\/sports\\\/tennis\\\/\",\"name\":\"Tennis \u00e0 Sanremo au Sporting Club Solaro\",\"isPartOf\":{\"@id\":\"https:\\\/\\\/sanremoguide.it\\\/#website\"},\"primaryImageOfPage\":{\"@id\":\"https:\\\/\\\/sanremoguide.it\\\/fr\\\/la-ville-de-sanremo\\\/sports\\\/tennis\\\/#primaryimage\"},\"image\":{\"@id\":\"https:\\\/\\\/sanremoguide.it\\\/fr\\\/la-ville-de-sanremo\\\/sports\\\/tennis\\\/#primaryimage\"},\"thumbnailUrl\":\"https:\\\/\\\/www.sanremoguide.it\\\/uploads\\\/Sanremo_sport_tennis_350x200.jpg\",\"datePublished\":\"2022-05-03T11:18:38+00:00\",\"dateModified\":\"2022-06-17T17:04:36+00:00\",\"description\":\"Le Sporting Club Solaro est le club de tennis exclusif de Sanremo, \u00e9quip\u00e9 de courts de tennis, d'une salle de sport et d'une piscine. Le club accueille la Coupe Davis, les championnats europ\u00e9ens...\",\"breadcrumb\":{\"@id\":\"https:\\\/\\\/sanremoguide.it\\\/fr\\\/la-ville-de-sanremo\\\/sports\\\/tennis\\\/#breadcrumb\"},\"inLanguage\":\"fr-FR\",\"potentialAction\":[{\"@type\":\"ReadAction\",\"target\":[\"https:\\\/\\\/sanremoguide.it\\\/fr\\\/la-ville-de-sanremo\\\/sports\\\/tennis\\\/\"]}]},{\"@type\":\"ImageObject\",\"inLanguage\":\"fr-FR\",\"@id\":\"https:\\\/\\\/sanremoguide.it\\\/fr\\\/la-ville-de-sanremo\\\/sports\\\/tennis\\\/#primaryimage\",\"url\":\"https:\\\/\\\/www.sanremoguide.it\\\/uploads\\\/Sanremo_sport_tennis_350x200.jpg\",\"contentUrl\":\"https:\\\/\\\/www.sanremoguide.it\\\/uploads\\\/Sanremo_sport_tennis_350x200.jpg\"},{\"@type\":\"BreadcrumbList\",\"@id\":\"https:\\\/\\\/sanremoguide.it\\\/fr\\\/la-ville-de-sanremo\\\/sports\\\/tennis\\\/#breadcrumb\",\"itemListElement\":[{\"@type\":\"ListItem\",\"position\":1,\"name\":\"Home\",\"item\":\"https:\\\/\\\/sanremoguide.it\\\/\"},{\"@type\":\"ListItem\",\"position\":2,\"name\":\"LA VILLE DE SANREMO\",\"item\":\"https:\\\/\\\/sanremoguide.it\\\/fr\\\/la-ville-de-sanremo\\\/\"},{\"@type\":\"ListItem\",\"position\":3,\"name\":\"Sports\",\"item\":\"https:\\\/\\\/sanremoguide.it\\\/fr\\\/la-ville-de-sanremo\\\/sports\\\/\"},{\"@type\":\"ListItem\",\"position\":4,\"name\":\"Tennis\"}]},{\"@type\":\"WebSite\",\"@id\":\"https:\\\/\\\/sanremoguide.it\\\/#website\",\"url\":\"https:\\\/\\\/sanremoguide.it\\\/\",\"name\":\"SANREMO GUIDE | la guida turistica di Sanremo\",\"description\":\"la guida turistica della citt\u00e0 di Sanremo\",\"potentialAction\":[{\"@type\":\"SearchAction\",\"target\":{\"@type\":\"EntryPoint\",\"urlTemplate\":\"https:\\\/\\\/sanremoguide.it\\\/?s={search_term_string}\"},\"query-input\":{\"@type\":\"PropertyValueSpecification\",\"valueRequired\":true,\"valueName\":\"search_term_string\"}}],\"inLanguage\":\"fr-FR\"}]}<\/script>\n<!-- \/ Yoast SEO plugin. -->","yoast_head_json":{"title":"Tennis \u00e0 Sanremo au Sporting Club Solaro","description":"Le Sporting Club Solaro est le club de tennis exclusif de Sanremo, \u00e9quip\u00e9 de courts de tennis, d'une salle de sport et d'une piscine. Le club accueille la Coupe Davis, les championnats europ\u00e9ens...","robots":{"index":"index","follow":"follow","max-snippet":"max-snippet:-1","max-image-preview":"max-image-preview:large","max-video-preview":"max-video-preview:-1"},"canonical":"https:\/\/sanremoguide.it\/fr\/la-ville-de-sanremo\/sports\/tennis\/","og_locale":"fr_FR","og_type":"article","og_title":"Tennis \u00e0 Sanremo au Sporting Club Solaro","og_description":"Le Sporting Club Solaro est le club de tennis exclusif de Sanremo, \u00e9quip\u00e9 de courts de tennis, d'une salle de sport et d'une piscine. Le club accueille la Coupe Davis, les championnats europ\u00e9ens...","og_url":"https:\/\/sanremoguide.it\/fr\/la-ville-de-sanremo\/sports\/tennis\/","og_site_name":"SANREMO GUIDE | la guida turistica di Sanremo","article_modified_time":"2022-06-17T17:04:36+00:00","og_image":[{"url":"https:\/\/www.sanremoguide.it\/uploads\/Sanremo_sport_tennis_350x200.jpg","type":"","width":"","height":""}],"twitter_misc":{"Dur\u00e9e de lecture estim\u00e9e":"3 minutes"},"schema":{"@context":"https:\/\/schema.org","@graph":[{"@type":"WebPage","@id":"https:\/\/sanremoguide.it\/fr\/la-ville-de-sanremo\/sports\/tennis\/","url":"https:\/\/sanremoguide.it\/fr\/la-ville-de-sanremo\/sports\/tennis\/","name":"Tennis \u00e0 Sanremo au Sporting Club Solaro","isPartOf":{"@id":"https:\/\/sanremoguide.it\/#website"},"primaryImageOfPage":{"@id":"https:\/\/sanremoguide.it\/fr\/la-ville-de-sanremo\/sports\/tennis\/#primaryimage"},"image":{"@id":"https:\/\/sanremoguide.it\/fr\/la-ville-de-sanremo\/sports\/tennis\/#primaryimage"},"thumbnailUrl":"https:\/\/www.sanremoguide.it\/uploads\/Sanremo_sport_tennis_350x200.jpg","datePublished":"2022-05-03T11:18:38+00:00","dateModified":"2022-06-17T17:04:36+00:00","description":"Le Sporting Club Solaro est le club de tennis exclusif de Sanremo, \u00e9quip\u00e9 de courts de tennis, d'une salle de sport et d'une piscine. Le club accueille la Coupe Davis, les championnats europ\u00e9ens...","breadcrumb":{"@id":"https:\/\/sanremoguide.it\/fr\/la-ville-de-sanremo\/sports\/tennis\/#breadcrumb"},"inLanguage":"fr-FR","potentialAction":[{"@type":"ReadAction","target":["https:\/\/sanremoguide.it\/fr\/la-ville-de-sanremo\/sports\/tennis\/"]}]},{"@type":"ImageObject","inLanguage":"fr-FR","@id":"https:\/\/sanremoguide.it\/fr\/la-ville-de-sanremo\/sports\/tennis\/#primaryimage","url":"https:\/\/www.sanremoguide.it\/uploads\/Sanremo_sport_tennis_350x200.jpg","contentUrl":"https:\/\/www.sanremoguide.it\/uploads\/Sanremo_sport_tennis_350x200.jpg"},{"@type":"BreadcrumbList","@id":"https:\/\/sanremoguide.it\/fr\/la-ville-de-sanremo\/sports\/tennis\/#breadcrumb","itemListElement":[{"@type":"ListItem","position":1,"name":"Home","item":"https:\/\/sanremoguide.it\/"},{"@type":"ListItem","position":2,"name":"LA VILLE DE SANREMO","item":"https:\/\/sanremoguide.it\/fr\/la-ville-de-sanremo\/"},{"@type":"ListItem","position":3,"name":"Sports","item":"https:\/\/sanremoguide.it\/fr\/la-ville-de-sanremo\/sports\/"},{"@type":"ListItem","position":4,"name":"Tennis"}]},{"@type":"WebSite","@id":"https:\/\/sanremoguide.it\/#website","url":"https:\/\/sanremoguide.it\/","name":"SANREMO GUIDE | la guida turistica di Sanremo","description":"la guida turistica della citt\u00e0 di Sanremo","potentialAction":[{"@type":"SearchAction","target":{"@type":"EntryPoint","urlTemplate":"https:\/\/sanremoguide.it\/?s={search_term_string}"},"query-input":{"@type":"PropertyValueSpecification","valueRequired":true,"valueName":"search_term_string"}}],"inLanguage":"fr-FR"}]}},"_links":{"self":[{"href":"https:\/\/sanremoguide.it\/fr\/wp-json\/wp\/v2\/pages\/9662","targetHints":{"allow":["GET"]}}],"collection":[{"href":"https:\/\/sanremoguide.it\/fr\/wp-json\/wp\/v2\/pages"}],"about":[{"href":"https:\/\/sanremoguide.it\/fr\/wp-json\/wp\/v2\/types\/page"}],"author":[{"embeddable":true,"href":"https:\/\/sanremoguide.it\/fr\/wp-json\/wp\/v2\/users\/1"}],"replies":[{"embeddable":true,"href":"https:\/\/sanremoguide.it\/fr\/wp-json\/wp\/v2\/comments?post=9662"}],"version-history":[{"count":2,"href":"https:\/\/sanremoguide.it\/fr\/wp-json\/wp\/v2\/pages\/9662\/revisions"}],"predecessor-version":[{"id":13220,"href":"https:\/\/sanremoguide.it\/fr\/wp-json\/wp\/v2\/pages\/9662\/revisions\/13220"}],"up":[{"embeddable":true,"href":"https:\/\/sanremoguide.it\/fr\/wp-json\/wp\/v2\/pages\/9689"}],"wp:attachment":[{"href":"https:\/\/sanremoguide.it\/fr\/wp-json\/wp\/v2\/media?parent=9662"}],"curies":[{"name":"wp","href":"https:\/\/api.w.org\/{rel}","templated":true}]}}