{"id":9663,"date":"2022-05-03T11:20:47","date_gmt":"2022-05-03T11:20:47","guid":{"rendered":"https:\/\/sanremoguide.it\/cyclisme\/"},"modified":"2022-06-17T17:01:23","modified_gmt":"2022-06-17T17:01:23","slug":"cyclisme","status":"publish","type":"page","link":"https:\/\/sanremoguide.it\/fr\/la-ville-de-sanremo\/sports\/cyclisme\/","title":{"rendered":"Cyclisme"},"content":{"rendered":"<p>[et_pb_section fb_built=\u00a0\u00bb1&Prime; fullwidth=\u00a0\u00bbon\u00a0\u00bb _builder_version=\u00a0\u00bb4.17.4&Prime; _module_preset=\u00a0\u00bbdefault\u00a0\u00bb locked=\u00a0\u00bboff\u00a0\u00bb global_colors_info=\u00a0\u00bb{}\u00a0\u00bb][et_pb_fullwidth_slider _builder_version=\u00a0\u00bb4.17.4&Prime; _module_preset=\u00a0\u00bbdefault\u00a0\u00bb background_image=\u00a0\u00bbhttps:\/\/sanremoguide.it\/wp-content\/uploads\/2018\/09\/Luca_Lombardi_Sanremo_La_Primavera.jpg\u00a0\u00bb global_colors_info=\u00a0\u00bb{}\u00a0\u00bb][et_pb_slide heading=\u00a0\u00bbCyclisme\u00a0\u00bb _builder_version=\u00a0\u00bb4.17.4&Prime; _module_preset=\u00a0\u00bbdefault\u00a0\u00bb custom_button=\u00a0\u00bbon\u00a0\u00bb button_text_color=\u00a0\u00bb#256b00&Prime; button_bg_color=\u00a0\u00bb#f2b500&Prime; button_border_color=\u00a0\u00bb#FFFFFF\u00a0\u00bb button_icon=\u00a0\u00bb&#x41;||divi||400&Prime; text_orientation=\u00a0\u00bbcenter\u00a0\u00bb background_layout=\u00a0\u00bblight\u00a0\u00bb box_shadow_style_button=\u00a0\u00bbpreset1&Prime; text_shadow_style=\u00a0\u00bbpreset3&Prime; global_colors_info=\u00a0\u00bb{}\u00a0\u00bb sticky_transition=\u00a0\u00bbon\u00a0\u00bb][\/et_pb_slide][\/et_pb_fullwidth_slider][\/et_pb_section][et_pb_section fb_built=\u00a0\u00bb1&Prime; admin_label=\u00a0\u00bbsection\u00a0\u00bb _builder_version=\u00a0\u00bb4.16&Prime; global_colors_info=\u00a0\u00bb{}\u00a0\u00bb][et_pb_row admin_label=\u00a0\u00bbrow\u00a0\u00bb _builder_version=\u00a0\u00bb4.16&Prime; background_size=\u00a0\u00bbinitial\u00a0\u00bb background_position=\u00a0\u00bbtop_left\u00a0\u00bb background_repeat=\u00a0\u00bbrepeat\u00a0\u00bb global_colors_info=\u00a0\u00bb{}\u00a0\u00bb][et_pb_column type=\u00a0\u00bb4_4&Prime; _builder_version=\u00a0\u00bb4.16&Prime; custom_padding=\u00a0\u00bb|||\u00a0\u00bb global_colors_info=\u00a0\u00bb{}\u00a0\u00bb custom_padding__hover=\u00a0\u00bb|||\u00a0\u00bb][et_pb_text admin_label=\u00a0\u00bbText\u00a0\u00bb _builder_version=\u00a0\u00bb4.16&Prime; background_size=\u00a0\u00bbinitial\u00a0\u00bb background_position=\u00a0\u00bbtop_left\u00a0\u00bb background_repeat=\u00a0\u00bbrepeat\u00a0\u00bb global_colors_info=\u00a0\u00bb{}\u00a0\u00bb]<span style=\"font-weight: 400;\">L&rsquo;arri\u00e8re-pays Riviera et San Remo est un choix parfait pour les amateurs de v\u00e9lo. Les routes de niveau ou les routes sinueuses qui longent les collines peuvent vous offrir la possibilit\u00e9 de faire de l&rsquo;exercice tout en profitant de l&rsquo;air marin frais.<\/span><\/p>\n<p><img decoding=\"async\" class=\"aligncenter\" src=\"https:\/\/www.sanremoguide.it\/uploads\/Sanremo_sport_mtb_350x200.jpg\" alt=\"sport aria aperta - Mountain Bike nell'entroterra di Sanremo - Foto APT RdF\" \/><\/p>\n<p><span style=\"font-weight: 400;\">De nombreux experts et amateurs ont choisi San Remo pour s\u2019entra\u00eener toute l\u2019ann\u00e9e en raison de la douceur de son climat.<\/span><\/p>\n<p><b>VTT et trekking<\/b><\/p>\n<p><span style=\"font-weight: 400;\">Les vall\u00e9es et les montagnes qui entourent San Remo offrent des itin\u00e9raires int\u00e9ressants \u00e0 ceux qui aiment la randonn\u00e9e et le VTT. Les itin\u00e9raires de l&rsquo;arri\u00e8re-pays de San Remo peuvent convenir \u00e0 la fois aux amateurs et aux experts, avec des itin\u00e9raires allant de d\u00e9butant \u00e0 difficile. En outre, avec le bon \u00e9quipement, vous pouvez \u00e9galement organiser des excursions de quelques jours.<\/span><\/p>\n<p><span style=\"font-weight: 400;\">Chaussures de trekking, VTT, tenue d\u00e9contract\u00e9e et carte d\u00e9taill\u00e9e: tels sont les ingr\u00e9dients de votre voyage inoubliable \u00e0 la d\u00e9couverte de ce merveilleux paysage. Entour\u00e9s de verdure et loin de l&rsquo;agitation de la ville, des itin\u00e9raires saisissants serpentent le long de champs de lavande, de maisons en pierre, d&rsquo;\u00e9glises paroissiales du XVe si\u00e8cle, de muletracks, de fontaines et de sanctuaires.<\/span><\/p>\n<p><span style=\"font-weight: 400;\">En quittant la zone c\u00f4ti\u00e8re derri\u00e8re vous lorsque vous traversez des virages et quelques centaines de m\u00e8tres d&rsquo;altitude, vous traverserez bosquets de ch\u00e2taigniers et h\u00eatraies &#8211; un paysage tr\u00e8s diff\u00e9rent de l&rsquo;environnement c\u00f4tier des palmiers et des plantes tropicales. \u00a0Vous vous retrouverez ainsi entour\u00e9 de bois, de vall\u00e9es, de monuments historiques &#8211; tels que des \u00e9glises paroissiales et des sanctuaires &#8211; et des villages d&rsquo;une beaut\u00e9 saisissante<\/span>[\/et_pb_text][\/et_pb_column][\/et_pb_row][\/et_pb_section][et_pb_section fb_built=\u00a0\u00bb1&Prime; fullwidth=\u00a0\u00bbon\u00a0\u00bb _builder_version=\u00a0\u00bb4.17.4&Prime; _module_preset=\u00a0\u00bbdefault\u00a0\u00bb global_module=\u00a0\u00bb12524&Prime; saved_tabs=\u00a0\u00bball\u00a0\u00bb locked=\u00a0\u00bboff\u00a0\u00bb collapsed=\u00a0\u00bboff\u00a0\u00bb global_colors_info=\u00a0\u00bb{}\u00a0\u00bb][et_pb_fullwidth_slider _builder_version=\u00a0\u00bb4.17.4&Prime; _module_preset=\u00a0\u00bbdefault\u00a0\u00bb global_colors_info=\u00a0\u00bb{}\u00a0\u00bb][et_pb_slide heading=\u00a0\u00bbESCURSIONI ED EXPERIENCE A SANREMO E IN RIVIERA\u00a0\u00bb button_text=\u00a0\u00bbRICHIEDI IL CATALOGO\u00a0\u00bb button_link=\u00a0\u00bbhttps:\/\/sanremoguide.it\/contatti\u00a0\u00bb image=\u00a0\u00bbhttps:\/\/sanremoguide.it\/wp-content\/uploads\/2022\/06\/itouriviera.png\u00a0\u00bb _builder_version=\u00a0\u00bb4.17.4&Prime; _module_preset=\u00a0\u00bbdefault\u00a0\u00bb background_image=\u00a0\u00bbhttps:\/\/sanremoguide.it\/wp-content\/uploads\/2018\/07\/luca-lombardi-sanremo_bn.jpg\u00a0\u00bb background_enable_image=\u00a0\u00bbon\u00a0\u00bb custom_button=\u00a0\u00bbon\u00a0\u00bb button_bg_color=\u00a0\u00bb#E09900&Prime; button_border_width=\u00a0\u00bb1px\u00a0\u00bb button_border_color=\u00a0\u00bb#FFFFFF\u00a0\u00bb global_colors_info=\u00a0\u00bb{}\u00a0\u00bb sticky_transition=\u00a0\u00bbon\u00a0\u00bb][\/et_pb_slide][\/et_pb_fullwidth_slider][\/et_pb_section]<\/p>\n","protected":false},"excerpt":{"rendered":"<p>L&rsquo;arri\u00e8re-pays Riviera et San Remo est un choix parfait pour les amateurs de v\u00e9lo. Les routes de niveau ou les routes sinueuses qui longent les collines peuvent vous offrir la possibilit\u00e9 de faire de l&rsquo;exercice tout en profitant de l&rsquo;air marin frais. De nombreux experts et amateurs ont choisi San Remo pour s\u2019entra\u00eener toute l\u2019ann\u00e9e [&hellip;]<\/p>\n","protected":false},"author":1,"featured_media":0,"parent":9689,"menu_order":0,"comment_status":"closed","ping_status":"closed","template":"","meta":{"_et_pb_use_builder":"on","_et_pb_old_content":"<span style=\"font-weight: 400;\">L'arri\u00e8re-pays Riviera et San Remo est un choix parfait pour les amateurs de v\u00e9lo. Les routes de niveau ou les routes sinueuses qui longent les collines peuvent vous offrir la possibilit\u00e9 de faire de l'exercice tout en profitant de l'air marin frais.<\/span>\r\n\r\n<img class=\"aligncenter\" src=\"https:\/\/www.sanremoguide.it\/uploads\/Sanremo_sport_mtb_350x200.jpg\" alt=\"sport aria aperta - Mountain Bike nell'entroterra di Sanremo - Foto APT RdF\" \/>\r\n\r\n<span style=\"font-weight: 400;\">De nombreux experts et amateurs ont choisi San Remo pour s\u2019entra\u00eener toute l\u2019ann\u00e9e en raison de la douceur de son climat.<\/span>\r\n\r\n<b>VTT et trekking<\/b>\r\n\r\n<span style=\"font-weight: 400;\">Les vall\u00e9es et les montagnes qui entourent San Remo offrent des itin\u00e9raires int\u00e9ressants \u00e0 ceux qui aiment la randonn\u00e9e et le VTT. Les itin\u00e9raires de l'arri\u00e8re-pays de San Remo peuvent convenir \u00e0 la fois aux amateurs et aux experts, avec des itin\u00e9raires allant de d\u00e9butant \u00e0 difficile. En outre, avec le bon \u00e9quipement, vous pouvez \u00e9galement organiser des excursions de quelques jours.<\/span>\r\n\r\n<span style=\"font-weight: 400;\">Chaussures de trekking, VTT, tenue d\u00e9contract\u00e9e et carte d\u00e9taill\u00e9e: tels sont les ingr\u00e9dients de votre voyage inoubliable \u00e0 la d\u00e9couverte de ce merveilleux paysage. Entour\u00e9s de verdure et loin de l'agitation de la ville, des itin\u00e9raires saisissants serpentent le long de champs de lavande, de maisons en pierre, d'\u00e9glises paroissiales du XVe si\u00e8cle, de muletracks, de fontaines et de sanctuaires.<\/span>\r\n\r\n<span style=\"font-weight: 400;\">En quittant la zone c\u00f4ti\u00e8re derri\u00e8re vous lorsque vous traversez des virages et quelques centaines de m\u00e8tres d'altitude, vous traverserez bosquets de ch\u00e2taigniers et h\u00eatraies - un paysage tr\u00e8s diff\u00e9rent de l'environnement c\u00f4tier des palmiers et des plantes tropicales. \u00a0Vous vous retrouverez ainsi entour\u00e9 de bois, de vall\u00e9es, de monuments historiques - tels que des \u00e9glises paroissiales et des sanctuaires - et des villages d'une beaut\u00e9 saisissante<\/span>","_et_gb_content_width":"","footnotes":""},"class_list":["post-9663","page","type-page","status-publish","hentry"],"yoast_head":"<!-- This site is optimized with the Yoast SEO plugin v27.4 - https:\/\/yoast.com\/product\/yoast-seo-wordpress\/ -->\n<title>Sports de plein air - cyclisme, cyclotourisme et randonn\u00e9e<\/title>\n<meta name=\"description\" content=\"Venez \u00e0 Sanremo pour pratiquer des sports de plein air comme le v\u00e9lo et le trekking. Il existe de nombreuses pistes cyclables suggestives, o\u00f9 vous pouvez \u00e9galement faire du trekking en VTT.\" \/>\n<meta name=\"robots\" content=\"index, follow, max-snippet:-1, max-image-preview:large, max-video-preview:-1\" \/>\n<link rel=\"canonical\" href=\"https:\/\/sanremoguide.it\/fr\/la-ville-de-sanremo\/sports\/cyclisme\/\" \/>\n<meta property=\"og:locale\" content=\"fr_FR\" \/>\n<meta property=\"og:type\" content=\"article\" \/>\n<meta property=\"og:title\" content=\"Sports de plein air - cyclisme, cyclotourisme et randonn\u00e9e\" \/>\n<meta property=\"og:description\" content=\"Venez \u00e0 Sanremo pour pratiquer des sports de plein air comme le v\u00e9lo et le trekking. Il existe de nombreuses pistes cyclables suggestives, o\u00f9 vous pouvez \u00e9galement faire du trekking en VTT.\" \/>\n<meta property=\"og:url\" content=\"https:\/\/sanremoguide.it\/fr\/la-ville-de-sanremo\/sports\/cyclisme\/\" \/>\n<meta property=\"og:site_name\" content=\"SANREMO GUIDE | la guida turistica di Sanremo\" \/>\n<meta property=\"article:modified_time\" content=\"2022-06-17T17:01:23+00:00\" \/>\n<meta property=\"og:image\" content=\"https:\/\/www.sanremoguide.it\/uploads\/Sanremo_sport_mtb_350x200.jpg\" \/>\n<meta name=\"twitter:label1\" content=\"Dur\u00e9e de lecture estim\u00e9e\" \/>\n\t<meta name=\"twitter:data1\" content=\"3 minutes\" \/>\n<script type=\"application\/ld+json\" class=\"yoast-schema-graph\">{\"@context\":\"https:\\\/\\\/schema.org\",\"@graph\":[{\"@type\":\"WebPage\",\"@id\":\"https:\\\/\\\/sanremoguide.it\\\/fr\\\/la-ville-de-sanremo\\\/sports\\\/cyclisme\\\/\",\"url\":\"https:\\\/\\\/sanremoguide.it\\\/fr\\\/la-ville-de-sanremo\\\/sports\\\/cyclisme\\\/\",\"name\":\"Sports de plein air - cyclisme, cyclotourisme et randonn\u00e9e\",\"isPartOf\":{\"@id\":\"https:\\\/\\\/sanremoguide.it\\\/#website\"},\"primaryImageOfPage\":{\"@id\":\"https:\\\/\\\/sanremoguide.it\\\/fr\\\/la-ville-de-sanremo\\\/sports\\\/cyclisme\\\/#primaryimage\"},\"image\":{\"@id\":\"https:\\\/\\\/sanremoguide.it\\\/fr\\\/la-ville-de-sanremo\\\/sports\\\/cyclisme\\\/#primaryimage\"},\"thumbnailUrl\":\"https:\\\/\\\/www.sanremoguide.it\\\/uploads\\\/Sanremo_sport_mtb_350x200.jpg\",\"datePublished\":\"2022-05-03T11:20:47+00:00\",\"dateModified\":\"2022-06-17T17:01:23+00:00\",\"description\":\"Venez \u00e0 Sanremo pour pratiquer des sports de plein air comme le v\u00e9lo et le trekking. Il existe de nombreuses pistes cyclables suggestives, o\u00f9 vous pouvez \u00e9galement faire du trekking en VTT.\",\"breadcrumb\":{\"@id\":\"https:\\\/\\\/sanremoguide.it\\\/fr\\\/la-ville-de-sanremo\\\/sports\\\/cyclisme\\\/#breadcrumb\"},\"inLanguage\":\"fr-FR\",\"potentialAction\":[{\"@type\":\"ReadAction\",\"target\":[\"https:\\\/\\\/sanremoguide.it\\\/fr\\\/la-ville-de-sanremo\\\/sports\\\/cyclisme\\\/\"]}]},{\"@type\":\"ImageObject\",\"inLanguage\":\"fr-FR\",\"@id\":\"https:\\\/\\\/sanremoguide.it\\\/fr\\\/la-ville-de-sanremo\\\/sports\\\/cyclisme\\\/#primaryimage\",\"url\":\"https:\\\/\\\/www.sanremoguide.it\\\/uploads\\\/Sanremo_sport_mtb_350x200.jpg\",\"contentUrl\":\"https:\\\/\\\/www.sanremoguide.it\\\/uploads\\\/Sanremo_sport_mtb_350x200.jpg\"},{\"@type\":\"BreadcrumbList\",\"@id\":\"https:\\\/\\\/sanremoguide.it\\\/fr\\\/la-ville-de-sanremo\\\/sports\\\/cyclisme\\\/#breadcrumb\",\"itemListElement\":[{\"@type\":\"ListItem\",\"position\":1,\"name\":\"Home\",\"item\":\"https:\\\/\\\/sanremoguide.it\\\/\"},{\"@type\":\"ListItem\",\"position\":2,\"name\":\"LA VILLE DE SANREMO\",\"item\":\"https:\\\/\\\/sanremoguide.it\\\/fr\\\/la-ville-de-sanremo\\\/\"},{\"@type\":\"ListItem\",\"position\":3,\"name\":\"Sports\",\"item\":\"https:\\\/\\\/sanremoguide.it\\\/fr\\\/la-ville-de-sanremo\\\/sports\\\/\"},{\"@type\":\"ListItem\",\"position\":4,\"name\":\"Cyclisme\"}]},{\"@type\":\"WebSite\",\"@id\":\"https:\\\/\\\/sanremoguide.it\\\/#website\",\"url\":\"https:\\\/\\\/sanremoguide.it\\\/\",\"name\":\"SANREMO GUIDE | la guida turistica di Sanremo\",\"description\":\"la guida turistica della citt\u00e0 di Sanremo\",\"potentialAction\":[{\"@type\":\"SearchAction\",\"target\":{\"@type\":\"EntryPoint\",\"urlTemplate\":\"https:\\\/\\\/sanremoguide.it\\\/?s={search_term_string}\"},\"query-input\":{\"@type\":\"PropertyValueSpecification\",\"valueRequired\":true,\"valueName\":\"search_term_string\"}}],\"inLanguage\":\"fr-FR\"}]}<\/script>\n<!-- \/ Yoast SEO plugin. -->","yoast_head_json":{"title":"Sports de plein air - cyclisme, cyclotourisme et randonn\u00e9e","description":"Venez \u00e0 Sanremo pour pratiquer des sports de plein air comme le v\u00e9lo et le trekking. Il existe de nombreuses pistes cyclables suggestives, o\u00f9 vous pouvez \u00e9galement faire du trekking en VTT.","robots":{"index":"index","follow":"follow","max-snippet":"max-snippet:-1","max-image-preview":"max-image-preview:large","max-video-preview":"max-video-preview:-1"},"canonical":"https:\/\/sanremoguide.it\/fr\/la-ville-de-sanremo\/sports\/cyclisme\/","og_locale":"fr_FR","og_type":"article","og_title":"Sports de plein air - cyclisme, cyclotourisme et randonn\u00e9e","og_description":"Venez \u00e0 Sanremo pour pratiquer des sports de plein air comme le v\u00e9lo et le trekking. Il existe de nombreuses pistes cyclables suggestives, o\u00f9 vous pouvez \u00e9galement faire du trekking en VTT.","og_url":"https:\/\/sanremoguide.it\/fr\/la-ville-de-sanremo\/sports\/cyclisme\/","og_site_name":"SANREMO GUIDE | la guida turistica di Sanremo","article_modified_time":"2022-06-17T17:01:23+00:00","og_image":[{"url":"https:\/\/www.sanremoguide.it\/uploads\/Sanremo_sport_mtb_350x200.jpg","type":"","width":"","height":""}],"twitter_misc":{"Dur\u00e9e de lecture estim\u00e9e":"3 minutes"},"schema":{"@context":"https:\/\/schema.org","@graph":[{"@type":"WebPage","@id":"https:\/\/sanremoguide.it\/fr\/la-ville-de-sanremo\/sports\/cyclisme\/","url":"https:\/\/sanremoguide.it\/fr\/la-ville-de-sanremo\/sports\/cyclisme\/","name":"Sports de plein air - cyclisme, cyclotourisme et randonn\u00e9e","isPartOf":{"@id":"https:\/\/sanremoguide.it\/#website"},"primaryImageOfPage":{"@id":"https:\/\/sanremoguide.it\/fr\/la-ville-de-sanremo\/sports\/cyclisme\/#primaryimage"},"image":{"@id":"https:\/\/sanremoguide.it\/fr\/la-ville-de-sanremo\/sports\/cyclisme\/#primaryimage"},"thumbnailUrl":"https:\/\/www.sanremoguide.it\/uploads\/Sanremo_sport_mtb_350x200.jpg","datePublished":"2022-05-03T11:20:47+00:00","dateModified":"2022-06-17T17:01:23+00:00","description":"Venez \u00e0 Sanremo pour pratiquer des sports de plein air comme le v\u00e9lo et le trekking. Il existe de nombreuses pistes cyclables suggestives, o\u00f9 vous pouvez \u00e9galement faire du trekking en VTT.","breadcrumb":{"@id":"https:\/\/sanremoguide.it\/fr\/la-ville-de-sanremo\/sports\/cyclisme\/#breadcrumb"},"inLanguage":"fr-FR","potentialAction":[{"@type":"ReadAction","target":["https:\/\/sanremoguide.it\/fr\/la-ville-de-sanremo\/sports\/cyclisme\/"]}]},{"@type":"ImageObject","inLanguage":"fr-FR","@id":"https:\/\/sanremoguide.it\/fr\/la-ville-de-sanremo\/sports\/cyclisme\/#primaryimage","url":"https:\/\/www.sanremoguide.it\/uploads\/Sanremo_sport_mtb_350x200.jpg","contentUrl":"https:\/\/www.sanremoguide.it\/uploads\/Sanremo_sport_mtb_350x200.jpg"},{"@type":"BreadcrumbList","@id":"https:\/\/sanremoguide.it\/fr\/la-ville-de-sanremo\/sports\/cyclisme\/#breadcrumb","itemListElement":[{"@type":"ListItem","position":1,"name":"Home","item":"https:\/\/sanremoguide.it\/"},{"@type":"ListItem","position":2,"name":"LA VILLE DE SANREMO","item":"https:\/\/sanremoguide.it\/fr\/la-ville-de-sanremo\/"},{"@type":"ListItem","position":3,"name":"Sports","item":"https:\/\/sanremoguide.it\/fr\/la-ville-de-sanremo\/sports\/"},{"@type":"ListItem","position":4,"name":"Cyclisme"}]},{"@type":"WebSite","@id":"https:\/\/sanremoguide.it\/#website","url":"https:\/\/sanremoguide.it\/","name":"SANREMO GUIDE | la guida turistica di Sanremo","description":"la guida turistica della citt\u00e0 di Sanremo","potentialAction":[{"@type":"SearchAction","target":{"@type":"EntryPoint","urlTemplate":"https:\/\/sanremoguide.it\/?s={search_term_string}"},"query-input":{"@type":"PropertyValueSpecification","valueRequired":true,"valueName":"search_term_string"}}],"inLanguage":"fr-FR"}]}},"_links":{"self":[{"href":"https:\/\/sanremoguide.it\/fr\/wp-json\/wp\/v2\/pages\/9663","targetHints":{"allow":["GET"]}}],"collection":[{"href":"https:\/\/sanremoguide.it\/fr\/wp-json\/wp\/v2\/pages"}],"about":[{"href":"https:\/\/sanremoguide.it\/fr\/wp-json\/wp\/v2\/types\/page"}],"author":[{"embeddable":true,"href":"https:\/\/sanremoguide.it\/fr\/wp-json\/wp\/v2\/users\/1"}],"replies":[{"embeddable":true,"href":"https:\/\/sanremoguide.it\/fr\/wp-json\/wp\/v2\/comments?post=9663"}],"version-history":[{"count":2,"href":"https:\/\/sanremoguide.it\/fr\/wp-json\/wp\/v2\/pages\/9663\/revisions"}],"predecessor-version":[{"id":13213,"href":"https:\/\/sanremoguide.it\/fr\/wp-json\/wp\/v2\/pages\/9663\/revisions\/13213"}],"up":[{"embeddable":true,"href":"https:\/\/sanremoguide.it\/fr\/wp-json\/wp\/v2\/pages\/9689"}],"wp:attachment":[{"href":"https:\/\/sanremoguide.it\/fr\/wp-json\/wp\/v2\/media?parent=9663"}],"curies":[{"name":"wp","href":"https:\/\/api.w.org\/{rel}","templated":true}]}}