{"id":9668,"date":"2022-05-03T12:05:23","date_gmt":"2022-05-03T12:05:23","guid":{"rendered":"https:\/\/sanremoguide.it\/comment-sy-rendre\/arrivee-en-voiture\/"},"modified":"2022-06-17T16:38:31","modified_gmt":"2022-06-17T16:38:31","slug":"arrivee-en-voiture","status":"publish","type":"page","link":"https:\/\/sanremoguide.it\/fr\/infos-pratiques\/comment-sy-rendre\/arrivee-en-voiture\/","title":{"rendered":"Arriv\u00e9e en voiture"},"content":{"rendered":"<p>[et_pb_section fb_built=\u00a0\u00bb1&Prime; fullwidth=\u00a0\u00bbon\u00a0\u00bb _builder_version=\u00a0\u00bb4.17.4&Prime; _module_preset=\u00a0\u00bbdefault\u00a0\u00bb locked=\u00a0\u00bboff\u00a0\u00bb global_colors_info=\u00a0\u00bb{}\u00a0\u00bb][et_pb_fullwidth_slider _builder_version=\u00a0\u00bb4.17.4&Prime; _module_preset=\u00a0\u00bbdefault\u00a0\u00bb background_image=\u00a0\u00bbhttps:\/\/sanremoguide.it\/wp-content\/uploads\/2018\/09\/Luca_Lombardi_Sanremo_La_Primavera.jpg\u00a0\u00bb global_colors_info=\u00a0\u00bb{}\u00a0\u00bb][et_pb_slide heading=\u00a0\u00bbArriv\u00e9e en voiture\u00a0\u00bb _builder_version=\u00a0\u00bb4.17.4&Prime; _module_preset=\u00a0\u00bbdefault\u00a0\u00bb custom_button=\u00a0\u00bbon\u00a0\u00bb button_text_color=\u00a0\u00bb#256b00&Prime; button_bg_color=\u00a0\u00bb#f2b500&Prime; button_border_color=\u00a0\u00bb#FFFFFF\u00a0\u00bb button_icon=\u00a0\u00bb&#x41;||divi||400&Prime; text_orientation=\u00a0\u00bbcenter\u00a0\u00bb background_layout=\u00a0\u00bblight\u00a0\u00bb box_shadow_style_button=\u00a0\u00bbpreset1&Prime; text_shadow_style=\u00a0\u00bbpreset3&Prime; global_colors_info=\u00a0\u00bb{}\u00a0\u00bb sticky_transition=\u00a0\u00bbon\u00a0\u00bb][\/et_pb_slide][\/et_pb_fullwidth_slider][\/et_pb_section][et_pb_section fb_built=\u00a0\u00bb1&Prime; admin_label=\u00a0\u00bbsection\u00a0\u00bb _builder_version=\u00a0\u00bb4.16&Prime; global_colors_info=\u00a0\u00bb{}\u00a0\u00bb][et_pb_row admin_label=\u00a0\u00bbrow\u00a0\u00bb _builder_version=\u00a0\u00bb4.16&Prime; background_size=\u00a0\u00bbinitial\u00a0\u00bb background_position=\u00a0\u00bbtop_left\u00a0\u00bb background_repeat=\u00a0\u00bbrepeat\u00a0\u00bb global_colors_info=\u00a0\u00bb{}\u00a0\u00bb][et_pb_column type=\u00a0\u00bb4_4&Prime; _builder_version=\u00a0\u00bb4.16&Prime; custom_padding=\u00a0\u00bb|||\u00a0\u00bb global_colors_info=\u00a0\u00bb{}\u00a0\u00bb custom_padding__hover=\u00a0\u00bb|||\u00a0\u00bb][et_pb_text admin_label=\u00a0\u00bbText\u00a0\u00bb _builder_version=\u00a0\u00bb4.16&Prime; background_size=\u00a0\u00bbinitial\u00a0\u00bb background_position=\u00a0\u00bbtop_left\u00a0\u00bb background_repeat=\u00a0\u00bbrepeat\u00a0\u00bb global_colors_info=\u00a0\u00bb{}\u00a0\u00bb]<b>En voiture<\/b><\/p>\n<p><span style=\"font-weight: 400;\">Autoroute<\/span><\/p>\n<p><b>Autoroute: A10 \/ E80 G\u00eanes-Vintimille, sortie d&rsquo;autoroute Autostrada dei Fiori: Sanremo ou Arma Taggia<\/b><\/p>\n<p><span style=\"font-weight: 400;\">L&rsquo;autoroute A10 G\u00eanes-Vintimille vous permettra de rejoindre facilement San Remo et toutes les autres stations baln\u00e9aires de la Riviera ligure. L&rsquo;autoroute est reli\u00e9e aux principales autoroutes italiennes menant \u00e0 G\u00eanes (A36 Gravellona Toce-Sempione; A8 de Milan, A12 de Livourne).<\/span><\/p>\n<p><span style=\"font-weight: 400;\">Depuis la France, vous pouvez rejoindre Vintimille &#8211; \u00e0 la fronti\u00e8re italo-fran\u00e7aise &#8211; par l\u2019autoroute de la C\u00f4te d&rsquo;Azur (Autoroute A8 Esterel de la C\u00f4te d&rsquo;Azur \/ E80 Menton sur la C\u00f4te d&rsquo;Azur, Aix-en-Provence). prendre l\u2019A10 en direction de G\u00eanes et sortir \u00e0 San Remo.<\/span><\/p>\n<p><span style=\"font-weight: 400;\">Si vous pr\u00e9f\u00e9rez profiter du paysage, vous pouvez conduire le long de la <\/span><b>SS1 Aurelia \/<\/b><span style=\"font-weight: 400;\">Via Aurelia &#8211; l&rsquo;ancienne voie romaine qui traverse toutes les stations baln\u00e9aires de la c\u00f4te.<\/span><\/p>\n<p><span style=\"font-weight: 400;\">Du Pi\u00e9mont, vous pouvez rejoindre la Riviera via le Colle di Nava (SS20) et le Colle di Tenda (SS28).<\/span>[\/et_pb_text][\/et_pb_column][\/et_pb_row][\/et_pb_section][et_pb_section fb_built=\u00a0\u00bb1&Prime; fullwidth=\u00a0\u00bbon\u00a0\u00bb _builder_version=\u00a0\u00bb4.17.4&Prime; _module_preset=\u00a0\u00bbdefault\u00a0\u00bb global_module=\u00a0\u00bb12524&Prime; saved_tabs=\u00a0\u00bball\u00a0\u00bb locked=\u00a0\u00bboff\u00a0\u00bb collapsed=\u00a0\u00bboff\u00a0\u00bb global_colors_info=\u00a0\u00bb{}\u00a0\u00bb][et_pb_fullwidth_slider _builder_version=\u00a0\u00bb4.17.4&Prime; _module_preset=\u00a0\u00bbdefault\u00a0\u00bb global_colors_info=\u00a0\u00bb{}\u00a0\u00bb][et_pb_slide heading=\u00a0\u00bbESCURSIONI ED EXPERIENCE A SANREMO E IN RIVIERA\u00a0\u00bb button_text=\u00a0\u00bbRICHIEDI IL CATALOGO\u00a0\u00bb button_link=\u00a0\u00bbhttps:\/\/sanremoguide.it\/contatti\u00a0\u00bb image=\u00a0\u00bbhttps:\/\/sanremoguide.it\/wp-content\/uploads\/2022\/06\/itouriviera.png\u00a0\u00bb _builder_version=\u00a0\u00bb4.17.4&Prime; _module_preset=\u00a0\u00bbdefault\u00a0\u00bb background_image=\u00a0\u00bbhttps:\/\/sanremoguide.it\/wp-content\/uploads\/2018\/07\/luca-lombardi-sanremo_bn.jpg\u00a0\u00bb background_enable_image=\u00a0\u00bbon\u00a0\u00bb custom_button=\u00a0\u00bbon\u00a0\u00bb button_bg_color=\u00a0\u00bb#E09900&Prime; button_border_width=\u00a0\u00bb1px\u00a0\u00bb button_border_color=\u00a0\u00bb#FFFFFF\u00a0\u00bb global_colors_info=\u00a0\u00bb{}\u00a0\u00bb sticky_transition=\u00a0\u00bbon\u00a0\u00bb][\/et_pb_slide][\/et_pb_fullwidth_slider][\/et_pb_section]<\/p>\n","protected":false},"excerpt":{"rendered":"<p>En voiture Autoroute Autoroute: A10 \/ E80 G\u00eanes-Vintimille, sortie d&rsquo;autoroute Autostrada dei Fiori: Sanremo ou Arma Taggia L&rsquo;autoroute A10 G\u00eanes-Vintimille vous permettra de rejoindre facilement San Remo et toutes les autres stations baln\u00e9aires de la Riviera ligure. L&rsquo;autoroute est reli\u00e9e aux principales autoroutes italiennes menant \u00e0 G\u00eanes (A36 Gravellona Toce-Sempione; A8 de Milan, A12 de [&hellip;]<\/p>\n","protected":false},"author":1,"featured_media":0,"parent":9666,"menu_order":0,"comment_status":"closed","ping_status":"closed","template":"","meta":{"_et_pb_use_builder":"on","_et_pb_old_content":"<b>En voiture<\/b>\r\n\r\n<span style=\"font-weight: 400;\">Autoroute<\/span>\r\n\r\n<b>Autoroute: A10 \/ E80 G\u00eanes-Vintimille, sortie d'autoroute Autostrada dei Fiori: Sanremo ou Arma Taggia<\/b>\r\n\r\n<span style=\"font-weight: 400;\">L'autoroute A10 G\u00eanes-Vintimille vous permettra de rejoindre facilement San Remo et toutes les autres stations baln\u00e9aires de la Riviera ligure. L'autoroute est reli\u00e9e aux principales autoroutes italiennes menant \u00e0 G\u00eanes (A36 Gravellona Toce-Sempione; A8 de Milan, A12 de Livourne).<\/span>\r\n\r\n<span style=\"font-weight: 400;\">Depuis la France, vous pouvez rejoindre Vintimille - \u00e0 la fronti\u00e8re italo-fran\u00e7aise - par l\u2019autoroute de la C\u00f4te d'Azur (Autoroute A8 Esterel de la C\u00f4te d'Azur \/ E80 Menton sur la C\u00f4te d'Azur, Aix-en-Provence). prendre l\u2019A10 en direction de G\u00eanes et sortir \u00e0 San Remo.<\/span>\r\n\r\n<span style=\"font-weight: 400;\">Si vous pr\u00e9f\u00e9rez profiter du paysage, vous pouvez conduire le long de la <\/span><b>SS1 Aurelia \/<\/b><span style=\"font-weight: 400;\">Via Aurelia - l'ancienne voie romaine qui traverse toutes les stations baln\u00e9aires de la c\u00f4te.<\/span>\r\n\r\n<span style=\"font-weight: 400;\">Du Pi\u00e9mont, vous pouvez rejoindre la Riviera via le Colle di Nava (SS20) et le Colle di Tenda (SS28).<\/span>","_et_gb_content_width":"","footnotes":""},"class_list":["post-9668","page","type-page","status-publish","hentry"],"yoast_head":"<!-- This site is optimized with the Yoast SEO plugin v27.4 - https:\/\/yoast.com\/product\/yoast-seo-wordpress\/ -->\n<title>Comment se rendre \u00e0 Sanremo en voiture depuis l&#039;A10, l&#039;A8 et la SS1 via Aurelia ?<\/title>\n<meta name=\"description\" content=\"En arrivant \u00e0 Sanremo depuis l&#039;autoroute A10 (Autostrada dei Fiori), l&#039;autoroute A8 (Autostrada Costa Azzurra) ou la SS1 Aurelia, profitez de la vue de la Via Aurelia.\" \/>\n<meta name=\"robots\" content=\"index, follow, max-snippet:-1, max-image-preview:large, max-video-preview:-1\" \/>\n<link rel=\"canonical\" href=\"https:\/\/sanremoguide.it\/fr\/infos-pratiques\/comment-sy-rendre\/arrivee-en-voiture\/\" \/>\n<meta property=\"og:locale\" content=\"fr_FR\" \/>\n<meta property=\"og:type\" content=\"article\" \/>\n<meta property=\"og:title\" content=\"Comment se rendre \u00e0 Sanremo en voiture depuis l&#039;A10, l&#039;A8 et la SS1 via Aurelia ?\" \/>\n<meta property=\"og:description\" content=\"En arrivant \u00e0 Sanremo depuis l&#039;autoroute A10 (Autostrada dei Fiori), l&#039;autoroute A8 (Autostrada Costa Azzurra) ou la SS1 Aurelia, profitez de la vue de la Via Aurelia.\" \/>\n<meta property=\"og:url\" content=\"https:\/\/sanremoguide.it\/fr\/infos-pratiques\/comment-sy-rendre\/arrivee-en-voiture\/\" \/>\n<meta property=\"og:site_name\" content=\"SANREMO GUIDE | la guida turistica di Sanremo\" \/>\n<meta property=\"article:modified_time\" content=\"2022-06-17T16:38:31+00:00\" \/>\n<meta name=\"twitter:label1\" content=\"Dur\u00e9e de lecture estim\u00e9e\" \/>\n\t<meta name=\"twitter:data1\" content=\"2 minutes\" \/>\n<script type=\"application\/ld+json\" class=\"yoast-schema-graph\">{\"@context\":\"https:\\\/\\\/schema.org\",\"@graph\":[{\"@type\":\"WebPage\",\"@id\":\"https:\\\/\\\/sanremoguide.it\\\/fr\\\/infos-pratiques\\\/comment-sy-rendre\\\/arrivee-en-voiture\\\/\",\"url\":\"https:\\\/\\\/sanremoguide.it\\\/fr\\\/infos-pratiques\\\/comment-sy-rendre\\\/arrivee-en-voiture\\\/\",\"name\":\"Comment se rendre \u00e0 Sanremo en voiture depuis l'A10, l'A8 et la SS1 via Aurelia ?\",\"isPartOf\":{\"@id\":\"https:\\\/\\\/sanremoguide.it\\\/#website\"},\"datePublished\":\"2022-05-03T12:05:23+00:00\",\"dateModified\":\"2022-06-17T16:38:31+00:00\",\"description\":\"En arrivant \u00e0 Sanremo depuis l'autoroute A10 (Autostrada dei Fiori), l'autoroute A8 (Autostrada Costa Azzurra) ou la SS1 Aurelia, profitez de la vue de la Via Aurelia.\",\"breadcrumb\":{\"@id\":\"https:\\\/\\\/sanremoguide.it\\\/fr\\\/infos-pratiques\\\/comment-sy-rendre\\\/arrivee-en-voiture\\\/#breadcrumb\"},\"inLanguage\":\"fr-FR\",\"potentialAction\":[{\"@type\":\"ReadAction\",\"target\":[\"https:\\\/\\\/sanremoguide.it\\\/fr\\\/infos-pratiques\\\/comment-sy-rendre\\\/arrivee-en-voiture\\\/\"]}]},{\"@type\":\"BreadcrumbList\",\"@id\":\"https:\\\/\\\/sanremoguide.it\\\/fr\\\/infos-pratiques\\\/comment-sy-rendre\\\/arrivee-en-voiture\\\/#breadcrumb\",\"itemListElement\":[{\"@type\":\"ListItem\",\"position\":1,\"name\":\"Home\",\"item\":\"https:\\\/\\\/sanremoguide.it\\\/\"},{\"@type\":\"ListItem\",\"position\":2,\"name\":\"INFOS PRATIQUES\",\"item\":\"https:\\\/\\\/sanremoguide.it\\\/info-pratiche\\\/\"},{\"@type\":\"ListItem\",\"position\":3,\"name\":\"Comment s&#8217;y rendre\",\"item\":\"https:\\\/\\\/sanremoguide.it\\\/fr\\\/infos-pratiques\\\/comment-sy-rendre\\\/\"},{\"@type\":\"ListItem\",\"position\":4,\"name\":\"Arriv\u00e9e en voiture\"}]},{\"@type\":\"WebSite\",\"@id\":\"https:\\\/\\\/sanremoguide.it\\\/#website\",\"url\":\"https:\\\/\\\/sanremoguide.it\\\/\",\"name\":\"SANREMO GUIDE | la guida turistica di Sanremo\",\"description\":\"la guida turistica della citt\u00e0 di Sanremo\",\"potentialAction\":[{\"@type\":\"SearchAction\",\"target\":{\"@type\":\"EntryPoint\",\"urlTemplate\":\"https:\\\/\\\/sanremoguide.it\\\/?s={search_term_string}\"},\"query-input\":{\"@type\":\"PropertyValueSpecification\",\"valueRequired\":true,\"valueName\":\"search_term_string\"}}],\"inLanguage\":\"fr-FR\"}]}<\/script>\n<!-- \/ Yoast SEO plugin. -->","yoast_head_json":{"title":"Comment se rendre \u00e0 Sanremo en voiture depuis l'A10, l'A8 et la SS1 via Aurelia ?","description":"En arrivant \u00e0 Sanremo depuis l'autoroute A10 (Autostrada dei Fiori), l'autoroute A8 (Autostrada Costa Azzurra) ou la SS1 Aurelia, profitez de la vue de la Via Aurelia.","robots":{"index":"index","follow":"follow","max-snippet":"max-snippet:-1","max-image-preview":"max-image-preview:large","max-video-preview":"max-video-preview:-1"},"canonical":"https:\/\/sanremoguide.it\/fr\/infos-pratiques\/comment-sy-rendre\/arrivee-en-voiture\/","og_locale":"fr_FR","og_type":"article","og_title":"Comment se rendre \u00e0 Sanremo en voiture depuis l'A10, l'A8 et la SS1 via Aurelia ?","og_description":"En arrivant \u00e0 Sanremo depuis l'autoroute A10 (Autostrada dei Fiori), l'autoroute A8 (Autostrada Costa Azzurra) ou la SS1 Aurelia, profitez de la vue de la Via Aurelia.","og_url":"https:\/\/sanremoguide.it\/fr\/infos-pratiques\/comment-sy-rendre\/arrivee-en-voiture\/","og_site_name":"SANREMO GUIDE | la guida turistica di Sanremo","article_modified_time":"2022-06-17T16:38:31+00:00","twitter_misc":{"Dur\u00e9e de lecture estim\u00e9e":"2 minutes"},"schema":{"@context":"https:\/\/schema.org","@graph":[{"@type":"WebPage","@id":"https:\/\/sanremoguide.it\/fr\/infos-pratiques\/comment-sy-rendre\/arrivee-en-voiture\/","url":"https:\/\/sanremoguide.it\/fr\/infos-pratiques\/comment-sy-rendre\/arrivee-en-voiture\/","name":"Comment se rendre \u00e0 Sanremo en voiture depuis l'A10, l'A8 et la SS1 via Aurelia ?","isPartOf":{"@id":"https:\/\/sanremoguide.it\/#website"},"datePublished":"2022-05-03T12:05:23+00:00","dateModified":"2022-06-17T16:38:31+00:00","description":"En arrivant \u00e0 Sanremo depuis l'autoroute A10 (Autostrada dei Fiori), l'autoroute A8 (Autostrada Costa Azzurra) ou la SS1 Aurelia, profitez de la vue de la Via Aurelia.","breadcrumb":{"@id":"https:\/\/sanremoguide.it\/fr\/infos-pratiques\/comment-sy-rendre\/arrivee-en-voiture\/#breadcrumb"},"inLanguage":"fr-FR","potentialAction":[{"@type":"ReadAction","target":["https:\/\/sanremoguide.it\/fr\/infos-pratiques\/comment-sy-rendre\/arrivee-en-voiture\/"]}]},{"@type":"BreadcrumbList","@id":"https:\/\/sanremoguide.it\/fr\/infos-pratiques\/comment-sy-rendre\/arrivee-en-voiture\/#breadcrumb","itemListElement":[{"@type":"ListItem","position":1,"name":"Home","item":"https:\/\/sanremoguide.it\/"},{"@type":"ListItem","position":2,"name":"INFOS PRATIQUES","item":"https:\/\/sanremoguide.it\/info-pratiche\/"},{"@type":"ListItem","position":3,"name":"Comment s&#8217;y rendre","item":"https:\/\/sanremoguide.it\/fr\/infos-pratiques\/comment-sy-rendre\/"},{"@type":"ListItem","position":4,"name":"Arriv\u00e9e en voiture"}]},{"@type":"WebSite","@id":"https:\/\/sanremoguide.it\/#website","url":"https:\/\/sanremoguide.it\/","name":"SANREMO GUIDE | la guida turistica di Sanremo","description":"la guida turistica della citt\u00e0 di Sanremo","potentialAction":[{"@type":"SearchAction","target":{"@type":"EntryPoint","urlTemplate":"https:\/\/sanremoguide.it\/?s={search_term_string}"},"query-input":{"@type":"PropertyValueSpecification","valueRequired":true,"valueName":"search_term_string"}}],"inLanguage":"fr-FR"}]}},"_links":{"self":[{"href":"https:\/\/sanremoguide.it\/fr\/wp-json\/wp\/v2\/pages\/9668","targetHints":{"allow":["GET"]}}],"collection":[{"href":"https:\/\/sanremoguide.it\/fr\/wp-json\/wp\/v2\/pages"}],"about":[{"href":"https:\/\/sanremoguide.it\/fr\/wp-json\/wp\/v2\/types\/page"}],"author":[{"embeddable":true,"href":"https:\/\/sanremoguide.it\/fr\/wp-json\/wp\/v2\/users\/1"}],"replies":[{"embeddable":true,"href":"https:\/\/sanremoguide.it\/fr\/wp-json\/wp\/v2\/comments?post=9668"}],"version-history":[{"count":2,"href":"https:\/\/sanremoguide.it\/fr\/wp-json\/wp\/v2\/pages\/9668\/revisions"}],"predecessor-version":[{"id":13162,"href":"https:\/\/sanremoguide.it\/fr\/wp-json\/wp\/v2\/pages\/9668\/revisions\/13162"}],"up":[{"embeddable":true,"href":"https:\/\/sanremoguide.it\/fr\/wp-json\/wp\/v2\/pages\/9666"}],"wp:attachment":[{"href":"https:\/\/sanremoguide.it\/fr\/wp-json\/wp\/v2\/media?parent=9668"}],"curies":[{"name":"wp","href":"https:\/\/api.w.org\/{rel}","templated":true}]}}