{"id":9670,"date":"2022-05-03T12:08:09","date_gmt":"2022-05-03T12:08:09","guid":{"rendered":"https:\/\/sanremoguide.it\/comment-sy-rendre\/acces-en-bateau\/"},"modified":"2022-06-21T12:26:28","modified_gmt":"2022-06-21T12:26:28","slug":"acces-en-bateau","status":"publish","type":"page","link":"https:\/\/sanremoguide.it\/fr\/infos-pratiques\/comment-sy-rendre\/acces-en-bateau\/","title":{"rendered":"Acc\u00e8s en bateau"},"content":{"rendered":"<p>[et_pb_section fb_built=\u00a0\u00bb1&Prime; fullwidth=\u00a0\u00bbon\u00a0\u00bb _builder_version=\u00a0\u00bb4.17.4&Prime; _module_preset=\u00a0\u00bbdefault\u00a0\u00bb locked=\u00a0\u00bboff\u00a0\u00bb global_colors_info=\u00a0\u00bb{}\u00a0\u00bb][et_pb_fullwidth_slider _builder_version=\u00a0\u00bb4.17.4&Prime; _module_preset=\u00a0\u00bbdefault\u00a0\u00bb background_image=\u00a0\u00bbhttps:\/\/sanremoguide.it\/wp-content\/uploads\/2018\/09\/Luca_Lombardi_Sanremo_La_Primavera.jpg\u00a0\u00bb global_colors_info=\u00a0\u00bb{}\u00a0\u00bb][et_pb_slide heading=\u00a0\u00bbAcc\u00e8s en bateau\u00a0\u00bb _builder_version=\u00a0\u00bb4.17.4&Prime; _module_preset=\u00a0\u00bbdefault\u00a0\u00bb custom_button=\u00a0\u00bbon\u00a0\u00bb button_text_color=\u00a0\u00bb#256b00&Prime; button_bg_color=\u00a0\u00bb#f2b500&Prime; button_border_color=\u00a0\u00bb#FFFFFF\u00a0\u00bb button_icon=\u00a0\u00bb&#x41;||divi||400&Prime; text_orientation=\u00a0\u00bbcenter\u00a0\u00bb background_layout=\u00a0\u00bblight\u00a0\u00bb box_shadow_style_button=\u00a0\u00bbpreset1&Prime; text_shadow_style=\u00a0\u00bbpreset3&Prime; global_colors_info=\u00a0\u00bb{}\u00a0\u00bb sticky_transition=\u00a0\u00bbon\u00a0\u00bb][\/et_pb_slide][\/et_pb_fullwidth_slider][\/et_pb_section][et_pb_section fb_built=\u00a0\u00bb1&Prime; admin_label=\u00a0\u00bbsection\u00a0\u00bb _builder_version=\u00a0\u00bb4.16&Prime; global_colors_info=\u00a0\u00bb{}\u00a0\u00bb][et_pb_row admin_label=\u00a0\u00bbrow\u00a0\u00bb _builder_version=\u00a0\u00bb4.16&Prime; background_size=\u00a0\u00bbinitial\u00a0\u00bb background_position=\u00a0\u00bbtop_left\u00a0\u00bb background_repeat=\u00a0\u00bbrepeat\u00a0\u00bb global_colors_info=\u00a0\u00bb{}\u00a0\u00bb][et_pb_column type=\u00a0\u00bb4_4&Prime; _builder_version=\u00a0\u00bb4.16&Prime; custom_padding=\u00a0\u00bb|||\u00a0\u00bb global_colors_info=\u00a0\u00bb{}\u00a0\u00bb custom_padding__hover=\u00a0\u00bb|||\u00a0\u00bb][et_pb_text admin_label=\u00a0\u00bbText\u00a0\u00bb _builder_version=\u00a0\u00bb4.17.4&Prime; background_size=\u00a0\u00bbinitial\u00a0\u00bb background_position=\u00a0\u00bbtop_left\u00a0\u00bb background_repeat=\u00a0\u00bbrepeat\u00a0\u00bb hover_enabled=\u00a0\u00bb0&Prime; global_colors_info=\u00a0\u00bb{}\u00a0\u00bb sticky_enabled=\u00a0\u00bb0&Prime;]<b>Arriver en bateau<\/b><\/p>\n<p><span style=\"font-weight: 400;\">La ville de Sanremo a deux ports: le<\/span><b> Porto Vecchio<\/b><span style=\"font-weight: 400;\"> et <\/span><b>Portosole<\/b><\/p>\n<p><span style=\"font-weight: 400;\">La Riviera est \u00e9galement facilement accessible par bateau \/ bateau via les principaux ports passagers de Savone et G\u00eanes, qui ont de nombreuses connexions diff\u00e9rentes avec des ferries et des navires de croisi\u00e8re, et compte \u00e9galement plusieurs ports de plaisance.<\/span><\/p>\n<p><b>Ports de plaisance<\/b><\/p>\n<p><span style=\"font-weight: 400;\">Principaux ports de passagers:<\/span><\/p>\n<ul>\n<li>Port de G\u00eanes<\/span><\/li>\n<li>Port de Savone<\/span><\/li>\n<\/ul>\n<p><span style=\"font-weight: 400;\">Marinas et quais publics:<\/span><\/p>\n<ul>\n<li>Port public de Sanremo &#8211; T\u00e9l: 0184 505531 &#8211; 0184 504603\u00a0<\/span><\/li>\n<li><a href=\"https:\/\/www.sanremoguide.it\/it\/www.porto.sv.it\/Servizi-te\/Porticciol\/portsremo.htm_cvt.htm\"><span style=\"font-weight: 400;\">Sanremo Portosole<\/span><\/a><span style=\"font-weight: 400;\"> &#8211; Tel: 0184 5371\u00a0<\/span><\/li>\n<li style=\"font-weight: 400;\" aria-level=\"2\"><span style=\"font-weight: 400;\">Bordighera &#8211; T\u00e9l: 0184 266688\u00a0<\/span><\/li>\n<li style=\"font-weight: 400;\" aria-level=\"2\"><span style=\"font-weight: 400;\">Arma di Taggia &#8211; T\u00e9l: 0184 42538\u00a0<\/span><\/li>\n<li style=\"font-weight: 400;\" aria-level=\"2\"><a href=\"https:\/\/www.aregai.com\/\"><span style=\"font-weight: 400;\">Marina Aregai<\/span><\/a><span style=\"font-weight: 400;\"> &#8211; Tel: 0184-4891\u00a0<\/span><\/li>\n<li style=\"font-weight: 400;\" aria-level=\"2\"><span style=\"font-weight: 400;\">Imperia Mare &#8211; Tel: 0184 667453\u00a0<\/span><\/li>\n<li style=\"font-weight: 400;\" aria-level=\"2\"><span style=\"font-weight: 400;\">Imperia Oneglia &#8211; T\u00e9l: 0184 297741\u00a0<\/span><\/li>\n<li style=\"font-weight: 400;\" aria-level=\"2\"><span style=\"font-weight: 400;\">Diano Marina &#8211; T\u00e9l: 0184 404697\u00a0<\/span><\/li>\n<\/ul>\n<p><span style=\"font-weight: 400;\">Port de G\u00eanes<\/span><\/p>\n<ul>\n<li style=\"font-weight: 400;\" aria-level=\"1\"><b>Port \u00e0 G\u00eanes<\/b><span style=\"font-weight: 400;\">\u00a0<\/span><\/li>\n<\/ul>\n<p>&nbsp;[\/et_pb_text][\/et_pb_column][\/et_pb_row][\/et_pb_section][et_pb_section fb_built=\u00a0\u00bb1&Prime; fullwidth=\u00a0\u00bbon\u00a0\u00bb _builder_version=\u00a0\u00bb4.17.4&Prime; _module_preset=\u00a0\u00bbdefault\u00a0\u00bb global_module=\u00a0\u00bb12524&Prime; saved_tabs=\u00a0\u00bball\u00a0\u00bb locked=\u00a0\u00bboff\u00a0\u00bb collapsed=\u00a0\u00bboff\u00a0\u00bb global_colors_info=\u00a0\u00bb{}\u00a0\u00bb][et_pb_fullwidth_slider _builder_version=\u00a0\u00bb4.17.4&Prime; _module_preset=\u00a0\u00bbdefault\u00a0\u00bb global_colors_info=\u00a0\u00bb{}\u00a0\u00bb][et_pb_slide heading=\u00a0\u00bbEXCURSIONS ET EXP\u00c9RIENCES D&rsquo;UNE JOURN\u00c9E \u00c0 SANREMO ET RIVIERA\u00a0\u00bb button_text=\u00a0\u00bbDEMANDER LE CATALOGUE\u00a0\u00bb button_link=\u00a0\u00bbhttps:\/\/sanremoguide.it\/contact\u00a0\u00bb image=\u00a0\u00bbhttps:\/\/sanremoguide.it\/wp-content\/uploads\/2022\/06\/itouriviera.png\u00a0\u00bb _builder_version=\u00a0\u00bb4.17.4&Prime; _module_preset=\u00a0\u00bbdefault\u00a0\u00bb background_image=\u00a0\u00bbhttps:\/\/sanremoguide.it\/wp-content\/uploads\/2018\/07\/luca-lombardi-sanremo_bn.jpg\u00a0\u00bb background_enable_image=\u00a0\u00bbon\u00a0\u00bb custom_button=\u00a0\u00bbon\u00a0\u00bb button_bg_color=\u00a0\u00bb#E09900&Prime; button_border_width=\u00a0\u00bb1px\u00a0\u00bb button_border_color=\u00a0\u00bb#FFFFFF\u00a0\u00bb global_colors_info=\u00a0\u00bb{}\u00a0\u00bb sticky_transition=\u00a0\u00bbon\u00a0\u00bb][\/et_pb_slide][\/et_pb_fullwidth_slider][\/et_pb_section]<\/p>\n","protected":false},"excerpt":{"rendered":"<p>Arriver en bateau La ville de Sanremo a deux ports: le Porto Vecchio et Portosole La Riviera est \u00e9galement facilement accessible par bateau \/ bateau via les principaux ports passagers de Savone et G\u00eanes, qui ont de nombreuses connexions diff\u00e9rentes avec des ferries et des navires de croisi\u00e8re, et compte \u00e9galement plusieurs ports de plaisance. [&hellip;]<\/p>\n","protected":false},"author":1,"featured_media":0,"parent":9666,"menu_order":0,"comment_status":"closed","ping_status":"closed","template":"","meta":{"_et_pb_use_builder":"on","_et_pb_old_content":"<b>Arriver en bateau<\/b>\r\n\r\n<span style=\"font-weight: 400;\">La ville de Sanremo a deux ports: le<\/span><b> Porto Vecchio<\/b><span style=\"font-weight: 400;\"> et <\/span><b>Portosole<\/b>\r\n\r\n<span style=\"font-weight: 400;\">La Riviera est \u00e9galement facilement accessible par bateau \/ bateau via les principaux ports passagers de Savone et G\u00eanes, qui ont de nombreuses connexions diff\u00e9rentes avec des ferries et des navires de croisi\u00e8re, et compte \u00e9galement plusieurs ports de plaisance.<\/span>\r\n\r\n<b>Ports de plaisance<\/b>\r\n\r\n<span style=\"font-weight: 400;\">Principaux ports de passagers:<\/span>\r\n<ul>\r\n \t<li style=\"font-weight: 400;\" aria-level=\"2\"><span style=\"font-weight: 400;\">Port de G\u00eanes<\/span><span style=\"font-weight: 400;\">\u00a0<\/span><\/li>\r\n<\/ul>\r\n<ul>\r\n \t<li style=\"font-weight: 400;\" aria-level=\"2\"><span style=\"font-weight: 400;\">Port de Savone<\/span><span style=\"font-weight: 400;\">\u00a0<\/span><\/li>\r\n<\/ul>\r\n<span style=\"font-weight: 400;\">Marinas et quais publics:<\/span>\r\n<ul>\r\n \t<li style=\"font-weight: 400;\" aria-level=\"2\"><span style=\"font-weight: 400;\">Port public de Sanremo - T\u00e9l: 0184 505531 - 0184 504603\u00a0<\/span><\/li>\r\n<\/ul>\r\n<ul>\r\n \t<li style=\"font-weight: 400;\" aria-level=\"2\"><a href=\"https:\/\/www.sanremoguide.it\/it\/www.porto.sv.it\/Servizi-te\/Porticciol\/portsremo.htm_cvt.htm\"><span style=\"font-weight: 400;\">Sanremo Portosole<\/span><\/a><span style=\"font-weight: 400;\"> - Tel: 0184 5371\u00a0<\/span><\/li>\r\n<\/ul>\r\n<ul>\r\n \t<li style=\"font-weight: 400;\" aria-level=\"2\"><span style=\"font-weight: 400;\">Bordighera - T\u00e9l: 0184 266688\u00a0<\/span><\/li>\r\n<\/ul>\r\n<ul>\r\n \t<li style=\"font-weight: 400;\" aria-level=\"2\"><span style=\"font-weight: 400;\">Arma di Taggia - T\u00e9l: 0184 42538\u00a0<\/span><\/li>\r\n<\/ul>\r\n<ul>\r\n \t<li style=\"font-weight: 400;\" aria-level=\"2\"><a href=\"https:\/\/www.aregai.com\/\"><span style=\"font-weight: 400;\">Marina Aregai<\/span><\/a><span style=\"font-weight: 400;\"> - Tel: 0184-4891\u00a0<\/span><\/li>\r\n<\/ul>\r\n<ul>\r\n \t<li style=\"font-weight: 400;\" aria-level=\"2\"><span style=\"font-weight: 400;\">Imperia Mare - Tel: 0184 667453\u00a0<\/span><\/li>\r\n<\/ul>\r\n<ul>\r\n \t<li style=\"font-weight: 400;\" aria-level=\"2\"><span style=\"font-weight: 400;\">Imperia Oneglia - T\u00e9l: 0184 297741\u00a0<\/span><\/li>\r\n \t<li style=\"font-weight: 400;\" aria-level=\"2\"><span style=\"font-weight: 400;\">Diano Marina - T\u00e9l: 0184 404697\u00a0<\/span><\/li>\r\n<\/ul>\r\n<span style=\"font-weight: 400;\">Port de G\u00eanes<\/span>\r\n<ul>\r\n \t<li style=\"font-weight: 400;\" aria-level=\"1\"><b>Port \u00e0 G\u00eanes<\/b><span style=\"font-weight: 400;\">\u00a0<\/span><\/li>\r\n<\/ul>\r\n\u00a0","_et_gb_content_width":"","footnotes":""},"class_list":["post-9670","page","type-page","status-publish","hentry"],"yoast_head":"<!-- This site is optimized with the Yoast SEO plugin v27.4 - https:\/\/yoast.com\/product\/yoast-seo-wordpress\/ -->\n<title>Porto Vecchio et Portosole pour arriver en bateau<\/title>\n<meta name=\"description\" content=\"Comment se rendre \u00e0 Sanremo en bateau : Portosole et Porto Vecchio ou via le port de Savone et le port de G\u00eanes, pour les ferries et les croisi\u00e8res.\" \/>\n<meta name=\"robots\" content=\"index, follow, max-snippet:-1, max-image-preview:large, max-video-preview:-1\" \/>\n<link rel=\"canonical\" href=\"https:\/\/sanremoguide.it\/fr\/infos-pratiques\/comment-sy-rendre\/acces-en-bateau\/\" \/>\n<meta property=\"og:locale\" content=\"fr_FR\" \/>\n<meta property=\"og:type\" content=\"article\" \/>\n<meta property=\"og:title\" content=\"Porto Vecchio et Portosole pour arriver en bateau\" \/>\n<meta property=\"og:description\" content=\"Comment se rendre \u00e0 Sanremo en bateau : Portosole et Porto Vecchio ou via le port de Savone et le port de G\u00eanes, pour les ferries et les croisi\u00e8res.\" \/>\n<meta property=\"og:url\" content=\"https:\/\/sanremoguide.it\/fr\/infos-pratiques\/comment-sy-rendre\/acces-en-bateau\/\" \/>\n<meta property=\"og:site_name\" content=\"SANREMO GUIDE | la guida turistica di Sanremo\" \/>\n<meta property=\"article:modified_time\" content=\"2022-06-21T12:26:28+00:00\" \/>\n<meta name=\"twitter:label1\" content=\"Dur\u00e9e de lecture estim\u00e9e\" \/>\n\t<meta name=\"twitter:data1\" content=\"2 minutes\" \/>\n<script type=\"application\/ld+json\" class=\"yoast-schema-graph\">{\"@context\":\"https:\\\/\\\/schema.org\",\"@graph\":[{\"@type\":\"WebPage\",\"@id\":\"https:\\\/\\\/sanremoguide.it\\\/fr\\\/infos-pratiques\\\/comment-sy-rendre\\\/acces-en-bateau\\\/\",\"url\":\"https:\\\/\\\/sanremoguide.it\\\/fr\\\/infos-pratiques\\\/comment-sy-rendre\\\/acces-en-bateau\\\/\",\"name\":\"Porto Vecchio et Portosole pour arriver en bateau\",\"isPartOf\":{\"@id\":\"https:\\\/\\\/sanremoguide.it\\\/#website\"},\"datePublished\":\"2022-05-03T12:08:09+00:00\",\"dateModified\":\"2022-06-21T12:26:28+00:00\",\"description\":\"Comment se rendre \u00e0 Sanremo en bateau : Portosole et Porto Vecchio ou via le port de Savone et le port de G\u00eanes, pour les ferries et les croisi\u00e8res.\",\"breadcrumb\":{\"@id\":\"https:\\\/\\\/sanremoguide.it\\\/fr\\\/infos-pratiques\\\/comment-sy-rendre\\\/acces-en-bateau\\\/#breadcrumb\"},\"inLanguage\":\"fr-FR\",\"potentialAction\":[{\"@type\":\"ReadAction\",\"target\":[\"https:\\\/\\\/sanremoguide.it\\\/fr\\\/infos-pratiques\\\/comment-sy-rendre\\\/acces-en-bateau\\\/\"]}]},{\"@type\":\"BreadcrumbList\",\"@id\":\"https:\\\/\\\/sanremoguide.it\\\/fr\\\/infos-pratiques\\\/comment-sy-rendre\\\/acces-en-bateau\\\/#breadcrumb\",\"itemListElement\":[{\"@type\":\"ListItem\",\"position\":1,\"name\":\"Home\",\"item\":\"https:\\\/\\\/sanremoguide.it\\\/\"},{\"@type\":\"ListItem\",\"position\":2,\"name\":\"INFOS PRATIQUES\",\"item\":\"https:\\\/\\\/sanremoguide.it\\\/info-pratiche\\\/\"},{\"@type\":\"ListItem\",\"position\":3,\"name\":\"Comment s&#8217;y rendre\",\"item\":\"https:\\\/\\\/sanremoguide.it\\\/fr\\\/infos-pratiques\\\/comment-sy-rendre\\\/\"},{\"@type\":\"ListItem\",\"position\":4,\"name\":\"Acc\u00e8s en bateau\"}]},{\"@type\":\"WebSite\",\"@id\":\"https:\\\/\\\/sanremoguide.it\\\/#website\",\"url\":\"https:\\\/\\\/sanremoguide.it\\\/\",\"name\":\"SANREMO GUIDE | la guida turistica di Sanremo\",\"description\":\"la guida turistica della citt\u00e0 di Sanremo\",\"potentialAction\":[{\"@type\":\"SearchAction\",\"target\":{\"@type\":\"EntryPoint\",\"urlTemplate\":\"https:\\\/\\\/sanremoguide.it\\\/?s={search_term_string}\"},\"query-input\":{\"@type\":\"PropertyValueSpecification\",\"valueRequired\":true,\"valueName\":\"search_term_string\"}}],\"inLanguage\":\"fr-FR\"}]}<\/script>\n<!-- \/ Yoast SEO plugin. -->","yoast_head_json":{"title":"Porto Vecchio et Portosole pour arriver en bateau","description":"Comment se rendre \u00e0 Sanremo en bateau : Portosole et Porto Vecchio ou via le port de Savone et le port de G\u00eanes, pour les ferries et les croisi\u00e8res.","robots":{"index":"index","follow":"follow","max-snippet":"max-snippet:-1","max-image-preview":"max-image-preview:large","max-video-preview":"max-video-preview:-1"},"canonical":"https:\/\/sanremoguide.it\/fr\/infos-pratiques\/comment-sy-rendre\/acces-en-bateau\/","og_locale":"fr_FR","og_type":"article","og_title":"Porto Vecchio et Portosole pour arriver en bateau","og_description":"Comment se rendre \u00e0 Sanremo en bateau : Portosole et Porto Vecchio ou via le port de Savone et le port de G\u00eanes, pour les ferries et les croisi\u00e8res.","og_url":"https:\/\/sanremoguide.it\/fr\/infos-pratiques\/comment-sy-rendre\/acces-en-bateau\/","og_site_name":"SANREMO GUIDE | la guida turistica di Sanremo","article_modified_time":"2022-06-21T12:26:28+00:00","twitter_misc":{"Dur\u00e9e de lecture estim\u00e9e":"2 minutes"},"schema":{"@context":"https:\/\/schema.org","@graph":[{"@type":"WebPage","@id":"https:\/\/sanremoguide.it\/fr\/infos-pratiques\/comment-sy-rendre\/acces-en-bateau\/","url":"https:\/\/sanremoguide.it\/fr\/infos-pratiques\/comment-sy-rendre\/acces-en-bateau\/","name":"Porto Vecchio et Portosole pour arriver en bateau","isPartOf":{"@id":"https:\/\/sanremoguide.it\/#website"},"datePublished":"2022-05-03T12:08:09+00:00","dateModified":"2022-06-21T12:26:28+00:00","description":"Comment se rendre \u00e0 Sanremo en bateau : Portosole et Porto Vecchio ou via le port de Savone et le port de G\u00eanes, pour les ferries et les croisi\u00e8res.","breadcrumb":{"@id":"https:\/\/sanremoguide.it\/fr\/infos-pratiques\/comment-sy-rendre\/acces-en-bateau\/#breadcrumb"},"inLanguage":"fr-FR","potentialAction":[{"@type":"ReadAction","target":["https:\/\/sanremoguide.it\/fr\/infos-pratiques\/comment-sy-rendre\/acces-en-bateau\/"]}]},{"@type":"BreadcrumbList","@id":"https:\/\/sanremoguide.it\/fr\/infos-pratiques\/comment-sy-rendre\/acces-en-bateau\/#breadcrumb","itemListElement":[{"@type":"ListItem","position":1,"name":"Home","item":"https:\/\/sanremoguide.it\/"},{"@type":"ListItem","position":2,"name":"INFOS PRATIQUES","item":"https:\/\/sanremoguide.it\/info-pratiche\/"},{"@type":"ListItem","position":3,"name":"Comment s&#8217;y rendre","item":"https:\/\/sanremoguide.it\/fr\/infos-pratiques\/comment-sy-rendre\/"},{"@type":"ListItem","position":4,"name":"Acc\u00e8s en bateau"}]},{"@type":"WebSite","@id":"https:\/\/sanremoguide.it\/#website","url":"https:\/\/sanremoguide.it\/","name":"SANREMO GUIDE | la guida turistica di Sanremo","description":"la guida turistica della citt\u00e0 di Sanremo","potentialAction":[{"@type":"SearchAction","target":{"@type":"EntryPoint","urlTemplate":"https:\/\/sanremoguide.it\/?s={search_term_string}"},"query-input":{"@type":"PropertyValueSpecification","valueRequired":true,"valueName":"search_term_string"}}],"inLanguage":"fr-FR"}]}},"_links":{"self":[{"href":"https:\/\/sanremoguide.it\/fr\/wp-json\/wp\/v2\/pages\/9670","targetHints":{"allow":["GET"]}}],"collection":[{"href":"https:\/\/sanremoguide.it\/fr\/wp-json\/wp\/v2\/pages"}],"about":[{"href":"https:\/\/sanremoguide.it\/fr\/wp-json\/wp\/v2\/types\/page"}],"author":[{"embeddable":true,"href":"https:\/\/sanremoguide.it\/fr\/wp-json\/wp\/v2\/users\/1"}],"replies":[{"embeddable":true,"href":"https:\/\/sanremoguide.it\/fr\/wp-json\/wp\/v2\/comments?post=9670"}],"version-history":[{"count":6,"href":"https:\/\/sanremoguide.it\/fr\/wp-json\/wp\/v2\/pages\/9670\/revisions"}],"predecessor-version":[{"id":13531,"href":"https:\/\/sanremoguide.it\/fr\/wp-json\/wp\/v2\/pages\/9670\/revisions\/13531"}],"up":[{"embeddable":true,"href":"https:\/\/sanremoguide.it\/fr\/wp-json\/wp\/v2\/pages\/9666"}],"wp:attachment":[{"href":"https:\/\/sanremoguide.it\/fr\/wp-json\/wp\/v2\/media?parent=9670"}],"curies":[{"name":"wp","href":"https:\/\/api.w.org\/{rel}","templated":true}]}}