{"id":9680,"date":"2022-05-03T12:32:02","date_gmt":"2022-05-03T12:32:02","guid":{"rendered":"https:\/\/sanremoguide.it\/san-remo-la-ville-des-fleurs\/fleurs-de-san-remo\/"},"modified":"2022-06-17T16:57:50","modified_gmt":"2022-06-17T16:57:50","slug":"fleurs-de-san-remo","status":"publish","type":"page","link":"https:\/\/sanremoguide.it\/fr\/la-ville-de-sanremo\/san-remo-la-ville-des-fleurs\/fleurs-de-san-remo\/","title":{"rendered":"Fleurs de San Remo"},"content":{"rendered":"<p>[et_pb_section fb_built=\u00a0\u00bb1&Prime; fullwidth=\u00a0\u00bbon\u00a0\u00bb _builder_version=\u00a0\u00bb4.17.4&Prime; _module_preset=\u00a0\u00bbdefault\u00a0\u00bb locked=\u00a0\u00bboff\u00a0\u00bb global_colors_info=\u00a0\u00bb{}\u00a0\u00bb][et_pb_fullwidth_slider _builder_version=\u00a0\u00bb4.17.4&Prime; _module_preset=\u00a0\u00bbdefault\u00a0\u00bb background_image=\u00a0\u00bbhttps:\/\/sanremoguide.it\/wp-content\/uploads\/2018\/09\/Luca_Lombardi_Sanremo_La_Primavera.jpg\u00a0\u00bb global_colors_info=\u00a0\u00bb{}\u00a0\u00bb][et_pb_slide heading=\u00a0\u00bbFleurs de San Remo\u00a0\u00bb _builder_version=\u00a0\u00bb4.17.4&Prime; _module_preset=\u00a0\u00bbdefault\u00a0\u00bb custom_button=\u00a0\u00bbon\u00a0\u00bb button_text_color=\u00a0\u00bb#256b00&Prime; button_bg_color=\u00a0\u00bb#f2b500&Prime; button_border_color=\u00a0\u00bb#FFFFFF\u00a0\u00bb button_icon=\u00a0\u00bb&#x41;||divi||400&Prime; text_orientation=\u00a0\u00bbcenter\u00a0\u00bb background_layout=\u00a0\u00bblight\u00a0\u00bb box_shadow_style_button=\u00a0\u00bbpreset1&Prime; text_shadow_style=\u00a0\u00bbpreset3&Prime; global_colors_info=\u00a0\u00bb{}\u00a0\u00bb sticky_transition=\u00a0\u00bbon\u00a0\u00bb][\/et_pb_slide][\/et_pb_fullwidth_slider][\/et_pb_section][et_pb_section fb_built=\u00a0\u00bb1&Prime; admin_label=\u00a0\u00bbsection\u00a0\u00bb _builder_version=\u00a0\u00bb4.16&Prime; global_colors_info=\u00a0\u00bb{}\u00a0\u00bb][et_pb_row admin_label=\u00a0\u00bbrow\u00a0\u00bb _builder_version=\u00a0\u00bb4.16&Prime; background_size=\u00a0\u00bbinitial\u00a0\u00bb background_position=\u00a0\u00bbtop_left\u00a0\u00bb background_repeat=\u00a0\u00bbrepeat\u00a0\u00bb global_colors_info=\u00a0\u00bb{}\u00a0\u00bb][et_pb_column type=\u00a0\u00bb4_4&Prime; _builder_version=\u00a0\u00bb4.16&Prime; custom_padding=\u00a0\u00bb|||\u00a0\u00bb global_colors_info=\u00a0\u00bb{}\u00a0\u00bb custom_padding__hover=\u00a0\u00bb|||\u00a0\u00bb][et_pb_text admin_label=\u00a0\u00bbText\u00a0\u00bb _builder_version=\u00a0\u00bb4.16&Prime; background_size=\u00a0\u00bbinitial\u00a0\u00bb background_position=\u00a0\u00bbtop_left\u00a0\u00bb background_repeat=\u00a0\u00bbrepeat\u00a0\u00bb global_colors_info=\u00a0\u00bb{}\u00a0\u00bb]<b>Fleurs de San Remo<\/b><\/p>\n<p><img decoding=\"async\" class=\"aligncenter\" style=\"height: auto; max-width: 100%; display: block; margin-left: auto; margin-right: auto; color: #666666; font-family: 'Open Sans', Arial, sans-serif; font-size: 14px; font-style: normal; font-variant-ligatures: normal; font-variant-caps: normal; font-weight: 500; letter-spacing: normal; orphans: 2; text-align: start; text-indent: 0px; text-transform: none; white-space: normal; widows: 2; word-spacing: 0px; -webkit-text-stroke-width: 0px; background-color: #eeeeee; text-decoration-thickness: initial; text-decoration-style: initial; text-decoration-color: initial;\" src=\"https:\/\/www.sanremoguide.it\/uploads\/SanRemo_fiori_rose_350x200.jpg\" alt=\"&lt;b&gt;Le rose di Sanremo&lt;\/b&gt; - Foto APT Rdf\" \/><\/p>\n<p><span style=\"font-weight: 400;\">Lorsque nous parlons de la culture des fleurs de Sanremo, nous ne parlons pas seulement de production et de commerce, mais aussi d\u2019une v\u00e9ritable forme d\u2019art. L&rsquo;histoire commence avec le producteur et se termine avec l&rsquo;ach\u00e8vement du cycle entre les mains du fleuriste. Le cycle suit l&rsquo;histoire de chaque fleur, de la germination \u00e0 la floraison finale, dans toute sa splendeur.<\/span><\/p>\n<p><span style=\"font-weight: 400;\">le <\/span><b>\u201c\u00c0 l&rsquo;italienne Sanremo\u201d<\/b><span style=\"font-weight: 400;\">, le style du bouquet floral typique de Sanremese, a \u00e9t\u00e9 cr\u00e9\u00e9 pour attirer l\u2019attention et souligner la valeur des produits floraux du march\u00e9 aux fleurs de Sanremo. De cette mani\u00e8re, la valeur et la comp\u00e9tence des qualit\u00e9s artistiques des fleuristes professionnels qui ont d\u00e9velopp\u00e9 cette innovation ont \u00e9t\u00e9 soulign\u00e9es. Cela a ensuite conduit \u00e0 l\u2019\u00e9mergence de la grande tradition italienne de l\u2019art, du go\u00fbt et de la beaut\u00e9.<\/span><span style=\"font-weight: 400;\"><br \/>\n<\/span><span style=\"font-weight: 400;\">Les bouquets doivent repr\u00e9senter, d\u2019une mani\u00e8re ou d\u2019une autre, les caract\u00e9ristiques de la r\u00e9gion et son climat temp\u00e9r\u00e9.<\/span><\/p>\n<p><span style=\"font-weight: 400;\">Une composition portant le nom <\/span><b>\u201c\u00c0 l&rsquo;italienne Sanremo\u201d<\/b><span style=\"font-weight: 400;\">, doit donc \u00eatre repr\u00e9sentatif de la saison de composition en utilisant des produits en fleurs au moment de sa fabrication (fleurs, frondes en fleurs et baies portant, tous obtenus de la campagne locale): il doit \u00e9galement s&rsquo;agir d&rsquo;une composition de produits uniquement de la plus haute qualit\u00e9: il faut veiller \u00e0 ce que le parfum des fleurs soit \u00e9vident: de plus, il doit y avoir un reflet des belles couleurs de la M\u00e9diterran\u00e9e dans les mat\u00e9riaux utilis\u00e9s: il doit refl\u00e9ter le fait que les fleurs, les les feuilles sont des mat\u00e9riaux vivants m\u00eame apr\u00e8s leur utilisation dans les compositions: il faut utiliser au maximum les mat\u00e9riaux naturels et au minimum les produits tels que le papier: enfin, la composition doit c\u00e9l\u00e9brer les \u00e9l\u00e9ments \u00e0 la base de \u00abSanremo Italian Style\u00bb, et son association culturelle et historique avec la r\u00e9gion<\/span>[\/et_pb_text][\/et_pb_column][\/et_pb_row][\/et_pb_section][et_pb_section fb_built=\u00a0\u00bb1&Prime; fullwidth=\u00a0\u00bbon\u00a0\u00bb _builder_version=\u00a0\u00bb4.17.4&Prime; _module_preset=\u00a0\u00bbdefault\u00a0\u00bb global_module=\u00a0\u00bb12524&Prime; saved_tabs=\u00a0\u00bball\u00a0\u00bb locked=\u00a0\u00bboff\u00a0\u00bb collapsed=\u00a0\u00bboff\u00a0\u00bb global_colors_info=\u00a0\u00bb{}\u00a0\u00bb][et_pb_fullwidth_slider _builder_version=\u00a0\u00bb4.17.4&Prime; _module_preset=\u00a0\u00bbdefault\u00a0\u00bb global_colors_info=\u00a0\u00bb{}\u00a0\u00bb][et_pb_slide heading=\u00a0\u00bbESCURSIONI ED EXPERIENCE A SANREMO E IN RIVIERA\u00a0\u00bb button_text=\u00a0\u00bbRICHIEDI IL CATALOGO\u00a0\u00bb button_link=\u00a0\u00bbhttps:\/\/sanremoguide.it\/contatti\u00a0\u00bb image=\u00a0\u00bbhttps:\/\/sanremoguide.it\/wp-content\/uploads\/2022\/06\/itouriviera.png\u00a0\u00bb _builder_version=\u00a0\u00bb4.17.4&Prime; _module_preset=\u00a0\u00bbdefault\u00a0\u00bb background_image=\u00a0\u00bbhttps:\/\/sanremoguide.it\/wp-content\/uploads\/2018\/07\/luca-lombardi-sanremo_bn.jpg\u00a0\u00bb background_enable_image=\u00a0\u00bbon\u00a0\u00bb custom_button=\u00a0\u00bbon\u00a0\u00bb button_bg_color=\u00a0\u00bb#E09900&Prime; button_border_width=\u00a0\u00bb1px\u00a0\u00bb button_border_color=\u00a0\u00bb#FFFFFF\u00a0\u00bb global_colors_info=\u00a0\u00bb{}\u00a0\u00bb sticky_transition=\u00a0\u00bbon\u00a0\u00bb][\/et_pb_slide][\/et_pb_fullwidth_slider][\/et_pb_section]<\/p>\n","protected":false},"excerpt":{"rendered":"<p>Fleurs de San Remo Lorsque nous parlons de la culture des fleurs de Sanremo, nous ne parlons pas seulement de production et de commerce, mais aussi d\u2019une v\u00e9ritable forme d\u2019art. L&rsquo;histoire commence avec le producteur et se termine avec l&rsquo;ach\u00e8vement du cycle entre les mains du fleuriste. Le cycle suit l&rsquo;histoire de chaque fleur, de [&hellip;]<\/p>\n","protected":false},"author":1,"featured_media":0,"parent":9679,"menu_order":0,"comment_status":"closed","ping_status":"closed","template":"","meta":{"_et_pb_use_builder":"on","_et_pb_old_content":"<b>Fleurs de San Remo<\/b>\r\n\r\n<img class=\"aligncenter\" style=\"height: auto; max-width: 100%; display: block; margin-left: auto; margin-right: auto; color: #666666; font-family: 'Open Sans', Arial, sans-serif; font-size: 14px; font-style: normal; font-variant-ligatures: normal; font-variant-caps: normal; font-weight: 500; letter-spacing: normal; orphans: 2; text-align: start; text-indent: 0px; text-transform: none; white-space: normal; widows: 2; word-spacing: 0px; -webkit-text-stroke-width: 0px; background-color: #eeeeee; text-decoration-thickness: initial; text-decoration-style: initial; text-decoration-color: initial;\" src=\"https:\/\/www.sanremoguide.it\/uploads\/SanRemo_fiori_rose_350x200.jpg\" alt=\"<b>Le rose di Sanremo<\/b> - Foto APT Rdf\" \/>\r\n\r\n<span style=\"font-weight: 400;\">Lorsque nous parlons de la culture des fleurs de Sanremo, nous ne parlons pas seulement de production et de commerce, mais aussi d\u2019une v\u00e9ritable forme d\u2019art. L'histoire commence avec le producteur et se termine avec l'ach\u00e8vement du cycle entre les mains du fleuriste. Le cycle suit l'histoire de chaque fleur, de la germination \u00e0 la floraison finale, dans toute sa splendeur.<\/span>\r\n\r\n<span style=\"font-weight: 400;\">le <\/span><b>\u201c\u00c0 l'italienne Sanremo\u201d<\/b><span style=\"font-weight: 400;\">, le style du bouquet floral typique de Sanremese, a \u00e9t\u00e9 cr\u00e9\u00e9 pour attirer l\u2019attention et souligner la valeur des produits floraux du march\u00e9 aux fleurs de Sanremo. De cette mani\u00e8re, la valeur et la comp\u00e9tence des qualit\u00e9s artistiques des fleuristes professionnels qui ont d\u00e9velopp\u00e9 cette innovation ont \u00e9t\u00e9 soulign\u00e9es. Cela a ensuite conduit \u00e0 l\u2019\u00e9mergence de la grande tradition italienne de l\u2019art, du go\u00fbt et de la beaut\u00e9.<\/span><span style=\"font-weight: 400;\">\r\n<\/span><span style=\"font-weight: 400;\">Les bouquets doivent repr\u00e9senter, d\u2019une mani\u00e8re ou d\u2019une autre, les caract\u00e9ristiques de la r\u00e9gion et son climat temp\u00e9r\u00e9.<\/span>\r\n\r\n<span style=\"font-weight: 400;\">Une composition portant le nom <\/span><b>\u201c\u00c0 l'italienne Sanremo\u201d<\/b><span style=\"font-weight: 400;\">, doit donc \u00eatre repr\u00e9sentatif de la saison de composition en utilisant des produits en fleurs au moment de sa fabrication (fleurs, frondes en fleurs et baies portant, tous obtenus de la campagne locale): il doit \u00e9galement s'agir d'une composition de produits uniquement de la plus haute qualit\u00e9: il faut veiller \u00e0 ce que le parfum des fleurs soit \u00e9vident: de plus, il doit y avoir un reflet des belles couleurs de la M\u00e9diterran\u00e9e dans les mat\u00e9riaux utilis\u00e9s: il doit refl\u00e9ter le fait que les fleurs, les les feuilles sont des mat\u00e9riaux vivants m\u00eame apr\u00e8s leur utilisation dans les compositions: il faut utiliser au maximum les mat\u00e9riaux naturels et au minimum les produits tels que le papier: enfin, la composition doit c\u00e9l\u00e9brer les \u00e9l\u00e9ments \u00e0 la base de \u00abSanremo Italian Style\u00bb, et son association culturelle et historique avec la r\u00e9gion<\/span>","_et_gb_content_width":"","footnotes":""},"class_list":["post-9680","page","type-page","status-publish","hentry"],"yoast_head":"<!-- This site is optimized with the Yoast SEO plugin v27.4 - https:\/\/yoast.com\/product\/yoast-seo-wordpress\/ -->\n<title>- SanRemoGuide - Les fleurs de Sanremo<\/title>\n<meta name=\"description\" content=\"Guide touristique de la ville de Sanremo, avec service de r\u00e9servation en ligne d&#039;h\u00f4tels, de r\u00e9sidences et de forfaits touristiques.\" \/>\n<meta name=\"robots\" content=\"index, follow, max-snippet:-1, max-image-preview:large, max-video-preview:-1\" \/>\n<link rel=\"canonical\" href=\"https:\/\/sanremoguide.it\/fr\/la-ville-de-sanremo\/san-remo-la-ville-des-fleurs\/fleurs-de-san-remo\/\" \/>\n<meta property=\"og:locale\" content=\"fr_FR\" \/>\n<meta property=\"og:type\" content=\"article\" \/>\n<meta property=\"og:title\" content=\"- SanRemoGuide - Les fleurs de Sanremo\" \/>\n<meta property=\"og:description\" content=\"Guide touristique de la ville de Sanremo, avec service de r\u00e9servation en ligne d&#039;h\u00f4tels, de r\u00e9sidences et de forfaits touristiques.\" \/>\n<meta property=\"og:url\" content=\"https:\/\/sanremoguide.it\/fr\/la-ville-de-sanremo\/san-remo-la-ville-des-fleurs\/fleurs-de-san-remo\/\" \/>\n<meta property=\"og:site_name\" content=\"SANREMO GUIDE | la guida turistica di Sanremo\" \/>\n<meta property=\"article:modified_time\" content=\"2022-06-17T16:57:50+00:00\" \/>\n<meta property=\"og:image\" content=\"https:\/\/www.sanremoguide.it\/uploads\/SanRemo_fiori_rose_350x200.jpg\" \/>\n<meta name=\"twitter:label1\" content=\"Dur\u00e9e de lecture estim\u00e9e\" \/>\n\t<meta name=\"twitter:data1\" content=\"3 minutes\" \/>\n<script type=\"application\/ld+json\" class=\"yoast-schema-graph\">{\"@context\":\"https:\\\/\\\/schema.org\",\"@graph\":[{\"@type\":\"WebPage\",\"@id\":\"https:\\\/\\\/sanremoguide.it\\\/fr\\\/la-ville-de-sanremo\\\/san-remo-la-ville-des-fleurs\\\/fleurs-de-san-remo\\\/\",\"url\":\"https:\\\/\\\/sanremoguide.it\\\/fr\\\/la-ville-de-sanremo\\\/san-remo-la-ville-des-fleurs\\\/fleurs-de-san-remo\\\/\",\"name\":\"- SanRemoGuide - Les fleurs de Sanremo\",\"isPartOf\":{\"@id\":\"https:\\\/\\\/sanremoguide.it\\\/#website\"},\"primaryImageOfPage\":{\"@id\":\"https:\\\/\\\/sanremoguide.it\\\/fr\\\/la-ville-de-sanremo\\\/san-remo-la-ville-des-fleurs\\\/fleurs-de-san-remo\\\/#primaryimage\"},\"image\":{\"@id\":\"https:\\\/\\\/sanremoguide.it\\\/fr\\\/la-ville-de-sanremo\\\/san-remo-la-ville-des-fleurs\\\/fleurs-de-san-remo\\\/#primaryimage\"},\"thumbnailUrl\":\"https:\\\/\\\/www.sanremoguide.it\\\/uploads\\\/SanRemo_fiori_rose_350x200.jpg\",\"datePublished\":\"2022-05-03T12:32:02+00:00\",\"dateModified\":\"2022-06-17T16:57:50+00:00\",\"description\":\"Guide touristique de la ville de Sanremo, avec service de r\u00e9servation en ligne d'h\u00f4tels, de r\u00e9sidences et de forfaits touristiques.\",\"breadcrumb\":{\"@id\":\"https:\\\/\\\/sanremoguide.it\\\/fr\\\/la-ville-de-sanremo\\\/san-remo-la-ville-des-fleurs\\\/fleurs-de-san-remo\\\/#breadcrumb\"},\"inLanguage\":\"fr-FR\",\"potentialAction\":[{\"@type\":\"ReadAction\",\"target\":[\"https:\\\/\\\/sanremoguide.it\\\/fr\\\/la-ville-de-sanremo\\\/san-remo-la-ville-des-fleurs\\\/fleurs-de-san-remo\\\/\"]}]},{\"@type\":\"ImageObject\",\"inLanguage\":\"fr-FR\",\"@id\":\"https:\\\/\\\/sanremoguide.it\\\/fr\\\/la-ville-de-sanremo\\\/san-remo-la-ville-des-fleurs\\\/fleurs-de-san-remo\\\/#primaryimage\",\"url\":\"https:\\\/\\\/www.sanremoguide.it\\\/uploads\\\/SanRemo_fiori_rose_350x200.jpg\",\"contentUrl\":\"https:\\\/\\\/www.sanremoguide.it\\\/uploads\\\/SanRemo_fiori_rose_350x200.jpg\"},{\"@type\":\"BreadcrumbList\",\"@id\":\"https:\\\/\\\/sanremoguide.it\\\/fr\\\/la-ville-de-sanremo\\\/san-remo-la-ville-des-fleurs\\\/fleurs-de-san-remo\\\/#breadcrumb\",\"itemListElement\":[{\"@type\":\"ListItem\",\"position\":1,\"name\":\"Home\",\"item\":\"https:\\\/\\\/sanremoguide.it\\\/\"},{\"@type\":\"ListItem\",\"position\":2,\"name\":\"LA VILLE DE SANREMO\",\"item\":\"https:\\\/\\\/sanremoguide.it\\\/fr\\\/la-ville-de-sanremo\\\/\"},{\"@type\":\"ListItem\",\"position\":3,\"name\":\"San Remo: la ville des fleurs\",\"item\":\"https:\\\/\\\/sanremoguide.it\\\/fr\\\/la-ville-de-sanremo\\\/san-remo-la-ville-des-fleurs\\\/\"},{\"@type\":\"ListItem\",\"position\":4,\"name\":\"Fleurs de San Remo\"}]},{\"@type\":\"WebSite\",\"@id\":\"https:\\\/\\\/sanremoguide.it\\\/#website\",\"url\":\"https:\\\/\\\/sanremoguide.it\\\/\",\"name\":\"SANREMO GUIDE | la guida turistica di Sanremo\",\"description\":\"la guida turistica della citt\u00e0 di Sanremo\",\"potentialAction\":[{\"@type\":\"SearchAction\",\"target\":{\"@type\":\"EntryPoint\",\"urlTemplate\":\"https:\\\/\\\/sanremoguide.it\\\/?s={search_term_string}\"},\"query-input\":{\"@type\":\"PropertyValueSpecification\",\"valueRequired\":true,\"valueName\":\"search_term_string\"}}],\"inLanguage\":\"fr-FR\"}]}<\/script>\n<!-- \/ Yoast SEO plugin. -->","yoast_head_json":{"title":"- SanRemoGuide - Les fleurs de Sanremo","description":"Guide touristique de la ville de Sanremo, avec service de r\u00e9servation en ligne d'h\u00f4tels, de r\u00e9sidences et de forfaits touristiques.","robots":{"index":"index","follow":"follow","max-snippet":"max-snippet:-1","max-image-preview":"max-image-preview:large","max-video-preview":"max-video-preview:-1"},"canonical":"https:\/\/sanremoguide.it\/fr\/la-ville-de-sanremo\/san-remo-la-ville-des-fleurs\/fleurs-de-san-remo\/","og_locale":"fr_FR","og_type":"article","og_title":"- SanRemoGuide - Les fleurs de Sanremo","og_description":"Guide touristique de la ville de Sanremo, avec service de r\u00e9servation en ligne d'h\u00f4tels, de r\u00e9sidences et de forfaits touristiques.","og_url":"https:\/\/sanremoguide.it\/fr\/la-ville-de-sanremo\/san-remo-la-ville-des-fleurs\/fleurs-de-san-remo\/","og_site_name":"SANREMO GUIDE | la guida turistica di Sanremo","article_modified_time":"2022-06-17T16:57:50+00:00","og_image":[{"url":"https:\/\/www.sanremoguide.it\/uploads\/SanRemo_fiori_rose_350x200.jpg","type":"","width":"","height":""}],"twitter_misc":{"Dur\u00e9e de lecture estim\u00e9e":"3 minutes"},"schema":{"@context":"https:\/\/schema.org","@graph":[{"@type":"WebPage","@id":"https:\/\/sanremoguide.it\/fr\/la-ville-de-sanremo\/san-remo-la-ville-des-fleurs\/fleurs-de-san-remo\/","url":"https:\/\/sanremoguide.it\/fr\/la-ville-de-sanremo\/san-remo-la-ville-des-fleurs\/fleurs-de-san-remo\/","name":"- SanRemoGuide - Les fleurs de Sanremo","isPartOf":{"@id":"https:\/\/sanremoguide.it\/#website"},"primaryImageOfPage":{"@id":"https:\/\/sanremoguide.it\/fr\/la-ville-de-sanremo\/san-remo-la-ville-des-fleurs\/fleurs-de-san-remo\/#primaryimage"},"image":{"@id":"https:\/\/sanremoguide.it\/fr\/la-ville-de-sanremo\/san-remo-la-ville-des-fleurs\/fleurs-de-san-remo\/#primaryimage"},"thumbnailUrl":"https:\/\/www.sanremoguide.it\/uploads\/SanRemo_fiori_rose_350x200.jpg","datePublished":"2022-05-03T12:32:02+00:00","dateModified":"2022-06-17T16:57:50+00:00","description":"Guide touristique de la ville de Sanremo, avec service de r\u00e9servation en ligne d'h\u00f4tels, de r\u00e9sidences et de forfaits touristiques.","breadcrumb":{"@id":"https:\/\/sanremoguide.it\/fr\/la-ville-de-sanremo\/san-remo-la-ville-des-fleurs\/fleurs-de-san-remo\/#breadcrumb"},"inLanguage":"fr-FR","potentialAction":[{"@type":"ReadAction","target":["https:\/\/sanremoguide.it\/fr\/la-ville-de-sanremo\/san-remo-la-ville-des-fleurs\/fleurs-de-san-remo\/"]}]},{"@type":"ImageObject","inLanguage":"fr-FR","@id":"https:\/\/sanremoguide.it\/fr\/la-ville-de-sanremo\/san-remo-la-ville-des-fleurs\/fleurs-de-san-remo\/#primaryimage","url":"https:\/\/www.sanremoguide.it\/uploads\/SanRemo_fiori_rose_350x200.jpg","contentUrl":"https:\/\/www.sanremoguide.it\/uploads\/SanRemo_fiori_rose_350x200.jpg"},{"@type":"BreadcrumbList","@id":"https:\/\/sanremoguide.it\/fr\/la-ville-de-sanremo\/san-remo-la-ville-des-fleurs\/fleurs-de-san-remo\/#breadcrumb","itemListElement":[{"@type":"ListItem","position":1,"name":"Home","item":"https:\/\/sanremoguide.it\/"},{"@type":"ListItem","position":2,"name":"LA VILLE DE SANREMO","item":"https:\/\/sanremoguide.it\/fr\/la-ville-de-sanremo\/"},{"@type":"ListItem","position":3,"name":"San Remo: la ville des fleurs","item":"https:\/\/sanremoguide.it\/fr\/la-ville-de-sanremo\/san-remo-la-ville-des-fleurs\/"},{"@type":"ListItem","position":4,"name":"Fleurs de San Remo"}]},{"@type":"WebSite","@id":"https:\/\/sanremoguide.it\/#website","url":"https:\/\/sanremoguide.it\/","name":"SANREMO GUIDE | la guida turistica di Sanremo","description":"la guida turistica della citt\u00e0 di Sanremo","potentialAction":[{"@type":"SearchAction","target":{"@type":"EntryPoint","urlTemplate":"https:\/\/sanremoguide.it\/?s={search_term_string}"},"query-input":{"@type":"PropertyValueSpecification","valueRequired":true,"valueName":"search_term_string"}}],"inLanguage":"fr-FR"}]}},"_links":{"self":[{"href":"https:\/\/sanremoguide.it\/fr\/wp-json\/wp\/v2\/pages\/9680","targetHints":{"allow":["GET"]}}],"collection":[{"href":"https:\/\/sanremoguide.it\/fr\/wp-json\/wp\/v2\/pages"}],"about":[{"href":"https:\/\/sanremoguide.it\/fr\/wp-json\/wp\/v2\/types\/page"}],"author":[{"embeddable":true,"href":"https:\/\/sanremoguide.it\/fr\/wp-json\/wp\/v2\/users\/1"}],"replies":[{"embeddable":true,"href":"https:\/\/sanremoguide.it\/fr\/wp-json\/wp\/v2\/comments?post=9680"}],"version-history":[{"count":2,"href":"https:\/\/sanremoguide.it\/fr\/wp-json\/wp\/v2\/pages\/9680\/revisions"}],"predecessor-version":[{"id":13201,"href":"https:\/\/sanremoguide.it\/fr\/wp-json\/wp\/v2\/pages\/9680\/revisions\/13201"}],"up":[{"embeddable":true,"href":"https:\/\/sanremoguide.it\/fr\/wp-json\/wp\/v2\/pages\/9679"}],"wp:attachment":[{"href":"https:\/\/sanremoguide.it\/fr\/wp-json\/wp\/v2\/media?parent=9680"}],"curies":[{"name":"wp","href":"https:\/\/api.w.org\/{rel}","templated":true}]}}