{"id":9684,"date":"2022-05-03T12:40:10","date_gmt":"2022-05-03T12:40:10","guid":{"rendered":"https:\/\/sanremoguide.it\/cuisine-ligure\/"},"modified":"2022-06-17T16:05:00","modified_gmt":"2022-06-17T16:05:00","slug":"cuisine-ligure","status":"publish","type":"page","link":"https:\/\/sanremoguide.it\/fr\/cuisine-ligure\/","title":{"rendered":"Cuisine ligure"},"content":{"rendered":"<p>[et_pb_section fb_built=\u00a0\u00bb1&Prime; fullwidth=\u00a0\u00bbon\u00a0\u00bb _builder_version=\u00a0\u00bb4.17.4&Prime; _module_preset=\u00a0\u00bbdefault\u00a0\u00bb locked=\u00a0\u00bboff\u00a0\u00bb global_colors_info=\u00a0\u00bb{}\u00a0\u00bb][et_pb_fullwidth_slider _builder_version=\u00a0\u00bb4.17.4&Prime; _module_preset=\u00a0\u00bbdefault\u00a0\u00bb background_image=\u00a0\u00bbhttps:\/\/sanremoguide.it\/wp-content\/uploads\/2018\/09\/Luca_Lombardi_Sanremo_La_Primavera.jpg\u00a0\u00bb global_colors_info=\u00a0\u00bb{}\u00a0\u00bb][et_pb_slide heading=\u00a0\u00bbCuisine ligure\u00a0\u00bb _builder_version=\u00a0\u00bb4.17.4&Prime; _module_preset=\u00a0\u00bbdefault\u00a0\u00bb custom_button=\u00a0\u00bbon\u00a0\u00bb button_text_color=\u00a0\u00bb#256b00&Prime; button_bg_color=\u00a0\u00bb#f2b500&Prime; button_border_color=\u00a0\u00bb#FFFFFF\u00a0\u00bb button_icon=\u00a0\u00bb&#x41;||divi||400&Prime; text_orientation=\u00a0\u00bbcenter\u00a0\u00bb background_layout=\u00a0\u00bblight\u00a0\u00bb box_shadow_style_button=\u00a0\u00bbpreset1&Prime; text_shadow_style=\u00a0\u00bbpreset3&Prime; global_colors_info=\u00a0\u00bb{}\u00a0\u00bb sticky_transition=\u00a0\u00bbon\u00a0\u00bb][\/et_pb_slide][\/et_pb_fullwidth_slider][\/et_pb_section][et_pb_section fb_built=\u00a0\u00bb1&Prime; admin_label=\u00a0\u00bbsection\u00a0\u00bb _builder_version=\u00a0\u00bb4.16&Prime; global_colors_info=\u00a0\u00bb{}\u00a0\u00bb][et_pb_row admin_label=\u00a0\u00bbrow\u00a0\u00bb _builder_version=\u00a0\u00bb4.16&Prime; background_size=\u00a0\u00bbinitial\u00a0\u00bb background_position=\u00a0\u00bbtop_left\u00a0\u00bb background_repeat=\u00a0\u00bbrepeat\u00a0\u00bb global_colors_info=\u00a0\u00bb{}\u00a0\u00bb][et_pb_column type=\u00a0\u00bb4_4&Prime; _builder_version=\u00a0\u00bb4.16&Prime; custom_padding=\u00a0\u00bb|||\u00a0\u00bb global_colors_info=\u00a0\u00bb{}\u00a0\u00bb custom_padding__hover=\u00a0\u00bb|||\u00a0\u00bb][et_pb_text admin_label=\u00a0\u00bbText\u00a0\u00bb _builder_version=\u00a0\u00bb4.17.4&Prime; background_size=\u00a0\u00bbinitial\u00a0\u00bb background_position=\u00a0\u00bbtop_left\u00a0\u00bb background_repeat=\u00a0\u00bbrepeat\u00a0\u00bb global_colors_info=\u00a0\u00bb{}\u00a0\u00bb]<img decoding=\"async\" class=\"aligncenter\" style=\"height: auto; max-width: 100%; display: block; margin-left: auto; margin-right: auto; color: #666666; font-family: 'Open Sans', Arial, sans-serif; font-size: 14px; font-style: normal; font-variant-ligatures: normal; font-variant-caps: normal; font-weight: 500; letter-spacing: normal; orphans: 2; text-align: start; text-indent: 0px; text-transform: none; white-space: normal; widows: 2; word-spacing: 0px; -webkit-text-stroke-width: 0px; background-color: #eeeeee; text-decoration-thickness: initial; text-decoration-style: initial; text-decoration-color: initial;\" src=\"https:\/\/www.sanremoguide.it\/uploads\/Sanremo_gastronomia1_350x200.jpg\" alt=\"&lt;b&gt;La dieta mediterranea&lt;\/b&gt; - Foto APT RdF\" \/><\/p>\n<p><b>Le r\u00e9gime m\u00e9diterran\u00e9en est \u00e0 la fois une v\u00e9ritable philosophie de vie et un bon moyen de se nourrir. Il combine ainsi certains ingr\u00e9dients avec le climat, les traditions et les cultures des pays m\u00e9diterran\u00e9ens. L&rsquo;huile d&rsquo;olive, les p\u00e2tes, les fruits, les l\u00e9gumes, le poisson, les viandes blanches et rouges, les l\u00e9gumineuses et le vin constituent la base du r\u00e9gime m\u00e9diterran\u00e9en. Le mot \u00abr\u00e9gime\u00bb vient du grec \u00abdiaita\u00bb qui signifie \u00abmode de vie\u00bb. C&rsquo;est donc une discipline correcte qui va bien avec un mode de vie sain. Depuis les ann\u00e9es 1960, des recherches scientifiques ont prouv\u00e9 que les populations m\u00e9diterran\u00e9ennes jouissaient de meilleures conditions de sant\u00e9 que les habitants du nord de l&rsquo;Europe. Cela est d\u00fb \u00e0 l&rsquo;utilisation de l&rsquo;huile d&rsquo;olive, du poisson, des p\u00e2tes, des fruits et des l\u00e9gumes.<\/b><\/p>\n<p>L&rsquo;Italie est sans aucun doute le foyer du r\u00e9gime m\u00e9diterran\u00e9en. C&rsquo;est l&rsquo;un des principaux consommateurs d&rsquo;huile d&rsquo;olive et de p\u00e2tes alimentaires dans le monde. De plus, chaque r\u00e9gion peut se vanter de diff\u00e9rents types de p\u00e2tes produites localement, et l&rsquo;huile d&rsquo;olive est produite dans tout le pays &#8211; \u00e0 l&rsquo;exception de l&rsquo;Italie du Nord.<\/p>\n<p>La Ligurie produit <b>huile d&rsquo;olive extra vierge<\/b>qui porte la certification \u201corigine protetta\u201d (c.-\u00e0-d. origine prot\u00e9g\u00e9e) et se caract\u00e9rise par des qualit\u00e9s pr\u00e9cises en fonction des zones de production.<\/p>\n<p>La Ligurie occidentale fabrique des produits \u0153nogastronomiques pouvant repr\u00e9senter le meilleur du r\u00e9gime m\u00e9diterran\u00e9en. L&rsquo;huile d&rsquo;olive extra vierge produite dans l&rsquo;ouest de la Ligurie est caract\u00e9ris\u00e9e par un go\u00fbt sucr\u00e9. un ar\u00f4me fruit\u00e9 avec des notes d&rsquo;amande et de pomme; et une faible acidit\u00e9 &#8211; il est donc facile \u00e0 dig\u00e9rer. L&rsquo;or vert de la Ligurie occidentale est extrait des olives Taggiasca, petites, sombres et savoureuses. Leur culture a \u00e9t\u00e9 introduite en Ligurie par les moines b\u00e9n\u00e9dictins il y a quelques si\u00e8cles.<\/p>\n<p>Voici quelques recettes de la Ligurie occidentale: l\u00e9gumes farcis, salades (par exemple <i>le cundi\u00f9n<\/i> ) et des p\u00e2tes faites maison (par exemple, <i>ravioli et trofie<\/i>< ) avec de la sauce pesto. Le pesto est une sauce savoureuse compos\u00e9e de basilic, de pignons de pin, de fromage r\u00e2p\u00e9 et d\u2019huile d\u2019olive. En passant aux plats principaux, vous pouvez trouver \u00ablapin \u00e0 la Vermentino\u00bb, \u00abmorue s\u00e9ch\u00e9e de cujun\u00bb, \u00abtorta verde\u00bb (riz et l\u00e9gumes cuits dans une fine feuille de p\u00e2tisserie), ou des pizzas - comme le c\u00e9l\u00e8bre \u00abSardenaira\u00bb avec tomates, anchois, olives Taggiasca et huile d'olive extra vierge.<\/p>\n<p>Ces plats sont strictement bas\u00e9s sur des ingr\u00e9dients appartenant au r\u00e9gime m\u00e9diterran\u00e9en et sont \u00e9galement des produits typiques de la Ligurie.<\/p>\n<p>[\/et_pb_text][\/et_pb_column][\/et_pb_row][\/et_pb_section][et_pb_section fb_built=\u00a0\u00bb1&Prime; fullwidth=\u00a0\u00bbon\u00a0\u00bb _builder_version=\u00a0\u00bb4.17.4&Prime; _module_preset=\u00a0\u00bbdefault\u00a0\u00bb global_module=\u00a0\u00bb12524&Prime; saved_tabs=\u00a0\u00bball\u00a0\u00bb locked=\u00a0\u00bboff\u00a0\u00bb collapsed=\u00a0\u00bboff\u00a0\u00bb global_colors_info=\u00a0\u00bb{}\u00a0\u00bb][et_pb_fullwidth_slider _builder_version=\u00a0\u00bb4.17.4&Prime; _module_preset=\u00a0\u00bbdefault\u00a0\u00bb global_colors_info=\u00a0\u00bb{}\u00a0\u00bb][et_pb_slide heading=\u00a0\u00bbESCURSIONI ED EXPERIENCE A SANREMO E IN RIVIERA\u00a0\u00bb button_text=\u00a0\u00bbRICHIEDI IL CATALOGO\u00a0\u00bb button_link=\u00a0\u00bbhttps:\/\/sanremoguide.it\/contatti\u00a0\u00bb image=\u00a0\u00bbhttps:\/\/sanremoguide.it\/wp-content\/uploads\/2022\/06\/itouriviera.png\u00a0\u00bb _builder_version=\u00a0\u00bb4.17.4&Prime; _module_preset=\u00a0\u00bbdefault\u00a0\u00bb background_image=\u00a0\u00bbhttps:\/\/sanremoguide.it\/wp-content\/uploads\/2018\/07\/luca-lombardi-sanremo_bn.jpg\u00a0\u00bb background_enable_image=\u00a0\u00bbon\u00a0\u00bb custom_button=\u00a0\u00bbon\u00a0\u00bb button_bg_color=\u00a0\u00bb#E09900&Prime; button_border_width=\u00a0\u00bb1px\u00a0\u00bb button_border_color=\u00a0\u00bb#FFFFFF\u00a0\u00bb global_colors_info=\u00a0\u00bb{}\u00a0\u00bb sticky_transition=\u00a0\u00bbon\u00a0\u00bb][\/et_pb_slide][\/et_pb_fullwidth_slider][\/et_pb_section]<\/p>\n","protected":false},"excerpt":{"rendered":"<p>Le r\u00e9gime m\u00e9diterran\u00e9en est \u00e0 la fois une v\u00e9ritable philosophie de vie et un bon moyen de se nourrir. Il combine ainsi certains ingr\u00e9dients avec le climat, les traditions et les cultures des pays m\u00e9diterran\u00e9ens. L&rsquo;huile d&rsquo;olive, les p\u00e2tes, les fruits, les l\u00e9gumes, le poisson, les viandes blanches et rouges, les l\u00e9gumineuses et le vin [&hellip;]<\/p>\n","protected":false},"author":1,"featured_media":0,"parent":0,"menu_order":0,"comment_status":"closed","ping_status":"closed","template":"","meta":{"_et_pb_use_builder":"on","_et_pb_old_content":"<b>Cuisine ligure<\/b>\r\n\r\n<img class=\"aligncenter\" style=\"height: auto; max-width: 100%; display: block; margin-left: auto; margin-right: auto; color: #666666; font-family: 'Open Sans', Arial, sans-serif; font-size: 14px; font-style: normal; font-variant-ligatures: normal; font-variant-caps: normal; font-weight: 500; letter-spacing: normal; orphans: 2; text-align: start; text-indent: 0px; text-transform: none; white-space: normal; widows: 2; word-spacing: 0px; -webkit-text-stroke-width: 0px; background-color: #eeeeee; text-decoration-thickness: initial; text-decoration-style: initial; text-decoration-color: initial;\" src=\"https:\/\/www.sanremoguide.it\/uploads\/Sanremo_gastronomia1_350x200.jpg\" alt=\"<b>La dieta mediterranea<\/b> - Foto APT RdF\" \/>\r\n\r\n<b>Le r\u00e9gime m\u00e9diterran\u00e9en est \u00e0 la fois une v\u00e9ritable philosophie de vie et un bon moyen de se nourrir. Il combine ainsi certains ingr\u00e9dients avec le climat, les traditions et les cultures des pays m\u00e9diterran\u00e9ens. L'huile d'olive, les p\u00e2tes, les fruits, les l\u00e9gumes, le poisson, les viandes blanches et rouges, les l\u00e9gumineuses et le vin constituent la base du r\u00e9gime m\u00e9diterran\u00e9en. Le mot \u00abr\u00e9gime\u00bb vient du grec \u00abdiaita\u00bb qui signifie \u00abmode de vie\u00bb. C'est donc une discipline correcte qui va bien avec un mode de vie sain. Depuis les ann\u00e9es 1960, des recherches scientifiques ont prouv\u00e9 que les populations m\u00e9diterran\u00e9ennes jouissaient de meilleures conditions de sant\u00e9 que les habitants du nord de l'Europe. Cela est d\u00fb \u00e0 l'utilisation de l'huile d'olive, du poisson, des p\u00e2tes, des fruits et des l\u00e9gumes.<\/b>\r\n\r\n<span style=\"font-weight: 400;\">L'Italie est sans aucun doute le foyer du r\u00e9gime m\u00e9diterran\u00e9en. C'est l'un des principaux consommateurs d'huile d'olive et de p\u00e2tes alimentaires dans le monde. De plus, chaque r\u00e9gion peut se vanter de diff\u00e9rents types de p\u00e2tes produites localement, et l'huile d'olive est produite dans tout le pays - \u00e0 l'exception de l'Italie du Nord.<\/span>\r\n\r\n<span style=\"font-weight: 400;\">La Ligurie produit <\/span><b>huile d'olive extra vierge<\/b><span style=\"font-weight: 400;\"> qui porte la certification \u201corigine protetta\u201d (c.-\u00e0-d. origine prot\u00e9g\u00e9e) et se caract\u00e9rise par des qualit\u00e9s pr\u00e9cises en fonction des zones de production.<\/span>\r\n\r\n<span style=\"font-weight: 400;\">La Ligurie occidentale fabrique des produits \u0153nogastronomiques pouvant repr\u00e9senter le meilleur du r\u00e9gime m\u00e9diterran\u00e9en. L'huile d'olive extra vierge produite dans l'ouest de la Ligurie est caract\u00e9ris\u00e9e par un go\u00fbt sucr\u00e9. un ar\u00f4me fruit\u00e9 avec des notes d'amande et de pomme; et une faible acidit\u00e9 - il est donc facile \u00e0 dig\u00e9rer. L'or vert de la Ligurie occidentale est extrait des olives Taggiasca, petites, sombres et savoureuses. Leur culture a \u00e9t\u00e9 introduite en Ligurie par les moines b\u00e9n\u00e9dictins il y a quelques si\u00e8cles.<\/span>\r\n\r\n<span style=\"font-weight: 400;\">Voici quelques recettes de la Ligurie occidentale: l\u00e9gumes farcis, salades (par exemple <\/span><i><span style=\"font-weight: 400;\">le cundi\u00f9n<\/span><\/i><span style=\"font-weight: 400;\">) et des p\u00e2tes faites maison (par exemple, <\/span><i><span style=\"font-weight: 400;\">ravioli et trofie<\/span><\/i><span style=\"font-weight: 400;\">) avec de la sauce pesto. Le pesto est une sauce savoureuse compos\u00e9e de basilic, de pignons de pin, de fromage r\u00e2p\u00e9 et d\u2019huile d\u2019olive. En passant aux plats principaux, vous pouvez trouver \u00ablapin \u00e0 la Vermentino\u00bb, \u00abmorue s\u00e9ch\u00e9e de cujun\u00bb, \u00abtorta verde\u00bb (riz et l\u00e9gumes cuits dans une fine feuille de p\u00e2tisserie), ou des pizzas - comme le c\u00e9l\u00e8bre \u00abSardenaira\u00bb avec tomates, anchois, olives Taggiasca et huile d'olive extra vierge.<\/span>\r\n\r\n<span style=\"font-weight: 400;\">Ces plats sont strictement bas\u00e9s sur des ingr\u00e9dients appartenant au r\u00e9gime m\u00e9diterran\u00e9en et sont \u00e9galement des produits typiques de la Ligurie.<\/span>","_et_gb_content_width":"","footnotes":""},"class_list":["post-9684","page","type-page","status-publish","hentry"],"yoast_head":"<!-- This site is optimized with the Yoast SEO plugin v27.4 - https:\/\/yoast.com\/product\/yoast-seo-wordpress\/ -->\n<title>GASTRONOMIE SANREMO LIGURIA | GUIDES SANREMO<\/title>\n<meta name=\"description\" content=\"La gastronomie de la Ligurie est l&#039;authentique r\u00e9gime m\u00e9diterran\u00e9en, bas\u00e9 sur l&#039;huile d&#039;olive, le pesto, les l\u00e9gumes, le poisson et la viande blanche.\" \/>\n<meta name=\"robots\" content=\"index, follow, max-snippet:-1, max-image-preview:large, max-video-preview:-1\" \/>\n<link rel=\"canonical\" href=\"https:\/\/sanremoguide.it\/fr\/cuisine-ligure\/\" \/>\n<meta property=\"og:locale\" content=\"fr_FR\" \/>\n<meta property=\"og:type\" content=\"article\" \/>\n<meta property=\"og:title\" content=\"GASTRONOMIE SANREMO LIGURIA | GUIDES SANREMO\" \/>\n<meta property=\"og:description\" content=\"La gastronomie de la Ligurie est l&#039;authentique r\u00e9gime m\u00e9diterran\u00e9en, bas\u00e9 sur l&#039;huile d&#039;olive, le pesto, les l\u00e9gumes, le poisson et la viande blanche.\" \/>\n<meta property=\"og:url\" content=\"https:\/\/sanremoguide.it\/fr\/cuisine-ligure\/\" \/>\n<meta property=\"og:site_name\" content=\"SANREMO GUIDE | la guida turistica di Sanremo\" \/>\n<meta property=\"article:modified_time\" content=\"2022-06-17T16:05:00+00:00\" \/>\n<meta property=\"og:image\" content=\"https:\/\/www.sanremoguide.it\/uploads\/Sanremo_gastronomia1_350x200.jpg\" \/>\n<meta name=\"twitter:label1\" content=\"Dur\u00e9e de lecture estim\u00e9e\" \/>\n\t<meta name=\"twitter:data1\" content=\"4 minutes\" \/>\n<script type=\"application\/ld+json\" class=\"yoast-schema-graph\">{\"@context\":\"https:\\\/\\\/schema.org\",\"@graph\":[{\"@type\":\"WebPage\",\"@id\":\"https:\\\/\\\/sanremoguide.it\\\/fr\\\/cuisine-ligure\\\/\",\"url\":\"https:\\\/\\\/sanremoguide.it\\\/fr\\\/cuisine-ligure\\\/\",\"name\":\"GASTRONOMIE SANREMO LIGURIA | GUIDES SANREMO\",\"isPartOf\":{\"@id\":\"https:\\\/\\\/sanremoguide.it\\\/#website\"},\"primaryImageOfPage\":{\"@id\":\"https:\\\/\\\/sanremoguide.it\\\/fr\\\/cuisine-ligure\\\/#primaryimage\"},\"image\":{\"@id\":\"https:\\\/\\\/sanremoguide.it\\\/fr\\\/cuisine-ligure\\\/#primaryimage\"},\"thumbnailUrl\":\"https:\\\/\\\/www.sanremoguide.it\\\/uploads\\\/Sanremo_gastronomia1_350x200.jpg\",\"datePublished\":\"2022-05-03T12:40:10+00:00\",\"dateModified\":\"2022-06-17T16:05:00+00:00\",\"description\":\"La gastronomie de la Ligurie est l'authentique r\u00e9gime m\u00e9diterran\u00e9en, bas\u00e9 sur l'huile d'olive, le pesto, les l\u00e9gumes, le poisson et la viande blanche.\",\"breadcrumb\":{\"@id\":\"https:\\\/\\\/sanremoguide.it\\\/fr\\\/cuisine-ligure\\\/#breadcrumb\"},\"inLanguage\":\"fr-FR\",\"potentialAction\":[{\"@type\":\"ReadAction\",\"target\":[\"https:\\\/\\\/sanremoguide.it\\\/fr\\\/cuisine-ligure\\\/\"]}]},{\"@type\":\"ImageObject\",\"inLanguage\":\"fr-FR\",\"@id\":\"https:\\\/\\\/sanremoguide.it\\\/fr\\\/cuisine-ligure\\\/#primaryimage\",\"url\":\"https:\\\/\\\/www.sanremoguide.it\\\/uploads\\\/Sanremo_gastronomia1_350x200.jpg\",\"contentUrl\":\"https:\\\/\\\/www.sanremoguide.it\\\/uploads\\\/Sanremo_gastronomia1_350x200.jpg\"},{\"@type\":\"BreadcrumbList\",\"@id\":\"https:\\\/\\\/sanremoguide.it\\\/fr\\\/cuisine-ligure\\\/#breadcrumb\",\"itemListElement\":[{\"@type\":\"ListItem\",\"position\":1,\"name\":\"Home\",\"item\":\"https:\\\/\\\/sanremoguide.it\\\/\"},{\"@type\":\"ListItem\",\"position\":2,\"name\":\"Cuisine ligure\"}]},{\"@type\":\"WebSite\",\"@id\":\"https:\\\/\\\/sanremoguide.it\\\/#website\",\"url\":\"https:\\\/\\\/sanremoguide.it\\\/\",\"name\":\"SANREMO GUIDE | la guida turistica di Sanremo\",\"description\":\"la guida turistica della citt\u00e0 di Sanremo\",\"potentialAction\":[{\"@type\":\"SearchAction\",\"target\":{\"@type\":\"EntryPoint\",\"urlTemplate\":\"https:\\\/\\\/sanremoguide.it\\\/?s={search_term_string}\"},\"query-input\":{\"@type\":\"PropertyValueSpecification\",\"valueRequired\":true,\"valueName\":\"search_term_string\"}}],\"inLanguage\":\"fr-FR\"}]}<\/script>\n<!-- \/ Yoast SEO plugin. -->","yoast_head_json":{"title":"GASTRONOMIE SANREMO LIGURIA | GUIDES SANREMO","description":"La gastronomie de la Ligurie est l'authentique r\u00e9gime m\u00e9diterran\u00e9en, bas\u00e9 sur l'huile d'olive, le pesto, les l\u00e9gumes, le poisson et la viande blanche.","robots":{"index":"index","follow":"follow","max-snippet":"max-snippet:-1","max-image-preview":"max-image-preview:large","max-video-preview":"max-video-preview:-1"},"canonical":"https:\/\/sanremoguide.it\/fr\/cuisine-ligure\/","og_locale":"fr_FR","og_type":"article","og_title":"GASTRONOMIE SANREMO LIGURIA | GUIDES SANREMO","og_description":"La gastronomie de la Ligurie est l'authentique r\u00e9gime m\u00e9diterran\u00e9en, bas\u00e9 sur l'huile d'olive, le pesto, les l\u00e9gumes, le poisson et la viande blanche.","og_url":"https:\/\/sanremoguide.it\/fr\/cuisine-ligure\/","og_site_name":"SANREMO GUIDE | la guida turistica di Sanremo","article_modified_time":"2022-06-17T16:05:00+00:00","og_image":[{"url":"https:\/\/www.sanremoguide.it\/uploads\/Sanremo_gastronomia1_350x200.jpg","type":"","width":"","height":""}],"twitter_misc":{"Dur\u00e9e de lecture estim\u00e9e":"4 minutes"},"schema":{"@context":"https:\/\/schema.org","@graph":[{"@type":"WebPage","@id":"https:\/\/sanremoguide.it\/fr\/cuisine-ligure\/","url":"https:\/\/sanremoguide.it\/fr\/cuisine-ligure\/","name":"GASTRONOMIE SANREMO LIGURIA | GUIDES SANREMO","isPartOf":{"@id":"https:\/\/sanremoguide.it\/#website"},"primaryImageOfPage":{"@id":"https:\/\/sanremoguide.it\/fr\/cuisine-ligure\/#primaryimage"},"image":{"@id":"https:\/\/sanremoguide.it\/fr\/cuisine-ligure\/#primaryimage"},"thumbnailUrl":"https:\/\/www.sanremoguide.it\/uploads\/Sanremo_gastronomia1_350x200.jpg","datePublished":"2022-05-03T12:40:10+00:00","dateModified":"2022-06-17T16:05:00+00:00","description":"La gastronomie de la Ligurie est l'authentique r\u00e9gime m\u00e9diterran\u00e9en, bas\u00e9 sur l'huile d'olive, le pesto, les l\u00e9gumes, le poisson et la viande blanche.","breadcrumb":{"@id":"https:\/\/sanremoguide.it\/fr\/cuisine-ligure\/#breadcrumb"},"inLanguage":"fr-FR","potentialAction":[{"@type":"ReadAction","target":["https:\/\/sanremoguide.it\/fr\/cuisine-ligure\/"]}]},{"@type":"ImageObject","inLanguage":"fr-FR","@id":"https:\/\/sanremoguide.it\/fr\/cuisine-ligure\/#primaryimage","url":"https:\/\/www.sanremoguide.it\/uploads\/Sanremo_gastronomia1_350x200.jpg","contentUrl":"https:\/\/www.sanremoguide.it\/uploads\/Sanremo_gastronomia1_350x200.jpg"},{"@type":"BreadcrumbList","@id":"https:\/\/sanremoguide.it\/fr\/cuisine-ligure\/#breadcrumb","itemListElement":[{"@type":"ListItem","position":1,"name":"Home","item":"https:\/\/sanremoguide.it\/"},{"@type":"ListItem","position":2,"name":"Cuisine ligure"}]},{"@type":"WebSite","@id":"https:\/\/sanremoguide.it\/#website","url":"https:\/\/sanremoguide.it\/","name":"SANREMO GUIDE | la guida turistica di Sanremo","description":"la guida turistica della citt\u00e0 di Sanremo","potentialAction":[{"@type":"SearchAction","target":{"@type":"EntryPoint","urlTemplate":"https:\/\/sanremoguide.it\/?s={search_term_string}"},"query-input":{"@type":"PropertyValueSpecification","valueRequired":true,"valueName":"search_term_string"}}],"inLanguage":"fr-FR"}]}},"_links":{"self":[{"href":"https:\/\/sanremoguide.it\/fr\/wp-json\/wp\/v2\/pages\/9684","targetHints":{"allow":["GET"]}}],"collection":[{"href":"https:\/\/sanremoguide.it\/fr\/wp-json\/wp\/v2\/pages"}],"about":[{"href":"https:\/\/sanremoguide.it\/fr\/wp-json\/wp\/v2\/types\/page"}],"author":[{"embeddable":true,"href":"https:\/\/sanremoguide.it\/fr\/wp-json\/wp\/v2\/users\/1"}],"replies":[{"embeddable":true,"href":"https:\/\/sanremoguide.it\/fr\/wp-json\/wp\/v2\/comments?post=9684"}],"version-history":[{"count":3,"href":"https:\/\/sanremoguide.it\/fr\/wp-json\/wp\/v2\/pages\/9684\/revisions"}],"predecessor-version":[{"id":13121,"href":"https:\/\/sanremoguide.it\/fr\/wp-json\/wp\/v2\/pages\/9684\/revisions\/13121"}],"wp:attachment":[{"href":"https:\/\/sanremoguide.it\/fr\/wp-json\/wp\/v2\/media?parent=9684"}],"curies":[{"name":"wp","href":"https:\/\/api.w.org\/{rel}","templated":true}]}}