{"id":9687,"date":"2022-05-03T12:44:30","date_gmt":"2022-05-03T12:44:30","guid":{"rendered":"https:\/\/sanremoguide.it\/cuisine-ligure\/la-crevette-rouge-de-san-remo-en-direction-de-ligp\/"},"modified":"2022-06-17T16:20:13","modified_gmt":"2022-06-17T16:20:13","slug":"la-crevette-rouge-de-san-remo-en-direction-de-ligp","status":"publish","type":"page","link":"https:\/\/sanremoguide.it\/fr\/cuisine-ligure\/la-crevette-rouge-de-san-remo-en-direction-de-ligp\/","title":{"rendered":"La crevette rouge de San Remo en direction de l\u2019IGP"},"content":{"rendered":"<p>[et_pb_section fb_built=\u00a0\u00bb1&Prime; fullwidth=\u00a0\u00bbon\u00a0\u00bb _builder_version=\u00a0\u00bb4.17.4&Prime; _module_preset=\u00a0\u00bbdefault\u00a0\u00bb locked=\u00a0\u00bboff\u00a0\u00bb global_colors_info=\u00a0\u00bb{}\u00a0\u00bb][et_pb_fullwidth_slider _builder_version=\u00a0\u00bb4.17.4&Prime; _module_preset=\u00a0\u00bbdefault\u00a0\u00bb background_image=\u00a0\u00bbhttps:\/\/sanremoguide.it\/wp-content\/uploads\/2018\/09\/Luca_Lombardi_Sanremo_La_Primavera.jpg\u00a0\u00bb global_colors_info=\u00a0\u00bb{}\u00a0\u00bb][et_pb_slide heading=\u00a0\u00bbLa crevette rouge de San Remo en direction de l\u2019IGP\u00a0\u00bb _builder_version=\u00a0\u00bb4.17.4&Prime; _module_preset=\u00a0\u00bbdefault\u00a0\u00bb custom_button=\u00a0\u00bbon\u00a0\u00bb button_text_color=\u00a0\u00bb#256b00&Prime; button_bg_color=\u00a0\u00bb#f2b500&Prime; button_border_color=\u00a0\u00bb#FFFFFF\u00a0\u00bb button_icon=\u00a0\u00bb&#x41;||divi||400&Prime; text_orientation=\u00a0\u00bbcenter\u00a0\u00bb background_layout=\u00a0\u00bblight\u00a0\u00bb box_shadow_style_button=\u00a0\u00bbpreset1&Prime; text_shadow_style=\u00a0\u00bbpreset3&Prime; global_colors_info=\u00a0\u00bb{}\u00a0\u00bb sticky_transition=\u00a0\u00bbon\u00a0\u00bb][\/et_pb_slide][\/et_pb_fullwidth_slider][\/et_pb_section][et_pb_section fb_built=\u00a0\u00bb1&Prime; admin_label=\u00a0\u00bbsection\u00a0\u00bb _builder_version=\u00a0\u00bb4.16&Prime; global_colors_info=\u00a0\u00bb{}\u00a0\u00bb][et_pb_row admin_label=\u00a0\u00bbrow\u00a0\u00bb _builder_version=\u00a0\u00bb4.16&Prime; background_size=\u00a0\u00bbinitial\u00a0\u00bb background_position=\u00a0\u00bbtop_left\u00a0\u00bb background_repeat=\u00a0\u00bbrepeat\u00a0\u00bb global_colors_info=\u00a0\u00bb{}\u00a0\u00bb][et_pb_column type=\u00a0\u00bb4_4&Prime; _builder_version=\u00a0\u00bb4.16&Prime; custom_padding=\u00a0\u00bb|||\u00a0\u00bb global_colors_info=\u00a0\u00bb{}\u00a0\u00bb custom_padding__hover=\u00a0\u00bb|||\u00a0\u00bb][et_pb_text admin_label=\u00a0\u00bbText\u00a0\u00bb _builder_version=\u00a0\u00bb4.16&Prime; background_size=\u00a0\u00bbinitial\u00a0\u00bb background_position=\u00a0\u00bbtop_left\u00a0\u00bb background_repeat=\u00a0\u00bbrepeat\u00a0\u00bb global_colors_info=\u00a0\u00bb{}\u00a0\u00bb]<\/p>\n<h1><b>La crevette rouge de San Remo en direction de l\u2019IGP (zone g\u00e9ographique prot\u00e9g\u00e9e).<\/b><\/h1>\n<p>&nbsp;<\/p>\n<p><span style=\"font-weight: 400;\">La crevette rouge de San Remo est un tr\u00e9sor de p\u00eache en Ligurie. C&rsquo;est un d\u00e9licieux coquillage qui est p\u00each\u00e9 exclusivement dans la ville de Citta &lsquo;dei Fiori.<\/span><\/p>\n<p><span style=\"font-weight: 400;\">Il a entam\u00e9 un long cheminement pour devenir le produit d\u2019une zone g\u00e9ographique prot\u00e9g\u00e9e. C\u2019est le Conseil de Sanremo qui a envoy\u00e9 une d\u00e9l\u00e9gation r\u00e9gionale \u00e0 Rome en octobre.<\/span><\/p>\n<p><span style=\"font-weight: 400;\">6\u00e8me pour demander une reconnaissance. Ult\u00e9rieurement, Rome adressera \u00e0 l&rsquo;Union europ\u00e9enne une deuxi\u00e8me demande afin d&rsquo;obtenir le timbre de qualit\u00e9 de produit recherch\u00e9.<\/span><\/p>\n<p><span style=\"font-weight: 400;\">La petite ville de Santa Margherita Ligure se bat depuis juin \u00e9galement pour obtenir le timbre, qui fait encore r\u00e9f\u00e9rence \u00e0 la crevette rouge p\u00each\u00e9e dans ses eaux.<\/span><\/p>\n<p><span style=\"font-weight: 400;\">Nous esp\u00e9rons que deux villes de la Ligurie obtiendront cette reconnaissance prestigieuse.<\/span><\/p>\n<p><span style=\"font-weight: 400;\">Cette initiative pourrait donner \u00e0 la crevette rouge une identit\u00e9 bien d\u00e9finie, ce qui serait \u00e9galement b\u00e9n\u00e9fique pour la p\u00eache locale et favoriserait le tourisme.<\/span>[\/et_pb_text][\/et_pb_column][\/et_pb_row][\/et_pb_section][et_pb_section fb_built=\u00a0\u00bb1&Prime; fullwidth=\u00a0\u00bbon\u00a0\u00bb _builder_version=\u00a0\u00bb4.17.4&Prime; _module_preset=\u00a0\u00bbdefault\u00a0\u00bb global_module=\u00a0\u00bb12524&Prime; saved_tabs=\u00a0\u00bball\u00a0\u00bb locked=\u00a0\u00bboff\u00a0\u00bb collapsed=\u00a0\u00bboff\u00a0\u00bb global_colors_info=\u00a0\u00bb{}\u00a0\u00bb][et_pb_fullwidth_slider _builder_version=\u00a0\u00bb4.17.4&Prime; _module_preset=\u00a0\u00bbdefault\u00a0\u00bb global_colors_info=\u00a0\u00bb{}\u00a0\u00bb][et_pb_slide heading=\u00a0\u00bbESCURSIONI ED EXPERIENCE A SANREMO E IN RIVIERA\u00a0\u00bb button_text=\u00a0\u00bbRICHIEDI IL CATALOGO\u00a0\u00bb button_link=\u00a0\u00bbhttps:\/\/sanremoguide.it\/contatti\u00a0\u00bb image=\u00a0\u00bbhttps:\/\/sanremoguide.it\/wp-content\/uploads\/2022\/06\/itouriviera.png\u00a0\u00bb _builder_version=\u00a0\u00bb4.17.4&Prime; _module_preset=\u00a0\u00bbdefault\u00a0\u00bb background_image=\u00a0\u00bbhttps:\/\/sanremoguide.it\/wp-content\/uploads\/2018\/07\/luca-lombardi-sanremo_bn.jpg\u00a0\u00bb background_enable_image=\u00a0\u00bbon\u00a0\u00bb custom_button=\u00a0\u00bbon\u00a0\u00bb button_bg_color=\u00a0\u00bb#E09900&Prime; button_border_width=\u00a0\u00bb1px\u00a0\u00bb button_border_color=\u00a0\u00bb#FFFFFF\u00a0\u00bb global_colors_info=\u00a0\u00bb{}\u00a0\u00bb sticky_transition=\u00a0\u00bbon\u00a0\u00bb][\/et_pb_slide][\/et_pb_fullwidth_slider][\/et_pb_section]<\/p>\n","protected":false},"excerpt":{"rendered":"<p>La crevette rouge de San Remo en direction de l\u2019IGP (zone g\u00e9ographique prot\u00e9g\u00e9e). &nbsp; La crevette rouge de San Remo est un tr\u00e9sor de p\u00eache en Ligurie. C&rsquo;est un d\u00e9licieux coquillage qui est p\u00each\u00e9 exclusivement dans la ville de Citta &lsquo;dei Fiori. Il a entam\u00e9 un long cheminement pour devenir le produit d\u2019une zone g\u00e9ographique [&hellip;]<\/p>\n","protected":false},"author":1,"featured_media":0,"parent":9684,"menu_order":0,"comment_status":"closed","ping_status":"closed","template":"","meta":{"_et_pb_use_builder":"on","_et_pb_old_content":"<h1><b>La crevette rouge de San Remo en direction de l\u2019IGP (zone g\u00e9ographique prot\u00e9g\u00e9e).<\/b><\/h1>\r\n\u00a0\r\n\r\n<span style=\"font-weight: 400;\">La crevette rouge de San Remo est un tr\u00e9sor de p\u00eache en Ligurie. C'est un d\u00e9licieux coquillage qui est p\u00each\u00e9 exclusivement dans la ville de Citta 'dei Fiori.<\/span>\r\n\r\n<span style=\"font-weight: 400;\">Il a entam\u00e9 un long cheminement pour devenir le produit d\u2019une zone g\u00e9ographique prot\u00e9g\u00e9e. C\u2019est le Conseil de Sanremo qui a envoy\u00e9 une d\u00e9l\u00e9gation r\u00e9gionale \u00e0 Rome en octobre.<\/span>\r\n\r\n<span style=\"font-weight: 400;\">6\u00e8me pour demander une reconnaissance. Ult\u00e9rieurement, Rome adressera \u00e0 l'Union europ\u00e9enne une deuxi\u00e8me demande afin d'obtenir le timbre de qualit\u00e9 de produit recherch\u00e9.<\/span>\r\n\r\n<span style=\"font-weight: 400;\">La petite ville de Santa Margherita Ligure se bat depuis juin \u00e9galement pour obtenir le timbre, qui fait encore r\u00e9f\u00e9rence \u00e0 la crevette rouge p\u00each\u00e9e dans ses eaux.<\/span>\r\n\r\n<span style=\"font-weight: 400;\">Nous esp\u00e9rons que deux villes de la Ligurie obtiendront cette reconnaissance prestigieuse.<\/span>\r\n\r\n<span style=\"font-weight: 400;\">Cette initiative pourrait donner \u00e0 la crevette rouge une identit\u00e9 bien d\u00e9finie, ce qui serait \u00e9galement b\u00e9n\u00e9fique pour la p\u00eache locale et favoriserait le tourisme.<\/span>","_et_gb_content_width":"","footnotes":""},"class_list":["post-9687","page","type-page","status-publish","hentry"],"yoast_head":"<!-- This site is optimized with the Yoast SEO plugin v27.4 - https:\/\/yoast.com\/product\/yoast-seo-wordpress\/ -->\n<title>GAMBERO ROSSO DI SANREMO | GUIDES DE SANREMO<\/title>\n<meta name=\"description\" content=\"La crevette rouge de Sanremo est l&#039;un des d\u00e9lices de la gastronomie ligure.\" \/>\n<meta name=\"robots\" content=\"index, follow, max-snippet:-1, max-image-preview:large, max-video-preview:-1\" \/>\n<link rel=\"canonical\" href=\"https:\/\/sanremoguide.it\/fr\/cuisine-ligure\/la-crevette-rouge-de-san-remo-en-direction-de-ligp\/\" \/>\n<meta property=\"og:locale\" content=\"fr_FR\" \/>\n<meta property=\"og:type\" content=\"article\" \/>\n<meta property=\"og:title\" content=\"GAMBERO ROSSO DI SANREMO | GUIDES DE SANREMO\" \/>\n<meta property=\"og:description\" content=\"La crevette rouge de Sanremo est l&#039;un des d\u00e9lices de la gastronomie ligure.\" \/>\n<meta property=\"og:url\" content=\"https:\/\/sanremoguide.it\/fr\/cuisine-ligure\/la-crevette-rouge-de-san-remo-en-direction-de-ligp\/\" \/>\n<meta property=\"og:site_name\" content=\"SANREMO GUIDE | la guida turistica di Sanremo\" \/>\n<meta property=\"article:modified_time\" content=\"2022-06-17T16:20:13+00:00\" \/>\n<meta name=\"twitter:label1\" content=\"Dur\u00e9e de lecture estim\u00e9e\" \/>\n\t<meta name=\"twitter:data1\" content=\"2 minutes\" \/>\n<script type=\"application\/ld+json\" class=\"yoast-schema-graph\">{\"@context\":\"https:\\\/\\\/schema.org\",\"@graph\":[{\"@type\":\"WebPage\",\"@id\":\"https:\\\/\\\/sanremoguide.it\\\/fr\\\/cuisine-ligure\\\/la-crevette-rouge-de-san-remo-en-direction-de-ligp\\\/\",\"url\":\"https:\\\/\\\/sanremoguide.it\\\/fr\\\/cuisine-ligure\\\/la-crevette-rouge-de-san-remo-en-direction-de-ligp\\\/\",\"name\":\"GAMBERO ROSSO DI SANREMO | GUIDES DE SANREMO\",\"isPartOf\":{\"@id\":\"https:\\\/\\\/sanremoguide.it\\\/#website\"},\"datePublished\":\"2022-05-03T12:44:30+00:00\",\"dateModified\":\"2022-06-17T16:20:13+00:00\",\"description\":\"La crevette rouge de Sanremo est l'un des d\u00e9lices de la gastronomie ligure.\",\"breadcrumb\":{\"@id\":\"https:\\\/\\\/sanremoguide.it\\\/fr\\\/cuisine-ligure\\\/la-crevette-rouge-de-san-remo-en-direction-de-ligp\\\/#breadcrumb\"},\"inLanguage\":\"fr-FR\",\"potentialAction\":[{\"@type\":\"ReadAction\",\"target\":[\"https:\\\/\\\/sanremoguide.it\\\/fr\\\/cuisine-ligure\\\/la-crevette-rouge-de-san-remo-en-direction-de-ligp\\\/\"]}]},{\"@type\":\"BreadcrumbList\",\"@id\":\"https:\\\/\\\/sanremoguide.it\\\/fr\\\/cuisine-ligure\\\/la-crevette-rouge-de-san-remo-en-direction-de-ligp\\\/#breadcrumb\",\"itemListElement\":[{\"@type\":\"ListItem\",\"position\":1,\"name\":\"Home\",\"item\":\"https:\\\/\\\/sanremoguide.it\\\/\"},{\"@type\":\"ListItem\",\"position\":2,\"name\":\"Cuisine ligure\",\"item\":\"https:\\\/\\\/sanremoguide.it\\\/fr\\\/cuisine-ligure\\\/\"},{\"@type\":\"ListItem\",\"position\":3,\"name\":\"La crevette rouge de San Remo en direction de l\u2019IGP\"}]},{\"@type\":\"WebSite\",\"@id\":\"https:\\\/\\\/sanremoguide.it\\\/#website\",\"url\":\"https:\\\/\\\/sanremoguide.it\\\/\",\"name\":\"SANREMO GUIDE | la guida turistica di Sanremo\",\"description\":\"la guida turistica della citt\u00e0 di Sanremo\",\"potentialAction\":[{\"@type\":\"SearchAction\",\"target\":{\"@type\":\"EntryPoint\",\"urlTemplate\":\"https:\\\/\\\/sanremoguide.it\\\/?s={search_term_string}\"},\"query-input\":{\"@type\":\"PropertyValueSpecification\",\"valueRequired\":true,\"valueName\":\"search_term_string\"}}],\"inLanguage\":\"fr-FR\"}]}<\/script>\n<!-- \/ Yoast SEO plugin. -->","yoast_head_json":{"title":"GAMBERO ROSSO DI SANREMO | GUIDES DE SANREMO","description":"La crevette rouge de Sanremo est l'un des d\u00e9lices de la gastronomie ligure.","robots":{"index":"index","follow":"follow","max-snippet":"max-snippet:-1","max-image-preview":"max-image-preview:large","max-video-preview":"max-video-preview:-1"},"canonical":"https:\/\/sanremoguide.it\/fr\/cuisine-ligure\/la-crevette-rouge-de-san-remo-en-direction-de-ligp\/","og_locale":"fr_FR","og_type":"article","og_title":"GAMBERO ROSSO DI SANREMO | GUIDES DE SANREMO","og_description":"La crevette rouge de Sanremo est l'un des d\u00e9lices de la gastronomie ligure.","og_url":"https:\/\/sanremoguide.it\/fr\/cuisine-ligure\/la-crevette-rouge-de-san-remo-en-direction-de-ligp\/","og_site_name":"SANREMO GUIDE | la guida turistica di Sanremo","article_modified_time":"2022-06-17T16:20:13+00:00","twitter_misc":{"Dur\u00e9e de lecture estim\u00e9e":"2 minutes"},"schema":{"@context":"https:\/\/schema.org","@graph":[{"@type":"WebPage","@id":"https:\/\/sanremoguide.it\/fr\/cuisine-ligure\/la-crevette-rouge-de-san-remo-en-direction-de-ligp\/","url":"https:\/\/sanremoguide.it\/fr\/cuisine-ligure\/la-crevette-rouge-de-san-remo-en-direction-de-ligp\/","name":"GAMBERO ROSSO DI SANREMO | GUIDES DE SANREMO","isPartOf":{"@id":"https:\/\/sanremoguide.it\/#website"},"datePublished":"2022-05-03T12:44:30+00:00","dateModified":"2022-06-17T16:20:13+00:00","description":"La crevette rouge de Sanremo est l'un des d\u00e9lices de la gastronomie ligure.","breadcrumb":{"@id":"https:\/\/sanremoguide.it\/fr\/cuisine-ligure\/la-crevette-rouge-de-san-remo-en-direction-de-ligp\/#breadcrumb"},"inLanguage":"fr-FR","potentialAction":[{"@type":"ReadAction","target":["https:\/\/sanremoguide.it\/fr\/cuisine-ligure\/la-crevette-rouge-de-san-remo-en-direction-de-ligp\/"]}]},{"@type":"BreadcrumbList","@id":"https:\/\/sanremoguide.it\/fr\/cuisine-ligure\/la-crevette-rouge-de-san-remo-en-direction-de-ligp\/#breadcrumb","itemListElement":[{"@type":"ListItem","position":1,"name":"Home","item":"https:\/\/sanremoguide.it\/"},{"@type":"ListItem","position":2,"name":"Cuisine ligure","item":"https:\/\/sanremoguide.it\/fr\/cuisine-ligure\/"},{"@type":"ListItem","position":3,"name":"La crevette rouge de San Remo en direction de l\u2019IGP"}]},{"@type":"WebSite","@id":"https:\/\/sanremoguide.it\/#website","url":"https:\/\/sanremoguide.it\/","name":"SANREMO GUIDE | la guida turistica di Sanremo","description":"la guida turistica della citt\u00e0 di Sanremo","potentialAction":[{"@type":"SearchAction","target":{"@type":"EntryPoint","urlTemplate":"https:\/\/sanremoguide.it\/?s={search_term_string}"},"query-input":{"@type":"PropertyValueSpecification","valueRequired":true,"valueName":"search_term_string"}}],"inLanguage":"fr-FR"}]}},"_links":{"self":[{"href":"https:\/\/sanremoguide.it\/fr\/wp-json\/wp\/v2\/pages\/9687","targetHints":{"allow":["GET"]}}],"collection":[{"href":"https:\/\/sanremoguide.it\/fr\/wp-json\/wp\/v2\/pages"}],"about":[{"href":"https:\/\/sanremoguide.it\/fr\/wp-json\/wp\/v2\/types\/page"}],"author":[{"embeddable":true,"href":"https:\/\/sanremoguide.it\/fr\/wp-json\/wp\/v2\/users\/1"}],"replies":[{"embeddable":true,"href":"https:\/\/sanremoguide.it\/fr\/wp-json\/wp\/v2\/comments?post=9687"}],"version-history":[{"count":2,"href":"https:\/\/sanremoguide.it\/fr\/wp-json\/wp\/v2\/pages\/9687\/revisions"}],"predecessor-version":[{"id":13128,"href":"https:\/\/sanremoguide.it\/fr\/wp-json\/wp\/v2\/pages\/9687\/revisions\/13128"}],"up":[{"embeddable":true,"href":"https:\/\/sanremoguide.it\/fr\/wp-json\/wp\/v2\/pages\/9684"}],"wp:attachment":[{"href":"https:\/\/sanremoguide.it\/fr\/wp-json\/wp\/v2\/media?parent=9687"}],"curies":[{"name":"wp","href":"https:\/\/api.w.org\/{rel}","templated":true}]}}