{"id":9688,"date":"2022-05-03T12:46:19","date_gmt":"2022-05-03T12:46:19","guid":{"rendered":"https:\/\/sanremoguide.it\/cuisine-ligure\/huile-dolive\/"},"modified":"2022-06-17T16:20:10","modified_gmt":"2022-06-17T16:20:10","slug":"huile-dolive","status":"publish","type":"page","link":"https:\/\/sanremoguide.it\/fr\/cuisine-ligure\/huile-dolive\/","title":{"rendered":"Huile d&rsquo;olive"},"content":{"rendered":"<p>[et_pb_section fb_built=\u00a0\u00bb1&Prime; fullwidth=\u00a0\u00bbon\u00a0\u00bb _builder_version=\u00a0\u00bb4.17.4&Prime; _module_preset=\u00a0\u00bbdefault\u00a0\u00bb locked=\u00a0\u00bboff\u00a0\u00bb global_colors_info=\u00a0\u00bb{}\u00a0\u00bb][et_pb_fullwidth_slider _builder_version=\u00a0\u00bb4.17.4&Prime; _module_preset=\u00a0\u00bbdefault\u00a0\u00bb background_image=\u00a0\u00bbhttps:\/\/sanremoguide.it\/wp-content\/uploads\/2018\/09\/Luca_Lombardi_Sanremo_La_Primavera.jpg\u00a0\u00bb global_colors_info=\u00a0\u00bb{}\u00a0\u00bb][et_pb_slide heading=\u00a0\u00bbHuile d&rsquo;olive\u00a0\u00bb _builder_version=\u00a0\u00bb4.17.4&Prime; _module_preset=\u00a0\u00bbdefault\u00a0\u00bb custom_button=\u00a0\u00bbon\u00a0\u00bb button_text_color=\u00a0\u00bb#256b00&Prime; button_bg_color=\u00a0\u00bb#f2b500&Prime; button_border_color=\u00a0\u00bb#FFFFFF\u00a0\u00bb button_icon=\u00a0\u00bb&#x41;||divi||400&Prime; text_orientation=\u00a0\u00bbcenter\u00a0\u00bb background_layout=\u00a0\u00bblight\u00a0\u00bb box_shadow_style_button=\u00a0\u00bbpreset1&Prime; text_shadow_style=\u00a0\u00bbpreset3&Prime; global_colors_info=\u00a0\u00bb{}\u00a0\u00bb sticky_transition=\u00a0\u00bbon\u00a0\u00bb][\/et_pb_slide][\/et_pb_fullwidth_slider][\/et_pb_section][et_pb_section fb_built=\u00a0\u00bb1&Prime; admin_label=\u00a0\u00bbsection\u00a0\u00bb _builder_version=\u00a0\u00bb4.16&Prime; global_colors_info=\u00a0\u00bb{}\u00a0\u00bb][et_pb_row admin_label=\u00a0\u00bbrow\u00a0\u00bb _builder_version=\u00a0\u00bb4.16&Prime; background_size=\u00a0\u00bbinitial\u00a0\u00bb background_position=\u00a0\u00bbtop_left\u00a0\u00bb background_repeat=\u00a0\u00bbrepeat\u00a0\u00bb global_colors_info=\u00a0\u00bb{}\u00a0\u00bb][et_pb_column type=\u00a0\u00bb4_4&Prime; _builder_version=\u00a0\u00bb4.16&Prime; custom_padding=\u00a0\u00bb|||\u00a0\u00bb global_colors_info=\u00a0\u00bb{}\u00a0\u00bb custom_padding__hover=\u00a0\u00bb|||\u00a0\u00bb][et_pb_text admin_label=\u00a0\u00bbText\u00a0\u00bb _builder_version=\u00a0\u00bb4.16&Prime; background_size=\u00a0\u00bbinitial\u00a0\u00bb background_position=\u00a0\u00bbtop_left\u00a0\u00bb background_repeat=\u00a0\u00bbrepeat\u00a0\u00bb global_colors_info=\u00a0\u00bb{}\u00a0\u00bb]<b>Huile d&rsquo;olive<\/b><\/p>\n<p><b>Dans les ann\u00e9es 1950, les \u00e9tudes du professeur A. Keys, comparant les habitudes alimentaires des pays m\u00e9diterran\u00e9ens et nord-europ\u00e9ens, avaient d\u00e9j\u00e0 montr\u00e9 que le r\u00e9gime m\u00e9diterran\u00e9en \u00e9tait un syst\u00e8me nutritionnel tr\u00e8s sain.<\/b><\/p>\n<p><img decoding=\"async\" class=\"aligncenter\" style=\"height: auto; max-width: 100%; display: block; margin-left: auto; margin-right: auto; color: #666666; font-family: 'Open Sans', Arial, sans-serif; font-size: 14px; font-style: normal; font-variant-ligatures: normal; font-variant-caps: normal; font-weight: 500; letter-spacing: normal; orphans: 2; text-align: start; text-indent: 0px; text-transform: none; white-space: normal; widows: 2; word-spacing: 0px; -webkit-text-stroke-width: 0px; background-color: #eeeeee; text-decoration-thickness: initial; text-decoration-style: initial; text-decoration-color: initial;\" src=\"https:\/\/www.sanremoguide.it\/uploads\/gastronomia_raccoltaolive_350x200.jpg\" alt=\"&lt;b&gt;La raccolta delle olive&lt;\/b&gt; - Foto APT RdF\" \/><\/p>\n<p><span style=\"font-weight: 400;\">De nos jours, les nutritionnistes et les di\u00e9t\u00e9ticiens affirment la m\u00eame chose \u00e0 la suite de leur enqu\u00eate intitul\u00e9e \u00abSeven Countries Study\u00bb. Les r\u00e9sultats de cette enqu\u00eate montrent clairement que les personnes vivant le long de la c\u00f4te de la mer M\u00e9diterran\u00e9e sont dans de meilleures conditions de sant\u00e9, avec une r\u00e9f\u00e9rence particuli\u00e8re aux maladies du syst\u00e8me circulatoire telles que la thrombose, les crises cardiaques et le diab\u00e8te. La raison en est que leur r\u00e9gime alimentaire est bas\u00e9 sur le pain, les p\u00e2tes, les fruits, les l\u00e9gumes, le poisson et l\u2019huile d\u2019olive. Les personnes vivant dans le nord de l&rsquo;Europe sont statistiquement plus touch\u00e9es par les cardiopathies en raison de leur r\u00e9gime alimentaire riche en graisses, telles que le beurre et le saindoux.<\/span><\/p>\n<p><span style=\"font-weight: 400;\">Selon la mythologie grecque, la culture de l&rsquo;olivier \u00e9tait un cadeau des dieux puisque c&rsquo;\u00e9tait la d\u00e9esse Minerva qui avait plant\u00e9 les premiers oliviers et avait commenc\u00e9 leur culture et leur utilisation. Laissant de c\u00f4t\u00e9 la mythologie, l\u2019olivier est tr\u00e8s ancien et sa culture s&rsquo;\u00e9tend dans toute la r\u00e9gion m\u00e9diterran\u00e9enne, en particulier en Gr\u00e8ce, en Italie et en Espagne.<\/span><\/p>\n<p><span style=\"font-weight: 400;\">Depuis l&rsquo;\u00e9poque romaine, la culture de l&rsquo;olivier et la production de l&rsquo;huile d&rsquo;olive en Ligurie sont devenues l&rsquo;une des sources de richesse les plus importantes de la r\u00e9gion. Au cours des si\u00e8cles, la demande en huile d&rsquo;olive a r\u00e9guli\u00e8rement augment\u00e9 et le peuple ligurien a d\u00fb compter sur les capacit\u00e9s des moines b\u00e9n\u00e9dictins qui vivaient \u00e0 Taggia.<\/span><\/p>\n<p><span style=\"font-weight: 400;\">Depuis 1050, les moines b\u00e9n\u00e9dictins organisaient la culture de l&rsquo;olivier dans les vall\u00e9es de la Ligurie suivant deux itin\u00e9raires: transformer les pentes escarp\u00e9es des collines en terrasses et cr\u00e9er les fameuses olives Taggiasca apr\u00e8s un long travail de s\u00e9lection et de greffe.<\/span><\/p>\n<p><span style=\"font-weight: 400;\">L\u2019olive Taggiasca est en effet la vari\u00e9t\u00e9 la plus r\u00e9pandue dans l\u2019ouest de la Ligurie. Il est \u00e0 la base de la production de la c\u00e9l\u00e8bre huile d\u2019olive extra vierge et est \u00e9galement largement utilis\u00e9 dans les recettes. La fa\u00e7on dont l&rsquo;huile d&rsquo;olive est produite aujourd&rsquo;hui n&rsquo;a pas beaucoup chang\u00e9 depuis des si\u00e8cles.<\/span><\/p>\n<p><span style=\"font-weight: 400;\">Tout commence par la bacchiatura, qui consiste \u00e0 cueillir les olives \u00e0 la main en utilisant un b\u00e2ton en bois de ch\u00e2taignier pour frapper les branches des oliviers, puis se poursuit avec le pressage des olives. Les quelques innovations ont am\u00e9lior\u00e9 la production mais n&rsquo;ont pas chang\u00e9 son essence int\u00e9rieure.<\/span><\/p>\n<p><span style=\"font-weight: 400;\">Aujourd&rsquo;hui, l&rsquo;huile d&rsquo;olive est extraite uniquement de la pulpe de l&rsquo;olive et les noyaux sont \u00e9limin\u00e9s avant le pressage, afin d&rsquo;obtenir un produit de meilleure qualit\u00e9. Des enqu\u00eates r\u00e9centes ont montr\u00e9 que l&rsquo;huile d&rsquo;olive extra vierge est l&rsquo;un des meilleurs \u00e9l\u00e9ments de l&rsquo;alimentation humaine. Un de ses nombreux atouts concerne sa teneur en acide ol\u00e9ique et en acide linol\u00e9ique, hautement assimilables et absolument n\u00e9cessaires pour notre organisme.<\/span><\/p>\n<p><span style=\"font-weight: 400;\">Il est maintenant temps de prendre en compte les caract\u00e9ristiques organoleptiques de l&rsquo;huile d&rsquo;olive extra vierge de la Riviera des Fleurs, qui est produite \u00e0 partir d&rsquo;olives Taggiasca. Des r\u00e8gles strictes concernant ce type d&rsquo;huile d&rsquo;olive extra vierge attribuent la d\u00e9nomination d&rsquo;origine \u00abRiviera dei Fiori\u00bb et la certification g\u00e9ographique uniquement \u00e0 l&rsquo;huile d&rsquo;olive extra vierge extraite des olives Taggiasca dont la culture dans les oliveraies repr\u00e9sente 90% de la production totale. Cela garantit un produit de haute qualit\u00e9.<\/span><\/p>\n<p><span style=\"font-weight: 400;\">Les examinateurs et les experts affirment que cette huile d\u2019olive est l\u00e9g\u00e8rement fruit\u00e9e et se caract\u00e9rise par un go\u00fbt d\u00e9licat et sucr\u00e9 et une saveur profonde d\u2019olives m\u00fbres. Sa couleur est jaune dor\u00e9, avec des reflets verts et l\u00e9g\u00e8rement nuageux car elle n\u2019est pas filtr\u00e9e. Il se marie tr\u00e8s bien avec les l\u00e9gumes frais et peut \u00eatre ajout\u00e9 \u00e0 de nombreux plats comme touche finale.<\/span><\/p>\n<p>&nbsp;[\/et_pb_text][\/et_pb_column][\/et_pb_row][\/et_pb_section][et_pb_section fb_built=\u00a0\u00bb1&Prime; fullwidth=\u00a0\u00bbon\u00a0\u00bb _builder_version=\u00a0\u00bb4.17.4&Prime; _module_preset=\u00a0\u00bbdefault\u00a0\u00bb global_module=\u00a0\u00bb12524&Prime; saved_tabs=\u00a0\u00bball\u00a0\u00bb locked=\u00a0\u00bboff\u00a0\u00bb collapsed=\u00a0\u00bboff\u00a0\u00bb global_colors_info=\u00a0\u00bb{}\u00a0\u00bb][et_pb_fullwidth_slider _builder_version=\u00a0\u00bb4.17.4&Prime; _module_preset=\u00a0\u00bbdefault\u00a0\u00bb global_colors_info=\u00a0\u00bb{}\u00a0\u00bb][et_pb_slide heading=\u00a0\u00bbESCURSIONI ED EXPERIENCE A SANREMO E IN RIVIERA\u00a0\u00bb button_text=\u00a0\u00bbRICHIEDI IL CATALOGO\u00a0\u00bb button_link=\u00a0\u00bbhttps:\/\/sanremoguide.it\/contatti\u00a0\u00bb image=\u00a0\u00bbhttps:\/\/sanremoguide.it\/wp-content\/uploads\/2022\/06\/itouriviera.png\u00a0\u00bb _builder_version=\u00a0\u00bb4.17.4&Prime; _module_preset=\u00a0\u00bbdefault\u00a0\u00bb background_image=\u00a0\u00bbhttps:\/\/sanremoguide.it\/wp-content\/uploads\/2018\/07\/luca-lombardi-sanremo_bn.jpg\u00a0\u00bb background_enable_image=\u00a0\u00bbon\u00a0\u00bb custom_button=\u00a0\u00bbon\u00a0\u00bb button_bg_color=\u00a0\u00bb#E09900&Prime; button_border_width=\u00a0\u00bb1px\u00a0\u00bb button_border_color=\u00a0\u00bb#FFFFFF\u00a0\u00bb global_colors_info=\u00a0\u00bb{}\u00a0\u00bb sticky_transition=\u00a0\u00bbon\u00a0\u00bb][\/et_pb_slide][\/et_pb_fullwidth_slider][\/et_pb_section]<\/p>\n","protected":false},"excerpt":{"rendered":"<p>Huile d&rsquo;olive Dans les ann\u00e9es 1950, les \u00e9tudes du professeur A. Keys, comparant les habitudes alimentaires des pays m\u00e9diterran\u00e9ens et nord-europ\u00e9ens, avaient d\u00e9j\u00e0 montr\u00e9 que le r\u00e9gime m\u00e9diterran\u00e9en \u00e9tait un syst\u00e8me nutritionnel tr\u00e8s sain. De nos jours, les nutritionnistes et les di\u00e9t\u00e9ticiens affirment la m\u00eame chose \u00e0 la suite de leur enqu\u00eate intitul\u00e9e \u00abSeven Countries [&hellip;]<\/p>\n","protected":false},"author":1,"featured_media":0,"parent":9684,"menu_order":0,"comment_status":"closed","ping_status":"closed","template":"","meta":{"_et_pb_use_builder":"on","_et_pb_old_content":"<b>Huile d'olive<\/b>\r\n\r\n<b>Dans les ann\u00e9es 1950, les \u00e9tudes du professeur A. Keys, comparant les habitudes alimentaires des pays m\u00e9diterran\u00e9ens et nord-europ\u00e9ens, avaient d\u00e9j\u00e0 montr\u00e9 que le r\u00e9gime m\u00e9diterran\u00e9en \u00e9tait un syst\u00e8me nutritionnel tr\u00e8s sain.<\/b>\r\n\r\n<img class=\"aligncenter\" style=\"height: auto; max-width: 100%; display: block; margin-left: auto; margin-right: auto; color: #666666; font-family: 'Open Sans', Arial, sans-serif; font-size: 14px; font-style: normal; font-variant-ligatures: normal; font-variant-caps: normal; font-weight: 500; letter-spacing: normal; orphans: 2; text-align: start; text-indent: 0px; text-transform: none; white-space: normal; widows: 2; word-spacing: 0px; -webkit-text-stroke-width: 0px; background-color: #eeeeee; text-decoration-thickness: initial; text-decoration-style: initial; text-decoration-color: initial;\" src=\"https:\/\/www.sanremoguide.it\/uploads\/gastronomia_raccoltaolive_350x200.jpg\" alt=\"<b>La raccolta delle olive<\/b> - Foto APT RdF\" \/>\r\n\r\n<span style=\"font-weight: 400;\">De nos jours, les nutritionnistes et les di\u00e9t\u00e9ticiens affirment la m\u00eame chose \u00e0 la suite de leur enqu\u00eate intitul\u00e9e \u00abSeven Countries Study\u00bb. Les r\u00e9sultats de cette enqu\u00eate montrent clairement que les personnes vivant le long de la c\u00f4te de la mer M\u00e9diterran\u00e9e sont dans de meilleures conditions de sant\u00e9, avec une r\u00e9f\u00e9rence particuli\u00e8re aux maladies du syst\u00e8me circulatoire telles que la thrombose, les crises cardiaques et le diab\u00e8te. La raison en est que leur r\u00e9gime alimentaire est bas\u00e9 sur le pain, les p\u00e2tes, les fruits, les l\u00e9gumes, le poisson et l\u2019huile d\u2019olive. Les personnes vivant dans le nord de l'Europe sont statistiquement plus touch\u00e9es par les cardiopathies en raison de leur r\u00e9gime alimentaire riche en graisses, telles que le beurre et le saindoux.<\/span>\r\n\r\n<span style=\"font-weight: 400;\">Selon la mythologie grecque, la culture de l'olivier \u00e9tait un cadeau des dieux puisque c'\u00e9tait la d\u00e9esse Minerva qui avait plant\u00e9 les premiers oliviers et avait commenc\u00e9 leur culture et leur utilisation. Laissant de c\u00f4t\u00e9 la mythologie, l\u2019olivier est tr\u00e8s ancien et sa culture s'\u00e9tend dans toute la r\u00e9gion m\u00e9diterran\u00e9enne, en particulier en Gr\u00e8ce, en Italie et en Espagne.<\/span>\r\n\r\n<span style=\"font-weight: 400;\">Depuis l'\u00e9poque romaine, la culture de l'olivier et la production de l'huile d'olive en Ligurie sont devenues l'une des sources de richesse les plus importantes de la r\u00e9gion. Au cours des si\u00e8cles, la demande en huile d'olive a r\u00e9guli\u00e8rement augment\u00e9 et le peuple ligurien a d\u00fb compter sur les capacit\u00e9s des moines b\u00e9n\u00e9dictins qui vivaient \u00e0 Taggia.<\/span>\r\n\r\n<span style=\"font-weight: 400;\">Depuis 1050, les moines b\u00e9n\u00e9dictins organisaient la culture de l'olivier dans les vall\u00e9es de la Ligurie suivant deux itin\u00e9raires: transformer les pentes escarp\u00e9es des collines en terrasses et cr\u00e9er les fameuses olives Taggiasca apr\u00e8s un long travail de s\u00e9lection et de greffe.<\/span>\r\n\r\n<span style=\"font-weight: 400;\">L\u2019olive Taggiasca est en effet la vari\u00e9t\u00e9 la plus r\u00e9pandue dans l\u2019ouest de la Ligurie. Il est \u00e0 la base de la production de la c\u00e9l\u00e8bre huile d\u2019olive extra vierge et est \u00e9galement largement utilis\u00e9 dans les recettes. La fa\u00e7on dont l'huile d'olive est produite aujourd'hui n'a pas beaucoup chang\u00e9 depuis des si\u00e8cles.<\/span>\r\n\r\n<span style=\"font-weight: 400;\">Tout commence par la bacchiatura, qui consiste \u00e0 cueillir les olives \u00e0 la main en utilisant un b\u00e2ton en bois de ch\u00e2taignier pour frapper les branches des oliviers, puis se poursuit avec le pressage des olives. Les quelques innovations ont am\u00e9lior\u00e9 la production mais n'ont pas chang\u00e9 son essence int\u00e9rieure.<\/span>\r\n\r\n<span style=\"font-weight: 400;\">Aujourd'hui, l'huile d'olive est extraite uniquement de la pulpe de l'olive et les noyaux sont \u00e9limin\u00e9s avant le pressage, afin d'obtenir un produit de meilleure qualit\u00e9. Des enqu\u00eates r\u00e9centes ont montr\u00e9 que l'huile d'olive extra vierge est l'un des meilleurs \u00e9l\u00e9ments de l'alimentation humaine. Un de ses nombreux atouts concerne sa teneur en acide ol\u00e9ique et en acide linol\u00e9ique, hautement assimilables et absolument n\u00e9cessaires pour notre organisme.<\/span>\r\n\r\n<span style=\"font-weight: 400;\">Il est maintenant temps de prendre en compte les caract\u00e9ristiques organoleptiques de l'huile d'olive extra vierge de la Riviera des Fleurs, qui est produite \u00e0 partir d'olives Taggiasca. Des r\u00e8gles strictes concernant ce type d'huile d'olive extra vierge attribuent la d\u00e9nomination d'origine \u00abRiviera dei Fiori\u00bb et la certification g\u00e9ographique uniquement \u00e0 l'huile d'olive extra vierge extraite des olives Taggiasca dont la culture dans les oliveraies repr\u00e9sente 90% de la production totale. Cela garantit un produit de haute qualit\u00e9.<\/span>\r\n\r\n<span style=\"font-weight: 400;\">Les examinateurs et les experts affirment que cette huile d\u2019olive est l\u00e9g\u00e8rement fruit\u00e9e et se caract\u00e9rise par un go\u00fbt d\u00e9licat et sucr\u00e9 et une saveur profonde d\u2019olives m\u00fbres. Sa couleur est jaune dor\u00e9, avec des reflets verts et l\u00e9g\u00e8rement nuageux car elle n\u2019est pas filtr\u00e9e. Il se marie tr\u00e8s bien avec les l\u00e9gumes frais et peut \u00eatre ajout\u00e9 \u00e0 de nombreux plats comme touche finale.<\/span>\r\n\r\n\u00a0","_et_gb_content_width":"","footnotes":""},"class_list":["post-9688","page","type-page","status-publish","hentry"],"yoast_head":"<!-- This site is optimized with the Yoast SEO plugin v27.4 - https:\/\/yoast.com\/product\/yoast-seo-wordpress\/ -->\n<title>HUILE D&#039;OLIVE RIVIERA DEI FIORI | GUIDES SANREMO<\/title>\n<meta name=\"description\" content=\"L&#039;huile d&#039;olive extra vierge de la Riviera dei Fiori, produite avec des olives Taggiasche, est une huile douce et fruit\u00e9e au go\u00fbt d\u00e9licat et sucr\u00e9 et \u00e0 l&#039;ar\u00f4me intense.\" \/>\n<meta name=\"robots\" content=\"index, follow, max-snippet:-1, max-image-preview:large, max-video-preview:-1\" \/>\n<link rel=\"canonical\" href=\"https:\/\/sanremoguide.it\/fr\/cuisine-ligure\/huile-dolive\/\" \/>\n<meta property=\"og:locale\" content=\"fr_FR\" \/>\n<meta property=\"og:type\" content=\"article\" \/>\n<meta property=\"og:title\" content=\"HUILE D&#039;OLIVE RIVIERA DEI FIORI | GUIDES SANREMO\" \/>\n<meta property=\"og:description\" content=\"L&#039;huile d&#039;olive extra vierge de la Riviera dei Fiori, produite avec des olives Taggiasche, est une huile douce et fruit\u00e9e au go\u00fbt d\u00e9licat et sucr\u00e9 et \u00e0 l&#039;ar\u00f4me intense.\" \/>\n<meta property=\"og:url\" content=\"https:\/\/sanremoguide.it\/fr\/cuisine-ligure\/huile-dolive\/\" \/>\n<meta property=\"og:site_name\" content=\"SANREMO GUIDE | la guida turistica di Sanremo\" \/>\n<meta property=\"article:modified_time\" content=\"2022-06-17T16:20:10+00:00\" \/>\n<meta property=\"og:image\" content=\"https:\/\/www.sanremoguide.it\/uploads\/gastronomia_raccoltaolive_350x200.jpg\" \/>\n<meta name=\"twitter:label1\" content=\"Dur\u00e9e de lecture estim\u00e9e\" \/>\n\t<meta name=\"twitter:data1\" content=\"5 minutes\" \/>\n<script type=\"application\/ld+json\" class=\"yoast-schema-graph\">{\"@context\":\"https:\\\/\\\/schema.org\",\"@graph\":[{\"@type\":\"WebPage\",\"@id\":\"https:\\\/\\\/sanremoguide.it\\\/fr\\\/cuisine-ligure\\\/huile-dolive\\\/\",\"url\":\"https:\\\/\\\/sanremoguide.it\\\/fr\\\/cuisine-ligure\\\/huile-dolive\\\/\",\"name\":\"HUILE D'OLIVE RIVIERA DEI FIORI | GUIDES SANREMO\",\"isPartOf\":{\"@id\":\"https:\\\/\\\/sanremoguide.it\\\/#website\"},\"primaryImageOfPage\":{\"@id\":\"https:\\\/\\\/sanremoguide.it\\\/fr\\\/cuisine-ligure\\\/huile-dolive\\\/#primaryimage\"},\"image\":{\"@id\":\"https:\\\/\\\/sanremoguide.it\\\/fr\\\/cuisine-ligure\\\/huile-dolive\\\/#primaryimage\"},\"thumbnailUrl\":\"https:\\\/\\\/www.sanremoguide.it\\\/uploads\\\/gastronomia_raccoltaolive_350x200.jpg\",\"datePublished\":\"2022-05-03T12:46:19+00:00\",\"dateModified\":\"2022-06-17T16:20:10+00:00\",\"description\":\"L'huile d'olive extra vierge de la Riviera dei Fiori, produite avec des olives Taggiasche, est une huile douce et fruit\u00e9e au go\u00fbt d\u00e9licat et sucr\u00e9 et \u00e0 l'ar\u00f4me intense.\",\"breadcrumb\":{\"@id\":\"https:\\\/\\\/sanremoguide.it\\\/fr\\\/cuisine-ligure\\\/huile-dolive\\\/#breadcrumb\"},\"inLanguage\":\"fr-FR\",\"potentialAction\":[{\"@type\":\"ReadAction\",\"target\":[\"https:\\\/\\\/sanremoguide.it\\\/fr\\\/cuisine-ligure\\\/huile-dolive\\\/\"]}]},{\"@type\":\"ImageObject\",\"inLanguage\":\"fr-FR\",\"@id\":\"https:\\\/\\\/sanremoguide.it\\\/fr\\\/cuisine-ligure\\\/huile-dolive\\\/#primaryimage\",\"url\":\"https:\\\/\\\/www.sanremoguide.it\\\/uploads\\\/gastronomia_raccoltaolive_350x200.jpg\",\"contentUrl\":\"https:\\\/\\\/www.sanremoguide.it\\\/uploads\\\/gastronomia_raccoltaolive_350x200.jpg\"},{\"@type\":\"BreadcrumbList\",\"@id\":\"https:\\\/\\\/sanremoguide.it\\\/fr\\\/cuisine-ligure\\\/huile-dolive\\\/#breadcrumb\",\"itemListElement\":[{\"@type\":\"ListItem\",\"position\":1,\"name\":\"Home\",\"item\":\"https:\\\/\\\/sanremoguide.it\\\/\"},{\"@type\":\"ListItem\",\"position\":2,\"name\":\"Cuisine ligure\",\"item\":\"https:\\\/\\\/sanremoguide.it\\\/fr\\\/cuisine-ligure\\\/\"},{\"@type\":\"ListItem\",\"position\":3,\"name\":\"Huile d&#8217;olive\"}]},{\"@type\":\"WebSite\",\"@id\":\"https:\\\/\\\/sanremoguide.it\\\/#website\",\"url\":\"https:\\\/\\\/sanremoguide.it\\\/\",\"name\":\"SANREMO GUIDE | la guida turistica di Sanremo\",\"description\":\"la guida turistica della citt\u00e0 di Sanremo\",\"potentialAction\":[{\"@type\":\"SearchAction\",\"target\":{\"@type\":\"EntryPoint\",\"urlTemplate\":\"https:\\\/\\\/sanremoguide.it\\\/?s={search_term_string}\"},\"query-input\":{\"@type\":\"PropertyValueSpecification\",\"valueRequired\":true,\"valueName\":\"search_term_string\"}}],\"inLanguage\":\"fr-FR\"}]}<\/script>\n<!-- \/ Yoast SEO plugin. -->","yoast_head_json":{"title":"HUILE D'OLIVE RIVIERA DEI FIORI | GUIDES SANREMO","description":"L'huile d'olive extra vierge de la Riviera dei Fiori, produite avec des olives Taggiasche, est une huile douce et fruit\u00e9e au go\u00fbt d\u00e9licat et sucr\u00e9 et \u00e0 l'ar\u00f4me intense.","robots":{"index":"index","follow":"follow","max-snippet":"max-snippet:-1","max-image-preview":"max-image-preview:large","max-video-preview":"max-video-preview:-1"},"canonical":"https:\/\/sanremoguide.it\/fr\/cuisine-ligure\/huile-dolive\/","og_locale":"fr_FR","og_type":"article","og_title":"HUILE D'OLIVE RIVIERA DEI FIORI | GUIDES SANREMO","og_description":"L'huile d'olive extra vierge de la Riviera dei Fiori, produite avec des olives Taggiasche, est une huile douce et fruit\u00e9e au go\u00fbt d\u00e9licat et sucr\u00e9 et \u00e0 l'ar\u00f4me intense.","og_url":"https:\/\/sanremoguide.it\/fr\/cuisine-ligure\/huile-dolive\/","og_site_name":"SANREMO GUIDE | la guida turistica di Sanremo","article_modified_time":"2022-06-17T16:20:10+00:00","og_image":[{"url":"https:\/\/www.sanremoguide.it\/uploads\/gastronomia_raccoltaolive_350x200.jpg","type":"","width":"","height":""}],"twitter_misc":{"Dur\u00e9e de lecture estim\u00e9e":"5 minutes"},"schema":{"@context":"https:\/\/schema.org","@graph":[{"@type":"WebPage","@id":"https:\/\/sanremoguide.it\/fr\/cuisine-ligure\/huile-dolive\/","url":"https:\/\/sanremoguide.it\/fr\/cuisine-ligure\/huile-dolive\/","name":"HUILE D'OLIVE RIVIERA DEI FIORI | GUIDES SANREMO","isPartOf":{"@id":"https:\/\/sanremoguide.it\/#website"},"primaryImageOfPage":{"@id":"https:\/\/sanremoguide.it\/fr\/cuisine-ligure\/huile-dolive\/#primaryimage"},"image":{"@id":"https:\/\/sanremoguide.it\/fr\/cuisine-ligure\/huile-dolive\/#primaryimage"},"thumbnailUrl":"https:\/\/www.sanremoguide.it\/uploads\/gastronomia_raccoltaolive_350x200.jpg","datePublished":"2022-05-03T12:46:19+00:00","dateModified":"2022-06-17T16:20:10+00:00","description":"L'huile d'olive extra vierge de la Riviera dei Fiori, produite avec des olives Taggiasche, est une huile douce et fruit\u00e9e au go\u00fbt d\u00e9licat et sucr\u00e9 et \u00e0 l'ar\u00f4me intense.","breadcrumb":{"@id":"https:\/\/sanremoguide.it\/fr\/cuisine-ligure\/huile-dolive\/#breadcrumb"},"inLanguage":"fr-FR","potentialAction":[{"@type":"ReadAction","target":["https:\/\/sanremoguide.it\/fr\/cuisine-ligure\/huile-dolive\/"]}]},{"@type":"ImageObject","inLanguage":"fr-FR","@id":"https:\/\/sanremoguide.it\/fr\/cuisine-ligure\/huile-dolive\/#primaryimage","url":"https:\/\/www.sanremoguide.it\/uploads\/gastronomia_raccoltaolive_350x200.jpg","contentUrl":"https:\/\/www.sanremoguide.it\/uploads\/gastronomia_raccoltaolive_350x200.jpg"},{"@type":"BreadcrumbList","@id":"https:\/\/sanremoguide.it\/fr\/cuisine-ligure\/huile-dolive\/#breadcrumb","itemListElement":[{"@type":"ListItem","position":1,"name":"Home","item":"https:\/\/sanremoguide.it\/"},{"@type":"ListItem","position":2,"name":"Cuisine ligure","item":"https:\/\/sanremoguide.it\/fr\/cuisine-ligure\/"},{"@type":"ListItem","position":3,"name":"Huile d&#8217;olive"}]},{"@type":"WebSite","@id":"https:\/\/sanremoguide.it\/#website","url":"https:\/\/sanremoguide.it\/","name":"SANREMO GUIDE | la guida turistica di Sanremo","description":"la guida turistica della citt\u00e0 di Sanremo","potentialAction":[{"@type":"SearchAction","target":{"@type":"EntryPoint","urlTemplate":"https:\/\/sanremoguide.it\/?s={search_term_string}"},"query-input":{"@type":"PropertyValueSpecification","valueRequired":true,"valueName":"search_term_string"}}],"inLanguage":"fr-FR"}]}},"_links":{"self":[{"href":"https:\/\/sanremoguide.it\/fr\/wp-json\/wp\/v2\/pages\/9688","targetHints":{"allow":["GET"]}}],"collection":[{"href":"https:\/\/sanremoguide.it\/fr\/wp-json\/wp\/v2\/pages"}],"about":[{"href":"https:\/\/sanremoguide.it\/fr\/wp-json\/wp\/v2\/types\/page"}],"author":[{"embeddable":true,"href":"https:\/\/sanremoguide.it\/fr\/wp-json\/wp\/v2\/users\/1"}],"replies":[{"embeddable":true,"href":"https:\/\/sanremoguide.it\/fr\/wp-json\/wp\/v2\/comments?post=9688"}],"version-history":[{"count":3,"href":"https:\/\/sanremoguide.it\/fr\/wp-json\/wp\/v2\/pages\/9688\/revisions"}],"predecessor-version":[{"id":13127,"href":"https:\/\/sanremoguide.it\/fr\/wp-json\/wp\/v2\/pages\/9688\/revisions\/13127"}],"up":[{"embeddable":true,"href":"https:\/\/sanremoguide.it\/fr\/wp-json\/wp\/v2\/pages\/9684"}],"wp:attachment":[{"href":"https:\/\/sanremoguide.it\/fr\/wp-json\/wp\/v2\/media?parent=9688"}],"curies":[{"name":"wp","href":"https:\/\/api.w.org\/{rel}","templated":true}]}}